{"id":9557,"date":"2011-11-23T01:30:01","date_gmt":"2011-11-23T03:30:01","guid":{"rendered":"http:\/\/www.padreydecano.com\/cms\/?page_id=9557"},"modified":"2020-10-29T21:04:11","modified_gmt":"2020-10-30T00:04:11","slug":"abandono-clasico-por-gripe-en-1918","status":"publish","type":"page","link":"https:\/\/www.padreydecano.com\/cms\/historias-clasicas\/abandono-clasico-por-gripe-en-1918\/","title":{"rendered":"Abandono cl\u00e1sico por gripe en 1918"},"content":{"rendered":"<p><img loading=\"lazy\" decoding=\"async\" class=\"aligncenter size-full wp-image-74616\" src=\"https:\/\/www.padreydecano.com\/cms\/wp-content\/uploads\/2020\/10\/IMG-20200206-WA0053.jpg\" alt=\"\" width=\"1600\" height=\"1200\" srcset=\"https:\/\/www.padreydecano.com\/cms\/wp-content\/uploads\/2020\/10\/IMG-20200206-WA0053.jpg 1600w, https:\/\/www.padreydecano.com\/cms\/wp-content\/uploads\/2020\/10\/IMG-20200206-WA0053-600x450.jpg 600w, https:\/\/www.padreydecano.com\/cms\/wp-content\/uploads\/2020\/10\/IMG-20200206-WA0053-768x576.jpg 768w, https:\/\/www.padreydecano.com\/cms\/wp-content\/uploads\/2020\/10\/IMG-20200206-WA0053-1024x768.jpg 1024w\" sizes=\"(max-width: 1600px) 100vw, 1600px\" \/><\/p>\n<p style=\"text-align: justify;\"><strong>El 1\u00ba de noviembre de 1918, las tradicionales camisetas de nuestro pa\u00eds deb\u00edan verse las caras para definir la serie local de la Copa de Honor. Sin embargo, un partido que deber\u00eda haber sido una fiesta del deporte nacional, se terminar\u00eda transformando en una deshonra imposible de limpiar para uno de los equipos. <\/strong><\/p>\n<p style=\"text-align: justify;\">En esos d\u00edas, Montevideo fue asolada por una epidemia de gripe. L\u00f3gicamente, la misma no hacia distinciones de ning\u00fan tipo y afectaba (o mejor dicho, pod\u00eda afectar) a todos por igual, tanto jugadores de Pe\u00f1arol como de Nacional. Dos d\u00edas antes se inform\u00f3 que: <em><strong>\u201clos dos planteles est\u00e1n diezmados por la enfermedad de moda\u201d<\/strong> <\/em>(Diario El Pa\u00eds, edici\u00f3n 30 de octubre de 1918), pero a nadie se le pasaba por la cabeza que la final del torneo en disputa se pudiera suspender, as\u00ed lo dejaba en claro el mismo diario al afirmar que <em><strong>\u201cno obstante, el partido en cuesti\u00f3n ser\u00e1 el asunto preferido de la \u201chinchada\u201d durante la semana\u201d. <\/strong><\/em><\/p>\n<div id=\"attachment_9724\" style=\"width: 616px\" class=\"wp-caption aligncenter\"><a href=\"https:\/\/www.padreydecano.com\/cms\/wp-content\/uploads\/2011\/11\/1918.jpg\" rel=\"shadowbox[sbpost-9557];player=img;\"><img loading=\"lazy\" decoding=\"async\" aria-describedby=\"caption-attachment-9724\" class=\"size-full wp-image-9724 \" src=\"https:\/\/www.padreydecano.com\/cms\/wp-content\/uploads\/2011\/11\/1918.jpg\" alt=\"\" width=\"606\" height=\"389\" srcset=\"https:\/\/www.padreydecano.com\/cms\/wp-content\/uploads\/2011\/11\/1918.jpg 975w, https:\/\/www.padreydecano.com\/cms\/wp-content\/uploads\/2011\/11\/1918-300x192.jpg 300w\" sizes=\"(max-width: 606px) 100vw, 606px\" \/><\/a><p id=\"caption-attachment-9724\" class=\"wp-caption-text\">Plantel de 1918 Campe\u00f3n Uruguayo y de la Copa de Honor. P. Ruota, J. Benincasa, R. Chery, E. Raffo, J. Pacheco, J. Delgado, J. Perez, A. Artigas, G. Ferrero, I. Grad\u00edn y A. Campolo.<\/p><\/div>\n<p style=\"text-align: justify;\">Menos fuerza a\u00fan pod\u00eda tomar la idea de que el partido fuera suspendido, si tenemos en cuenta que apenas tres d\u00edas antes, el 27 de octubre, Nacional hab\u00eda enfrentado al Dubl\u00edn por la Copa Uruguaya, en partido que ganar\u00eda de forma contundente 3-1. Sin embargo, el panorama estaba a punto de cambiar rotundamente. Al d\u00eda siguiente, <strong>Nacional comunic\u00f3 que no se presentar\u00eda a jugar el partido, alegando que la epidemia de gripe hab\u00eda atacado a todos sus jugadores.<\/strong> Pocos creyeron realmente que ese fuera el motivo valedero.<\/p>\n<p style=\"text-align: justify;\">El Pa\u00eds ironizaba en su edici\u00f3n del 31 de octubre de 1918:<em><strong> \u00abPor lo visto la \u201cgripe\u201d es un gran enemigo de Nacional. Primero, algunos jugadores, despu\u00e9s otros, m\u00e1s tarde los hinchas y por \u00faltimo el resto de los jugadores y hasta el presidente y el mismo delegado, se\u00f1or Rodolfo E. Berm\u00fadez han sido atacados por la molestia dolencia. A todos les deseamos una pronta y franca mejor\u00eda\u00bb.<\/strong><\/em><\/p>\n<p style=\"text-align: justify;\">El p\u00fablico deportivo de nuestro pa\u00eds no aceptar\u00eda la tibia defensa esgrimida por Nacional para abandonar la lucha en un partido definitorio ya fijado, para el cual no solo se conoc\u00eda el campo de juego (deber\u00eda jugarse en el Parque Pereyra), sino tambi\u00e9n los \u00e1rbitros de la justa, liderados por \u00c1ngel Miloni, y hasta los precios de las entradas para presenciar el encuentro. La opini\u00f3n p\u00fablica fue realmente dura con los tricolores, de quienes se esperaba que recapacitaran y comprendieran que el camino tomado no era el correcto; pero nada cambi\u00f3.<\/p>\n<p style=\"text-align: justify;\">El 1\u00ba de noviembre, a la hora fijada, Pe\u00f1arol se present\u00f3 en la cancha con el plantel disponible, en el que hab\u00eda, por lo dicho, numerosos suplentes. El club Decano no utiliz\u00f3 esto como un argumento para justificar el abandono, sino que apost\u00f3 por formar un once con los jugadores disponibles y presentarlo en el campo de juego. Nacional, por su parte, no apareci\u00f3. \u201cEn consecuencia se llen\u00f3 y firm\u00f3 el formulario y cada uno a su casa\u201d. (Diario El Pa\u00eds, edici\u00f3n 2 de noviembre de 1918).<\/p>\n<p><img loading=\"lazy\" decoding=\"async\" class=\"aligncenter size-full wp-image-74618\" src=\"https:\/\/www.padreydecano.com\/cms\/wp-content\/uploads\/2020\/10\/1918.jpg\" alt=\"\" width=\"1200\" height=\"1600\" srcset=\"https:\/\/www.padreydecano.com\/cms\/wp-content\/uploads\/2020\/10\/1918.jpg 1200w, https:\/\/www.padreydecano.com\/cms\/wp-content\/uploads\/2020\/10\/1918-450x600.jpg 450w, https:\/\/www.padreydecano.com\/cms\/wp-content\/uploads\/2020\/10\/1918-768x1024.jpg 768w\" sizes=\"(max-width: 1200px) 100vw, 1200px\" \/><\/p>\n<p style=\"text-align: justify;\">No existen registros fotogr\u00e1ficos de la \u00e9poca, pero las cr\u00f3nicas detallan un momento sublime para el imaginario colectivo uruguayo: el capit\u00e1n de Pe\u00f1arol teniendo que llenar el formulario con su equipo, en un partido que nunca jug\u00f3, por abandono del tradicional rival. Lamentablemente, no fue el primero ni el \u00faltimo de los abandonos cl\u00e1sicos que debi\u00f3 sufrir el p\u00fablico local. Todos por responsabilidad de la misma instituci\u00f3n, pionera en fugas. En otros casos, al menos se pudo disfrutar una parte del espect\u00e1culo. En este, como dir\u00eda El Pa\u00eds: <em><strong>\u00abde Nacional ni noticias\u00bb.<\/strong><\/em><\/p>\n<p><img loading=\"lazy\" decoding=\"async\" class=\"aligncenter size-full wp-image-74617\" src=\"https:\/\/www.padreydecano.com\/cms\/wp-content\/uploads\/2020\/10\/1918-2.jpg\" alt=\"\" width=\"1200\" height=\"1600\" srcset=\"https:\/\/www.padreydecano.com\/cms\/wp-content\/uploads\/2020\/10\/1918-2.jpg 1200w, https:\/\/www.padreydecano.com\/cms\/wp-content\/uploads\/2020\/10\/1918-2-450x600.jpg 450w, https:\/\/www.padreydecano.com\/cms\/wp-content\/uploads\/2020\/10\/1918-2-768x1024.jpg 768w\" sizes=\"(max-width: 1200px) 100vw, 1200px\" \/><\/p>\n<p style=\"text-align: justify;\">Ser\u00eda uno de los cuatro cl\u00e1sicos que, a lo largo de m\u00e1s de un siglo, se ganar\u00edan por walk-over. Cl\u00e1sico y campeonato en esa ocasi\u00f3n. <strong>De la forma m\u00e1s curiosa de ganar, de la forma m\u00e1s indigna de perder.<\/strong><\/p>\n","protected":false},"excerpt":{"rendered":"<p>El 1\u00ba de noviembre de 1918, las tradicionales camisetas de nuestro pa\u00eds deb\u00edan verse las caras para definir la serie local de la Copa de Honor. Sin embargo, un partido que deber\u00eda haber sido una fiesta del deporte nacional, se terminar\u00eda transformando en una deshonra imposible de limpiar para uno de los equipos. En esos [&hellip;]<\/p>\n","protected":false},"author":2,"featured_media":9724,"parent":5170,"menu_order":6,"comment_status":"open","ping_status":"open","template":"","meta":{"footnotes":""},"yoast_head":"<!-- This site is optimized with the Yoast SEO plugin v23.2 - https:\/\/yoast.com\/wordpress\/plugins\/seo\/ -->\n<title>Abandono cl\u00e1sico por gripe en 1918 - Padre y Decano - El Sitio del Pueblo<\/title>\n<meta name=\"robots\" content=\"index, follow, max-snippet:-1, max-image-preview:large, max-video-preview:-1\" \/>\n<link rel=\"canonical\" href=\"https:\/\/www.padreydecano.com\/cms\/historias-clasicas\/abandono-clasico-por-gripe-en-1918\/\" \/>\n<meta property=\"og:locale\" content=\"es_ES\" \/>\n<meta property=\"og:type\" content=\"article\" \/>\n<meta property=\"og:title\" content=\"Abandono cl\u00e1sico por gripe en 1918 - Padre y Decano - El Sitio del Pueblo\" \/>\n<meta property=\"og:description\" content=\"El 1\u00ba de noviembre de 1918, las tradicionales camisetas de nuestro pa\u00eds deb\u00edan verse las caras para definir la serie local de la Copa de Honor. Sin embargo, un partido que deber\u00eda haber sido una fiesta del deporte nacional, se terminar\u00eda transformando en una deshonra imposible de limpiar para uno de los equipos. En esos [&hellip;]\" \/>\n<meta property=\"og:url\" content=\"https:\/\/www.padreydecano.com\/cms\/historias-clasicas\/abandono-clasico-por-gripe-en-1918\/\" \/>\n<meta property=\"og:site_name\" content=\"Padre y Decano - El Sitio del Pueblo\" \/>\n<meta property=\"article:modified_time\" content=\"2020-10-30T00:04:11+00:00\" \/>\n<meta property=\"og:image\" content=\"https:\/\/www.padreydecano.com\/cms\/wp-content\/uploads\/2011\/11\/1918.jpg\" \/>\n\t<meta property=\"og:image:width\" content=\"975\" \/>\n\t<meta property=\"og:image:height\" content=\"625\" \/>\n\t<meta property=\"og:image:type\" content=\"image\/jpeg\" \/>\n<meta name=\"twitter:card\" content=\"summary_large_image\" \/>\n<meta name=\"twitter:label1\" content=\"Tiempo de lectura\" \/>\n\t<meta name=\"twitter:data1\" content=\"4 minutos\" \/>\n<script type=\"application\/ld+json\" class=\"yoast-schema-graph\">{\"@context\":\"https:\/\/schema.org\",\"@graph\":[{\"@type\":\"WebPage\",\"@id\":\"https:\/\/www.padreydecano.com\/cms\/historias-clasicas\/abandono-clasico-por-gripe-en-1918\/\",\"url\":\"https:\/\/www.padreydecano.com\/cms\/historias-clasicas\/abandono-clasico-por-gripe-en-1918\/\",\"name\":\"Abandono cl\u00e1sico por gripe en 1918 - Padre y Decano - El Sitio del Pueblo\",\"isPartOf\":{\"@id\":\"https:\/\/www.padreydecano.com\/cms\/#website\"},\"primaryImageOfPage\":{\"@id\":\"https:\/\/www.padreydecano.com\/cms\/historias-clasicas\/abandono-clasico-por-gripe-en-1918\/#primaryimage\"},\"image\":{\"@id\":\"https:\/\/www.padreydecano.com\/cms\/historias-clasicas\/abandono-clasico-por-gripe-en-1918\/#primaryimage\"},\"thumbnailUrl\":\"https:\/\/www.padreydecano.com\/cms\/wp-content\/uploads\/2011\/11\/1918.jpg\",\"datePublished\":\"2011-11-23T03:30:01+00:00\",\"dateModified\":\"2020-10-30T00:04:11+00:00\",\"breadcrumb\":{\"@id\":\"https:\/\/www.padreydecano.com\/cms\/historias-clasicas\/abandono-clasico-por-gripe-en-1918\/#breadcrumb\"},\"inLanguage\":\"es\",\"potentialAction\":[{\"@type\":\"ReadAction\",\"target\":[\"https:\/\/www.padreydecano.com\/cms\/historias-clasicas\/abandono-clasico-por-gripe-en-1918\/\"]}]},{\"@type\":\"ImageObject\",\"inLanguage\":\"es\",\"@id\":\"https:\/\/www.padreydecano.com\/cms\/historias-clasicas\/abandono-clasico-por-gripe-en-1918\/#primaryimage\",\"url\":\"https:\/\/www.padreydecano.com\/cms\/wp-content\/uploads\/2011\/11\/1918.jpg\",\"contentUrl\":\"https:\/\/www.padreydecano.com\/cms\/wp-content\/uploads\/2011\/11\/1918.jpg\",\"width\":\"975\",\"height\":\"625\",\"caption\":\"Poner plantel de 1918\"},{\"@type\":\"BreadcrumbList\",\"@id\":\"https:\/\/www.padreydecano.com\/cms\/historias-clasicas\/abandono-clasico-por-gripe-en-1918\/#breadcrumb\",\"itemListElement\":[{\"@type\":\"ListItem\",\"position\":1,\"name\":\"Portada\",\"item\":\"https:\/\/www.padreydecano.com\/cms\/\"},{\"@type\":\"ListItem\",\"position\":2,\"name\":\"Historias Cl\u00e1sicas\",\"item\":\"https:\/\/www.padreydecano.com\/cms\/historias-clasicas\/\"},{\"@type\":\"ListItem\",\"position\":3,\"name\":\"Abandono cl\u00e1sico por gripe en 1918\"}]},{\"@type\":\"WebSite\",\"@id\":\"https:\/\/www.padreydecano.com\/cms\/#website\",\"url\":\"https:\/\/www.padreydecano.com\/cms\/\",\"name\":\"Padre y Decano - El Sitio del Pueblo\",\"description\":\"Club Atl\u00e9tico Pe\u00f1arol\",\"publisher\":{\"@id\":\"https:\/\/www.padreydecano.com\/cms\/#organization\"},\"potentialAction\":[{\"@type\":\"SearchAction\",\"target\":{\"@type\":\"EntryPoint\",\"urlTemplate\":\"https:\/\/www.padreydecano.com\/cms\/?s={search_term_string}\"},\"query-input\":\"required name=search_term_string\"}],\"inLanguage\":\"es\"},{\"@type\":\"Organization\",\"@id\":\"https:\/\/www.padreydecano.com\/cms\/#organization\",\"name\":\"Padre y Decano\",\"url\":\"https:\/\/www.padreydecano.com\/cms\/\",\"logo\":{\"@type\":\"ImageObject\",\"inLanguage\":\"es\",\"@id\":\"https:\/\/www.padreydecano.com\/cms\/#\/schema\/logo\/image\/\",\"url\":\"https:\/\/www.padreydecano.com\/cms\/wp-content\/uploads\/2022\/01\/avatar-square.png\",\"contentUrl\":\"https:\/\/www.padreydecano.com\/cms\/wp-content\/uploads\/2022\/01\/avatar-square.png\",\"width\":1500,\"height\":1500,\"caption\":\"Padre y Decano\"},\"image\":{\"@id\":\"https:\/\/www.padreydecano.com\/cms\/#\/schema\/logo\/image\/\"}}]}<\/script>\n<!-- \/ Yoast SEO plugin. -->","yoast_head_json":{"title":"Abandono cl\u00e1sico por gripe en 1918 - Padre y Decano - El Sitio del Pueblo","robots":{"index":"index","follow":"follow","max-snippet":"max-snippet:-1","max-image-preview":"max-image-preview:large","max-video-preview":"max-video-preview:-1"},"canonical":"https:\/\/www.padreydecano.com\/cms\/historias-clasicas\/abandono-clasico-por-gripe-en-1918\/","og_locale":"es_ES","og_type":"article","og_title":"Abandono cl\u00e1sico por gripe en 1918 - Padre y Decano - El Sitio del Pueblo","og_description":"El 1\u00ba de noviembre de 1918, las tradicionales camisetas de nuestro pa\u00eds deb\u00edan verse las caras para definir la serie local de la Copa de Honor. Sin embargo, un partido que deber\u00eda haber sido una fiesta del deporte nacional, se terminar\u00eda transformando en una deshonra imposible de limpiar para uno de los equipos. En esos [&hellip;]","og_url":"https:\/\/www.padreydecano.com\/cms\/historias-clasicas\/abandono-clasico-por-gripe-en-1918\/","og_site_name":"Padre y Decano - El Sitio del Pueblo","article_modified_time":"2020-10-30T00:04:11+00:00","og_image":[{"width":975,"height":625,"url":"https:\/\/www.padreydecano.com\/cms\/wp-content\/uploads\/2011\/11\/1918.jpg","type":"image\/jpeg"}],"twitter_card":"summary_large_image","twitter_misc":{"Tiempo de lectura":"4 minutos"},"schema":{"@context":"https:\/\/schema.org","@graph":[{"@type":"WebPage","@id":"https:\/\/www.padreydecano.com\/cms\/historias-clasicas\/abandono-clasico-por-gripe-en-1918\/","url":"https:\/\/www.padreydecano.com\/cms\/historias-clasicas\/abandono-clasico-por-gripe-en-1918\/","name":"Abandono cl\u00e1sico por gripe en 1918 - Padre y Decano - El Sitio del Pueblo","isPartOf":{"@id":"https:\/\/www.padreydecano.com\/cms\/#website"},"primaryImageOfPage":{"@id":"https:\/\/www.padreydecano.com\/cms\/historias-clasicas\/abandono-clasico-por-gripe-en-1918\/#primaryimage"},"image":{"@id":"https:\/\/www.padreydecano.com\/cms\/historias-clasicas\/abandono-clasico-por-gripe-en-1918\/#primaryimage"},"thumbnailUrl":"https:\/\/www.padreydecano.com\/cms\/wp-content\/uploads\/2011\/11\/1918.jpg","datePublished":"2011-11-23T03:30:01+00:00","dateModified":"2020-10-30T00:04:11+00:00","breadcrumb":{"@id":"https:\/\/www.padreydecano.com\/cms\/historias-clasicas\/abandono-clasico-por-gripe-en-1918\/#breadcrumb"},"inLanguage":"es","potentialAction":[{"@type":"ReadAction","target":["https:\/\/www.padreydecano.com\/cms\/historias-clasicas\/abandono-clasico-por-gripe-en-1918\/"]}]},{"@type":"ImageObject","inLanguage":"es","@id":"https:\/\/www.padreydecano.com\/cms\/historias-clasicas\/abandono-clasico-por-gripe-en-1918\/#primaryimage","url":"https:\/\/www.padreydecano.com\/cms\/wp-content\/uploads\/2011\/11\/1918.jpg","contentUrl":"https:\/\/www.padreydecano.com\/cms\/wp-content\/uploads\/2011\/11\/1918.jpg","width":"975","height":"625","caption":"Poner plantel de 1918"},{"@type":"BreadcrumbList","@id":"https:\/\/www.padreydecano.com\/cms\/historias-clasicas\/abandono-clasico-por-gripe-en-1918\/#breadcrumb","itemListElement":[{"@type":"ListItem","position":1,"name":"Portada","item":"https:\/\/www.padreydecano.com\/cms\/"},{"@type":"ListItem","position":2,"name":"Historias Cl\u00e1sicas","item":"https:\/\/www.padreydecano.com\/cms\/historias-clasicas\/"},{"@type":"ListItem","position":3,"name":"Abandono cl\u00e1sico por gripe en 1918"}]},{"@type":"WebSite","@id":"https:\/\/www.padreydecano.com\/cms\/#website","url":"https:\/\/www.padreydecano.com\/cms\/","name":"Padre y Decano - El Sitio del Pueblo","description":"Club Atl\u00e9tico Pe\u00f1arol","publisher":{"@id":"https:\/\/www.padreydecano.com\/cms\/#organization"},"potentialAction":[{"@type":"SearchAction","target":{"@type":"EntryPoint","urlTemplate":"https:\/\/www.padreydecano.com\/cms\/?s={search_term_string}"},"query-input":"required name=search_term_string"}],"inLanguage":"es"},{"@type":"Organization","@id":"https:\/\/www.padreydecano.com\/cms\/#organization","name":"Padre y Decano","url":"https:\/\/www.padreydecano.com\/cms\/","logo":{"@type":"ImageObject","inLanguage":"es","@id":"https:\/\/www.padreydecano.com\/cms\/#\/schema\/logo\/image\/","url":"https:\/\/www.padreydecano.com\/cms\/wp-content\/uploads\/2022\/01\/avatar-square.png","contentUrl":"https:\/\/www.padreydecano.com\/cms\/wp-content\/uploads\/2022\/01\/avatar-square.png","width":1500,"height":1500,"caption":"Padre y Decano"},"image":{"@id":"https:\/\/www.padreydecano.com\/cms\/#\/schema\/logo\/image\/"}}]}},"_links":{"self":[{"href":"https:\/\/www.padreydecano.com\/cms\/wp-json\/wp\/v2\/pages\/9557"}],"collection":[{"href":"https:\/\/www.padreydecano.com\/cms\/wp-json\/wp\/v2\/pages"}],"about":[{"href":"https:\/\/www.padreydecano.com\/cms\/wp-json\/wp\/v2\/types\/page"}],"author":[{"embeddable":true,"href":"https:\/\/www.padreydecano.com\/cms\/wp-json\/wp\/v2\/users\/2"}],"replies":[{"embeddable":true,"href":"https:\/\/www.padreydecano.com\/cms\/wp-json\/wp\/v2\/comments?post=9557"}],"version-history":[{"count":0,"href":"https:\/\/www.padreydecano.com\/cms\/wp-json\/wp\/v2\/pages\/9557\/revisions"}],"up":[{"embeddable":true,"href":"https:\/\/www.padreydecano.com\/cms\/wp-json\/wp\/v2\/pages\/5170"}],"wp:featuredmedia":[{"embeddable":true,"href":"https:\/\/www.padreydecano.com\/cms\/wp-json\/wp\/v2\/media\/9724"}],"wp:attachment":[{"href":"https:\/\/www.padreydecano.com\/cms\/wp-json\/wp\/v2\/media?parent=9557"}],"curies":[{"name":"wp","href":"https:\/\/api.w.org\/{rel}","templated":true}]}}