{"id":776,"date":"2011-08-10T18:56:23","date_gmt":"2011-08-10T18:56:23","guid":{"rendered":"http:\/\/www.padreydecano.com\/cms\/?page_id=776"},"modified":"2022-01-05T15:42:10","modified_gmt":"2022-01-05T18:42:10","slug":"acerca-de-padre-y-decano","status":"publish","type":"page","link":"https:\/\/www.padreydecano.com\/cms\/acerca-de-padre-y-decano\/","title":{"rendered":"Acerca de Padre y Decano"},"content":{"rendered":"<p style=\"text-align: justify;\">\n<p style=\"text-align: justify;\"><strong><span style=\"color: #ffcc00;\">Padre y Decano<\/span><\/strong>\u00a0naci\u00f3 de un grupo de amigos y socios de Pe\u00f1arol que\u00a0sent\u00edan que pod\u00edan contribuir con el club y su gente a trav\u00e9s de un sitio web carbonero. La idea es tener un espacio para informar sobre Pe\u00f1arol a nuestro estilo, con nuestra manera de ver los temas, y adem\u00e1s construir un lugar donde los hinchas puedan debatir y opinar libremente.<\/p>\n<p style=\"text-align: justify;\">El sitio no busca competir con nadie. Solamente esperamos poder sumar a la informaci\u00f3n de gran calidad que dan todas las p\u00e1ginas aurinegras.<\/p>\n<p style=\"text-align: justify;\"><strong><span style=\"color: #ffcc00;\">padreydecano.com<\/span> es una web apol\u00edtica y esto no cambiar\u00e1<\/strong> si alg\u00fan integrante del staff decide meterse en el mundo de la pol\u00edtica.<\/p>\n<p style=\"text-align: justify;\">La f\u00f3rmula de la web es simple: <strong>de hinchas de Pe\u00f1arol, para hinchas de Pe\u00f1arol.<\/strong> Todos los comentarios, sugerencias y cr\u00edticas constructivas de nuestros lectores nos ayudan a mejorar d\u00eda a d\u00eda, para poder ofrecer un contenido de calidad. Todos somos El Sitio del Pueblo.<\/p>\n<p style=\"text-align: justify;\">Esperemos que\u00a0disfruten del sitio, tanto como nosotros lo disfrutamos haci\u00e9ndolo.<\/p>\n<p style=\"text-align: left;\"><strong>\u00a1Muchas gracias!<\/strong><\/p>\n<p>&nbsp;<\/p>\n<p style=\"text-align: right;\"><strong>Staff de Padre y Decano<\/strong><a href=\"http:\/\/www.padreydecano.com\/\" target=\"_blank\" rel=\"noopener\"><br \/>\nwww.padreydecano.com<br \/>\n<\/a><a href=\"mailto:contacto@padreydecano.com\" target=\"_blank\" rel=\"noopener\">contacto@padreydecano.com<\/a><\/p>\n","protected":false},"excerpt":{"rendered":"<p>Padre y Decano\u00a0naci\u00f3 de un grupo de amigos y socios de Pe\u00f1arol que\u00a0sent\u00edan que pod\u00edan contribuir con el club y su gente a trav\u00e9s de un sitio web carbonero. La idea es tener un espacio para informar sobre Pe\u00f1arol a nuestro estilo, con nuestra manera de ver los temas, y adem\u00e1s construir un lugar donde [&hellip;]<\/p>\n","protected":false},"author":1,"featured_media":0,"parent":0,"menu_order":72,"comment_status":"closed","ping_status":"closed","template":"page-template-full-width.php","meta":{"footnotes":""},"yoast_head":"<!-- This site is optimized with the Yoast SEO plugin v23.2 - https:\/\/yoast.com\/wordpress\/plugins\/seo\/ -->\n<title>Acerca de Padre y Decano - Padre y Decano - El Sitio del Pueblo<\/title>\n<meta name=\"robots\" content=\"index, follow, max-snippet:-1, max-image-preview:large, max-video-preview:-1\" \/>\n<link rel=\"canonical\" href=\"https:\/\/www.padreydecano.com\/cms\/acerca-de-padre-y-decano\/\" \/>\n<meta property=\"og:locale\" content=\"es_ES\" \/>\n<meta property=\"og:type\" content=\"article\" \/>\n<meta property=\"og:title\" content=\"Acerca de Padre y Decano - Padre y Decano - El Sitio del Pueblo\" \/>\n<meta property=\"og:description\" content=\"Padre y Decano\u00a0naci\u00f3 de un grupo de amigos y socios de Pe\u00f1arol que\u00a0sent\u00edan que pod\u00edan contribuir con el club y su gente a trav\u00e9s de un sitio web carbonero. La idea es tener un espacio para informar sobre Pe\u00f1arol a nuestro estilo, con nuestra manera de ver los temas, y adem\u00e1s construir un lugar donde [&hellip;]\" \/>\n<meta property=\"og:url\" content=\"https:\/\/www.padreydecano.com\/cms\/acerca-de-padre-y-decano\/\" \/>\n<meta property=\"og:site_name\" content=\"Padre y Decano - El Sitio del Pueblo\" \/>\n<meta property=\"article:modified_time\" content=\"2022-01-05T18:42:10+00:00\" \/>\n<meta property=\"og:image\" content=\"https:\/\/www.padreydecano.com\/cms\/wp-content\/uploads\/2022\/01\/10-anos-post.jpg\" \/>\n\t<meta property=\"og:image:width\" content=\"1200\" \/>\n\t<meta property=\"og:image:height\" content=\"912\" \/>\n\t<meta property=\"og:image:type\" content=\"image\/jpeg\" \/>\n<meta name=\"twitter:card\" content=\"summary_large_image\" \/>\n<meta name=\"twitter:label1\" content=\"Tiempo de lectura\" \/>\n\t<meta name=\"twitter:data1\" content=\"1 minuto\" \/>\n<script type=\"application\/ld+json\" class=\"yoast-schema-graph\">{\"@context\":\"https:\/\/schema.org\",\"@graph\":[{\"@type\":\"WebPage\",\"@id\":\"https:\/\/www.padreydecano.com\/cms\/acerca-de-padre-y-decano\/\",\"url\":\"https:\/\/www.padreydecano.com\/cms\/acerca-de-padre-y-decano\/\",\"name\":\"Acerca de Padre y Decano - Padre y Decano - El Sitio del Pueblo\",\"isPartOf\":{\"@id\":\"https:\/\/www.padreydecano.com\/cms\/#website\"},\"datePublished\":\"2011-08-10T18:56:23+00:00\",\"dateModified\":\"2022-01-05T18:42:10+00:00\",\"breadcrumb\":{\"@id\":\"https:\/\/www.padreydecano.com\/cms\/acerca-de-padre-y-decano\/#breadcrumb\"},\"inLanguage\":\"es\",\"potentialAction\":[{\"@type\":\"ReadAction\",\"target\":[\"https:\/\/www.padreydecano.com\/cms\/acerca-de-padre-y-decano\/\"]}]},{\"@type\":\"BreadcrumbList\",\"@id\":\"https:\/\/www.padreydecano.com\/cms\/acerca-de-padre-y-decano\/#breadcrumb\",\"itemListElement\":[{\"@type\":\"ListItem\",\"position\":1,\"name\":\"Portada\",\"item\":\"https:\/\/www.padreydecano.com\/cms\/\"},{\"@type\":\"ListItem\",\"position\":2,\"name\":\"Acerca de Padre y Decano\"}]},{\"@type\":\"WebSite\",\"@id\":\"https:\/\/www.padreydecano.com\/cms\/#website\",\"url\":\"https:\/\/www.padreydecano.com\/cms\/\",\"name\":\"Padre y Decano - El Sitio del Pueblo\",\"description\":\"Club Atl\u00e9tico Pe\u00f1arol\",\"publisher\":{\"@id\":\"https:\/\/www.padreydecano.com\/cms\/#organization\"},\"potentialAction\":[{\"@type\":\"SearchAction\",\"target\":{\"@type\":\"EntryPoint\",\"urlTemplate\":\"https:\/\/www.padreydecano.com\/cms\/?s={search_term_string}\"},\"query-input\":\"required name=search_term_string\"}],\"inLanguage\":\"es\"},{\"@type\":\"Organization\",\"@id\":\"https:\/\/www.padreydecano.com\/cms\/#organization\",\"name\":\"Padre y Decano\",\"url\":\"https:\/\/www.padreydecano.com\/cms\/\",\"logo\":{\"@type\":\"ImageObject\",\"inLanguage\":\"es\",\"@id\":\"https:\/\/www.padreydecano.com\/cms\/#\/schema\/logo\/image\/\",\"url\":\"https:\/\/www.padreydecano.com\/cms\/wp-content\/uploads\/2022\/01\/avatar-square.png\",\"contentUrl\":\"https:\/\/www.padreydecano.com\/cms\/wp-content\/uploads\/2022\/01\/avatar-square.png\",\"width\":1500,\"height\":1500,\"caption\":\"Padre y Decano\"},\"image\":{\"@id\":\"https:\/\/www.padreydecano.com\/cms\/#\/schema\/logo\/image\/\"}}]}<\/script>\n<!-- \/ Yoast SEO plugin. -->","yoast_head_json":{"title":"Acerca de Padre y Decano - Padre y Decano - El Sitio del Pueblo","robots":{"index":"index","follow":"follow","max-snippet":"max-snippet:-1","max-image-preview":"max-image-preview:large","max-video-preview":"max-video-preview:-1"},"canonical":"https:\/\/www.padreydecano.com\/cms\/acerca-de-padre-y-decano\/","og_locale":"es_ES","og_type":"article","og_title":"Acerca de Padre y Decano - Padre y Decano - El Sitio del Pueblo","og_description":"Padre y Decano\u00a0naci\u00f3 de un grupo de amigos y socios de Pe\u00f1arol que\u00a0sent\u00edan que pod\u00edan contribuir con el club y su gente a trav\u00e9s de un sitio web carbonero. La idea es tener un espacio para informar sobre Pe\u00f1arol a nuestro estilo, con nuestra manera de ver los temas, y adem\u00e1s construir un lugar donde [&hellip;]","og_url":"https:\/\/www.padreydecano.com\/cms\/acerca-de-padre-y-decano\/","og_site_name":"Padre y Decano - El Sitio del Pueblo","article_modified_time":"2022-01-05T18:42:10+00:00","og_image":[{"width":1200,"height":912,"url":"https:\/\/www.padreydecano.com\/cms\/wp-content\/uploads\/2022\/01\/10-anos-post.jpg","type":"image\/jpeg"}],"twitter_card":"summary_large_image","twitter_misc":{"Tiempo de lectura":"1 minuto"},"schema":{"@context":"https:\/\/schema.org","@graph":[{"@type":"WebPage","@id":"https:\/\/www.padreydecano.com\/cms\/acerca-de-padre-y-decano\/","url":"https:\/\/www.padreydecano.com\/cms\/acerca-de-padre-y-decano\/","name":"Acerca de Padre y Decano - Padre y Decano - El Sitio del Pueblo","isPartOf":{"@id":"https:\/\/www.padreydecano.com\/cms\/#website"},"datePublished":"2011-08-10T18:56:23+00:00","dateModified":"2022-01-05T18:42:10+00:00","breadcrumb":{"@id":"https:\/\/www.padreydecano.com\/cms\/acerca-de-padre-y-decano\/#breadcrumb"},"inLanguage":"es","potentialAction":[{"@type":"ReadAction","target":["https:\/\/www.padreydecano.com\/cms\/acerca-de-padre-y-decano\/"]}]},{"@type":"BreadcrumbList","@id":"https:\/\/www.padreydecano.com\/cms\/acerca-de-padre-y-decano\/#breadcrumb","itemListElement":[{"@type":"ListItem","position":1,"name":"Portada","item":"https:\/\/www.padreydecano.com\/cms\/"},{"@type":"ListItem","position":2,"name":"Acerca de Padre y Decano"}]},{"@type":"WebSite","@id":"https:\/\/www.padreydecano.com\/cms\/#website","url":"https:\/\/www.padreydecano.com\/cms\/","name":"Padre y Decano - El Sitio del Pueblo","description":"Club Atl\u00e9tico Pe\u00f1arol","publisher":{"@id":"https:\/\/www.padreydecano.com\/cms\/#organization"},"potentialAction":[{"@type":"SearchAction","target":{"@type":"EntryPoint","urlTemplate":"https:\/\/www.padreydecano.com\/cms\/?s={search_term_string}"},"query-input":"required name=search_term_string"}],"inLanguage":"es"},{"@type":"Organization","@id":"https:\/\/www.padreydecano.com\/cms\/#organization","name":"Padre y Decano","url":"https:\/\/www.padreydecano.com\/cms\/","logo":{"@type":"ImageObject","inLanguage":"es","@id":"https:\/\/www.padreydecano.com\/cms\/#\/schema\/logo\/image\/","url":"https:\/\/www.padreydecano.com\/cms\/wp-content\/uploads\/2022\/01\/avatar-square.png","contentUrl":"https:\/\/www.padreydecano.com\/cms\/wp-content\/uploads\/2022\/01\/avatar-square.png","width":1500,"height":1500,"caption":"Padre y Decano"},"image":{"@id":"https:\/\/www.padreydecano.com\/cms\/#\/schema\/logo\/image\/"}}]}},"_links":{"self":[{"href":"https:\/\/www.padreydecano.com\/cms\/wp-json\/wp\/v2\/pages\/776"}],"collection":[{"href":"https:\/\/www.padreydecano.com\/cms\/wp-json\/wp\/v2\/pages"}],"about":[{"href":"https:\/\/www.padreydecano.com\/cms\/wp-json\/wp\/v2\/types\/page"}],"author":[{"embeddable":true,"href":"https:\/\/www.padreydecano.com\/cms\/wp-json\/wp\/v2\/users\/1"}],"replies":[{"embeddable":true,"href":"https:\/\/www.padreydecano.com\/cms\/wp-json\/wp\/v2\/comments?post=776"}],"version-history":[{"count":0,"href":"https:\/\/www.padreydecano.com\/cms\/wp-json\/wp\/v2\/pages\/776\/revisions"}],"wp:attachment":[{"href":"https:\/\/www.padreydecano.com\/cms\/wp-json\/wp\/v2\/media?parent=776"}],"curies":[{"name":"wp","href":"https:\/\/api.w.org\/{rel}","templated":true}]}}