{"id":72245,"date":"2019-11-07T09:35:06","date_gmt":"2019-11-07T12:35:06","guid":{"rendered":"http:\/\/www.padreydecano.com\/cms\/?page_id=72245"},"modified":"2019-11-07T10:18:23","modified_gmt":"2019-11-07T13:18:23","slug":"el-primer-ascenso-al-federal-de-basketball-en-1942","status":"publish","type":"page","link":"https:\/\/www.padreydecano.com\/cms\/el-primer-ascenso-al-federal-de-basketball-en-1942\/","title":{"rendered":"El primer ascenso al Federal de basketball en 1942"},"content":{"rendered":"<p><a href=\"https:\/\/www.padreydecano.com\/cms\/wp-content\/uploads\/2019\/11\/WhatsApp-Image-2019-11-07-at-9.14.36-AM.jpeg\" rel=\"shadowbox[sbpost-72245];player=img;\"><img loading=\"lazy\" decoding=\"async\" class=\"aligncenter size-full wp-image-72246\" src=\"https:\/\/www.padreydecano.com\/cms\/wp-content\/uploads\/2019\/11\/WhatsApp-Image-2019-11-07-at-9.14.36-AM.jpeg\" alt=\"\" width=\"1536\" height=\"1148\" srcset=\"https:\/\/www.padreydecano.com\/cms\/wp-content\/uploads\/2019\/11\/WhatsApp-Image-2019-11-07-at-9.14.36-AM.jpeg 1536w, https:\/\/www.padreydecano.com\/cms\/wp-content\/uploads\/2019\/11\/WhatsApp-Image-2019-11-07-at-9.14.36-AM-600x448.jpeg 600w, https:\/\/www.padreydecano.com\/cms\/wp-content\/uploads\/2019\/11\/WhatsApp-Image-2019-11-07-at-9.14.36-AM-768x574.jpeg 768w, https:\/\/www.padreydecano.com\/cms\/wp-content\/uploads\/2019\/11\/WhatsApp-Image-2019-11-07-at-9.14.36-AM-1024x765.jpeg 1024w\" sizes=\"(max-width: 1536px) 100vw, 1536px\" \/><\/a><\/p>\n<p style=\"text-align: justify;\"><strong>Desde su afiliaci\u00f3n a la FUBB en 1940, hasta el feliz retorno que nos encontrar\u00e1 compitiendo en la pr\u00f3xima Liga Uruguaya 2020\/21, la historia de Pe\u00f1arol estuvo plagada de gloria, y su andar con la naranja merece ser contado.<\/strong><\/p>\n<p style=\"text-align: justify;\">Los primeros pasos ya dejaban ver que no se trataba de un equipo cualquiera. <strong>La camiseta m\u00e1s gloriosa del deporte uruguayo se abr\u00eda paso en un nuevo desaf\u00edo,<\/strong> dejando en claro que llegaba para quedarse y hacer historia. La r\u00e1pida escalada de Cuarta de Ascenso a Primera en 3 a\u00f1os, as\u00ed lo indican.<\/p>\n<p style=\"text-align: justify;\">La temporada 1942 no fue una m\u00e1s en la vida del club, ni del deporte uruguayo. Aquel\u00a0a\u00f1o, y <strong>en el marco del triangular \u00abCiudad de Florida\u00bb, disputado por los equipos de Pe\u00f1arol, Nacional y un seleccionado local, tuvo lugar el primer cl\u00e1sico de basketball de la historia.<\/strong> Finalmente, <strong>la victoria se la llev\u00f3 el aurinegro<\/strong>, que tambi\u00e9n se coronar\u00eda campe\u00f3n invicto del triangular.<\/p>\n<p style=\"text-align: justify;\">El carbonero sigui\u00f3 prepar\u00e1ndose para la pelea por acceder a Primera Divisi\u00f3n, <strong>y as\u00ed fue como tambi\u00e9n gan\u00f3 el \u201cCampeonato Adolfo Perez Olave\u201d<\/strong>, derrotando a Montevideo (43-24), Capitol (29-23), y a Neptuno en la final (31-23).<\/p>\n<p><a href=\"https:\/\/www.padreydecano.com\/cms\/wp-content\/uploads\/2019\/11\/WhatsApp-Image-2019-11-07-at-9.14.37-AM.jpeg\" rel=\"shadowbox[sbpost-72245];player=img;\"><img loading=\"lazy\" decoding=\"async\" class=\"aligncenter size-full wp-image-72248\" src=\"https:\/\/www.padreydecano.com\/cms\/wp-content\/uploads\/2019\/11\/WhatsApp-Image-2019-11-07-at-9.14.37-AM.jpeg\" alt=\"\" width=\"1529\" height=\"1276\" srcset=\"https:\/\/www.padreydecano.com\/cms\/wp-content\/uploads\/2019\/11\/WhatsApp-Image-2019-11-07-at-9.14.37-AM.jpeg 1529w, https:\/\/www.padreydecano.com\/cms\/wp-content\/uploads\/2019\/11\/WhatsApp-Image-2019-11-07-at-9.14.37-AM-600x501.jpeg 600w, https:\/\/www.padreydecano.com\/cms\/wp-content\/uploads\/2019\/11\/WhatsApp-Image-2019-11-07-at-9.14.37-AM-768x641.jpeg 768w, https:\/\/www.padreydecano.com\/cms\/wp-content\/uploads\/2019\/11\/WhatsApp-Image-2019-11-07-at-9.14.37-AM-1024x855.jpeg 1024w\" sizes=\"(max-width: 1529px) 100vw, 1529px\" \/><\/a><\/p>\n<p style=\"text-align: justify;\"><strong>Pero el plato fuerte llegar\u00eda con el Torneo Federal de Segunda de 1942.<\/strong> Pe\u00f1arol daba sus primeros pasos en el basketball uruguayo y venia en subida, mientras que Nacional ya se hab\u00eda consagrado campe\u00f3n del Federal dos veces (algo que nunca mas lograr\u00eda desde la llegada de Pe\u00f1arol) y comenzaba una larga serie de descensos, que lo posicionar\u00edan como un equipo de los denominados \u201cchicos\u201d.<\/p>\n<p style=\"text-align: justify;\">La primera rueda const\u00f3 de 11 partidos, de los que se ganaron 8 y se perdieron 3. La remontada se lograr\u00eda\u00a0en la segunda parte del campeonato, <strong>donde Pe\u00f1arol gan\u00f3 todos los partidos en disputa, logrando de esa manera, el ascenso.<\/strong><\/p>\n<table class=\"comun\">\n<tbody>\n<tr>\n<td>\n<p align=\"center\"><span style=\"color: #ffcc00;\"><strong>Rival<\/strong><\/span><\/p>\n<\/td>\n<td>\n<p align=\"center\"><span style=\"color: #ffcc00;\"><strong>Primera Rueda<\/strong><\/span><\/p>\n<\/td>\n<td>\n<p align=\"center\"><span style=\"color: #ffcc00;\"><strong>Segunda Rueda<\/strong><\/span><\/p>\n<\/td>\n<\/tr>\n<tr>\n<td>\n<p align=\"center\"><strong>C. A . Artigas<\/strong><\/p>\n<\/td>\n<td>\n<p align=\"center\">39-31<\/p>\n<\/td>\n<td>\n<p align=\"center\">53-46<\/p>\n<\/td>\n<\/tr>\n<tr>\n<td>\n<p align=\"center\"><strong>Bigua<\/strong><\/p>\n<\/td>\n<td>\n<p align=\"center\">43-37<\/p>\n<\/td>\n<td>\n<p align=\"center\">59-38<\/p>\n<\/td>\n<\/tr>\n<tr>\n<td>\n<p align=\"center\"><strong>Capitol<\/strong><\/p>\n<\/td>\n<td>\n<p align=\"center\">54-32<\/p>\n<\/td>\n<td>\n<p align=\"center\">40-38<\/p>\n<\/td>\n<\/tr>\n<tr>\n<td>\n<p align=\"center\"><strong>Larreborges<\/strong><\/p>\n<\/td>\n<td>\n<p align=\"center\">47-40<\/p>\n<\/td>\n<td>\n<p align=\"center\">52-34<\/p>\n<\/td>\n<\/tr>\n<tr>\n<td>\n<p align=\"center\"><strong>Montevideo BBC<\/strong><\/p>\n<\/td>\n<td>\n<p align=\"center\">43-51<\/p>\n<\/td>\n<td>\n<p align=\"center\">51-45<\/p>\n<\/td>\n<\/tr>\n<tr>\n<td>\n<p align=\"center\"><strong>Nacional<\/strong><\/p>\n<\/td>\n<td>\n<p align=\"center\">39-41<\/p>\n<\/td>\n<td>\n<p align=\"center\">48-35<\/p>\n<\/td>\n<\/tr>\n<tr>\n<td>\n<p align=\"center\"><strong>Neptuno<\/strong><\/p>\n<\/td>\n<td>\n<p align=\"center\">49-53<\/p>\n<\/td>\n<td>\n<p align=\"center\">40-31<\/p>\n<\/td>\n<\/tr>\n<tr>\n<td>\n<p align=\"center\"><strong>Olympic Star<\/strong><\/p>\n<\/td>\n<td>\n<p align=\"center\">37-27<\/p>\n<\/td>\n<td>\n<p align=\"center\">39-30<\/p>\n<\/td>\n<\/tr>\n<tr>\n<td>\n<p align=\"center\"><strong>Progreso<\/strong><\/p>\n<\/td>\n<td>\n<p align=\"center\">43-23<\/p>\n<\/td>\n<td>\n<p align=\"center\">57-39<\/p>\n<\/td>\n<\/tr>\n<tr>\n<td>\n<p align=\"center\"><strong>Tabare<\/strong><\/p>\n<\/td>\n<td>\n<p align=\"center\">46-42<\/p>\n<\/td>\n<td>\n<p align=\"center\">55-36<\/p>\n<\/td>\n<\/tr>\n<tr>\n<td>\n<p align=\"center\"><strong>Union Atletica<\/strong><\/p>\n<\/td>\n<td>\n<p align=\"center\">57-44<\/p>\n<\/td>\n<td>\n<p align=\"center\">63-33<\/p>\n<\/td>\n<\/tr>\n<\/tbody>\n<\/table>\n<p style=\"text-align: justify;\">Como lo narran las cr\u00f3nicas de la \u00e9poca, y certifica la tabla de posiciones, el cupo a Primera Divisi\u00f3n se debi\u00f3 dirimir entre las camisetas tradicionales de nuestro pa\u00eds. <strong>El cl\u00e1sico de la segunda rueda, resultaba decisivo para determinar quien se quedar\u00eda con el titulo y el derecho a militar en Primera Division.<\/strong> Como no pod\u00eda ser de otra manera, <strong>la victoria fue aurinegra por 48-35,<\/strong> y se le pon\u00eda un broche de oro a una excelente campa\u00f1a, para acceder al circulo de honor por primera vez, con un r\u00e9cord de 19 victorias y tan solo 3 derrotas &#8211; todas en primera rueda -. <strong>Pe\u00f1arol se coronaba as\u00ed, campe\u00f3n en a\u00f1os consecutivos de los torneos de ascenso de 4ta, 3ra y 2da Divisi\u00f3n.<\/strong><\/p>\n<p><a href=\"https:\/\/www.padreydecano.com\/cms\/wp-content\/uploads\/2019\/11\/WhatsApp-Image-2019-11-07-at-9.14.37-AM-1.jpeg\" rel=\"shadowbox[sbpost-72245];player=img;\"><img loading=\"lazy\" decoding=\"async\" class=\"aligncenter size-full wp-image-72247\" src=\"https:\/\/www.padreydecano.com\/cms\/wp-content\/uploads\/2019\/11\/WhatsApp-Image-2019-11-07-at-9.14.37-AM-1.jpeg\" alt=\"\" width=\"1536\" height=\"892\" srcset=\"https:\/\/www.padreydecano.com\/cms\/wp-content\/uploads\/2019\/11\/WhatsApp-Image-2019-11-07-at-9.14.37-AM-1.jpeg 1536w, https:\/\/www.padreydecano.com\/cms\/wp-content\/uploads\/2019\/11\/WhatsApp-Image-2019-11-07-at-9.14.37-AM-1-600x348.jpeg 600w, https:\/\/www.padreydecano.com\/cms\/wp-content\/uploads\/2019\/11\/WhatsApp-Image-2019-11-07-at-9.14.37-AM-1-768x446.jpeg 768w, https:\/\/www.padreydecano.com\/cms\/wp-content\/uploads\/2019\/11\/WhatsApp-Image-2019-11-07-at-9.14.37-AM-1-1024x595.jpeg 1024w\" sizes=\"(max-width: 1536px) 100vw, 1536px\" \/><\/a><\/p>\n<p style=\"text-align: justify;\">Por su parte, el tradicional rival se quedar\u00eda en la B hasta 1948 y, <strong>desde esta divisional, debi\u00f3 ver como Pe\u00f1arol se coronaba Campe\u00f3n Federal de 1944.<\/strong><\/p>\n<p style=\"text-align: right;\"><a href=\"http:\/\/www.twitter.com\/penarolpapa\"><strong>@PenarolPapa<\/strong><\/a><\/p>\n<p style=\"text-align: justify;\">\n","protected":false},"excerpt":{"rendered":"<p>Desde su afiliaci\u00f3n a la FUBB en 1940, hasta el feliz retorno que nos encontrar\u00e1 compitiendo en la pr\u00f3xima Liga Uruguaya 2020\/21, la historia de Pe\u00f1arol estuvo plagada de gloria, y su andar con la naranja merece ser contado. Los primeros pasos ya dejaban ver que no se trataba de un equipo cualquiera. La camiseta [&hellip;]<\/p>\n","protected":false},"author":3,"featured_media":72246,"parent":0,"menu_order":0,"comment_status":"open","ping_status":"closed","template":"","meta":{"footnotes":""},"yoast_head":"<!-- This site is optimized with the Yoast SEO plugin v23.2 - https:\/\/yoast.com\/wordpress\/plugins\/seo\/ -->\n<title>El primer ascenso al Federal de basketball en 1942 - Padre y Decano - El Sitio del Pueblo<\/title>\n<meta name=\"robots\" content=\"index, follow, max-snippet:-1, max-image-preview:large, max-video-preview:-1\" \/>\n<link rel=\"canonical\" href=\"https:\/\/www.padreydecano.com\/cms\/el-primer-ascenso-al-federal-de-basketball-en-1942\/\" \/>\n<meta property=\"og:locale\" content=\"es_ES\" \/>\n<meta property=\"og:type\" content=\"article\" \/>\n<meta property=\"og:title\" content=\"El primer ascenso al Federal de basketball en 1942 - Padre y Decano - El Sitio del Pueblo\" \/>\n<meta property=\"og:description\" content=\"Desde su afiliaci\u00f3n a la FUBB en 1940, hasta el feliz retorno que nos encontrar\u00e1 compitiendo en la pr\u00f3xima Liga Uruguaya 2020\/21, la historia de Pe\u00f1arol estuvo plagada de gloria, y su andar con la naranja merece ser contado. Los primeros pasos ya dejaban ver que no se trataba de un equipo cualquiera. La camiseta [&hellip;]\" \/>\n<meta property=\"og:url\" content=\"https:\/\/www.padreydecano.com\/cms\/el-primer-ascenso-al-federal-de-basketball-en-1942\/\" \/>\n<meta property=\"og:site_name\" content=\"Padre y Decano - El Sitio del Pueblo\" \/>\n<meta property=\"article:modified_time\" content=\"2019-11-07T13:18:23+00:00\" \/>\n<meta property=\"og:image\" content=\"https:\/\/www.padreydecano.com\/cms\/wp-content\/uploads\/2019\/11\/WhatsApp-Image-2019-11-07-at-9.14.36-AM.jpeg\" \/>\n\t<meta property=\"og:image:width\" content=\"1536\" \/>\n\t<meta property=\"og:image:height\" content=\"1148\" \/>\n\t<meta property=\"og:image:type\" content=\"image\/jpeg\" \/>\n<meta name=\"twitter:card\" content=\"summary_large_image\" \/>\n<meta name=\"twitter:label1\" content=\"Tiempo de lectura\" \/>\n\t<meta name=\"twitter:data1\" content=\"3 minutos\" \/>\n<script type=\"application\/ld+json\" class=\"yoast-schema-graph\">{\"@context\":\"https:\/\/schema.org\",\"@graph\":[{\"@type\":\"WebPage\",\"@id\":\"https:\/\/www.padreydecano.com\/cms\/el-primer-ascenso-al-federal-de-basketball-en-1942\/\",\"url\":\"https:\/\/www.padreydecano.com\/cms\/el-primer-ascenso-al-federal-de-basketball-en-1942\/\",\"name\":\"El primer ascenso al Federal de basketball en 1942 - Padre y Decano - El Sitio del Pueblo\",\"isPartOf\":{\"@id\":\"https:\/\/www.padreydecano.com\/cms\/#website\"},\"primaryImageOfPage\":{\"@id\":\"https:\/\/www.padreydecano.com\/cms\/el-primer-ascenso-al-federal-de-basketball-en-1942\/#primaryimage\"},\"image\":{\"@id\":\"https:\/\/www.padreydecano.com\/cms\/el-primer-ascenso-al-federal-de-basketball-en-1942\/#primaryimage\"},\"thumbnailUrl\":\"https:\/\/www.padreydecano.com\/cms\/wp-content\/uploads\/2019\/11\/WhatsApp-Image-2019-11-07-at-9.14.36-AM.jpeg\",\"datePublished\":\"2019-11-07T12:35:06+00:00\",\"dateModified\":\"2019-11-07T13:18:23+00:00\",\"breadcrumb\":{\"@id\":\"https:\/\/www.padreydecano.com\/cms\/el-primer-ascenso-al-federal-de-basketball-en-1942\/#breadcrumb\"},\"inLanguage\":\"es\",\"potentialAction\":[{\"@type\":\"ReadAction\",\"target\":[\"https:\/\/www.padreydecano.com\/cms\/el-primer-ascenso-al-federal-de-basketball-en-1942\/\"]}]},{\"@type\":\"ImageObject\",\"inLanguage\":\"es\",\"@id\":\"https:\/\/www.padreydecano.com\/cms\/el-primer-ascenso-al-federal-de-basketball-en-1942\/#primaryimage\",\"url\":\"https:\/\/www.padreydecano.com\/cms\/wp-content\/uploads\/2019\/11\/WhatsApp-Image-2019-11-07-at-9.14.36-AM.jpeg\",\"contentUrl\":\"https:\/\/www.padreydecano.com\/cms\/wp-content\/uploads\/2019\/11\/WhatsApp-Image-2019-11-07-at-9.14.36-AM.jpeg\",\"width\":1536,\"height\":1148},{\"@type\":\"BreadcrumbList\",\"@id\":\"https:\/\/www.padreydecano.com\/cms\/el-primer-ascenso-al-federal-de-basketball-en-1942\/#breadcrumb\",\"itemListElement\":[{\"@type\":\"ListItem\",\"position\":1,\"name\":\"Portada\",\"item\":\"https:\/\/www.padreydecano.com\/cms\/\"},{\"@type\":\"ListItem\",\"position\":2,\"name\":\"El primer ascenso al Federal de basketball en 1942\"}]},{\"@type\":\"WebSite\",\"@id\":\"https:\/\/www.padreydecano.com\/cms\/#website\",\"url\":\"https:\/\/www.padreydecano.com\/cms\/\",\"name\":\"Padre y Decano - El Sitio del Pueblo\",\"description\":\"Club Atl\u00e9tico Pe\u00f1arol\",\"publisher\":{\"@id\":\"https:\/\/www.padreydecano.com\/cms\/#organization\"},\"potentialAction\":[{\"@type\":\"SearchAction\",\"target\":{\"@type\":\"EntryPoint\",\"urlTemplate\":\"https:\/\/www.padreydecano.com\/cms\/?s={search_term_string}\"},\"query-input\":\"required name=search_term_string\"}],\"inLanguage\":\"es\"},{\"@type\":\"Organization\",\"@id\":\"https:\/\/www.padreydecano.com\/cms\/#organization\",\"name\":\"Padre y Decano\",\"url\":\"https:\/\/www.padreydecano.com\/cms\/\",\"logo\":{\"@type\":\"ImageObject\",\"inLanguage\":\"es\",\"@id\":\"https:\/\/www.padreydecano.com\/cms\/#\/schema\/logo\/image\/\",\"url\":\"https:\/\/www.padreydecano.com\/cms\/wp-content\/uploads\/2022\/01\/avatar-square.png\",\"contentUrl\":\"https:\/\/www.padreydecano.com\/cms\/wp-content\/uploads\/2022\/01\/avatar-square.png\",\"width\":1500,\"height\":1500,\"caption\":\"Padre y Decano\"},\"image\":{\"@id\":\"https:\/\/www.padreydecano.com\/cms\/#\/schema\/logo\/image\/\"}}]}<\/script>\n<!-- \/ Yoast SEO plugin. -->","yoast_head_json":{"title":"El primer ascenso al Federal de basketball en 1942 - Padre y Decano - El Sitio del Pueblo","robots":{"index":"index","follow":"follow","max-snippet":"max-snippet:-1","max-image-preview":"max-image-preview:large","max-video-preview":"max-video-preview:-1"},"canonical":"https:\/\/www.padreydecano.com\/cms\/el-primer-ascenso-al-federal-de-basketball-en-1942\/","og_locale":"es_ES","og_type":"article","og_title":"El primer ascenso al Federal de basketball en 1942 - Padre y Decano - El Sitio del Pueblo","og_description":"Desde su afiliaci\u00f3n a la FUBB en 1940, hasta el feliz retorno que nos encontrar\u00e1 compitiendo en la pr\u00f3xima Liga Uruguaya 2020\/21, la historia de Pe\u00f1arol estuvo plagada de gloria, y su andar con la naranja merece ser contado. Los primeros pasos ya dejaban ver que no se trataba de un equipo cualquiera. La camiseta [&hellip;]","og_url":"https:\/\/www.padreydecano.com\/cms\/el-primer-ascenso-al-federal-de-basketball-en-1942\/","og_site_name":"Padre y Decano - El Sitio del Pueblo","article_modified_time":"2019-11-07T13:18:23+00:00","og_image":[{"width":1536,"height":1148,"url":"https:\/\/www.padreydecano.com\/cms\/wp-content\/uploads\/2019\/11\/WhatsApp-Image-2019-11-07-at-9.14.36-AM.jpeg","type":"image\/jpeg"}],"twitter_card":"summary_large_image","twitter_misc":{"Tiempo de lectura":"3 minutos"},"schema":{"@context":"https:\/\/schema.org","@graph":[{"@type":"WebPage","@id":"https:\/\/www.padreydecano.com\/cms\/el-primer-ascenso-al-federal-de-basketball-en-1942\/","url":"https:\/\/www.padreydecano.com\/cms\/el-primer-ascenso-al-federal-de-basketball-en-1942\/","name":"El primer ascenso al Federal de basketball en 1942 - Padre y Decano - El Sitio del Pueblo","isPartOf":{"@id":"https:\/\/www.padreydecano.com\/cms\/#website"},"primaryImageOfPage":{"@id":"https:\/\/www.padreydecano.com\/cms\/el-primer-ascenso-al-federal-de-basketball-en-1942\/#primaryimage"},"image":{"@id":"https:\/\/www.padreydecano.com\/cms\/el-primer-ascenso-al-federal-de-basketball-en-1942\/#primaryimage"},"thumbnailUrl":"https:\/\/www.padreydecano.com\/cms\/wp-content\/uploads\/2019\/11\/WhatsApp-Image-2019-11-07-at-9.14.36-AM.jpeg","datePublished":"2019-11-07T12:35:06+00:00","dateModified":"2019-11-07T13:18:23+00:00","breadcrumb":{"@id":"https:\/\/www.padreydecano.com\/cms\/el-primer-ascenso-al-federal-de-basketball-en-1942\/#breadcrumb"},"inLanguage":"es","potentialAction":[{"@type":"ReadAction","target":["https:\/\/www.padreydecano.com\/cms\/el-primer-ascenso-al-federal-de-basketball-en-1942\/"]}]},{"@type":"ImageObject","inLanguage":"es","@id":"https:\/\/www.padreydecano.com\/cms\/el-primer-ascenso-al-federal-de-basketball-en-1942\/#primaryimage","url":"https:\/\/www.padreydecano.com\/cms\/wp-content\/uploads\/2019\/11\/WhatsApp-Image-2019-11-07-at-9.14.36-AM.jpeg","contentUrl":"https:\/\/www.padreydecano.com\/cms\/wp-content\/uploads\/2019\/11\/WhatsApp-Image-2019-11-07-at-9.14.36-AM.jpeg","width":1536,"height":1148},{"@type":"BreadcrumbList","@id":"https:\/\/www.padreydecano.com\/cms\/el-primer-ascenso-al-federal-de-basketball-en-1942\/#breadcrumb","itemListElement":[{"@type":"ListItem","position":1,"name":"Portada","item":"https:\/\/www.padreydecano.com\/cms\/"},{"@type":"ListItem","position":2,"name":"El primer ascenso al Federal de basketball en 1942"}]},{"@type":"WebSite","@id":"https:\/\/www.padreydecano.com\/cms\/#website","url":"https:\/\/www.padreydecano.com\/cms\/","name":"Padre y Decano - El Sitio del Pueblo","description":"Club Atl\u00e9tico Pe\u00f1arol","publisher":{"@id":"https:\/\/www.padreydecano.com\/cms\/#organization"},"potentialAction":[{"@type":"SearchAction","target":{"@type":"EntryPoint","urlTemplate":"https:\/\/www.padreydecano.com\/cms\/?s={search_term_string}"},"query-input":"required name=search_term_string"}],"inLanguage":"es"},{"@type":"Organization","@id":"https:\/\/www.padreydecano.com\/cms\/#organization","name":"Padre y Decano","url":"https:\/\/www.padreydecano.com\/cms\/","logo":{"@type":"ImageObject","inLanguage":"es","@id":"https:\/\/www.padreydecano.com\/cms\/#\/schema\/logo\/image\/","url":"https:\/\/www.padreydecano.com\/cms\/wp-content\/uploads\/2022\/01\/avatar-square.png","contentUrl":"https:\/\/www.padreydecano.com\/cms\/wp-content\/uploads\/2022\/01\/avatar-square.png","width":1500,"height":1500,"caption":"Padre y Decano"},"image":{"@id":"https:\/\/www.padreydecano.com\/cms\/#\/schema\/logo\/image\/"}}]}},"_links":{"self":[{"href":"https:\/\/www.padreydecano.com\/cms\/wp-json\/wp\/v2\/pages\/72245"}],"collection":[{"href":"https:\/\/www.padreydecano.com\/cms\/wp-json\/wp\/v2\/pages"}],"about":[{"href":"https:\/\/www.padreydecano.com\/cms\/wp-json\/wp\/v2\/types\/page"}],"author":[{"embeddable":true,"href":"https:\/\/www.padreydecano.com\/cms\/wp-json\/wp\/v2\/users\/3"}],"replies":[{"embeddable":true,"href":"https:\/\/www.padreydecano.com\/cms\/wp-json\/wp\/v2\/comments?post=72245"}],"version-history":[{"count":0,"href":"https:\/\/www.padreydecano.com\/cms\/wp-json\/wp\/v2\/pages\/72245\/revisions"}],"wp:featuredmedia":[{"embeddable":true,"href":"https:\/\/www.padreydecano.com\/cms\/wp-json\/wp\/v2\/media\/72246"}],"wp:attachment":[{"href":"https:\/\/www.padreydecano.com\/cms\/wp-json\/wp\/v2\/media?parent=72245"}],"curies":[{"name":"wp","href":"https:\/\/api.w.org\/{rel}","templated":true}]}}