{"id":7178,"date":"2011-10-31T08:32:03","date_gmt":"2011-10-31T10:32:03","guid":{"rendered":"http:\/\/www.padreydecano.com\/cms\/?page_id=7178"},"modified":"2020-10-29T21:23:35","modified_gmt":"2020-10-30T00:23:35","slug":"la-mayor-goleada-clasica","status":"publish","type":"page","link":"https:\/\/www.padreydecano.com\/cms\/historias-clasicas\/la-mayor-goleada-clasica\/","title":{"rendered":"Pe\u00f1arol 7 &#8211; 3 Nacional: el mayor tanteador en la historia de los cl\u00e1sicos"},"content":{"rendered":"<div id=\"attachment_7122\" style=\"width: 590px\" class=\"wp-caption aligncenter\"><a href=\"https:\/\/www.padreydecano.com\/cms\/wp-content\/uploads\/2011\/10\/1911.jpg\" rel=\"shadowbox[sbpost-7178];player=img;\"><img loading=\"lazy\" decoding=\"async\" aria-describedby=\"caption-attachment-7122\" class=\"size-full wp-image-7122 \" src=\"https:\/\/www.padreydecano.com\/cms\/wp-content\/uploads\/2011\/10\/1911.jpg\" alt=\"\" width=\"580\" height=\"376\" \/><\/a><p id=\"caption-attachment-7122\" class=\"wp-caption-text\">Pe\u00f1arol de 1911: E.Pintos, L.Solans, J.Harley, C.Ronzoni, G.Manito, C.Camacho, L.Quaglia, F.Canavessi, J.Piendibene, A.Betucci y A.Romano. Equipo Campe\u00f3n Uruguayo y de la Copa de Honor.<\/p><\/div>\n<p style=\"text-align: justify;\"><strong>El 1 de Noviembre de 1911, en la propia casa del rival de todas las horas, Pe\u00f1arol destroz\u00f3 a Nacional en un partido que quedar\u00e1 para siempre en nuestro recuerdo \u2013y el de ellos-. En el Viejo Parque Central, el decano apabull\u00f3 a los albos por un tanteador de 7 a 3.<\/strong><\/p>\n<p style=\"text-align: justify;\">Vale la pena poner en contexto aquel partido, analizando la realidad de Pe\u00f1arol y Nacional al llegar a aquel encuentro. Al finalizar aquella temporada de 1911, el decano de nuestros clubes lideraba el palmar\u00e9s de Campeonatos Uruguayos con 5 t\u00edtulos, bastante m\u00e1s que los dos que ostentaban Nacional, Wanderers y River Plate; lo que junto al masivo apoyo popular con el que contaba, lo transformaban en el equipo m\u00e1s grande del pa\u00eds. Por su parte, Nacional apenas ten\u00eda la misma cantidad de ligas que Wanderers y River Plate, y no lograba el t\u00edtulo desde la temporada 1903, definida en 1904.<\/p>\n<p style=\"text-align: justify;\">En lo que refiere a enfrentamientos mano a mano entre los grandes, el historial registraba, al momento de salir a jugar aquel encuentro, un total de 49 contiendas; con una ventaja de 8 partidos a favor del Decano, producto de 22 victorias y tan solo 14 derrotas. La paternidad era realmente abrumadora.<\/p>\n<p style=\"text-align: justify;\">As\u00ed se lleg\u00f3 a aquella definici\u00f3n por la Copa de Honor de 1911; entre un club grande, popular y consagrado, y un equipo menor de nuestro futbol. Igualmente, el resultado ser\u00eda totalmente inesperado para cualquier aficionado de nuestro pa\u00eds.<\/p>\n<p style=\"text-align: justify;\">El partido comenz\u00f3 con el conjunto carbonero perdiendo por 1 a 0, pero r\u00e1pidamente logramos el empate con gol de Canavessi, y posteriormente pasamos 2 a 1 gracias al gol de Piendibene. Antes de que terminara el primer tiempo, Nacional lograr\u00eda el 2 a 2 en un partido para el infarto y sumamente parejo hasta ese entonces. Nadie imaginaba lo que finalmente ocurrir\u00eda en el segundo tiempo.<\/p>\n<p style=\"text-align: justify;\">Despu\u00e9s del intervalo, Pe\u00f1arol fue una locomotora que arras\u00f3 con Nacional. Lo destroz\u00f3, lo humill\u00f3 sin piedad, y para hacerlo a\u00fan m\u00e1s \u00e9pico, lo hizo jugando de visitante. Al primer minuto del segundo tiempo tom\u00e1bamos la delantera por 3 a 2 con gol de Cavanessi. Nueve minutos m\u00e1s tarde, a ra\u00edz de una gran jugada de Harley, Quaglia marc\u00f3 el cuarto gol. La goleada hist\u00f3rica se estaba concretando luego de que a los 25 y 30 minutos sucesivamente, Romano y Quaglia, bat\u00edan por quinta y sexta vez a Di Pauli, el arquero de Nacional.<\/p>\n<p style=\"text-align: justify;\">Minutos despu\u00e9s, Nacional lograr\u00eda el tercer tanto, y de inmediato llegar\u00eda el s\u00e9ptimo gol antes que terminara el encuentro, por parte de Piendibene. Este gol fue el s\u00e9ptimo y \u00faltimo de la tarde. Es el gol que se\u00f1ala el mayor tanteador de la historia de los cl\u00e1sicos. Nunca, jam\u00e1s,\u00a0 ninguno de los dos equipos logr\u00f3 convertir 7 goles como lo hizo Pe\u00f1arol esa tarde. Menos a\u00fan en una final, y much\u00edsimo menos, jugando de visita.<\/p>\n<p style=\"text-align: justify;\">El resultado de este partido autorizar\u00eda a Pe\u00f1arol a jugar con Newell\u2019s Old Boys por la final del Campeonato Internacional de Honor. Este partido se jug\u00f3 el domingo 5 de noviembre de 1911, tambi\u00e9n en el Parque Central, y finaliz\u00f3 2 a 0 a favor de Pe\u00f1arol, con el partido sin concluir ya que el equipo rosarino se retir\u00f3 del campo de juego al recibir el segundo gol.<\/p>\n<p style=\"text-align: justify;\"><strong>Una cr\u00f3nica de la \u00e9poca mencionaba:<\/strong><\/p>\n<p style=\"text-align: justify;\"><em>\u201cExtraordinaria goleada, luego de una depurada exhibici\u00f3n de calidad, garra, t\u00e9cnica, ciencia pura, bajo la batuta de los dos maestros del f\u00fatbol Uruguayo: Juan Harley, catedr\u00e1tico del juego, rey de los centre halfs cl\u00e1sicos, el que ense\u00f1o en nuestro pa\u00eds que para jugar al f\u00fatbol, no se necesita correr como loco atr\u00e1s de la pelota. El diminuto Ingl\u00e9s que asom\u00f3 con su arte, con su cerebral juego, calmosamente, gigantesco en su f\u00edsico escaso y sus piernas combadas.<\/em><\/p>\n<p style=\"text-align: justify;\"><em>Y Jos\u00e9 Piendibene, el maestro criollo, el Inigualado, el hombre piloteando la l\u00ednea delantera, fue orfebre, estilista maravilla que aclam\u00f3 el pueblo de Am\u00e9rica entera rendido de admiraci\u00f3n ante exhibiciones de sello inconfundible casi m\u00e1gico\u2026.\u201d<\/em><\/p>\n<p style=\"text-align: justify;\">De esta forma qued\u00f3 escrita una de las p\u00e1ginas m\u00e1s gloriosas en la historia de nuestro club y una de las m\u00e1s humillantes en la historia de nuestro tradicional rival. Tambi\u00e9n, por qu\u00e9 no decirlo, una de las m\u00e1s destacadas en la historia del viejo Parque Central, ese escenario que desde sus or\u00edgenes estuvo vinculado al Club Atl\u00e9tico Pe\u00f1arol y en donde nos hemos encargado de escribir a fuego el nombre de nuestra instituci\u00f3n.<\/p>\n<p><span style=\"color: #ffcc00;\"><strong>Pe\u00f1arol 7 &#8211; 3 Nacional<\/strong><\/span><\/p>\n<p style=\"text-align: justify;\">Pe\u00f1arol form\u00f3 con: <strong>L. Solanas, C. Ronzoni, E. Pintos, C. Camacho, J. Harley, G. Manito, A. Betucci, L. Quaglia, J. Piendibene, J. Cavanessi, A. Romano.<\/strong><\/p>\n<p style=\"text-align: justify;\">Nacional form\u00f3 con: <strong>S. de Pauli, F. Castellino, F. Machado, S\u00e1nchez, Abd\u00f3n Porte, F. Varela, P. Mazzullo, R. Vallarino, A. Brienza, A. Landoni, P. Somma.<\/strong><\/p>\n<p style=\"text-align: justify;\"><strong><span style=\"color: #ffcc00;\">Goles:<\/span> 26\u2032 Somma (N); 30\u2032 Canavessi (P); 33\u2032 Quaglia (P); 34\u2032 Landoni (N); 46\u2032 Canavessi (P) (de penal); 58\u2032 Piendibene (P); 70\u2032 Romano (P); 88\u2032 Quaglia (P); 89\u2032 Landoni (N); 90\u2032 Piendibene (P).<\/strong><\/p>\n","protected":false},"excerpt":{"rendered":"<p>El 1 de Noviembre de 1911, en la propia casa del rival de todas las horas, Pe\u00f1arol destroz\u00f3 a Nacional en un partido que quedar\u00e1 para siempre en nuestro recuerdo \u2013y el de ellos-. En el Viejo Parque Central, el decano apabull\u00f3 a los albos por un tanteador de 7 a 3. Vale la pena [&hellip;]<\/p>\n","protected":false},"author":1,"featured_media":0,"parent":5170,"menu_order":11,"comment_status":"open","ping_status":"closed","template":"","meta":{"footnotes":""},"yoast_head":"<!-- This site is optimized with the Yoast SEO plugin v23.2 - https:\/\/yoast.com\/wordpress\/plugins\/seo\/ -->\n<title>Pe\u00f1arol 7 - 3 Nacional: el mayor tanteador en la historia de los cl\u00e1sicos - Padre y Decano - El Sitio del Pueblo<\/title>\n<meta name=\"robots\" content=\"index, follow, max-snippet:-1, max-image-preview:large, max-video-preview:-1\" \/>\n<link rel=\"canonical\" href=\"https:\/\/www.padreydecano.com\/cms\/historias-clasicas\/la-mayor-goleada-clasica\/\" \/>\n<meta property=\"og:locale\" content=\"es_ES\" \/>\n<meta property=\"og:type\" content=\"article\" \/>\n<meta property=\"og:title\" content=\"Pe\u00f1arol 7 - 3 Nacional: el mayor tanteador en la historia de los cl\u00e1sicos - Padre y Decano - El Sitio del Pueblo\" \/>\n<meta property=\"og:description\" content=\"El 1 de Noviembre de 1911, en la propia casa del rival de todas las horas, Pe\u00f1arol destroz\u00f3 a Nacional en un partido que quedar\u00e1 para siempre en nuestro recuerdo \u2013y el de ellos-. En el Viejo Parque Central, el decano apabull\u00f3 a los albos por un tanteador de 7 a 3. Vale la pena [&hellip;]\" \/>\n<meta property=\"og:url\" content=\"https:\/\/www.padreydecano.com\/cms\/historias-clasicas\/la-mayor-goleada-clasica\/\" \/>\n<meta property=\"og:site_name\" content=\"Padre y Decano - El Sitio del Pueblo\" \/>\n<meta property=\"article:modified_time\" content=\"2020-10-30T00:23:35+00:00\" \/>\n<meta property=\"og:image\" content=\"http:\/\/www.padreydecano.com\/cms\/wp-content\/uploads\/2011\/10\/1911.jpg\" \/>\n<meta name=\"twitter:card\" content=\"summary_large_image\" \/>\n<meta name=\"twitter:label1\" content=\"Tiempo de lectura\" \/>\n\t<meta name=\"twitter:data1\" content=\"4 minutos\" \/>\n<script type=\"application\/ld+json\" class=\"yoast-schema-graph\">{\"@context\":\"https:\/\/schema.org\",\"@graph\":[{\"@type\":\"WebPage\",\"@id\":\"https:\/\/www.padreydecano.com\/cms\/historias-clasicas\/la-mayor-goleada-clasica\/\",\"url\":\"https:\/\/www.padreydecano.com\/cms\/historias-clasicas\/la-mayor-goleada-clasica\/\",\"name\":\"Pe\u00f1arol 7 - 3 Nacional: el mayor tanteador en la historia de los cl\u00e1sicos - Padre y Decano - El Sitio del Pueblo\",\"isPartOf\":{\"@id\":\"https:\/\/www.padreydecano.com\/cms\/#website\"},\"primaryImageOfPage\":{\"@id\":\"https:\/\/www.padreydecano.com\/cms\/historias-clasicas\/la-mayor-goleada-clasica\/#primaryimage\"},\"image\":{\"@id\":\"https:\/\/www.padreydecano.com\/cms\/historias-clasicas\/la-mayor-goleada-clasica\/#primaryimage\"},\"thumbnailUrl\":\"http:\/\/www.padreydecano.com\/cms\/wp-content\/uploads\/2011\/10\/1911.jpg\",\"datePublished\":\"2011-10-31T10:32:03+00:00\",\"dateModified\":\"2020-10-30T00:23:35+00:00\",\"breadcrumb\":{\"@id\":\"https:\/\/www.padreydecano.com\/cms\/historias-clasicas\/la-mayor-goleada-clasica\/#breadcrumb\"},\"inLanguage\":\"es\",\"potentialAction\":[{\"@type\":\"ReadAction\",\"target\":[\"https:\/\/www.padreydecano.com\/cms\/historias-clasicas\/la-mayor-goleada-clasica\/\"]}]},{\"@type\":\"ImageObject\",\"inLanguage\":\"es\",\"@id\":\"https:\/\/www.padreydecano.com\/cms\/historias-clasicas\/la-mayor-goleada-clasica\/#primaryimage\",\"url\":\"http:\/\/www.padreydecano.com\/cms\/wp-content\/uploads\/2011\/10\/1911.jpg\",\"contentUrl\":\"http:\/\/www.padreydecano.com\/cms\/wp-content\/uploads\/2011\/10\/1911.jpg\"},{\"@type\":\"BreadcrumbList\",\"@id\":\"https:\/\/www.padreydecano.com\/cms\/historias-clasicas\/la-mayor-goleada-clasica\/#breadcrumb\",\"itemListElement\":[{\"@type\":\"ListItem\",\"position\":1,\"name\":\"Portada\",\"item\":\"https:\/\/www.padreydecano.com\/cms\/\"},{\"@type\":\"ListItem\",\"position\":2,\"name\":\"Historias Cl\u00e1sicas\",\"item\":\"https:\/\/www.padreydecano.com\/cms\/historias-clasicas\/\"},{\"@type\":\"ListItem\",\"position\":3,\"name\":\"Pe\u00f1arol 7 &#8211; 3 Nacional: el mayor tanteador en la historia de los cl\u00e1sicos\"}]},{\"@type\":\"WebSite\",\"@id\":\"https:\/\/www.padreydecano.com\/cms\/#website\",\"url\":\"https:\/\/www.padreydecano.com\/cms\/\",\"name\":\"Padre y Decano - El Sitio del Pueblo\",\"description\":\"Club Atl\u00e9tico Pe\u00f1arol\",\"publisher\":{\"@id\":\"https:\/\/www.padreydecano.com\/cms\/#organization\"},\"potentialAction\":[{\"@type\":\"SearchAction\",\"target\":{\"@type\":\"EntryPoint\",\"urlTemplate\":\"https:\/\/www.padreydecano.com\/cms\/?s={search_term_string}\"},\"query-input\":\"required name=search_term_string\"}],\"inLanguage\":\"es\"},{\"@type\":\"Organization\",\"@id\":\"https:\/\/www.padreydecano.com\/cms\/#organization\",\"name\":\"Padre y Decano\",\"url\":\"https:\/\/www.padreydecano.com\/cms\/\",\"logo\":{\"@type\":\"ImageObject\",\"inLanguage\":\"es\",\"@id\":\"https:\/\/www.padreydecano.com\/cms\/#\/schema\/logo\/image\/\",\"url\":\"https:\/\/www.padreydecano.com\/cms\/wp-content\/uploads\/2022\/01\/avatar-square.png\",\"contentUrl\":\"https:\/\/www.padreydecano.com\/cms\/wp-content\/uploads\/2022\/01\/avatar-square.png\",\"width\":1500,\"height\":1500,\"caption\":\"Padre y Decano\"},\"image\":{\"@id\":\"https:\/\/www.padreydecano.com\/cms\/#\/schema\/logo\/image\/\"}}]}<\/script>\n<!-- \/ Yoast SEO plugin. -->","yoast_head_json":{"title":"Pe\u00f1arol 7 - 3 Nacional: el mayor tanteador en la historia de los cl\u00e1sicos - Padre y Decano - El Sitio del Pueblo","robots":{"index":"index","follow":"follow","max-snippet":"max-snippet:-1","max-image-preview":"max-image-preview:large","max-video-preview":"max-video-preview:-1"},"canonical":"https:\/\/www.padreydecano.com\/cms\/historias-clasicas\/la-mayor-goleada-clasica\/","og_locale":"es_ES","og_type":"article","og_title":"Pe\u00f1arol 7 - 3 Nacional: el mayor tanteador en la historia de los cl\u00e1sicos - Padre y Decano - El Sitio del Pueblo","og_description":"El 1 de Noviembre de 1911, en la propia casa del rival de todas las horas, Pe\u00f1arol destroz\u00f3 a Nacional en un partido que quedar\u00e1 para siempre en nuestro recuerdo \u2013y el de ellos-. En el Viejo Parque Central, el decano apabull\u00f3 a los albos por un tanteador de 7 a 3. Vale la pena [&hellip;]","og_url":"https:\/\/www.padreydecano.com\/cms\/historias-clasicas\/la-mayor-goleada-clasica\/","og_site_name":"Padre y Decano - El Sitio del Pueblo","article_modified_time":"2020-10-30T00:23:35+00:00","og_image":[{"url":"http:\/\/www.padreydecano.com\/cms\/wp-content\/uploads\/2011\/10\/1911.jpg"}],"twitter_card":"summary_large_image","twitter_misc":{"Tiempo de lectura":"4 minutos"},"schema":{"@context":"https:\/\/schema.org","@graph":[{"@type":"WebPage","@id":"https:\/\/www.padreydecano.com\/cms\/historias-clasicas\/la-mayor-goleada-clasica\/","url":"https:\/\/www.padreydecano.com\/cms\/historias-clasicas\/la-mayor-goleada-clasica\/","name":"Pe\u00f1arol 7 - 3 Nacional: el mayor tanteador en la historia de los cl\u00e1sicos - Padre y Decano - El Sitio del Pueblo","isPartOf":{"@id":"https:\/\/www.padreydecano.com\/cms\/#website"},"primaryImageOfPage":{"@id":"https:\/\/www.padreydecano.com\/cms\/historias-clasicas\/la-mayor-goleada-clasica\/#primaryimage"},"image":{"@id":"https:\/\/www.padreydecano.com\/cms\/historias-clasicas\/la-mayor-goleada-clasica\/#primaryimage"},"thumbnailUrl":"http:\/\/www.padreydecano.com\/cms\/wp-content\/uploads\/2011\/10\/1911.jpg","datePublished":"2011-10-31T10:32:03+00:00","dateModified":"2020-10-30T00:23:35+00:00","breadcrumb":{"@id":"https:\/\/www.padreydecano.com\/cms\/historias-clasicas\/la-mayor-goleada-clasica\/#breadcrumb"},"inLanguage":"es","potentialAction":[{"@type":"ReadAction","target":["https:\/\/www.padreydecano.com\/cms\/historias-clasicas\/la-mayor-goleada-clasica\/"]}]},{"@type":"ImageObject","inLanguage":"es","@id":"https:\/\/www.padreydecano.com\/cms\/historias-clasicas\/la-mayor-goleada-clasica\/#primaryimage","url":"http:\/\/www.padreydecano.com\/cms\/wp-content\/uploads\/2011\/10\/1911.jpg","contentUrl":"http:\/\/www.padreydecano.com\/cms\/wp-content\/uploads\/2011\/10\/1911.jpg"},{"@type":"BreadcrumbList","@id":"https:\/\/www.padreydecano.com\/cms\/historias-clasicas\/la-mayor-goleada-clasica\/#breadcrumb","itemListElement":[{"@type":"ListItem","position":1,"name":"Portada","item":"https:\/\/www.padreydecano.com\/cms\/"},{"@type":"ListItem","position":2,"name":"Historias Cl\u00e1sicas","item":"https:\/\/www.padreydecano.com\/cms\/historias-clasicas\/"},{"@type":"ListItem","position":3,"name":"Pe\u00f1arol 7 &#8211; 3 Nacional: el mayor tanteador en la historia de los cl\u00e1sicos"}]},{"@type":"WebSite","@id":"https:\/\/www.padreydecano.com\/cms\/#website","url":"https:\/\/www.padreydecano.com\/cms\/","name":"Padre y Decano - El Sitio del Pueblo","description":"Club Atl\u00e9tico Pe\u00f1arol","publisher":{"@id":"https:\/\/www.padreydecano.com\/cms\/#organization"},"potentialAction":[{"@type":"SearchAction","target":{"@type":"EntryPoint","urlTemplate":"https:\/\/www.padreydecano.com\/cms\/?s={search_term_string}"},"query-input":"required name=search_term_string"}],"inLanguage":"es"},{"@type":"Organization","@id":"https:\/\/www.padreydecano.com\/cms\/#organization","name":"Padre y Decano","url":"https:\/\/www.padreydecano.com\/cms\/","logo":{"@type":"ImageObject","inLanguage":"es","@id":"https:\/\/www.padreydecano.com\/cms\/#\/schema\/logo\/image\/","url":"https:\/\/www.padreydecano.com\/cms\/wp-content\/uploads\/2022\/01\/avatar-square.png","contentUrl":"https:\/\/www.padreydecano.com\/cms\/wp-content\/uploads\/2022\/01\/avatar-square.png","width":1500,"height":1500,"caption":"Padre y Decano"},"image":{"@id":"https:\/\/www.padreydecano.com\/cms\/#\/schema\/logo\/image\/"}}]}},"_links":{"self":[{"href":"https:\/\/www.padreydecano.com\/cms\/wp-json\/wp\/v2\/pages\/7178"}],"collection":[{"href":"https:\/\/www.padreydecano.com\/cms\/wp-json\/wp\/v2\/pages"}],"about":[{"href":"https:\/\/www.padreydecano.com\/cms\/wp-json\/wp\/v2\/types\/page"}],"author":[{"embeddable":true,"href":"https:\/\/www.padreydecano.com\/cms\/wp-json\/wp\/v2\/users\/1"}],"replies":[{"embeddable":true,"href":"https:\/\/www.padreydecano.com\/cms\/wp-json\/wp\/v2\/comments?post=7178"}],"version-history":[{"count":0,"href":"https:\/\/www.padreydecano.com\/cms\/wp-json\/wp\/v2\/pages\/7178\/revisions"}],"up":[{"embeddable":true,"href":"https:\/\/www.padreydecano.com\/cms\/wp-json\/wp\/v2\/pages\/5170"}],"wp:attachment":[{"href":"https:\/\/www.padreydecano.com\/cms\/wp-json\/wp\/v2\/media?parent=7178"}],"curies":[{"name":"wp","href":"https:\/\/api.w.org\/{rel}","templated":true}]}}