{"id":7089,"date":"2011-10-31T12:11:33","date_gmt":"2011-10-31T14:11:33","guid":{"rendered":"http:\/\/www.padreydecano.com\/cms\/?page_id=7089"},"modified":"2012-07-06T13:59:48","modified_gmt":"2012-07-06T16:59:48","slug":"videos","status":"publish","type":"page","link":"https:\/\/www.padreydecano.com\/cms\/la-bandera-mas-grande-del-mundo\/videos\/","title":{"rendered":"Videos"},"content":{"rendered":"<p>&nbsp;<\/p>\n<div align=\"center\">\n<table class=\"video\">\n<tbody>\n<tr>\n<td><iframe loading=\"lazy\" src=\"http:\/\/www.youtube.com\/embed\/A22kCTDL_x0?wmode=transparent\" frameborder=\"0\" width=\"420\" height=\"315\"><\/iframe><\/td>\n<\/tr>\n<\/tbody>\n<\/table>\n<p style=\"text-align: center; margin-top: 15px;\">Primer video referente a la bandera. En \u00e9l se puede ver a los jugadores del plantel principal de Pe\u00f1arol de aquel entonces comprometi\u00e9ndose con la campa\u00f1a de la bandera.<\/p>\n<div align=\"center\">\n<table class=\"video\">\n<tbody>\n<tr>\n<td><iframe loading=\"lazy\" src=\"http:\/\/www.youtube.com\/embed\/KhsObMaLW4M?wmode=transparent\" frameborder=\"0\" width=\"420\" height=\"315\"><\/iframe><\/td>\n<\/tr>\n<\/tbody>\n<\/table>\n<p style=\"text-align: center; margin-top: 15px;\">Video creado por hinchas en el que se ven las primeras im\u00e1genes de la bandera en su etapa de confecci\u00f3n.<\/p>\n<div align=\"center\">\n<table class=\"video\">\n<tbody>\n<tr>\n<td><iframe loading=\"lazy\" src=\"http:\/\/www.youtube.com\/embed\/wHE5ISrnM00?wmode=transparent\" frameborder=\"0\" width=\"560\" height=\"315\"><\/iframe><\/td>\n<\/tr>\n<\/tbody>\n<\/table>\n<p style=\"text-align: center; margin-top: 15px;\">Video oficial que fue presentado en los medios de prensa y en la pantalla gigante del Estadio Centenario.<\/p>\n<div align=\"center\">\n<table class=\"video\">\n<tbody>\n<tr>\n<td><iframe loading=\"lazy\" src=\"http:\/\/www.youtube.com\/embed\/GtPeMPIrgPs?wmode=transparent\" frameborder=\"0\" width=\"420\" height=\"315\"><\/iframe><\/td>\n<\/tr>\n<\/tbody>\n<\/table>\n<p style=\"text-align: center; margin-top: 15px;\">Entrevista del portal Observa con uno de los ide\u00f3logos de la bandera.<\/p>\n<div align=\"center\">\n<table class=\"video\">\n<tbody>\n<tr>\n<td><iframe loading=\"lazy\" src=\"http:\/\/www.youtube.com\/embed\/7b_D83pQ6L0?wmode=transparent\" frameborder=\"0\" width=\"420\" height=\"315\"><\/iframe><\/td>\n<\/tr>\n<\/tbody>\n<\/table>\n<p style=\"text-align: center; margin-top: 15px;\">Informe de Canal 12 del momento que la bandera se estaba yendo del C.A.R. rumbo al Estadio.<\/p>\n<div align=\"center\">\n<table class=\"video\">\n<tbody>\n<tr>\n<td><iframe loading=\"lazy\" src=\"http:\/\/www.youtube.com\/embed\/g922ZpbmBi8?wmode=transparent\" frameborder=\"0\" width=\"560\" height=\"315\"><\/iframe><\/td>\n<\/tr>\n<\/tbody>\n<\/table>\n<p style=\"text-align: center; margin-top: 15px;\">El recibimiento del primer tiempo ante Independiente por la Copa Libertadores 2011<\/p>\n<\/div>\n<\/div>\n<\/div>\n<\/div>\n<\/div>\n<\/div>\n","protected":false},"excerpt":{"rendered":"<p>&nbsp; Primer video referente a la bandera. En \u00e9l se puede ver a los jugadores del plantel principal de Pe\u00f1arol de aquel entonces comprometi\u00e9ndose con la campa\u00f1a de la bandera. Video creado por hinchas en el que se ven las primeras im\u00e1genes de la bandera en su etapa de confecci\u00f3n. Video oficial que fue presentado [&hellip;]<\/p>\n","protected":false},"author":13,"featured_media":0,"parent":7232,"menu_order":1,"comment_status":"open","ping_status":"closed","template":"","meta":{"footnotes":""},"yoast_head":"<!-- This site is optimized with the Yoast SEO plugin v23.2 - https:\/\/yoast.com\/wordpress\/plugins\/seo\/ -->\n<title>Videos - Padre y Decano - El Sitio del Pueblo<\/title>\n<meta name=\"robots\" content=\"index, follow, max-snippet:-1, max-image-preview:large, max-video-preview:-1\" \/>\n<link rel=\"canonical\" href=\"https:\/\/www.padreydecano.com\/cms\/la-bandera-mas-grande-del-mundo\/videos\/\" \/>\n<meta property=\"og:locale\" content=\"es_ES\" \/>\n<meta property=\"og:type\" content=\"article\" \/>\n<meta property=\"og:title\" content=\"Videos - Padre y Decano - El Sitio del Pueblo\" \/>\n<meta property=\"og:description\" content=\"&nbsp; Primer video referente a la bandera. En \u00e9l se puede ver a los jugadores del plantel principal de Pe\u00f1arol de aquel entonces comprometi\u00e9ndose con la campa\u00f1a de la bandera. Video creado por hinchas en el que se ven las primeras im\u00e1genes de la bandera en su etapa de confecci\u00f3n. Video oficial que fue presentado [&hellip;]\" \/>\n<meta property=\"og:url\" content=\"https:\/\/www.padreydecano.com\/cms\/la-bandera-mas-grande-del-mundo\/videos\/\" \/>\n<meta property=\"og:site_name\" content=\"Padre y Decano - El Sitio del Pueblo\" \/>\n<meta property=\"article:modified_time\" content=\"2012-07-06T16:59:48+00:00\" \/>\n<meta property=\"og:image\" content=\"https:\/\/www.padreydecano.com\/cms\/wp-content\/uploads\/2022\/01\/10-anos-post.jpg\" \/>\n\t<meta property=\"og:image:width\" content=\"1200\" \/>\n\t<meta property=\"og:image:height\" content=\"912\" \/>\n\t<meta property=\"og:image:type\" content=\"image\/jpeg\" \/>\n<meta name=\"twitter:card\" content=\"summary_large_image\" \/>\n<meta name=\"twitter:label1\" content=\"Tiempo de lectura\" \/>\n\t<meta name=\"twitter:data1\" content=\"1 minuto\" \/>\n<script type=\"application\/ld+json\" class=\"yoast-schema-graph\">{\"@context\":\"https:\/\/schema.org\",\"@graph\":[{\"@type\":\"WebPage\",\"@id\":\"https:\/\/www.padreydecano.com\/cms\/la-bandera-mas-grande-del-mundo\/videos\/\",\"url\":\"https:\/\/www.padreydecano.com\/cms\/la-bandera-mas-grande-del-mundo\/videos\/\",\"name\":\"Videos - Padre y Decano - El Sitio del Pueblo\",\"isPartOf\":{\"@id\":\"https:\/\/www.padreydecano.com\/cms\/#website\"},\"datePublished\":\"2011-10-31T14:11:33+00:00\",\"dateModified\":\"2012-07-06T16:59:48+00:00\",\"breadcrumb\":{\"@id\":\"https:\/\/www.padreydecano.com\/cms\/la-bandera-mas-grande-del-mundo\/videos\/#breadcrumb\"},\"inLanguage\":\"es\",\"potentialAction\":[{\"@type\":\"ReadAction\",\"target\":[\"https:\/\/www.padreydecano.com\/cms\/la-bandera-mas-grande-del-mundo\/videos\/\"]}]},{\"@type\":\"BreadcrumbList\",\"@id\":\"https:\/\/www.padreydecano.com\/cms\/la-bandera-mas-grande-del-mundo\/videos\/#breadcrumb\",\"itemListElement\":[{\"@type\":\"ListItem\",\"position\":1,\"name\":\"Portada\",\"item\":\"https:\/\/www.padreydecano.com\/cms\/\"},{\"@type\":\"ListItem\",\"position\":2,\"name\":\"La Bandera M\u00e1s Grande del Mundo\",\"item\":\"https:\/\/www.padreydecano.com\/cms\/la-bandera-mas-grande-del-mundo\/\"},{\"@type\":\"ListItem\",\"position\":3,\"name\":\"Videos\"}]},{\"@type\":\"WebSite\",\"@id\":\"https:\/\/www.padreydecano.com\/cms\/#website\",\"url\":\"https:\/\/www.padreydecano.com\/cms\/\",\"name\":\"Padre y Decano - El Sitio del Pueblo\",\"description\":\"Club Atl\u00e9tico Pe\u00f1arol\",\"publisher\":{\"@id\":\"https:\/\/www.padreydecano.com\/cms\/#organization\"},\"potentialAction\":[{\"@type\":\"SearchAction\",\"target\":{\"@type\":\"EntryPoint\",\"urlTemplate\":\"https:\/\/www.padreydecano.com\/cms\/?s={search_term_string}\"},\"query-input\":\"required name=search_term_string\"}],\"inLanguage\":\"es\"},{\"@type\":\"Organization\",\"@id\":\"https:\/\/www.padreydecano.com\/cms\/#organization\",\"name\":\"Padre y Decano\",\"url\":\"https:\/\/www.padreydecano.com\/cms\/\",\"logo\":{\"@type\":\"ImageObject\",\"inLanguage\":\"es\",\"@id\":\"https:\/\/www.padreydecano.com\/cms\/#\/schema\/logo\/image\/\",\"url\":\"https:\/\/www.padreydecano.com\/cms\/wp-content\/uploads\/2022\/01\/avatar-square.png\",\"contentUrl\":\"https:\/\/www.padreydecano.com\/cms\/wp-content\/uploads\/2022\/01\/avatar-square.png\",\"width\":1500,\"height\":1500,\"caption\":\"Padre y Decano\"},\"image\":{\"@id\":\"https:\/\/www.padreydecano.com\/cms\/#\/schema\/logo\/image\/\"}}]}<\/script>\n<!-- \/ Yoast SEO plugin. -->","yoast_head_json":{"title":"Videos - Padre y Decano - El Sitio del Pueblo","robots":{"index":"index","follow":"follow","max-snippet":"max-snippet:-1","max-image-preview":"max-image-preview:large","max-video-preview":"max-video-preview:-1"},"canonical":"https:\/\/www.padreydecano.com\/cms\/la-bandera-mas-grande-del-mundo\/videos\/","og_locale":"es_ES","og_type":"article","og_title":"Videos - Padre y Decano - El Sitio del Pueblo","og_description":"&nbsp; Primer video referente a la bandera. En \u00e9l se puede ver a los jugadores del plantel principal de Pe\u00f1arol de aquel entonces comprometi\u00e9ndose con la campa\u00f1a de la bandera. Video creado por hinchas en el que se ven las primeras im\u00e1genes de la bandera en su etapa de confecci\u00f3n. Video oficial que fue presentado [&hellip;]","og_url":"https:\/\/www.padreydecano.com\/cms\/la-bandera-mas-grande-del-mundo\/videos\/","og_site_name":"Padre y Decano - El Sitio del Pueblo","article_modified_time":"2012-07-06T16:59:48+00:00","og_image":[{"width":1200,"height":912,"url":"https:\/\/www.padreydecano.com\/cms\/wp-content\/uploads\/2022\/01\/10-anos-post.jpg","type":"image\/jpeg"}],"twitter_card":"summary_large_image","twitter_misc":{"Tiempo de lectura":"1 minuto"},"schema":{"@context":"https:\/\/schema.org","@graph":[{"@type":"WebPage","@id":"https:\/\/www.padreydecano.com\/cms\/la-bandera-mas-grande-del-mundo\/videos\/","url":"https:\/\/www.padreydecano.com\/cms\/la-bandera-mas-grande-del-mundo\/videos\/","name":"Videos - Padre y Decano - El Sitio del Pueblo","isPartOf":{"@id":"https:\/\/www.padreydecano.com\/cms\/#website"},"datePublished":"2011-10-31T14:11:33+00:00","dateModified":"2012-07-06T16:59:48+00:00","breadcrumb":{"@id":"https:\/\/www.padreydecano.com\/cms\/la-bandera-mas-grande-del-mundo\/videos\/#breadcrumb"},"inLanguage":"es","potentialAction":[{"@type":"ReadAction","target":["https:\/\/www.padreydecano.com\/cms\/la-bandera-mas-grande-del-mundo\/videos\/"]}]},{"@type":"BreadcrumbList","@id":"https:\/\/www.padreydecano.com\/cms\/la-bandera-mas-grande-del-mundo\/videos\/#breadcrumb","itemListElement":[{"@type":"ListItem","position":1,"name":"Portada","item":"https:\/\/www.padreydecano.com\/cms\/"},{"@type":"ListItem","position":2,"name":"La Bandera M\u00e1s Grande del Mundo","item":"https:\/\/www.padreydecano.com\/cms\/la-bandera-mas-grande-del-mundo\/"},{"@type":"ListItem","position":3,"name":"Videos"}]},{"@type":"WebSite","@id":"https:\/\/www.padreydecano.com\/cms\/#website","url":"https:\/\/www.padreydecano.com\/cms\/","name":"Padre y Decano - El Sitio del Pueblo","description":"Club Atl\u00e9tico Pe\u00f1arol","publisher":{"@id":"https:\/\/www.padreydecano.com\/cms\/#organization"},"potentialAction":[{"@type":"SearchAction","target":{"@type":"EntryPoint","urlTemplate":"https:\/\/www.padreydecano.com\/cms\/?s={search_term_string}"},"query-input":"required name=search_term_string"}],"inLanguage":"es"},{"@type":"Organization","@id":"https:\/\/www.padreydecano.com\/cms\/#organization","name":"Padre y Decano","url":"https:\/\/www.padreydecano.com\/cms\/","logo":{"@type":"ImageObject","inLanguage":"es","@id":"https:\/\/www.padreydecano.com\/cms\/#\/schema\/logo\/image\/","url":"https:\/\/www.padreydecano.com\/cms\/wp-content\/uploads\/2022\/01\/avatar-square.png","contentUrl":"https:\/\/www.padreydecano.com\/cms\/wp-content\/uploads\/2022\/01\/avatar-square.png","width":1500,"height":1500,"caption":"Padre y Decano"},"image":{"@id":"https:\/\/www.padreydecano.com\/cms\/#\/schema\/logo\/image\/"}}]}},"_links":{"self":[{"href":"https:\/\/www.padreydecano.com\/cms\/wp-json\/wp\/v2\/pages\/7089"}],"collection":[{"href":"https:\/\/www.padreydecano.com\/cms\/wp-json\/wp\/v2\/pages"}],"about":[{"href":"https:\/\/www.padreydecano.com\/cms\/wp-json\/wp\/v2\/types\/page"}],"author":[{"embeddable":true,"href":"https:\/\/www.padreydecano.com\/cms\/wp-json\/wp\/v2\/users\/13"}],"replies":[{"embeddable":true,"href":"https:\/\/www.padreydecano.com\/cms\/wp-json\/wp\/v2\/comments?post=7089"}],"version-history":[{"count":0,"href":"https:\/\/www.padreydecano.com\/cms\/wp-json\/wp\/v2\/pages\/7089\/revisions"}],"up":[{"embeddable":true,"href":"https:\/\/www.padreydecano.com\/cms\/wp-json\/wp\/v2\/pages\/7232"}],"wp:attachment":[{"href":"https:\/\/www.padreydecano.com\/cms\/wp-json\/wp\/v2\/media?parent=7089"}],"curies":[{"name":"wp","href":"https:\/\/api.w.org\/{rel}","templated":true}]}}