{"id":70765,"date":"2019-05-27T16:52:26","date_gmt":"2019-05-27T19:52:26","guid":{"rendered":"http:\/\/www.padreydecano.com\/cms\/?page_id=70765"},"modified":"2019-05-27T16:52:26","modified_gmt":"2019-05-27T19:52:26","slug":"el-goleador-olvidado","status":"publish","type":"page","link":"https:\/\/www.padreydecano.com\/cms\/idolos\/el-goleador-olvidado\/","title":{"rendered":"El goleador olvidado"},"content":{"rendered":"<p><a href=\"https:\/\/www.padreydecano.com\/cms\/wp-content\/uploads\/2019\/05\/NicoFaleroPyD.jpg\" rel=\"shadowbox[sbpost-70765];player=img;\"><img loading=\"lazy\" decoding=\"async\" class=\"aligncenter size-full wp-image-70795\" src=\"https:\/\/www.padreydecano.com\/cms\/wp-content\/uploads\/2019\/05\/NicoFaleroPyD.jpg\" alt=\"\" width=\"1280\" height=\"720\" srcset=\"https:\/\/www.padreydecano.com\/cms\/wp-content\/uploads\/2019\/05\/NicoFaleroPyD.jpg 1280w, https:\/\/www.padreydecano.com\/cms\/wp-content\/uploads\/2019\/05\/NicoFaleroPyD-600x338.jpg 600w, https:\/\/www.padreydecano.com\/cms\/wp-content\/uploads\/2019\/05\/NicoFaleroPyD-768x432.jpg 768w, https:\/\/www.padreydecano.com\/cms\/wp-content\/uploads\/2019\/05\/NicoFaleroPyD-1024x576.jpg 1024w\" sizes=\"(max-width: 1280px) 100vw, 1280px\" \/><\/a><\/p>\n<p style=\"text-align: justify;\"><strong>Nicol\u00e1s Falero fue uno de los grandes delanteros de la d\u00e9cada del 40. En Pe\u00f1arol obtuvo varios campeonatos y algunos records importantes, la aparici\u00f3n fulgurante de \u00d3scar Omar M\u00edguez hizo que perdiera su lugar en el equipo carbonero, padreydecano.com repasa la historia de un gran goleador.<\/strong><\/p>\n<p style=\"text-align: justify;\">Naci\u00f3 el 11 de enero de 1921 en el cruce de Avenida Italia y Comercio, pronto se mud\u00f3 al barrio de La Uni\u00f3n donde combin\u00f3 el f\u00fatbol en \u201cPe\u00f1arol-Doge\u201d y el trabajo en la panader\u00eda \u201cEl Ancla\u201d. Sus comienzos fueron de n\u00famero 10, altern\u00f3 en \u201cValpara\u00edso\u201d, entre otros equipos de barrio hasta que surgi\u00f3 la posibilidad de un club profesional.<\/p>\n<p style=\"text-align: justify;\">\u201cMe llevaron a Central una de las instituciones a las que m\u00e1s he querido en la vida junto a Pe\u00f1arol, del que he sido y seguir\u00e9 siendo hincha\u00bb,comentaba en El Diario. En las divisiones menores del conjunto palermitano hizo muchos goles y puli\u00f3 su destreza; \u201cfue ah\u00ed que comenc\u00e9 a practicar con la izquierda que al principio era la de palo y al final llegu\u00e9 a manejar mejor que la derecha\u201d.<\/p>\n<p style=\"text-align: justify;\">Juan L\u00f3pez, quien luego ser\u00eda el entrenador campe\u00f3n del Mundo en Maracan\u00e1 1950 y Pe\u00f1arol lo ayud\u00f3 con los fundamentos del balompi\u00e9. En 1939 lleg\u00f3 el ansiado debut en Primera Divisi\u00f3n; el estreno en la m\u00e1xima categor\u00eda fue con gol y triunfo 3 a 1 ante Wanderers. El arquero era Juan Jos\u00e9 Carvid\u00f3n \u201cel Pez volador\u201d.<\/p>\n<p style=\"text-align: justify;\">En 1944 Falero logr\u00f3 con Central una haza\u00f1a inigualada para un equipo chico hasta ese momento; el Campeonato Competencia de 1944 en car\u00e1cter de invicto. Un equipo que cont\u00f3 con jugadores consagrados como Julio Barrios (ex mirasol), Pedro Larisca, Walter G\u00f3mez, Conrado P\u00e9rez y Rogelio Mart\u00ednez (hincha de Pe\u00f1arol que festej\u00f3 un gol en el Parque Central haciendo alusi\u00f3n a los intentos de soborno comprobados de dirigentes tricolores en ese a\u00f1o 1944). El t\u00e9cnico era Juan L\u00f3pez.<\/p>\n<p style=\"text-align: justify;\">En 1947 Pe\u00f1arol pag\u00f3 22.000 pesos por Falero, adem\u00e1s le dio a Central a varios jugadores importantes, Guti\u00e9rrez, Pi\u00f1eiro y Domingo Gelpi. <strong>\u201cEl pase fue como concretar un sue\u00f1o. Yo siempre he sido hincha de Pe\u00f1arol\u201d<\/strong>, coment\u00f3 Nicol\u00e1s, forma en la que lo llamaban cari\u00f1osamente. Fue un gran a\u00f1o en lo personal para el delantero, debut\u00f3 con tres dianas ante un equipo sanducero en un triunfo por 9 a 0, volvi\u00f3 a ser el goleador del Campeonato Uruguayo (lo hab\u00eda conseguido en 1945), cumpli\u00f3 con la premisa de anotarle a Nacional y fue el m\u00e1ximo scorer del Sudamericano de selecciones en Ecuador.<\/p>\n<p style=\"text-align: justify;\">El mismo a\u00f1o alcanz\u00f3 dos r\u00e9cords, hizo 11 goles en dos partidos, 5 a Central en el triunfo 6 a 2 y 6 a Cerro en la victoria 6 a 0. En el juego ante los villeros logr\u00f3 una marca que durar\u00eda 31 a\u00f1os hasta que Fernando Morena la rompiera el 16 de julio de 1978 al lograr 7 tantos ante Hurac\u00e1n Buceo. \u201cEstoy emocionado. Para m\u00ed es una gran alegr\u00eda, me emociona el hecho de que haya sido Morena el que bati\u00f3 el record. Me siento feliz porque soy hincha de Pe\u00f1arol y porque Morena es un fen\u00f3meno, un gran jugador, era el \u00fanico, solo \u00e9l\u201d, coment\u00f3 un emocionado Falero.<\/p>\n<p style=\"text-align: justify;\">En 1949 Em\u00e9rico Hirschl entrenador h\u00fangaro del club decano decidi\u00f3 postergar a Falero por un desconocido Omar M\u00edguez. \u201cEl h\u00fangaro lo miraba hacer chilenas y le dio el puesto. Pero me alegr\u00f3 porque M\u00edguez era un fen\u00f3meno y adem\u00e1s gran amigo\u201d. Ese a\u00f1o Nicol\u00e1s se dio el gusto de ser campe\u00f3n uruguayo. En el partido preliminar del cl\u00e1sico de la fuga, Falero anot\u00f3 en el triunfo 3 a 1. En 1951 pas\u00f3 a Cerro, Luis Tr\u00f3ccoli le consigui\u00f3 un empleo en la oficina de prensa de la Intendencia de Montevideo.<\/p>\n<p style=\"text-align: justify;\">Continu\u00f3 jugando en equipos del interior hasta los a\u00f1os 60; San Ram\u00f3n, Punta del Este, etc. En 1961 estuvo en la Divisi\u00f3n Intermedia con el club Mar de Fondo, al a\u00f1o siguiente fue campe\u00f3n con La Luz y ascendi\u00f3 a la B, siendo el goleador con 14 goles, ten\u00eda 41 a\u00f1os. Hasta los 57 a\u00f1os continu\u00f3 practicando f\u00fatbol amateur con los veteranos de Pe\u00f1arol. Falleci\u00f3 en 1986, siempre recordando su \u00e9poca de futbolista mirasol, siempre fiel a la ense\u00f1a aurinegra.<\/p>\n<p style=\"text-align: justify;\"><span style=\"color: #ffcc00;\"><strong>T\u00edtulos:<\/strong><\/span><\/p>\n<ul>\n<li style=\"text-align: justify;\"><strong>Competencia:<\/strong> 1944, 47 y 49.<\/li>\n<li style=\"text-align: justify;\"><strong> Honor:<\/strong> 1947, 49 y 50.<\/li>\n<li style=\"text-align: justify;\"><strong> Uruguayo:<\/strong> 1949.<\/li>\n<\/ul>\n<p style=\"text-align: justify;\"><span style=\"color: #ffcc00;\"><strong>Cl\u00e1sicos:<\/strong><\/span> Disput\u00f3 3, gan\u00f3 1, perdi\u00f3 1 y empat\u00f3 1. Anot\u00f3 dos goles.<\/p>\n<div class=\"user-wrapper\"><a class=\"userlink\" href=\"https:\/\/twitter.com\/wilsonmendez86\" target=\"_blank\"><figure><img decoding=\"async\" src=\"http:\/\/www.padreydecano.com\/cms\/wp-users-files\/postfirmas\/wilsonmendez86.jpg\" \/><\/figure><p class=\"user\"><strong>Wilson M&eacute;ndez<\/strong><br \/>@wilsonmendez86<\/p><\/a><\/div>\n","protected":false},"excerpt":{"rendered":"<p>Nicol\u00e1s Falero fue uno de los grandes delanteros de la d\u00e9cada del 40. En Pe\u00f1arol obtuvo varios campeonatos y algunos records importantes, la aparici\u00f3n fulgurante de \u00d3scar Omar M\u00edguez hizo que perdiera su lugar en el equipo carbonero, padreydecano.com repasa la historia de un gran goleador. Naci\u00f3 el 11 de enero de 1921 en el [&hellip;]<\/p>\n","protected":false},"author":2,"featured_media":70795,"parent":69,"menu_order":0,"comment_status":"closed","ping_status":"closed","template":"","meta":{"footnotes":""},"yoast_head":"<!-- This site is optimized with the Yoast SEO plugin v23.2 - https:\/\/yoast.com\/wordpress\/plugins\/seo\/ -->\n<title>El goleador olvidado - Padre y Decano - El Sitio del Pueblo<\/title>\n<meta name=\"robots\" content=\"index, follow, max-snippet:-1, max-image-preview:large, max-video-preview:-1\" \/>\n<link rel=\"canonical\" href=\"https:\/\/www.padreydecano.com\/cms\/idolos\/el-goleador-olvidado\/\" \/>\n<meta property=\"og:locale\" content=\"es_ES\" \/>\n<meta property=\"og:type\" content=\"article\" \/>\n<meta property=\"og:title\" content=\"El goleador olvidado - Padre y Decano - El Sitio del Pueblo\" \/>\n<meta property=\"og:description\" content=\"Nicol\u00e1s Falero fue uno de los grandes delanteros de la d\u00e9cada del 40. En Pe\u00f1arol obtuvo varios campeonatos y algunos records importantes, la aparici\u00f3n fulgurante de \u00d3scar Omar M\u00edguez hizo que perdiera su lugar en el equipo carbonero, padreydecano.com repasa la historia de un gran goleador. Naci\u00f3 el 11 de enero de 1921 en el [&hellip;]\" \/>\n<meta property=\"og:url\" content=\"https:\/\/www.padreydecano.com\/cms\/idolos\/el-goleador-olvidado\/\" \/>\n<meta property=\"og:site_name\" content=\"Padre y Decano - El Sitio del Pueblo\" \/>\n<meta property=\"og:image\" content=\"https:\/\/www.padreydecano.com\/cms\/wp-content\/uploads\/2019\/05\/NicoFaleroPyD.jpg\" \/>\n\t<meta property=\"og:image:width\" content=\"1280\" \/>\n\t<meta property=\"og:image:height\" content=\"720\" \/>\n\t<meta property=\"og:image:type\" content=\"image\/jpeg\" \/>\n<meta name=\"twitter:card\" content=\"summary_large_image\" \/>\n<meta name=\"twitter:label1\" content=\"Tiempo de lectura\" \/>\n\t<meta name=\"twitter:data1\" content=\"4 minutos\" \/>\n<script type=\"application\/ld+json\" class=\"yoast-schema-graph\">{\"@context\":\"https:\/\/schema.org\",\"@graph\":[{\"@type\":\"WebPage\",\"@id\":\"https:\/\/www.padreydecano.com\/cms\/idolos\/el-goleador-olvidado\/\",\"url\":\"https:\/\/www.padreydecano.com\/cms\/idolos\/el-goleador-olvidado\/\",\"name\":\"El goleador olvidado - Padre y Decano - El Sitio del Pueblo\",\"isPartOf\":{\"@id\":\"https:\/\/www.padreydecano.com\/cms\/#website\"},\"primaryImageOfPage\":{\"@id\":\"https:\/\/www.padreydecano.com\/cms\/idolos\/el-goleador-olvidado\/#primaryimage\"},\"image\":{\"@id\":\"https:\/\/www.padreydecano.com\/cms\/idolos\/el-goleador-olvidado\/#primaryimage\"},\"thumbnailUrl\":\"https:\/\/www.padreydecano.com\/cms\/wp-content\/uploads\/2019\/05\/NicoFaleroPyD.jpg\",\"datePublished\":\"2019-05-27T19:52:26+00:00\",\"dateModified\":\"2019-05-27T19:52:26+00:00\",\"breadcrumb\":{\"@id\":\"https:\/\/www.padreydecano.com\/cms\/idolos\/el-goleador-olvidado\/#breadcrumb\"},\"inLanguage\":\"es\",\"potentialAction\":[{\"@type\":\"ReadAction\",\"target\":[\"https:\/\/www.padreydecano.com\/cms\/idolos\/el-goleador-olvidado\/\"]}]},{\"@type\":\"ImageObject\",\"inLanguage\":\"es\",\"@id\":\"https:\/\/www.padreydecano.com\/cms\/idolos\/el-goleador-olvidado\/#primaryimage\",\"url\":\"https:\/\/www.padreydecano.com\/cms\/wp-content\/uploads\/2019\/05\/NicoFaleroPyD.jpg\",\"contentUrl\":\"https:\/\/www.padreydecano.com\/cms\/wp-content\/uploads\/2019\/05\/NicoFaleroPyD.jpg\",\"width\":1280,\"height\":720},{\"@type\":\"BreadcrumbList\",\"@id\":\"https:\/\/www.padreydecano.com\/cms\/idolos\/el-goleador-olvidado\/#breadcrumb\",\"itemListElement\":[{\"@type\":\"ListItem\",\"position\":1,\"name\":\"Portada\",\"item\":\"https:\/\/www.padreydecano.com\/cms\/\"},{\"@type\":\"ListItem\",\"position\":2,\"name\":\"\u00cddolos\",\"item\":\"https:\/\/www.padreydecano.com\/cms\/idolos\/\"},{\"@type\":\"ListItem\",\"position\":3,\"name\":\"El goleador olvidado\"}]},{\"@type\":\"WebSite\",\"@id\":\"https:\/\/www.padreydecano.com\/cms\/#website\",\"url\":\"https:\/\/www.padreydecano.com\/cms\/\",\"name\":\"Padre y Decano - El Sitio del Pueblo\",\"description\":\"Club Atl\u00e9tico Pe\u00f1arol\",\"publisher\":{\"@id\":\"https:\/\/www.padreydecano.com\/cms\/#organization\"},\"potentialAction\":[{\"@type\":\"SearchAction\",\"target\":{\"@type\":\"EntryPoint\",\"urlTemplate\":\"https:\/\/www.padreydecano.com\/cms\/?s={search_term_string}\"},\"query-input\":\"required name=search_term_string\"}],\"inLanguage\":\"es\"},{\"@type\":\"Organization\",\"@id\":\"https:\/\/www.padreydecano.com\/cms\/#organization\",\"name\":\"Padre y Decano\",\"url\":\"https:\/\/www.padreydecano.com\/cms\/\",\"logo\":{\"@type\":\"ImageObject\",\"inLanguage\":\"es\",\"@id\":\"https:\/\/www.padreydecano.com\/cms\/#\/schema\/logo\/image\/\",\"url\":\"https:\/\/www.padreydecano.com\/cms\/wp-content\/uploads\/2022\/01\/avatar-square.png\",\"contentUrl\":\"https:\/\/www.padreydecano.com\/cms\/wp-content\/uploads\/2022\/01\/avatar-square.png\",\"width\":1500,\"height\":1500,\"caption\":\"Padre y Decano\"},\"image\":{\"@id\":\"https:\/\/www.padreydecano.com\/cms\/#\/schema\/logo\/image\/\"}}]}<\/script>\n<!-- \/ Yoast SEO plugin. -->","yoast_head_json":{"title":"El goleador olvidado - Padre y Decano - El Sitio del Pueblo","robots":{"index":"index","follow":"follow","max-snippet":"max-snippet:-1","max-image-preview":"max-image-preview:large","max-video-preview":"max-video-preview:-1"},"canonical":"https:\/\/www.padreydecano.com\/cms\/idolos\/el-goleador-olvidado\/","og_locale":"es_ES","og_type":"article","og_title":"El goleador olvidado - Padre y Decano - El Sitio del Pueblo","og_description":"Nicol\u00e1s Falero fue uno de los grandes delanteros de la d\u00e9cada del 40. En Pe\u00f1arol obtuvo varios campeonatos y algunos records importantes, la aparici\u00f3n fulgurante de \u00d3scar Omar M\u00edguez hizo que perdiera su lugar en el equipo carbonero, padreydecano.com repasa la historia de un gran goleador. Naci\u00f3 el 11 de enero de 1921 en el [&hellip;]","og_url":"https:\/\/www.padreydecano.com\/cms\/idolos\/el-goleador-olvidado\/","og_site_name":"Padre y Decano - El Sitio del Pueblo","og_image":[{"width":1280,"height":720,"url":"https:\/\/www.padreydecano.com\/cms\/wp-content\/uploads\/2019\/05\/NicoFaleroPyD.jpg","type":"image\/jpeg"}],"twitter_card":"summary_large_image","twitter_misc":{"Tiempo de lectura":"4 minutos"},"schema":{"@context":"https:\/\/schema.org","@graph":[{"@type":"WebPage","@id":"https:\/\/www.padreydecano.com\/cms\/idolos\/el-goleador-olvidado\/","url":"https:\/\/www.padreydecano.com\/cms\/idolos\/el-goleador-olvidado\/","name":"El goleador olvidado - Padre y Decano - El Sitio del Pueblo","isPartOf":{"@id":"https:\/\/www.padreydecano.com\/cms\/#website"},"primaryImageOfPage":{"@id":"https:\/\/www.padreydecano.com\/cms\/idolos\/el-goleador-olvidado\/#primaryimage"},"image":{"@id":"https:\/\/www.padreydecano.com\/cms\/idolos\/el-goleador-olvidado\/#primaryimage"},"thumbnailUrl":"https:\/\/www.padreydecano.com\/cms\/wp-content\/uploads\/2019\/05\/NicoFaleroPyD.jpg","datePublished":"2019-05-27T19:52:26+00:00","dateModified":"2019-05-27T19:52:26+00:00","breadcrumb":{"@id":"https:\/\/www.padreydecano.com\/cms\/idolos\/el-goleador-olvidado\/#breadcrumb"},"inLanguage":"es","potentialAction":[{"@type":"ReadAction","target":["https:\/\/www.padreydecano.com\/cms\/idolos\/el-goleador-olvidado\/"]}]},{"@type":"ImageObject","inLanguage":"es","@id":"https:\/\/www.padreydecano.com\/cms\/idolos\/el-goleador-olvidado\/#primaryimage","url":"https:\/\/www.padreydecano.com\/cms\/wp-content\/uploads\/2019\/05\/NicoFaleroPyD.jpg","contentUrl":"https:\/\/www.padreydecano.com\/cms\/wp-content\/uploads\/2019\/05\/NicoFaleroPyD.jpg","width":1280,"height":720},{"@type":"BreadcrumbList","@id":"https:\/\/www.padreydecano.com\/cms\/idolos\/el-goleador-olvidado\/#breadcrumb","itemListElement":[{"@type":"ListItem","position":1,"name":"Portada","item":"https:\/\/www.padreydecano.com\/cms\/"},{"@type":"ListItem","position":2,"name":"\u00cddolos","item":"https:\/\/www.padreydecano.com\/cms\/idolos\/"},{"@type":"ListItem","position":3,"name":"El goleador olvidado"}]},{"@type":"WebSite","@id":"https:\/\/www.padreydecano.com\/cms\/#website","url":"https:\/\/www.padreydecano.com\/cms\/","name":"Padre y Decano - El Sitio del Pueblo","description":"Club Atl\u00e9tico Pe\u00f1arol","publisher":{"@id":"https:\/\/www.padreydecano.com\/cms\/#organization"},"potentialAction":[{"@type":"SearchAction","target":{"@type":"EntryPoint","urlTemplate":"https:\/\/www.padreydecano.com\/cms\/?s={search_term_string}"},"query-input":"required name=search_term_string"}],"inLanguage":"es"},{"@type":"Organization","@id":"https:\/\/www.padreydecano.com\/cms\/#organization","name":"Padre y Decano","url":"https:\/\/www.padreydecano.com\/cms\/","logo":{"@type":"ImageObject","inLanguage":"es","@id":"https:\/\/www.padreydecano.com\/cms\/#\/schema\/logo\/image\/","url":"https:\/\/www.padreydecano.com\/cms\/wp-content\/uploads\/2022\/01\/avatar-square.png","contentUrl":"https:\/\/www.padreydecano.com\/cms\/wp-content\/uploads\/2022\/01\/avatar-square.png","width":1500,"height":1500,"caption":"Padre y Decano"},"image":{"@id":"https:\/\/www.padreydecano.com\/cms\/#\/schema\/logo\/image\/"}}]}},"_links":{"self":[{"href":"https:\/\/www.padreydecano.com\/cms\/wp-json\/wp\/v2\/pages\/70765"}],"collection":[{"href":"https:\/\/www.padreydecano.com\/cms\/wp-json\/wp\/v2\/pages"}],"about":[{"href":"https:\/\/www.padreydecano.com\/cms\/wp-json\/wp\/v2\/types\/page"}],"author":[{"embeddable":true,"href":"https:\/\/www.padreydecano.com\/cms\/wp-json\/wp\/v2\/users\/2"}],"replies":[{"embeddable":true,"href":"https:\/\/www.padreydecano.com\/cms\/wp-json\/wp\/v2\/comments?post=70765"}],"version-history":[{"count":0,"href":"https:\/\/www.padreydecano.com\/cms\/wp-json\/wp\/v2\/pages\/70765\/revisions"}],"up":[{"embeddable":true,"href":"https:\/\/www.padreydecano.com\/cms\/wp-json\/wp\/v2\/pages\/69"}],"wp:featuredmedia":[{"embeddable":true,"href":"https:\/\/www.padreydecano.com\/cms\/wp-json\/wp\/v2\/media\/70795"}],"wp:attachment":[{"href":"https:\/\/www.padreydecano.com\/cms\/wp-json\/wp\/v2\/media?parent=70765"}],"curies":[{"name":"wp","href":"https:\/\/api.w.org\/{rel}","templated":true}]}}