{"id":7076,"date":"2011-10-31T12:04:44","date_gmt":"2011-10-31T14:04:44","guid":{"rendered":"http:\/\/www.padreydecano.com\/cms\/?page_id=7076"},"modified":"2013-08-12T22:36:01","modified_gmt":"2013-08-13T01:36:01","slug":"colaboracion","status":"publish","type":"page","link":"https:\/\/www.padreydecano.com\/cms\/la-bandera-mas-grande-del-mundo\/colaboracion\/","title":{"rendered":"Colaboraci\u00f3n"},"content":{"rendered":"<div id=\"attachment_7077\" style=\"width: 310px\" class=\"wp-caption aligncenter\"><img loading=\"lazy\" decoding=\"async\" aria-describedby=\"caption-attachment-7077\" class=\"size-medium wp-image-7077\" alt=\"\" src=\"https:\/\/www.padreydecano.com\/cms\/wp-content\/uploads\/2011\/10\/bono_dorado-300x212.jpg\" width=\"300\" height=\"212\" srcset=\"https:\/\/www.padreydecano.com\/cms\/wp-content\/uploads\/2011\/10\/bono_dorado-300x212.jpg 300w, https:\/\/www.padreydecano.com\/cms\/wp-content\/uploads\/2011\/10\/bono_dorado.jpg 830w\" sizes=\"(max-width: 300px) 100vw, 300px\" \/><p id=\"caption-attachment-7077\" class=\"wp-caption-text\">Los bonos dorados tuvieron un costo de 50 d\u00f3lares. El primer premio fue dos pasajes a Bs As para ver al equipo en la Copa Libertadores 2011.\u00a0<\/p><\/div>\n<p>&nbsp;<\/p>\n<div id=\"attachment_7078\" style=\"width: 310px\" class=\"wp-caption aligncenter\"><img loading=\"lazy\" decoding=\"async\" aria-describedby=\"caption-attachment-7078\" class=\"size-medium wp-image-7078\" alt=\"\" src=\"https:\/\/www.padreydecano.com\/cms\/wp-content\/uploads\/2011\/10\/bono_plateado-300x212.jpg\" width=\"300\" height=\"212\" srcset=\"https:\/\/www.padreydecano.com\/cms\/wp-content\/uploads\/2011\/10\/bono_plateado-300x212.jpg 300w, https:\/\/www.padreydecano.com\/cms\/wp-content\/uploads\/2011\/10\/bono_plateado.jpg 830w\" sizes=\"(max-width: 300px) 100vw, 300px\" \/><p id=\"caption-attachment-7078\" class=\"wp-caption-text\">Los bonos plateados tuvieron un costo de 500 pesos. El primer premio fue la camiseta del Tony.<\/p><\/div>\n<p>&nbsp;<\/p>\n<div id=\"attachment_7080\" style=\"width: 310px\" class=\"wp-caption aligncenter\"><img loading=\"lazy\" decoding=\"async\" aria-describedby=\"caption-attachment-7080\" class=\"size-medium wp-image-7080\" alt=\"\" src=\"https:\/\/www.padreydecano.com\/cms\/wp-content\/uploads\/2011\/10\/llavero-300x153.jpg\" width=\"300\" height=\"153\" srcset=\"https:\/\/www.padreydecano.com\/cms\/wp-content\/uploads\/2011\/10\/llavero-300x153.jpg 300w, https:\/\/www.padreydecano.com\/cms\/wp-content\/uploads\/2011\/10\/llavero.jpg 703w\" sizes=\"(max-width: 300px) 100vw, 300px\" \/><p id=\"caption-attachment-7080\" class=\"wp-caption-text\">Los llaveros tuvieron un costo de 50 pesos.<\/p><\/div>\n<p>&nbsp;<\/p>\n<div id=\"attachment_7082\" style=\"width: 256px\" class=\"wp-caption aligncenter\"><img loading=\"lazy\" decoding=\"async\" aria-describedby=\"caption-attachment-7082\" class=\"size-medium wp-image-7082\" alt=\"\" src=\"https:\/\/www.padreydecano.com\/cms\/wp-content\/uploads\/2011\/10\/stickers-246x300.jpg\" width=\"246\" height=\"300\" srcset=\"https:\/\/www.padreydecano.com\/cms\/wp-content\/uploads\/2011\/10\/stickers-246x300.jpg 246w, https:\/\/www.padreydecano.com\/cms\/wp-content\/uploads\/2011\/10\/stickers.jpg 349w\" sizes=\"(max-width: 246px) 100vw, 246px\" \/><p id=\"caption-attachment-7082\" class=\"wp-caption-text\">La forma m\u00e1s econ\u00f3mica de colaborar fue a trav\u00e9s de los stickers, con un valor de 10 pesos<\/p><\/div>\n<p>&nbsp;<\/p>\n<div id=\"attachment_7081\" style=\"width: 310px\" class=\"wp-caption aligncenter\"><img loading=\"lazy\" decoding=\"async\" aria-describedby=\"caption-attachment-7081\" class=\"size-medium wp-image-7081\" alt=\"\" src=\"https:\/\/www.padreydecano.com\/cms\/wp-content\/uploads\/2011\/10\/rifas-300x159.jpg\" width=\"300\" height=\"159\" srcset=\"https:\/\/www.padreydecano.com\/cms\/wp-content\/uploads\/2011\/10\/rifas-300x159.jpg 300w, https:\/\/www.padreydecano.com\/cms\/wp-content\/uploads\/2011\/10\/rifas.jpg 454w\" sizes=\"(max-width: 300px) 100vw, 300px\" \/><p id=\"caption-attachment-7081\" class=\"wp-caption-text\">El primer premio de la rifas fue la camiseta de Guillermo Rodr\u00edguez<\/p><\/div>\n<p>&nbsp;<\/p>\n<div id=\"attachment_7079\" style=\"width: 310px\" class=\"wp-caption aligncenter\"><img loading=\"lazy\" decoding=\"async\" aria-describedby=\"caption-attachment-7079\" class=\"size-medium wp-image-7079\" alt=\"\" src=\"https:\/\/www.padreydecano.com\/cms\/wp-content\/uploads\/2011\/10\/camisetas1-300x153.jpg\" width=\"300\" height=\"153\" srcset=\"https:\/\/www.padreydecano.com\/cms\/wp-content\/uploads\/2011\/10\/camisetas1-300x153.jpg 300w, https:\/\/www.padreydecano.com\/cms\/wp-content\/uploads\/2011\/10\/camisetas1-1024x523.jpg 1024w, https:\/\/www.padreydecano.com\/cms\/wp-content\/uploads\/2011\/10\/camisetas1.jpg 1426w\" sizes=\"(max-width: 300px) 100vw, 300px\" \/><p id=\"caption-attachment-7079\" class=\"wp-caption-text\">Las camisetas tuvieron un costo de 300 pesos.<\/p><\/div>\n<p style=\"text-align: center;\">\n","protected":false},"excerpt":{"rendered":"<p>&nbsp; &nbsp; &nbsp; &nbsp; &nbsp;<\/p>\n","protected":false},"author":13,"featured_media":0,"parent":7232,"menu_order":3,"comment_status":"open","ping_status":"closed","template":"","meta":{"footnotes":""},"yoast_head":"<!-- This site is optimized with the Yoast SEO plugin v23.2 - https:\/\/yoast.com\/wordpress\/plugins\/seo\/ -->\n<title>Colaboraci\u00f3n - Padre y Decano - El Sitio del Pueblo<\/title>\n<meta name=\"robots\" content=\"index, follow, max-snippet:-1, max-image-preview:large, max-video-preview:-1\" \/>\n<link rel=\"canonical\" href=\"https:\/\/www.padreydecano.com\/cms\/la-bandera-mas-grande-del-mundo\/colaboracion\/\" \/>\n<meta property=\"og:locale\" content=\"es_ES\" \/>\n<meta property=\"og:type\" content=\"article\" \/>\n<meta property=\"og:title\" content=\"Colaboraci\u00f3n - Padre y Decano - El Sitio del Pueblo\" \/>\n<meta property=\"og:description\" content=\"&nbsp; &nbsp; &nbsp; &nbsp; &nbsp;\" \/>\n<meta property=\"og:url\" content=\"https:\/\/www.padreydecano.com\/cms\/la-bandera-mas-grande-del-mundo\/colaboracion\/\" \/>\n<meta property=\"og:site_name\" content=\"Padre y Decano - El Sitio del Pueblo\" \/>\n<meta property=\"article:modified_time\" content=\"2013-08-13T01:36:01+00:00\" \/>\n<meta property=\"og:image\" content=\"http:\/\/www.padreydecano.com\/cms\/wp-content\/uploads\/2011\/10\/bono_dorado-300x212.jpg\" \/>\n<meta name=\"twitter:card\" content=\"summary_large_image\" \/>\n<meta name=\"twitter:label1\" content=\"Tiempo de lectura\" \/>\n\t<meta name=\"twitter:data1\" content=\"1 minuto\" \/>\n<script type=\"application\/ld+json\" class=\"yoast-schema-graph\">{\"@context\":\"https:\/\/schema.org\",\"@graph\":[{\"@type\":\"WebPage\",\"@id\":\"https:\/\/www.padreydecano.com\/cms\/la-bandera-mas-grande-del-mundo\/colaboracion\/\",\"url\":\"https:\/\/www.padreydecano.com\/cms\/la-bandera-mas-grande-del-mundo\/colaboracion\/\",\"name\":\"Colaboraci\u00f3n - Padre y Decano - El Sitio del Pueblo\",\"isPartOf\":{\"@id\":\"https:\/\/www.padreydecano.com\/cms\/#website\"},\"primaryImageOfPage\":{\"@id\":\"https:\/\/www.padreydecano.com\/cms\/la-bandera-mas-grande-del-mundo\/colaboracion\/#primaryimage\"},\"image\":{\"@id\":\"https:\/\/www.padreydecano.com\/cms\/la-bandera-mas-grande-del-mundo\/colaboracion\/#primaryimage\"},\"thumbnailUrl\":\"http:\/\/www.padreydecano.com\/cms\/wp-content\/uploads\/2011\/10\/bono_dorado-300x212.jpg\",\"datePublished\":\"2011-10-31T14:04:44+00:00\",\"dateModified\":\"2013-08-13T01:36:01+00:00\",\"breadcrumb\":{\"@id\":\"https:\/\/www.padreydecano.com\/cms\/la-bandera-mas-grande-del-mundo\/colaboracion\/#breadcrumb\"},\"inLanguage\":\"es\",\"potentialAction\":[{\"@type\":\"ReadAction\",\"target\":[\"https:\/\/www.padreydecano.com\/cms\/la-bandera-mas-grande-del-mundo\/colaboracion\/\"]}]},{\"@type\":\"ImageObject\",\"inLanguage\":\"es\",\"@id\":\"https:\/\/www.padreydecano.com\/cms\/la-bandera-mas-grande-del-mundo\/colaboracion\/#primaryimage\",\"url\":\"http:\/\/www.padreydecano.com\/cms\/wp-content\/uploads\/2011\/10\/bono_dorado-300x212.jpg\",\"contentUrl\":\"http:\/\/www.padreydecano.com\/cms\/wp-content\/uploads\/2011\/10\/bono_dorado-300x212.jpg\"},{\"@type\":\"BreadcrumbList\",\"@id\":\"https:\/\/www.padreydecano.com\/cms\/la-bandera-mas-grande-del-mundo\/colaboracion\/#breadcrumb\",\"itemListElement\":[{\"@type\":\"ListItem\",\"position\":1,\"name\":\"Portada\",\"item\":\"https:\/\/www.padreydecano.com\/cms\/\"},{\"@type\":\"ListItem\",\"position\":2,\"name\":\"La Bandera M\u00e1s Grande del Mundo\",\"item\":\"https:\/\/www.padreydecano.com\/cms\/la-bandera-mas-grande-del-mundo\/\"},{\"@type\":\"ListItem\",\"position\":3,\"name\":\"Colaboraci\u00f3n\"}]},{\"@type\":\"WebSite\",\"@id\":\"https:\/\/www.padreydecano.com\/cms\/#website\",\"url\":\"https:\/\/www.padreydecano.com\/cms\/\",\"name\":\"Padre y Decano - El Sitio del Pueblo\",\"description\":\"Club Atl\u00e9tico Pe\u00f1arol\",\"publisher\":{\"@id\":\"https:\/\/www.padreydecano.com\/cms\/#organization\"},\"potentialAction\":[{\"@type\":\"SearchAction\",\"target\":{\"@type\":\"EntryPoint\",\"urlTemplate\":\"https:\/\/www.padreydecano.com\/cms\/?s={search_term_string}\"},\"query-input\":\"required name=search_term_string\"}],\"inLanguage\":\"es\"},{\"@type\":\"Organization\",\"@id\":\"https:\/\/www.padreydecano.com\/cms\/#organization\",\"name\":\"Padre y Decano\",\"url\":\"https:\/\/www.padreydecano.com\/cms\/\",\"logo\":{\"@type\":\"ImageObject\",\"inLanguage\":\"es\",\"@id\":\"https:\/\/www.padreydecano.com\/cms\/#\/schema\/logo\/image\/\",\"url\":\"https:\/\/www.padreydecano.com\/cms\/wp-content\/uploads\/2022\/01\/avatar-square.png\",\"contentUrl\":\"https:\/\/www.padreydecano.com\/cms\/wp-content\/uploads\/2022\/01\/avatar-square.png\",\"width\":1500,\"height\":1500,\"caption\":\"Padre y Decano\"},\"image\":{\"@id\":\"https:\/\/www.padreydecano.com\/cms\/#\/schema\/logo\/image\/\"}}]}<\/script>\n<!-- \/ Yoast SEO plugin. -->","yoast_head_json":{"title":"Colaboraci\u00f3n - Padre y Decano - El Sitio del Pueblo","robots":{"index":"index","follow":"follow","max-snippet":"max-snippet:-1","max-image-preview":"max-image-preview:large","max-video-preview":"max-video-preview:-1"},"canonical":"https:\/\/www.padreydecano.com\/cms\/la-bandera-mas-grande-del-mundo\/colaboracion\/","og_locale":"es_ES","og_type":"article","og_title":"Colaboraci\u00f3n - Padre y Decano - El Sitio del Pueblo","og_description":"&nbsp; &nbsp; &nbsp; &nbsp; &nbsp;","og_url":"https:\/\/www.padreydecano.com\/cms\/la-bandera-mas-grande-del-mundo\/colaboracion\/","og_site_name":"Padre y Decano - El Sitio del Pueblo","article_modified_time":"2013-08-13T01:36:01+00:00","og_image":[{"url":"http:\/\/www.padreydecano.com\/cms\/wp-content\/uploads\/2011\/10\/bono_dorado-300x212.jpg"}],"twitter_card":"summary_large_image","twitter_misc":{"Tiempo de lectura":"1 minuto"},"schema":{"@context":"https:\/\/schema.org","@graph":[{"@type":"WebPage","@id":"https:\/\/www.padreydecano.com\/cms\/la-bandera-mas-grande-del-mundo\/colaboracion\/","url":"https:\/\/www.padreydecano.com\/cms\/la-bandera-mas-grande-del-mundo\/colaboracion\/","name":"Colaboraci\u00f3n - Padre y Decano - El Sitio del Pueblo","isPartOf":{"@id":"https:\/\/www.padreydecano.com\/cms\/#website"},"primaryImageOfPage":{"@id":"https:\/\/www.padreydecano.com\/cms\/la-bandera-mas-grande-del-mundo\/colaboracion\/#primaryimage"},"image":{"@id":"https:\/\/www.padreydecano.com\/cms\/la-bandera-mas-grande-del-mundo\/colaboracion\/#primaryimage"},"thumbnailUrl":"http:\/\/www.padreydecano.com\/cms\/wp-content\/uploads\/2011\/10\/bono_dorado-300x212.jpg","datePublished":"2011-10-31T14:04:44+00:00","dateModified":"2013-08-13T01:36:01+00:00","breadcrumb":{"@id":"https:\/\/www.padreydecano.com\/cms\/la-bandera-mas-grande-del-mundo\/colaboracion\/#breadcrumb"},"inLanguage":"es","potentialAction":[{"@type":"ReadAction","target":["https:\/\/www.padreydecano.com\/cms\/la-bandera-mas-grande-del-mundo\/colaboracion\/"]}]},{"@type":"ImageObject","inLanguage":"es","@id":"https:\/\/www.padreydecano.com\/cms\/la-bandera-mas-grande-del-mundo\/colaboracion\/#primaryimage","url":"http:\/\/www.padreydecano.com\/cms\/wp-content\/uploads\/2011\/10\/bono_dorado-300x212.jpg","contentUrl":"http:\/\/www.padreydecano.com\/cms\/wp-content\/uploads\/2011\/10\/bono_dorado-300x212.jpg"},{"@type":"BreadcrumbList","@id":"https:\/\/www.padreydecano.com\/cms\/la-bandera-mas-grande-del-mundo\/colaboracion\/#breadcrumb","itemListElement":[{"@type":"ListItem","position":1,"name":"Portada","item":"https:\/\/www.padreydecano.com\/cms\/"},{"@type":"ListItem","position":2,"name":"La Bandera M\u00e1s Grande del Mundo","item":"https:\/\/www.padreydecano.com\/cms\/la-bandera-mas-grande-del-mundo\/"},{"@type":"ListItem","position":3,"name":"Colaboraci\u00f3n"}]},{"@type":"WebSite","@id":"https:\/\/www.padreydecano.com\/cms\/#website","url":"https:\/\/www.padreydecano.com\/cms\/","name":"Padre y Decano - El Sitio del Pueblo","description":"Club Atl\u00e9tico Pe\u00f1arol","publisher":{"@id":"https:\/\/www.padreydecano.com\/cms\/#organization"},"potentialAction":[{"@type":"SearchAction","target":{"@type":"EntryPoint","urlTemplate":"https:\/\/www.padreydecano.com\/cms\/?s={search_term_string}"},"query-input":"required name=search_term_string"}],"inLanguage":"es"},{"@type":"Organization","@id":"https:\/\/www.padreydecano.com\/cms\/#organization","name":"Padre y Decano","url":"https:\/\/www.padreydecano.com\/cms\/","logo":{"@type":"ImageObject","inLanguage":"es","@id":"https:\/\/www.padreydecano.com\/cms\/#\/schema\/logo\/image\/","url":"https:\/\/www.padreydecano.com\/cms\/wp-content\/uploads\/2022\/01\/avatar-square.png","contentUrl":"https:\/\/www.padreydecano.com\/cms\/wp-content\/uploads\/2022\/01\/avatar-square.png","width":1500,"height":1500,"caption":"Padre y Decano"},"image":{"@id":"https:\/\/www.padreydecano.com\/cms\/#\/schema\/logo\/image\/"}}]}},"_links":{"self":[{"href":"https:\/\/www.padreydecano.com\/cms\/wp-json\/wp\/v2\/pages\/7076"}],"collection":[{"href":"https:\/\/www.padreydecano.com\/cms\/wp-json\/wp\/v2\/pages"}],"about":[{"href":"https:\/\/www.padreydecano.com\/cms\/wp-json\/wp\/v2\/types\/page"}],"author":[{"embeddable":true,"href":"https:\/\/www.padreydecano.com\/cms\/wp-json\/wp\/v2\/users\/13"}],"replies":[{"embeddable":true,"href":"https:\/\/www.padreydecano.com\/cms\/wp-json\/wp\/v2\/comments?post=7076"}],"version-history":[{"count":0,"href":"https:\/\/www.padreydecano.com\/cms\/wp-json\/wp\/v2\/pages\/7076\/revisions"}],"up":[{"embeddable":true,"href":"https:\/\/www.padreydecano.com\/cms\/wp-json\/wp\/v2\/pages\/7232"}],"wp:attachment":[{"href":"https:\/\/www.padreydecano.com\/cms\/wp-json\/wp\/v2\/media?parent=7076"}],"curies":[{"name":"wp","href":"https:\/\/api.w.org\/{rel}","templated":true}]}}