{"id":70028,"date":"2019-03-14T21:44:36","date_gmt":"2019-03-15T00:44:36","guid":{"rendered":"http:\/\/www.padreydecano.com\/cms\/?page_id=70028"},"modified":"2019-03-14T21:44:36","modified_gmt":"2019-03-15T00:44:36","slug":"jose-batlle-perdomo","status":"publish","type":"page","link":"https:\/\/www.padreydecano.com\/cms\/jose-batlle-perdomo\/","title":{"rendered":"Jos\u00e9 Batlle Perdomo"},"content":{"rendered":"<p><img loading=\"lazy\" decoding=\"async\" class=\"aligncenter wp-image-70029 size-full\" src=\"https:\/\/www.padreydecano.com\/cms\/wp-content\/uploads\/2019\/03\/jos.jpg\" alt=\"\" width=\"1200\" height=\"814\" srcset=\"https:\/\/www.padreydecano.com\/cms\/wp-content\/uploads\/2019\/03\/jos.jpg 1200w, https:\/\/www.padreydecano.com\/cms\/wp-content\/uploads\/2019\/03\/jos-600x407.jpg 600w, https:\/\/www.padreydecano.com\/cms\/wp-content\/uploads\/2019\/03\/jos-768x521.jpg 768w, https:\/\/www.padreydecano.com\/cms\/wp-content\/uploads\/2019\/03\/jos-1024x695.jpg 1024w\" sizes=\"(max-width: 1200px) 100vw, 1200px\" \/><\/p>\n<p style=\"text-align: justify;\"><span style=\"font-weight: 400;\">Jos\u00e9 Batlle Perdomo alias \u201cel Chueco\u201d naci\u00f3 el 5 de enero de 1965 en Salto. Lleg\u00f3 a Pe\u00f1arol para integrarse a las divisiones juveniles con 14 a\u00f1os en 1980; desde ese momento forj\u00f3 su historia en el club convirti\u00e9ndose en uno de los \u00edconos de la instituci\u00f3n. Era volante central y se caracterizaba por la entrega, marca, liderazgo y una gran pegada de media distancia. En Pe\u00f1arol supo ser campe\u00f3n del Uruguayo en 1985, 86, 93, de la Liguilla 1984, 85, 86 y 89 y de la Copa Libertadores en 1987. En la selecci\u00f3n gan\u00f3 la Copa Am\u00e9rica 1987 y particip\u00f3 del Mundial de 1990. Adem\u00e1s de su gloriosa carrera como futbolista, ostenta ser el entrenador m\u00e1s exitoso de las formativas del Decano que dirige hace 16 a\u00f1os. <\/span><\/p>\n<p style=\"text-align: justify;\"><span style=\"color: #ffcc04;\"><b>Su debut<\/b><\/span><\/p>\n<p style=\"text-align: justify;\"><span style=\"font-weight: 400;\">El Chueco es producto del semillero aurinegro, lleg\u00f3 en 1980 con 14 a\u00f1os y debut\u00f3 en Primera en 1983 con tan solo 17 a\u00f1os. Seg\u00fan cuenta \u00e9l mismo, el DT de ese momento Hugo Bagnulo quien lo hizo jugar de &#8217;10&#8217; en lugar del brasile\u00f1o Jair. En ese plantel hab\u00edan glorias como Diogo, Saralegui, Bossio, el Indio Olivera y Morena. En esa \u00e9poca la dupla de volantes centrales inamovible eran Saralegui y Bossio, por lo que no tuvo muchas chances de jugar con asiduidad. Durante el 84, tuvo la posibilidad de irse a Liverpool pero Roque M\u00e1spoli (DT de ese moemento) lo quer\u00eda retener para sustituir a Saralegui que se iba. Cuando esto pas\u00f3, el Chueco se desempe\u00f1\u00f3 como &#8216;8&#8217; y pasando a jugar de &#8216;5&#8217; cuando Bossio dej\u00f3 el plantel.<\/span><\/p>\n<p style=\"text-align: justify;\"><span style=\"color: #ffcc04;\"><b>Su consolidaci\u00f3n como caudillo<\/b><\/span><\/p>\n<p style=\"text-align: justify;\"><span style=\"font-weight: 400;\">Hered\u00f3 la m\u00edtica camiseta n\u00famero 5 usada por los grandes caudillos en la historia aurinegra. <strong>Fue descubierto por el Capit\u00e1n de Capitanes, N\u00e9stor <\/strong><\/span><span style=\"font-weight: 400;\"><strong>Gon\u00e7alves;<\/strong> quien en su momento se percat\u00f3 de sus dotes de mando. Si bien su debut fue en 1983, se consolid\u00f3 finalmente en la oncena titular en 1985. En 1987 fue el pico m\u00e1s alto en su carrera;\u00a0<\/span>ven\u00eda de ser\u00a0campe\u00f3n uruguayo, en julio de ese a\u00f1o gan\u00f3 la Copa Am\u00e9rica con la Selecci\u00f3n y luego fue campe\u00f3n de la Libertadores con Pe\u00f1arol en octubre. Continu\u00f3 vistiendo la camiseta aurinegra hasta 1989. Finalmente cerr\u00f3 su etapa en el carbonero en el a\u00f1o 1993, donde <strong>consigui\u00f3 el primer Campeonato Uruguayo del Quinquenio.<\/strong><\/p>\n<p style=\"text-align: justify;\"><img loading=\"lazy\" decoding=\"async\" class=\"aligncenter wp-image-70030 size-full\" src=\"https:\/\/www.padreydecano.com\/cms\/wp-content\/uploads\/2019\/03\/ddd.jpg\" alt=\"\" width=\"446\" height=\"481\" \/><\/p>\n<p style=\"text-align: justify;\"><strong><span style=\"color: #ffcc04;\">La Selecci\u00f3n<\/span><\/strong><\/p>\n<p style=\"text-align: justify;\"><span style=\"font-weight: 400;\">Roberto Fleitas lo distingui\u00f3 como capit\u00e1n en la Copa Am\u00e9rica de 1987 por encima de estrellas como Francescoli, Alzamendi, el Tano Guti\u00e9rrez, Sosa y Trasante entre otros. Fue titular en la mitad de la cancha durante todo el certamen y en la final fue expulsado junto Enzo Francescoli. Ese partido lo gan\u00f3 1 a 0 Uruguay con gol de Pablo Javier Bengoechea. <\/span><\/p>\n<p style=\"text-align: justify;\"><span style=\"font-weight: 400;\">Tambi\u00e9n fue part\u00edcipe de la Copa del Mundo de 1990 donde meti\u00f3 un gol de tiro libre frente a Inglaterra.<\/span><\/p>\n<p style=\"text-align: justify;\"><img loading=\"lazy\" decoding=\"async\" class=\"aligncenter wp-image-70031 size-full\" src=\"https:\/\/www.padreydecano.com\/cms\/wp-content\/uploads\/2019\/03\/jjj.jpg\" alt=\"\" width=\"499\" height=\"299\" \/><\/p>\n<p style=\"text-align: justify;\"><span style=\"color: #ffcc04;\"><b>Su pasaje por el exterior<\/b><\/span><\/p>\n<p style=\"text-align: justify;\"><span style=\"font-weight: 400;\">En 1989 viaj\u00f3 a Italia para incorporarse al Genoa donde coincidi\u00f3 con Rub\u00e9n Paz y Carlos Aguilera. Luego de la primera temporada fue cedido durante un semestre al Coventry City de Inglaterra. En 1990 recal\u00f3 en el Real Betis, donde es recordado por haber debutado con un gol de tiro libre en el derby frente al Sevilla. El Real Betis perdi\u00f3 la categor\u00eda y en 1991 el Chueco volvi\u00f3 al R\u00edo de la Plata para jugar en Gimnasia y Esgrima. All\u00ed fue l\u00edder e \u00eddolo y es recordado por ser autor del famoso \u201cgol del terremoto\u201d. Esta denominaci\u00f3n surgi\u00f3 en un cl\u00e1sico contra Estudiantes, que gan\u00f3 Gimnasia con gol de tiro libre de Perdomo; el festejo de los hinchas saltando en la tribuna gener\u00f3 un movimiento que qued\u00f3 registrado en el sism\u00f3grafo ubicado a poca distancia del estadio. <\/span><\/p>\n<p style=\"text-align: justify;\"><img loading=\"lazy\" decoding=\"async\" class=\"aligncenter wp-image-70032 size-full\" src=\"https:\/\/www.padreydecano.com\/cms\/wp-content\/uploads\/2019\/03\/Perdomo-GELP-550x381.jpg\" alt=\"\" width=\"550\" height=\"381\" \/><\/p>\n<p style=\"text-align: justify;\"><span style=\"color: #ffcc04;\"><b>Fin de su carrera<\/b><\/span><\/p>\n<p style=\"text-align: justify;\"><span style=\"font-weight: 400;\">Luego de ser campe\u00f3n con Pe\u00f1arol en 1993 jug\u00f3 en varios equipos menores del pa\u00eds antes de su retiro. En 1995 jug\u00f3 en Basa\u00f1ez, en 1996 en Cerro y finaliz\u00f3 su carrera en 1998 jugando en Plaza Colonia con su amigo el &#8216;Pollo&#8217; Vidal.<\/span><\/p>\n<p style=\"text-align: justify;\"><img loading=\"lazy\" decoding=\"async\" class=\"aligncenter wp-image-63032 size-full\" src=\"https:\/\/www.padreydecano.com\/cms\/wp-content\/uploads\/2017\/05\/chueco-perdomo-chica.jpg\" alt=\"\" width=\"747\" height=\"600\" srcset=\"https:\/\/www.padreydecano.com\/cms\/wp-content\/uploads\/2017\/05\/chueco-perdomo-chica.jpg 747w, https:\/\/www.padreydecano.com\/cms\/wp-content\/uploads\/2017\/05\/chueco-perdomo-chica-600x482.jpg 600w\" sizes=\"(max-width: 747px) 100vw, 747px\" \/><br \/>\n<span style=\"color: #ffcc04;\"><b>Su desempe\u00f1o como DT<\/b><\/span><\/p>\n<p style=\"text-align: justify;\"><span style=\"font-weight: 400;\">Como entrenador comenz\u00f3 su carrera en Villa Espa\u00f1ola en el a\u00f1o 2000. Luego tuvo destacadas actuaciones como director t\u00e9cnico de Tacuaremb\u00f3 en el 2002 y de Racing en el 2004.<\/span><\/p>\n<p style=\"text-align: justify;\"><span style=\"font-weight: 400;\"><strong>Hace 14 a\u00f1os que forma parte de las Formativas de Pe\u00f1arol.<\/strong> El Chueco fue parte de los procesos juveniles de Ra\u00fal M\u00f6ller, V\u00edctor P\u00faa, Juan Ahuntchain y ahora, Fernando Curutchet.\u00a0<\/span><span style=\"font-weight: 400;\">Como DT de formativas ha sido campe\u00f3n con Sub 19 (Cuarta Divisi\u00f3n) y Sub 15 (Sexta Divisi\u00f3n) en 2008, 2013, 2014, 2015, 2016 y 2017. Supo dirigir a jugadores como Diego Rossi, Federico Valverde, Brian Rodr\u00edguez, etc.\u00a0<\/span><span style=\"font-weight: 400;\">Actualmente es el DT de la Sub 19.<\/span><\/p>\n<p style=\"text-align: right;\"><strong><a href=\"https:\/\/twitter.com\/MarcosArlotto\">Marcos Arlotto<\/a> &#8211; UdelaR<\/strong><\/p>\n","protected":false},"excerpt":{"rendered":"<p>Jos\u00e9 Batlle Perdomo alias \u201cel Chueco\u201d naci\u00f3 el 5 de enero de 1965 en Salto. Lleg\u00f3 a Pe\u00f1arol para integrarse a las divisiones juveniles con 14 a\u00f1os en 1980; desde ese momento forj\u00f3 su historia en el club convirti\u00e9ndose en uno de los \u00edconos de la instituci\u00f3n. Era volante central y se caracterizaba por la [&hellip;]<\/p>\n","protected":false},"author":29,"featured_media":70029,"parent":0,"menu_order":0,"comment_status":"closed","ping_status":"closed","template":"","meta":{"footnotes":""},"yoast_head":"<!-- This site is optimized with the Yoast SEO plugin v23.2 - https:\/\/yoast.com\/wordpress\/plugins\/seo\/ -->\n<title>Jos\u00e9 Batlle Perdomo - Padre y Decano - El Sitio del Pueblo<\/title>\n<meta name=\"robots\" content=\"index, follow, max-snippet:-1, max-image-preview:large, max-video-preview:-1\" \/>\n<link rel=\"canonical\" href=\"https:\/\/www.padreydecano.com\/cms\/jose-batlle-perdomo\/\" \/>\n<meta property=\"og:locale\" content=\"es_ES\" \/>\n<meta property=\"og:type\" content=\"article\" \/>\n<meta property=\"og:title\" content=\"Jos\u00e9 Batlle Perdomo - Padre y Decano - El Sitio del Pueblo\" \/>\n<meta property=\"og:description\" content=\"Jos\u00e9 Batlle Perdomo alias \u201cel Chueco\u201d naci\u00f3 el 5 de enero de 1965 en Salto. Lleg\u00f3 a Pe\u00f1arol para integrarse a las divisiones juveniles con 14 a\u00f1os en 1980; desde ese momento forj\u00f3 su historia en el club convirti\u00e9ndose en uno de los \u00edconos de la instituci\u00f3n. Era volante central y se caracterizaba por la [&hellip;]\" \/>\n<meta property=\"og:url\" content=\"https:\/\/www.padreydecano.com\/cms\/jose-batlle-perdomo\/\" \/>\n<meta property=\"og:site_name\" content=\"Padre y Decano - El Sitio del Pueblo\" \/>\n<meta property=\"og:image\" content=\"https:\/\/www.padreydecano.com\/cms\/wp-content\/uploads\/2019\/03\/jos.jpg\" \/>\n\t<meta property=\"og:image:width\" content=\"1200\" \/>\n\t<meta property=\"og:image:height\" content=\"814\" \/>\n\t<meta property=\"og:image:type\" content=\"image\/jpeg\" \/>\n<meta name=\"twitter:card\" content=\"summary_large_image\" \/>\n<meta name=\"twitter:label1\" content=\"Tiempo de lectura\" \/>\n\t<meta name=\"twitter:data1\" content=\"4 minutos\" \/>\n<script type=\"application\/ld+json\" class=\"yoast-schema-graph\">{\"@context\":\"https:\/\/schema.org\",\"@graph\":[{\"@type\":\"WebPage\",\"@id\":\"https:\/\/www.padreydecano.com\/cms\/jose-batlle-perdomo\/\",\"url\":\"https:\/\/www.padreydecano.com\/cms\/jose-batlle-perdomo\/\",\"name\":\"Jos\u00e9 Batlle Perdomo - Padre y Decano - El Sitio del Pueblo\",\"isPartOf\":{\"@id\":\"https:\/\/www.padreydecano.com\/cms\/#website\"},\"primaryImageOfPage\":{\"@id\":\"https:\/\/www.padreydecano.com\/cms\/jose-batlle-perdomo\/#primaryimage\"},\"image\":{\"@id\":\"https:\/\/www.padreydecano.com\/cms\/jose-batlle-perdomo\/#primaryimage\"},\"thumbnailUrl\":\"https:\/\/www.padreydecano.com\/cms\/wp-content\/uploads\/2019\/03\/jos.jpg\",\"datePublished\":\"2019-03-15T00:44:36+00:00\",\"dateModified\":\"2019-03-15T00:44:36+00:00\",\"breadcrumb\":{\"@id\":\"https:\/\/www.padreydecano.com\/cms\/jose-batlle-perdomo\/#breadcrumb\"},\"inLanguage\":\"es\",\"potentialAction\":[{\"@type\":\"ReadAction\",\"target\":[\"https:\/\/www.padreydecano.com\/cms\/jose-batlle-perdomo\/\"]}]},{\"@type\":\"ImageObject\",\"inLanguage\":\"es\",\"@id\":\"https:\/\/www.padreydecano.com\/cms\/jose-batlle-perdomo\/#primaryimage\",\"url\":\"https:\/\/www.padreydecano.com\/cms\/wp-content\/uploads\/2019\/03\/jos.jpg\",\"contentUrl\":\"https:\/\/www.padreydecano.com\/cms\/wp-content\/uploads\/2019\/03\/jos.jpg\",\"width\":1200,\"height\":814},{\"@type\":\"BreadcrumbList\",\"@id\":\"https:\/\/www.padreydecano.com\/cms\/jose-batlle-perdomo\/#breadcrumb\",\"itemListElement\":[{\"@type\":\"ListItem\",\"position\":1,\"name\":\"Portada\",\"item\":\"https:\/\/www.padreydecano.com\/cms\/\"},{\"@type\":\"ListItem\",\"position\":2,\"name\":\"Jos\u00e9 Batlle Perdomo\"}]},{\"@type\":\"WebSite\",\"@id\":\"https:\/\/www.padreydecano.com\/cms\/#website\",\"url\":\"https:\/\/www.padreydecano.com\/cms\/\",\"name\":\"Padre y Decano - El Sitio del Pueblo\",\"description\":\"Club Atl\u00e9tico Pe\u00f1arol\",\"publisher\":{\"@id\":\"https:\/\/www.padreydecano.com\/cms\/#organization\"},\"potentialAction\":[{\"@type\":\"SearchAction\",\"target\":{\"@type\":\"EntryPoint\",\"urlTemplate\":\"https:\/\/www.padreydecano.com\/cms\/?s={search_term_string}\"},\"query-input\":\"required name=search_term_string\"}],\"inLanguage\":\"es\"},{\"@type\":\"Organization\",\"@id\":\"https:\/\/www.padreydecano.com\/cms\/#organization\",\"name\":\"Padre y Decano\",\"url\":\"https:\/\/www.padreydecano.com\/cms\/\",\"logo\":{\"@type\":\"ImageObject\",\"inLanguage\":\"es\",\"@id\":\"https:\/\/www.padreydecano.com\/cms\/#\/schema\/logo\/image\/\",\"url\":\"https:\/\/www.padreydecano.com\/cms\/wp-content\/uploads\/2022\/01\/avatar-square.png\",\"contentUrl\":\"https:\/\/www.padreydecano.com\/cms\/wp-content\/uploads\/2022\/01\/avatar-square.png\",\"width\":1500,\"height\":1500,\"caption\":\"Padre y Decano\"},\"image\":{\"@id\":\"https:\/\/www.padreydecano.com\/cms\/#\/schema\/logo\/image\/\"}}]}<\/script>\n<!-- \/ Yoast SEO plugin. -->","yoast_head_json":{"title":"Jos\u00e9 Batlle Perdomo - Padre y Decano - El Sitio del Pueblo","robots":{"index":"index","follow":"follow","max-snippet":"max-snippet:-1","max-image-preview":"max-image-preview:large","max-video-preview":"max-video-preview:-1"},"canonical":"https:\/\/www.padreydecano.com\/cms\/jose-batlle-perdomo\/","og_locale":"es_ES","og_type":"article","og_title":"Jos\u00e9 Batlle Perdomo - Padre y Decano - El Sitio del Pueblo","og_description":"Jos\u00e9 Batlle Perdomo alias \u201cel Chueco\u201d naci\u00f3 el 5 de enero de 1965 en Salto. Lleg\u00f3 a Pe\u00f1arol para integrarse a las divisiones juveniles con 14 a\u00f1os en 1980; desde ese momento forj\u00f3 su historia en el club convirti\u00e9ndose en uno de los \u00edconos de la instituci\u00f3n. Era volante central y se caracterizaba por la [&hellip;]","og_url":"https:\/\/www.padreydecano.com\/cms\/jose-batlle-perdomo\/","og_site_name":"Padre y Decano - El Sitio del Pueblo","og_image":[{"width":1200,"height":814,"url":"https:\/\/www.padreydecano.com\/cms\/wp-content\/uploads\/2019\/03\/jos.jpg","type":"image\/jpeg"}],"twitter_card":"summary_large_image","twitter_misc":{"Tiempo de lectura":"4 minutos"},"schema":{"@context":"https:\/\/schema.org","@graph":[{"@type":"WebPage","@id":"https:\/\/www.padreydecano.com\/cms\/jose-batlle-perdomo\/","url":"https:\/\/www.padreydecano.com\/cms\/jose-batlle-perdomo\/","name":"Jos\u00e9 Batlle Perdomo - Padre y Decano - El Sitio del Pueblo","isPartOf":{"@id":"https:\/\/www.padreydecano.com\/cms\/#website"},"primaryImageOfPage":{"@id":"https:\/\/www.padreydecano.com\/cms\/jose-batlle-perdomo\/#primaryimage"},"image":{"@id":"https:\/\/www.padreydecano.com\/cms\/jose-batlle-perdomo\/#primaryimage"},"thumbnailUrl":"https:\/\/www.padreydecano.com\/cms\/wp-content\/uploads\/2019\/03\/jos.jpg","datePublished":"2019-03-15T00:44:36+00:00","dateModified":"2019-03-15T00:44:36+00:00","breadcrumb":{"@id":"https:\/\/www.padreydecano.com\/cms\/jose-batlle-perdomo\/#breadcrumb"},"inLanguage":"es","potentialAction":[{"@type":"ReadAction","target":["https:\/\/www.padreydecano.com\/cms\/jose-batlle-perdomo\/"]}]},{"@type":"ImageObject","inLanguage":"es","@id":"https:\/\/www.padreydecano.com\/cms\/jose-batlle-perdomo\/#primaryimage","url":"https:\/\/www.padreydecano.com\/cms\/wp-content\/uploads\/2019\/03\/jos.jpg","contentUrl":"https:\/\/www.padreydecano.com\/cms\/wp-content\/uploads\/2019\/03\/jos.jpg","width":1200,"height":814},{"@type":"BreadcrumbList","@id":"https:\/\/www.padreydecano.com\/cms\/jose-batlle-perdomo\/#breadcrumb","itemListElement":[{"@type":"ListItem","position":1,"name":"Portada","item":"https:\/\/www.padreydecano.com\/cms\/"},{"@type":"ListItem","position":2,"name":"Jos\u00e9 Batlle Perdomo"}]},{"@type":"WebSite","@id":"https:\/\/www.padreydecano.com\/cms\/#website","url":"https:\/\/www.padreydecano.com\/cms\/","name":"Padre y Decano - El Sitio del Pueblo","description":"Club Atl\u00e9tico Pe\u00f1arol","publisher":{"@id":"https:\/\/www.padreydecano.com\/cms\/#organization"},"potentialAction":[{"@type":"SearchAction","target":{"@type":"EntryPoint","urlTemplate":"https:\/\/www.padreydecano.com\/cms\/?s={search_term_string}"},"query-input":"required name=search_term_string"}],"inLanguage":"es"},{"@type":"Organization","@id":"https:\/\/www.padreydecano.com\/cms\/#organization","name":"Padre y Decano","url":"https:\/\/www.padreydecano.com\/cms\/","logo":{"@type":"ImageObject","inLanguage":"es","@id":"https:\/\/www.padreydecano.com\/cms\/#\/schema\/logo\/image\/","url":"https:\/\/www.padreydecano.com\/cms\/wp-content\/uploads\/2022\/01\/avatar-square.png","contentUrl":"https:\/\/www.padreydecano.com\/cms\/wp-content\/uploads\/2022\/01\/avatar-square.png","width":1500,"height":1500,"caption":"Padre y Decano"},"image":{"@id":"https:\/\/www.padreydecano.com\/cms\/#\/schema\/logo\/image\/"}}]}},"_links":{"self":[{"href":"https:\/\/www.padreydecano.com\/cms\/wp-json\/wp\/v2\/pages\/70028"}],"collection":[{"href":"https:\/\/www.padreydecano.com\/cms\/wp-json\/wp\/v2\/pages"}],"about":[{"href":"https:\/\/www.padreydecano.com\/cms\/wp-json\/wp\/v2\/types\/page"}],"author":[{"embeddable":true,"href":"https:\/\/www.padreydecano.com\/cms\/wp-json\/wp\/v2\/users\/29"}],"replies":[{"embeddable":true,"href":"https:\/\/www.padreydecano.com\/cms\/wp-json\/wp\/v2\/comments?post=70028"}],"version-history":[{"count":0,"href":"https:\/\/www.padreydecano.com\/cms\/wp-json\/wp\/v2\/pages\/70028\/revisions"}],"wp:featuredmedia":[{"embeddable":true,"href":"https:\/\/www.padreydecano.com\/cms\/wp-json\/wp\/v2\/media\/70029"}],"wp:attachment":[{"href":"https:\/\/www.padreydecano.com\/cms\/wp-json\/wp\/v2\/media?parent=70028"}],"curies":[{"name":"wp","href":"https:\/\/api.w.org\/{rel}","templated":true}]}}