{"id":69907,"date":"2019-03-09T15:00:52","date_gmt":"2019-03-09T18:00:52","guid":{"rendered":"http:\/\/www.padreydecano.com\/cms\/?page_id=69907"},"modified":"2019-03-09T00:13:58","modified_gmt":"2019-03-09T03:13:58","slug":"elias-ricardo-figueroa","status":"publish","type":"page","link":"https:\/\/www.padreydecano.com\/cms\/elias-ricardo-figueroa\/","title":{"rendered":"El\u00edas Ricardo Figueroa"},"content":{"rendered":"<p><img loading=\"lazy\" decoding=\"async\" class=\"aligncenter wp-image-69908 size-full\" src=\"https:\/\/www.padreydecano.com\/cms\/wp-content\/uploads\/2019\/03\/Elias_figueroa_penarol_320x180.jpg\" alt=\"\" width=\"320\" height=\"180\" \/><\/p>\n<p style=\"text-align: justify;\"><strong>Uno de los extranjeros m\u00e1s influyentes en la historia de Club Atl\u00e9tico Pe\u00f1arol<\/strong>. El chileno nacido el 25 de octubre de 1946, debut\u00f3 en su pa\u00eds a los 18 a\u00f1os en el conjunto Uni\u00f3n la Calera. En dicho cuadro jug\u00f3 una sola temporada antes de pasar a Santiago Wanderers, donde tambi\u00e9n estuvo solo un a\u00f1o.<\/p>\n<p style=\"text-align: justify;\">En el a\u00f1o 1967, posterior a una buena Copa del Mundo y la Copa Am\u00e9rica de ese mismo a\u00f1o disputada en Uruguay, el zaguero de tan solo 20 a\u00f1os llam\u00f3 la atenci\u00f3n de varios equipos del continente pero finalmente fue fichado en Pe\u00f1arol (que en ese momento era el vigente Campe\u00f3n de Am\u00e9rica) donde permaneci\u00f3 hasta 1971.<\/p>\n<p style=\"text-align: justify;\">Durante su estad\u00eda en el Decano, logr\u00f3 el bicampeonato del torneo uruguayo en 1967 y 1968 y la Supercopa de Campeones Intercontinentales de 1969, derrotando en una recordada final al hist\u00f3rico Santos, encabezado por su figura Pel\u00e9. <strong>En dicho partido El\u00edas Figueroa fue el mejor jugador del encuentro gracias a su talento y liderazgo habitual.<\/strong><\/p>\n<p style=\"text-align: justify;\">Reconocido por su ya mencionado liderazgo, ten\u00eda como principal caracter\u00edstica un talento poco com\u00fan para su posici\u00f3n, llamado el defensor de guante blanco en su pa\u00eds. Don El\u00edas integr\u00f3 en todos los a\u00f1os el equipo ideal del Campeonato Uruguayo e incluso <strong>en tres ocasiones fue elegido como mejor jugador del mismo.<\/strong><\/p>\n<p style=\"text-align: justify;\">Posterior a su pasaje por Pe\u00f1arol, el zaguero contin\u00fao su carrera en el futbol brasile\u00f1o. Jugando para el Internacional de Porto Alegre donde se convirti\u00f3 en \u00eddolo de la instituci\u00f3n luego de haber ganado seis Campeonatos Gauchos y dos Serie A. En dicho pa\u00eds se lo galardon\u00f3 a fines del Siglo pasado, como el mejor extranjero que disput\u00f3 el Campeonato Brasilero.<\/p>\n<p style=\"text-align: justify;\">Despu\u00e9s de cuatro a\u00f1os en el Internacional, volvi\u00f3 al futbol de su pa\u00eds. En este caso al Palestino, donde permaneci\u00f3 tres a\u00f1os y gan\u00f3 tanto la Copa de Chile, como el Torneo de Primera Divisi\u00f3n. Previo a su retiro jug\u00f3 un a\u00f1o en el Fort Lauderdale Strikers de Estados Unidos, para luego s\u00ed culminar su carrera en Colo Colo en 1982.<\/p>\n<p style=\"text-align: justify;\">Seg\u00fan testimonios del mismo jugador, el pasaje por el futbol uruguayo le sirvi\u00f3 de tal manera que lo termin\u00f3 de consolidar como un gran futbolista. Cuando fue consultado en qu\u00e9 piensa cuando le hablan de Pe\u00f1arol afirmo lo siguiente:<\/p>\n<p style=\"text-align: justify;\">\u201cEl mundo. Yo recorr\u00ed el mundo con Pe\u00f1arol, pues antes se hac\u00edan muchas giras. Yo me hice jugador en Montevideo, que fue mi Universidad de f\u00fatbol. Ya hab\u00eda jugado un Sudamericano y un Mundial con Chile, pero yo era un jugador muy nuevito. Me faltaba la personalidad que adquir\u00ed en Uruguay. Me faltaba la mentalidad ganadora: ese Pe\u00f1arol era due\u00f1o de casa en cualquier parte del mundo. El Tito, Forl\u00e1n, Matosas, Pedro Rocha -extraordinario-, Joya, Spencer, Abadie, Silva \u2018El Pescador\u2019, Caetano, Mazurca \u2018El Chiquito\u2019\u2026 Jugando en ese equipo, aprend\u00ed que no existe la visita. \u00bfCuidarnos por qu\u00e9 no estamos jugando en casa? \u00a1No, por favor, nunca! Ese cuadro era ganador. Yo no s\u00e9 si el \u00e9xito tan grande que tuve despu\u00e9s en Brasil hubiese sido tal sino pasaba por Uruguay\u201d<\/p>\n<p style=\"text-align: justify;\">Con el conjunto carbonero, tambi\u00e9n consigui\u00f3 el Torneo de Honor en 1967, el Torneo Cuadrangular en 1968 y la Copa Montevideo en 1971. Termin\u00f3 su pasaje por Pe\u00f1arol con 241 partidos jugados, en los que convirti\u00f3 6 goles.<\/p>\n<p style=\"text-align: justify;\"><strong>A fines del Siglo XX se lo reconoci\u00f3 como mejor jugador chileno del Siglo, y mejor defensor Sudamericano del Siglo, por la reconocida IFFHS (Federaci\u00f3n Internacional de Historia y Estad\u00edstica de F\u00fatbol).<\/strong><\/p>\n<p style=\"text-align: justify;\">Dentro de otros reconocimientos personales que hablan de la talla de jugador que visti\u00f3 la casaca aurinegra, fue distinguido por la FIFA como \u2018El mejor jugador del mundo en 1975 y 1976\u2019, siendo elogiado hasta por el gran Franz Beckenbauer que en un entrevista en ese momento afirm\u00f3: \u201cYo soy el Figueroa de Europa\u201d.<\/p>\n<p style=\"text-align: justify;\">Link de la entrevista citada: <a href=\"https:\/\/www.federicoguiglia.com\/todo-sobre-elias-ricardo-figueroa-uno-de-los-veinte-mejores-jugadores-del-mundo-entrevista\/\">https:\/\/www.federicoguiglia.com\/todo-sobre-elias-ricardo-figueroa-uno-de-los-veinte-mejores-jugadores-del-mundo-entrevista\/<\/a><\/p>\n<p style=\"text-align: right;\"><strong><a href=\"https:\/\/twitter.com\/agustin_oronoz\">Agust\u00edn Oronoz<\/a> &#8211; UdelaR<\/strong><\/p>\n","protected":false},"excerpt":{"rendered":"<p>Uno de los extranjeros m\u00e1s influyentes en la historia de Club Atl\u00e9tico Pe\u00f1arol. El chileno nacido el 25 de octubre de 1946, debut\u00f3 en su pa\u00eds a los 18 a\u00f1os en el conjunto Uni\u00f3n la Calera. En dicho cuadro jug\u00f3 una sola temporada antes de pasar a Santiago Wanderers, donde tambi\u00e9n estuvo solo un a\u00f1o. [&hellip;]<\/p>\n","protected":false},"author":29,"featured_media":69964,"parent":0,"menu_order":0,"comment_status":"closed","ping_status":"closed","template":"","meta":{"footnotes":""},"yoast_head":"<!-- This site is optimized with the Yoast SEO plugin v23.2 - https:\/\/yoast.com\/wordpress\/plugins\/seo\/ -->\n<title>El\u00edas Ricardo Figueroa - Padre y Decano - El Sitio del Pueblo<\/title>\n<meta name=\"robots\" content=\"index, follow, max-snippet:-1, max-image-preview:large, max-video-preview:-1\" \/>\n<link rel=\"canonical\" href=\"https:\/\/www.padreydecano.com\/cms\/elias-ricardo-figueroa\/\" \/>\n<meta property=\"og:locale\" content=\"es_ES\" \/>\n<meta property=\"og:type\" content=\"article\" \/>\n<meta property=\"og:title\" content=\"El\u00edas Ricardo Figueroa - Padre y Decano - El Sitio del Pueblo\" \/>\n<meta property=\"og:description\" content=\"Uno de los extranjeros m\u00e1s influyentes en la historia de Club Atl\u00e9tico Pe\u00f1arol. El chileno nacido el 25 de octubre de 1946, debut\u00f3 en su pa\u00eds a los 18 a\u00f1os en el conjunto Uni\u00f3n la Calera. En dicho cuadro jug\u00f3 una sola temporada antes de pasar a Santiago Wanderers, donde tambi\u00e9n estuvo solo un a\u00f1o. [&hellip;]\" \/>\n<meta property=\"og:url\" content=\"https:\/\/www.padreydecano.com\/cms\/elias-ricardo-figueroa\/\" \/>\n<meta property=\"og:site_name\" content=\"Padre y Decano - El Sitio del Pueblo\" \/>\n<meta property=\"article:modified_time\" content=\"2019-03-09T03:13:58+00:00\" \/>\n<meta property=\"og:image\" content=\"https:\/\/www.padreydecano.com\/cms\/wp-content\/uploads\/2019\/03\/Elias_figueroa_penarol_320x180-1.jpg\" \/>\n\t<meta property=\"og:image:width\" content=\"320\" \/>\n\t<meta property=\"og:image:height\" content=\"180\" \/>\n\t<meta property=\"og:image:type\" content=\"image\/jpeg\" \/>\n<meta name=\"twitter:card\" content=\"summary_large_image\" \/>\n<meta name=\"twitter:label1\" content=\"Tiempo de lectura\" \/>\n\t<meta name=\"twitter:data1\" content=\"3 minutos\" \/>\n<script type=\"application\/ld+json\" class=\"yoast-schema-graph\">{\"@context\":\"https:\/\/schema.org\",\"@graph\":[{\"@type\":\"WebPage\",\"@id\":\"https:\/\/www.padreydecano.com\/cms\/elias-ricardo-figueroa\/\",\"url\":\"https:\/\/www.padreydecano.com\/cms\/elias-ricardo-figueroa\/\",\"name\":\"El\u00edas Ricardo Figueroa - Padre y Decano - El Sitio del Pueblo\",\"isPartOf\":{\"@id\":\"https:\/\/www.padreydecano.com\/cms\/#website\"},\"primaryImageOfPage\":{\"@id\":\"https:\/\/www.padreydecano.com\/cms\/elias-ricardo-figueroa\/#primaryimage\"},\"image\":{\"@id\":\"https:\/\/www.padreydecano.com\/cms\/elias-ricardo-figueroa\/#primaryimage\"},\"thumbnailUrl\":\"https:\/\/www.padreydecano.com\/cms\/wp-content\/uploads\/2019\/03\/Elias_figueroa_penarol_320x180-1.jpg\",\"datePublished\":\"2019-03-09T18:00:52+00:00\",\"dateModified\":\"2019-03-09T03:13:58+00:00\",\"breadcrumb\":{\"@id\":\"https:\/\/www.padreydecano.com\/cms\/elias-ricardo-figueroa\/#breadcrumb\"},\"inLanguage\":\"es\",\"potentialAction\":[{\"@type\":\"ReadAction\",\"target\":[\"https:\/\/www.padreydecano.com\/cms\/elias-ricardo-figueroa\/\"]}]},{\"@type\":\"ImageObject\",\"inLanguage\":\"es\",\"@id\":\"https:\/\/www.padreydecano.com\/cms\/elias-ricardo-figueroa\/#primaryimage\",\"url\":\"https:\/\/www.padreydecano.com\/cms\/wp-content\/uploads\/2019\/03\/Elias_figueroa_penarol_320x180-1.jpg\",\"contentUrl\":\"https:\/\/www.padreydecano.com\/cms\/wp-content\/uploads\/2019\/03\/Elias_figueroa_penarol_320x180-1.jpg\",\"width\":320,\"height\":180},{\"@type\":\"BreadcrumbList\",\"@id\":\"https:\/\/www.padreydecano.com\/cms\/elias-ricardo-figueroa\/#breadcrumb\",\"itemListElement\":[{\"@type\":\"ListItem\",\"position\":1,\"name\":\"Portada\",\"item\":\"https:\/\/www.padreydecano.com\/cms\/\"},{\"@type\":\"ListItem\",\"position\":2,\"name\":\"El\u00edas Ricardo Figueroa\"}]},{\"@type\":\"WebSite\",\"@id\":\"https:\/\/www.padreydecano.com\/cms\/#website\",\"url\":\"https:\/\/www.padreydecano.com\/cms\/\",\"name\":\"Padre y Decano - El Sitio del Pueblo\",\"description\":\"Club Atl\u00e9tico Pe\u00f1arol\",\"publisher\":{\"@id\":\"https:\/\/www.padreydecano.com\/cms\/#organization\"},\"potentialAction\":[{\"@type\":\"SearchAction\",\"target\":{\"@type\":\"EntryPoint\",\"urlTemplate\":\"https:\/\/www.padreydecano.com\/cms\/?s={search_term_string}\"},\"query-input\":\"required name=search_term_string\"}],\"inLanguage\":\"es\"},{\"@type\":\"Organization\",\"@id\":\"https:\/\/www.padreydecano.com\/cms\/#organization\",\"name\":\"Padre y Decano\",\"url\":\"https:\/\/www.padreydecano.com\/cms\/\",\"logo\":{\"@type\":\"ImageObject\",\"inLanguage\":\"es\",\"@id\":\"https:\/\/www.padreydecano.com\/cms\/#\/schema\/logo\/image\/\",\"url\":\"https:\/\/www.padreydecano.com\/cms\/wp-content\/uploads\/2022\/01\/avatar-square.png\",\"contentUrl\":\"https:\/\/www.padreydecano.com\/cms\/wp-content\/uploads\/2022\/01\/avatar-square.png\",\"width\":1500,\"height\":1500,\"caption\":\"Padre y Decano\"},\"image\":{\"@id\":\"https:\/\/www.padreydecano.com\/cms\/#\/schema\/logo\/image\/\"}}]}<\/script>\n<!-- \/ Yoast SEO plugin. -->","yoast_head_json":{"title":"El\u00edas Ricardo Figueroa - Padre y Decano - El Sitio del Pueblo","robots":{"index":"index","follow":"follow","max-snippet":"max-snippet:-1","max-image-preview":"max-image-preview:large","max-video-preview":"max-video-preview:-1"},"canonical":"https:\/\/www.padreydecano.com\/cms\/elias-ricardo-figueroa\/","og_locale":"es_ES","og_type":"article","og_title":"El\u00edas Ricardo Figueroa - Padre y Decano - El Sitio del Pueblo","og_description":"Uno de los extranjeros m\u00e1s influyentes en la historia de Club Atl\u00e9tico Pe\u00f1arol. El chileno nacido el 25 de octubre de 1946, debut\u00f3 en su pa\u00eds a los 18 a\u00f1os en el conjunto Uni\u00f3n la Calera. En dicho cuadro jug\u00f3 una sola temporada antes de pasar a Santiago Wanderers, donde tambi\u00e9n estuvo solo un a\u00f1o. [&hellip;]","og_url":"https:\/\/www.padreydecano.com\/cms\/elias-ricardo-figueroa\/","og_site_name":"Padre y Decano - El Sitio del Pueblo","article_modified_time":"2019-03-09T03:13:58+00:00","og_image":[{"width":320,"height":180,"url":"https:\/\/www.padreydecano.com\/cms\/wp-content\/uploads\/2019\/03\/Elias_figueroa_penarol_320x180-1.jpg","type":"image\/jpeg"}],"twitter_card":"summary_large_image","twitter_misc":{"Tiempo de lectura":"3 minutos"},"schema":{"@context":"https:\/\/schema.org","@graph":[{"@type":"WebPage","@id":"https:\/\/www.padreydecano.com\/cms\/elias-ricardo-figueroa\/","url":"https:\/\/www.padreydecano.com\/cms\/elias-ricardo-figueroa\/","name":"El\u00edas Ricardo Figueroa - Padre y Decano - El Sitio del Pueblo","isPartOf":{"@id":"https:\/\/www.padreydecano.com\/cms\/#website"},"primaryImageOfPage":{"@id":"https:\/\/www.padreydecano.com\/cms\/elias-ricardo-figueroa\/#primaryimage"},"image":{"@id":"https:\/\/www.padreydecano.com\/cms\/elias-ricardo-figueroa\/#primaryimage"},"thumbnailUrl":"https:\/\/www.padreydecano.com\/cms\/wp-content\/uploads\/2019\/03\/Elias_figueroa_penarol_320x180-1.jpg","datePublished":"2019-03-09T18:00:52+00:00","dateModified":"2019-03-09T03:13:58+00:00","breadcrumb":{"@id":"https:\/\/www.padreydecano.com\/cms\/elias-ricardo-figueroa\/#breadcrumb"},"inLanguage":"es","potentialAction":[{"@type":"ReadAction","target":["https:\/\/www.padreydecano.com\/cms\/elias-ricardo-figueroa\/"]}]},{"@type":"ImageObject","inLanguage":"es","@id":"https:\/\/www.padreydecano.com\/cms\/elias-ricardo-figueroa\/#primaryimage","url":"https:\/\/www.padreydecano.com\/cms\/wp-content\/uploads\/2019\/03\/Elias_figueroa_penarol_320x180-1.jpg","contentUrl":"https:\/\/www.padreydecano.com\/cms\/wp-content\/uploads\/2019\/03\/Elias_figueroa_penarol_320x180-1.jpg","width":320,"height":180},{"@type":"BreadcrumbList","@id":"https:\/\/www.padreydecano.com\/cms\/elias-ricardo-figueroa\/#breadcrumb","itemListElement":[{"@type":"ListItem","position":1,"name":"Portada","item":"https:\/\/www.padreydecano.com\/cms\/"},{"@type":"ListItem","position":2,"name":"El\u00edas Ricardo Figueroa"}]},{"@type":"WebSite","@id":"https:\/\/www.padreydecano.com\/cms\/#website","url":"https:\/\/www.padreydecano.com\/cms\/","name":"Padre y Decano - El Sitio del Pueblo","description":"Club Atl\u00e9tico Pe\u00f1arol","publisher":{"@id":"https:\/\/www.padreydecano.com\/cms\/#organization"},"potentialAction":[{"@type":"SearchAction","target":{"@type":"EntryPoint","urlTemplate":"https:\/\/www.padreydecano.com\/cms\/?s={search_term_string}"},"query-input":"required name=search_term_string"}],"inLanguage":"es"},{"@type":"Organization","@id":"https:\/\/www.padreydecano.com\/cms\/#organization","name":"Padre y Decano","url":"https:\/\/www.padreydecano.com\/cms\/","logo":{"@type":"ImageObject","inLanguage":"es","@id":"https:\/\/www.padreydecano.com\/cms\/#\/schema\/logo\/image\/","url":"https:\/\/www.padreydecano.com\/cms\/wp-content\/uploads\/2022\/01\/avatar-square.png","contentUrl":"https:\/\/www.padreydecano.com\/cms\/wp-content\/uploads\/2022\/01\/avatar-square.png","width":1500,"height":1500,"caption":"Padre y Decano"},"image":{"@id":"https:\/\/www.padreydecano.com\/cms\/#\/schema\/logo\/image\/"}}]}},"_links":{"self":[{"href":"https:\/\/www.padreydecano.com\/cms\/wp-json\/wp\/v2\/pages\/69907"}],"collection":[{"href":"https:\/\/www.padreydecano.com\/cms\/wp-json\/wp\/v2\/pages"}],"about":[{"href":"https:\/\/www.padreydecano.com\/cms\/wp-json\/wp\/v2\/types\/page"}],"author":[{"embeddable":true,"href":"https:\/\/www.padreydecano.com\/cms\/wp-json\/wp\/v2\/users\/29"}],"replies":[{"embeddable":true,"href":"https:\/\/www.padreydecano.com\/cms\/wp-json\/wp\/v2\/comments?post=69907"}],"version-history":[{"count":0,"href":"https:\/\/www.padreydecano.com\/cms\/wp-json\/wp\/v2\/pages\/69907\/revisions"}],"wp:featuredmedia":[{"embeddable":true,"href":"https:\/\/www.padreydecano.com\/cms\/wp-json\/wp\/v2\/media\/69964"}],"wp:attachment":[{"href":"https:\/\/www.padreydecano.com\/cms\/wp-json\/wp\/v2\/media?parent=69907"}],"curies":[{"name":"wp","href":"https:\/\/api.w.org\/{rel}","templated":true}]}}