{"id":69871,"date":"2019-03-04T12:34:44","date_gmt":"2019-03-04T15:34:44","guid":{"rendered":"http:\/\/www.padreydecano.com\/cms\/?page_id=69871"},"modified":"2019-03-04T12:34:44","modified_gmt":"2019-03-04T15:34:44","slug":"eduardo-dito-da-silva","status":"publish","type":"page","link":"https:\/\/www.padreydecano.com\/cms\/idolos\/eduardo-dito-da-silva\/","title":{"rendered":"Eduardo &#8216;Dito&#8217; Da Silva"},"content":{"rendered":"<p style=\"text-align: justify;\"><strong>C<a href=\"https:\/\/www.padreydecano.com\/cms\/wp-content\/uploads\/2019\/03\/CqOF_bkWEAEu2ML.jpg\" rel=\"shadowbox[sbpost-69871];player=img;\"><img loading=\"lazy\" decoding=\"async\" class=\"alignright size-thumbnail wp-image-69897\" src=\"https:\/\/www.padreydecano.com\/cms\/wp-content\/uploads\/2019\/03\/CqOF_bkWEAEu2ML-150x150.jpg\" alt=\"\" width=\"150\" height=\"150\" srcset=\"https:\/\/www.padreydecano.com\/cms\/wp-content\/uploads\/2019\/03\/CqOF_bkWEAEu2ML-150x150.jpg 150w, https:\/\/www.padreydecano.com\/cms\/wp-content\/uploads\/2019\/03\/CqOF_bkWEAEu2ML-36x36.jpg 36w\" sizes=\"(max-width: 150px) 100vw, 150px\" \/><\/a>uando hablamos de Pe\u00f1arol, es ineludible no hablar de las conquistas a nivel internacional y sus grandes jugadores que han marcado a fuego la instituci\u00f3n m\u00e1s prestigiosa de Uruguay.<\/strong><\/p>\n<p style=\"text-align: justify;\">Eduardo Da Silva, m\u00e1s conocido como \u00abDito\u00bb, naci\u00f3 el 19 de agosto de 1966 en el departamento de Artigas. Bicampe\u00f3n uruguayo en 1985 &#8211; 1986 y figura de la Copa Libertadores de 1987, en aquella recordada final que paraliz\u00f3 muchos corazones.<\/p>\n<p style=\"text-align: justify;\">Dito, comenz\u00f3 su carrera futbol\u00edstica como profesional en Pe\u00f1arol de Artigas, para luego venir a Montevideo a formar parte del Club Atl\u00e9tico Pe\u00f1arol, donde jugar\u00eda hasta 1991, consiguiendo los campeonatos uruguayos dichos anteriormente y grandes gestas a nivel internacional.<\/p>\n<p style=\"text-align: justify;\">Corr\u00eda el a\u00f1o 1987, Pe\u00f1arol buscaba un triunfo en un escenario dif\u00edcil como lo era la cancha del Club Atl\u00e9tico Independiente, o como se lo denominaban en aquella \u00e9poca \u00abLa caldera del diablo\u00bb. El equipo aurinegro, dirigido por Oscar Washington Tabarez, venci\u00f3 4 a 2 al \u00abRojo\u00bb para cortar el invicto que ten\u00eda el cuadro argentino por Copa Libertadores.<\/p>\n<p style=\"text-align: justify;\">Dito, marc\u00f3 el tercer gol a los 83&#8242;. El broche final, lo coloc\u00f3 Jorge Cabrera para una victoria que quedar\u00e1 en el recuerdo de todas aquellas personas que vivieron ese momento.<\/p>\n<p style=\"text-align: justify;\">A nivel de n\u00fameros, el jugador marc\u00f3 8 goles por el Campeonato Uruguayo y 2 goles por torneos internacionales. <strong>Particip\u00f3 en la haza\u00f1a del recordado cl\u00e1sico 8 contra 11 y form\u00f3 parte de la Selecci\u00f3n Uruguaya de F\u00fatbol, que se consagr\u00f3 campe\u00f3n de la Copa Am\u00e9rica de 1987.<\/strong><\/p>\n<p style=\"text-align: justify;\">A su vez, Eduardo Da Silva particip\u00f3 en la liguilla 1988, Copa de oro de los Grandes y en el Campeonato de Campeones Continentales, siendo pieza clave del conjunto aurinegro.<\/p>\n<p style=\"text-align: justify;\">En la actualidad, la Pe\u00f1a de Flor de Maro\u00f1as lleva su nombre, quienes realizan jornadas solidarias para ayudar a los m\u00e1s necesitados.<\/p>\n","protected":false},"excerpt":{"rendered":"<p>Cuando hablamos de Pe\u00f1arol, es ineludible no hablar de las conquistas a nivel internacional y sus grandes jugadores que han marcado a fuego la instituci\u00f3n m\u00e1s prestigiosa de Uruguay. Eduardo Da Silva, m\u00e1s conocido como \u00abDito\u00bb, naci\u00f3 el 19 de agosto de 1966 en el departamento de Artigas. Bicampe\u00f3n uruguayo en 1985 &#8211; 1986 y [&hellip;]<\/p>\n","protected":false},"author":29,"featured_media":69897,"parent":69,"menu_order":0,"comment_status":"closed","ping_status":"closed","template":"","meta":{"footnotes":""},"yoast_head":"<!-- This site is optimized with the Yoast SEO plugin v23.2 - https:\/\/yoast.com\/wordpress\/plugins\/seo\/ -->\n<title>Eduardo &#039;Dito&#039; Da Silva - Padre y Decano - El Sitio del Pueblo<\/title>\n<meta name=\"robots\" content=\"index, follow, max-snippet:-1, max-image-preview:large, max-video-preview:-1\" \/>\n<link rel=\"canonical\" href=\"https:\/\/www.padreydecano.com\/cms\/idolos\/eduardo-dito-da-silva\/\" \/>\n<meta property=\"og:locale\" content=\"es_ES\" \/>\n<meta property=\"og:type\" content=\"article\" \/>\n<meta property=\"og:title\" content=\"Eduardo &#039;Dito&#039; Da Silva - Padre y Decano - El Sitio del Pueblo\" \/>\n<meta property=\"og:description\" content=\"Cuando hablamos de Pe\u00f1arol, es ineludible no hablar de las conquistas a nivel internacional y sus grandes jugadores que han marcado a fuego la instituci\u00f3n m\u00e1s prestigiosa de Uruguay. Eduardo Da Silva, m\u00e1s conocido como \u00abDito\u00bb, naci\u00f3 el 19 de agosto de 1966 en el departamento de Artigas. Bicampe\u00f3n uruguayo en 1985 &#8211; 1986 y [&hellip;]\" \/>\n<meta property=\"og:url\" content=\"https:\/\/www.padreydecano.com\/cms\/idolos\/eduardo-dito-da-silva\/\" \/>\n<meta property=\"og:site_name\" content=\"Padre y Decano - El Sitio del Pueblo\" \/>\n<meta property=\"og:image\" content=\"https:\/\/www.padreydecano.com\/cms\/wp-content\/uploads\/2019\/03\/CqOF_bkWEAEu2ML.jpg\" \/>\n\t<meta property=\"og:image:width\" content=\"609\" \/>\n\t<meta property=\"og:image:height\" content=\"528\" \/>\n\t<meta property=\"og:image:type\" content=\"image\/jpeg\" \/>\n<meta name=\"twitter:card\" content=\"summary_large_image\" \/>\n<meta name=\"twitter:label1\" content=\"Tiempo de lectura\" \/>\n\t<meta name=\"twitter:data1\" content=\"2 minutos\" \/>\n<script type=\"application\/ld+json\" class=\"yoast-schema-graph\">{\"@context\":\"https:\/\/schema.org\",\"@graph\":[{\"@type\":\"WebPage\",\"@id\":\"https:\/\/www.padreydecano.com\/cms\/idolos\/eduardo-dito-da-silva\/\",\"url\":\"https:\/\/www.padreydecano.com\/cms\/idolos\/eduardo-dito-da-silva\/\",\"name\":\"Eduardo 'Dito' Da Silva - Padre y Decano - El Sitio del Pueblo\",\"isPartOf\":{\"@id\":\"https:\/\/www.padreydecano.com\/cms\/#website\"},\"primaryImageOfPage\":{\"@id\":\"https:\/\/www.padreydecano.com\/cms\/idolos\/eduardo-dito-da-silva\/#primaryimage\"},\"image\":{\"@id\":\"https:\/\/www.padreydecano.com\/cms\/idolos\/eduardo-dito-da-silva\/#primaryimage\"},\"thumbnailUrl\":\"https:\/\/www.padreydecano.com\/cms\/wp-content\/uploads\/2019\/03\/CqOF_bkWEAEu2ML.jpg\",\"datePublished\":\"2019-03-04T15:34:44+00:00\",\"dateModified\":\"2019-03-04T15:34:44+00:00\",\"breadcrumb\":{\"@id\":\"https:\/\/www.padreydecano.com\/cms\/idolos\/eduardo-dito-da-silva\/#breadcrumb\"},\"inLanguage\":\"es\",\"potentialAction\":[{\"@type\":\"ReadAction\",\"target\":[\"https:\/\/www.padreydecano.com\/cms\/idolos\/eduardo-dito-da-silva\/\"]}]},{\"@type\":\"ImageObject\",\"inLanguage\":\"es\",\"@id\":\"https:\/\/www.padreydecano.com\/cms\/idolos\/eduardo-dito-da-silva\/#primaryimage\",\"url\":\"https:\/\/www.padreydecano.com\/cms\/wp-content\/uploads\/2019\/03\/CqOF_bkWEAEu2ML.jpg\",\"contentUrl\":\"https:\/\/www.padreydecano.com\/cms\/wp-content\/uploads\/2019\/03\/CqOF_bkWEAEu2ML.jpg\",\"width\":609,\"height\":528},{\"@type\":\"BreadcrumbList\",\"@id\":\"https:\/\/www.padreydecano.com\/cms\/idolos\/eduardo-dito-da-silva\/#breadcrumb\",\"itemListElement\":[{\"@type\":\"ListItem\",\"position\":1,\"name\":\"Portada\",\"item\":\"https:\/\/www.padreydecano.com\/cms\/\"},{\"@type\":\"ListItem\",\"position\":2,\"name\":\"\u00cddolos\",\"item\":\"https:\/\/www.padreydecano.com\/cms\/idolos\/\"},{\"@type\":\"ListItem\",\"position\":3,\"name\":\"Eduardo &#8216;Dito&#8217; Da Silva\"}]},{\"@type\":\"WebSite\",\"@id\":\"https:\/\/www.padreydecano.com\/cms\/#website\",\"url\":\"https:\/\/www.padreydecano.com\/cms\/\",\"name\":\"Padre y Decano - El Sitio del Pueblo\",\"description\":\"Club Atl\u00e9tico Pe\u00f1arol\",\"publisher\":{\"@id\":\"https:\/\/www.padreydecano.com\/cms\/#organization\"},\"potentialAction\":[{\"@type\":\"SearchAction\",\"target\":{\"@type\":\"EntryPoint\",\"urlTemplate\":\"https:\/\/www.padreydecano.com\/cms\/?s={search_term_string}\"},\"query-input\":\"required name=search_term_string\"}],\"inLanguage\":\"es\"},{\"@type\":\"Organization\",\"@id\":\"https:\/\/www.padreydecano.com\/cms\/#organization\",\"name\":\"Padre y Decano\",\"url\":\"https:\/\/www.padreydecano.com\/cms\/\",\"logo\":{\"@type\":\"ImageObject\",\"inLanguage\":\"es\",\"@id\":\"https:\/\/www.padreydecano.com\/cms\/#\/schema\/logo\/image\/\",\"url\":\"https:\/\/www.padreydecano.com\/cms\/wp-content\/uploads\/2022\/01\/avatar-square.png\",\"contentUrl\":\"https:\/\/www.padreydecano.com\/cms\/wp-content\/uploads\/2022\/01\/avatar-square.png\",\"width\":1500,\"height\":1500,\"caption\":\"Padre y Decano\"},\"image\":{\"@id\":\"https:\/\/www.padreydecano.com\/cms\/#\/schema\/logo\/image\/\"}}]}<\/script>\n<!-- \/ Yoast SEO plugin. -->","yoast_head_json":{"title":"Eduardo 'Dito' Da Silva - Padre y Decano - El Sitio del Pueblo","robots":{"index":"index","follow":"follow","max-snippet":"max-snippet:-1","max-image-preview":"max-image-preview:large","max-video-preview":"max-video-preview:-1"},"canonical":"https:\/\/www.padreydecano.com\/cms\/idolos\/eduardo-dito-da-silva\/","og_locale":"es_ES","og_type":"article","og_title":"Eduardo 'Dito' Da Silva - Padre y Decano - El Sitio del Pueblo","og_description":"Cuando hablamos de Pe\u00f1arol, es ineludible no hablar de las conquistas a nivel internacional y sus grandes jugadores que han marcado a fuego la instituci\u00f3n m\u00e1s prestigiosa de Uruguay. Eduardo Da Silva, m\u00e1s conocido como \u00abDito\u00bb, naci\u00f3 el 19 de agosto de 1966 en el departamento de Artigas. Bicampe\u00f3n uruguayo en 1985 &#8211; 1986 y [&hellip;]","og_url":"https:\/\/www.padreydecano.com\/cms\/idolos\/eduardo-dito-da-silva\/","og_site_name":"Padre y Decano - El Sitio del Pueblo","og_image":[{"width":609,"height":528,"url":"https:\/\/www.padreydecano.com\/cms\/wp-content\/uploads\/2019\/03\/CqOF_bkWEAEu2ML.jpg","type":"image\/jpeg"}],"twitter_card":"summary_large_image","twitter_misc":{"Tiempo de lectura":"2 minutos"},"schema":{"@context":"https:\/\/schema.org","@graph":[{"@type":"WebPage","@id":"https:\/\/www.padreydecano.com\/cms\/idolos\/eduardo-dito-da-silva\/","url":"https:\/\/www.padreydecano.com\/cms\/idolos\/eduardo-dito-da-silva\/","name":"Eduardo 'Dito' Da Silva - Padre y Decano - El Sitio del Pueblo","isPartOf":{"@id":"https:\/\/www.padreydecano.com\/cms\/#website"},"primaryImageOfPage":{"@id":"https:\/\/www.padreydecano.com\/cms\/idolos\/eduardo-dito-da-silva\/#primaryimage"},"image":{"@id":"https:\/\/www.padreydecano.com\/cms\/idolos\/eduardo-dito-da-silva\/#primaryimage"},"thumbnailUrl":"https:\/\/www.padreydecano.com\/cms\/wp-content\/uploads\/2019\/03\/CqOF_bkWEAEu2ML.jpg","datePublished":"2019-03-04T15:34:44+00:00","dateModified":"2019-03-04T15:34:44+00:00","breadcrumb":{"@id":"https:\/\/www.padreydecano.com\/cms\/idolos\/eduardo-dito-da-silva\/#breadcrumb"},"inLanguage":"es","potentialAction":[{"@type":"ReadAction","target":["https:\/\/www.padreydecano.com\/cms\/idolos\/eduardo-dito-da-silva\/"]}]},{"@type":"ImageObject","inLanguage":"es","@id":"https:\/\/www.padreydecano.com\/cms\/idolos\/eduardo-dito-da-silva\/#primaryimage","url":"https:\/\/www.padreydecano.com\/cms\/wp-content\/uploads\/2019\/03\/CqOF_bkWEAEu2ML.jpg","contentUrl":"https:\/\/www.padreydecano.com\/cms\/wp-content\/uploads\/2019\/03\/CqOF_bkWEAEu2ML.jpg","width":609,"height":528},{"@type":"BreadcrumbList","@id":"https:\/\/www.padreydecano.com\/cms\/idolos\/eduardo-dito-da-silva\/#breadcrumb","itemListElement":[{"@type":"ListItem","position":1,"name":"Portada","item":"https:\/\/www.padreydecano.com\/cms\/"},{"@type":"ListItem","position":2,"name":"\u00cddolos","item":"https:\/\/www.padreydecano.com\/cms\/idolos\/"},{"@type":"ListItem","position":3,"name":"Eduardo &#8216;Dito&#8217; Da Silva"}]},{"@type":"WebSite","@id":"https:\/\/www.padreydecano.com\/cms\/#website","url":"https:\/\/www.padreydecano.com\/cms\/","name":"Padre y Decano - El Sitio del Pueblo","description":"Club Atl\u00e9tico Pe\u00f1arol","publisher":{"@id":"https:\/\/www.padreydecano.com\/cms\/#organization"},"potentialAction":[{"@type":"SearchAction","target":{"@type":"EntryPoint","urlTemplate":"https:\/\/www.padreydecano.com\/cms\/?s={search_term_string}"},"query-input":"required name=search_term_string"}],"inLanguage":"es"},{"@type":"Organization","@id":"https:\/\/www.padreydecano.com\/cms\/#organization","name":"Padre y Decano","url":"https:\/\/www.padreydecano.com\/cms\/","logo":{"@type":"ImageObject","inLanguage":"es","@id":"https:\/\/www.padreydecano.com\/cms\/#\/schema\/logo\/image\/","url":"https:\/\/www.padreydecano.com\/cms\/wp-content\/uploads\/2022\/01\/avatar-square.png","contentUrl":"https:\/\/www.padreydecano.com\/cms\/wp-content\/uploads\/2022\/01\/avatar-square.png","width":1500,"height":1500,"caption":"Padre y Decano"},"image":{"@id":"https:\/\/www.padreydecano.com\/cms\/#\/schema\/logo\/image\/"}}]}},"_links":{"self":[{"href":"https:\/\/www.padreydecano.com\/cms\/wp-json\/wp\/v2\/pages\/69871"}],"collection":[{"href":"https:\/\/www.padreydecano.com\/cms\/wp-json\/wp\/v2\/pages"}],"about":[{"href":"https:\/\/www.padreydecano.com\/cms\/wp-json\/wp\/v2\/types\/page"}],"author":[{"embeddable":true,"href":"https:\/\/www.padreydecano.com\/cms\/wp-json\/wp\/v2\/users\/29"}],"replies":[{"embeddable":true,"href":"https:\/\/www.padreydecano.com\/cms\/wp-json\/wp\/v2\/comments?post=69871"}],"version-history":[{"count":0,"href":"https:\/\/www.padreydecano.com\/cms\/wp-json\/wp\/v2\/pages\/69871\/revisions"}],"up":[{"embeddable":true,"href":"https:\/\/www.padreydecano.com\/cms\/wp-json\/wp\/v2\/pages\/69"}],"wp:featuredmedia":[{"embeddable":true,"href":"https:\/\/www.padreydecano.com\/cms\/wp-json\/wp\/v2\/media\/69897"}],"wp:attachment":[{"href":"https:\/\/www.padreydecano.com\/cms\/wp-json\/wp\/v2\/media?parent=69871"}],"curies":[{"name":"wp","href":"https:\/\/api.w.org\/{rel}","templated":true}]}}