{"id":55684,"date":"2015-11-25T13:02:22","date_gmt":"2015-11-25T16:02:22","guid":{"rendered":"http:\/\/www.padreydecano.com\/cms\/?page_id=55684"},"modified":"2015-11-27T11:38:53","modified_gmt":"2015-11-27T14:38:53","slug":"pago-por-jugar-en-penarol","status":"publish","type":"page","link":"https:\/\/www.padreydecano.com\/cms\/pago-por-jugar-en-penarol\/","title":{"rendered":"Pag\u00f3 por jugar en Pe\u00f1arol"},"content":{"rendered":"<p dir=\"ltr\" style=\"text-align: justify;\"><strong><a href=\"https:\/\/www.padreydecano.com\/cms\/wp-content\/uploads\/2015\/11\/Oscar-Chirimini.jpg\" rel=\"shadowbox[sbpost-55684];player=img;\"><img loading=\"lazy\" decoding=\"async\" class=\"alignright wp-image-55685\" src=\"https:\/\/www.padreydecano.com\/cms\/wp-content\/uploads\/2015\/11\/Oscar-Chirimini.jpg\" alt=\"Oscar-Chirimini\" width=\"321\" height=\"488\" srcset=\"https:\/\/www.padreydecano.com\/cms\/wp-content\/uploads\/2015\/11\/Oscar-Chirimini.jpg 526w, https:\/\/www.padreydecano.com\/cms\/wp-content\/uploads\/2015\/11\/Oscar-Chirimini-197x300.jpg 197w\" sizes=\"(max-width: 321px) 100vw, 321px\" \/><\/a>\u00d3scar Chirimini fue un volante creativo de fines de los a\u00f1os 30 y principios de los 40. Se destac\u00f3 en Pe\u00f1arol no solo por su juego, sino por la forma en que lleg\u00f3 al club Decano, rechazando posibilidades del tradicional adversario y cumpliendo su sue\u00f1o de ser campe\u00f3n.<a href=\"http:\/\/padreydecano.com\/\" target=\"_blank\">\u00a0<\/a><\/strong><\/p>\n<p dir=\"ltr\" style=\"text-align: justify;\">Chirimini naci\u00f3 el 28 de marzo de 1917 en el barrio Reus del sur, en Minas 1033. Fue el primero de 10 hermanos. Comenz\u00f3 a jugar en el \u201cRam\u00edrez\u201d, junto a Silvestre Palacios, quien m\u00e1s adelante fuera futbolista aurinegro. Enfrent\u00f3 a equipos como Olivol, Dryco y Johnny Walker. Tambi\u00e9n practic\u00f3 b\u00e1squetbol en Welcome, donde fue campe\u00f3n.<\/p>\n<p dir=\"ltr\" style=\"text-align: justify;\">M\u00e1s tarde, Chiquito, como le llamaban sus amigos, jug\u00f3 en \u00abEl Hacha\u00bb, club que era una especie de sucursal de River Plate. Con los darseneros debuta ante Central, ganando 1 a 0 con gol del propio Chirimini.<\/p>\n<p dir=\"ltr\" style=\"text-align: justify;\">Dos a\u00f1os despu\u00e9s disputa el Sudamericano de Buenos Aires con la celeste.\u00a0En 1939 disput\u00f3 la Copa Am\u00e9rica en Per\u00fa, juega 70 minutos y convierte un gol. La revancha ser\u00eda en 1942, el combinado\u00a0oriental gana el m\u00e1ximo certamen del continente en Montevideo. Chirimini apareci\u00f3 en dos encuentros y dej\u00f3 su marca en las redes.<\/p>\n<p dir=\"ltr\" style=\"text-align: justify;\">Era un entreala (volante creativo o 10), con habilidad y dominio del bal\u00f3n y una pegada excepcional. <strong>Durante el Sudamericano, intentaron convencerlo para que pasara a Nacional.\u00a0 Los tricolores viv\u00edan una \u00e9poca dorada,\u00a0 estaban cerca de lograr el Quinquenio.\u00a0Pero Chirimini dijo \u00absi me voy de River es para ir a Pe\u00f1arol\u00bb. Era un manya de ley y solo quer\u00eda cumplir el sue\u00f1o de vestir la casaca del Decano.<\/strong> Precisamente luego de la Copa Am\u00e9rica, la instituci\u00f3n de las once estrellas mostr\u00f3 inter\u00e9s en Chiquito.<\/p>\n<p dir=\"ltr\" style=\"text-align: justify;\"><strong>Los darseneros pidieron 5000 pesos por el \u00abinsider\u00bb, pero los carboneros ofrec\u00edan 4500. Oscar decidi\u00f3 cumplir su sue\u00f1o y jugar en Pe\u00f1arol, renunci\u00f3 a su porcentaje en la transferencia y abon\u00f3 los 500 de diferencia para llegar al conjunto aurinegro.<\/strong> Eran tiempos dif\u00edciles en tiendas mirasoles, se necesitaba volver a ganar cl\u00e1sicos.<\/p>\n<p dir=\"ltr\" style=\"text-align: justify;\"><strong>Y en el debut de Chirimini ante los tricolores, las sedas del manya volvieron a triunfar. El 28 de junio de 1942, por el Torneo Competencia, el equipo dirigido por Lorenzo Fern\u00e1ndez venci\u00f3 3 a 1 al tradicional adversario, Chiquito anot\u00f3 un gol en su debut.<\/strong><\/p>\n<p dir=\"ltr\" style=\"text-align: justify;\"><a href=\"https:\/\/www.padreydecano.com\/cms\/wp-content\/uploads\/2015\/11\/001.jpg\" rel=\"shadowbox[sbpost-55684];player=img;\"><img loading=\"lazy\" decoding=\"async\" class=\"aligncenter wp-image-55686\" src=\"https:\/\/www.padreydecano.com\/cms\/wp-content\/uploads\/2015\/11\/001.jpg\" alt=\"001\" width=\"598\" height=\"397\" srcset=\"https:\/\/www.padreydecano.com\/cms\/wp-content\/uploads\/2015\/11\/001.jpg 613w, https:\/\/www.padreydecano.com\/cms\/wp-content\/uploads\/2015\/11\/001-300x199.jpg 300w\" sizes=\"(max-width: 598px) 100vw, 598px\" \/><\/a><\/p>\n<p dir=\"ltr\" style=\"text-align: justify;\">Pero la dirigencia de la \u00e9poca estaba desorientada, despidieron a Fern\u00e1ndez y se perdi\u00f3 el Campeonato Uruguayo. En un momento donde cada poco tiempo se cambiaban jugadores (actualmente tambi\u00e9n sucede), los popes mirasoles quisieron transferir a Chirimini.\u00a0E<strong>l hombre quer\u00eda triunfar, \u00abo juego en Pe\u00f1arol o dejo el f\u00fatbol\u00bb, coment\u00f3.\u00a0 Eso hizo que la dirigencia lo separara del plantel. Tuvo que entrenar por su cuenta, en una \u00e9poca donde no exist\u00eda la Mutual de futbolistas profesionales.<\/strong><\/p>\n<p dir=\"ltr\" style=\"text-align: justify;\">Lo quiso comprar el poderoso Fluminense de Brasil, pero el hombre so\u00f1aba con volver a vestir la camiseta aurinegra. <strong>Un d\u00eda de verano se disputaba un cl\u00e1sico amistoso en el Estadio Centenario y dos amigos lo invitaron a ir a ver el partido.\u00a0Estaba en la Platea Am\u00e9rica y lo vio el entrenador carbonero. Chiquito fue a saludar a sus compa\u00f1eros al vestuario. Pero para sorpresa de sus amigos, sali\u00f3 a la cancha vistiendo la camiseta de Pe\u00f1arol. Pensaron que estaba loco, hac\u00eda un tiempo que no jugaba, fumaba 4 cajas de cigarrillos por d\u00eda, creyeron que se expon\u00eda al rid\u00edculo.<\/strong><\/p>\n<p dir=\"ltr\" style=\"text-align: justify;\"><strong>Chirimini demostr\u00f3 su clase y condujo al carbonero a un triunfo por 4 a 2, adem\u00e1s hizo uno de los goles.\u00a0<\/strong><\/p>\n<p dir=\"ltr\" style=\"text-align: justify;\">En 1945 lleg\u00f3 su revancha, fue titular en el equipo mirasol, formando una delantera conocida como<strong> \u00ablos cinco enanitos\u00bb<\/strong>, Juan Mar\u00eda \u00abSolito\u00bb Ortiz, Domingo \u00abLa Hormiguita\u00bb Gelpi, Ra\u00fal \u00abToto\u00bb Schiaffino, Chiquito y <a href=\"https:\/\/www.padreydecano.com\/cms\/idolos\/ernesto-vidal\/\" target=\"_blank\">Ernesto \u00abEl Patrullero\u00bb Vidal<\/a>.<\/p>\n<p dir=\"ltr\" style=\"text-align: justify;\">Ganaron el Uruguayo con luz, f\u00fatbol r\u00e1pido y con mucho gol. Toto Schiaffino, hermano de Juan Alberto que a\u00fan jugaba en formativas, fue la figura del Campeonato y el m\u00e1ximo scorer con 19 tantos.<\/p>\n<p dir=\"ltr\" style=\"text-align: justify;\">En 18 partidos lograron 15 triunfos con 60 goles a favor y 19 en contra. En el cl\u00e1sico, derrotaron a los albos 2 a 1 gracias a las conquistas de Chiquito y Schiaffino, al tiempo que en 1946 se dio el lujo de ser compa\u00f1ero de <a href=\"https:\/\/www.padreydecano.com\/cms\/idolos\/juan-alberto-schiaffino\/\" target=\"_blank\">Juan Alberto Schiaffino<\/a> en su debut.<\/p>\n<p dir=\"ltr\" style=\"text-align: justify;\">Fue ante Liverpool, un d\u00eda en el que los hermanos Schiaffino deleitaron a la tribuna, los negriazules recibieron 8 goles. Chirimini cont\u00f3 una an\u00e9cdota sucedida en el entretiempo, Obdulio Varlea le dijo al menor de los Schiaffino,\u00a0\u00abusted tambi\u00e9n tiene que correr la pelota\u00bb, a lo que el joven valor contest\u00f3, \u00absi yo la corro, pero usted d\u00e9mela a los pies como se la doy yo\u00bb. La personalidad del Pepe qued\u00f3 demostrada ante el gran capit\u00e1n.<\/p>\n<p dir=\"ltr\" style=\"text-align: justify;\">En ese a\u00f1o ocurri\u00f3 un hecho ins\u00f3lito en la historia del f\u00fatbol uruguayo. Se disputaba el cl\u00e1sico, Pe\u00f1arol ganaba con comodidad, Chirimini fue expulsado por repeler la agresi\u00f3n de un jugador albo. Obdulio le protest\u00f3 al \u00e1rbitro, <a href=\"https:\/\/www.padreydecano.com\/cms\/historias-clasicas\/el-clasico-del-comisario\/\" target=\"_blank\">ingres\u00f3 la Polic\u00eda y se llev\u00f3 detenido al capit\u00e1n mirasol.<\/a> El juez estamp\u00f3 en el formulario que \u00e9l no hab\u00eda echado al Negro Jefe. El partido culmin\u00f3 con victoria 4 a 3 para los carboneros.<\/p>\n<p dir=\"ltr\" style=\"text-align: justify;\">Chirimini qued\u00f3 libre en 1949, en el 50 disput\u00f3 dos partidos con River Palte y dej\u00f3 el f\u00fatbol. Pero en 1953, \u00abMar de Fondo\u00bb, equipo de su barrio le pidi\u00f3 que los acompa\u00f1ara en los \u00faltimos partidos de la Segunda Divisi\u00f3n.<\/p>\n<p dir=\"ltr\" style=\"text-align: justify;\">Debut\u00f3 ante Racing con triunfo por la m\u00ednima, siendo el autor del \u00fanico tanto. Luego vencieron a Miramar 2 a 0 y volvi\u00f3 a convertir. Luego se desgarr\u00f3 y ah\u00ed finalmente abandon\u00f3 el f\u00fatbol. El 3 de abril de 1961 falleci\u00f3 por problemas card\u00edacos a los 44 a\u00f1os.<\/p>\n<p dir=\"ltr\" style=\"text-align: justify;\"><strong>Oscar Chirimini fue un excelente jugador e hincha de Pe\u00f1arol, que dej\u00f3 mucho por el club. Un olvidado que merece un homenaje por su adhesi\u00f3n a la causa aurinegra.<\/strong><\/p>\n<p dir=\"ltr\"><span style=\"color: #ffcc02;\"><strong>Palmares<\/strong><\/span><\/p>\n<ul>\n<li dir=\"ltr\">Campeonato Competencia (3): 1943, 46, 47<\/li>\n<li dir=\"ltr\">Torneo de Honor (3): 1944, 45, 47<\/li>\n<li dir=\"ltr\">Copa Uruguaya (2): 1944, 45<\/li>\n<\/ul>\n<p dir=\"ltr\"><span style=\"color: #ffcc02;\"><strong>Cl\u00e1sicos:<\/strong><\/span><\/p>\n<p dir=\"ltr\">01- 28\/06\/1942 Competencia 3-1 un gol<br \/>\n02- 06\/09\/1942 Uruguayo 2-3 dos goles<br \/>\n03- 15\/11\/1942 Uruguayo 0-4<br \/>\n04- 14\/02\/1943 Amistoso 4-2 un gol<br \/>\n05- 06\/06\/1943 Competencia 0-1<br \/>\n06- 22\/08\/1943 Uruguayo 1-2 un gol<br \/>\n07- 26\/08\/1945 Uruguayo 2-1 un gol<br \/>\n08- 13\/09\/1946 Uruguayo 1-1<br \/>\n09- 08\/12\/1946 Uruguayo 4-3 dos goles<br \/>\n10- 08\/06\/1947 Competencia 1-0<br \/>\n11- 26\/10\/1947 Uruguayo 2-2<\/p>\n<p dir=\"ltr\">Total: 11 jugados, 5 ganados, 4 perdidos y 2 empatados. Anot\u00f3 8 goles y fue expulsado en una ocasi\u00f3n.<\/p>\n","protected":false},"excerpt":{"rendered":"<p>\u00d3scar Chirimini fue un volante creativo de fines de los a\u00f1os 30 y principios de los 40. Se destac\u00f3 en Pe\u00f1arol no solo por su juego, sino por la forma en que lleg\u00f3 al club Decano, rechazando posibilidades del tradicional adversario y cumpliendo su sue\u00f1o de ser campe\u00f3n.\u00a0 Chirimini naci\u00f3 el 28 de marzo de [&hellip;]<\/p>\n","protected":false},"author":13,"featured_media":0,"parent":0,"menu_order":0,"comment_status":"closed","ping_status":"closed","template":"","meta":{"footnotes":""},"yoast_head":"<!-- This site is optimized with the Yoast SEO plugin v23.2 - https:\/\/yoast.com\/wordpress\/plugins\/seo\/ -->\n<title>Pag\u00f3 por jugar en Pe\u00f1arol - Padre y Decano - El Sitio del Pueblo<\/title>\n<meta name=\"robots\" content=\"index, follow, max-snippet:-1, max-image-preview:large, max-video-preview:-1\" \/>\n<link rel=\"canonical\" href=\"https:\/\/www.padreydecano.com\/cms\/pago-por-jugar-en-penarol\/\" \/>\n<meta property=\"og:locale\" content=\"es_ES\" \/>\n<meta property=\"og:type\" content=\"article\" \/>\n<meta property=\"og:title\" content=\"Pag\u00f3 por jugar en Pe\u00f1arol - Padre y Decano - El Sitio del Pueblo\" \/>\n<meta property=\"og:description\" content=\"\u00d3scar Chirimini fue un volante creativo de fines de los a\u00f1os 30 y principios de los 40. Se destac\u00f3 en Pe\u00f1arol no solo por su juego, sino por la forma en que lleg\u00f3 al club Decano, rechazando posibilidades del tradicional adversario y cumpliendo su sue\u00f1o de ser campe\u00f3n.\u00a0 Chirimini naci\u00f3 el 28 de marzo de [&hellip;]\" \/>\n<meta property=\"og:url\" content=\"https:\/\/www.padreydecano.com\/cms\/pago-por-jugar-en-penarol\/\" \/>\n<meta property=\"og:site_name\" content=\"Padre y Decano - El Sitio del Pueblo\" \/>\n<meta property=\"article:modified_time\" content=\"2015-11-27T14:38:53+00:00\" \/>\n<meta property=\"og:image\" content=\"http:\/\/www.padreydecano.com\/cms\/wp-content\/uploads\/2015\/11\/Oscar-Chirimini.jpg\" \/>\n<meta name=\"twitter:card\" content=\"summary_large_image\" \/>\n<meta name=\"twitter:label1\" content=\"Tiempo de lectura\" \/>\n\t<meta name=\"twitter:data1\" content=\"5 minutos\" \/>\n<script type=\"application\/ld+json\" class=\"yoast-schema-graph\">{\"@context\":\"https:\/\/schema.org\",\"@graph\":[{\"@type\":\"WebPage\",\"@id\":\"https:\/\/www.padreydecano.com\/cms\/pago-por-jugar-en-penarol\/\",\"url\":\"https:\/\/www.padreydecano.com\/cms\/pago-por-jugar-en-penarol\/\",\"name\":\"Pag\u00f3 por jugar en Pe\u00f1arol - Padre y Decano - El Sitio del Pueblo\",\"isPartOf\":{\"@id\":\"https:\/\/www.padreydecano.com\/cms\/#website\"},\"primaryImageOfPage\":{\"@id\":\"https:\/\/www.padreydecano.com\/cms\/pago-por-jugar-en-penarol\/#primaryimage\"},\"image\":{\"@id\":\"https:\/\/www.padreydecano.com\/cms\/pago-por-jugar-en-penarol\/#primaryimage\"},\"thumbnailUrl\":\"http:\/\/www.padreydecano.com\/cms\/wp-content\/uploads\/2015\/11\/Oscar-Chirimini.jpg\",\"datePublished\":\"2015-11-25T16:02:22+00:00\",\"dateModified\":\"2015-11-27T14:38:53+00:00\",\"breadcrumb\":{\"@id\":\"https:\/\/www.padreydecano.com\/cms\/pago-por-jugar-en-penarol\/#breadcrumb\"},\"inLanguage\":\"es\",\"potentialAction\":[{\"@type\":\"ReadAction\",\"target\":[\"https:\/\/www.padreydecano.com\/cms\/pago-por-jugar-en-penarol\/\"]}]},{\"@type\":\"ImageObject\",\"inLanguage\":\"es\",\"@id\":\"https:\/\/www.padreydecano.com\/cms\/pago-por-jugar-en-penarol\/#primaryimage\",\"url\":\"http:\/\/www.padreydecano.com\/cms\/wp-content\/uploads\/2015\/11\/Oscar-Chirimini.jpg\",\"contentUrl\":\"http:\/\/www.padreydecano.com\/cms\/wp-content\/uploads\/2015\/11\/Oscar-Chirimini.jpg\"},{\"@type\":\"BreadcrumbList\",\"@id\":\"https:\/\/www.padreydecano.com\/cms\/pago-por-jugar-en-penarol\/#breadcrumb\",\"itemListElement\":[{\"@type\":\"ListItem\",\"position\":1,\"name\":\"Portada\",\"item\":\"https:\/\/www.padreydecano.com\/cms\/\"},{\"@type\":\"ListItem\",\"position\":2,\"name\":\"Pag\u00f3 por jugar en Pe\u00f1arol\"}]},{\"@type\":\"WebSite\",\"@id\":\"https:\/\/www.padreydecano.com\/cms\/#website\",\"url\":\"https:\/\/www.padreydecano.com\/cms\/\",\"name\":\"Padre y Decano - El Sitio del Pueblo\",\"description\":\"Club Atl\u00e9tico Pe\u00f1arol\",\"publisher\":{\"@id\":\"https:\/\/www.padreydecano.com\/cms\/#organization\"},\"potentialAction\":[{\"@type\":\"SearchAction\",\"target\":{\"@type\":\"EntryPoint\",\"urlTemplate\":\"https:\/\/www.padreydecano.com\/cms\/?s={search_term_string}\"},\"query-input\":\"required name=search_term_string\"}],\"inLanguage\":\"es\"},{\"@type\":\"Organization\",\"@id\":\"https:\/\/www.padreydecano.com\/cms\/#organization\",\"name\":\"Padre y Decano\",\"url\":\"https:\/\/www.padreydecano.com\/cms\/\",\"logo\":{\"@type\":\"ImageObject\",\"inLanguage\":\"es\",\"@id\":\"https:\/\/www.padreydecano.com\/cms\/#\/schema\/logo\/image\/\",\"url\":\"https:\/\/www.padreydecano.com\/cms\/wp-content\/uploads\/2022\/01\/avatar-square.png\",\"contentUrl\":\"https:\/\/www.padreydecano.com\/cms\/wp-content\/uploads\/2022\/01\/avatar-square.png\",\"width\":1500,\"height\":1500,\"caption\":\"Padre y Decano\"},\"image\":{\"@id\":\"https:\/\/www.padreydecano.com\/cms\/#\/schema\/logo\/image\/\"}}]}<\/script>\n<!-- \/ Yoast SEO plugin. -->","yoast_head_json":{"title":"Pag\u00f3 por jugar en Pe\u00f1arol - Padre y Decano - El Sitio del Pueblo","robots":{"index":"index","follow":"follow","max-snippet":"max-snippet:-1","max-image-preview":"max-image-preview:large","max-video-preview":"max-video-preview:-1"},"canonical":"https:\/\/www.padreydecano.com\/cms\/pago-por-jugar-en-penarol\/","og_locale":"es_ES","og_type":"article","og_title":"Pag\u00f3 por jugar en Pe\u00f1arol - Padre y Decano - El Sitio del Pueblo","og_description":"\u00d3scar Chirimini fue un volante creativo de fines de los a\u00f1os 30 y principios de los 40. Se destac\u00f3 en Pe\u00f1arol no solo por su juego, sino por la forma en que lleg\u00f3 al club Decano, rechazando posibilidades del tradicional adversario y cumpliendo su sue\u00f1o de ser campe\u00f3n.\u00a0 Chirimini naci\u00f3 el 28 de marzo de [&hellip;]","og_url":"https:\/\/www.padreydecano.com\/cms\/pago-por-jugar-en-penarol\/","og_site_name":"Padre y Decano - El Sitio del Pueblo","article_modified_time":"2015-11-27T14:38:53+00:00","og_image":[{"url":"http:\/\/www.padreydecano.com\/cms\/wp-content\/uploads\/2015\/11\/Oscar-Chirimini.jpg"}],"twitter_card":"summary_large_image","twitter_misc":{"Tiempo de lectura":"5 minutos"},"schema":{"@context":"https:\/\/schema.org","@graph":[{"@type":"WebPage","@id":"https:\/\/www.padreydecano.com\/cms\/pago-por-jugar-en-penarol\/","url":"https:\/\/www.padreydecano.com\/cms\/pago-por-jugar-en-penarol\/","name":"Pag\u00f3 por jugar en Pe\u00f1arol - Padre y Decano - El Sitio del Pueblo","isPartOf":{"@id":"https:\/\/www.padreydecano.com\/cms\/#website"},"primaryImageOfPage":{"@id":"https:\/\/www.padreydecano.com\/cms\/pago-por-jugar-en-penarol\/#primaryimage"},"image":{"@id":"https:\/\/www.padreydecano.com\/cms\/pago-por-jugar-en-penarol\/#primaryimage"},"thumbnailUrl":"http:\/\/www.padreydecano.com\/cms\/wp-content\/uploads\/2015\/11\/Oscar-Chirimini.jpg","datePublished":"2015-11-25T16:02:22+00:00","dateModified":"2015-11-27T14:38:53+00:00","breadcrumb":{"@id":"https:\/\/www.padreydecano.com\/cms\/pago-por-jugar-en-penarol\/#breadcrumb"},"inLanguage":"es","potentialAction":[{"@type":"ReadAction","target":["https:\/\/www.padreydecano.com\/cms\/pago-por-jugar-en-penarol\/"]}]},{"@type":"ImageObject","inLanguage":"es","@id":"https:\/\/www.padreydecano.com\/cms\/pago-por-jugar-en-penarol\/#primaryimage","url":"http:\/\/www.padreydecano.com\/cms\/wp-content\/uploads\/2015\/11\/Oscar-Chirimini.jpg","contentUrl":"http:\/\/www.padreydecano.com\/cms\/wp-content\/uploads\/2015\/11\/Oscar-Chirimini.jpg"},{"@type":"BreadcrumbList","@id":"https:\/\/www.padreydecano.com\/cms\/pago-por-jugar-en-penarol\/#breadcrumb","itemListElement":[{"@type":"ListItem","position":1,"name":"Portada","item":"https:\/\/www.padreydecano.com\/cms\/"},{"@type":"ListItem","position":2,"name":"Pag\u00f3 por jugar en Pe\u00f1arol"}]},{"@type":"WebSite","@id":"https:\/\/www.padreydecano.com\/cms\/#website","url":"https:\/\/www.padreydecano.com\/cms\/","name":"Padre y Decano - El Sitio del Pueblo","description":"Club Atl\u00e9tico Pe\u00f1arol","publisher":{"@id":"https:\/\/www.padreydecano.com\/cms\/#organization"},"potentialAction":[{"@type":"SearchAction","target":{"@type":"EntryPoint","urlTemplate":"https:\/\/www.padreydecano.com\/cms\/?s={search_term_string}"},"query-input":"required name=search_term_string"}],"inLanguage":"es"},{"@type":"Organization","@id":"https:\/\/www.padreydecano.com\/cms\/#organization","name":"Padre y Decano","url":"https:\/\/www.padreydecano.com\/cms\/","logo":{"@type":"ImageObject","inLanguage":"es","@id":"https:\/\/www.padreydecano.com\/cms\/#\/schema\/logo\/image\/","url":"https:\/\/www.padreydecano.com\/cms\/wp-content\/uploads\/2022\/01\/avatar-square.png","contentUrl":"https:\/\/www.padreydecano.com\/cms\/wp-content\/uploads\/2022\/01\/avatar-square.png","width":1500,"height":1500,"caption":"Padre y Decano"},"image":{"@id":"https:\/\/www.padreydecano.com\/cms\/#\/schema\/logo\/image\/"}}]}},"_links":{"self":[{"href":"https:\/\/www.padreydecano.com\/cms\/wp-json\/wp\/v2\/pages\/55684"}],"collection":[{"href":"https:\/\/www.padreydecano.com\/cms\/wp-json\/wp\/v2\/pages"}],"about":[{"href":"https:\/\/www.padreydecano.com\/cms\/wp-json\/wp\/v2\/types\/page"}],"author":[{"embeddable":true,"href":"https:\/\/www.padreydecano.com\/cms\/wp-json\/wp\/v2\/users\/13"}],"replies":[{"embeddable":true,"href":"https:\/\/www.padreydecano.com\/cms\/wp-json\/wp\/v2\/comments?post=55684"}],"version-history":[{"count":0,"href":"https:\/\/www.padreydecano.com\/cms\/wp-json\/wp\/v2\/pages\/55684\/revisions"}],"wp:attachment":[{"href":"https:\/\/www.padreydecano.com\/cms\/wp-json\/wp\/v2\/media?parent=55684"}],"curies":[{"name":"wp","href":"https:\/\/api.w.org\/{rel}","templated":true}]}}