{"id":5442,"date":"2011-10-10T09:28:38","date_gmt":"2011-10-10T11:28:38","guid":{"rendered":"http:\/\/www.padreydecano.com\/cms\/?page_id=5442"},"modified":"2014-09-27T12:21:27","modified_gmt":"2014-09-27T15:21:27","slug":"2001-2010","status":"publish","type":"page","link":"https:\/\/www.padreydecano.com\/cms\/historia-oficial\/2001-2010\/","title":{"rendered":"2001-2010"},"content":{"rendered":"<p style=\"text-align: justify;\"><span style=\"text-align: justify;\">El sistema de disputa de los campeonatos cambi\u00f3 para el a\u00f1o 2001, y en la primera experiencia, <strong>Pe\u00f1arol se consagr\u00f3 como campe\u00f3n del Torneo Clasificatorio<\/strong>, t\u00edtulo que lo deposit\u00f3 autom\u00e1ticamente en la Copa Libertadores del a\u00f1o siguiente. No estuvo en la definici\u00f3n del torneo.<\/span><\/p>\n<p style=\"text-align: justify;\">Nuevamente repetimos el grito de <strong>campe\u00f3n del Torneo Clasificatorio en el a\u00f1o 2002<\/strong>, lo que asegur\u00f3 la participaci\u00f3n de Pe\u00f1arol en la Libertadores del a\u00f1o siguiente. En este a\u00f1o <strong>Pe\u00f1arol hizo m\u00e1s puntos que todos en el Torneo Clausura, pero una quita de 3 unidades por incidentes del a\u00f1o anterior determin\u00f3 que Danubio se coronara campe\u00f3n<\/strong> de dicho campeonato y nos dejara afuera de la definici\u00f3n del Uruguayo. Adem\u00e1s, en esta temporada se dio la mejor participaci\u00f3n de la d\u00e9cada en la Libertadores, cuando quedamos eliminados en cuartos de final ante S\u00e3o Caetano, en aquella recordada definici\u00f3n desde el punto penal.<\/p>\n<p style=\"text-align: justify;\">Tras una muy buena actuaci\u00f3n de <a title=\"Diego Vicente Aguirre\" href=\"https:\/\/www.padreydecano.com\/cms\/idolos\/diego-vicente-aguirre\/\" target=\"_blank\">Diego Aguirre<\/a> como entrenador de Plaza Colonia, deposit\u00e1ndolo en la Liguilla, \u201cLa Fiera\u201d desembarc\u00f3 en Pe\u00f1arol en el a\u00f1o 2003 para cortar el tetracampeonato del tradicional rival.<\/p>\n<div id=\"attachment_24564\" style=\"width: 210px\" class=\"wp-caption alignright\"><a href=\"https:\/\/www.padreydecano.com\/cms\/wp-content\/uploads\/2012\/06\/chilavert-2003.jpg\" rel=\"shadowbox[sbpost-5442];player=img;\"><img loading=\"lazy\" decoding=\"async\" aria-describedby=\"caption-attachment-24564\" class=\"size-full wp-image-24564\" src=\"https:\/\/www.padreydecano.com\/cms\/wp-content\/uploads\/2012\/06\/chilavert-2003.jpg\" alt=\"chilavert-2003\" width=\"200\" height=\"131\" \/><\/a><p id=\"caption-attachment-24564\" class=\"wp-caption-text\">Chilavert levantando la Copa<\/p><\/div>\n<p style=\"text-align: justify;\">Luego de un segundo puesto en el Apertura, <strong>Pe\u00f1arol revolucion\u00f3 el mercado al traer al arquero internacional Jos\u00e9 Luis Chilavert<\/strong> para la segunda parte del a\u00f1o. El Clausura fue ganado luego de <strong>12 victorias, 3 empates y 2 derrotas,<\/strong> al vencer 1 a 0 a River Plate con gol del argentino \u201cMiliki\u201d Jim\u00e9nez. En la final, <strong>un gol de palomita de Joe Emerson Bizera en el cierre del primer tiempo nos dio el t\u00edtulo ante el tradicional rival.<\/strong> El haber ganado la Tabla Anual permit\u00eda que una victoria en la primera final nos coronara campeones. Adem\u00e1s del arquero paraguayo, fueron claves figuras como Cristian \u201cCebolla\u201d Rodr\u00edguez, Carlos Bueno y Fabi\u00e1n Estoyanoff. El a\u00f1o 2003 signific\u00f3 tambi\u00e9n el retiro de las canchas de <a title=\"Pablo Javier Bengoechea\" href=\"https:\/\/www.padreydecano.com\/cms\/idolos\/pablo-javier-bengoechea\/\" target=\"_blank\">Pablo Javier Bengoechea<\/a>.<\/p>\n<div id=\"attachment_41032\" style=\"width: 240px\" class=\"wp-caption alignleft\"><a href=\"https:\/\/www.padreydecano.com\/cms\/wp-content\/uploads\/2011\/10\/festejo_diogo.jpg\" rel=\"shadowbox[sbpost-5442];player=img;\"><img loading=\"lazy\" decoding=\"async\" aria-describedby=\"caption-attachment-41032\" class=\" wp-image-41032 \" src=\"https:\/\/www.padreydecano.com\/cms\/wp-content\/uploads\/2011\/10\/festejo_diogo.jpg\" alt=\"festejo_diogo\" width=\"230\" height=\"159\" srcset=\"https:\/\/www.padreydecano.com\/cms\/wp-content\/uploads\/2011\/10\/festejo_diogo.jpg 410w, https:\/\/www.padreydecano.com\/cms\/wp-content\/uploads\/2011\/10\/festejo_diogo-300x207.jpg 300w\" sizes=\"(max-width: 230px) 100vw, 230px\" \/><\/a><p id=\"caption-attachment-41032\" class=\"wp-caption-text\">Gol de Carlos Diogo en el Franzini por la final de la Liguilla<\/p><\/div>\n<p style=\"text-align: justify;\">Pe\u00f1arol obtuvo en el 2004 <strong>la Liguilla Pre-Libertadores<\/strong> de la mano de <a title=\"Fernando Morena\" href=\"https:\/\/www.padreydecano.com\/cms\/idolos\/fernando-morena\/\" target=\"_blank\">Fernando Morena<\/a>, pero adem\u00e1s comenz\u00f3 una de las \u00e9pocas m\u00e1s nefastas del club, tal vez la peor de la historia. El <strong>conflicto entre el Cr. Jos\u00e9 Pedro Damiani y Francisco Casal<\/strong> por los jugadores Bueno, Rodr\u00edguez y Bizera sumergi\u00f3 al club en una crisis institucional importante.<\/p>\n<p style=\"text-align: justify;\">La quita de 12 puntos determin\u00f3 que Pe\u00f1arol saliera \u00faltimo en el Clausura 2006 y pen\u00faltimo en la Tabla Anual de dicho torneo, pero como tambi\u00e9n se tomaba en cuenta el Campeonato Especial del 2005, no hubo problemas con el descenso.<\/p>\n<p style=\"text-align: justify;\"><strong><a href=\"https:\/\/www.padreydecano.com\/cms\/wp-content\/uploads\/2011\/06\/josepdamiani.jpg\" rel=\"shadowbox[sbpost-5442];player=img;\"><img loading=\"lazy\" decoding=\"async\" class=\"alignright size-full wp-image-1752\" src=\"https:\/\/www.padreydecano.com\/cms\/wp-content\/uploads\/2011\/06\/josepdamiani.jpg\" alt=\"josepdamiani\" width=\"70\" height=\"70\" srcset=\"https:\/\/www.padreydecano.com\/cms\/wp-content\/uploads\/2011\/06\/josepdamiani.jpg 70w, https:\/\/www.padreydecano.com\/cms\/wp-content\/uploads\/2011\/06\/josepdamiani-36x36.jpg 36w\" sizes=\"(max-width: 70px) 100vw, 70px\" \/><\/a>El 25 de agosto de 2007 falleci\u00f3 el Cr. Jos\u00e9 Pedro Damiani,<\/strong> uno de los presidentes m\u00e1s importantes y m\u00e1s pol\u00e9micos de la historia del club. Su hijo, Juan Pedro Damiani, continu\u00f3 la conducci\u00f3n del club, primero como Coordinador Institucional, y luego como Presidente electo.<\/p>\n<p style=\"text-align: justify;\">Las aguas comenzaron a tranquilizarse, y Pe\u00f1arol, de la mano de <strong>Gregorio P\u00e9rez<\/strong>, obtuvo el segundo puesto en la Temporada 2006-2007, y en el a\u00f1o 2008 <strong>obtuvo el Clausura<\/strong> tras una gran campa\u00f1a de <strong>Mario Saralegui<\/strong>.<\/p>\n<p style=\"text-align: justify;\">De la mano de <a title=\"Diego Vicente Aguirre\" href=\"https:\/\/www.padreydecano.com\/cms\/idolos\/diego-vicente-aguirre\/\" target=\"_blank\">Diego Aguirre<\/a> como director t\u00e9cnico y de <a title=\"Antonio Pacheco\" href=\"https:\/\/www.padreydecano.com\/cms\/idolos\/antonio-pacheco\/\" target=\"_blank\">Antonio \u201cTony\u201d Pacheco<\/a> como goleador, conquistamos el Clausura 2010 en una excepcional campa\u00f1a, donde ganamos 14 partidos de 15, siendo \u00e9sta la mejor actuaci\u00f3n en torneos cortos. En las finales del Campeonato Uruguayo, luego de perder la instancia que nos daba el t\u00edtulo directo, ganamos el primer cl\u00e1sico 1 a 0 con gol de <a title=\"Antonio Pacheco\" href=\"https:\/\/www.padreydecano.com\/cms\/idolos\/antonio-pacheco\/\" target=\"_blank\">Pacheco<\/a>, y empatamos el segundo 1 a 1 con gol de Mat\u00edas Aguirregaray, obteniendo de esa forma el t\u00edtulo n\u00famero 48.<\/p>\n<div id=\"attachment_4563\" style=\"width: 570px\" class=\"wp-caption aligncenter\"><a href=\"https:\/\/www.padreydecano.com\/cms\/wp-content\/uploads\/2011\/06\/5144667973_05b1b15334_o.jpg\" rel=\"shadowbox[sbpost-5442];player=img;\"><img loading=\"lazy\" decoding=\"async\" aria-describedby=\"caption-attachment-4563\" class=\" wp-image-4563\" src=\"https:\/\/www.padreydecano.com\/cms\/wp-content\/uploads\/2011\/06\/5144667973_05b1b15334_o.jpg\" alt=\"Paternidad Cl\u00e1sica\" width=\"560\" height=\"373\" srcset=\"https:\/\/www.padreydecano.com\/cms\/wp-content\/uploads\/2011\/06\/5144667973_05b1b15334_o.jpg 800w, https:\/\/www.padreydecano.com\/cms\/wp-content\/uploads\/2011\/06\/5144667973_05b1b15334_o-300x199.jpg 300w\" sizes=\"(max-width: 560px) 100vw, 560px\" \/><\/a><p id=\"caption-attachment-4563\" class=\"wp-caption-text\">Gol de Pacheco para la victoria 1 a 0<\/p><\/div>\n<p style=\"text-align: justify; margin-top:20px;\">Adem\u00e1s de lo deportivo, hay que destacar el cambio institucional que realiz\u00f3 Pe\u00f1arol en esta d\u00e9cada:<\/p>\n<ul>\n<li>Se profesionaliz\u00f3 la estructura.<\/li>\n<li>Contrataci\u00f3n de Gerente General y Comercializaci\u00f3n de Marketing.<\/li>\n<li>Creaci\u00f3n del puesto de Gerente Deportivo y T\u00e9cnico especializado en juveniles.<\/li>\n<li>Campa\u00f1as de captaci\u00f3n y fidelizaci\u00f3n de socios como tambi\u00e9n redise\u00f1o del \u00e1rea de atenci\u00f3n.<\/li>\n<li>Nuevo modelo de gesti\u00f3n del club.<\/li>\n<li>Se inaugur\u00f3 el <a title=\"Museo\" href=\"https:\/\/www.padreydecano.com\/cms\/museo\/\" target=\"_blank\">Museo<\/a>.<\/li>\n<li>Se construy\u00f3 el <a title=\"Centro de Alto Rendimiento (CAR)\" href=\"https:\/\/www.padreydecano.com\/cms\/centro-de-alto-rendimiento-car\/\" target=\"_blank\">Centro de Alto Rendimiento<\/a>.<\/li>\n<li>Se instal\u00f3 el <a title=\"Colegio Frank Henderson\" href=\"https:\/\/www.padreydecano.com\/cms\/el-colegio\/\" target=\"_blank\">Centro Educativo<\/a> y alojamiento para juveniles del interior.<\/li>\n<li>Implementaci\u00f3n del <a title=\"Comisi\u00f3n de Pe\u00f1as\" href=\"https:\/\/www.padreydecano.com\/cms\/comision\/\" target=\"_blank\">\u201cSistema de Pe\u00f1as\u201d<\/a> en el interior y exterior<\/li>\n<\/ul>\n<p><span style=\"color: #ffcc02;\"><strong>Copas ganadas en la d\u00e9cada 2001-2010:<\/strong><\/span><\/p>\n<ul>\n<li>Campeonato Uruguayo: 2003, 2009\/2010.<\/li>\n<li>Campeonato Clausura: 2003, 2008, 2010.<\/li>\n<li>Torneo Clasificatorio 2001, 2002.<\/li>\n<li>Liguilla Pre-Libertadores 2004.<\/li>\n<\/ul>\n<p><strong><span style=\"color: #ffcc02;\">Otras Copas o Torneos Amistosos<\/span><\/strong><\/p>\n<ul>\n<li>Copa El Gr\u00e1fico: 2002<\/li>\n<li>Copa Ciudad de Las Palmas: 2003<\/li>\n<li>Copa Conrad: 2004<\/li>\n<li>Copa Master Card: 2006<\/li>\n<li>Copa Carlos Gardel: 2007, 2009<\/li>\n<li>Copa Centenario: 2007<\/li>\n<\/ul>\n","protected":false},"excerpt":{"rendered":"<p>El sistema de disputa de los campeonatos cambi\u00f3 para el a\u00f1o 2001, y en la primera experiencia, Pe\u00f1arol se consagr\u00f3 como campe\u00f3n del Torneo Clasificatorio, t\u00edtulo que lo deposit\u00f3 autom\u00e1ticamente en la Copa Libertadores del a\u00f1o siguiente. No estuvo en la definici\u00f3n del torneo. Nuevamente repetimos el grito de campe\u00f3n del Torneo Clasificatorio en el [&hellip;]<\/p>\n","protected":false},"author":1,"featured_media":0,"parent":64,"menu_order":12,"comment_status":"closed","ping_status":"closed","template":"","meta":{"footnotes":""},"yoast_head":"<!-- This site is optimized with the Yoast SEO plugin v23.2 - https:\/\/yoast.com\/wordpress\/plugins\/seo\/ -->\n<title>2001-2010 - Padre y Decano - El Sitio del Pueblo<\/title>\n<meta name=\"robots\" content=\"index, follow, max-snippet:-1, max-image-preview:large, max-video-preview:-1\" \/>\n<link rel=\"canonical\" href=\"https:\/\/www.padreydecano.com\/cms\/historia-oficial\/2001-2010\/\" \/>\n<meta property=\"og:locale\" content=\"es_ES\" \/>\n<meta property=\"og:type\" content=\"article\" \/>\n<meta property=\"og:title\" content=\"2001-2010 - Padre y Decano - El Sitio del Pueblo\" \/>\n<meta property=\"og:description\" content=\"El sistema de disputa de los campeonatos cambi\u00f3 para el a\u00f1o 2001, y en la primera experiencia, Pe\u00f1arol se consagr\u00f3 como campe\u00f3n del Torneo Clasificatorio, t\u00edtulo que lo deposit\u00f3 autom\u00e1ticamente en la Copa Libertadores del a\u00f1o siguiente. No estuvo en la definici\u00f3n del torneo. Nuevamente repetimos el grito de campe\u00f3n del Torneo Clasificatorio en el [&hellip;]\" \/>\n<meta property=\"og:url\" content=\"https:\/\/www.padreydecano.com\/cms\/historia-oficial\/2001-2010\/\" \/>\n<meta property=\"og:site_name\" content=\"Padre y Decano - El Sitio del Pueblo\" \/>\n<meta property=\"article:modified_time\" content=\"2014-09-27T15:21:27+00:00\" \/>\n<meta property=\"og:image\" content=\"http:\/\/www.padreydecano.com\/cms\/wp-content\/uploads\/2012\/06\/chilavert-2003.jpg\" \/>\n<meta name=\"twitter:card\" content=\"summary_large_image\" \/>\n<meta name=\"twitter:label1\" content=\"Tiempo de lectura\" \/>\n\t<meta name=\"twitter:data1\" content=\"4 minutos\" \/>\n<script type=\"application\/ld+json\" class=\"yoast-schema-graph\">{\"@context\":\"https:\/\/schema.org\",\"@graph\":[{\"@type\":\"WebPage\",\"@id\":\"https:\/\/www.padreydecano.com\/cms\/historia-oficial\/2001-2010\/\",\"url\":\"https:\/\/www.padreydecano.com\/cms\/historia-oficial\/2001-2010\/\",\"name\":\"2001-2010 - Padre y Decano - El Sitio del Pueblo\",\"isPartOf\":{\"@id\":\"https:\/\/www.padreydecano.com\/cms\/#website\"},\"primaryImageOfPage\":{\"@id\":\"https:\/\/www.padreydecano.com\/cms\/historia-oficial\/2001-2010\/#primaryimage\"},\"image\":{\"@id\":\"https:\/\/www.padreydecano.com\/cms\/historia-oficial\/2001-2010\/#primaryimage\"},\"thumbnailUrl\":\"http:\/\/www.padreydecano.com\/cms\/wp-content\/uploads\/2012\/06\/chilavert-2003.jpg\",\"datePublished\":\"2011-10-10T11:28:38+00:00\",\"dateModified\":\"2014-09-27T15:21:27+00:00\",\"breadcrumb\":{\"@id\":\"https:\/\/www.padreydecano.com\/cms\/historia-oficial\/2001-2010\/#breadcrumb\"},\"inLanguage\":\"es\",\"potentialAction\":[{\"@type\":\"ReadAction\",\"target\":[\"https:\/\/www.padreydecano.com\/cms\/historia-oficial\/2001-2010\/\"]}]},{\"@type\":\"ImageObject\",\"inLanguage\":\"es\",\"@id\":\"https:\/\/www.padreydecano.com\/cms\/historia-oficial\/2001-2010\/#primaryimage\",\"url\":\"http:\/\/www.padreydecano.com\/cms\/wp-content\/uploads\/2012\/06\/chilavert-2003.jpg\",\"contentUrl\":\"http:\/\/www.padreydecano.com\/cms\/wp-content\/uploads\/2012\/06\/chilavert-2003.jpg\"},{\"@type\":\"BreadcrumbList\",\"@id\":\"https:\/\/www.padreydecano.com\/cms\/historia-oficial\/2001-2010\/#breadcrumb\",\"itemListElement\":[{\"@type\":\"ListItem\",\"position\":1,\"name\":\"Portada\",\"item\":\"https:\/\/www.padreydecano.com\/cms\/\"},{\"@type\":\"ListItem\",\"position\":2,\"name\":\"Historia Oficial\",\"item\":\"https:\/\/www.padreydecano.com\/cms\/historia-oficial\/\"},{\"@type\":\"ListItem\",\"position\":3,\"name\":\"2001-2010\"}]},{\"@type\":\"WebSite\",\"@id\":\"https:\/\/www.padreydecano.com\/cms\/#website\",\"url\":\"https:\/\/www.padreydecano.com\/cms\/\",\"name\":\"Padre y Decano - El Sitio del Pueblo\",\"description\":\"Club Atl\u00e9tico Pe\u00f1arol\",\"publisher\":{\"@id\":\"https:\/\/www.padreydecano.com\/cms\/#organization\"},\"potentialAction\":[{\"@type\":\"SearchAction\",\"target\":{\"@type\":\"EntryPoint\",\"urlTemplate\":\"https:\/\/www.padreydecano.com\/cms\/?s={search_term_string}\"},\"query-input\":\"required name=search_term_string\"}],\"inLanguage\":\"es\"},{\"@type\":\"Organization\",\"@id\":\"https:\/\/www.padreydecano.com\/cms\/#organization\",\"name\":\"Padre y Decano\",\"url\":\"https:\/\/www.padreydecano.com\/cms\/\",\"logo\":{\"@type\":\"ImageObject\",\"inLanguage\":\"es\",\"@id\":\"https:\/\/www.padreydecano.com\/cms\/#\/schema\/logo\/image\/\",\"url\":\"https:\/\/www.padreydecano.com\/cms\/wp-content\/uploads\/2022\/01\/avatar-square.png\",\"contentUrl\":\"https:\/\/www.padreydecano.com\/cms\/wp-content\/uploads\/2022\/01\/avatar-square.png\",\"width\":1500,\"height\":1500,\"caption\":\"Padre y Decano\"},\"image\":{\"@id\":\"https:\/\/www.padreydecano.com\/cms\/#\/schema\/logo\/image\/\"}}]}<\/script>\n<!-- \/ Yoast SEO plugin. -->","yoast_head_json":{"title":"2001-2010 - Padre y Decano - El Sitio del Pueblo","robots":{"index":"index","follow":"follow","max-snippet":"max-snippet:-1","max-image-preview":"max-image-preview:large","max-video-preview":"max-video-preview:-1"},"canonical":"https:\/\/www.padreydecano.com\/cms\/historia-oficial\/2001-2010\/","og_locale":"es_ES","og_type":"article","og_title":"2001-2010 - Padre y Decano - El Sitio del Pueblo","og_description":"El sistema de disputa de los campeonatos cambi\u00f3 para el a\u00f1o 2001, y en la primera experiencia, Pe\u00f1arol se consagr\u00f3 como campe\u00f3n del Torneo Clasificatorio, t\u00edtulo que lo deposit\u00f3 autom\u00e1ticamente en la Copa Libertadores del a\u00f1o siguiente. No estuvo en la definici\u00f3n del torneo. Nuevamente repetimos el grito de campe\u00f3n del Torneo Clasificatorio en el [&hellip;]","og_url":"https:\/\/www.padreydecano.com\/cms\/historia-oficial\/2001-2010\/","og_site_name":"Padre y Decano - El Sitio del Pueblo","article_modified_time":"2014-09-27T15:21:27+00:00","og_image":[{"url":"http:\/\/www.padreydecano.com\/cms\/wp-content\/uploads\/2012\/06\/chilavert-2003.jpg"}],"twitter_card":"summary_large_image","twitter_misc":{"Tiempo de lectura":"4 minutos"},"schema":{"@context":"https:\/\/schema.org","@graph":[{"@type":"WebPage","@id":"https:\/\/www.padreydecano.com\/cms\/historia-oficial\/2001-2010\/","url":"https:\/\/www.padreydecano.com\/cms\/historia-oficial\/2001-2010\/","name":"2001-2010 - Padre y Decano - El Sitio del Pueblo","isPartOf":{"@id":"https:\/\/www.padreydecano.com\/cms\/#website"},"primaryImageOfPage":{"@id":"https:\/\/www.padreydecano.com\/cms\/historia-oficial\/2001-2010\/#primaryimage"},"image":{"@id":"https:\/\/www.padreydecano.com\/cms\/historia-oficial\/2001-2010\/#primaryimage"},"thumbnailUrl":"http:\/\/www.padreydecano.com\/cms\/wp-content\/uploads\/2012\/06\/chilavert-2003.jpg","datePublished":"2011-10-10T11:28:38+00:00","dateModified":"2014-09-27T15:21:27+00:00","breadcrumb":{"@id":"https:\/\/www.padreydecano.com\/cms\/historia-oficial\/2001-2010\/#breadcrumb"},"inLanguage":"es","potentialAction":[{"@type":"ReadAction","target":["https:\/\/www.padreydecano.com\/cms\/historia-oficial\/2001-2010\/"]}]},{"@type":"ImageObject","inLanguage":"es","@id":"https:\/\/www.padreydecano.com\/cms\/historia-oficial\/2001-2010\/#primaryimage","url":"http:\/\/www.padreydecano.com\/cms\/wp-content\/uploads\/2012\/06\/chilavert-2003.jpg","contentUrl":"http:\/\/www.padreydecano.com\/cms\/wp-content\/uploads\/2012\/06\/chilavert-2003.jpg"},{"@type":"BreadcrumbList","@id":"https:\/\/www.padreydecano.com\/cms\/historia-oficial\/2001-2010\/#breadcrumb","itemListElement":[{"@type":"ListItem","position":1,"name":"Portada","item":"https:\/\/www.padreydecano.com\/cms\/"},{"@type":"ListItem","position":2,"name":"Historia Oficial","item":"https:\/\/www.padreydecano.com\/cms\/historia-oficial\/"},{"@type":"ListItem","position":3,"name":"2001-2010"}]},{"@type":"WebSite","@id":"https:\/\/www.padreydecano.com\/cms\/#website","url":"https:\/\/www.padreydecano.com\/cms\/","name":"Padre y Decano - El Sitio del Pueblo","description":"Club Atl\u00e9tico Pe\u00f1arol","publisher":{"@id":"https:\/\/www.padreydecano.com\/cms\/#organization"},"potentialAction":[{"@type":"SearchAction","target":{"@type":"EntryPoint","urlTemplate":"https:\/\/www.padreydecano.com\/cms\/?s={search_term_string}"},"query-input":"required name=search_term_string"}],"inLanguage":"es"},{"@type":"Organization","@id":"https:\/\/www.padreydecano.com\/cms\/#organization","name":"Padre y Decano","url":"https:\/\/www.padreydecano.com\/cms\/","logo":{"@type":"ImageObject","inLanguage":"es","@id":"https:\/\/www.padreydecano.com\/cms\/#\/schema\/logo\/image\/","url":"https:\/\/www.padreydecano.com\/cms\/wp-content\/uploads\/2022\/01\/avatar-square.png","contentUrl":"https:\/\/www.padreydecano.com\/cms\/wp-content\/uploads\/2022\/01\/avatar-square.png","width":1500,"height":1500,"caption":"Padre y Decano"},"image":{"@id":"https:\/\/www.padreydecano.com\/cms\/#\/schema\/logo\/image\/"}}]}},"_links":{"self":[{"href":"https:\/\/www.padreydecano.com\/cms\/wp-json\/wp\/v2\/pages\/5442"}],"collection":[{"href":"https:\/\/www.padreydecano.com\/cms\/wp-json\/wp\/v2\/pages"}],"about":[{"href":"https:\/\/www.padreydecano.com\/cms\/wp-json\/wp\/v2\/types\/page"}],"author":[{"embeddable":true,"href":"https:\/\/www.padreydecano.com\/cms\/wp-json\/wp\/v2\/users\/1"}],"replies":[{"embeddable":true,"href":"https:\/\/www.padreydecano.com\/cms\/wp-json\/wp\/v2\/comments?post=5442"}],"version-history":[{"count":0,"href":"https:\/\/www.padreydecano.com\/cms\/wp-json\/wp\/v2\/pages\/5442\/revisions"}],"up":[{"embeddable":true,"href":"https:\/\/www.padreydecano.com\/cms\/wp-json\/wp\/v2\/pages\/64"}],"wp:attachment":[{"href":"https:\/\/www.padreydecano.com\/cms\/wp-json\/wp\/v2\/media?parent=5442"}],"curies":[{"name":"wp","href":"https:\/\/api.w.org\/{rel}","templated":true}]}}