{"id":5440,"date":"2011-10-10T09:28:10","date_gmt":"2011-10-10T11:28:10","guid":{"rendered":"http:\/\/www.padreydecano.com\/cms\/?page_id=5440"},"modified":"2014-09-27T12:21:35","modified_gmt":"2014-09-27T15:21:35","slug":"1991-2000","status":"publish","type":"page","link":"https:\/\/www.padreydecano.com\/cms\/historia-oficial\/1991-2000\/","title":{"rendered":"1991-2000"},"content":{"rendered":"<p style=\"text-align: justify;\">La d\u00e9cada comenz\u00f3 con claroscuros. Por un lado, la situaci\u00f3n deportiva del club no era buena, y los cuadros en desarrollo coronaron el \u201cQuinquenio de los chicos\u201d, ya que entre 1987 y 1991 ninguno de los grandes obtuvo un t\u00edtulo. Por otro lado, <strong>en el a\u00f1o 1991 se cumplieron los 100 a\u00f1os de vida de Pe\u00f1arol<\/strong> y la instituci\u00f3n realiz\u00f3 grandes festejos por <a title=\"Los 100 a\u00f1os del Glorioso Pe\u00f1arol\" href=\"https:\/\/www.padreydecano.com\/cms\/aniversarios\/los-100-anos-del-glorioso-penarol\/\" target=\"_blank\">el Centenario<\/a>.<\/p>\n<p style=\"text-align: justify;\"><a href=\"https:\/\/www.padreydecano.com\/cms\/wp-content\/uploads\/2012\/09\/100-a\u00f1os-de-gloria-003.jpg\" rel=\"shadowbox[sbpost-5440];player=img;\"><img loading=\"lazy\" decoding=\"async\" class=\"aligncenter  wp-image-30527\" src=\"https:\/\/www.padreydecano.com\/cms\/wp-content\/uploads\/2012\/09\/100-a\u00f1os-de-gloria-003.jpg\" alt=\"Los 100 a\u00f1os del Glorioso Pe\u00f1arol\" width=\"538\" height=\"320\" srcset=\"https:\/\/www.padreydecano.com\/cms\/wp-content\/uploads\/2012\/09\/100-a\u00f1os-de-gloria-003.jpg 672w, https:\/\/www.padreydecano.com\/cms\/wp-content\/uploads\/2012\/09\/100-a\u00f1os-de-gloria-003-300x178.jpg 300w\" sizes=\"(max-width: 538px) 100vw, 538px\" \/><\/a><\/p>\n<p style=\"text-align: justify;\">El a\u00f1o siguiente pas\u00f3 sin pena ni gloria. Se trajo al entrenador Ljubo Petrovi y su famosa \u201ccatastro\u201d, pero posteriormente <a title=\"Roque Gast\u00f3n M\u00e1spoli\" href=\"https:\/\/www.padreydecano.com\/cms\/idolos\/roque-gaston-maspoli\/\" target=\"_blank\">M\u00e1spoli<\/a> se hizo cargo del equipo hasta el final del campeonato en donde quedamos quintos.<\/p>\n<p style=\"text-align: justify;\">Reci\u00e9n en 1993, se comenzar\u00eda a gestar uno de los procesos m\u00e1s exitosos a nivel del f\u00fatbol local: el <a title=\"El Segundo Quinquenio de Oro\" href=\"https:\/\/www.padreydecano.com\/cms\/campanas-historicas\/el-segundo-quinquenio-de-oro\/\" target=\"_blank\">Segundo Quinquenio de Oro.<\/a> Figuras importantes llegaron en todos los estamentos del club: <strong>Jos\u00e9 Pedro Damiani<\/strong> volvi\u00f3 a la presidencia, <strong>Gregorio P\u00e9rez tom\u00f3 la conducci\u00f3n t\u00e9cnica del equipo<\/strong> y <a title=\"Pablo Javier Bengoechea\" href=\"https:\/\/www.padreydecano.com\/cms\/idolos\/pablo-javier-bengoechea\/\" target=\"_blank\">Pablo Javier Bengoechea<\/a> desembarc\u00f3 en el plantel. <strong>Pe\u00f1arol obtiene la Copa Uruguaya y comienza un ciclo lleno de triunfos, emociones y festejos.<\/strong><\/p>\n<div id=\"attachment_8356\" style=\"width: 514px\" class=\"wp-caption aligncenter\"><a href=\"https:\/\/www.padreydecano.com\/cms\/wp-content\/uploads\/2011\/11\/penarol_plantel_1993.jpg\" rel=\"shadowbox[sbpost-5440];player=img;\"><img loading=\"lazy\" decoding=\"async\" aria-describedby=\"caption-attachment-8356\" class=\" wp-image-8356 \" src=\"https:\/\/www.padreydecano.com\/cms\/wp-content\/uploads\/2011\/11\/penarol_plantel_1993.jpg\" alt=\"penarol_plantel_1993\" width=\"504\" height=\"233\" srcset=\"https:\/\/www.padreydecano.com\/cms\/wp-content\/uploads\/2011\/11\/penarol_plantel_1993.jpg 900w, https:\/\/www.padreydecano.com\/cms\/wp-content\/uploads\/2011\/11\/penarol_plantel_1993-300x138.jpg 300w\" sizes=\"(max-width: 504px) 100vw, 504px\" \/><\/a><p id=\"caption-attachment-8356\" class=\"wp-caption-text\">Plantel de 1993<\/p><\/div>\n<p style=\"text-align: justify; margin-top: 20px;\">El campeonato uruguayo cambi\u00f3 la forma de disputa, y aparecieron los torneos cortos. Si bien en la cancha fuimos los mejores en el Apertura 1994, una quita de puntos nos priv\u00f3 del t\u00edtulo, pero <strong>el equipo obtuvo el Clausura y derrot\u00f3 a Defensor en las finales.<\/strong><\/p>\n<p style=\"text-align: justify;\">Internacionalmente, en 1993 y 1994 se alcanz\u00f3 la final de la Copa Conmebol, pero lamentablemente los equipos brasileros nos frustraron de tener en las vitrinas esta copa que nunca conseguimos. De todas formas, a pesar de que todas las bater\u00edas estaban puestas en el torneo local, Pe\u00f1arol desempe\u00f1\u00f3 un buen papel a nivel sudamericano.<\/p>\n<p style=\"text-align: justify;\"><strong>En 1995 obtuvimos el tricampeonato<\/strong> tras ganar el Apertura en una final ante Liverpool y en las definiciones con el tradicional rival, nos consagramos campeones con goles de Lima, Romero y <a title=\"Pablo Javier Bengoechea\" href=\"https:\/\/www.padreydecano.com\/cms\/idolos\/pablo-javier-bengoechea\/\" target=\"_blank\">Bengoechea<\/a>. Al a\u00f1o siguiente volvimos a coronarnos campeones, pero esta vez de la mano de <strong>Jorge Fossati.<\/strong> <strong>Derrotamos nuevamente en las finales al tradicional rival<\/strong> tras habernos quedado con el Apertura.<\/p>\n<div id=\"attachment_7801\" style=\"width: 203px\" class=\"wp-caption alignright\"><a href=\"https:\/\/www.padreydecano.com\/cms\/wp-content\/uploads\/2011\/11\/1997-3-a-2-2.jpg\" rel=\"shadowbox[sbpost-5440];player=img;\"><img loading=\"lazy\" decoding=\"async\" aria-describedby=\"caption-attachment-7801\" class=\" wp-image-7801\" src=\"https:\/\/www.padreydecano.com\/cms\/wp-content\/uploads\/2011\/11\/1997-3-a-2-2-276x300.jpg\" alt=\"1997-3-a-2-2\" width=\"193\" height=\"210\" srcset=\"https:\/\/www.padreydecano.com\/cms\/wp-content\/uploads\/2011\/11\/1997-3-a-2-2-276x300.jpg 276w, https:\/\/www.padreydecano.com\/cms\/wp-content\/uploads\/2011\/11\/1997-3-a-2-2.jpg 600w\" sizes=\"(max-width: 193px) 100vw, 193px\" \/><\/a><p id=\"caption-attachment-7801\" class=\"wp-caption-text\">Carlos De Lima en el hist\u00f3rico 3 a 2<\/p><\/div>\n<p style=\"text-align: justify;\"><strong>El a\u00f1o 1997 fue uno de los m\u00e1s duros.<\/strong> Pe\u00f1arol estaba a un paso de obtener el <a title=\"El Segundo Quinquenio de Oro\" href=\"https:\/\/www.padreydecano.com\/cms\/campanas-historicas\/el-segundo-quinquenio-de-oro\/\" target=\"_blank\">Quinquenio<\/a> y se especulaba con que se intentar\u00eda sabotearlo de cualquier manera. Pe\u00f1arol perdi\u00f3 puntos tras incidentes por una piedra en <a title=\"Las Acacias\" href=\"https:\/\/www.padreydecano.com\/cms\/las-acacias\/\" target=\"_blank\">Las Acacias<\/a>. Comenz\u00f3 una fuerte lucha que dur\u00f3 110 d\u00edas y que tuvo entre otras cosas la proscripci\u00f3n de Jos\u00e9 Pedro Damiani por parte del C\u00edrculo de Periodistas Deportivos. El programa radial \u00abPe\u00f1arol Verdad\u00bb emitido por Radio Continente fue el buque insigna del presidente donde defendi\u00f3 al club.<\/p>\n<p style=\"text-align: justify;\">Era casi imposible que pudi\u00e9ramos llegar a la definici\u00f3n del Uruguayo, pero<strong> para Pe\u00f1arol no existen los imposibles<\/strong> y tras una seguidilla de victorias consecutivas, m\u00e1s el triunfo del tradicional rival ante Defensor con gol de Carrasco, tuvimos que disputar un cl\u00e1sico semifinal que <a title=\"El 3 a 2 del Quinquenio \u201cA lo Pe\u00f1arol\u201d\" href=\"https:\/\/www.padreydecano.com\/cms\/historias-clasicas\/el-3-a-2-del-quinquenio-a-lo-penarol\/\" target=\"_blank\">ganamos 3 a 2 de atr\u00e1s<\/a>. En las definiciones ante Defensor, fuimos ampliamente superiores y nos quedamos con el t\u00edtulo y el Quinquenio.<\/p>\n<p style=\"text-align: justify;\">Pe\u00f1arol se prepar\u00f3 para ganar el sexenio en 1998 pero no fue nuestro a\u00f1o. Nos quedamos sin Apertura, sin Clausura y sin Liguilla. Los jueces tambi\u00e9n hicieron de las suyas.<\/p>\n<div id=\"attachment_8313\" style=\"width: 137px\" class=\"wp-caption alignright\"><a href=\"https:\/\/www.padreydecano.com\/cms\/wp-content\/uploads\/2011\/11\/Campa\u00f1a-1999_13.jpg\" rel=\"shadowbox[sbpost-5440];player=img;\"><img loading=\"lazy\" decoding=\"async\" aria-describedby=\"caption-attachment-8313\" class=\"wp-image-8313 \" src=\"https:\/\/www.padreydecano.com\/cms\/wp-content\/uploads\/2011\/11\/Campa\u00f1a-1999_13-228x300.jpg\" alt=\"La Campa\u00f1a de 1999\" width=\"127\" height=\"168\" \/><\/a><p id=\"caption-attachment-8313\" class=\"wp-caption-text\">Bengoechea, Pacheco y el resto de los jugadores levantan la Copa de 1999<\/p><\/div>\n<p style=\"text-align: justify;\">En <a title=\"La Campa\u00f1a de 1999\" href=\"https:\/\/www.padreydecano.com\/cms\/campanas-historicas\/la-campana-de-1999\/\" target=\"_blank\">1999<\/a> lleg\u00f3 Julio Ribas y tras un mal Apertura, obtuvimos el Torneo Clausura arrasando con todos los rivales y <strong>en las finales derrotamos al tradicional adversario<\/strong>.<\/p>\n<p style=\"text-align: justify;\">La d\u00e9cada y el siglo se cerraron de una manera que no merec\u00eda esta d\u00e9cada ni mucho menos nuestra historia. En el a\u00f1o 2000, Pe\u00f1arol se consagr\u00f3 campe\u00f3n del Clausura 2000 tras una excepcional campa\u00f1a invicta, con 16 triunfos y 3 empates, cosechando un total de 42 puntos. Lamentablemente, una derrota 1 a 0 y un empate 1 a 1 en las finales determinaron la p\u00e9rdida de dicho torneo. Este a\u00f1o es recordado por <a title=\"El cl\u00e1sico de los procesados con prisi\u00f3n\" href=\"https:\/\/www.padreydecano.com\/cms\/clasicos-y-algo-mas\/el-clasico-de-los-procesados-con-prision\/\" target=\"_blank\">el cl\u00e1sico del Clausura<\/a>, el cual finaliz\u00f3 con una trifulca de jugadores en el campo de juego y determin\u00f3 el procesamiento de Federico Elduayen, Jos\u00e9 Enrique de los Santos, Dar\u00edo Rodr\u00edguez, Marcelo De Souza, Fabi\u00e1n Cesaro, Mart\u00edn Garc\u00eda y Julio Ribas.<strong>\u00a0<\/strong><\/p>\n<p><span style=\"color: #ffcc02;\"><strong>Copas ganadas en la d\u00e9cada 1991-2000:<\/strong><\/span><\/p>\n<ul>\n<li>Copa Uruguaya: <a title=\"El Segundo Quinquenio de Oro\" href=\"https:\/\/www.padreydecano.com\/cms\/campanas-historicas\/el-segundo-quinquenio-de-oro\/\" target=\"_blank\">1993, 1994, 1995, 1996, 1997<\/a>, <a title=\"La Campa\u00f1a de 1999\" href=\"https:\/\/www.padreydecano.com\/cms\/campanas-historicas\/la-campana-de-1999\/\" target=\"_blank\">1999<\/a><\/li>\n<li>Campeonato Apertura: 1995, 1996<\/li>\n<li>Campeonato Clausura: 1994, 1999, 2000<\/li>\n<li>Liguilla: 1994, 1997<\/li>\n<\/ul>\n<p><span style=\"color: #ffcc02;\"><strong>Otras Copas o Torneos Amistosos\u00a0<\/strong><\/span><\/p>\n<ul>\n<li>Copa Parmalat: 1993, 1994<\/li>\n<li>Copa Cerde\u00f1a: 1991<\/li>\n<li>Copa Murcia: 1991<\/li>\n<li>Copa Ciudad de Sevilla: 1993<\/li>\n<li>Copa Hyundai: 1996<\/li>\n<li>Copa Punta del Este: 1997<\/li>\n<\/ul>\n","protected":false},"excerpt":{"rendered":"<p>La d\u00e9cada comenz\u00f3 con claroscuros. Por un lado, la situaci\u00f3n deportiva del club no era buena, y los cuadros en desarrollo coronaron el \u201cQuinquenio de los chicos\u201d, ya que entre 1987 y 1991 ninguno de los grandes obtuvo un t\u00edtulo. Por otro lado, en el a\u00f1o 1991 se cumplieron los 100 a\u00f1os de vida de [&hellip;]<\/p>\n","protected":false},"author":1,"featured_media":0,"parent":64,"menu_order":11,"comment_status":"closed","ping_status":"closed","template":"","meta":{"footnotes":""},"yoast_head":"<!-- This site is optimized with the Yoast SEO plugin v23.2 - https:\/\/yoast.com\/wordpress\/plugins\/seo\/ -->\n<title>1991-2000 - Padre y Decano - El Sitio del Pueblo<\/title>\n<meta name=\"robots\" content=\"index, follow, max-snippet:-1, max-image-preview:large, max-video-preview:-1\" \/>\n<link rel=\"canonical\" href=\"https:\/\/www.padreydecano.com\/cms\/historia-oficial\/1991-2000\/\" \/>\n<meta property=\"og:locale\" content=\"es_ES\" \/>\n<meta property=\"og:type\" content=\"article\" \/>\n<meta property=\"og:title\" content=\"1991-2000 - Padre y Decano - El Sitio del Pueblo\" \/>\n<meta property=\"og:description\" content=\"La d\u00e9cada comenz\u00f3 con claroscuros. Por un lado, la situaci\u00f3n deportiva del club no era buena, y los cuadros en desarrollo coronaron el \u201cQuinquenio de los chicos\u201d, ya que entre 1987 y 1991 ninguno de los grandes obtuvo un t\u00edtulo. Por otro lado, en el a\u00f1o 1991 se cumplieron los 100 a\u00f1os de vida de [&hellip;]\" \/>\n<meta property=\"og:url\" content=\"https:\/\/www.padreydecano.com\/cms\/historia-oficial\/1991-2000\/\" \/>\n<meta property=\"og:site_name\" content=\"Padre y Decano - El Sitio del Pueblo\" \/>\n<meta property=\"article:modified_time\" content=\"2014-09-27T15:21:35+00:00\" \/>\n<meta property=\"og:image\" content=\"http:\/\/www.padreydecano.com\/cms\/wp-content\/uploads\/2012\/09\/100-a\u00f1os-de-gloria-003.jpg\" \/>\n<meta name=\"twitter:card\" content=\"summary_large_image\" \/>\n<meta name=\"twitter:label1\" content=\"Tiempo de lectura\" \/>\n\t<meta name=\"twitter:data1\" content=\"4 minutos\" \/>\n<script type=\"application\/ld+json\" class=\"yoast-schema-graph\">{\"@context\":\"https:\/\/schema.org\",\"@graph\":[{\"@type\":\"WebPage\",\"@id\":\"https:\/\/www.padreydecano.com\/cms\/historia-oficial\/1991-2000\/\",\"url\":\"https:\/\/www.padreydecano.com\/cms\/historia-oficial\/1991-2000\/\",\"name\":\"1991-2000 - Padre y Decano - El Sitio del Pueblo\",\"isPartOf\":{\"@id\":\"https:\/\/www.padreydecano.com\/cms\/#website\"},\"primaryImageOfPage\":{\"@id\":\"https:\/\/www.padreydecano.com\/cms\/historia-oficial\/1991-2000\/#primaryimage\"},\"image\":{\"@id\":\"https:\/\/www.padreydecano.com\/cms\/historia-oficial\/1991-2000\/#primaryimage\"},\"thumbnailUrl\":\"http:\/\/www.padreydecano.com\/cms\/wp-content\/uploads\/2011\/11\/penarol_plantel_1993.jpg\",\"datePublished\":\"2011-10-10T11:28:10+00:00\",\"dateModified\":\"2014-09-27T15:21:35+00:00\",\"breadcrumb\":{\"@id\":\"https:\/\/www.padreydecano.com\/cms\/historia-oficial\/1991-2000\/#breadcrumb\"},\"inLanguage\":\"es\",\"potentialAction\":[{\"@type\":\"ReadAction\",\"target\":[\"https:\/\/www.padreydecano.com\/cms\/historia-oficial\/1991-2000\/\"]}]},{\"@type\":\"ImageObject\",\"inLanguage\":\"es\",\"@id\":\"https:\/\/www.padreydecano.com\/cms\/historia-oficial\/1991-2000\/#primaryimage\",\"url\":\"http:\/\/www.padreydecano.com\/cms\/wp-content\/uploads\/2011\/11\/penarol_plantel_1993.jpg\",\"contentUrl\":\"http:\/\/www.padreydecano.com\/cms\/wp-content\/uploads\/2011\/11\/penarol_plantel_1993.jpg\"},{\"@type\":\"BreadcrumbList\",\"@id\":\"https:\/\/www.padreydecano.com\/cms\/historia-oficial\/1991-2000\/#breadcrumb\",\"itemListElement\":[{\"@type\":\"ListItem\",\"position\":1,\"name\":\"Portada\",\"item\":\"https:\/\/www.padreydecano.com\/cms\/\"},{\"@type\":\"ListItem\",\"position\":2,\"name\":\"Historia Oficial\",\"item\":\"https:\/\/www.padreydecano.com\/cms\/historia-oficial\/\"},{\"@type\":\"ListItem\",\"position\":3,\"name\":\"1991-2000\"}]},{\"@type\":\"WebSite\",\"@id\":\"https:\/\/www.padreydecano.com\/cms\/#website\",\"url\":\"https:\/\/www.padreydecano.com\/cms\/\",\"name\":\"Padre y Decano - El Sitio del Pueblo\",\"description\":\"Club Atl\u00e9tico Pe\u00f1arol\",\"publisher\":{\"@id\":\"https:\/\/www.padreydecano.com\/cms\/#organization\"},\"potentialAction\":[{\"@type\":\"SearchAction\",\"target\":{\"@type\":\"EntryPoint\",\"urlTemplate\":\"https:\/\/www.padreydecano.com\/cms\/?s={search_term_string}\"},\"query-input\":\"required name=search_term_string\"}],\"inLanguage\":\"es\"},{\"@type\":\"Organization\",\"@id\":\"https:\/\/www.padreydecano.com\/cms\/#organization\",\"name\":\"Padre y Decano\",\"url\":\"https:\/\/www.padreydecano.com\/cms\/\",\"logo\":{\"@type\":\"ImageObject\",\"inLanguage\":\"es\",\"@id\":\"https:\/\/www.padreydecano.com\/cms\/#\/schema\/logo\/image\/\",\"url\":\"https:\/\/www.padreydecano.com\/cms\/wp-content\/uploads\/2022\/01\/avatar-square.png\",\"contentUrl\":\"https:\/\/www.padreydecano.com\/cms\/wp-content\/uploads\/2022\/01\/avatar-square.png\",\"width\":1500,\"height\":1500,\"caption\":\"Padre y Decano\"},\"image\":{\"@id\":\"https:\/\/www.padreydecano.com\/cms\/#\/schema\/logo\/image\/\"}}]}<\/script>\n<!-- \/ Yoast SEO plugin. -->","yoast_head_json":{"title":"1991-2000 - Padre y Decano - El Sitio del Pueblo","robots":{"index":"index","follow":"follow","max-snippet":"max-snippet:-1","max-image-preview":"max-image-preview:large","max-video-preview":"max-video-preview:-1"},"canonical":"https:\/\/www.padreydecano.com\/cms\/historia-oficial\/1991-2000\/","og_locale":"es_ES","og_type":"article","og_title":"1991-2000 - Padre y Decano - El Sitio del Pueblo","og_description":"La d\u00e9cada comenz\u00f3 con claroscuros. Por un lado, la situaci\u00f3n deportiva del club no era buena, y los cuadros en desarrollo coronaron el \u201cQuinquenio de los chicos\u201d, ya que entre 1987 y 1991 ninguno de los grandes obtuvo un t\u00edtulo. Por otro lado, en el a\u00f1o 1991 se cumplieron los 100 a\u00f1os de vida de [&hellip;]","og_url":"https:\/\/www.padreydecano.com\/cms\/historia-oficial\/1991-2000\/","og_site_name":"Padre y Decano - El Sitio del Pueblo","article_modified_time":"2014-09-27T15:21:35+00:00","og_image":[{"url":"http:\/\/www.padreydecano.com\/cms\/wp-content\/uploads\/2012\/09\/100-a\u00f1os-de-gloria-003.jpg"}],"twitter_card":"summary_large_image","twitter_misc":{"Tiempo de lectura":"4 minutos"},"schema":{"@context":"https:\/\/schema.org","@graph":[{"@type":"WebPage","@id":"https:\/\/www.padreydecano.com\/cms\/historia-oficial\/1991-2000\/","url":"https:\/\/www.padreydecano.com\/cms\/historia-oficial\/1991-2000\/","name":"1991-2000 - Padre y Decano - El Sitio del Pueblo","isPartOf":{"@id":"https:\/\/www.padreydecano.com\/cms\/#website"},"primaryImageOfPage":{"@id":"https:\/\/www.padreydecano.com\/cms\/historia-oficial\/1991-2000\/#primaryimage"},"image":{"@id":"https:\/\/www.padreydecano.com\/cms\/historia-oficial\/1991-2000\/#primaryimage"},"thumbnailUrl":"http:\/\/www.padreydecano.com\/cms\/wp-content\/uploads\/2011\/11\/penarol_plantel_1993.jpg","datePublished":"2011-10-10T11:28:10+00:00","dateModified":"2014-09-27T15:21:35+00:00","breadcrumb":{"@id":"https:\/\/www.padreydecano.com\/cms\/historia-oficial\/1991-2000\/#breadcrumb"},"inLanguage":"es","potentialAction":[{"@type":"ReadAction","target":["https:\/\/www.padreydecano.com\/cms\/historia-oficial\/1991-2000\/"]}]},{"@type":"ImageObject","inLanguage":"es","@id":"https:\/\/www.padreydecano.com\/cms\/historia-oficial\/1991-2000\/#primaryimage","url":"http:\/\/www.padreydecano.com\/cms\/wp-content\/uploads\/2011\/11\/penarol_plantel_1993.jpg","contentUrl":"http:\/\/www.padreydecano.com\/cms\/wp-content\/uploads\/2011\/11\/penarol_plantel_1993.jpg"},{"@type":"BreadcrumbList","@id":"https:\/\/www.padreydecano.com\/cms\/historia-oficial\/1991-2000\/#breadcrumb","itemListElement":[{"@type":"ListItem","position":1,"name":"Portada","item":"https:\/\/www.padreydecano.com\/cms\/"},{"@type":"ListItem","position":2,"name":"Historia Oficial","item":"https:\/\/www.padreydecano.com\/cms\/historia-oficial\/"},{"@type":"ListItem","position":3,"name":"1991-2000"}]},{"@type":"WebSite","@id":"https:\/\/www.padreydecano.com\/cms\/#website","url":"https:\/\/www.padreydecano.com\/cms\/","name":"Padre y Decano - El Sitio del Pueblo","description":"Club Atl\u00e9tico Pe\u00f1arol","publisher":{"@id":"https:\/\/www.padreydecano.com\/cms\/#organization"},"potentialAction":[{"@type":"SearchAction","target":{"@type":"EntryPoint","urlTemplate":"https:\/\/www.padreydecano.com\/cms\/?s={search_term_string}"},"query-input":"required name=search_term_string"}],"inLanguage":"es"},{"@type":"Organization","@id":"https:\/\/www.padreydecano.com\/cms\/#organization","name":"Padre y Decano","url":"https:\/\/www.padreydecano.com\/cms\/","logo":{"@type":"ImageObject","inLanguage":"es","@id":"https:\/\/www.padreydecano.com\/cms\/#\/schema\/logo\/image\/","url":"https:\/\/www.padreydecano.com\/cms\/wp-content\/uploads\/2022\/01\/avatar-square.png","contentUrl":"https:\/\/www.padreydecano.com\/cms\/wp-content\/uploads\/2022\/01\/avatar-square.png","width":1500,"height":1500,"caption":"Padre y Decano"},"image":{"@id":"https:\/\/www.padreydecano.com\/cms\/#\/schema\/logo\/image\/"}}]}},"_links":{"self":[{"href":"https:\/\/www.padreydecano.com\/cms\/wp-json\/wp\/v2\/pages\/5440"}],"collection":[{"href":"https:\/\/www.padreydecano.com\/cms\/wp-json\/wp\/v2\/pages"}],"about":[{"href":"https:\/\/www.padreydecano.com\/cms\/wp-json\/wp\/v2\/types\/page"}],"author":[{"embeddable":true,"href":"https:\/\/www.padreydecano.com\/cms\/wp-json\/wp\/v2\/users\/1"}],"replies":[{"embeddable":true,"href":"https:\/\/www.padreydecano.com\/cms\/wp-json\/wp\/v2\/comments?post=5440"}],"version-history":[{"count":0,"href":"https:\/\/www.padreydecano.com\/cms\/wp-json\/wp\/v2\/pages\/5440\/revisions"}],"up":[{"embeddable":true,"href":"https:\/\/www.padreydecano.com\/cms\/wp-json\/wp\/v2\/pages\/64"}],"wp:attachment":[{"href":"https:\/\/www.padreydecano.com\/cms\/wp-json\/wp\/v2\/media?parent=5440"}],"curies":[{"name":"wp","href":"https:\/\/api.w.org\/{rel}","templated":true}]}}