{"id":5438,"date":"2011-10-10T09:27:05","date_gmt":"2011-10-10T11:27:05","guid":{"rendered":"http:\/\/www.padreydecano.com\/cms\/?page_id=5438"},"modified":"2014-09-27T12:21:47","modified_gmt":"2014-09-27T15:21:47","slug":"1981-1990","status":"publish","type":"page","link":"https:\/\/www.padreydecano.com\/cms\/historia-oficial\/1981-1990\/","title":{"rendered":"1981-1990"},"content":{"rendered":"<p style=\"text-align: center;\"><a href=\"https:\/\/www.padreydecano.com\/cms\/wp-content\/uploads\/2012\/02\/campa\u00f1a_morena.jpg\" rel=\"shadowbox[sbpost-5438];player=img;\"><img loading=\"lazy\" decoding=\"async\" class=\"aligncenter  wp-image-15175\" alt=\"campa\u00f1a_morena\" src=\"https:\/\/www.padreydecano.com\/cms\/wp-content\/uploads\/2012\/02\/campa\u00f1a_morena.jpg\" width=\"534\" height=\"306\" srcset=\"https:\/\/www.padreydecano.com\/cms\/wp-content\/uploads\/2012\/02\/campa\u00f1a_morena.jpg 953w, https:\/\/www.padreydecano.com\/cms\/wp-content\/uploads\/2012\/02\/campa\u00f1a_morena-300x171.jpg 300w\" sizes=\"(max-width: 534px) 100vw, 534px\" \/><\/a><\/p>\n<p style=\"text-align: justify;\">La d\u00e9cada comenz\u00f3 con una fuerte campa\u00f1a para traer nuevamente a <a title=\"Fernando Morena\" href=\"https:\/\/www.padreydecano.com\/cms\/idolos\/fernando-morena\/\" target=\"_blank\">Fernando Morena<\/a> a Pe\u00f1arol. Bajo el lema <a title=\"\u201cA Morena lo traemos todos\u201d\" href=\"https:\/\/www.padreydecano.com\/cms\/el-baul-de-los-recuerdos\/a-morena-lo-traemos-todos\/\" target=\"_blank\">\u201cA Morena lo traemos todos\u201d<\/a>, el goleador carbonero volvi\u00f3 a ponerse la amarilla y negra y fue fundamental para obtener el <strong>Campeonato Uruguayo de 1981<\/strong> y ser el pr\u00f3logo de lo que se vendr\u00eda al a\u00f1o siguiente.<\/p>\n<div id=\"attachment_7836\" style=\"width: 266px\" class=\"wp-caption alignright\"><a href=\"https:\/\/www.padreydecano.com\/cms\/wp-content\/uploads\/2011\/11\/copainter.jpg\" rel=\"shadowbox[sbpost-5438];player=img;\"><img loading=\"lazy\" decoding=\"async\" aria-describedby=\"caption-attachment-7836\" class=\" wp-image-7836 \" alt=\"Copa Intercontinental 1982\" src=\"https:\/\/www.padreydecano.com\/cms\/wp-content\/uploads\/2011\/11\/copainter.jpg\" width=\"256\" height=\"274\" srcset=\"https:\/\/www.padreydecano.com\/cms\/wp-content\/uploads\/2011\/11\/copainter.jpg 400w, https:\/\/www.padreydecano.com\/cms\/wp-content\/uploads\/2011\/11\/copainter-280x300.jpg 280w\" sizes=\"(max-width: 256px) 100vw, 256px\" \/><\/a><p id=\"caption-attachment-7836\" class=\"wp-caption-text\">Los jugadores con la Copa en Tokio<\/p><\/div>\n<p style=\"text-align: justify;\">El a\u00f1o 1982 fue uno de los m\u00e1s gloriosos para Pe\u00f1arol ya que ganamos todo: Campeonato Uruguayo, <a title=\"Copa Libertadores 1982\" href=\"https:\/\/www.padreydecano.com\/cms\/campanas-historicas\/copa-libertadores-1982\/\" target=\"_blank\">Copa Libertadores<\/a> y <a href=\"https:\/\/www.padreydecano.com\/cms\/campanas-historicas\/copa-intercontinental-1982\/\" target=\"_blank\">Copa Intercontinental<\/a>. De la mano de <a title=\"Fernando Morena\" href=\"https:\/\/www.padreydecano.com\/cms\/idolos\/fernando-morena\/\" target=\"_blank\">Fernando Morena<\/a> y <a title=\"Walter Olivera\" href=\"https:\/\/www.padreydecano.com\/cms\/idolos\/walter-olivera\/\" target=\"_blank\">Walter Olivera<\/a>, pero con grandes jugadores como Diogo, Saralegui y Jair, Pe\u00f1arol dej\u00f3 por el camino a poderosos equipos como River y Flamengo para derrotar al Cobreloa con un ag\u00f3nico tanto de <a title=\"Fernando Morena\" href=\"https:\/\/www.padreydecano.com\/cms\/idolos\/fernando-morena\/\" target=\"_blank\">Morena<\/a>. A fin de a\u00f1o, la temporada se coron\u00f3 con una victoria 2 a 0 en Tokio ante el Aston Villa y <strong>Pe\u00f1arol se transform\u00f3 en el primer Tricampe\u00f3n del Mundo.<\/strong><\/p>\n<p style=\"text-align: justify;\">Al a\u00f1o siguiente se volvi\u00f3 a llegar a la final de Am\u00e9rica, pero lamentablemente no pudimos superar a Gremio, luego de dos duras batallas. Por si fuera poco, <a title=\"Fernando Morena\" href=\"https:\/\/www.padreydecano.com\/cms\/idolos\/fernando-morena\/\" target=\"_blank\">Fernando Morena<\/a> fue <strong>fracturado<\/strong> defendiendo a la Selecci\u00f3n Uruguaya en un partido ante Venezuela. Peor suerte tuvimos en 1984, donde Pe\u00f1arol no particip\u00f3 internacionalmente y apenas pudo obtener la Liguilla y la Copa 60\u00b0 Aniversario de Colombes.<\/p>\n<p style=\"text-align: justify;\">La temporada 1985 dej\u00f3 en el olvido las sequ\u00edas de los a\u00f1os anteriores y <strong>Pe\u00f1arol arras\u00f3 en el f\u00fatbol local.<\/strong> Se coron\u00f3 campe\u00f3n uruguayo, gan\u00f3 la Liguilla y adem\u00e1s gan\u00f3 la <a title=\"Copa de Oro de los Grandes\" href=\"https:\/\/www.padreydecano.com\/cms\/historias-clasicas\/copa-de-oro-de-los-grandes\/\" target=\"_blank\">Copa de Oro de los grandes<\/a>, un torneo amistoso donde los cl\u00e1sicos rivales se enfrentaron para medir qui\u00e9n era el mejor. Adem\u00e1s, internacionalmente se obtuvo la <a title=\"Supercopa de Campeones Intercontinentales 1985\" href=\"https:\/\/www.padreydecano.com\/cms\/campanas-historicas\/super-copa-de-campeones-intercontinentales-1985\/\" target=\"_blank\">Supercopa de Campeones Intercontinentales<\/a> jugada en suelo italiano luego de derrotar en la final a un equipazo de Independiente.<\/p>\n<p style=\"text-align: justify;\">La crisis econ\u00f3mica que azotaba al club oblig\u00f3 a que se vendieran varios jugadores de gran renombre en Pe\u00f1arol. Bajo la conducci\u00f3n de <a title=\"Roque Gast\u00f3n M\u00e1spoli\" href=\"https:\/\/www.padreydecano.com\/cms\/idolos\/roque-gaston-maspoli\/\" target=\"_blank\">Roque M\u00e1spoli<\/a>, <strong>Pe\u00f1arol volvi\u00f3 a coronarse campe\u00f3n uruguayo<\/strong> y asomaba una camada de juveniles que dar\u00edan sus frutos al a\u00f1o siguiente. <a title=\"Diego Vicente Aguirre\" href=\"https:\/\/www.padreydecano.com\/cms\/idolos\/diego-vicente-aguirre\/\" target=\"_blank\">Diego Aguirre<\/a> lleg\u00f3 al club y en la final del torneo, que se jug\u00f3 reci\u00e9n en enero de 1987, derrotamos al tradicional rival 4 a 3 por penales luego de haber empatado a cero en el tiempo reglamentario. Ese verano tambi\u00e9n se gan\u00f3 la Liguilla.<\/p>\n<div id=\"attachment_13753\" style=\"width: 300px\" class=\"wp-caption alignleft\"><a href=\"https:\/\/www.padreydecano.com\/cms\/wp-content\/uploads\/2012\/01\/pe\u00f1arol_campeon_de_america_1987_aguirre_maestro.jpg\" rel=\"shadowbox[sbpost-5438];player=img;\"><img loading=\"lazy\" decoding=\"async\" aria-describedby=\"caption-attachment-13753\" class=\" wp-image-13753 \" alt=\"Copa Libertadores 1987\" src=\"https:\/\/www.padreydecano.com\/cms\/wp-content\/uploads\/2012\/01\/pe\u00f1arol_campeon_de_america_1987_aguirre_maestro.jpg\" width=\"290\" height=\"225\" srcset=\"https:\/\/www.padreydecano.com\/cms\/wp-content\/uploads\/2012\/01\/pe\u00f1arol_campeon_de_america_1987_aguirre_maestro.jpg 453w, https:\/\/www.padreydecano.com\/cms\/wp-content\/uploads\/2012\/01\/pe\u00f1arol_campeon_de_america_1987_aguirre_maestro-300x232.jpg 300w\" sizes=\"(max-width: 290px) 100vw, 290px\" \/><\/a><p id=\"caption-attachment-13753\" class=\"wp-caption-text\">Diego Aguirre y Oscar W. Tab\u00e1rez con la Copa Libertadores<\/p><\/div>\n<p style=\"text-align: justify;\"><strong>El Cr. Jos\u00e9 Pedro Damiani asumi\u00f3 la presidencia en 1987<\/strong> y bajo la conducci\u00f3n de Oscar Washington Tab\u00e1rez, Pe\u00f1arol gan\u00f3 el hist\u00f3rico cl\u00e1sico de los <a title=\"El cl\u00e1sico de los 8 contra 11\" href=\"https:\/\/www.padreydecano.com\/cms\/historias-clasicas\/el-clasico-de-los-8-contra-11\/\" target=\"_blank\">8 contra 11<\/a>, luego de haber tenido un flojo arranque en la temporada. El plantel plagado de juventud sorte\u00f3 sin problemas la primera fase de la Libertadores, y en el grupo semifinal dej\u00f3 por el camino a River Plate e Independiente. En la final perdi\u00f3 en Cali y gan\u00f3 en Montevideo ante el Am\u00e9rica. La final\u00edsima se jug\u00f3 en Santiago de Chile y la historia es conocida. Cuando quedaban pocos segundos para quedarnos con las manos vac\u00edas, apareci\u00f3 el <a title=\"El gol de Aguirre contado por varios\" href=\"https:\/\/www.padreydecano.com\/cms\/noticias\/el-gol-de-diego-aguirre-final-libertadores-1987\/\" target=\"_blank\">gol ag\u00f3nico<\/a> de la fiera que nos dio <a title=\"Copa Libertadores 1987\" href=\"https:\/\/www.padreydecano.com\/cms\/campanas-historicas\/copa-libertadores-1987\/\" target=\"_blank\">la quinta Libertadores<\/a> y el pasaje a Jap\u00f3n. En Tokio, la nieve fue la protagonista y lamentablemente ca\u00edmos ante el Porto por la final Intercontinental.<\/p>\n<p style=\"text-align: justify;\">El plantel se desintegr\u00f3 al a\u00f1o siguiente y apenas pudimos ganar la Liguilla de 1988, jugada en enero del a\u00f1o siguiente. Peor actuaci\u00f3n fue la de la temporada 1989 donde no se gan\u00f3 nada. El cierre de d\u00e9cada se dio con una nueva gira positiva por Europa pero sequ\u00eda en cuanto a t\u00edtulos locales.<\/p>\n<p style=\"text-align: justify;\"><span style=\"color: #ffcc02;\"><strong>Copas Ganadas en la d\u00e9cada 1981-1990:<\/strong><\/span><\/p>\n<ul>\n<li>Copa Libertadores de Am\u00e9rica: <a title=\"Copa Libertadores 1982\" href=\"https:\/\/www.padreydecano.com\/cms\/campanas-historicas\/copa-libertadores-1982\/\" target=\"_blank\">1982<\/a>, <a title=\"Copa Libertadores 1987\" href=\"https:\/\/www.padreydecano.com\/cms\/campanas-historicas\/copa-libertadores-1987\/\" target=\"_blank\">1987<\/a><\/li>\n<li>Copa Intercontinental: <a title=\"Copa Intercontinental 1982\" href=\"https:\/\/www.padreydecano.com\/cms\/campanas-historicas\/copa-intercontinental-1982\/\" target=\"_blank\">1982<\/a><\/li>\n<li>Super Copa de Campeones Intercontinentales: <a title=\"Supercopa de Campeones Intercontinentales 1985\" href=\"https:\/\/www.padreydecano.com\/cms\/campanas-historicas\/super-copa-de-campeones-intercontinentales-1985\/\" target=\"_blank\">1985<\/a><\/li>\n<li>Copa Uruguaya: 1981, 1982, 1985, 1986<\/li>\n<li>Copa de Oro de los Grandes: <a title=\"Copa de Oro de los Grandes\" href=\"https:\/\/www.padreydecano.com\/cms\/historias-clasicas\/copa-de-oro-de-los-grandes\/\" target=\"_blank\">1985<\/a><\/li>\n<li>Liguilla: 1984, 1985, 1986, 1988<\/li>\n<\/ul>\n<p style=\"text-align: justify;\"><span style=\"color: #ffcc02;\"><strong>Otras Copas o Torneos Amistosos:<\/strong><\/span><\/p>\n<ul>\n<li>Copa 60\u00b0 Aniversario de Colombes<\/li>\n<li>Copa Ciudad de Bologna: 1990<\/li>\n<li>Copa Te\u00edde: 1990<\/li>\n<\/ul>\n","protected":false},"excerpt":{"rendered":"<p>La d\u00e9cada comenz\u00f3 con una fuerte campa\u00f1a para traer nuevamente a Fernando Morena a Pe\u00f1arol. Bajo el lema \u201cA Morena lo traemos todos\u201d, el goleador carbonero volvi\u00f3 a ponerse la amarilla y negra y fue fundamental para obtener el Campeonato Uruguayo de 1981 y ser el pr\u00f3logo de lo que se vendr\u00eda al a\u00f1o siguiente. [&hellip;]<\/p>\n","protected":false},"author":2,"featured_media":0,"parent":64,"menu_order":10,"comment_status":"closed","ping_status":"closed","template":"","meta":{"footnotes":""},"yoast_head":"<!-- This site is optimized with the Yoast SEO plugin v23.2 - https:\/\/yoast.com\/wordpress\/plugins\/seo\/ -->\n<title>1981-1990 - Padre y Decano - El Sitio del Pueblo<\/title>\n<meta name=\"robots\" content=\"index, follow, max-snippet:-1, max-image-preview:large, max-video-preview:-1\" \/>\n<link rel=\"canonical\" href=\"https:\/\/www.padreydecano.com\/cms\/historia-oficial\/1981-1990\/\" \/>\n<meta property=\"og:locale\" content=\"es_ES\" \/>\n<meta property=\"og:type\" content=\"article\" \/>\n<meta property=\"og:title\" content=\"1981-1990 - Padre y Decano - El Sitio del Pueblo\" \/>\n<meta property=\"og:description\" content=\"La d\u00e9cada comenz\u00f3 con una fuerte campa\u00f1a para traer nuevamente a Fernando Morena a Pe\u00f1arol. Bajo el lema \u201cA Morena lo traemos todos\u201d, el goleador carbonero volvi\u00f3 a ponerse la amarilla y negra y fue fundamental para obtener el Campeonato Uruguayo de 1981 y ser el pr\u00f3logo de lo que se vendr\u00eda al a\u00f1o siguiente. [&hellip;]\" \/>\n<meta property=\"og:url\" content=\"https:\/\/www.padreydecano.com\/cms\/historia-oficial\/1981-1990\/\" \/>\n<meta property=\"og:site_name\" content=\"Padre y Decano - El Sitio del Pueblo\" \/>\n<meta property=\"article:modified_time\" content=\"2014-09-27T15:21:47+00:00\" \/>\n<meta property=\"og:image\" content=\"http:\/\/www.padreydecano.com\/cms\/wp-content\/uploads\/2012\/02\/campa\u00f1a_morena.jpg\" \/>\n<meta name=\"twitter:card\" content=\"summary_large_image\" \/>\n<meta name=\"twitter:label1\" content=\"Tiempo de lectura\" \/>\n\t<meta name=\"twitter:data1\" content=\"3 minutos\" \/>\n<script type=\"application\/ld+json\" class=\"yoast-schema-graph\">{\"@context\":\"https:\/\/schema.org\",\"@graph\":[{\"@type\":\"WebPage\",\"@id\":\"https:\/\/www.padreydecano.com\/cms\/historia-oficial\/1981-1990\/\",\"url\":\"https:\/\/www.padreydecano.com\/cms\/historia-oficial\/1981-1990\/\",\"name\":\"1981-1990 - Padre y Decano - El Sitio del Pueblo\",\"isPartOf\":{\"@id\":\"https:\/\/www.padreydecano.com\/cms\/#website\"},\"primaryImageOfPage\":{\"@id\":\"https:\/\/www.padreydecano.com\/cms\/historia-oficial\/1981-1990\/#primaryimage\"},\"image\":{\"@id\":\"https:\/\/www.padreydecano.com\/cms\/historia-oficial\/1981-1990\/#primaryimage\"},\"thumbnailUrl\":\"http:\/\/www.padreydecano.com\/cms\/wp-content\/uploads\/2011\/11\/copainter.jpg\",\"datePublished\":\"2011-10-10T11:27:05+00:00\",\"dateModified\":\"2014-09-27T15:21:47+00:00\",\"breadcrumb\":{\"@id\":\"https:\/\/www.padreydecano.com\/cms\/historia-oficial\/1981-1990\/#breadcrumb\"},\"inLanguage\":\"es\",\"potentialAction\":[{\"@type\":\"ReadAction\",\"target\":[\"https:\/\/www.padreydecano.com\/cms\/historia-oficial\/1981-1990\/\"]}]},{\"@type\":\"ImageObject\",\"inLanguage\":\"es\",\"@id\":\"https:\/\/www.padreydecano.com\/cms\/historia-oficial\/1981-1990\/#primaryimage\",\"url\":\"http:\/\/www.padreydecano.com\/cms\/wp-content\/uploads\/2011\/11\/copainter.jpg\",\"contentUrl\":\"http:\/\/www.padreydecano.com\/cms\/wp-content\/uploads\/2011\/11\/copainter.jpg\"},{\"@type\":\"BreadcrumbList\",\"@id\":\"https:\/\/www.padreydecano.com\/cms\/historia-oficial\/1981-1990\/#breadcrumb\",\"itemListElement\":[{\"@type\":\"ListItem\",\"position\":1,\"name\":\"Portada\",\"item\":\"https:\/\/www.padreydecano.com\/cms\/\"},{\"@type\":\"ListItem\",\"position\":2,\"name\":\"Historia Oficial\",\"item\":\"https:\/\/www.padreydecano.com\/cms\/historia-oficial\/\"},{\"@type\":\"ListItem\",\"position\":3,\"name\":\"1981-1990\"}]},{\"@type\":\"WebSite\",\"@id\":\"https:\/\/www.padreydecano.com\/cms\/#website\",\"url\":\"https:\/\/www.padreydecano.com\/cms\/\",\"name\":\"Padre y Decano - El Sitio del Pueblo\",\"description\":\"Club Atl\u00e9tico Pe\u00f1arol\",\"publisher\":{\"@id\":\"https:\/\/www.padreydecano.com\/cms\/#organization\"},\"potentialAction\":[{\"@type\":\"SearchAction\",\"target\":{\"@type\":\"EntryPoint\",\"urlTemplate\":\"https:\/\/www.padreydecano.com\/cms\/?s={search_term_string}\"},\"query-input\":\"required name=search_term_string\"}],\"inLanguage\":\"es\"},{\"@type\":\"Organization\",\"@id\":\"https:\/\/www.padreydecano.com\/cms\/#organization\",\"name\":\"Padre y Decano\",\"url\":\"https:\/\/www.padreydecano.com\/cms\/\",\"logo\":{\"@type\":\"ImageObject\",\"inLanguage\":\"es\",\"@id\":\"https:\/\/www.padreydecano.com\/cms\/#\/schema\/logo\/image\/\",\"url\":\"https:\/\/www.padreydecano.com\/cms\/wp-content\/uploads\/2022\/01\/avatar-square.png\",\"contentUrl\":\"https:\/\/www.padreydecano.com\/cms\/wp-content\/uploads\/2022\/01\/avatar-square.png\",\"width\":1500,\"height\":1500,\"caption\":\"Padre y Decano\"},\"image\":{\"@id\":\"https:\/\/www.padreydecano.com\/cms\/#\/schema\/logo\/image\/\"}}]}<\/script>\n<!-- \/ Yoast SEO plugin. -->","yoast_head_json":{"title":"1981-1990 - Padre y Decano - El Sitio del Pueblo","robots":{"index":"index","follow":"follow","max-snippet":"max-snippet:-1","max-image-preview":"max-image-preview:large","max-video-preview":"max-video-preview:-1"},"canonical":"https:\/\/www.padreydecano.com\/cms\/historia-oficial\/1981-1990\/","og_locale":"es_ES","og_type":"article","og_title":"1981-1990 - Padre y Decano - El Sitio del Pueblo","og_description":"La d\u00e9cada comenz\u00f3 con una fuerte campa\u00f1a para traer nuevamente a Fernando Morena a Pe\u00f1arol. Bajo el lema \u201cA Morena lo traemos todos\u201d, el goleador carbonero volvi\u00f3 a ponerse la amarilla y negra y fue fundamental para obtener el Campeonato Uruguayo de 1981 y ser el pr\u00f3logo de lo que se vendr\u00eda al a\u00f1o siguiente. [&hellip;]","og_url":"https:\/\/www.padreydecano.com\/cms\/historia-oficial\/1981-1990\/","og_site_name":"Padre y Decano - El Sitio del Pueblo","article_modified_time":"2014-09-27T15:21:47+00:00","og_image":[{"url":"http:\/\/www.padreydecano.com\/cms\/wp-content\/uploads\/2012\/02\/campa\u00f1a_morena.jpg"}],"twitter_card":"summary_large_image","twitter_misc":{"Tiempo de lectura":"3 minutos"},"schema":{"@context":"https:\/\/schema.org","@graph":[{"@type":"WebPage","@id":"https:\/\/www.padreydecano.com\/cms\/historia-oficial\/1981-1990\/","url":"https:\/\/www.padreydecano.com\/cms\/historia-oficial\/1981-1990\/","name":"1981-1990 - Padre y Decano - El Sitio del Pueblo","isPartOf":{"@id":"https:\/\/www.padreydecano.com\/cms\/#website"},"primaryImageOfPage":{"@id":"https:\/\/www.padreydecano.com\/cms\/historia-oficial\/1981-1990\/#primaryimage"},"image":{"@id":"https:\/\/www.padreydecano.com\/cms\/historia-oficial\/1981-1990\/#primaryimage"},"thumbnailUrl":"http:\/\/www.padreydecano.com\/cms\/wp-content\/uploads\/2011\/11\/copainter.jpg","datePublished":"2011-10-10T11:27:05+00:00","dateModified":"2014-09-27T15:21:47+00:00","breadcrumb":{"@id":"https:\/\/www.padreydecano.com\/cms\/historia-oficial\/1981-1990\/#breadcrumb"},"inLanguage":"es","potentialAction":[{"@type":"ReadAction","target":["https:\/\/www.padreydecano.com\/cms\/historia-oficial\/1981-1990\/"]}]},{"@type":"ImageObject","inLanguage":"es","@id":"https:\/\/www.padreydecano.com\/cms\/historia-oficial\/1981-1990\/#primaryimage","url":"http:\/\/www.padreydecano.com\/cms\/wp-content\/uploads\/2011\/11\/copainter.jpg","contentUrl":"http:\/\/www.padreydecano.com\/cms\/wp-content\/uploads\/2011\/11\/copainter.jpg"},{"@type":"BreadcrumbList","@id":"https:\/\/www.padreydecano.com\/cms\/historia-oficial\/1981-1990\/#breadcrumb","itemListElement":[{"@type":"ListItem","position":1,"name":"Portada","item":"https:\/\/www.padreydecano.com\/cms\/"},{"@type":"ListItem","position":2,"name":"Historia Oficial","item":"https:\/\/www.padreydecano.com\/cms\/historia-oficial\/"},{"@type":"ListItem","position":3,"name":"1981-1990"}]},{"@type":"WebSite","@id":"https:\/\/www.padreydecano.com\/cms\/#website","url":"https:\/\/www.padreydecano.com\/cms\/","name":"Padre y Decano - El Sitio del Pueblo","description":"Club Atl\u00e9tico Pe\u00f1arol","publisher":{"@id":"https:\/\/www.padreydecano.com\/cms\/#organization"},"potentialAction":[{"@type":"SearchAction","target":{"@type":"EntryPoint","urlTemplate":"https:\/\/www.padreydecano.com\/cms\/?s={search_term_string}"},"query-input":"required name=search_term_string"}],"inLanguage":"es"},{"@type":"Organization","@id":"https:\/\/www.padreydecano.com\/cms\/#organization","name":"Padre y Decano","url":"https:\/\/www.padreydecano.com\/cms\/","logo":{"@type":"ImageObject","inLanguage":"es","@id":"https:\/\/www.padreydecano.com\/cms\/#\/schema\/logo\/image\/","url":"https:\/\/www.padreydecano.com\/cms\/wp-content\/uploads\/2022\/01\/avatar-square.png","contentUrl":"https:\/\/www.padreydecano.com\/cms\/wp-content\/uploads\/2022\/01\/avatar-square.png","width":1500,"height":1500,"caption":"Padre y Decano"},"image":{"@id":"https:\/\/www.padreydecano.com\/cms\/#\/schema\/logo\/image\/"}}]}},"_links":{"self":[{"href":"https:\/\/www.padreydecano.com\/cms\/wp-json\/wp\/v2\/pages\/5438"}],"collection":[{"href":"https:\/\/www.padreydecano.com\/cms\/wp-json\/wp\/v2\/pages"}],"about":[{"href":"https:\/\/www.padreydecano.com\/cms\/wp-json\/wp\/v2\/types\/page"}],"author":[{"embeddable":true,"href":"https:\/\/www.padreydecano.com\/cms\/wp-json\/wp\/v2\/users\/2"}],"replies":[{"embeddable":true,"href":"https:\/\/www.padreydecano.com\/cms\/wp-json\/wp\/v2\/comments?post=5438"}],"version-history":[{"count":0,"href":"https:\/\/www.padreydecano.com\/cms\/wp-json\/wp\/v2\/pages\/5438\/revisions"}],"up":[{"embeddable":true,"href":"https:\/\/www.padreydecano.com\/cms\/wp-json\/wp\/v2\/pages\/64"}],"wp:attachment":[{"href":"https:\/\/www.padreydecano.com\/cms\/wp-json\/wp\/v2\/media?parent=5438"}],"curies":[{"name":"wp","href":"https:\/\/api.w.org\/{rel}","templated":true}]}}