{"id":5430,"date":"2011-10-10T09:25:28","date_gmt":"2011-10-10T11:25:28","guid":{"rendered":"http:\/\/www.padreydecano.com\/cms\/?page_id=5430"},"modified":"2014-09-27T12:22:14","modified_gmt":"2014-09-27T15:22:14","slug":"1941-1950","status":"publish","type":"page","link":"https:\/\/www.padreydecano.com\/cms\/historia-oficial\/1941-1950\/","title":{"rendered":"1941-1950"},"content":{"rendered":"<p style=\"text-align: justify;\"><a href=\"https:\/\/www.padreydecano.com\/cms\/wp-content\/uploads\/2012\/04\/Cincuentenario-de-Pe\u00f1arol.jpg\" rel=\"shadowbox[sbpost-5430];player=img;\"><img loading=\"lazy\" decoding=\"async\" class=\"aligncenter  wp-image-22374\" src=\"https:\/\/www.padreydecano.com\/cms\/wp-content\/uploads\/2012\/04\/Cincuentenario-de-Pe\u00f1arol.jpg\" alt=\"\" width=\"576\" height=\"384\" srcset=\"https:\/\/www.padreydecano.com\/cms\/wp-content\/uploads\/2012\/04\/Cincuentenario-de-Pe\u00f1arol.jpg 900w, https:\/\/www.padreydecano.com\/cms\/wp-content\/uploads\/2012\/04\/Cincuentenario-de-Pe\u00f1arol-300x200.jpg 300w\" sizes=\"(max-width: 576px) 100vw, 576px\" \/><\/a><\/p>\n<p style=\"text-align: justify;\">En 1941 se celebraron grandes fiestas en el <a title=\"Festejos por el Cincuentenario de Pe\u00f1arol\" href=\"https:\/\/www.padreydecano.com\/cms\/aniversarios\/festejos-por-el-cincuentenario-de-penarol\/\" target=\"_blank\">cincuentenario del Club<\/a>, <strong>50 a\u00f1os de intensa y generosa gesti\u00f3n deportiva y social.<\/strong> Cincuenta a\u00f1os que consagran definitivamente un <strong>ideal deportivo y un destino popular.<\/strong> Pe\u00f1arol coloc\u00f3 una hermosa estela de granito y bronce con la contribuci\u00f3n del Arq. Scasso y el escultor Pena en la plazuela de <a title=\"Barrio Pe\u00f1arol\" href=\"https:\/\/www.padreydecano.com\/cms\/barrio-penarol\/\" target=\"_blank\">Villa Pe\u00f1arol<\/a>, que por decreto municipal se denomina <strong>Plazuela Club Atl\u00e9tico Pe\u00f1arol<\/strong>, y recuerda el momento inicial de su trayectoria.<\/p>\n<p style=\"text-align: justify;\">Despu\u00e9s de bregar 50 a\u00f1os, Pe\u00f1arol hab\u00eda impuesto el deporte en nuestra colectividad, no s\u00f3lo el f\u00fatbol, ya que<a title=\"Isabelino Grad\u00edn\" href=\"https:\/\/www.padreydecano.com\/cms\/idolos\/isabelino-gradin\/\" target=\"_blank\"> Isabelino Grad\u00edn<\/a> brill\u00f3 en el atletismo, sus <a title=\"Los comienzos del Basketball\" href=\"https:\/\/www.padreydecano.com\/cms\/los-comienzos-del-basketball\/\" target=\"_blank\">equipos de b\u00e1squetbol se consagraron campeones federales<\/a>, y en el ciclismo alcanzamos las m\u00e1s grandes victorias.<\/p>\n<p style=\"text-align: justify;\">El comienzo de esta d\u00e9cada en el \u00e1mbito futbol\u00edstico no fue muy bueno ya que tuvimos que esperar hasta 1944 para levantar la Copa Uruguaya y la Copa de Honor. <strong>El a\u00f1o 1944 quedar\u00e1 marcado por la voluntad popular, que levant\u00f3 al Club de la crisis con sus asambleas<\/strong>, y m\u00e1s all\u00e1 de ellas, en la calle, en la oficina, en el hogar, impone la marcha de la instituci\u00f3n, dinamiza su evoluci\u00f3n, mantiene el esp\u00edritu democr\u00e1tico y mantiene alta la antorcha de los triunfos.<\/p>\n<p style=\"text-align: justify;\">En 1945 nuevamente se gana la Copa Uruguaya sac\u00e1ndole 6 puntos de ventaja al tradicional rival y tambi\u00e9n se gana la Copa de Honor. Este equipo lentamente ser\u00eda la base que desembocar\u00eda en el equipo del a\u00f1o 1949, uno de los mejores de todas las \u00e9pocas de Pe\u00f1arol.<\/p>\n<p style=\"text-align: justify;\"><a href=\"https:\/\/www.padreydecano.com\/cms\/wp-content\/uploads\/2011\/06\/constante_turturiello.jpg\" rel=\"shadowbox[sbpost-5430];player=img;\"><img loading=\"lazy\" decoding=\"async\" class=\"alignleft size-full wp-image-2656\" src=\"https:\/\/www.padreydecano.com\/cms\/wp-content\/uploads\/2011\/06\/constante_turturiello.jpg\" alt=\"\" width=\"70\" height=\"70\" srcset=\"https:\/\/www.padreydecano.com\/cms\/wp-content\/uploads\/2011\/06\/constante_turturiello.jpg 70w, https:\/\/www.padreydecano.com\/cms\/wp-content\/uploads\/2011\/06\/constante_turturiello-36x36.jpg 36w\" sizes=\"(max-width: 70px) 100vw, 70px\" \/><\/a>En el a\u00f1o 1945 el Consejo presidido por el Dr. C. Turturiello con la colaboraci\u00f3n de Julio V. Canessa y E. Alliaum encar\u00f3 la <strong>realizaci\u00f3n de obras, la compra para un campo de concentraci\u00f3n deportiva y la programaci\u00f3n de una sede deportiva y social<\/strong> bajo la denominaci\u00f3n de <a title=\"Palacio Pe\u00f1arol\" href=\"https:\/\/www.padreydecano.com\/cms\/palacio-penarol\/\" target=\"_blank\">Palacio Pe\u00f1arol<\/a>. Se adquiri\u00f3 una chacra: <a title=\"Los Aromos\" href=\"https:\/\/www.padreydecano.com\/cms\/los-aromos\/\" target=\"_blank\">Los Aromos<\/a>, situada en un camino lateral en el km. 23 de Camino Maldonado, pintoresco predio arbolado, para concentraci\u00f3n de jugadores con cancha de f\u00fatbol.<\/p>\n<p style=\"text-align: justify;\">En el a\u00f1o 1948 Pe\u00f1arol realiz\u00f3 una interesante experiencia sobre t\u00e1ctica de f\u00fatbol y contrat\u00f3 en Inglaterra, por intermedio de la Embajada Inglesa, al entrenador ingl\u00e9s Randolph Galloway, como Director T\u00e9cnico y entrenador de los equipos. Esa experiencia fue frustrada porque ese a\u00f1o, a mediados de la temporada, se produjo la huelga de los jugadores, la cuarta crisis del f\u00fatbol, suspendi\u00e9ndose el certamen de la Copa Uruguaya en la en la iniciaci\u00f3n de la segunda rueda. La huelga fue levantada en abril de 1949.<\/p>\n<p style=\"text-align: justify;\"><strong>En 1949 aparecer\u00e1 uno de los m\u00e1s grandes equipos que formar\u00e1 Pe\u00f1arol<\/strong>, en particular, por su letal delantera y su orden colectivo e individual, en la maestr\u00eda coordinadora de <a title=\"Juan Alberto Schiaffino\" href=\"https:\/\/www.padreydecano.com\/cms\/idolos\/juan-alberto-schiaffino\/\" target=\"_blank\">Schiaffino<\/a>, en la pujanza de<a title=\"\u00d3scar \u201cCotorra\u201d M\u00edguez\" href=\"https:\/\/www.padreydecano.com\/cms\/idolos\/oscar-cotorra-miguez\/\" target=\"_blank\"> M\u00edguez<\/a>, en el esp\u00edritu de realizaci\u00f3n de <a title=\"Juan Edgardo Hohberg\" href=\"https:\/\/www.padreydecano.com\/cms\/idolos\/juan-edgardo-hohberg\/\" target=\"_blank\">Hohberg<\/a> y la complementaci\u00f3n t\u00e9cnica y t\u00e1ctica de dos brillantes punteros: <a title=\"Ernesto Vidal\" href=\"https:\/\/www.padreydecano.com\/cms\/idolos\/ernesto-vidal\/\" target=\"_blank\">Vidal<\/a> y <a title=\"Alcides Edgardo Ghiggia\" href=\"https:\/\/www.padreydecano.com\/cms\/idolos\/alcides-edgardo-ghiggia\/\" target=\"_blank\">Ghiggia<\/a>. Esta delantera fue llamada <strong>\u201cLa Escuadrilla de la Muerte\u201d<\/strong> y el equipo en su totalidad fue<strong> \u201cLa m\u00e1quina del 49\u201d<\/strong>.<\/p>\n<div id=\"attachment_31929\" style=\"width: 600px\" class=\"wp-caption aligncenter\"><a href=\"https:\/\/www.padreydecano.com\/cms\/wp-content\/uploads\/2011\/10\/La-M\u00e1quina-de-1949.jpg\" rel=\"shadowbox[sbpost-5430];player=img;\"><img loading=\"lazy\" decoding=\"async\" aria-describedby=\"caption-attachment-31929\" class=\" wp-image-31929  \" src=\"https:\/\/www.padreydecano.com\/cms\/wp-content\/uploads\/2011\/10\/La-M\u00e1quina-de-1949.jpg\" alt=\"\" width=\"590\" height=\"256\" srcset=\"https:\/\/www.padreydecano.com\/cms\/wp-content\/uploads\/2011\/10\/La-M\u00e1quina-de-1949.jpg 738w, https:\/\/www.padreydecano.com\/cms\/wp-content\/uploads\/2011\/10\/La-M\u00e1quina-de-1949-300x130.jpg 300w\" sizes=\"(max-width: 590px) 100vw, 590px\" \/><\/a><p id=\"caption-attachment-31929\" class=\"wp-caption-text\">La Escuadrilla de la Muerte: Alcides Ghiggia, Juan Edgardo Hohberg, Oscar M\u00edguez, Juan A. Schiaffino y Ernesto Vidal.<\/p><\/div>\n<p style=\"text-align: justify; margin-top: 15px;\">Este equipo logr\u00f3 la Copa Uruguaya, la Copa Competencia y la Copa de Honor, las tres en car\u00e1cter de invicto. Pero a todos los hinchas de Pe\u00f1arol nos marcar\u00e1 porque fue el equipo que <strong>hizo que el rival de todas las horas se niegue a jugar un segundo tiempo para evitar una goleada hist\u00f3rica.<\/strong> Ser\u00e1 recordado por todos cada 9 de Octubre como \u201c<a title=\"El Cl\u00e1sico de la Fuga\" href=\"https:\/\/www.padreydecano.com\/cms\/historias-clasicas\/clasico-de-la-fuga\/\" target=\"_blank\">El Cl\u00e1sico de la Fuga<\/a>\u201d.<\/p>\n<p style=\"text-align: justify;\">La d\u00e9cada cierra con <a title=\"Pe\u00f1arol protagonista del Maracanazo\" href=\"https:\/\/www.padreydecano.com\/cms\/el-baul-de-los-recuerdos\/penarol-protagonista-del-maracanazo\/\" target=\"_blank\">Uruguay Campe\u00f3n del Mundo en 1950<\/a> contra Brasil en el mism\u00edsimo Maracan\u00e1. La base de este triunfo hist\u00f3rico est\u00e1 constituida por 9 piezas fundamentales pertenecientes al Club Atl\u00e9tico Pe\u00f1arol. Esta victoria fue el triunfo m\u00e1s importante de la Selecci\u00f3n Uruguaya y fue gracias al aporte de Pe\u00f1arol con sus jugadores y su ideolog\u00edas porque esa final se gan\u00f3 \u201cA lo Pe\u00f1arol\u201d.<\/p>\n<p style=\"text-align: justify;\"><span style=\"color: #ffcc02;\"><strong>Copas Ganadas en la d\u00e9cada 1941-1950:<\/strong><\/span><\/p>\n<ul>\n<li>Copa Uruguaya AUF: 1944, 1945, 1949.<\/li>\n<li>Copa R\u00edo de la Plata &#8211; Dr. Ricardo Aldao: 1940, 1942, 1946.<\/li>\n<li>Campeonato Competencia: 1941, 1943, 1946, 1947, 1949.<\/li>\n<li>Campeonato de Honor: 1944, 1945, 1949, 1950.<\/li>\n<\/ul>\n<p><span style=\"color: #ffcc02;\"><strong>Otras Copas o Torneos Amistosos:<br \/>\n<\/strong><\/span><\/p>\n<ul>\n<li>Copa Bodas de Oro: 1941.<\/li>\n<li>Copa Cto. Triangular Capoulic\u00e1n: 1943.<\/li>\n<li>Copa Escobar-Gerona: 1943.<\/li>\n<li>Copa Ministerio de RREE 1942.<\/li>\n<li>Copa Pablo Perazzo: 1944.<\/li>\n<li>Copa Massuti y Mart\u00ednez: 1944.<\/li>\n<li>Copa Ra\u00fal y Alfredo Montans: 1944.<\/li>\n<\/ul>\n","protected":false},"excerpt":{"rendered":"<p>En 1941 se celebraron grandes fiestas en el cincuentenario del Club, 50 a\u00f1os de intensa y generosa gesti\u00f3n deportiva y social. Cincuenta a\u00f1os que consagran definitivamente un ideal deportivo y un destino popular. Pe\u00f1arol coloc\u00f3 una hermosa estela de granito y bronce con la contribuci\u00f3n del Arq. Scasso y el escultor Pena en la plazuela [&hellip;]<\/p>\n","protected":false},"author":2,"featured_media":0,"parent":64,"menu_order":6,"comment_status":"closed","ping_status":"closed","template":"","meta":{"footnotes":""},"yoast_head":"<!-- This site is optimized with the Yoast SEO plugin v23.2 - https:\/\/yoast.com\/wordpress\/plugins\/seo\/ -->\n<title>1941-1950 - Padre y Decano - El Sitio del Pueblo<\/title>\n<meta name=\"robots\" content=\"index, follow, max-snippet:-1, max-image-preview:large, max-video-preview:-1\" \/>\n<link rel=\"canonical\" href=\"https:\/\/www.padreydecano.com\/cms\/historia-oficial\/1941-1950\/\" \/>\n<meta property=\"og:locale\" content=\"es_ES\" \/>\n<meta property=\"og:type\" content=\"article\" \/>\n<meta property=\"og:title\" content=\"1941-1950 - Padre y Decano - El Sitio del Pueblo\" \/>\n<meta property=\"og:description\" content=\"En 1941 se celebraron grandes fiestas en el cincuentenario del Club, 50 a\u00f1os de intensa y generosa gesti\u00f3n deportiva y social. Cincuenta a\u00f1os que consagran definitivamente un ideal deportivo y un destino popular. Pe\u00f1arol coloc\u00f3 una hermosa estela de granito y bronce con la contribuci\u00f3n del Arq. Scasso y el escultor Pena en la plazuela [&hellip;]\" \/>\n<meta property=\"og:url\" content=\"https:\/\/www.padreydecano.com\/cms\/historia-oficial\/1941-1950\/\" \/>\n<meta property=\"og:site_name\" content=\"Padre y Decano - El Sitio del Pueblo\" \/>\n<meta property=\"article:modified_time\" content=\"2014-09-27T15:22:14+00:00\" \/>\n<meta property=\"og:image\" content=\"http:\/\/www.padreydecano.com\/cms\/wp-content\/uploads\/2012\/04\/Cincuentenario-de-Pe\u00f1arol.jpg\" \/>\n<meta name=\"twitter:card\" content=\"summary_large_image\" \/>\n<meta name=\"twitter:label1\" content=\"Tiempo de lectura\" \/>\n\t<meta name=\"twitter:data1\" content=\"4 minutos\" \/>\n<script type=\"application\/ld+json\" class=\"yoast-schema-graph\">{\"@context\":\"https:\/\/schema.org\",\"@graph\":[{\"@type\":\"WebPage\",\"@id\":\"https:\/\/www.padreydecano.com\/cms\/historia-oficial\/1941-1950\/\",\"url\":\"https:\/\/www.padreydecano.com\/cms\/historia-oficial\/1941-1950\/\",\"name\":\"1941-1950 - Padre y Decano - El Sitio del Pueblo\",\"isPartOf\":{\"@id\":\"https:\/\/www.padreydecano.com\/cms\/#website\"},\"primaryImageOfPage\":{\"@id\":\"https:\/\/www.padreydecano.com\/cms\/historia-oficial\/1941-1950\/#primaryimage\"},\"image\":{\"@id\":\"https:\/\/www.padreydecano.com\/cms\/historia-oficial\/1941-1950\/#primaryimage\"},\"thumbnailUrl\":\"http:\/\/www.padreydecano.com\/cms\/wp-content\/uploads\/2011\/06\/constante_turturiello.jpg\",\"datePublished\":\"2011-10-10T11:25:28+00:00\",\"dateModified\":\"2014-09-27T15:22:14+00:00\",\"breadcrumb\":{\"@id\":\"https:\/\/www.padreydecano.com\/cms\/historia-oficial\/1941-1950\/#breadcrumb\"},\"inLanguage\":\"es\",\"potentialAction\":[{\"@type\":\"ReadAction\",\"target\":[\"https:\/\/www.padreydecano.com\/cms\/historia-oficial\/1941-1950\/\"]}]},{\"@type\":\"ImageObject\",\"inLanguage\":\"es\",\"@id\":\"https:\/\/www.padreydecano.com\/cms\/historia-oficial\/1941-1950\/#primaryimage\",\"url\":\"http:\/\/www.padreydecano.com\/cms\/wp-content\/uploads\/2011\/06\/constante_turturiello.jpg\",\"contentUrl\":\"http:\/\/www.padreydecano.com\/cms\/wp-content\/uploads\/2011\/06\/constante_turturiello.jpg\"},{\"@type\":\"BreadcrumbList\",\"@id\":\"https:\/\/www.padreydecano.com\/cms\/historia-oficial\/1941-1950\/#breadcrumb\",\"itemListElement\":[{\"@type\":\"ListItem\",\"position\":1,\"name\":\"Portada\",\"item\":\"https:\/\/www.padreydecano.com\/cms\/\"},{\"@type\":\"ListItem\",\"position\":2,\"name\":\"Historia Oficial\",\"item\":\"https:\/\/www.padreydecano.com\/cms\/historia-oficial\/\"},{\"@type\":\"ListItem\",\"position\":3,\"name\":\"1941-1950\"}]},{\"@type\":\"WebSite\",\"@id\":\"https:\/\/www.padreydecano.com\/cms\/#website\",\"url\":\"https:\/\/www.padreydecano.com\/cms\/\",\"name\":\"Padre y Decano - El Sitio del Pueblo\",\"description\":\"Club Atl\u00e9tico Pe\u00f1arol\",\"publisher\":{\"@id\":\"https:\/\/www.padreydecano.com\/cms\/#organization\"},\"potentialAction\":[{\"@type\":\"SearchAction\",\"target\":{\"@type\":\"EntryPoint\",\"urlTemplate\":\"https:\/\/www.padreydecano.com\/cms\/?s={search_term_string}\"},\"query-input\":\"required name=search_term_string\"}],\"inLanguage\":\"es\"},{\"@type\":\"Organization\",\"@id\":\"https:\/\/www.padreydecano.com\/cms\/#organization\",\"name\":\"Padre y Decano\",\"url\":\"https:\/\/www.padreydecano.com\/cms\/\",\"logo\":{\"@type\":\"ImageObject\",\"inLanguage\":\"es\",\"@id\":\"https:\/\/www.padreydecano.com\/cms\/#\/schema\/logo\/image\/\",\"url\":\"https:\/\/www.padreydecano.com\/cms\/wp-content\/uploads\/2022\/01\/avatar-square.png\",\"contentUrl\":\"https:\/\/www.padreydecano.com\/cms\/wp-content\/uploads\/2022\/01\/avatar-square.png\",\"width\":1500,\"height\":1500,\"caption\":\"Padre y Decano\"},\"image\":{\"@id\":\"https:\/\/www.padreydecano.com\/cms\/#\/schema\/logo\/image\/\"}}]}<\/script>\n<!-- \/ Yoast SEO plugin. -->","yoast_head_json":{"title":"1941-1950 - Padre y Decano - El Sitio del Pueblo","robots":{"index":"index","follow":"follow","max-snippet":"max-snippet:-1","max-image-preview":"max-image-preview:large","max-video-preview":"max-video-preview:-1"},"canonical":"https:\/\/www.padreydecano.com\/cms\/historia-oficial\/1941-1950\/","og_locale":"es_ES","og_type":"article","og_title":"1941-1950 - Padre y Decano - El Sitio del Pueblo","og_description":"En 1941 se celebraron grandes fiestas en el cincuentenario del Club, 50 a\u00f1os de intensa y generosa gesti\u00f3n deportiva y social. Cincuenta a\u00f1os que consagran definitivamente un ideal deportivo y un destino popular. Pe\u00f1arol coloc\u00f3 una hermosa estela de granito y bronce con la contribuci\u00f3n del Arq. Scasso y el escultor Pena en la plazuela [&hellip;]","og_url":"https:\/\/www.padreydecano.com\/cms\/historia-oficial\/1941-1950\/","og_site_name":"Padre y Decano - El Sitio del Pueblo","article_modified_time":"2014-09-27T15:22:14+00:00","og_image":[{"url":"http:\/\/www.padreydecano.com\/cms\/wp-content\/uploads\/2012\/04\/Cincuentenario-de-Pe\u00f1arol.jpg"}],"twitter_card":"summary_large_image","twitter_misc":{"Tiempo de lectura":"4 minutos"},"schema":{"@context":"https:\/\/schema.org","@graph":[{"@type":"WebPage","@id":"https:\/\/www.padreydecano.com\/cms\/historia-oficial\/1941-1950\/","url":"https:\/\/www.padreydecano.com\/cms\/historia-oficial\/1941-1950\/","name":"1941-1950 - Padre y Decano - El Sitio del Pueblo","isPartOf":{"@id":"https:\/\/www.padreydecano.com\/cms\/#website"},"primaryImageOfPage":{"@id":"https:\/\/www.padreydecano.com\/cms\/historia-oficial\/1941-1950\/#primaryimage"},"image":{"@id":"https:\/\/www.padreydecano.com\/cms\/historia-oficial\/1941-1950\/#primaryimage"},"thumbnailUrl":"http:\/\/www.padreydecano.com\/cms\/wp-content\/uploads\/2011\/06\/constante_turturiello.jpg","datePublished":"2011-10-10T11:25:28+00:00","dateModified":"2014-09-27T15:22:14+00:00","breadcrumb":{"@id":"https:\/\/www.padreydecano.com\/cms\/historia-oficial\/1941-1950\/#breadcrumb"},"inLanguage":"es","potentialAction":[{"@type":"ReadAction","target":["https:\/\/www.padreydecano.com\/cms\/historia-oficial\/1941-1950\/"]}]},{"@type":"ImageObject","inLanguage":"es","@id":"https:\/\/www.padreydecano.com\/cms\/historia-oficial\/1941-1950\/#primaryimage","url":"http:\/\/www.padreydecano.com\/cms\/wp-content\/uploads\/2011\/06\/constante_turturiello.jpg","contentUrl":"http:\/\/www.padreydecano.com\/cms\/wp-content\/uploads\/2011\/06\/constante_turturiello.jpg"},{"@type":"BreadcrumbList","@id":"https:\/\/www.padreydecano.com\/cms\/historia-oficial\/1941-1950\/#breadcrumb","itemListElement":[{"@type":"ListItem","position":1,"name":"Portada","item":"https:\/\/www.padreydecano.com\/cms\/"},{"@type":"ListItem","position":2,"name":"Historia Oficial","item":"https:\/\/www.padreydecano.com\/cms\/historia-oficial\/"},{"@type":"ListItem","position":3,"name":"1941-1950"}]},{"@type":"WebSite","@id":"https:\/\/www.padreydecano.com\/cms\/#website","url":"https:\/\/www.padreydecano.com\/cms\/","name":"Padre y Decano - El Sitio del Pueblo","description":"Club Atl\u00e9tico Pe\u00f1arol","publisher":{"@id":"https:\/\/www.padreydecano.com\/cms\/#organization"},"potentialAction":[{"@type":"SearchAction","target":{"@type":"EntryPoint","urlTemplate":"https:\/\/www.padreydecano.com\/cms\/?s={search_term_string}"},"query-input":"required name=search_term_string"}],"inLanguage":"es"},{"@type":"Organization","@id":"https:\/\/www.padreydecano.com\/cms\/#organization","name":"Padre y Decano","url":"https:\/\/www.padreydecano.com\/cms\/","logo":{"@type":"ImageObject","inLanguage":"es","@id":"https:\/\/www.padreydecano.com\/cms\/#\/schema\/logo\/image\/","url":"https:\/\/www.padreydecano.com\/cms\/wp-content\/uploads\/2022\/01\/avatar-square.png","contentUrl":"https:\/\/www.padreydecano.com\/cms\/wp-content\/uploads\/2022\/01\/avatar-square.png","width":1500,"height":1500,"caption":"Padre y Decano"},"image":{"@id":"https:\/\/www.padreydecano.com\/cms\/#\/schema\/logo\/image\/"}}]}},"_links":{"self":[{"href":"https:\/\/www.padreydecano.com\/cms\/wp-json\/wp\/v2\/pages\/5430"}],"collection":[{"href":"https:\/\/www.padreydecano.com\/cms\/wp-json\/wp\/v2\/pages"}],"about":[{"href":"https:\/\/www.padreydecano.com\/cms\/wp-json\/wp\/v2\/types\/page"}],"author":[{"embeddable":true,"href":"https:\/\/www.padreydecano.com\/cms\/wp-json\/wp\/v2\/users\/2"}],"replies":[{"embeddable":true,"href":"https:\/\/www.padreydecano.com\/cms\/wp-json\/wp\/v2\/comments?post=5430"}],"version-history":[{"count":0,"href":"https:\/\/www.padreydecano.com\/cms\/wp-json\/wp\/v2\/pages\/5430\/revisions"}],"up":[{"embeddable":true,"href":"https:\/\/www.padreydecano.com\/cms\/wp-json\/wp\/v2\/pages\/64"}],"wp:attachment":[{"href":"https:\/\/www.padreydecano.com\/cms\/wp-json\/wp\/v2\/media?parent=5430"}],"curies":[{"name":"wp","href":"https:\/\/api.w.org\/{rel}","templated":true}]}}