{"id":5426,"date":"2011-10-10T09:24:47","date_gmt":"2011-10-10T11:24:47","guid":{"rendered":"http:\/\/www.padreydecano.com\/cms\/?page_id=5426"},"modified":"2014-09-27T12:22:52","modified_gmt":"2014-09-27T15:22:52","slug":"1921-1930","status":"publish","type":"page","link":"https:\/\/www.padreydecano.com\/cms\/historia-oficial\/1921-1930\/","title":{"rendered":"1921-1930"},"content":{"rendered":"<div id=\"attachment_31888\" style=\"width: 310px\" class=\"wp-caption alignright\"><a href=\"https:\/\/www.padreydecano.com\/cms\/wp-content\/uploads\/2011\/10\/bannercancha3-Copiar.jpg\" rel=\"shadowbox[sbpost-5426];player=img;\"><img loading=\"lazy\" decoding=\"async\" aria-describedby=\"caption-attachment-31888\" class=\"size-medium wp-image-31888\" src=\"https:\/\/www.padreydecano.com\/cms\/wp-content\/uploads\/2011\/10\/bannercancha3-Copiar-300x174.jpg\" alt=\"\" width=\"300\" height=\"174\" srcset=\"https:\/\/www.padreydecano.com\/cms\/wp-content\/uploads\/2011\/10\/bannercancha3-Copiar-300x174.jpg 300w, https:\/\/www.padreydecano.com\/cms\/wp-content\/uploads\/2011\/10\/bannercancha3-Copiar.jpg 720w\" sizes=\"(max-width: 300px) 100vw, 300px\" \/><\/a><p id=\"caption-attachment-31888\" class=\"wp-caption-text\">Cancha de Pocitos<\/p><\/div>\n<p style=\"text-align: justify;\">La d\u00e9cada comienza con la <strong>obtenci\u00f3n de la Copa Uruguaya y el estreno de la cancha de Pocitos.<\/strong> El 6 de Noviembre de 1921 se inaugura el escenario en un partido jugado frente a River Plate de Argentina, el cual termina empatado 1 a 1. El dato m\u00e1s importante es que en esta cancha <strong>Pe\u00f1arol nunca perdi\u00f3 un cl\u00e1sico.<\/strong><\/p>\n<p style=\"text-align: justify;\">Quiz\u00e1 la cancha de la Estaci\u00f3n Pocitos fue de las m\u00e1s representativas para Pe\u00f1arol, porque all\u00ed se cre\u00f3 un formidable mito, en virtud del cual, Pe\u00f1arol cuando se lo propon\u00eda pod\u00eda ganar los partidos en los \u00faltimos minutos. Mito que muchas veces fue realidad y que hasta el d\u00eda de hoy lleva impuesta la camiseta carbonera en cualquier cancha.<\/p>\n<p style=\"text-align: justify;\"><strong>En 1922 se genera el cisma del f\u00fatbol uruguayo cuando la AUF desafilia a Pe\u00f1arol y a Central.<\/strong> Durante a\u00f1os se estaba dando por parte de la Asociaci\u00f3n una pol\u00edtica de hostigamiento contra Pe\u00f1arol. Cambios de resultados de partidos y violaciones a las reglas del Fair Play fueron los motivos para el mal relacionamiento del Club con la Asociaci\u00f3n. El desenlace de la desafiliaci\u00f3n se da luego de que <strong>Pe\u00f1arol acepta jugar un amistoso en Argentina contra Racing Club de Avellaneda<\/strong>.<\/p>\n<p style=\"text-align: justify;\">Los problemas del f\u00fatbol argentino se trasladan a Uruguay y llevan a que la Asociaci\u00f3n no permita jugar contra equipos que sean parte de La Asociaci\u00f3n Amateur de Football. En esta Asociaci\u00f3n participaban varios de los clubes m\u00e1s populares de Argentina como son River Plate, Racing, Independiente, Estudiantes, Gimnasia y Esgrima y San Lorenzo, entre otros. A pesar de la advertencia, Pe\u00f1arol prefiri\u00f3 no dejar de lado la amistad institucional que reinaba con Racing, y acept\u00f3 jugar un amistoso en Buenos Aires. Central hizo lo mismo y acept\u00f3 jugar un amistoso con Independiente de Avellaneda.<\/p>\n<p style=\"text-align: justify;\">Por este motivo<strong> el 12 de Noviembre de 1922 Pe\u00f1arol y Central son desafiliados de la Asociaci\u00f3n cuando Pe\u00f1arol iba primero con tres puntos de ventaja a falta de 6 fechas.<\/strong> Muchos pensaron que pod\u00eda ser el fin de Pe\u00f1arol pero nunca dej\u00f3 de contar con<strong> el apoyo de su hinchada<\/strong> y la instituci\u00f3n se hizo m\u00e1s fuerte que nunca. <strong>Pe\u00f1arol estar\u00eda ausente de la Asociaci\u00f3n, desde el 12 de noviembre de 1922 hasta el 9 de octubre de 1925<\/strong>, Asociaci\u00f3n que fue fundada por Pe\u00f1arol, en ese entonces CURCC.<\/p>\n<p style=\"text-align: justify;\">Al a\u00f1o siguiente para seguir compitiendo, <strong>Pe\u00f1arol, Central y otros equipos que integraban la Asociaci\u00f3n fundan la Federaci\u00f3n Uruguaya de Football.<\/strong> Esta Federaci\u00f3n en el a\u00f1o 1923 cont\u00f3 con 32 clubes y en 1924 con 50 clubes, movilizando unos 1.500 jugadores. <strong>Pe\u00f1arol logr\u00f3 la Copa de la Federaci\u00f3n Uruguaya de F\u00fatbol en el a\u00f1o 1924.<\/strong><\/p>\n<p style=\"text-align: justify;\">En el a\u00f1o 1925 se unific\u00f3 el f\u00fatbol y se fusionan la Asociaci\u00f3n y la Federaci\u00f3n debido al laudo dictado por el presidente de la Rep\u00fablica, el Ing. Jos\u00e9 Serrato. Se crea una nueva autoridad, <strong>el Consejo Provisorio,<\/strong> durante un a\u00f1o, mientras se arma la Nueva Asociaci\u00f3n Uruguaya de Football.<\/p>\n<p style=\"text-align: justify;\"><a href=\"https:\/\/www.padreydecano.com\/cms\/wp-content\/uploads\/2012\/07\/1926-Piendibene.jpg\" rel=\"shadowbox[sbpost-5426];player=img;\"><img loading=\"lazy\" decoding=\"async\" class=\"alignleft  wp-image-26242\" src=\"https:\/\/www.padreydecano.com\/cms\/wp-content\/uploads\/2012\/07\/1926-Piendibene-300x220.jpg\" alt=\"\" width=\"240\" height=\"176\" srcset=\"https:\/\/www.padreydecano.com\/cms\/wp-content\/uploads\/2012\/07\/1926-Piendibene-300x220.jpg 300w, https:\/\/www.padreydecano.com\/cms\/wp-content\/uploads\/2012\/07\/1926-Piendibene.jpg 500w\" sizes=\"(max-width: 240px) 100vw, 240px\" \/><\/a>El primer campeonato uruguayo despu\u00e9s del laudo, fue ganado por Pe\u00f1arol en 1926, adjudic\u00e1ndose <strong>la Copa Consejo Provisorio<\/strong>. Dicho campeonato se disput\u00f3 como una competencia abierta de los clubes de las divisiones superiores de la Federaci\u00f3n y Asociaci\u00f3n, para integrar definitivamente la primera divisi\u00f3n. Esto abr\u00eda las puertas para que todas las instituciones conquistaran su posici\u00f3n en funci\u00f3n del merecimiento deportivo. Adem\u00e1s, en dicho a\u00f1o Piendibene le anot\u00f3 <a title=\"Piendibene vence al \u201cDivino\u201d Zamora\" href=\"https:\/\/www.padreydecano.com\/cms\/el-baul-de-los-recuerdos\/piendibene-vence-al-divino-zamora\/\" target=\"_blank\">el famoso gol al imbatible Zamora <\/a>en el Parque Central.<\/p>\n<p style=\"text-align: justify;\"><strong>Pe\u00f1arol cierra la d\u00e9cada ganando los \u00faltimos campeonatos jugados<\/strong>, tanto en 1928 como en 1929. El 7 de octubre de 1928, despu\u00e9s de defender por m\u00e1s de 20 a\u00f1os nuestra camiseta, <strong>jug\u00f3 su \u00faltimo partido <a title=\"Jos\u00e9 Antonio el \u201cMaestro\u201d Piendibene\" href=\"https:\/\/www.padreydecano.com\/cms\/idolos\/jose-antonio-el-maestro-piendibene\/\" target=\"_blank\">Jos\u00e9 Piendibene<\/a><\/strong>.<\/p>\n<p style=\"text-align: justify;\">En 1930 no se jug\u00f3 la Copa Uruguaya por realizarse la Copa del Mundo en nuestro pa\u00eds, pero se culmin\u00f3 obteniendo la Copa Uruguaya de 1929 que fue la m\u00e1s larga de la historia (comenz\u00f3 en mayo de 1929 y culmin\u00f3 en diciembre de 1930). El primer partido por la Copa del Mundo se jug\u00f3 en nuestro Estadio de los Pocitos, donde se convirti\u00f3 el primer gol en la historia de los mundiales. Fue el franc\u00e9s Laurent a los 19 minutos de juego, en la categ\u00f3rica victoria 4 a 1 ante M\u00e9xico. Finalmente, la Selecci\u00f3n Uruguaya se qued\u00f3 con el t\u00edtulo.<\/p>\n<div id=\"attachment_31890\" style=\"width: 586px\" class=\"wp-caption aligncenter\"><a href=\"https:\/\/www.padreydecano.com\/cms\/wp-content\/uploads\/2011\/10\/1928.jpg\" rel=\"shadowbox[sbpost-5426];player=img;\"><img loading=\"lazy\" decoding=\"async\" aria-describedby=\"caption-attachment-31890\" class=\" wp-image-31890\" src=\"https:\/\/www.padreydecano.com\/cms\/wp-content\/uploads\/2011\/10\/1928.jpg\" alt=\"\" width=\"576\" height=\"347\" srcset=\"https:\/\/www.padreydecano.com\/cms\/wp-content\/uploads\/2011\/10\/1928.jpg 800w, https:\/\/www.padreydecano.com\/cms\/wp-content\/uploads\/2011\/10\/1928-300x180.jpg 300w\" sizes=\"(max-width: 576px) 100vw, 576px\" \/><\/a><p id=\"caption-attachment-31890\" class=\"wp-caption-text\">Pe\u00f1arol Campe\u00f3n en 1928: Estivez, Benincasa, Riolfo, D\u2019Agosto, L. Fern\u00e1ndez, Gestido, R. F\u00edgoli, L. P\u00e9rez, Sacco, Piendibene, Anselmo y Campolo.<\/p><\/div>\n<p style=\"text-align: justify; margin-top: 15px;\"><span style=\"color: #ffcc02;\"><strong>Copas ganadas en la d\u00e9cada 1921-1930:<\/strong><\/span><\/p>\n<ul>\n<li>Copa Uruguaya AUF: 1921, 1928, 1929.<\/li>\n<li>Copa Uruguaya FUF: 1924.<\/li>\n<li>Copa Uruguaya Consejo Provisorio: 1926<\/li>\n<\/ul>\n<p style=\"text-align: justify;\"><span style=\"color: #ffcc02;\"><strong>Otras Copas o Torneos Amistosos:<\/strong><\/span><\/p>\n<ul>\n<li>Copa Club Espa\u00f1ol: <a title=\"Piendibene vence al \u201cDivino\u201d Zamora\" href=\"https:\/\/www.padreydecano.com\/cms\/el-baul-de-los-recuerdos\/piendibene-vence-al-divino-zamora\/\" target=\"_blank\">1926.<\/a><\/li>\n<li>Copa Intendencia de Buenos Aires: 1921.<\/li>\n<li>Copa Albion: 1921.<\/li>\n<li>Copa Baltasar Brum: 1921, 1922.<\/li>\n<li>Copa Consejo Departamental de San Jos\u00e9: 1921.<\/li>\n<li>Copa Ricardo Medina: 1922.<\/li>\n<li>Copa Francisco Ferraro: 1922.<\/li>\n<li>Copa Ernesto Barros Jarpa: 1922.<\/li>\n<li>Copa Intendente Municipal de Buenos Aires: 1922.<\/li>\n<li>Copa Municipio de Avellaneda: 1922, 1924.<\/li>\n<li>Copa Diario Cr\u00f3nica: 1922.<\/li>\n<li>Copa Straumann: 1923.<\/li>\n<li>Copa Pro C\u00e1rceles: 1923.<\/li>\n<li>Copa Chery-Medina-P\u00e9rez: 1923.<\/li>\n<li>Copa Beisso: 1923.<\/li>\n<li>Copa Senado de la Provincia de Buenos Aires: 1924.<\/li>\n<li>Copa Residentes Uruguayos en C\u00f3rdoba: 1924.<\/li>\n<li>Copa Jos\u00e9 Rovira: 1924.<\/li>\n<li>Copa Jos\u00e9 Massone: 1925.<\/li>\n<li>Copa Guillermo Davies: 1925.<\/li>\n<li>Copa Alem: 1925.<\/li>\n<li>Copa B\u00f3rmida: 1925.<\/li>\n<li>Copa Florence: 1925.<\/li>\n<li>Copa Imparcial: 1925, 1926.<\/li>\n<li>Copa C\u00edrculo de Prensa: 1925.<\/li>\n<li>Copa La Novela Semanal: 1926.<\/li>\n<li>Copa El Suplemento: 1926.<\/li>\n<li>Copa Comit\u00e9 Patri\u00f3tico: 1926.<\/li>\n<li>Copa Sisley: 1926.<\/li>\n<li>Copa Vitaca: 1926.<\/li>\n<li>Copa Adm. De Campos de Sport de Nu\u00f1oa: 1926.<\/li>\n<li>Copa Club Atl\u00e9tico Pe\u00f1arol: 1926.<\/li>\n<li>Copa Pe\u00f1arol &#8211; Valpara\u00edso: 1926.<\/li>\n<li>Copa Cristal de Roca: 1927.<\/li>\n<li>Copa Einstrach: 1927.<\/li>\n<li>Copa Papel Job: 1927.<\/li>\n<li>Copa Stars: 1927.<\/li>\n<li>Copa Ministerio Salud P\u00fablica: 1927.<\/li>\n<li>Copa Ricardo Pittaluga: 1927.<\/li>\n<li>Copa Myrurgia: 1928.<\/li>\n<li>Copa Inocencio Chains: 1929.<\/li>\n<li>Copa Casa Petit Versailles: 1929.<\/li>\n<li>Copa Jos\u00e9 Piendibene: 1929.<\/li>\n<li>Copa Centenario de Las Piedras: 1930.<\/li>\n<\/ul>\n","protected":false},"excerpt":{"rendered":"<p>La d\u00e9cada comienza con la obtenci\u00f3n de la Copa Uruguaya y el estreno de la cancha de Pocitos. El 6 de Noviembre de 1921 se inaugura el escenario en un partido jugado frente a River Plate de Argentina, el cual termina empatado 1 a 1. El dato m\u00e1s importante es que en esta cancha Pe\u00f1arol [&hellip;]<\/p>\n","protected":false},"author":2,"featured_media":0,"parent":64,"menu_order":4,"comment_status":"closed","ping_status":"closed","template":"","meta":{"footnotes":""},"yoast_head":"<!-- This site is optimized with the Yoast SEO plugin v23.2 - https:\/\/yoast.com\/wordpress\/plugins\/seo\/ -->\n<title>1921-1930 - Padre y Decano - El Sitio del Pueblo<\/title>\n<meta name=\"robots\" content=\"index, follow, max-snippet:-1, max-image-preview:large, max-video-preview:-1\" \/>\n<link rel=\"canonical\" href=\"https:\/\/www.padreydecano.com\/cms\/historia-oficial\/1921-1930\/\" \/>\n<meta property=\"og:locale\" content=\"es_ES\" \/>\n<meta property=\"og:type\" content=\"article\" \/>\n<meta property=\"og:title\" content=\"1921-1930 - Padre y Decano - El Sitio del Pueblo\" \/>\n<meta property=\"og:description\" content=\"La d\u00e9cada comienza con la obtenci\u00f3n de la Copa Uruguaya y el estreno de la cancha de Pocitos. El 6 de Noviembre de 1921 se inaugura el escenario en un partido jugado frente a River Plate de Argentina, el cual termina empatado 1 a 1. El dato m\u00e1s importante es que en esta cancha Pe\u00f1arol [&hellip;]\" \/>\n<meta property=\"og:url\" content=\"https:\/\/www.padreydecano.com\/cms\/historia-oficial\/1921-1930\/\" \/>\n<meta property=\"og:site_name\" content=\"Padre y Decano - El Sitio del Pueblo\" \/>\n<meta property=\"article:modified_time\" content=\"2014-09-27T15:22:52+00:00\" \/>\n<meta property=\"og:image\" content=\"http:\/\/www.padreydecano.com\/cms\/wp-content\/uploads\/2011\/10\/bannercancha3-Copiar-300x174.jpg\" \/>\n<meta name=\"twitter:card\" content=\"summary_large_image\" \/>\n<meta name=\"twitter:label1\" content=\"Tiempo de lectura\" \/>\n\t<meta name=\"twitter:data1\" content=\"5 minutos\" \/>\n<script type=\"application\/ld+json\" class=\"yoast-schema-graph\">{\"@context\":\"https:\/\/schema.org\",\"@graph\":[{\"@type\":\"WebPage\",\"@id\":\"https:\/\/www.padreydecano.com\/cms\/historia-oficial\/1921-1930\/\",\"url\":\"https:\/\/www.padreydecano.com\/cms\/historia-oficial\/1921-1930\/\",\"name\":\"1921-1930 - Padre y Decano - El Sitio del Pueblo\",\"isPartOf\":{\"@id\":\"https:\/\/www.padreydecano.com\/cms\/#website\"},\"primaryImageOfPage\":{\"@id\":\"https:\/\/www.padreydecano.com\/cms\/historia-oficial\/1921-1930\/#primaryimage\"},\"image\":{\"@id\":\"https:\/\/www.padreydecano.com\/cms\/historia-oficial\/1921-1930\/#primaryimage\"},\"thumbnailUrl\":\"http:\/\/www.padreydecano.com\/cms\/wp-content\/uploads\/2011\/10\/bannercancha3-Copiar-300x174.jpg\",\"datePublished\":\"2011-10-10T11:24:47+00:00\",\"dateModified\":\"2014-09-27T15:22:52+00:00\",\"breadcrumb\":{\"@id\":\"https:\/\/www.padreydecano.com\/cms\/historia-oficial\/1921-1930\/#breadcrumb\"},\"inLanguage\":\"es\",\"potentialAction\":[{\"@type\":\"ReadAction\",\"target\":[\"https:\/\/www.padreydecano.com\/cms\/historia-oficial\/1921-1930\/\"]}]},{\"@type\":\"ImageObject\",\"inLanguage\":\"es\",\"@id\":\"https:\/\/www.padreydecano.com\/cms\/historia-oficial\/1921-1930\/#primaryimage\",\"url\":\"http:\/\/www.padreydecano.com\/cms\/wp-content\/uploads\/2011\/10\/bannercancha3-Copiar-300x174.jpg\",\"contentUrl\":\"http:\/\/www.padreydecano.com\/cms\/wp-content\/uploads\/2011\/10\/bannercancha3-Copiar-300x174.jpg\"},{\"@type\":\"BreadcrumbList\",\"@id\":\"https:\/\/www.padreydecano.com\/cms\/historia-oficial\/1921-1930\/#breadcrumb\",\"itemListElement\":[{\"@type\":\"ListItem\",\"position\":1,\"name\":\"Portada\",\"item\":\"https:\/\/www.padreydecano.com\/cms\/\"},{\"@type\":\"ListItem\",\"position\":2,\"name\":\"Historia Oficial\",\"item\":\"https:\/\/www.padreydecano.com\/cms\/historia-oficial\/\"},{\"@type\":\"ListItem\",\"position\":3,\"name\":\"1921-1930\"}]},{\"@type\":\"WebSite\",\"@id\":\"https:\/\/www.padreydecano.com\/cms\/#website\",\"url\":\"https:\/\/www.padreydecano.com\/cms\/\",\"name\":\"Padre y Decano - El Sitio del Pueblo\",\"description\":\"Club Atl\u00e9tico Pe\u00f1arol\",\"publisher\":{\"@id\":\"https:\/\/www.padreydecano.com\/cms\/#organization\"},\"potentialAction\":[{\"@type\":\"SearchAction\",\"target\":{\"@type\":\"EntryPoint\",\"urlTemplate\":\"https:\/\/www.padreydecano.com\/cms\/?s={search_term_string}\"},\"query-input\":\"required name=search_term_string\"}],\"inLanguage\":\"es\"},{\"@type\":\"Organization\",\"@id\":\"https:\/\/www.padreydecano.com\/cms\/#organization\",\"name\":\"Padre y Decano\",\"url\":\"https:\/\/www.padreydecano.com\/cms\/\",\"logo\":{\"@type\":\"ImageObject\",\"inLanguage\":\"es\",\"@id\":\"https:\/\/www.padreydecano.com\/cms\/#\/schema\/logo\/image\/\",\"url\":\"https:\/\/www.padreydecano.com\/cms\/wp-content\/uploads\/2022\/01\/avatar-square.png\",\"contentUrl\":\"https:\/\/www.padreydecano.com\/cms\/wp-content\/uploads\/2022\/01\/avatar-square.png\",\"width\":1500,\"height\":1500,\"caption\":\"Padre y Decano\"},\"image\":{\"@id\":\"https:\/\/www.padreydecano.com\/cms\/#\/schema\/logo\/image\/\"}}]}<\/script>\n<!-- \/ Yoast SEO plugin. -->","yoast_head_json":{"title":"1921-1930 - Padre y Decano - El Sitio del Pueblo","robots":{"index":"index","follow":"follow","max-snippet":"max-snippet:-1","max-image-preview":"max-image-preview:large","max-video-preview":"max-video-preview:-1"},"canonical":"https:\/\/www.padreydecano.com\/cms\/historia-oficial\/1921-1930\/","og_locale":"es_ES","og_type":"article","og_title":"1921-1930 - Padre y Decano - El Sitio del Pueblo","og_description":"La d\u00e9cada comienza con la obtenci\u00f3n de la Copa Uruguaya y el estreno de la cancha de Pocitos. El 6 de Noviembre de 1921 se inaugura el escenario en un partido jugado frente a River Plate de Argentina, el cual termina empatado 1 a 1. El dato m\u00e1s importante es que en esta cancha Pe\u00f1arol [&hellip;]","og_url":"https:\/\/www.padreydecano.com\/cms\/historia-oficial\/1921-1930\/","og_site_name":"Padre y Decano - El Sitio del Pueblo","article_modified_time":"2014-09-27T15:22:52+00:00","og_image":[{"url":"http:\/\/www.padreydecano.com\/cms\/wp-content\/uploads\/2011\/10\/bannercancha3-Copiar-300x174.jpg"}],"twitter_card":"summary_large_image","twitter_misc":{"Tiempo de lectura":"5 minutos"},"schema":{"@context":"https:\/\/schema.org","@graph":[{"@type":"WebPage","@id":"https:\/\/www.padreydecano.com\/cms\/historia-oficial\/1921-1930\/","url":"https:\/\/www.padreydecano.com\/cms\/historia-oficial\/1921-1930\/","name":"1921-1930 - Padre y Decano - El Sitio del Pueblo","isPartOf":{"@id":"https:\/\/www.padreydecano.com\/cms\/#website"},"primaryImageOfPage":{"@id":"https:\/\/www.padreydecano.com\/cms\/historia-oficial\/1921-1930\/#primaryimage"},"image":{"@id":"https:\/\/www.padreydecano.com\/cms\/historia-oficial\/1921-1930\/#primaryimage"},"thumbnailUrl":"http:\/\/www.padreydecano.com\/cms\/wp-content\/uploads\/2011\/10\/bannercancha3-Copiar-300x174.jpg","datePublished":"2011-10-10T11:24:47+00:00","dateModified":"2014-09-27T15:22:52+00:00","breadcrumb":{"@id":"https:\/\/www.padreydecano.com\/cms\/historia-oficial\/1921-1930\/#breadcrumb"},"inLanguage":"es","potentialAction":[{"@type":"ReadAction","target":["https:\/\/www.padreydecano.com\/cms\/historia-oficial\/1921-1930\/"]}]},{"@type":"ImageObject","inLanguage":"es","@id":"https:\/\/www.padreydecano.com\/cms\/historia-oficial\/1921-1930\/#primaryimage","url":"http:\/\/www.padreydecano.com\/cms\/wp-content\/uploads\/2011\/10\/bannercancha3-Copiar-300x174.jpg","contentUrl":"http:\/\/www.padreydecano.com\/cms\/wp-content\/uploads\/2011\/10\/bannercancha3-Copiar-300x174.jpg"},{"@type":"BreadcrumbList","@id":"https:\/\/www.padreydecano.com\/cms\/historia-oficial\/1921-1930\/#breadcrumb","itemListElement":[{"@type":"ListItem","position":1,"name":"Portada","item":"https:\/\/www.padreydecano.com\/cms\/"},{"@type":"ListItem","position":2,"name":"Historia Oficial","item":"https:\/\/www.padreydecano.com\/cms\/historia-oficial\/"},{"@type":"ListItem","position":3,"name":"1921-1930"}]},{"@type":"WebSite","@id":"https:\/\/www.padreydecano.com\/cms\/#website","url":"https:\/\/www.padreydecano.com\/cms\/","name":"Padre y Decano - El Sitio del Pueblo","description":"Club Atl\u00e9tico Pe\u00f1arol","publisher":{"@id":"https:\/\/www.padreydecano.com\/cms\/#organization"},"potentialAction":[{"@type":"SearchAction","target":{"@type":"EntryPoint","urlTemplate":"https:\/\/www.padreydecano.com\/cms\/?s={search_term_string}"},"query-input":"required name=search_term_string"}],"inLanguage":"es"},{"@type":"Organization","@id":"https:\/\/www.padreydecano.com\/cms\/#organization","name":"Padre y Decano","url":"https:\/\/www.padreydecano.com\/cms\/","logo":{"@type":"ImageObject","inLanguage":"es","@id":"https:\/\/www.padreydecano.com\/cms\/#\/schema\/logo\/image\/","url":"https:\/\/www.padreydecano.com\/cms\/wp-content\/uploads\/2022\/01\/avatar-square.png","contentUrl":"https:\/\/www.padreydecano.com\/cms\/wp-content\/uploads\/2022\/01\/avatar-square.png","width":1500,"height":1500,"caption":"Padre y Decano"},"image":{"@id":"https:\/\/www.padreydecano.com\/cms\/#\/schema\/logo\/image\/"}}]}},"_links":{"self":[{"href":"https:\/\/www.padreydecano.com\/cms\/wp-json\/wp\/v2\/pages\/5426"}],"collection":[{"href":"https:\/\/www.padreydecano.com\/cms\/wp-json\/wp\/v2\/pages"}],"about":[{"href":"https:\/\/www.padreydecano.com\/cms\/wp-json\/wp\/v2\/types\/page"}],"author":[{"embeddable":true,"href":"https:\/\/www.padreydecano.com\/cms\/wp-json\/wp\/v2\/users\/2"}],"replies":[{"embeddable":true,"href":"https:\/\/www.padreydecano.com\/cms\/wp-json\/wp\/v2\/comments?post=5426"}],"version-history":[{"count":0,"href":"https:\/\/www.padreydecano.com\/cms\/wp-json\/wp\/v2\/pages\/5426\/revisions"}],"up":[{"embeddable":true,"href":"https:\/\/www.padreydecano.com\/cms\/wp-json\/wp\/v2\/pages\/64"}],"wp:attachment":[{"href":"https:\/\/www.padreydecano.com\/cms\/wp-json\/wp\/v2\/media?parent=5426"}],"curies":[{"name":"wp","href":"https:\/\/api.w.org\/{rel}","templated":true}]}}