{"id":5421,"date":"2011-10-10T09:21:06","date_gmt":"2011-10-10T11:21:06","guid":{"rendered":"http:\/\/www.padreydecano.com\/cms\/?page_id=5421"},"modified":"2014-09-27T12:23:06","modified_gmt":"2014-09-27T15:23:06","slug":"1901-1910","status":"publish","type":"page","link":"https:\/\/www.padreydecano.com\/cms\/historia-oficial\/1901-1910\/","title":{"rendered":"1901-1910"},"content":{"rendered":"<p style=\"text-align: justify;\">El siglo XX comienza con el <strong>bicampeonato de Pe\u00f1arol<\/strong> al ganar en 1901 la Copa Uruguaya. Este campeonato cuenta con la presencia por primera vez del rival de todas las horas, Nacional. <strong>En el torneo se estampar\u00eda la tendencia de Pe\u00f1arol Campe\u00f3n y Nacional segundo, un hecho que se repite seguido a lo largo de la historia<\/strong>, marcando a fuego al equipo que m\u00e1s veces termin\u00f3 subcampe\u00f3n. Este mismo a\u00f1o se obtiene la Copa Competencia Chevallier Boutell (Local) al enfrentar y vencer 1 a 0 a Alumni de Argentina.<\/p>\n<p style=\"text-align: justify;\"><strong>El 12 de Mayo de 1901 se jug\u00f3 el primer cl\u00e1sico oficial por la Liga entre Pe\u00f1arol y Nacional con resultado favorable a Pe\u00f1arol de 3 a 1 en la <a title=\"Barrio Pe\u00f1arol\" href=\"https:\/\/www.padreydecano.com\/cms\/barrio-penarol\/\" target=\"_blank\">Villa Pe\u00f1arol<\/a>.<\/strong><\/p>\n<p style=\"text-align: justify;\">En estos a\u00f1os el club ten\u00eda figuras como <a href=\"https:\/\/www.padreydecano.com\/cms\/idolos\/juan-pena\/\" target=\"_blank\">Juan Pena<\/a>, quien fue el primer innovador ofensivo. La idea de que el centrodelantero deb\u00eda ser el goleador obligado comenz\u00f3 a quedar de lado cuando este jugador convenci\u00f3 a todos que tambi\u00e9n se pod\u00eda llegar por la punta como wing derecho.<\/p>\n<p style=\"text-align: justify;\">El a\u00f1o 1903 se\u00f1ala un suceso que traduce una directriz de la conducta de Pe\u00f1arol. El Club Nacional hab\u00eda ganado un partido 4 a 0 al Uruguay Athletic F.C. El club perdedor protest\u00f3 el partido porque no hab\u00eda sido presentado el formulario en tiempo y forma. Si Nacional perd\u00eda los puntos, Pe\u00f1arol ser\u00eda el campe\u00f3n. El presidente de la Liga Jorge Clulow, dio el partido por v\u00e1lido. Pe\u00f1arol, fiel a la norma de que los partidos se ganan en la cancha, vot\u00f3 a favor de Nacional, lo que determin\u00f3 la igualdad de puntos que obligar\u00eda a jugar una final, que se jug\u00f3 en 1904 y gan\u00f3 Nacional.<\/p>\n<p style=\"text-align: justify;\">Tras dos a\u00f1os sin grandes triunfos y un a\u00f1o sin f\u00fatbol por la Guerra Civil (1904), llega otra temporada que marcar\u00e1 la historia del club.<a href=\"https:\/\/www.padreydecano.com\/cms\/campanas-historicas\/la-campana-de-1905\/\" target=\"_blank\"> En 1905 Pe\u00f1arol logra la Copa Uruguaya de forma invicta, sin puntos ni goles en contra<\/a>. Este hecho hist\u00f3rico <strong>nunca se volvi\u00f3 a repetir en el f\u00fatbol uruguayo<\/strong>.<\/p>\n<div id=\"attachment_13024\" style=\"width: 613px\" class=\"wp-caption aligncenter\"><a href=\"https:\/\/www.padreydecano.com\/cms\/wp-content\/uploads\/2012\/01\/1905.jpg\" rel=\"shadowbox[sbpost-5421];player=img;\"><img loading=\"lazy\" decoding=\"async\" aria-describedby=\"caption-attachment-13024\" class=\" wp-image-13024   \" src=\"https:\/\/www.padreydecano.com\/cms\/wp-content\/uploads\/2012\/01\/1905.jpg\" alt=\"\" width=\"603\" height=\"396\" srcset=\"https:\/\/www.padreydecano.com\/cms\/wp-content\/uploads\/2012\/01\/1905.jpg 914w, https:\/\/www.padreydecano.com\/cms\/wp-content\/uploads\/2012\/01\/1905-300x196.jpg 300w\" sizes=\"(max-width: 603px) 100vw, 603px\" \/><\/a><p id=\"caption-attachment-13024\" class=\"wp-caption-text\">Pe\u00f1arol Campe\u00f3n Invicto en 1905. Arriba: Francisco Carbone, Germ\u00e1n Ar\u00edmalo. Centro: \u00c1ngel Irisarri, Edmundo Acevedo, Luis Carbone, Guillermo Davies, Lorenzo Mazzucco, Ceferino Camacho. Abajo: Juan Pena, Aniceto Camacho, Eugenio Ma\u00f1ana y Pedro Zibecci.<\/p><\/div>\n<p style=\"text-align: justify; margin-top: 15px;\">Otra gran figura que revoluciona al f\u00fatbol desde el arco es <a title=\"Leonardo Crossley\" href=\"https:\/\/www.padreydecano.com\/cms\/idolos\/leonardo-crossley\/\" target=\"_blank\">Leonardo Crossley<\/a>, por\u00a0 su t\u00e9cnica, por su estilo para atajar la pelota, y por devolverla jugando.<\/p>\n<p style=\"text-align: justify;\">En 1908 <strong>comienza la fase cr\u00edtica entre el club y la empresa<\/strong>, cuando se produce una violenta huelga que afect\u00f3 a los ferrocarriles. Adem\u00e1s de las primeras huelgas, comienzan los conflictos sociales. Los problemas parec\u00edan no tener fin y ante numerosos fallos absurdos de la \u201cLiga Uruguaya\u201d <strong>el club decide desafiliarse.<\/strong> Pocos d\u00edas despu\u00e9s tambi\u00e9n Nacional se desafiliaba por motivos similares.\u00a0Luego, por gestiones realizadas de la Liga ante el club, <strong>se reintegra en la temporada de 1909.<\/strong><\/p>\n<p style=\"text-align: justify;\">Dentro de tantos problemas <strong>el 26 de abril de 1908<\/strong> debuta con la camiseta de Pe\u00f1arol <a href=\"https:\/\/www.padreydecano.com\/cms\/idolos\/jose-antonio-el-maestro-piendibene\/\" target=\"_blank\">Jos\u00e9 Piendibene<\/a>. Fue en la <a title=\"Barrio Pe\u00f1arol\" href=\"https:\/\/www.padreydecano.com\/cms\/barrio-penarol\/\" target=\"_blank\">Villa Pe\u00f1arol<\/a> como puntero derecho, y durante 20 a\u00f1os ense\u00f1\u00f3 su f\u00fatbol majestuoso, por eso el apodo de \u201cEl Maestro\u201d.\u00a0En esta d\u00e9cada, el Club Albion abandona el f\u00fatbol y el <strong>CURCC (Pe\u00f1arol) se convierte en el club decano en la pr\u00e1ctica de este deporte en el Uruguay.<\/strong><\/p>\n<p style=\"text-align: justify;\"><strong><span style=\"color: #ffcc02;\">Copas Ganadas en la d\u00e9cada 1901-1910:<\/span><br \/>\n<\/strong><\/p>\n<ul>\n<li>Copa Uruguaya AUF: 1901, <a href=\"https:\/\/www.padreydecano.com\/cms\/campanas-historicas\/la-campana-de-1905\/\" target=\"_blank\">1905<\/a>, 1907.<\/li>\n<li>Copa Competencia Chevallier Boutell (Local): 1901, 1902, 1904, <a href=\"https:\/\/www.padreydecano.com\/cms\/campanas-historicas\/la-campana-de-1905\/\" target=\"_blank\">1905<\/a>, 1907, 1909, 1910.<\/li>\n<li>Copa de Honor Cusenier (Local): 1907, 1909.<\/li>\n<li>Copa de Honor Intenacional: 1909.<\/li>\n<li>Copa Artigas: 1909, 1910.<\/li>\n<\/ul>\n<p><span style=\"color: #ffcc02;\"><strong>Otras Copas o Torneos Amistosos:<\/strong><\/span><\/p>\n<ul>\n<li>Trofeo Victoria: 1906.<\/li>\n<li>Copa Mantegani: 1910.<\/li>\n<li>Copa Est\u00edmulo: 1909, 1910.<\/li>\n<li>Copa Jos\u00e9 P. Varela: 1910.<\/li>\n<\/ul>\n","protected":false},"excerpt":{"rendered":"<p>El siglo XX comienza con el bicampeonato de Pe\u00f1arol al ganar en 1901 la Copa Uruguaya. Este campeonato cuenta con la presencia por primera vez del rival de todas las horas, Nacional. En el torneo se estampar\u00eda la tendencia de Pe\u00f1arol Campe\u00f3n y Nacional segundo, un hecho que se repite seguido a lo largo de [&hellip;]<\/p>\n","protected":false},"author":2,"featured_media":0,"parent":64,"menu_order":2,"comment_status":"closed","ping_status":"closed","template":"","meta":{"footnotes":""},"yoast_head":"<!-- This site is optimized with the Yoast SEO plugin v23.2 - https:\/\/yoast.com\/wordpress\/plugins\/seo\/ -->\n<title>1901-1910 - Padre y Decano - El Sitio del Pueblo<\/title>\n<meta name=\"robots\" content=\"index, follow, max-snippet:-1, max-image-preview:large, max-video-preview:-1\" \/>\n<link rel=\"canonical\" href=\"https:\/\/www.padreydecano.com\/cms\/historia-oficial\/1901-1910\/\" \/>\n<meta property=\"og:locale\" content=\"es_ES\" \/>\n<meta property=\"og:type\" content=\"article\" \/>\n<meta property=\"og:title\" content=\"1901-1910 - Padre y Decano - El Sitio del Pueblo\" \/>\n<meta property=\"og:description\" content=\"El siglo XX comienza con el bicampeonato de Pe\u00f1arol al ganar en 1901 la Copa Uruguaya. Este campeonato cuenta con la presencia por primera vez del rival de todas las horas, Nacional. En el torneo se estampar\u00eda la tendencia de Pe\u00f1arol Campe\u00f3n y Nacional segundo, un hecho que se repite seguido a lo largo de [&hellip;]\" \/>\n<meta property=\"og:url\" content=\"https:\/\/www.padreydecano.com\/cms\/historia-oficial\/1901-1910\/\" \/>\n<meta property=\"og:site_name\" content=\"Padre y Decano - El Sitio del Pueblo\" \/>\n<meta property=\"article:modified_time\" content=\"2014-09-27T15:23:06+00:00\" \/>\n<meta property=\"og:image\" content=\"http:\/\/www.padreydecano.com\/cms\/wp-content\/uploads\/2012\/01\/1905.jpg\" \/>\n<meta name=\"twitter:card\" content=\"summary_large_image\" \/>\n<meta name=\"twitter:label1\" content=\"Tiempo de lectura\" \/>\n\t<meta name=\"twitter:data1\" content=\"3 minutos\" \/>\n<script type=\"application\/ld+json\" class=\"yoast-schema-graph\">{\"@context\":\"https:\/\/schema.org\",\"@graph\":[{\"@type\":\"WebPage\",\"@id\":\"https:\/\/www.padreydecano.com\/cms\/historia-oficial\/1901-1910\/\",\"url\":\"https:\/\/www.padreydecano.com\/cms\/historia-oficial\/1901-1910\/\",\"name\":\"1901-1910 - Padre y Decano - El Sitio del Pueblo\",\"isPartOf\":{\"@id\":\"https:\/\/www.padreydecano.com\/cms\/#website\"},\"primaryImageOfPage\":{\"@id\":\"https:\/\/www.padreydecano.com\/cms\/historia-oficial\/1901-1910\/#primaryimage\"},\"image\":{\"@id\":\"https:\/\/www.padreydecano.com\/cms\/historia-oficial\/1901-1910\/#primaryimage\"},\"thumbnailUrl\":\"http:\/\/www.padreydecano.com\/cms\/wp-content\/uploads\/2012\/01\/1905.jpg\",\"datePublished\":\"2011-10-10T11:21:06+00:00\",\"dateModified\":\"2014-09-27T15:23:06+00:00\",\"breadcrumb\":{\"@id\":\"https:\/\/www.padreydecano.com\/cms\/historia-oficial\/1901-1910\/#breadcrumb\"},\"inLanguage\":\"es\",\"potentialAction\":[{\"@type\":\"ReadAction\",\"target\":[\"https:\/\/www.padreydecano.com\/cms\/historia-oficial\/1901-1910\/\"]}]},{\"@type\":\"ImageObject\",\"inLanguage\":\"es\",\"@id\":\"https:\/\/www.padreydecano.com\/cms\/historia-oficial\/1901-1910\/#primaryimage\",\"url\":\"http:\/\/www.padreydecano.com\/cms\/wp-content\/uploads\/2012\/01\/1905.jpg\",\"contentUrl\":\"http:\/\/www.padreydecano.com\/cms\/wp-content\/uploads\/2012\/01\/1905.jpg\"},{\"@type\":\"BreadcrumbList\",\"@id\":\"https:\/\/www.padreydecano.com\/cms\/historia-oficial\/1901-1910\/#breadcrumb\",\"itemListElement\":[{\"@type\":\"ListItem\",\"position\":1,\"name\":\"Portada\",\"item\":\"https:\/\/www.padreydecano.com\/cms\/\"},{\"@type\":\"ListItem\",\"position\":2,\"name\":\"Historia Oficial\",\"item\":\"https:\/\/www.padreydecano.com\/cms\/historia-oficial\/\"},{\"@type\":\"ListItem\",\"position\":3,\"name\":\"1901-1910\"}]},{\"@type\":\"WebSite\",\"@id\":\"https:\/\/www.padreydecano.com\/cms\/#website\",\"url\":\"https:\/\/www.padreydecano.com\/cms\/\",\"name\":\"Padre y Decano - El Sitio del Pueblo\",\"description\":\"Club Atl\u00e9tico Pe\u00f1arol\",\"publisher\":{\"@id\":\"https:\/\/www.padreydecano.com\/cms\/#organization\"},\"potentialAction\":[{\"@type\":\"SearchAction\",\"target\":{\"@type\":\"EntryPoint\",\"urlTemplate\":\"https:\/\/www.padreydecano.com\/cms\/?s={search_term_string}\"},\"query-input\":\"required name=search_term_string\"}],\"inLanguage\":\"es\"},{\"@type\":\"Organization\",\"@id\":\"https:\/\/www.padreydecano.com\/cms\/#organization\",\"name\":\"Padre y Decano\",\"url\":\"https:\/\/www.padreydecano.com\/cms\/\",\"logo\":{\"@type\":\"ImageObject\",\"inLanguage\":\"es\",\"@id\":\"https:\/\/www.padreydecano.com\/cms\/#\/schema\/logo\/image\/\",\"url\":\"https:\/\/www.padreydecano.com\/cms\/wp-content\/uploads\/2022\/01\/avatar-square.png\",\"contentUrl\":\"https:\/\/www.padreydecano.com\/cms\/wp-content\/uploads\/2022\/01\/avatar-square.png\",\"width\":1500,\"height\":1500,\"caption\":\"Padre y Decano\"},\"image\":{\"@id\":\"https:\/\/www.padreydecano.com\/cms\/#\/schema\/logo\/image\/\"}}]}<\/script>\n<!-- \/ Yoast SEO plugin. -->","yoast_head_json":{"title":"1901-1910 - Padre y Decano - El Sitio del Pueblo","robots":{"index":"index","follow":"follow","max-snippet":"max-snippet:-1","max-image-preview":"max-image-preview:large","max-video-preview":"max-video-preview:-1"},"canonical":"https:\/\/www.padreydecano.com\/cms\/historia-oficial\/1901-1910\/","og_locale":"es_ES","og_type":"article","og_title":"1901-1910 - Padre y Decano - El Sitio del Pueblo","og_description":"El siglo XX comienza con el bicampeonato de Pe\u00f1arol al ganar en 1901 la Copa Uruguaya. Este campeonato cuenta con la presencia por primera vez del rival de todas las horas, Nacional. En el torneo se estampar\u00eda la tendencia de Pe\u00f1arol Campe\u00f3n y Nacional segundo, un hecho que se repite seguido a lo largo de [&hellip;]","og_url":"https:\/\/www.padreydecano.com\/cms\/historia-oficial\/1901-1910\/","og_site_name":"Padre y Decano - El Sitio del Pueblo","article_modified_time":"2014-09-27T15:23:06+00:00","og_image":[{"url":"http:\/\/www.padreydecano.com\/cms\/wp-content\/uploads\/2012\/01\/1905.jpg"}],"twitter_card":"summary_large_image","twitter_misc":{"Tiempo de lectura":"3 minutos"},"schema":{"@context":"https:\/\/schema.org","@graph":[{"@type":"WebPage","@id":"https:\/\/www.padreydecano.com\/cms\/historia-oficial\/1901-1910\/","url":"https:\/\/www.padreydecano.com\/cms\/historia-oficial\/1901-1910\/","name":"1901-1910 - Padre y Decano - El Sitio del Pueblo","isPartOf":{"@id":"https:\/\/www.padreydecano.com\/cms\/#website"},"primaryImageOfPage":{"@id":"https:\/\/www.padreydecano.com\/cms\/historia-oficial\/1901-1910\/#primaryimage"},"image":{"@id":"https:\/\/www.padreydecano.com\/cms\/historia-oficial\/1901-1910\/#primaryimage"},"thumbnailUrl":"http:\/\/www.padreydecano.com\/cms\/wp-content\/uploads\/2012\/01\/1905.jpg","datePublished":"2011-10-10T11:21:06+00:00","dateModified":"2014-09-27T15:23:06+00:00","breadcrumb":{"@id":"https:\/\/www.padreydecano.com\/cms\/historia-oficial\/1901-1910\/#breadcrumb"},"inLanguage":"es","potentialAction":[{"@type":"ReadAction","target":["https:\/\/www.padreydecano.com\/cms\/historia-oficial\/1901-1910\/"]}]},{"@type":"ImageObject","inLanguage":"es","@id":"https:\/\/www.padreydecano.com\/cms\/historia-oficial\/1901-1910\/#primaryimage","url":"http:\/\/www.padreydecano.com\/cms\/wp-content\/uploads\/2012\/01\/1905.jpg","contentUrl":"http:\/\/www.padreydecano.com\/cms\/wp-content\/uploads\/2012\/01\/1905.jpg"},{"@type":"BreadcrumbList","@id":"https:\/\/www.padreydecano.com\/cms\/historia-oficial\/1901-1910\/#breadcrumb","itemListElement":[{"@type":"ListItem","position":1,"name":"Portada","item":"https:\/\/www.padreydecano.com\/cms\/"},{"@type":"ListItem","position":2,"name":"Historia Oficial","item":"https:\/\/www.padreydecano.com\/cms\/historia-oficial\/"},{"@type":"ListItem","position":3,"name":"1901-1910"}]},{"@type":"WebSite","@id":"https:\/\/www.padreydecano.com\/cms\/#website","url":"https:\/\/www.padreydecano.com\/cms\/","name":"Padre y Decano - El Sitio del Pueblo","description":"Club Atl\u00e9tico Pe\u00f1arol","publisher":{"@id":"https:\/\/www.padreydecano.com\/cms\/#organization"},"potentialAction":[{"@type":"SearchAction","target":{"@type":"EntryPoint","urlTemplate":"https:\/\/www.padreydecano.com\/cms\/?s={search_term_string}"},"query-input":"required name=search_term_string"}],"inLanguage":"es"},{"@type":"Organization","@id":"https:\/\/www.padreydecano.com\/cms\/#organization","name":"Padre y Decano","url":"https:\/\/www.padreydecano.com\/cms\/","logo":{"@type":"ImageObject","inLanguage":"es","@id":"https:\/\/www.padreydecano.com\/cms\/#\/schema\/logo\/image\/","url":"https:\/\/www.padreydecano.com\/cms\/wp-content\/uploads\/2022\/01\/avatar-square.png","contentUrl":"https:\/\/www.padreydecano.com\/cms\/wp-content\/uploads\/2022\/01\/avatar-square.png","width":1500,"height":1500,"caption":"Padre y Decano"},"image":{"@id":"https:\/\/www.padreydecano.com\/cms\/#\/schema\/logo\/image\/"}}]}},"_links":{"self":[{"href":"https:\/\/www.padreydecano.com\/cms\/wp-json\/wp\/v2\/pages\/5421"}],"collection":[{"href":"https:\/\/www.padreydecano.com\/cms\/wp-json\/wp\/v2\/pages"}],"about":[{"href":"https:\/\/www.padreydecano.com\/cms\/wp-json\/wp\/v2\/types\/page"}],"author":[{"embeddable":true,"href":"https:\/\/www.padreydecano.com\/cms\/wp-json\/wp\/v2\/users\/2"}],"replies":[{"embeddable":true,"href":"https:\/\/www.padreydecano.com\/cms\/wp-json\/wp\/v2\/comments?post=5421"}],"version-history":[{"count":0,"href":"https:\/\/www.padreydecano.com\/cms\/wp-json\/wp\/v2\/pages\/5421\/revisions"}],"up":[{"embeddable":true,"href":"https:\/\/www.padreydecano.com\/cms\/wp-json\/wp\/v2\/pages\/64"}],"wp:attachment":[{"href":"https:\/\/www.padreydecano.com\/cms\/wp-json\/wp\/v2\/media?parent=5421"}],"curies":[{"name":"wp","href":"https:\/\/api.w.org\/{rel}","templated":true}]}}