{"id":52460,"date":"2015-05-02T01:45:37","date_gmt":"2015-05-02T04:45:37","guid":{"rendered":"http:\/\/www.padreydecano.com\/cms\/?page_id=52460"},"modified":"2017-08-01T13:27:30","modified_gmt":"2017-08-01T16:27:30","slug":"don-washington-cataldi","status":"publish","type":"page","link":"https:\/\/www.padreydecano.com\/cms\/don-washington-cataldi\/","title":{"rendered":"Don Washington Cataldi"},"content":{"rendered":"<p style=\"text-align: justify;\"><a href=\"https:\/\/www.padreydecano.com\/cms\/wp-content\/uploads\/2015\/05\/Cataldi-21.jpg\" rel=\"shadowbox[sbpost-52460];player=img;\"><img loading=\"lazy\" decoding=\"async\" class=\"alignright size-full wp-image-52464\" src=\"https:\/\/www.padreydecano.com\/cms\/wp-content\/uploads\/2015\/05\/Cataldi-21.jpg\" alt=\"Cataldi 2\" width=\"202\" height=\"249\" \/><\/a>Un 1\u00ba de agosto de 1923 nac\u00eda <strong>Washington Cataldi<\/strong>, quien fuera uno de los presidentes \u00a0y dirigentes m\u00e1s destacado de nuestra instituci\u00f3n.\u00a0Reconocido tanto en lo local como en lo internacional.<\/p>\n<p style=\"text-align: justify;\">Comenz\u00f3 en el a\u00f1o 1956 trabajando en las formativas del club. En 1958 confeccion\u00f3 la lista 1 que encabez\u00f3 el Cr. Gast\u00f3n Guelfi y Fernando Perrabere. <strong>La lista 1 con el lema \u00abVanguardia Pe\u00f1arolense\u00bb gan\u00f3 las elecciones el 18 de enero de 1958.<\/strong> A partir de ese a\u00f1o trabaj\u00f3 como dirigente a la par del Cr. Gast\u00f3n G\u00fcelfi y en la <a href=\"https:\/\/www.padreydecano.com\/cms\/historia-oficial\/1961-1970\/\" target=\"_blank\" rel=\"noopener\">d\u00e9cada del 60<\/a> escribieron las p\u00e1ginas m\u00e1s gloriosas del club, ganando dos Copas Intercontinentales (<a href=\"https:\/\/www.padreydecano.com\/cms\/editoriales\/copa-intercontinental-de-1961\/\" target=\"_blank\" rel=\"noopener\">1961<\/a>, <a href=\"https:\/\/www.padreydecano.com\/cms\/campanas-historicas\/copa-intercontinental-1966\/\" target=\"_blank\" rel=\"noopener\">1966<\/a>), <strong>tres Libertadores de Am\u00e9rica<\/strong> (<a href=\"https:\/\/www.padreydecano.com\/cms\/campanas-historicas\/copa-libertadores-1960\/\" target=\"_blank\" rel=\"noopener\">1960<\/a>, <a href=\"https:\/\/www.padreydecano.com\/cms\/campanas-historicas\/copa-libertadores-1961\/\" target=\"_blank\" rel=\"noopener\">1961<\/a>, <a href=\"https:\/\/www.padreydecano.com\/cms\/campanas-historicas\/copa-libertadores-1966\/\" target=\"_blank\" rel=\"noopener\">1966<\/a>), nueve campeonatos uruguayos (1958, 1959, 1960, 1961, 1962, 1964, 1965, 1967, 1968) dentro de los cuales se encuentra <strong>el primero de dos Quinquenios de Oro<\/strong> (<a href=\"https:\/\/www.padreydecano.com\/cms\/campanas-historicas\/el-primer-quinquenio-de-oro\/\" target=\"_blank\" rel=\"noopener\">1958, 1959, 1960, 1961, 1962<\/a>).<\/p>\n<p style=\"text-align: justify;\">El 16 de marzo de 1960 obtiene una victoria memorable en los escritorios frente al tradicional rival. La final del campeonato uruguayo de 1959 se disput\u00f3 en 1960, y Cataldi logr\u00f3 con el voto de la mayor\u00eda de los clubes que estaban en la AUF que para las finales puedan jugar <a href=\"https:\/\/www.padreydecano.com\/cms\/idolos\/alberto-spencer\/\" target=\"_blank\" rel=\"noopener\">Alberto Spencer<\/a> y Carlos Linazza. Ambos jugadores no estaban en el plantel en 1959 pero al tener contrato en 1960 Cataldi logr\u00f3 la habilitaci\u00f3n de ambos. Esa final cl\u00e1sica se defini\u00f3 con victoria del <a href=\"https:\/\/www.padreydecano.com\/cms\/penarol-decano-futbol-uruguayo\/\" target=\"_blank\" rel=\"noopener\">Decano<\/a> por 2 a 0, <strong>con goles de Luis Cubilla y Carlos Linazza<\/strong> de tiro penal (le hicieron la falta a Spencer). Esa victoria cambiar\u00eda la historia, gracias a esa final ganada Pe\u00f1arol obtiene la clasificaci\u00f3n a la primera Copa Libertadores que a la postre fuera ganada por el <a href=\"https:\/\/www.padreydecano.com\/cms\/el-club-del-siglo-xx-de-america-del-sur\/\" target=\"_blank\" rel=\"noopener\">Campe\u00f3n del Siglo<\/a>.<\/p>\n<p style=\"text-align: justify;\"><a href=\"https:\/\/www.padreydecano.com\/cms\/wp-content\/uploads\/2015\/05\/Cataldi-Spencer-y-Guelfi-2.jpg\" rel=\"shadowbox[sbpost-52460];player=img;\"><img loading=\"lazy\" decoding=\"async\" class=\"aligncenter wp-image-52462 size-full\" src=\"https:\/\/www.padreydecano.com\/cms\/wp-content\/uploads\/2015\/05\/Cataldi-Spencer-y-Guelfi-2-e1430540034194.jpg\" alt=\"Cataldi, Spencer y Guelfi (2)\" width=\"605\" height=\"442\" \/><\/a><\/p>\n<p style=\"text-align: justify;\">En 1973 toma la presidencia del club luego del fallecimiento del Cr. Gast\u00f3n G\u00fcelfi. <strong>Durante 11 a\u00f1os manej\u00f3 a la instituci\u00f3n obteniendo\u00a0siete campeonatos uruguayos<\/strong> (1973, 1974, 1975, 1978, 1979, 1981, 1982), 5 Liguillas pre-libertadores (1974, 1975, 1978, 1980, 1984), la Copa del Atl\u00e1ntico (1973), la Copa Transportes A\u00e9reos Portugueses (1974), <a href=\"https:\/\/www.padreydecano.com\/cms\/el-baul-de-los-recuerdos\/bicampeones-de-la-copa-teresa-herrera\/\" target=\"_blank\" rel=\"noopener\">bi campe\u00f3n de la Copa Teresa Herrera<\/a> y del Torneo Costa del Sol (1974, 1975), la Liga Mayor (1978), del Torneo de la Rep\u00fablica (1979), campe\u00f3n de la Copa Sim\u00f3n Bolivar (1983), del Torneo Colombes (1984), <a href=\"https:\/\/www.padreydecano.com\/cms\/campanas-historicas\/copa-libertadores-1982\/\" target=\"_blank\" rel=\"noopener\">campe\u00f3n de la Copa Libertadores de Am\u00e9rica<\/a> y <a href=\"https:\/\/www.padreydecano.com\/cms\/campanas-historicas\/copa-intercontinental-1982\/\" target=\"_blank\" rel=\"noopener\">campe\u00f3n de la Copa Intercontinental<\/a> (1982).<\/p>\n<p style=\"text-align: justify;\">En 1980 fue clave para la realizaci\u00f3n de la Copa de Oro de Campeones Mundiales en Montevideo. Para poder realizar el torneo viaj\u00f3 a Italia, habl\u00f3 con Berlusconi y consigui\u00f3 que un canal de Monte Carlo financie el torneo. Dicho campeonato lo\u00a0gan\u00f3 la Selecci\u00f3n Uruguaya y jugaron en nuestro pa\u00eds jugadores de la talla de Paolo Rossi, Antonioni, Maldini, Rummenigge, Maradona y S\u00f3crates entre otros.<\/p>\n<p style=\"text-align: justify;\"><a href=\"https:\/\/www.padreydecano.com\/cms\/wp-content\/uploads\/2015\/05\/CAtaldi-y-Morena.jpg\" rel=\"shadowbox[sbpost-52460];player=img;\"><img loading=\"lazy\" decoding=\"async\" class=\"alignright size-medium wp-image-52463\" src=\"https:\/\/www.padreydecano.com\/cms\/wp-content\/uploads\/2015\/05\/CAtaldi-y-Morena-300x198.jpg\" alt=\"CAtaldi y Morena\" width=\"300\" height=\"198\" srcset=\"https:\/\/www.padreydecano.com\/cms\/wp-content\/uploads\/2015\/05\/CAtaldi-y-Morena-300x198.jpg 300w, https:\/\/www.padreydecano.com\/cms\/wp-content\/uploads\/2015\/05\/CAtaldi-y-Morena.jpg 773w\" sizes=\"(max-width: 300px) 100vw, 300px\" \/><\/a>En 1981 cre\u00f3 la campa\u00f1a <a href=\"https:\/\/www.padreydecano.com\/cms\/el-baul-de-los-recuerdos\/a-morena-lo-traemos-todos\/\" target=\"_blank\" rel=\"noopener\">\u00abA Morena lo traemos todos\u00bb<\/a>, que logr\u00f3 juntar un mill\u00f3n de d\u00f3lares para pagar el pase de <a href=\"https:\/\/www.padreydecano.com\/cms\/idolos\/fernando-morena\/\" target=\"_blank\" rel=\"noopener\">Fernando Morena<\/a>. Gracias a la campa\u00f1a el Nando volvi\u00f3 a vestir la camiseta de Pe\u00f1arol y volvimos a las victorias y haza\u00f1as a nivel internacional. <strong>En 1984 se retira de Pe\u00f1arol y lo sucede Carlos Lecueder.<\/strong><\/p>\n<p style=\"text-align: justify;\">Luego en 1991 volvi\u00f3 a presentarse en las elecciones y se enfrent\u00f3 al Cr. Jos\u00e9 Pedro Damiani, fueron <a href=\"https:\/\/www.padreydecano.com\/cms\/elecciones\/como-fueron-las-elecciones-en-la-decada-del-90\/\" target=\"_blank\" rel=\"noopener\">las elecciones m\u00e1s re\u00f1idas de la historia del club<\/a>.\u00a0La victoria de Cataldi sobre Damiani fue por pocos votos, en cargos qued\u00f3 repartido 6 a 5. En setiembre de 1991 el Club realiza un gran <a href=\"https:\/\/www.padreydecano.com\/cms\/aniversarios\/los-100-anos-del-glorioso-penarol\/\" target=\"_blank\" rel=\"noopener\">festejo por sus primeros 100 a\u00f1os de vida<\/a>. Un festejo que dur\u00f3 varios d\u00edas y se realiz\u00f3 a lo ancho y largo del pa\u00eds. <strong>Finaliz\u00f3 su mandato en el club en 1993.<\/strong> El 2 de mayo de 1996 fallece, en su honor la concentraci\u00f3n de Pe\u00f1arol \u00ab<a href=\"https:\/\/www.padreydecano.com\/cms\/los-aromos\/\" target=\"_blank\" rel=\"noopener\">Los Aromos<\/a>\u00bb lleva su nombre.<\/p>\n<p style=\"text-align: justify;\">Creador de las frases: <em>\u00abLos Pe\u00f1arolenses somos biol\u00f3gicamente optimistas\u00bb<\/em>, <em>\u00abNo hay peor gesti\u00f3n que la que no se hace\u00bb<\/em> y <em>\u00abcuando yo vaya al cielo, a Jesucristo lo voy a hacer hincha de Pe\u00f1arol\u00bb<\/em>; <strong>por siempre ser\u00e1 recordado como un \u00edcono de nuestra instituci\u00f3n.<\/strong><\/p>\n\n\t\t<style type=\"text\/css\">\n\t\t\t#gallery-1 {\n\t\t\t\tmargin: auto;\n\t\t\t}\n\t\t\t#gallery-1 .gallery-item {\n\t\t\t\tfloat: left;\n\t\t\t\tmargin-top: 10px;\n\t\t\t\ttext-align: center;\n\t\t\t\twidth: 33%;\n\t\t\t}\n\t\t\t#gallery-1 img {\n\t\t\t\tborder: 2px solid #cfcfcf;\n\t\t\t}\n\t\t\t#gallery-1 .gallery-caption {\n\t\t\t\tmargin-left: 0;\n\t\t\t}\n\t\t\t\/* see gallery_shortcode() in wp-includes\/media.php *\/\n\t\t<\/style>\n\t\t<div id='gallery-1' class='gallery galleryid-52460 gallery-columns-3 gallery-size-thumbnail'><dl class='gallery-item'>\n\t\t\t<dt class='gallery-icon landscape'>\n\t\t\t\t<a href='https:\/\/www.padreydecano.com\/cms\/wp-content\/uploads\/2011\/11\/copa_82.jpg' rel='shadowbox[sbalbum-10410];player=img;'><img loading=\"lazy\" decoding=\"async\" width=\"150\" height=\"150\" src=\"https:\/\/www.padreydecano.com\/cms\/wp-content\/uploads\/2011\/11\/copa_82-150x150.jpg\" class=\"attachment-thumbnail size-thumbnail\" alt=\"\" srcset=\"https:\/\/www.padreydecano.com\/cms\/wp-content\/uploads\/2011\/11\/copa_82-150x150.jpg 150w, https:\/\/www.padreydecano.com\/cms\/wp-content\/uploads\/2011\/11\/copa_82-36x36.jpg 36w, https:\/\/www.padreydecano.com\/cms\/wp-content\/uploads\/2011\/11\/copa_82-115x115.jpg 115w\" sizes=\"(max-width: 150px) 100vw, 150px\" \/><\/a>\n\t\t\t<\/dt><\/dl><dl class='gallery-item'>\n\t\t\t<dt class='gallery-icon landscape'>\n\t\t\t\t<a href='https:\/\/www.padreydecano.com\/cms\/wp-content\/uploads\/2015\/05\/Cataldi-DAmiani.jpg' rel='shadowbox[sbalbum-52460];player=img;'><img loading=\"lazy\" decoding=\"async\" width=\"150\" height=\"150\" src=\"https:\/\/www.padreydecano.com\/cms\/wp-content\/uploads\/2015\/05\/Cataldi-DAmiani-150x150.jpg\" class=\"attachment-thumbnail size-thumbnail\" alt=\"\" srcset=\"https:\/\/www.padreydecano.com\/cms\/wp-content\/uploads\/2015\/05\/Cataldi-DAmiani-150x150.jpg 150w, https:\/\/www.padreydecano.com\/cms\/wp-content\/uploads\/2015\/05\/Cataldi-DAmiani-36x36.jpg 36w, https:\/\/www.padreydecano.com\/cms\/wp-content\/uploads\/2015\/05\/Cataldi-DAmiani-115x115.jpg 115w\" sizes=\"(max-width: 150px) 100vw, 150px\" \/><\/a>\n\t\t\t<\/dt><\/dl><dl class='gallery-item'>\n\t\t\t<dt class='gallery-icon portrait'>\n\t\t\t\t<a href='https:\/\/www.padreydecano.com\/cms\/wp-content\/uploads\/2015\/05\/Cataldi-21.jpg' rel='shadowbox[sbalbum-52460];player=img;'><img loading=\"lazy\" decoding=\"async\" width=\"150\" height=\"150\" src=\"https:\/\/www.padreydecano.com\/cms\/wp-content\/uploads\/2015\/05\/Cataldi-21-150x150.jpg\" class=\"attachment-thumbnail size-thumbnail\" alt=\"\" srcset=\"https:\/\/www.padreydecano.com\/cms\/wp-content\/uploads\/2015\/05\/Cataldi-21-150x150.jpg 150w, https:\/\/www.padreydecano.com\/cms\/wp-content\/uploads\/2015\/05\/Cataldi-21-36x36.jpg 36w, https:\/\/www.padreydecano.com\/cms\/wp-content\/uploads\/2015\/05\/Cataldi-21-115x115.jpg 115w\" sizes=\"(max-width: 150px) 100vw, 150px\" \/><\/a>\n\t\t\t<\/dt><\/dl><br style=\"clear: both\" \/><dl class='gallery-item'>\n\t\t\t<dt class='gallery-icon portrait'>\n\t\t\t\t<a href='https:\/\/www.padreydecano.com\/cms\/wp-content\/uploads\/2012\/09\/Festejo-100-a\u00f1os-003.jpg' rel='shadowbox[sbalbum-30259];player=img;'><img loading=\"lazy\" decoding=\"async\" width=\"150\" height=\"150\" src=\"https:\/\/www.padreydecano.com\/cms\/wp-content\/uploads\/2012\/09\/Festejo-100-a\u00f1os-003-150x150.jpg\" class=\"attachment-thumbnail size-thumbnail\" alt=\"\" srcset=\"https:\/\/www.padreydecano.com\/cms\/wp-content\/uploads\/2012\/09\/Festejo-100-a\u00f1os-003-150x150.jpg 150w, https:\/\/www.padreydecano.com\/cms\/wp-content\/uploads\/2012\/09\/Festejo-100-a\u00f1os-003-36x36.jpg 36w, https:\/\/www.padreydecano.com\/cms\/wp-content\/uploads\/2012\/09\/Festejo-100-a\u00f1os-003-115x115.jpg 115w\" sizes=\"(max-width: 150px) 100vw, 150px\" \/><\/a>\n\t\t\t<\/dt><\/dl><dl class='gallery-item'>\n\t\t\t<dt class='gallery-icon landscape'>\n\t\t\t\t<a href='https:\/\/www.padreydecano.com\/cms\/wp-content\/uploads\/2012\/09\/100-a\u00f1os-de-gloria-002-e1410737195564.jpg' rel='shadowbox[sbalbum-30259];player=img;'><img loading=\"lazy\" decoding=\"async\" width=\"150\" height=\"150\" src=\"https:\/\/www.padreydecano.com\/cms\/wp-content\/uploads\/2012\/09\/100-a\u00f1os-de-gloria-002-150x150.jpg\" class=\"attachment-thumbnail size-thumbnail\" alt=\"\" srcset=\"https:\/\/www.padreydecano.com\/cms\/wp-content\/uploads\/2012\/09\/100-a\u00f1os-de-gloria-002-150x150.jpg 150w, https:\/\/www.padreydecano.com\/cms\/wp-content\/uploads\/2012\/09\/100-a\u00f1os-de-gloria-002-36x36.jpg 36w, https:\/\/www.padreydecano.com\/cms\/wp-content\/uploads\/2012\/09\/100-a\u00f1os-de-gloria-002-115x115.jpg 115w\" sizes=\"(max-width: 150px) 100vw, 150px\" \/><\/a>\n\t\t\t<\/dt><\/dl><dl class='gallery-item'>\n\t\t\t<dt class='gallery-icon portrait'>\n\t\t\t\t<a href='https:\/\/www.padreydecano.com\/cms\/wp-content\/uploads\/2012\/09\/Festejo-100-a\u00f1os-001.jpg' rel='shadowbox[sbalbum-30259];player=img;'><img loading=\"lazy\" decoding=\"async\" width=\"150\" height=\"150\" src=\"https:\/\/www.padreydecano.com\/cms\/wp-content\/uploads\/2012\/09\/Festejo-100-a\u00f1os-001-150x150.jpg\" class=\"attachment-thumbnail size-thumbnail\" alt=\"\" srcset=\"https:\/\/www.padreydecano.com\/cms\/wp-content\/uploads\/2012\/09\/Festejo-100-a\u00f1os-001-150x150.jpg 150w, https:\/\/www.padreydecano.com\/cms\/wp-content\/uploads\/2012\/09\/Festejo-100-a\u00f1os-001-36x36.jpg 36w, https:\/\/www.padreydecano.com\/cms\/wp-content\/uploads\/2012\/09\/Festejo-100-a\u00f1os-001-115x115.jpg 115w\" sizes=\"(max-width: 150px) 100vw, 150px\" \/><\/a>\n\t\t\t<\/dt><\/dl><br style=\"clear: both\" \/>\n\t\t<\/div>\n\n","protected":false},"excerpt":{"rendered":"<p>Un 1\u00ba de agosto de 1923 nac\u00eda Washington Cataldi, quien fuera uno de los presidentes \u00a0y dirigentes m\u00e1s destacado de nuestra instituci\u00f3n.\u00a0Reconocido tanto en lo local como en lo internacional. Comenz\u00f3 en el a\u00f1o 1956 trabajando en las formativas del club. En 1958 confeccion\u00f3 la lista 1 que encabez\u00f3 el Cr. Gast\u00f3n Guelfi y Fernando [&hellip;]<\/p>\n","protected":false},"author":2,"featured_media":0,"parent":0,"menu_order":0,"comment_status":"open","ping_status":"closed","template":"","meta":{"footnotes":""},"yoast_head":"<!-- This site is optimized with the Yoast SEO plugin v23.2 - https:\/\/yoast.com\/wordpress\/plugins\/seo\/ -->\n<title>Don Washington Cataldi - Padre y Decano - El Sitio del Pueblo<\/title>\n<meta name=\"robots\" content=\"index, follow, max-snippet:-1, max-image-preview:large, max-video-preview:-1\" \/>\n<link rel=\"canonical\" href=\"https:\/\/www.padreydecano.com\/cms\/don-washington-cataldi\/\" \/>\n<meta property=\"og:locale\" content=\"es_ES\" \/>\n<meta property=\"og:type\" content=\"article\" \/>\n<meta property=\"og:title\" content=\"Don Washington Cataldi - Padre y Decano - El Sitio del Pueblo\" \/>\n<meta property=\"og:description\" content=\"Un 1\u00ba de agosto de 1923 nac\u00eda Washington Cataldi, quien fuera uno de los presidentes \u00a0y dirigentes m\u00e1s destacado de nuestra instituci\u00f3n.\u00a0Reconocido tanto en lo local como en lo internacional. Comenz\u00f3 en el a\u00f1o 1956 trabajando en las formativas del club. En 1958 confeccion\u00f3 la lista 1 que encabez\u00f3 el Cr. Gast\u00f3n Guelfi y Fernando [&hellip;]\" \/>\n<meta property=\"og:url\" content=\"https:\/\/www.padreydecano.com\/cms\/don-washington-cataldi\/\" \/>\n<meta property=\"og:site_name\" content=\"Padre y Decano - El Sitio del Pueblo\" \/>\n<meta property=\"article:modified_time\" content=\"2017-08-01T16:27:30+00:00\" \/>\n<meta property=\"og:image\" content=\"https:\/\/www.padreydecano.com\/cms\/wp-content\/uploads\/2011\/11\/copa_82-150x150.jpg\" \/>\n<meta name=\"twitter:card\" content=\"summary_large_image\" \/>\n<meta name=\"twitter:label1\" content=\"Tiempo de lectura\" \/>\n\t<meta name=\"twitter:data1\" content=\"3 minutos\" \/>\n<script type=\"application\/ld+json\" class=\"yoast-schema-graph\">{\"@context\":\"https:\/\/schema.org\",\"@graph\":[{\"@type\":\"WebPage\",\"@id\":\"https:\/\/www.padreydecano.com\/cms\/don-washington-cataldi\/\",\"url\":\"https:\/\/www.padreydecano.com\/cms\/don-washington-cataldi\/\",\"name\":\"Don Washington Cataldi - Padre y Decano - El Sitio del Pueblo\",\"isPartOf\":{\"@id\":\"https:\/\/www.padreydecano.com\/cms\/#website\"},\"primaryImageOfPage\":{\"@id\":\"https:\/\/www.padreydecano.com\/cms\/don-washington-cataldi\/#primaryimage\"},\"image\":{\"@id\":\"https:\/\/www.padreydecano.com\/cms\/don-washington-cataldi\/#primaryimage\"},\"thumbnailUrl\":\"http:\/\/www.padreydecano.com\/cms\/wp-content\/uploads\/2015\/05\/Cataldi-21.jpg\",\"datePublished\":\"2015-05-02T04:45:37+00:00\",\"dateModified\":\"2017-08-01T16:27:30+00:00\",\"breadcrumb\":{\"@id\":\"https:\/\/www.padreydecano.com\/cms\/don-washington-cataldi\/#breadcrumb\"},\"inLanguage\":\"es\",\"potentialAction\":[{\"@type\":\"ReadAction\",\"target\":[\"https:\/\/www.padreydecano.com\/cms\/don-washington-cataldi\/\"]}]},{\"@type\":\"ImageObject\",\"inLanguage\":\"es\",\"@id\":\"https:\/\/www.padreydecano.com\/cms\/don-washington-cataldi\/#primaryimage\",\"url\":\"http:\/\/www.padreydecano.com\/cms\/wp-content\/uploads\/2015\/05\/Cataldi-21.jpg\",\"contentUrl\":\"http:\/\/www.padreydecano.com\/cms\/wp-content\/uploads\/2015\/05\/Cataldi-21.jpg\"},{\"@type\":\"BreadcrumbList\",\"@id\":\"https:\/\/www.padreydecano.com\/cms\/don-washington-cataldi\/#breadcrumb\",\"itemListElement\":[{\"@type\":\"ListItem\",\"position\":1,\"name\":\"Portada\",\"item\":\"https:\/\/www.padreydecano.com\/cms\/\"},{\"@type\":\"ListItem\",\"position\":2,\"name\":\"Don Washington Cataldi\"}]},{\"@type\":\"WebSite\",\"@id\":\"https:\/\/www.padreydecano.com\/cms\/#website\",\"url\":\"https:\/\/www.padreydecano.com\/cms\/\",\"name\":\"Padre y Decano - El Sitio del Pueblo\",\"description\":\"Club Atl\u00e9tico Pe\u00f1arol\",\"publisher\":{\"@id\":\"https:\/\/www.padreydecano.com\/cms\/#organization\"},\"potentialAction\":[{\"@type\":\"SearchAction\",\"target\":{\"@type\":\"EntryPoint\",\"urlTemplate\":\"https:\/\/www.padreydecano.com\/cms\/?s={search_term_string}\"},\"query-input\":\"required name=search_term_string\"}],\"inLanguage\":\"es\"},{\"@type\":\"Organization\",\"@id\":\"https:\/\/www.padreydecano.com\/cms\/#organization\",\"name\":\"Padre y Decano\",\"url\":\"https:\/\/www.padreydecano.com\/cms\/\",\"logo\":{\"@type\":\"ImageObject\",\"inLanguage\":\"es\",\"@id\":\"https:\/\/www.padreydecano.com\/cms\/#\/schema\/logo\/image\/\",\"url\":\"https:\/\/www.padreydecano.com\/cms\/wp-content\/uploads\/2022\/01\/avatar-square.png\",\"contentUrl\":\"https:\/\/www.padreydecano.com\/cms\/wp-content\/uploads\/2022\/01\/avatar-square.png\",\"width\":1500,\"height\":1500,\"caption\":\"Padre y Decano\"},\"image\":{\"@id\":\"https:\/\/www.padreydecano.com\/cms\/#\/schema\/logo\/image\/\"}}]}<\/script>\n<!-- \/ Yoast SEO plugin. -->","yoast_head_json":{"title":"Don Washington Cataldi - Padre y Decano - El Sitio del Pueblo","robots":{"index":"index","follow":"follow","max-snippet":"max-snippet:-1","max-image-preview":"max-image-preview:large","max-video-preview":"max-video-preview:-1"},"canonical":"https:\/\/www.padreydecano.com\/cms\/don-washington-cataldi\/","og_locale":"es_ES","og_type":"article","og_title":"Don Washington Cataldi - Padre y Decano - El Sitio del Pueblo","og_description":"Un 1\u00ba de agosto de 1923 nac\u00eda Washington Cataldi, quien fuera uno de los presidentes \u00a0y dirigentes m\u00e1s destacado de nuestra instituci\u00f3n.\u00a0Reconocido tanto en lo local como en lo internacional. Comenz\u00f3 en el a\u00f1o 1956 trabajando en las formativas del club. En 1958 confeccion\u00f3 la lista 1 que encabez\u00f3 el Cr. Gast\u00f3n Guelfi y Fernando [&hellip;]","og_url":"https:\/\/www.padreydecano.com\/cms\/don-washington-cataldi\/","og_site_name":"Padre y Decano - El Sitio del Pueblo","article_modified_time":"2017-08-01T16:27:30+00:00","og_image":[{"url":"https:\/\/www.padreydecano.com\/cms\/wp-content\/uploads\/2011\/11\/copa_82-150x150.jpg"}],"twitter_card":"summary_large_image","twitter_misc":{"Tiempo de lectura":"3 minutos"},"schema":{"@context":"https:\/\/schema.org","@graph":[{"@type":"WebPage","@id":"https:\/\/www.padreydecano.com\/cms\/don-washington-cataldi\/","url":"https:\/\/www.padreydecano.com\/cms\/don-washington-cataldi\/","name":"Don Washington Cataldi - Padre y Decano - El Sitio del Pueblo","isPartOf":{"@id":"https:\/\/www.padreydecano.com\/cms\/#website"},"primaryImageOfPage":{"@id":"https:\/\/www.padreydecano.com\/cms\/don-washington-cataldi\/#primaryimage"},"image":{"@id":"https:\/\/www.padreydecano.com\/cms\/don-washington-cataldi\/#primaryimage"},"thumbnailUrl":"http:\/\/www.padreydecano.com\/cms\/wp-content\/uploads\/2015\/05\/Cataldi-21.jpg","datePublished":"2015-05-02T04:45:37+00:00","dateModified":"2017-08-01T16:27:30+00:00","breadcrumb":{"@id":"https:\/\/www.padreydecano.com\/cms\/don-washington-cataldi\/#breadcrumb"},"inLanguage":"es","potentialAction":[{"@type":"ReadAction","target":["https:\/\/www.padreydecano.com\/cms\/don-washington-cataldi\/"]}]},{"@type":"ImageObject","inLanguage":"es","@id":"https:\/\/www.padreydecano.com\/cms\/don-washington-cataldi\/#primaryimage","url":"http:\/\/www.padreydecano.com\/cms\/wp-content\/uploads\/2015\/05\/Cataldi-21.jpg","contentUrl":"http:\/\/www.padreydecano.com\/cms\/wp-content\/uploads\/2015\/05\/Cataldi-21.jpg"},{"@type":"BreadcrumbList","@id":"https:\/\/www.padreydecano.com\/cms\/don-washington-cataldi\/#breadcrumb","itemListElement":[{"@type":"ListItem","position":1,"name":"Portada","item":"https:\/\/www.padreydecano.com\/cms\/"},{"@type":"ListItem","position":2,"name":"Don Washington Cataldi"}]},{"@type":"WebSite","@id":"https:\/\/www.padreydecano.com\/cms\/#website","url":"https:\/\/www.padreydecano.com\/cms\/","name":"Padre y Decano - El Sitio del Pueblo","description":"Club Atl\u00e9tico Pe\u00f1arol","publisher":{"@id":"https:\/\/www.padreydecano.com\/cms\/#organization"},"potentialAction":[{"@type":"SearchAction","target":{"@type":"EntryPoint","urlTemplate":"https:\/\/www.padreydecano.com\/cms\/?s={search_term_string}"},"query-input":"required name=search_term_string"}],"inLanguage":"es"},{"@type":"Organization","@id":"https:\/\/www.padreydecano.com\/cms\/#organization","name":"Padre y Decano","url":"https:\/\/www.padreydecano.com\/cms\/","logo":{"@type":"ImageObject","inLanguage":"es","@id":"https:\/\/www.padreydecano.com\/cms\/#\/schema\/logo\/image\/","url":"https:\/\/www.padreydecano.com\/cms\/wp-content\/uploads\/2022\/01\/avatar-square.png","contentUrl":"https:\/\/www.padreydecano.com\/cms\/wp-content\/uploads\/2022\/01\/avatar-square.png","width":1500,"height":1500,"caption":"Padre y Decano"},"image":{"@id":"https:\/\/www.padreydecano.com\/cms\/#\/schema\/logo\/image\/"}}]}},"_links":{"self":[{"href":"https:\/\/www.padreydecano.com\/cms\/wp-json\/wp\/v2\/pages\/52460"}],"collection":[{"href":"https:\/\/www.padreydecano.com\/cms\/wp-json\/wp\/v2\/pages"}],"about":[{"href":"https:\/\/www.padreydecano.com\/cms\/wp-json\/wp\/v2\/types\/page"}],"author":[{"embeddable":true,"href":"https:\/\/www.padreydecano.com\/cms\/wp-json\/wp\/v2\/users\/2"}],"replies":[{"embeddable":true,"href":"https:\/\/www.padreydecano.com\/cms\/wp-json\/wp\/v2\/comments?post=52460"}],"version-history":[{"count":0,"href":"https:\/\/www.padreydecano.com\/cms\/wp-json\/wp\/v2\/pages\/52460\/revisions"}],"wp:attachment":[{"href":"https:\/\/www.padreydecano.com\/cms\/wp-json\/wp\/v2\/media?parent=52460"}],"curies":[{"name":"wp","href":"https:\/\/api.w.org\/{rel}","templated":true}]}}