{"id":40103,"date":"2013-07-12T19:58:17","date_gmt":"2013-07-12T22:58:17","guid":{"rendered":"http:\/\/www.padreydecano.com\/cms\/?page_id=40103"},"modified":"2013-07-13T18:40:34","modified_gmt":"2013-07-13T21:40:34","slug":"el-primer-gol-de-los-mundiales-en-el-estadio-pocitos","status":"publish","type":"page","link":"https:\/\/www.padreydecano.com\/cms\/el-baul-de-los-recuerdos\/el-primer-gol-de-los-mundiales-en-el-estadio-pocitos\/","title":{"rendered":"El primer gol de los Mundiales en el Estadio Pocitos"},"content":{"rendered":"<div id=\"attachment_40105\" style=\"width: 160px\" class=\"wp-caption alignright\"><a href=\"https:\/\/www.padreydecano.com\/cms\/wp-content\/uploads\/2013\/07\/primer-gol-mundial.jpg\" rel=\"shadowbox[sbpost-40103];player=img;\"><img loading=\"lazy\" decoding=\"async\" aria-describedby=\"caption-attachment-40105\" class=\" wp-image-40105\" alt=\"primer-gol-mundial\" src=\"https:\/\/www.padreydecano.com\/cms\/wp-content\/uploads\/2013\/07\/primer-gol-mundial-214x300.jpg\" width=\"150\" height=\"210\" srcset=\"https:\/\/www.padreydecano.com\/cms\/wp-content\/uploads\/2013\/07\/primer-gol-mundial-214x300.jpg 214w, https:\/\/www.padreydecano.com\/cms\/wp-content\/uploads\/2013\/07\/primer-gol-mundial.jpg 293w\" sizes=\"(max-width: 150px) 100vw, 150px\" \/><\/a><p id=\"caption-attachment-40105\" class=\"wp-caption-text\">Monumento al primer gol. Imagen de Eduardo Di Mauro<\/p><\/div>\n<p style=\"text-align: justify;\"><strong>El franc\u00e9s Lucien Laurent anot\u00f3 el primer gol en la historia de los Mundiales en el Estadio de Pocitos.<\/strong> El 13 de julio de 1930 Francia derrotaba a M\u00e9xico 4 a 1 en el escenario del Club Atl\u00e9tico Pe\u00f1arol que pasaba a formar parte de la rica historia del f\u00fatbol mundial. Al d\u00eda siguiente se jug\u00f3 otro partido m\u00e1s en esta cancha: Rumania venci\u00f3 3 a 1 a Per\u00fa.<\/p>\n<p style=\"text-align: justify;\">El estadio de Pocitos fue escenario nuestro entre 1921 y 1933. A trav\u00e9s de un estudio, el Arq. H\u00e9ctor Henrique Benech pudo determinar la ubicaci\u00f3n del estadio (Charr\u00faa y Coronel Alegre) como tambi\u00e9n el centro del campo y el lugar donde estaba ubicado dicho arco. Hoy, una escultura del arquitecto Eduardo Di Mauro recuerda el lugar donde Laurent hizo historia en el estadio de Pe\u00f1arol.<\/p>\n<p style=\"text-align: justify;\">\n","protected":false},"excerpt":{"rendered":"<p>El franc\u00e9s Lucien Laurent anot\u00f3 el primer gol en la historia de los Mundiales en el Estadio de Pocitos. El 13 de julio de 1930 Francia derrotaba a M\u00e9xico 4 a 1 en el escenario del Club Atl\u00e9tico Pe\u00f1arol que pasaba a formar parte de la rica historia del f\u00fatbol mundial. Al d\u00eda siguiente se [&hellip;]<\/p>\n","protected":false},"author":13,"featured_media":40106,"parent":13741,"menu_order":1,"comment_status":"open","ping_status":"closed","template":"","meta":{"footnotes":""},"yoast_head":"<!-- This site is optimized with the Yoast SEO plugin v23.2 - https:\/\/yoast.com\/wordpress\/plugins\/seo\/ -->\n<title>El primer gol de los Mundiales en el Estadio Pocitos - Padre y Decano - El Sitio del Pueblo<\/title>\n<meta name=\"robots\" content=\"index, follow, max-snippet:-1, max-image-preview:large, max-video-preview:-1\" \/>\n<link rel=\"canonical\" href=\"https:\/\/www.padreydecano.com\/cms\/el-baul-de-los-recuerdos\/el-primer-gol-de-los-mundiales-en-el-estadio-pocitos\/\" \/>\n<meta property=\"og:locale\" content=\"es_ES\" \/>\n<meta property=\"og:type\" content=\"article\" \/>\n<meta property=\"og:title\" content=\"El primer gol de los Mundiales en el Estadio Pocitos - Padre y Decano - El Sitio del Pueblo\" \/>\n<meta property=\"og:description\" content=\"El franc\u00e9s Lucien Laurent anot\u00f3 el primer gol en la historia de los Mundiales en el Estadio de Pocitos. El 13 de julio de 1930 Francia derrotaba a M\u00e9xico 4 a 1 en el escenario del Club Atl\u00e9tico Pe\u00f1arol que pasaba a formar parte de la rica historia del f\u00fatbol mundial. Al d\u00eda siguiente se [&hellip;]\" \/>\n<meta property=\"og:url\" content=\"https:\/\/www.padreydecano.com\/cms\/el-baul-de-los-recuerdos\/el-primer-gol-de-los-mundiales-en-el-estadio-pocitos\/\" \/>\n<meta property=\"og:site_name\" content=\"Padre y Decano - El Sitio del Pueblo\" \/>\n<meta property=\"article:modified_time\" content=\"2013-07-13T21:40:34+00:00\" \/>\n<meta property=\"og:image\" content=\"https:\/\/www.padreydecano.com\/cms\/wp-content\/uploads\/2013\/07\/Estadio_Pocitos_2.jpg\" \/>\n\t<meta property=\"og:image:width\" content=\"640\" \/>\n\t<meta property=\"og:image:height\" content=\"400\" \/>\n\t<meta property=\"og:image:type\" content=\"image\/jpeg\" \/>\n<meta name=\"twitter:card\" content=\"summary_large_image\" \/>\n<meta name=\"twitter:label1\" content=\"Tiempo de lectura\" \/>\n\t<meta name=\"twitter:data1\" content=\"1 minuto\" \/>\n<script type=\"application\/ld+json\" class=\"yoast-schema-graph\">{\"@context\":\"https:\/\/schema.org\",\"@graph\":[{\"@type\":\"WebPage\",\"@id\":\"https:\/\/www.padreydecano.com\/cms\/el-baul-de-los-recuerdos\/el-primer-gol-de-los-mundiales-en-el-estadio-pocitos\/\",\"url\":\"https:\/\/www.padreydecano.com\/cms\/el-baul-de-los-recuerdos\/el-primer-gol-de-los-mundiales-en-el-estadio-pocitos\/\",\"name\":\"El primer gol de los Mundiales en el Estadio Pocitos - Padre y Decano - El Sitio del Pueblo\",\"isPartOf\":{\"@id\":\"https:\/\/www.padreydecano.com\/cms\/#website\"},\"primaryImageOfPage\":{\"@id\":\"https:\/\/www.padreydecano.com\/cms\/el-baul-de-los-recuerdos\/el-primer-gol-de-los-mundiales-en-el-estadio-pocitos\/#primaryimage\"},\"image\":{\"@id\":\"https:\/\/www.padreydecano.com\/cms\/el-baul-de-los-recuerdos\/el-primer-gol-de-los-mundiales-en-el-estadio-pocitos\/#primaryimage\"},\"thumbnailUrl\":\"https:\/\/www.padreydecano.com\/cms\/wp-content\/uploads\/2013\/07\/Estadio_Pocitos_2.jpg\",\"datePublished\":\"2013-07-12T22:58:17+00:00\",\"dateModified\":\"2013-07-13T21:40:34+00:00\",\"breadcrumb\":{\"@id\":\"https:\/\/www.padreydecano.com\/cms\/el-baul-de-los-recuerdos\/el-primer-gol-de-los-mundiales-en-el-estadio-pocitos\/#breadcrumb\"},\"inLanguage\":\"es\",\"potentialAction\":[{\"@type\":\"ReadAction\",\"target\":[\"https:\/\/www.padreydecano.com\/cms\/el-baul-de-los-recuerdos\/el-primer-gol-de-los-mundiales-en-el-estadio-pocitos\/\"]}]},{\"@type\":\"ImageObject\",\"inLanguage\":\"es\",\"@id\":\"https:\/\/www.padreydecano.com\/cms\/el-baul-de-los-recuerdos\/el-primer-gol-de-los-mundiales-en-el-estadio-pocitos\/#primaryimage\",\"url\":\"https:\/\/www.padreydecano.com\/cms\/wp-content\/uploads\/2013\/07\/Estadio_Pocitos_2.jpg\",\"contentUrl\":\"https:\/\/www.padreydecano.com\/cms\/wp-content\/uploads\/2013\/07\/Estadio_Pocitos_2.jpg\",\"width\":640,\"height\":400},{\"@type\":\"BreadcrumbList\",\"@id\":\"https:\/\/www.padreydecano.com\/cms\/el-baul-de-los-recuerdos\/el-primer-gol-de-los-mundiales-en-el-estadio-pocitos\/#breadcrumb\",\"itemListElement\":[{\"@type\":\"ListItem\",\"position\":1,\"name\":\"Portada\",\"item\":\"https:\/\/www.padreydecano.com\/cms\/\"},{\"@type\":\"ListItem\",\"position\":2,\"name\":\"El Ba\u00fal de los Recuerdos\",\"item\":\"https:\/\/www.padreydecano.com\/cms\/el-baul-de-los-recuerdos\/\"},{\"@type\":\"ListItem\",\"position\":3,\"name\":\"El primer gol de los Mundiales en el Estadio Pocitos\"}]},{\"@type\":\"WebSite\",\"@id\":\"https:\/\/www.padreydecano.com\/cms\/#website\",\"url\":\"https:\/\/www.padreydecano.com\/cms\/\",\"name\":\"Padre y Decano - El Sitio del Pueblo\",\"description\":\"Club Atl\u00e9tico Pe\u00f1arol\",\"publisher\":{\"@id\":\"https:\/\/www.padreydecano.com\/cms\/#organization\"},\"potentialAction\":[{\"@type\":\"SearchAction\",\"target\":{\"@type\":\"EntryPoint\",\"urlTemplate\":\"https:\/\/www.padreydecano.com\/cms\/?s={search_term_string}\"},\"query-input\":\"required name=search_term_string\"}],\"inLanguage\":\"es\"},{\"@type\":\"Organization\",\"@id\":\"https:\/\/www.padreydecano.com\/cms\/#organization\",\"name\":\"Padre y Decano\",\"url\":\"https:\/\/www.padreydecano.com\/cms\/\",\"logo\":{\"@type\":\"ImageObject\",\"inLanguage\":\"es\",\"@id\":\"https:\/\/www.padreydecano.com\/cms\/#\/schema\/logo\/image\/\",\"url\":\"https:\/\/www.padreydecano.com\/cms\/wp-content\/uploads\/2022\/01\/avatar-square.png\",\"contentUrl\":\"https:\/\/www.padreydecano.com\/cms\/wp-content\/uploads\/2022\/01\/avatar-square.png\",\"width\":1500,\"height\":1500,\"caption\":\"Padre y Decano\"},\"image\":{\"@id\":\"https:\/\/www.padreydecano.com\/cms\/#\/schema\/logo\/image\/\"}}]}<\/script>\n<!-- \/ Yoast SEO plugin. -->","yoast_head_json":{"title":"El primer gol de los Mundiales en el Estadio Pocitos - Padre y Decano - El Sitio del Pueblo","robots":{"index":"index","follow":"follow","max-snippet":"max-snippet:-1","max-image-preview":"max-image-preview:large","max-video-preview":"max-video-preview:-1"},"canonical":"https:\/\/www.padreydecano.com\/cms\/el-baul-de-los-recuerdos\/el-primer-gol-de-los-mundiales-en-el-estadio-pocitos\/","og_locale":"es_ES","og_type":"article","og_title":"El primer gol de los Mundiales en el Estadio Pocitos - Padre y Decano - El Sitio del Pueblo","og_description":"El franc\u00e9s Lucien Laurent anot\u00f3 el primer gol en la historia de los Mundiales en el Estadio de Pocitos. El 13 de julio de 1930 Francia derrotaba a M\u00e9xico 4 a 1 en el escenario del Club Atl\u00e9tico Pe\u00f1arol que pasaba a formar parte de la rica historia del f\u00fatbol mundial. Al d\u00eda siguiente se [&hellip;]","og_url":"https:\/\/www.padreydecano.com\/cms\/el-baul-de-los-recuerdos\/el-primer-gol-de-los-mundiales-en-el-estadio-pocitos\/","og_site_name":"Padre y Decano - El Sitio del Pueblo","article_modified_time":"2013-07-13T21:40:34+00:00","og_image":[{"width":640,"height":400,"url":"https:\/\/www.padreydecano.com\/cms\/wp-content\/uploads\/2013\/07\/Estadio_Pocitos_2.jpg","type":"image\/jpeg"}],"twitter_card":"summary_large_image","twitter_misc":{"Tiempo de lectura":"1 minuto"},"schema":{"@context":"https:\/\/schema.org","@graph":[{"@type":"WebPage","@id":"https:\/\/www.padreydecano.com\/cms\/el-baul-de-los-recuerdos\/el-primer-gol-de-los-mundiales-en-el-estadio-pocitos\/","url":"https:\/\/www.padreydecano.com\/cms\/el-baul-de-los-recuerdos\/el-primer-gol-de-los-mundiales-en-el-estadio-pocitos\/","name":"El primer gol de los Mundiales en el Estadio Pocitos - Padre y Decano - El Sitio del Pueblo","isPartOf":{"@id":"https:\/\/www.padreydecano.com\/cms\/#website"},"primaryImageOfPage":{"@id":"https:\/\/www.padreydecano.com\/cms\/el-baul-de-los-recuerdos\/el-primer-gol-de-los-mundiales-en-el-estadio-pocitos\/#primaryimage"},"image":{"@id":"https:\/\/www.padreydecano.com\/cms\/el-baul-de-los-recuerdos\/el-primer-gol-de-los-mundiales-en-el-estadio-pocitos\/#primaryimage"},"thumbnailUrl":"https:\/\/www.padreydecano.com\/cms\/wp-content\/uploads\/2013\/07\/Estadio_Pocitos_2.jpg","datePublished":"2013-07-12T22:58:17+00:00","dateModified":"2013-07-13T21:40:34+00:00","breadcrumb":{"@id":"https:\/\/www.padreydecano.com\/cms\/el-baul-de-los-recuerdos\/el-primer-gol-de-los-mundiales-en-el-estadio-pocitos\/#breadcrumb"},"inLanguage":"es","potentialAction":[{"@type":"ReadAction","target":["https:\/\/www.padreydecano.com\/cms\/el-baul-de-los-recuerdos\/el-primer-gol-de-los-mundiales-en-el-estadio-pocitos\/"]}]},{"@type":"ImageObject","inLanguage":"es","@id":"https:\/\/www.padreydecano.com\/cms\/el-baul-de-los-recuerdos\/el-primer-gol-de-los-mundiales-en-el-estadio-pocitos\/#primaryimage","url":"https:\/\/www.padreydecano.com\/cms\/wp-content\/uploads\/2013\/07\/Estadio_Pocitos_2.jpg","contentUrl":"https:\/\/www.padreydecano.com\/cms\/wp-content\/uploads\/2013\/07\/Estadio_Pocitos_2.jpg","width":640,"height":400},{"@type":"BreadcrumbList","@id":"https:\/\/www.padreydecano.com\/cms\/el-baul-de-los-recuerdos\/el-primer-gol-de-los-mundiales-en-el-estadio-pocitos\/#breadcrumb","itemListElement":[{"@type":"ListItem","position":1,"name":"Portada","item":"https:\/\/www.padreydecano.com\/cms\/"},{"@type":"ListItem","position":2,"name":"El Ba\u00fal de los Recuerdos","item":"https:\/\/www.padreydecano.com\/cms\/el-baul-de-los-recuerdos\/"},{"@type":"ListItem","position":3,"name":"El primer gol de los Mundiales en el Estadio Pocitos"}]},{"@type":"WebSite","@id":"https:\/\/www.padreydecano.com\/cms\/#website","url":"https:\/\/www.padreydecano.com\/cms\/","name":"Padre y Decano - El Sitio del Pueblo","description":"Club Atl\u00e9tico Pe\u00f1arol","publisher":{"@id":"https:\/\/www.padreydecano.com\/cms\/#organization"},"potentialAction":[{"@type":"SearchAction","target":{"@type":"EntryPoint","urlTemplate":"https:\/\/www.padreydecano.com\/cms\/?s={search_term_string}"},"query-input":"required name=search_term_string"}],"inLanguage":"es"},{"@type":"Organization","@id":"https:\/\/www.padreydecano.com\/cms\/#organization","name":"Padre y Decano","url":"https:\/\/www.padreydecano.com\/cms\/","logo":{"@type":"ImageObject","inLanguage":"es","@id":"https:\/\/www.padreydecano.com\/cms\/#\/schema\/logo\/image\/","url":"https:\/\/www.padreydecano.com\/cms\/wp-content\/uploads\/2022\/01\/avatar-square.png","contentUrl":"https:\/\/www.padreydecano.com\/cms\/wp-content\/uploads\/2022\/01\/avatar-square.png","width":1500,"height":1500,"caption":"Padre y Decano"},"image":{"@id":"https:\/\/www.padreydecano.com\/cms\/#\/schema\/logo\/image\/"}}]}},"_links":{"self":[{"href":"https:\/\/www.padreydecano.com\/cms\/wp-json\/wp\/v2\/pages\/40103"}],"collection":[{"href":"https:\/\/www.padreydecano.com\/cms\/wp-json\/wp\/v2\/pages"}],"about":[{"href":"https:\/\/www.padreydecano.com\/cms\/wp-json\/wp\/v2\/types\/page"}],"author":[{"embeddable":true,"href":"https:\/\/www.padreydecano.com\/cms\/wp-json\/wp\/v2\/users\/13"}],"replies":[{"embeddable":true,"href":"https:\/\/www.padreydecano.com\/cms\/wp-json\/wp\/v2\/comments?post=40103"}],"version-history":[{"count":0,"href":"https:\/\/www.padreydecano.com\/cms\/wp-json\/wp\/v2\/pages\/40103\/revisions"}],"up":[{"embeddable":true,"href":"https:\/\/www.padreydecano.com\/cms\/wp-json\/wp\/v2\/pages\/13741"}],"wp:featuredmedia":[{"embeddable":true,"href":"https:\/\/www.padreydecano.com\/cms\/wp-json\/wp\/v2\/media\/40106"}],"wp:attachment":[{"href":"https:\/\/www.padreydecano.com\/cms\/wp-json\/wp\/v2\/media?parent=40103"}],"curies":[{"name":"wp","href":"https:\/\/api.w.org\/{rel}","templated":true}]}}