{"id":35153,"date":"2012-12-18T22:38:56","date_gmt":"2012-12-19T00:38:56","guid":{"rendered":"http:\/\/www.padreydecano.com\/cms\/?page_id=35153"},"modified":"2018-07-23T17:24:24","modified_gmt":"2018-07-23T20:24:24","slug":"historial-futsal","status":"publish","type":"page","link":"https:\/\/www.padreydecano.com\/cms\/historial-futsal\/","title":{"rendered":"Historial Futsal"},"content":{"rendered":"<p style=\"text-align: justify;\">El Futsal comenz\u00f3 a jugarse oficialmente en Uruguay en 1995. El F\u00fatbol Sala actual es un deporte oficial de Pe\u00f1arol, se maneja con una Subcomisi\u00f3n de F\u00fatbol Sala, cuya integraci\u00f3n es aprobada anualmente por el Consejo Directivo del club. Mediante una carta poder que se renueva anualmente, el Consejo Directivo comunica a la Asociaci\u00f3n Uruguaya de F\u00fatbol la integraci\u00f3n de la Subcomisi\u00f3n, detallando en forma expresa los nombres del presidente y secretario general de la misma. Estas dos personas, que eventualmente en casos especiales pueden ser sustituidos por el vicepresidente (uno de ellos, por supuesto) representan a Pe\u00f1arol ante la Comisi\u00f3n Nacional de F\u00fatbol Sala de la AUF.<\/p>\n<p style=\"text-align: justify;\"><strong>Pe\u00f1arol es el equipo que m\u00e1s t\u00edtulos obtuvo en la disciplina con 9\u00a0conquistas, adem\u00e1s de tener 2 tricampeonatos (1995-1997 y 2010-2012).<\/strong><\/p>\n<div align=\"center\">\n<table class=\"comun\" width=\"185\">\n<colgroup>\n<col width=\"80\" \/>\n<col width=\"105\" \/> <\/colgroup>\n<tbody>\n<tr>\n<td style=\"text-align: center;\" width=\"80\" height=\"17\"><span style=\"color: #ffcc00;\"><strong>A\u00f1o<\/strong><\/span><\/td>\n<td style=\"text-align: center;\" width=\"105\"><strong><span style=\"color: #ffcc00;\">Club<\/span><\/strong><\/td>\n<\/tr>\n<tr>\n<td style=\"text-align: center;\" width=\"80\" height=\"17\">2017<\/td>\n<td style=\"text-align: center;\" width=\"105\">Nacional<\/td>\n<\/tr>\n<tr>\n<td style=\"text-align: center;\" width=\"80\" height=\"17\">2016<\/td>\n<td style=\"text-align: center;\" width=\"105\">Old Christians<\/td>\n<\/tr>\n<tr>\n<td style=\"text-align: center;\" width=\"80\" height=\"17\">2015<\/td>\n<td style=\"text-align: center;\" width=\"105\">Old Christians<\/td>\n<\/tr>\n<tr>\n<td style=\"text-align: center;\" width=\"80\" height=\"17\">2014<\/td>\n<td style=\"text-align: center;\" width=\"105\"><span style=\"color: #ffcc02;\"><strong>Pe\u00f1arol<\/strong><\/span><\/td>\n<\/tr>\n<tr>\n<td style=\"text-align: center;\" height=\"17\">2013<\/td>\n<td style=\"text-align: center;\">Old Christians<\/td>\n<\/tr>\n<tr>\n<td style=\"text-align: center;\" height=\"17\">2012<\/td>\n<td style=\"text-align: center;\"><strong><span style=\"color: #ffcc00;\">Pe\u00f1arol<\/span><\/strong><\/td>\n<\/tr>\n<tr>\n<td style=\"text-align: center;\" height=\"17\">2011<\/td>\n<td style=\"text-align: center;\"><span style=\"color: #ffcc00;\"><strong>Pe\u00f1arol<\/strong><\/span><\/td>\n<\/tr>\n<tr>\n<td style=\"text-align: center;\" height=\"17\">2010<\/td>\n<td style=\"text-align: center;\"><span style=\"color: #ffcc00;\"><strong>Pe\u00f1arol<\/strong><\/span><\/td>\n<\/tr>\n<tr>\n<td style=\"text-align: center;\" height=\"17\">2009<\/td>\n<td style=\"text-align: center;\">Nacional<\/td>\n<\/tr>\n<tr>\n<td style=\"text-align: center;\" height=\"17\">2008<\/td>\n<td style=\"text-align: center;\">Nacional<\/td>\n<\/tr>\n<tr>\n<td style=\"text-align: center;\" height=\"17\">2007<\/td>\n<td style=\"text-align: center;\">R\u00edo Branco<\/td>\n<\/tr>\n<tr>\n<td style=\"text-align: center;\" height=\"17\">2006<\/td>\n<td style=\"text-align: center;\">Malv\u00edn<\/td>\n<\/tr>\n<tr>\n<td style=\"text-align: center;\" height=\"17\">2005<\/td>\n<td style=\"text-align: center;\">Nacional<\/td>\n<\/tr>\n<tr>\n<td style=\"text-align: center;\" height=\"17\">2004<\/td>\n<td style=\"text-align: center;\"><strong><span style=\"color: #ffcc00;\">Pe\u00f1arol<\/span><\/strong><\/td>\n<\/tr>\n<tr>\n<td style=\"text-align: center;\" height=\"17\">2003<\/td>\n<td style=\"text-align: center;\">Nacional<\/td>\n<\/tr>\n<tr>\n<td style=\"text-align: center;\" height=\"17\">2002<\/td>\n<td style=\"text-align: center;\">Nacional<\/td>\n<\/tr>\n<tr>\n<td style=\"text-align: center;\" height=\"17\">2001<\/td>\n<td style=\"text-align: center;\">Banco Rep\u00fablica<\/td>\n<\/tr>\n<tr>\n<td style=\"text-align: center;\" height=\"17\">2000<\/td>\n<td style=\"text-align: center;\">Nacional<\/td>\n<\/tr>\n<tr>\n<td style=\"text-align: center;\" height=\"17\">1999<\/td>\n<td style=\"text-align: center;\"><strong><span style=\"color: #ffcc00;\">Pe\u00f1arol<\/span><\/strong><\/td>\n<\/tr>\n<tr>\n<td style=\"text-align: center;\" height=\"17\">1998<\/td>\n<td style=\"text-align: center;\">Nacional<\/td>\n<\/tr>\n<tr>\n<td style=\"text-align: center;\" height=\"17\">1997<\/td>\n<td style=\"text-align: center;\"><span style=\"color: #ffcc00;\"><strong>Pe\u00f1arol<\/strong><\/span><\/td>\n<\/tr>\n<tr>\n<td style=\"text-align: center;\" height=\"17\">1996<\/td>\n<td style=\"text-align: center;\"><span style=\"color: #ffcc00;\"><strong>Pe\u00f1arol<\/strong><\/span><\/td>\n<\/tr>\n<tr>\n<td style=\"text-align: center;\" height=\"17\">1995<\/td>\n<td style=\"text-align: center;\"><span style=\"color: #ffcc00;\"><strong>Pe\u00f1arol<\/strong><\/span><\/td>\n<\/tr>\n<\/tbody>\n<\/table>\n<\/div>\n<hr \/>\n<div align=\"center\">\n<table class=\"comun\" width=\"260\">\n<colgroup>\n<col width=\"105\" \/>\n<col width=\"155\" \/> <\/colgroup>\n<tbody>\n<tr>\n<td style=\"text-align: center;\" width=\"105\" height=\"17\"><span style=\"color: #ffcc00;\"><strong>Club<\/strong><\/span><\/td>\n<td style=\"text-align: center;\" width=\"155\"><strong><span style=\"color: #ffcc00;\">Campeonatos Uruguayos<\/span><\/strong><\/td>\n<\/tr>\n<tr>\n<td style=\"text-align: center;\" height=\"17\"><span style=\"color: #ffcc00;\"><strong>Pe\u00f1arol<\/strong><\/span><\/td>\n<td style=\"text-align: center;\" align=\"right\"><span style=\"color: #ffcc00;\"><b>9<\/b><\/span><\/td>\n<\/tr>\n<tr>\n<td style=\"text-align: center;\" height=\"17\">Nacional<\/td>\n<td style=\"text-align: center;\" align=\"right\">8<\/td>\n<\/tr>\n<tr>\n<td style=\"text-align: center;\" height=\"17\">Old Christians<\/td>\n<td style=\"text-align: center;\" align=\"right\">3<\/td>\n<\/tr>\n<tr>\n<td style=\"text-align: center;\" height=\"17\">Banco Rep\u00fablica<\/td>\n<td style=\"text-align: center;\" align=\"right\">1<\/td>\n<\/tr>\n<tr>\n<td style=\"text-align: center;\" height=\"17\">Malv\u00edn<\/td>\n<td style=\"text-align: center;\" align=\"right\">1<\/td>\n<\/tr>\n<tr>\n<td style=\"text-align: center;\" height=\"17\">R\u00edo Branco<\/td>\n<td style=\"text-align: center;\" align=\"right\">1<\/td>\n<\/tr>\n<\/tbody>\n<\/table>\n<\/div>\n<p>Actualmente, el presidente de la Comisi\u00f3n de F\u00fatbol Sala es el Sr. V\u00edctor Bedrossian.<\/p>\n","protected":false},"excerpt":{"rendered":"<p>El Futsal comenz\u00f3 a jugarse oficialmente en Uruguay en 1995. El F\u00fatbol Sala actual es un deporte oficial de Pe\u00f1arol, se maneja con una Subcomisi\u00f3n de F\u00fatbol Sala, cuya integraci\u00f3n es aprobada anualmente por el Consejo Directivo del club. Mediante una carta poder que se renueva anualmente, el Consejo Directivo comunica a la Asociaci\u00f3n Uruguaya [&hellip;]<\/p>\n","protected":false},"author":16,"featured_media":0,"parent":0,"menu_order":9,"comment_status":"open","ping_status":"open","template":"","meta":{"footnotes":""},"yoast_head":"<!-- This site is optimized with the Yoast SEO plugin v23.2 - https:\/\/yoast.com\/wordpress\/plugins\/seo\/ -->\n<title>Historial Futsal - Padre y Decano - El Sitio del Pueblo<\/title>\n<meta name=\"robots\" content=\"index, follow, max-snippet:-1, max-image-preview:large, max-video-preview:-1\" \/>\n<link rel=\"canonical\" href=\"https:\/\/www.padreydecano.com\/cms\/historial-futsal\/\" \/>\n<meta property=\"og:locale\" content=\"es_ES\" \/>\n<meta property=\"og:type\" content=\"article\" \/>\n<meta property=\"og:title\" content=\"Historial Futsal - Padre y Decano - El Sitio del Pueblo\" \/>\n<meta property=\"og:description\" content=\"El Futsal comenz\u00f3 a jugarse oficialmente en Uruguay en 1995. El F\u00fatbol Sala actual es un deporte oficial de Pe\u00f1arol, se maneja con una Subcomisi\u00f3n de F\u00fatbol Sala, cuya integraci\u00f3n es aprobada anualmente por el Consejo Directivo del club. Mediante una carta poder que se renueva anualmente, el Consejo Directivo comunica a la Asociaci\u00f3n Uruguaya [&hellip;]\" \/>\n<meta property=\"og:url\" content=\"https:\/\/www.padreydecano.com\/cms\/historial-futsal\/\" \/>\n<meta property=\"og:site_name\" content=\"Padre y Decano - El Sitio del Pueblo\" \/>\n<meta property=\"article:modified_time\" content=\"2018-07-23T20:24:24+00:00\" \/>\n<meta property=\"og:image\" content=\"https:\/\/www.padreydecano.com\/cms\/wp-content\/uploads\/2022\/01\/10-anos-post.jpg\" \/>\n\t<meta property=\"og:image:width\" content=\"1200\" \/>\n\t<meta property=\"og:image:height\" content=\"912\" \/>\n\t<meta property=\"og:image:type\" content=\"image\/jpeg\" \/>\n<meta name=\"twitter:card\" content=\"summary_large_image\" \/>\n<meta name=\"twitter:label1\" content=\"Tiempo de lectura\" \/>\n\t<meta name=\"twitter:data1\" content=\"1 minuto\" \/>\n<script type=\"application\/ld+json\" class=\"yoast-schema-graph\">{\"@context\":\"https:\/\/schema.org\",\"@graph\":[{\"@type\":\"WebPage\",\"@id\":\"https:\/\/www.padreydecano.com\/cms\/historial-futsal\/\",\"url\":\"https:\/\/www.padreydecano.com\/cms\/historial-futsal\/\",\"name\":\"Historial Futsal - Padre y Decano - El Sitio del Pueblo\",\"isPartOf\":{\"@id\":\"https:\/\/www.padreydecano.com\/cms\/#website\"},\"datePublished\":\"2012-12-19T00:38:56+00:00\",\"dateModified\":\"2018-07-23T20:24:24+00:00\",\"breadcrumb\":{\"@id\":\"https:\/\/www.padreydecano.com\/cms\/historial-futsal\/#breadcrumb\"},\"inLanguage\":\"es\",\"potentialAction\":[{\"@type\":\"ReadAction\",\"target\":[\"https:\/\/www.padreydecano.com\/cms\/historial-futsal\/\"]}]},{\"@type\":\"BreadcrumbList\",\"@id\":\"https:\/\/www.padreydecano.com\/cms\/historial-futsal\/#breadcrumb\",\"itemListElement\":[{\"@type\":\"ListItem\",\"position\":1,\"name\":\"Portada\",\"item\":\"https:\/\/www.padreydecano.com\/cms\/\"},{\"@type\":\"ListItem\",\"position\":2,\"name\":\"Historial Futsal\"}]},{\"@type\":\"WebSite\",\"@id\":\"https:\/\/www.padreydecano.com\/cms\/#website\",\"url\":\"https:\/\/www.padreydecano.com\/cms\/\",\"name\":\"Padre y Decano - El Sitio del Pueblo\",\"description\":\"Club Atl\u00e9tico Pe\u00f1arol\",\"publisher\":{\"@id\":\"https:\/\/www.padreydecano.com\/cms\/#organization\"},\"potentialAction\":[{\"@type\":\"SearchAction\",\"target\":{\"@type\":\"EntryPoint\",\"urlTemplate\":\"https:\/\/www.padreydecano.com\/cms\/?s={search_term_string}\"},\"query-input\":\"required name=search_term_string\"}],\"inLanguage\":\"es\"},{\"@type\":\"Organization\",\"@id\":\"https:\/\/www.padreydecano.com\/cms\/#organization\",\"name\":\"Padre y Decano\",\"url\":\"https:\/\/www.padreydecano.com\/cms\/\",\"logo\":{\"@type\":\"ImageObject\",\"inLanguage\":\"es\",\"@id\":\"https:\/\/www.padreydecano.com\/cms\/#\/schema\/logo\/image\/\",\"url\":\"https:\/\/www.padreydecano.com\/cms\/wp-content\/uploads\/2022\/01\/avatar-square.png\",\"contentUrl\":\"https:\/\/www.padreydecano.com\/cms\/wp-content\/uploads\/2022\/01\/avatar-square.png\",\"width\":1500,\"height\":1500,\"caption\":\"Padre y Decano\"},\"image\":{\"@id\":\"https:\/\/www.padreydecano.com\/cms\/#\/schema\/logo\/image\/\"}}]}<\/script>\n<!-- \/ Yoast SEO plugin. -->","yoast_head_json":{"title":"Historial Futsal - Padre y Decano - El Sitio del Pueblo","robots":{"index":"index","follow":"follow","max-snippet":"max-snippet:-1","max-image-preview":"max-image-preview:large","max-video-preview":"max-video-preview:-1"},"canonical":"https:\/\/www.padreydecano.com\/cms\/historial-futsal\/","og_locale":"es_ES","og_type":"article","og_title":"Historial Futsal - Padre y Decano - El Sitio del Pueblo","og_description":"El Futsal comenz\u00f3 a jugarse oficialmente en Uruguay en 1995. El F\u00fatbol Sala actual es un deporte oficial de Pe\u00f1arol, se maneja con una Subcomisi\u00f3n de F\u00fatbol Sala, cuya integraci\u00f3n es aprobada anualmente por el Consejo Directivo del club. Mediante una carta poder que se renueva anualmente, el Consejo Directivo comunica a la Asociaci\u00f3n Uruguaya [&hellip;]","og_url":"https:\/\/www.padreydecano.com\/cms\/historial-futsal\/","og_site_name":"Padre y Decano - El Sitio del Pueblo","article_modified_time":"2018-07-23T20:24:24+00:00","og_image":[{"width":1200,"height":912,"url":"https:\/\/www.padreydecano.com\/cms\/wp-content\/uploads\/2022\/01\/10-anos-post.jpg","type":"image\/jpeg"}],"twitter_card":"summary_large_image","twitter_misc":{"Tiempo de lectura":"1 minuto"},"schema":{"@context":"https:\/\/schema.org","@graph":[{"@type":"WebPage","@id":"https:\/\/www.padreydecano.com\/cms\/historial-futsal\/","url":"https:\/\/www.padreydecano.com\/cms\/historial-futsal\/","name":"Historial Futsal - Padre y Decano - El Sitio del Pueblo","isPartOf":{"@id":"https:\/\/www.padreydecano.com\/cms\/#website"},"datePublished":"2012-12-19T00:38:56+00:00","dateModified":"2018-07-23T20:24:24+00:00","breadcrumb":{"@id":"https:\/\/www.padreydecano.com\/cms\/historial-futsal\/#breadcrumb"},"inLanguage":"es","potentialAction":[{"@type":"ReadAction","target":["https:\/\/www.padreydecano.com\/cms\/historial-futsal\/"]}]},{"@type":"BreadcrumbList","@id":"https:\/\/www.padreydecano.com\/cms\/historial-futsal\/#breadcrumb","itemListElement":[{"@type":"ListItem","position":1,"name":"Portada","item":"https:\/\/www.padreydecano.com\/cms\/"},{"@type":"ListItem","position":2,"name":"Historial Futsal"}]},{"@type":"WebSite","@id":"https:\/\/www.padreydecano.com\/cms\/#website","url":"https:\/\/www.padreydecano.com\/cms\/","name":"Padre y Decano - El Sitio del Pueblo","description":"Club Atl\u00e9tico Pe\u00f1arol","publisher":{"@id":"https:\/\/www.padreydecano.com\/cms\/#organization"},"potentialAction":[{"@type":"SearchAction","target":{"@type":"EntryPoint","urlTemplate":"https:\/\/www.padreydecano.com\/cms\/?s={search_term_string}"},"query-input":"required name=search_term_string"}],"inLanguage":"es"},{"@type":"Organization","@id":"https:\/\/www.padreydecano.com\/cms\/#organization","name":"Padre y Decano","url":"https:\/\/www.padreydecano.com\/cms\/","logo":{"@type":"ImageObject","inLanguage":"es","@id":"https:\/\/www.padreydecano.com\/cms\/#\/schema\/logo\/image\/","url":"https:\/\/www.padreydecano.com\/cms\/wp-content\/uploads\/2022\/01\/avatar-square.png","contentUrl":"https:\/\/www.padreydecano.com\/cms\/wp-content\/uploads\/2022\/01\/avatar-square.png","width":1500,"height":1500,"caption":"Padre y Decano"},"image":{"@id":"https:\/\/www.padreydecano.com\/cms\/#\/schema\/logo\/image\/"}}]}},"_links":{"self":[{"href":"https:\/\/www.padreydecano.com\/cms\/wp-json\/wp\/v2\/pages\/35153"}],"collection":[{"href":"https:\/\/www.padreydecano.com\/cms\/wp-json\/wp\/v2\/pages"}],"about":[{"href":"https:\/\/www.padreydecano.com\/cms\/wp-json\/wp\/v2\/types\/page"}],"author":[{"embeddable":true,"href":"https:\/\/www.padreydecano.com\/cms\/wp-json\/wp\/v2\/users\/16"}],"replies":[{"embeddable":true,"href":"https:\/\/www.padreydecano.com\/cms\/wp-json\/wp\/v2\/comments?post=35153"}],"version-history":[{"count":0,"href":"https:\/\/www.padreydecano.com\/cms\/wp-json\/wp\/v2\/pages\/35153\/revisions"}],"wp:attachment":[{"href":"https:\/\/www.padreydecano.com\/cms\/wp-json\/wp\/v2\/media?parent=35153"}],"curies":[{"name":"wp","href":"https:\/\/api.w.org\/{rel}","templated":true}]}}