{"id":2898,"date":"2011-09-28T15:10:05","date_gmt":"2011-09-28T18:10:05","guid":{"rendered":"http:\/\/www.padreydecano.com\/cms\/?page_id=2898"},"modified":"2014-07-29T11:59:45","modified_gmt":"2014-07-29T14:59:45","slug":"1891-1900","status":"publish","type":"page","link":"https:\/\/www.padreydecano.com\/cms\/historia-oficial\/1891-1900\/","title":{"rendered":"1891-1900"},"content":{"rendered":"<p style=\"text-align: justify;\">El <strong><a href=\"https:\/\/www.padreydecano.com\/cms\/fundacion\/\" target=\"_blank\">28 de Setiembre de 1891<\/a><\/strong> nace en la <strong><a href=\"https:\/\/www.padreydecano.com\/cms\/barrio-penarol\/\" target=\"_blank\">Villa Pe\u00f1arol<\/a><\/strong> el <strong>Central Uruguay Railway Cricket Club<\/strong>, conocido por el pueblo desde sus comienzos como <strong>Pe\u00f1arol<\/strong>.<\/p>\n<p style=\"text-align: justify;\">En <strong>1892<\/strong> comienza a jugarse al f\u00fatbol, se resuelve en la Asamblea del 5 de mayo y se designa a John Mac Gregor como capit\u00e1n. A los pocos d\u00edas se juega el primer amistoso, el 11 de mayo contra un combinado de alumnos del Colegio Brit\u00e1nico. <strong>Fue victoria carbonera por 3 a 2<\/strong>. Este ser\u00eda el comienzo de la historia, el presente y el futuro m\u00e1s rico de nuestro f\u00fatbol. La primera integraci\u00f3n de Pe\u00f1arol fue: P. Sedgfield, P. Desham y J. Mc Gregor; R. Burns, W. Jones y J. Burns; J. Woosey, Hopkings, A. Davenport, T.B. Davies y H.C. Sagehorn. La formaci\u00f3n, tradicional aquella \u00e9poca, era 1-2-3-5.<\/p>\n<p style=\"text-align: justify;\">El 25 de Mayo de 1892 se inaugur\u00f3 la primera cancha que tuvo <strong>Pe\u00f1arol<\/strong>, localizada en <strong>Camino Casavalle y Coronel Ra\u00edz, <\/strong>en el coraz\u00f3n de la <a href=\"https:\/\/www.padreydecano.com\/cms\/barrio-penarol\/\" target=\"_blank\">Villa Pe<\/a><a href=\"https:\/\/www.padreydecano.com\/cms\/barrio-penarol\/\" target=\"_blank\">\u00f1arol<\/a><strong>.\u00a0<\/strong>En los primeros a\u00f1os los rivales eran el <strong style=\"text-align: -webkit-auto;\">Albion<\/strong><span class=\"Apple-style-span\" style=\"text-align: -webkit-auto;\"> y el <\/span><strong style=\"text-align: -webkit-auto;\">Universitario Football Club.<\/strong><span class=\"Apple-style-span\" style=\"text-align: -webkit-auto;\">\u00a0Tambi\u00e9n se disputaban numerosos enfrentamientos contra las tripulaciones de barcos que pasaban por el puerto de Montevideo.<\/span><\/p>\n<p style=\"text-align: justify;\">El f\u00fatbol comienza a desplazar al Cricket y los primeros jugadores criollos comienzan a mezclarse con los ingleses.<strong> <a href=\"https:\/\/www.padreydecano.com\/cms\/idolos\/julio-negron\/\" target=\"_blank\">Julio Negr\u00f3n<\/a> (primer capit\u00e1n criollo en 1895), <a href=\"https:\/\/www.padreydecano.com\/cms\/idolos\/edmundo-acebedo\/\" target=\"_blank\">Edmundo Acebedo<\/a>, <a href=\"www.padreydecano.com\/cms\/idolos\/lorenzo-mazzuco\/\" target=\"_blank\">Lorenzo Mazzuco<\/a> (1897) y el juvenil Ricardo de los R\u00edos, son los mejores exponentes.<\/strong><\/p>\n<p style=\"text-align: justify;\"><strong>En 1899 lleg\u00f3 su m\u00e1xima figura del per\u00edodo: <a href=\"https:\/\/www.padreydecano.com\/cms\/idolos\/juan-pena\/\" target=\"_blank\">Juan Pena<\/a>. Fue el primer innovador criollo ofensivo, ense\u00f1o que el gol se genera en los extremos.<\/strong> Fue campe\u00f3n uruguayo con Pe\u00f1arol en 1900, 1901 y 1905.<\/p>\n<div id=\"attachment_5529\" style=\"width: 557px\" class=\"wp-caption aligncenter\"><a href=\"https:\/\/www.padreydecano.com\/cms\/wp-content\/uploads\/2011\/09\/1900.jpg\" rel=\"shadowbox[sbpost-2898];player=img;\"><img loading=\"lazy\" decoding=\"async\" aria-describedby=\"caption-attachment-5529\" class=\"size-full wp-image-5529      \" src=\"https:\/\/www.padreydecano.com\/cms\/wp-content\/uploads\/2011\/09\/1900.jpg\" alt=\"\" width=\"547\" height=\"221\" srcset=\"https:\/\/www.padreydecano.com\/cms\/wp-content\/uploads\/2011\/09\/1900.jpg 1024w, https:\/\/www.padreydecano.com\/cms\/wp-content\/uploads\/2011\/09\/1900-300x120.jpg 300w\" sizes=\"(max-width: 547px) 100vw, 547px\" \/><\/a><p id=\"caption-attachment-5529\" class=\"wp-caption-text\">Amistoso en 1899 entre CURCC (Pe\u00f1arol) y Belgrano (Bs. As.). De fondo los talleres de CUR. Foto: Enrique Benech<\/p><\/div>\n<p style=\"text-align: justify; margin-top: 15px;\">El 30 de Marzo de 1900 se fund\u00f3 la <strong>Asociaci\u00f3n Uruguaya de Football<\/strong>, en ese entonces llamada \u201cThe Uruguay Association Football League\u201d. <strong>Los equipos que la fundaron fueron: Pe\u00f1arol, Albi\u00f3n, Deutscher F.K. y Uruguay A.C.<\/strong><\/p>\n<p style=\"text-align: justify;\">Entre estos equipos se juega el primer campeonato de \u201cThe Uruguay Association Football League\u201d y el primer partido oficial de Pe\u00f1arol se da <strong>el 10 de Junio de 1900<\/strong> enfrentando al Albi\u00f3n. Fue debut con triunfo aurinegro 2 a 1.\u00a0<strong>Pe\u00f1arol gan\u00f3 <a href=\"https:\/\/www.padreydecano.com\/cms\/campanas-historicas\/la-campana-de-1900\/\" target=\"_blank\">el primer t\u00edtulo de Campe\u00f3n Uruguayo<\/a> con un invicto perfecto al ganar todos los encuentros<\/strong>. Convirti\u00f3 36 goles en 6 partidos y apenas recibi\u00f3 2.<\/p>\n<p style=\"text-align: justify;\">En esta d\u00e9cada se da un hecho m\u00e1s que particular y es que <strong>Pe\u00f1arol inaugura el Parque Central<\/strong>. El 25 de Mayo de 1900 Pe\u00f1arol se enfrenta al <strong>Deutscher Fussbal Klub<\/strong>, due\u00f1o de dicho escenario en aquellos a\u00f1os. Pe\u00f1arol gan\u00f3 2 a 0 con goles de Buchanan y Davies.<\/p>\n<p style=\"text-align: justify;\"><strong>El 15 de Julio de este mismo a\u00f1o se juega <a href=\"https:\/\/www.padreydecano.com\/cms\/historias-clasicas\/primer-clasico-de-la-historia\/\" target=\"_blank\">el primer cl\u00e1sico de la historia<\/a>, y como marca la <a title=\"Paternidad\" href=\"https:\/\/www.padreydecano.com\/cms\/paternidad\/\" target=\"_blank\">paternidad<\/a>, lo gan\u00f3 Pe\u00f1arol 2 a 0<\/strong> con dos goles de Aniceto Camacho en el Parque Central. Quedar\u00e1 en la historia por ser el primer cl\u00e1sico y tambi\u00e9n por jugarse en el Parque Central.<\/p>\n<div id=\"attachment_5810\" style=\"width: 560px\" class=\"wp-caption aligncenter\"><a href=\"https:\/\/www.padreydecano.com\/cms\/wp-content\/uploads\/2011\/09\/19001.jpg\" rel=\"shadowbox[sbpost-2898];player=img;\"><img loading=\"lazy\" decoding=\"async\" aria-describedby=\"caption-attachment-5810\" class=\"size-full wp-image-5810   \" src=\"https:\/\/www.padreydecano.com\/cms\/wp-content\/uploads\/2011\/09\/19001.jpg\" alt=\"\" width=\"550\" height=\"381\" srcset=\"https:\/\/www.padreydecano.com\/cms\/wp-content\/uploads\/2011\/09\/19001.jpg 550w, https:\/\/www.padreydecano.com\/cms\/wp-content\/uploads\/2011\/09\/19001-300x207.jpg 300w\" sizes=\"(max-width: 550px) 100vw, 550px\" \/><\/a><p id=\"caption-attachment-5810\" class=\"wp-caption-text\">Plantel Campe\u00f3n del Primer Campeonato Uruguayo e invicto en 1900. T.Davies, R. De los R\u00edos, J. Pena, C. Ward, L.Mazzuco, F. Fabre, T. Lewis, J. Canning, A. Jones, J. Buchanan, W. Davies, W. Best y C. Lindeblad.<\/p><\/div>\n<p style=\"text-align: justify; margin-top: 15px;\">Otro hecho hist\u00f3rico es que en 1900 se logra ganar <strong>el primer partido internacional de car\u00e1cter oficial<\/strong>,<strong> siendo Pe\u00f1arol el primer equipo uruguayo en lograr esto<\/strong>. Fue el 29 de Julio de 1900 en nuestra cancha de la <a href=\"https:\/\/www.padreydecano.com\/cms\/barrio-penarol\/\" target=\"_blank\">Villa Pe\u00f1arol<\/a> ante el entonces poderoso Belgrano Athletic Club de Buenos Aires. Fue <strong>victoria carbonera por 3 a 0<\/strong> con tantos de Davies, Acebedo y Aniceto Camacho.<\/p>\n<p style=\"text-align: justify;\"><span style=\"color: #ffcc02;\"><strong>Copas Ganadas en la d\u00e9cada 1891-1900:<\/strong><\/span><\/p>\n<ul>\n<li>Copa Uruguaya AUF: <a href=\"https:\/\/www.padreydecano.com\/cms\/campanas-historicas\/la-campana-de-1900\/\" target=\"_blank\"><strong><span style=\"color: #ffcc02;\">1900<\/span><\/strong><\/a><\/li>\n<\/ul>\n","protected":false},"excerpt":{"rendered":"<p>El 28 de Setiembre de 1891 nace en la Villa Pe\u00f1arol el Central Uruguay Railway Cricket Club, conocido por el pueblo desde sus comienzos como Pe\u00f1arol. En 1892 comienza a jugarse al f\u00fatbol, se resuelve en la Asamblea del 5 de mayo y se designa a John Mac Gregor como capit\u00e1n. A los pocos d\u00edas [&hellip;]<\/p>\n","protected":false},"author":2,"featured_media":0,"parent":64,"menu_order":1,"comment_status":"closed","ping_status":"closed","template":"","meta":{"footnotes":""},"yoast_head":"<!-- This site is optimized with the Yoast SEO plugin v23.2 - https:\/\/yoast.com\/wordpress\/plugins\/seo\/ -->\n<title>1891-1900 - Padre y Decano - El Sitio del Pueblo<\/title>\n<meta name=\"robots\" content=\"index, follow, max-snippet:-1, max-image-preview:large, max-video-preview:-1\" \/>\n<link rel=\"canonical\" href=\"https:\/\/www.padreydecano.com\/cms\/historia-oficial\/1891-1900\/\" \/>\n<meta property=\"og:locale\" content=\"es_ES\" \/>\n<meta property=\"og:type\" content=\"article\" \/>\n<meta property=\"og:title\" content=\"1891-1900 - Padre y Decano - El Sitio del Pueblo\" \/>\n<meta property=\"og:description\" content=\"El 28 de Setiembre de 1891 nace en la Villa Pe\u00f1arol el Central Uruguay Railway Cricket Club, conocido por el pueblo desde sus comienzos como Pe\u00f1arol. En 1892 comienza a jugarse al f\u00fatbol, se resuelve en la Asamblea del 5 de mayo y se designa a John Mac Gregor como capit\u00e1n. A los pocos d\u00edas [&hellip;]\" \/>\n<meta property=\"og:url\" content=\"https:\/\/www.padreydecano.com\/cms\/historia-oficial\/1891-1900\/\" \/>\n<meta property=\"og:site_name\" content=\"Padre y Decano - El Sitio del Pueblo\" \/>\n<meta property=\"article:modified_time\" content=\"2014-07-29T14:59:45+00:00\" \/>\n<meta property=\"og:image\" content=\"http:\/\/www.padreydecano.com\/cms\/wp-content\/uploads\/2011\/09\/1900.jpg\" \/>\n<meta name=\"twitter:card\" content=\"summary_large_image\" \/>\n<meta name=\"twitter:label1\" content=\"Tiempo de lectura\" \/>\n\t<meta name=\"twitter:data1\" content=\"3 minutos\" \/>\n<script type=\"application\/ld+json\" class=\"yoast-schema-graph\">{\"@context\":\"https:\/\/schema.org\",\"@graph\":[{\"@type\":\"WebPage\",\"@id\":\"https:\/\/www.padreydecano.com\/cms\/historia-oficial\/1891-1900\/\",\"url\":\"https:\/\/www.padreydecano.com\/cms\/historia-oficial\/1891-1900\/\",\"name\":\"1891-1900 - Padre y Decano - El Sitio del Pueblo\",\"isPartOf\":{\"@id\":\"https:\/\/www.padreydecano.com\/cms\/#website\"},\"primaryImageOfPage\":{\"@id\":\"https:\/\/www.padreydecano.com\/cms\/historia-oficial\/1891-1900\/#primaryimage\"},\"image\":{\"@id\":\"https:\/\/www.padreydecano.com\/cms\/historia-oficial\/1891-1900\/#primaryimage\"},\"thumbnailUrl\":\"http:\/\/www.padreydecano.com\/cms\/wp-content\/uploads\/2011\/09\/1900.jpg\",\"datePublished\":\"2011-09-28T18:10:05+00:00\",\"dateModified\":\"2014-07-29T14:59:45+00:00\",\"breadcrumb\":{\"@id\":\"https:\/\/www.padreydecano.com\/cms\/historia-oficial\/1891-1900\/#breadcrumb\"},\"inLanguage\":\"es\",\"potentialAction\":[{\"@type\":\"ReadAction\",\"target\":[\"https:\/\/www.padreydecano.com\/cms\/historia-oficial\/1891-1900\/\"]}]},{\"@type\":\"ImageObject\",\"inLanguage\":\"es\",\"@id\":\"https:\/\/www.padreydecano.com\/cms\/historia-oficial\/1891-1900\/#primaryimage\",\"url\":\"http:\/\/www.padreydecano.com\/cms\/wp-content\/uploads\/2011\/09\/1900.jpg\",\"contentUrl\":\"http:\/\/www.padreydecano.com\/cms\/wp-content\/uploads\/2011\/09\/1900.jpg\"},{\"@type\":\"BreadcrumbList\",\"@id\":\"https:\/\/www.padreydecano.com\/cms\/historia-oficial\/1891-1900\/#breadcrumb\",\"itemListElement\":[{\"@type\":\"ListItem\",\"position\":1,\"name\":\"Portada\",\"item\":\"https:\/\/www.padreydecano.com\/cms\/\"},{\"@type\":\"ListItem\",\"position\":2,\"name\":\"Historia Oficial\",\"item\":\"https:\/\/www.padreydecano.com\/cms\/historia-oficial\/\"},{\"@type\":\"ListItem\",\"position\":3,\"name\":\"1891-1900\"}]},{\"@type\":\"WebSite\",\"@id\":\"https:\/\/www.padreydecano.com\/cms\/#website\",\"url\":\"https:\/\/www.padreydecano.com\/cms\/\",\"name\":\"Padre y Decano - El Sitio del Pueblo\",\"description\":\"Club Atl\u00e9tico Pe\u00f1arol\",\"publisher\":{\"@id\":\"https:\/\/www.padreydecano.com\/cms\/#organization\"},\"potentialAction\":[{\"@type\":\"SearchAction\",\"target\":{\"@type\":\"EntryPoint\",\"urlTemplate\":\"https:\/\/www.padreydecano.com\/cms\/?s={search_term_string}\"},\"query-input\":\"required name=search_term_string\"}],\"inLanguage\":\"es\"},{\"@type\":\"Organization\",\"@id\":\"https:\/\/www.padreydecano.com\/cms\/#organization\",\"name\":\"Padre y Decano\",\"url\":\"https:\/\/www.padreydecano.com\/cms\/\",\"logo\":{\"@type\":\"ImageObject\",\"inLanguage\":\"es\",\"@id\":\"https:\/\/www.padreydecano.com\/cms\/#\/schema\/logo\/image\/\",\"url\":\"https:\/\/www.padreydecano.com\/cms\/wp-content\/uploads\/2022\/01\/avatar-square.png\",\"contentUrl\":\"https:\/\/www.padreydecano.com\/cms\/wp-content\/uploads\/2022\/01\/avatar-square.png\",\"width\":1500,\"height\":1500,\"caption\":\"Padre y Decano\"},\"image\":{\"@id\":\"https:\/\/www.padreydecano.com\/cms\/#\/schema\/logo\/image\/\"}}]}<\/script>\n<!-- \/ Yoast SEO plugin. -->","yoast_head_json":{"title":"1891-1900 - Padre y Decano - El Sitio del Pueblo","robots":{"index":"index","follow":"follow","max-snippet":"max-snippet:-1","max-image-preview":"max-image-preview:large","max-video-preview":"max-video-preview:-1"},"canonical":"https:\/\/www.padreydecano.com\/cms\/historia-oficial\/1891-1900\/","og_locale":"es_ES","og_type":"article","og_title":"1891-1900 - Padre y Decano - El Sitio del Pueblo","og_description":"El 28 de Setiembre de 1891 nace en la Villa Pe\u00f1arol el Central Uruguay Railway Cricket Club, conocido por el pueblo desde sus comienzos como Pe\u00f1arol. En 1892 comienza a jugarse al f\u00fatbol, se resuelve en la Asamblea del 5 de mayo y se designa a John Mac Gregor como capit\u00e1n. A los pocos d\u00edas [&hellip;]","og_url":"https:\/\/www.padreydecano.com\/cms\/historia-oficial\/1891-1900\/","og_site_name":"Padre y Decano - El Sitio del Pueblo","article_modified_time":"2014-07-29T14:59:45+00:00","og_image":[{"url":"http:\/\/www.padreydecano.com\/cms\/wp-content\/uploads\/2011\/09\/1900.jpg"}],"twitter_card":"summary_large_image","twitter_misc":{"Tiempo de lectura":"3 minutos"},"schema":{"@context":"https:\/\/schema.org","@graph":[{"@type":"WebPage","@id":"https:\/\/www.padreydecano.com\/cms\/historia-oficial\/1891-1900\/","url":"https:\/\/www.padreydecano.com\/cms\/historia-oficial\/1891-1900\/","name":"1891-1900 - Padre y Decano - El Sitio del Pueblo","isPartOf":{"@id":"https:\/\/www.padreydecano.com\/cms\/#website"},"primaryImageOfPage":{"@id":"https:\/\/www.padreydecano.com\/cms\/historia-oficial\/1891-1900\/#primaryimage"},"image":{"@id":"https:\/\/www.padreydecano.com\/cms\/historia-oficial\/1891-1900\/#primaryimage"},"thumbnailUrl":"http:\/\/www.padreydecano.com\/cms\/wp-content\/uploads\/2011\/09\/1900.jpg","datePublished":"2011-09-28T18:10:05+00:00","dateModified":"2014-07-29T14:59:45+00:00","breadcrumb":{"@id":"https:\/\/www.padreydecano.com\/cms\/historia-oficial\/1891-1900\/#breadcrumb"},"inLanguage":"es","potentialAction":[{"@type":"ReadAction","target":["https:\/\/www.padreydecano.com\/cms\/historia-oficial\/1891-1900\/"]}]},{"@type":"ImageObject","inLanguage":"es","@id":"https:\/\/www.padreydecano.com\/cms\/historia-oficial\/1891-1900\/#primaryimage","url":"http:\/\/www.padreydecano.com\/cms\/wp-content\/uploads\/2011\/09\/1900.jpg","contentUrl":"http:\/\/www.padreydecano.com\/cms\/wp-content\/uploads\/2011\/09\/1900.jpg"},{"@type":"BreadcrumbList","@id":"https:\/\/www.padreydecano.com\/cms\/historia-oficial\/1891-1900\/#breadcrumb","itemListElement":[{"@type":"ListItem","position":1,"name":"Portada","item":"https:\/\/www.padreydecano.com\/cms\/"},{"@type":"ListItem","position":2,"name":"Historia Oficial","item":"https:\/\/www.padreydecano.com\/cms\/historia-oficial\/"},{"@type":"ListItem","position":3,"name":"1891-1900"}]},{"@type":"WebSite","@id":"https:\/\/www.padreydecano.com\/cms\/#website","url":"https:\/\/www.padreydecano.com\/cms\/","name":"Padre y Decano - El Sitio del Pueblo","description":"Club Atl\u00e9tico Pe\u00f1arol","publisher":{"@id":"https:\/\/www.padreydecano.com\/cms\/#organization"},"potentialAction":[{"@type":"SearchAction","target":{"@type":"EntryPoint","urlTemplate":"https:\/\/www.padreydecano.com\/cms\/?s={search_term_string}"},"query-input":"required name=search_term_string"}],"inLanguage":"es"},{"@type":"Organization","@id":"https:\/\/www.padreydecano.com\/cms\/#organization","name":"Padre y Decano","url":"https:\/\/www.padreydecano.com\/cms\/","logo":{"@type":"ImageObject","inLanguage":"es","@id":"https:\/\/www.padreydecano.com\/cms\/#\/schema\/logo\/image\/","url":"https:\/\/www.padreydecano.com\/cms\/wp-content\/uploads\/2022\/01\/avatar-square.png","contentUrl":"https:\/\/www.padreydecano.com\/cms\/wp-content\/uploads\/2022\/01\/avatar-square.png","width":1500,"height":1500,"caption":"Padre y Decano"},"image":{"@id":"https:\/\/www.padreydecano.com\/cms\/#\/schema\/logo\/image\/"}}]}},"_links":{"self":[{"href":"https:\/\/www.padreydecano.com\/cms\/wp-json\/wp\/v2\/pages\/2898"}],"collection":[{"href":"https:\/\/www.padreydecano.com\/cms\/wp-json\/wp\/v2\/pages"}],"about":[{"href":"https:\/\/www.padreydecano.com\/cms\/wp-json\/wp\/v2\/types\/page"}],"author":[{"embeddable":true,"href":"https:\/\/www.padreydecano.com\/cms\/wp-json\/wp\/v2\/users\/2"}],"replies":[{"embeddable":true,"href":"https:\/\/www.padreydecano.com\/cms\/wp-json\/wp\/v2\/comments?post=2898"}],"version-history":[{"count":0,"href":"https:\/\/www.padreydecano.com\/cms\/wp-json\/wp\/v2\/pages\/2898\/revisions"}],"up":[{"embeddable":true,"href":"https:\/\/www.padreydecano.com\/cms\/wp-json\/wp\/v2\/pages\/64"}],"wp:attachment":[{"href":"https:\/\/www.padreydecano.com\/cms\/wp-json\/wp\/v2\/media?parent=2898"}],"curies":[{"name":"wp","href":"https:\/\/api.w.org\/{rel}","templated":true}]}}