{"id":26232,"date":"2012-07-17T17:33:05","date_gmt":"2012-07-17T20:33:05","guid":{"rendered":"http:\/\/www.padreydecano.com\/cms\/?page_id=26232"},"modified":"2013-07-12T14:03:25","modified_gmt":"2013-07-12T17:03:25","slug":"piendibene-vence-al-divino-zamora","status":"publish","type":"page","link":"https:\/\/www.padreydecano.com\/cms\/el-baul-de-los-recuerdos\/piendibene-vence-al-divino-zamora\/","title":{"rendered":"Piendibene vence al \u00abDivino\u00bb Zamora"},"content":{"rendered":"<div id=\"attachment_26234\" style=\"width: 182px\" class=\"wp-caption alignright\"><a href=\"https:\/\/www.padreydecano.com\/cms\/wp-content\/uploads\/2012\/07\/Copa-Deportivo-Espa\u00f1ol.jpg\" rel=\"shadowbox[sbpost-26232];player=img;\"><img loading=\"lazy\" decoding=\"async\" aria-describedby=\"caption-attachment-26234\" class=\" wp-image-26234  \" alt=\"\" src=\"https:\/\/www.padreydecano.com\/cms\/wp-content\/uploads\/2012\/07\/Copa-Deportivo-Espa\u00f1ol-265x300.jpg\" width=\"172\" height=\"194\" srcset=\"https:\/\/www.padreydecano.com\/cms\/wp-content\/uploads\/2012\/07\/Copa-Deportivo-Espa\u00f1ol-265x300.jpg 265w, https:\/\/www.padreydecano.com\/cms\/wp-content\/uploads\/2012\/07\/Copa-Deportivo-Espa\u00f1ol.jpg 478w\" sizes=\"(max-width: 172px) 100vw, 172px\" \/><\/a><p id=\"caption-attachment-26234\" class=\"wp-caption-text\">Copa en disputa en amistoso con el Deportivo Espa\u00f1ol (Barcelona).<\/p><\/div>\n<p style=\"text-align: justify;\">El \u00abMaestro\u00bb <strong><a href=\"https:\/\/www.padreydecano.com\/cms\/idolos\/jose-antonio-el-maestro-piendibene\/\" target=\"_blank\">Jos\u00e9 Antonio Piendibene<\/a> fue un pionero del f\u00fatbol amateur.<\/strong>\u00a0Es recordado por tantos momentos gloriosos en los que visti\u00f3 la camiseta de oro y carb\u00f3n. Sin embargo, el\u00a0que m\u00e1s se recuerda es el que vivi\u00f3 <strong>el 18 de julio de 1926<\/strong>\u00a0cuando Pe\u00f1arol se enfrent\u00f3 al Deportivo Espa\u00f1ol (Espanyol de Barcelona) en el Parque Central. Ese d\u00eda, hasta <a href=\"https:\/\/www.padreydecano.com\/cms\/carlos-gardel-penarol-y-piendibene\/\" target=\"_blank\">Carlos Gardel estuvo en la tribuna<\/a>.<\/p>\n<p style=\"text-align: justify;\">El equipo extranjero estaba realizando una gira por Am\u00e9rica en 1926. Primero disput\u00f3 algunos partidos en el pa\u00eds de la vecina orilla y luego vino a Uruguay, para posteriormente seguir su gira por Chile, Per\u00fa y Cuba. En ese pasaje por nuestro pa\u00eds, disput\u00f3 un amistoso el 14 de julio de 1926 contra el tradicional rival, triunfando los visitantes por 1 a 0.<\/p>\n<p style=\"text-align: justify;\">En el arco de aquel equipo se\u00a0encontraba <strong>el m\u00ed\u00adtico <a href=\"http:\/\/www.biografiasyvidas.com\/biografia\/z\/zamora.htm\" target=\"_blank\">Ricardo Zamora<\/a><\/strong>, <strong>uno de los mejores porteros de toda la historia<\/strong>.\u00a0Su capacidad para intuir la trayectoria del bal\u00f3n y sus grandes paradas le procuraron el apodo de<em>\u00a0<strong>\u00abEl Divino\u00bb<\/strong><\/em>. Su estilo era sobrio, pero introdujo algunas innovaciones en el f\u00fatbol, como el despeje del bal\u00f3n con el codo que ha pasado a la historia del f\u00fatbol con el nombre de <strong>\u00abzamorana\u00bb<\/strong> (as\u00ed llaman la jugada en Espa\u00f1a).<\/p>\n<p style=\"text-align: justify;\"><strong>El duelo que mantuvieron Piendibene y Zamora fue extraordinario<\/strong>. \u00a0El paso del tiempo y el marcador cerrado aumentaba la emoci\u00f3n por el duelo que sosten\u00edan Zamora, en el arco, y Jos\u00e9 Piendibene, conduciendo el ataque aurinegro.<\/p>\n<p style=\"text-align: justify;\"><a href=\"https:\/\/www.padreydecano.com\/cms\/wp-content\/uploads\/2012\/07\/1926-Piendibene.jpg\" rel=\"shadowbox[sbpost-26232];player=img;\"><img loading=\"lazy\" decoding=\"async\" class=\" wp-image-26242 alignleft\" alt=\"\" src=\"https:\/\/www.padreydecano.com\/cms\/wp-content\/uploads\/2012\/07\/1926-Piendibene-300x220.jpg\" width=\"194\" height=\"142\" srcset=\"https:\/\/www.padreydecano.com\/cms\/wp-content\/uploads\/2012\/07\/1926-Piendibene-300x220.jpg 300w, https:\/\/www.padreydecano.com\/cms\/wp-content\/uploads\/2012\/07\/1926-Piendibene.jpg 500w\" sizes=\"(max-width: 194px) 100vw, 194px\" \/><\/a>Cuando ya se terminaba el partido\u00a0el \u00abMaestro\u00bb consigui\u00f3 perforar la meta de Don Ricardo. <strong>Piendibene tras burlar a los dos centrales, amag\u00f3 a Zamora hacia la derecha, \u00e9ste se lanz\u00f3 al \u00e1ngulo y vio sorprendido c\u00f3mo el esf\u00e9rico no se hab\u00ed\u00ada movido del pie de Piendibene<\/strong>. <strong>La impresionante agilidad de Zamora le permiti\u00f3 lanzarse al palo contrario pero ya hac\u00ed\u00ada un segundo que el \u00abMaestro\u00bb hab\u00ed\u00ada mandado el bal\u00f3n en direcci\u00f3n al palo contrario, batiendo al genial guardameta espa\u00f1ol que a\u00fan as\u00ed\u00ad roz\u00f3 el esf\u00e9rico<\/strong>. <strong>Al terminar el partido, la multitud pase\u00f3 en andas a Piendibene.\u00a0Un gol que pas\u00f3 a la historia y que sirvi\u00f3 para darle la victoria al decano del f\u00fatbol uruguayo<\/strong>.<\/p>\n<p style=\"text-align: justify;\"><strong>Gira del\u00a0<strong>Deportivo Espa\u00f1ol<\/strong> en Am\u00e9rica 1926:<br \/>\n<\/strong>El\u00a0Deportivo Espa\u00f1ol en su gira por Am\u00e9rica disput\u00f3 2 partidos en Uruguay ganando uno y perdiendo el otro, precisamente ante Pe\u00f1arol. Solamente recibieron un gol y fue el del \u00abMaestro\u00bb Piendibene.<\/p>\n<p style=\"text-align: justify;\"><strong>14\/07\/1926 &#8211; Nacional<\/strong> 0 <strong>Deportivo Espa\u00f1ol<\/strong> 1<br \/>\n<strong>18\/07\/1926 &#8211;<\/strong> <span style=\"color: #ffcc02;\"><strong>Pe\u00f1arol<\/strong> <\/span>1\u00a0<strong><strong>Deportivo Espa\u00f1ol<\/strong><\/strong> 0<\/p>\n<div id=\"attachment_26241\" style=\"width: 460px\" class=\"wp-caption aligncenter\"><a href=\"https:\/\/www.padreydecano.com\/cms\/wp-content\/uploads\/2012\/07\/Espanyol-en-la-Gira-de-1926.jpg\" rel=\"shadowbox[sbpost-26232];player=img;\"><img loading=\"lazy\" decoding=\"async\" aria-describedby=\"caption-attachment-26241\" class=\"size-full wp-image-26241  \" alt=\"\" src=\"https:\/\/www.padreydecano.com\/cms\/wp-content\/uploads\/2012\/07\/Espanyol-en-la-Gira-de-1926.jpg\" width=\"450\" height=\"165\" srcset=\"https:\/\/www.padreydecano.com\/cms\/wp-content\/uploads\/2012\/07\/Espanyol-en-la-Gira-de-1926.jpg 450w, https:\/\/www.padreydecano.com\/cms\/wp-content\/uploads\/2012\/07\/Espanyol-en-la-Gira-de-1926-300x110.jpg 300w\" sizes=\"(max-width: 450px) 100vw, 450px\" \/><\/a><p id=\"caption-attachment-26241\" class=\"wp-caption-text\">El Deportivo Espa\u00f1ol (Barcelona) en Montevideo con Zamora al frente.<\/p><\/div>\n<p>&nbsp;<\/p>\n<div id=\"attachment_32847\" style=\"width: 332px\" class=\"wp-caption aligncenter\"><a href=\"https:\/\/www.padreydecano.com\/cms\/wp-content\/uploads\/2012\/07\/2012-10-05-15.52.34-copia.jpg\" rel=\"shadowbox[sbpost-26232];player=img;\"><img loading=\"lazy\" decoding=\"async\" aria-describedby=\"caption-attachment-32847\" class=\" wp-image-32847 \" title=\"Camiseta de Piendibene\" alt=\"\" src=\"https:\/\/www.padreydecano.com\/cms\/wp-content\/uploads\/2012\/07\/2012-10-05-15.52.34-copia-575x1024.jpg\" width=\"322\" height=\"573\" srcset=\"https:\/\/www.padreydecano.com\/cms\/wp-content\/uploads\/2012\/07\/2012-10-05-15.52.34-copia-575x1024.jpg 575w, https:\/\/www.padreydecano.com\/cms\/wp-content\/uploads\/2012\/07\/2012-10-05-15.52.34-copia-168x300.jpg 168w, https:\/\/www.padreydecano.com\/cms\/wp-content\/uploads\/2012\/07\/2012-10-05-15.52.34-copia.jpg 600w\" sizes=\"(max-width: 322px) 100vw, 322px\" \/><\/a><p id=\"caption-attachment-32847\" class=\"wp-caption-text\">Camiseta de Jos\u00e9 Piendibene utilizada en el partido Pe\u00f1arol vs Deportivo Espa\u00f1ol (Museo del F\u00fatbol).<\/p><\/div>\n<p style=\"text-align: center;\">\n","protected":false},"excerpt":{"rendered":"<p>El \u00abMaestro\u00bb Jos\u00e9 Antonio Piendibene fue un pionero del f\u00fatbol amateur.\u00a0Es recordado por tantos momentos gloriosos en los que visti\u00f3 la camiseta de oro y carb\u00f3n. Sin embargo, el\u00a0que m\u00e1s se recuerda es el que vivi\u00f3 el 18 de julio de 1926\u00a0cuando Pe\u00f1arol se enfrent\u00f3 al Deportivo Espa\u00f1ol (Espanyol de Barcelona) en el Parque Central. [&hellip;]<\/p>\n","protected":false},"author":2,"featured_media":8256,"parent":13741,"menu_order":5,"comment_status":"open","ping_status":"open","template":"","meta":{"footnotes":""},"yoast_head":"<!-- This site is optimized with the Yoast SEO plugin v23.2 - https:\/\/yoast.com\/wordpress\/plugins\/seo\/ -->\n<title>Piendibene vence al &quot;Divino&quot; Zamora - Padre y Decano - El Sitio del Pueblo<\/title>\n<meta name=\"robots\" content=\"index, follow, max-snippet:-1, max-image-preview:large, max-video-preview:-1\" \/>\n<link rel=\"canonical\" href=\"https:\/\/www.padreydecano.com\/cms\/el-baul-de-los-recuerdos\/piendibene-vence-al-divino-zamora\/\" \/>\n<meta property=\"og:locale\" content=\"es_ES\" \/>\n<meta property=\"og:type\" content=\"article\" \/>\n<meta property=\"og:title\" content=\"Piendibene vence al &quot;Divino&quot; Zamora - Padre y Decano - El Sitio del Pueblo\" \/>\n<meta property=\"og:description\" content=\"El \u00abMaestro\u00bb Jos\u00e9 Antonio Piendibene fue un pionero del f\u00fatbol amateur.\u00a0Es recordado por tantos momentos gloriosos en los que visti\u00f3 la camiseta de oro y carb\u00f3n. Sin embargo, el\u00a0que m\u00e1s se recuerda es el que vivi\u00f3 el 18 de julio de 1926\u00a0cuando Pe\u00f1arol se enfrent\u00f3 al Deportivo Espa\u00f1ol (Espanyol de Barcelona) en el Parque Central. [&hellip;]\" \/>\n<meta property=\"og:url\" content=\"https:\/\/www.padreydecano.com\/cms\/el-baul-de-los-recuerdos\/piendibene-vence-al-divino-zamora\/\" \/>\n<meta property=\"og:site_name\" content=\"Padre y Decano - El Sitio del Pueblo\" \/>\n<meta property=\"article:modified_time\" content=\"2013-07-12T17:03:25+00:00\" \/>\n<meta property=\"og:image\" content=\"https:\/\/www.padreydecano.com\/cms\/wp-content\/uploads\/2011\/11\/gol-a-zamora.jpg\" \/>\n\t<meta property=\"og:image:width\" content=\"500\" \/>\n\t<meta property=\"og:image:height\" content=\"216\" \/>\n\t<meta property=\"og:image:type\" content=\"image\/jpeg\" \/>\n<meta name=\"twitter:card\" content=\"summary_large_image\" \/>\n<meta name=\"twitter:label1\" content=\"Tiempo de lectura\" \/>\n\t<meta name=\"twitter:data1\" content=\"2 minutos\" \/>\n<script type=\"application\/ld+json\" class=\"yoast-schema-graph\">{\"@context\":\"https:\/\/schema.org\",\"@graph\":[{\"@type\":\"WebPage\",\"@id\":\"https:\/\/www.padreydecano.com\/cms\/el-baul-de-los-recuerdos\/piendibene-vence-al-divino-zamora\/\",\"url\":\"https:\/\/www.padreydecano.com\/cms\/el-baul-de-los-recuerdos\/piendibene-vence-al-divino-zamora\/\",\"name\":\"Piendibene vence al \\\"Divino\\\" Zamora - Padre y Decano - El Sitio del Pueblo\",\"isPartOf\":{\"@id\":\"https:\/\/www.padreydecano.com\/cms\/#website\"},\"primaryImageOfPage\":{\"@id\":\"https:\/\/www.padreydecano.com\/cms\/el-baul-de-los-recuerdos\/piendibene-vence-al-divino-zamora\/#primaryimage\"},\"image\":{\"@id\":\"https:\/\/www.padreydecano.com\/cms\/el-baul-de-los-recuerdos\/piendibene-vence-al-divino-zamora\/#primaryimage\"},\"thumbnailUrl\":\"https:\/\/www.padreydecano.com\/cms\/wp-content\/uploads\/2011\/11\/gol-a-zamora.jpg\",\"datePublished\":\"2012-07-17T20:33:05+00:00\",\"dateModified\":\"2013-07-12T17:03:25+00:00\",\"breadcrumb\":{\"@id\":\"https:\/\/www.padreydecano.com\/cms\/el-baul-de-los-recuerdos\/piendibene-vence-al-divino-zamora\/#breadcrumb\"},\"inLanguage\":\"es\",\"potentialAction\":[{\"@type\":\"ReadAction\",\"target\":[\"https:\/\/www.padreydecano.com\/cms\/el-baul-de-los-recuerdos\/piendibene-vence-al-divino-zamora\/\"]}]},{\"@type\":\"ImageObject\",\"inLanguage\":\"es\",\"@id\":\"https:\/\/www.padreydecano.com\/cms\/el-baul-de-los-recuerdos\/piendibene-vence-al-divino-zamora\/#primaryimage\",\"url\":\"https:\/\/www.padreydecano.com\/cms\/wp-content\/uploads\/2011\/11\/gol-a-zamora.jpg\",\"contentUrl\":\"https:\/\/www.padreydecano.com\/cms\/wp-content\/uploads\/2011\/11\/gol-a-zamora.jpg\",\"width\":\"500\",\"height\":\"216\"},{\"@type\":\"BreadcrumbList\",\"@id\":\"https:\/\/www.padreydecano.com\/cms\/el-baul-de-los-recuerdos\/piendibene-vence-al-divino-zamora\/#breadcrumb\",\"itemListElement\":[{\"@type\":\"ListItem\",\"position\":1,\"name\":\"Portada\",\"item\":\"https:\/\/www.padreydecano.com\/cms\/\"},{\"@type\":\"ListItem\",\"position\":2,\"name\":\"El Ba\u00fal de los Recuerdos\",\"item\":\"https:\/\/www.padreydecano.com\/cms\/el-baul-de-los-recuerdos\/\"},{\"@type\":\"ListItem\",\"position\":3,\"name\":\"Piendibene vence al \u00abDivino\u00bb Zamora\"}]},{\"@type\":\"WebSite\",\"@id\":\"https:\/\/www.padreydecano.com\/cms\/#website\",\"url\":\"https:\/\/www.padreydecano.com\/cms\/\",\"name\":\"Padre y Decano - El Sitio del Pueblo\",\"description\":\"Club Atl\u00e9tico Pe\u00f1arol\",\"publisher\":{\"@id\":\"https:\/\/www.padreydecano.com\/cms\/#organization\"},\"potentialAction\":[{\"@type\":\"SearchAction\",\"target\":{\"@type\":\"EntryPoint\",\"urlTemplate\":\"https:\/\/www.padreydecano.com\/cms\/?s={search_term_string}\"},\"query-input\":\"required name=search_term_string\"}],\"inLanguage\":\"es\"},{\"@type\":\"Organization\",\"@id\":\"https:\/\/www.padreydecano.com\/cms\/#organization\",\"name\":\"Padre y Decano\",\"url\":\"https:\/\/www.padreydecano.com\/cms\/\",\"logo\":{\"@type\":\"ImageObject\",\"inLanguage\":\"es\",\"@id\":\"https:\/\/www.padreydecano.com\/cms\/#\/schema\/logo\/image\/\",\"url\":\"https:\/\/www.padreydecano.com\/cms\/wp-content\/uploads\/2022\/01\/avatar-square.png\",\"contentUrl\":\"https:\/\/www.padreydecano.com\/cms\/wp-content\/uploads\/2022\/01\/avatar-square.png\",\"width\":1500,\"height\":1500,\"caption\":\"Padre y Decano\"},\"image\":{\"@id\":\"https:\/\/www.padreydecano.com\/cms\/#\/schema\/logo\/image\/\"}}]}<\/script>\n<!-- \/ Yoast SEO plugin. -->","yoast_head_json":{"title":"Piendibene vence al \"Divino\" Zamora - Padre y Decano - El Sitio del Pueblo","robots":{"index":"index","follow":"follow","max-snippet":"max-snippet:-1","max-image-preview":"max-image-preview:large","max-video-preview":"max-video-preview:-1"},"canonical":"https:\/\/www.padreydecano.com\/cms\/el-baul-de-los-recuerdos\/piendibene-vence-al-divino-zamora\/","og_locale":"es_ES","og_type":"article","og_title":"Piendibene vence al \"Divino\" Zamora - Padre y Decano - El Sitio del Pueblo","og_description":"El \u00abMaestro\u00bb Jos\u00e9 Antonio Piendibene fue un pionero del f\u00fatbol amateur.\u00a0Es recordado por tantos momentos gloriosos en los que visti\u00f3 la camiseta de oro y carb\u00f3n. Sin embargo, el\u00a0que m\u00e1s se recuerda es el que vivi\u00f3 el 18 de julio de 1926\u00a0cuando Pe\u00f1arol se enfrent\u00f3 al Deportivo Espa\u00f1ol (Espanyol de Barcelona) en el Parque Central. [&hellip;]","og_url":"https:\/\/www.padreydecano.com\/cms\/el-baul-de-los-recuerdos\/piendibene-vence-al-divino-zamora\/","og_site_name":"Padre y Decano - El Sitio del Pueblo","article_modified_time":"2013-07-12T17:03:25+00:00","og_image":[{"width":500,"height":216,"url":"https:\/\/www.padreydecano.com\/cms\/wp-content\/uploads\/2011\/11\/gol-a-zamora.jpg","type":"image\/jpeg"}],"twitter_card":"summary_large_image","twitter_misc":{"Tiempo de lectura":"2 minutos"},"schema":{"@context":"https:\/\/schema.org","@graph":[{"@type":"WebPage","@id":"https:\/\/www.padreydecano.com\/cms\/el-baul-de-los-recuerdos\/piendibene-vence-al-divino-zamora\/","url":"https:\/\/www.padreydecano.com\/cms\/el-baul-de-los-recuerdos\/piendibene-vence-al-divino-zamora\/","name":"Piendibene vence al \"Divino\" Zamora - Padre y Decano - El Sitio del Pueblo","isPartOf":{"@id":"https:\/\/www.padreydecano.com\/cms\/#website"},"primaryImageOfPage":{"@id":"https:\/\/www.padreydecano.com\/cms\/el-baul-de-los-recuerdos\/piendibene-vence-al-divino-zamora\/#primaryimage"},"image":{"@id":"https:\/\/www.padreydecano.com\/cms\/el-baul-de-los-recuerdos\/piendibene-vence-al-divino-zamora\/#primaryimage"},"thumbnailUrl":"https:\/\/www.padreydecano.com\/cms\/wp-content\/uploads\/2011\/11\/gol-a-zamora.jpg","datePublished":"2012-07-17T20:33:05+00:00","dateModified":"2013-07-12T17:03:25+00:00","breadcrumb":{"@id":"https:\/\/www.padreydecano.com\/cms\/el-baul-de-los-recuerdos\/piendibene-vence-al-divino-zamora\/#breadcrumb"},"inLanguage":"es","potentialAction":[{"@type":"ReadAction","target":["https:\/\/www.padreydecano.com\/cms\/el-baul-de-los-recuerdos\/piendibene-vence-al-divino-zamora\/"]}]},{"@type":"ImageObject","inLanguage":"es","@id":"https:\/\/www.padreydecano.com\/cms\/el-baul-de-los-recuerdos\/piendibene-vence-al-divino-zamora\/#primaryimage","url":"https:\/\/www.padreydecano.com\/cms\/wp-content\/uploads\/2011\/11\/gol-a-zamora.jpg","contentUrl":"https:\/\/www.padreydecano.com\/cms\/wp-content\/uploads\/2011\/11\/gol-a-zamora.jpg","width":"500","height":"216"},{"@type":"BreadcrumbList","@id":"https:\/\/www.padreydecano.com\/cms\/el-baul-de-los-recuerdos\/piendibene-vence-al-divino-zamora\/#breadcrumb","itemListElement":[{"@type":"ListItem","position":1,"name":"Portada","item":"https:\/\/www.padreydecano.com\/cms\/"},{"@type":"ListItem","position":2,"name":"El Ba\u00fal de los Recuerdos","item":"https:\/\/www.padreydecano.com\/cms\/el-baul-de-los-recuerdos\/"},{"@type":"ListItem","position":3,"name":"Piendibene vence al \u00abDivino\u00bb Zamora"}]},{"@type":"WebSite","@id":"https:\/\/www.padreydecano.com\/cms\/#website","url":"https:\/\/www.padreydecano.com\/cms\/","name":"Padre y Decano - El Sitio del Pueblo","description":"Club Atl\u00e9tico Pe\u00f1arol","publisher":{"@id":"https:\/\/www.padreydecano.com\/cms\/#organization"},"potentialAction":[{"@type":"SearchAction","target":{"@type":"EntryPoint","urlTemplate":"https:\/\/www.padreydecano.com\/cms\/?s={search_term_string}"},"query-input":"required name=search_term_string"}],"inLanguage":"es"},{"@type":"Organization","@id":"https:\/\/www.padreydecano.com\/cms\/#organization","name":"Padre y Decano","url":"https:\/\/www.padreydecano.com\/cms\/","logo":{"@type":"ImageObject","inLanguage":"es","@id":"https:\/\/www.padreydecano.com\/cms\/#\/schema\/logo\/image\/","url":"https:\/\/www.padreydecano.com\/cms\/wp-content\/uploads\/2022\/01\/avatar-square.png","contentUrl":"https:\/\/www.padreydecano.com\/cms\/wp-content\/uploads\/2022\/01\/avatar-square.png","width":1500,"height":1500,"caption":"Padre y Decano"},"image":{"@id":"https:\/\/www.padreydecano.com\/cms\/#\/schema\/logo\/image\/"}}]}},"_links":{"self":[{"href":"https:\/\/www.padreydecano.com\/cms\/wp-json\/wp\/v2\/pages\/26232"}],"collection":[{"href":"https:\/\/www.padreydecano.com\/cms\/wp-json\/wp\/v2\/pages"}],"about":[{"href":"https:\/\/www.padreydecano.com\/cms\/wp-json\/wp\/v2\/types\/page"}],"author":[{"embeddable":true,"href":"https:\/\/www.padreydecano.com\/cms\/wp-json\/wp\/v2\/users\/2"}],"replies":[{"embeddable":true,"href":"https:\/\/www.padreydecano.com\/cms\/wp-json\/wp\/v2\/comments?post=26232"}],"version-history":[{"count":0,"href":"https:\/\/www.padreydecano.com\/cms\/wp-json\/wp\/v2\/pages\/26232\/revisions"}],"up":[{"embeddable":true,"href":"https:\/\/www.padreydecano.com\/cms\/wp-json\/wp\/v2\/pages\/13741"}],"wp:featuredmedia":[{"embeddable":true,"href":"https:\/\/www.padreydecano.com\/cms\/wp-json\/wp\/v2\/media\/8256"}],"wp:attachment":[{"href":"https:\/\/www.padreydecano.com\/cms\/wp-json\/wp\/v2\/media?parent=26232"}],"curies":[{"name":"wp","href":"https:\/\/api.w.org\/{rel}","templated":true}]}}