{"id":26134,"date":"2012-07-16T18:56:01","date_gmt":"2012-07-16T21:56:01","guid":{"rendered":"http:\/\/www.padreydecano.com\/cms\/?page_id=26134"},"modified":"2012-07-16T18:56:01","modified_gmt":"2012-07-16T21:56:01","slug":"alvaro-gestido","status":"publish","type":"page","link":"https:\/\/www.padreydecano.com\/cms\/idolos\/alvaro-gestido\/","title":{"rendered":"\u00c1lvaro Gestido"},"content":{"rendered":"<p style=\"text-align: justify;\"><strong><a href=\"https:\/\/www.padreydecano.com\/cms\/wp-content\/uploads\/2012\/07\/alvaro-gestido.jpg\" rel=\"shadowbox[sbpost-26134];player=img;\"><img loading=\"lazy\" decoding=\"async\" class=\"alignright  wp-image-26135\" src=\"https:\/\/www.padreydecano.com\/cms\/wp-content\/uploads\/2012\/07\/alvaro-gestido-256x300.jpg\" alt=\"\" width=\"179\" height=\"210\" srcset=\"https:\/\/www.padreydecano.com\/cms\/wp-content\/uploads\/2012\/07\/alvaro-gestido-256x300.jpg 256w, https:\/\/www.padreydecano.com\/cms\/wp-content\/uploads\/2012\/07\/alvaro-gestido.jpg 380w\" sizes=\"(max-width: 179px) 100vw, 179px\" \/><\/a>Naci\u00f3 en el Barrio Sur de Montevideo el 17 de mayo de 1907 y muri\u00f3 joven en la ciudad de Santa Clara de Olimar, el 18 de enero de 1957<\/strong>. Su hermano fue el Gral. Oscar Gestido qui\u00e9n ejerci\u00f3 la presidencia de la Rep\u00fablica desde el 1 de marzo de 1967. Como \u00e9l, \u00c1lvaro curs\u00f3 estudios en la Escuela Militar donde lleg\u00f3 a obtener el grado de Mayor y cuyo equipo de f\u00fatbol defendi\u00f3 jugando en la Liga Universitaria, simult\u00e1neamente a su trayectoria como futbolista de Pe\u00f1arol,<strong> club en el que se inici\u00f3 en 1922 actuando en 4ta divisi\u00f3n.<\/strong><\/p>\n<p style=\"text-align: justify;\"><strong>En 1928 lleg\u00f3 al primer equipo de Pe\u00f1arol donde jug\u00f3 ininterrumpidamente hasta el 28 de diciembre de 1941<\/strong>, d\u00eda en que se despidi\u00f3 en un partido ante River Plate argentino. Fue el eje medio de los primeros t\u00edtulos de f\u00fatbol profesional que conquistara Pe\u00f1arol, incluido <strong>el primer cuatrienio (1935-1938)<\/strong>, siendo a la misma vez <strong>Capit\u00e1n del Ej\u00e9rcito, Capit\u00e1n de Uruguay y Capit\u00e1n de Pe\u00f1arol<\/strong>, por lo que siempre ser\u00e1 recordado y llamado <strong>\u201cel Capit\u00e1n \u00c1lvaro Gesto\u201d<\/strong>.<\/p>\n<p style=\"text-align: justify;\"><strong>En un ejemplo de amor y entrega pe\u00f1arolense<\/strong>, Gestido protagoniz\u00f3 en 1944 un episodio inusual. Durante la disputa del Torneo Competencia el club se qued\u00f3 sin centre half. <a title=\"Obdulio Varela\" href=\"https:\/\/www.padreydecano.com\/cms\/idolos\/obdulio-varela\/\" target=\"_blank\">Obdulio Varela<\/a> no pod\u00eda jugar al igual que el suplente, Luis Vecino. Leofar C\u00e1mera estaba operado y Charl\u00f3n lesionado. Fue entonces que el entrenador, An\u00edbal Tejada, tuvo la idea de ir a buscar a Gestido. <strong>\u201cSi Pe\u00f1arol me necesita\u2026 las fuerzas deportivas que me quedan son para el club de mis amores\u201d<\/strong>,<strong> respondi\u00f3 y retorn\u00f3 para disputar dos partidos<\/strong> (ante Wanderers y Liverpool), congregando <strong>40.000 personas en cada encuentro<\/strong> y ganando ambos. Por esa actitud, <strong>la Asamblea de Socios de Pe\u00f1arol, por aclamaci\u00f3n, lo design\u00f3 Socio Honorario y Caballero del Deporte.<\/strong><\/p>\n<p style=\"text-align: justify;\"><strong>Se consagr\u00f3 7 veces Campe\u00f3n Uruguayo.<\/strong> En 1928 form\u00f3 con Gilde\u00f3n Silva y Lorenzo Fern\u00e1ndez un notable terceto defensivo inmortalizado como <strong>\u201cla cortina met\u00e1lica\u201d<\/strong>. Tambi\u00e9n con Uruguay fue ganador consagr\u00e1ndose <strong>Campe\u00f3n Ol\u00edmpico de 1928 en Amsterdam y Campe\u00f3n del Mundo en 1930<\/strong>, brindando en ambos casos un ejemplo de ductilidad al ocupar la posici\u00f3n de lateral izquierdo. Visti\u00f3 la camiseta celeste en 35 partidos internacionales.<\/p>\n","protected":false},"excerpt":{"rendered":"<p>Naci\u00f3 en el Barrio Sur de Montevideo el 17 de mayo de 1907 y muri\u00f3 joven en la ciudad de Santa Clara de Olimar, el 18 de enero de 1957. Su hermano fue el Gral. Oscar Gestido qui\u00e9n ejerci\u00f3 la presidencia de la Rep\u00fablica desde el 1 de marzo de 1967. Como \u00e9l, \u00c1lvaro curs\u00f3 [&hellip;]<\/p>\n","protected":false},"author":13,"featured_media":0,"parent":69,"menu_order":3,"comment_status":"open","ping_status":"open","template":"","meta":{"footnotes":""},"yoast_head":"<!-- This site is optimized with the Yoast SEO plugin v23.2 - https:\/\/yoast.com\/wordpress\/plugins\/seo\/ -->\n<title>\u00c1lvaro Gestido - Padre y Decano - El Sitio del Pueblo<\/title>\n<meta name=\"robots\" content=\"index, follow, max-snippet:-1, max-image-preview:large, max-video-preview:-1\" \/>\n<link rel=\"canonical\" href=\"https:\/\/www.padreydecano.com\/cms\/idolos\/alvaro-gestido\/\" \/>\n<meta property=\"og:locale\" content=\"es_ES\" \/>\n<meta property=\"og:type\" content=\"article\" \/>\n<meta property=\"og:title\" content=\"\u00c1lvaro Gestido - Padre y Decano - El Sitio del Pueblo\" \/>\n<meta property=\"og:description\" content=\"Naci\u00f3 en el Barrio Sur de Montevideo el 17 de mayo de 1907 y muri\u00f3 joven en la ciudad de Santa Clara de Olimar, el 18 de enero de 1957. Su hermano fue el Gral. Oscar Gestido qui\u00e9n ejerci\u00f3 la presidencia de la Rep\u00fablica desde el 1 de marzo de 1967. Como \u00e9l, \u00c1lvaro curs\u00f3 [&hellip;]\" \/>\n<meta property=\"og:url\" content=\"https:\/\/www.padreydecano.com\/cms\/idolos\/alvaro-gestido\/\" \/>\n<meta property=\"og:site_name\" content=\"Padre y Decano - El Sitio del Pueblo\" \/>\n<meta property=\"og:image\" content=\"http:\/\/www.padreydecano.com\/cms\/wp-content\/uploads\/2012\/07\/alvaro-gestido-256x300.jpg\" \/>\n<meta name=\"twitter:card\" content=\"summary_large_image\" \/>\n<meta name=\"twitter:label1\" content=\"Tiempo de lectura\" \/>\n\t<meta name=\"twitter:data1\" content=\"2 minutos\" \/>\n<script type=\"application\/ld+json\" class=\"yoast-schema-graph\">{\"@context\":\"https:\/\/schema.org\",\"@graph\":[{\"@type\":\"WebPage\",\"@id\":\"https:\/\/www.padreydecano.com\/cms\/idolos\/alvaro-gestido\/\",\"url\":\"https:\/\/www.padreydecano.com\/cms\/idolos\/alvaro-gestido\/\",\"name\":\"\u00c1lvaro Gestido - Padre y Decano - El Sitio del Pueblo\",\"isPartOf\":{\"@id\":\"https:\/\/www.padreydecano.com\/cms\/#website\"},\"primaryImageOfPage\":{\"@id\":\"https:\/\/www.padreydecano.com\/cms\/idolos\/alvaro-gestido\/#primaryimage\"},\"image\":{\"@id\":\"https:\/\/www.padreydecano.com\/cms\/idolos\/alvaro-gestido\/#primaryimage\"},\"thumbnailUrl\":\"http:\/\/www.padreydecano.com\/cms\/wp-content\/uploads\/2012\/07\/alvaro-gestido-256x300.jpg\",\"datePublished\":\"2012-07-16T21:56:01+00:00\",\"dateModified\":\"2012-07-16T21:56:01+00:00\",\"breadcrumb\":{\"@id\":\"https:\/\/www.padreydecano.com\/cms\/idolos\/alvaro-gestido\/#breadcrumb\"},\"inLanguage\":\"es\",\"potentialAction\":[{\"@type\":\"ReadAction\",\"target\":[\"https:\/\/www.padreydecano.com\/cms\/idolos\/alvaro-gestido\/\"]}]},{\"@type\":\"ImageObject\",\"inLanguage\":\"es\",\"@id\":\"https:\/\/www.padreydecano.com\/cms\/idolos\/alvaro-gestido\/#primaryimage\",\"url\":\"http:\/\/www.padreydecano.com\/cms\/wp-content\/uploads\/2012\/07\/alvaro-gestido-256x300.jpg\",\"contentUrl\":\"http:\/\/www.padreydecano.com\/cms\/wp-content\/uploads\/2012\/07\/alvaro-gestido-256x300.jpg\"},{\"@type\":\"BreadcrumbList\",\"@id\":\"https:\/\/www.padreydecano.com\/cms\/idolos\/alvaro-gestido\/#breadcrumb\",\"itemListElement\":[{\"@type\":\"ListItem\",\"position\":1,\"name\":\"Portada\",\"item\":\"https:\/\/www.padreydecano.com\/cms\/\"},{\"@type\":\"ListItem\",\"position\":2,\"name\":\"\u00cddolos\",\"item\":\"https:\/\/www.padreydecano.com\/cms\/idolos\/\"},{\"@type\":\"ListItem\",\"position\":3,\"name\":\"\u00c1lvaro Gestido\"}]},{\"@type\":\"WebSite\",\"@id\":\"https:\/\/www.padreydecano.com\/cms\/#website\",\"url\":\"https:\/\/www.padreydecano.com\/cms\/\",\"name\":\"Padre y Decano - El Sitio del Pueblo\",\"description\":\"Club Atl\u00e9tico Pe\u00f1arol\",\"publisher\":{\"@id\":\"https:\/\/www.padreydecano.com\/cms\/#organization\"},\"potentialAction\":[{\"@type\":\"SearchAction\",\"target\":{\"@type\":\"EntryPoint\",\"urlTemplate\":\"https:\/\/www.padreydecano.com\/cms\/?s={search_term_string}\"},\"query-input\":\"required name=search_term_string\"}],\"inLanguage\":\"es\"},{\"@type\":\"Organization\",\"@id\":\"https:\/\/www.padreydecano.com\/cms\/#organization\",\"name\":\"Padre y Decano\",\"url\":\"https:\/\/www.padreydecano.com\/cms\/\",\"logo\":{\"@type\":\"ImageObject\",\"inLanguage\":\"es\",\"@id\":\"https:\/\/www.padreydecano.com\/cms\/#\/schema\/logo\/image\/\",\"url\":\"https:\/\/www.padreydecano.com\/cms\/wp-content\/uploads\/2022\/01\/avatar-square.png\",\"contentUrl\":\"https:\/\/www.padreydecano.com\/cms\/wp-content\/uploads\/2022\/01\/avatar-square.png\",\"width\":1500,\"height\":1500,\"caption\":\"Padre y Decano\"},\"image\":{\"@id\":\"https:\/\/www.padreydecano.com\/cms\/#\/schema\/logo\/image\/\"}}]}<\/script>\n<!-- \/ Yoast SEO plugin. -->","yoast_head_json":{"title":"\u00c1lvaro Gestido - Padre y Decano - El Sitio del Pueblo","robots":{"index":"index","follow":"follow","max-snippet":"max-snippet:-1","max-image-preview":"max-image-preview:large","max-video-preview":"max-video-preview:-1"},"canonical":"https:\/\/www.padreydecano.com\/cms\/idolos\/alvaro-gestido\/","og_locale":"es_ES","og_type":"article","og_title":"\u00c1lvaro Gestido - Padre y Decano - El Sitio del Pueblo","og_description":"Naci\u00f3 en el Barrio Sur de Montevideo el 17 de mayo de 1907 y muri\u00f3 joven en la ciudad de Santa Clara de Olimar, el 18 de enero de 1957. Su hermano fue el Gral. Oscar Gestido qui\u00e9n ejerci\u00f3 la presidencia de la Rep\u00fablica desde el 1 de marzo de 1967. Como \u00e9l, \u00c1lvaro curs\u00f3 [&hellip;]","og_url":"https:\/\/www.padreydecano.com\/cms\/idolos\/alvaro-gestido\/","og_site_name":"Padre y Decano - El Sitio del Pueblo","og_image":[{"url":"http:\/\/www.padreydecano.com\/cms\/wp-content\/uploads\/2012\/07\/alvaro-gestido-256x300.jpg"}],"twitter_card":"summary_large_image","twitter_misc":{"Tiempo de lectura":"2 minutos"},"schema":{"@context":"https:\/\/schema.org","@graph":[{"@type":"WebPage","@id":"https:\/\/www.padreydecano.com\/cms\/idolos\/alvaro-gestido\/","url":"https:\/\/www.padreydecano.com\/cms\/idolos\/alvaro-gestido\/","name":"\u00c1lvaro Gestido - Padre y Decano - El Sitio del Pueblo","isPartOf":{"@id":"https:\/\/www.padreydecano.com\/cms\/#website"},"primaryImageOfPage":{"@id":"https:\/\/www.padreydecano.com\/cms\/idolos\/alvaro-gestido\/#primaryimage"},"image":{"@id":"https:\/\/www.padreydecano.com\/cms\/idolos\/alvaro-gestido\/#primaryimage"},"thumbnailUrl":"http:\/\/www.padreydecano.com\/cms\/wp-content\/uploads\/2012\/07\/alvaro-gestido-256x300.jpg","datePublished":"2012-07-16T21:56:01+00:00","dateModified":"2012-07-16T21:56:01+00:00","breadcrumb":{"@id":"https:\/\/www.padreydecano.com\/cms\/idolos\/alvaro-gestido\/#breadcrumb"},"inLanguage":"es","potentialAction":[{"@type":"ReadAction","target":["https:\/\/www.padreydecano.com\/cms\/idolos\/alvaro-gestido\/"]}]},{"@type":"ImageObject","inLanguage":"es","@id":"https:\/\/www.padreydecano.com\/cms\/idolos\/alvaro-gestido\/#primaryimage","url":"http:\/\/www.padreydecano.com\/cms\/wp-content\/uploads\/2012\/07\/alvaro-gestido-256x300.jpg","contentUrl":"http:\/\/www.padreydecano.com\/cms\/wp-content\/uploads\/2012\/07\/alvaro-gestido-256x300.jpg"},{"@type":"BreadcrumbList","@id":"https:\/\/www.padreydecano.com\/cms\/idolos\/alvaro-gestido\/#breadcrumb","itemListElement":[{"@type":"ListItem","position":1,"name":"Portada","item":"https:\/\/www.padreydecano.com\/cms\/"},{"@type":"ListItem","position":2,"name":"\u00cddolos","item":"https:\/\/www.padreydecano.com\/cms\/idolos\/"},{"@type":"ListItem","position":3,"name":"\u00c1lvaro Gestido"}]},{"@type":"WebSite","@id":"https:\/\/www.padreydecano.com\/cms\/#website","url":"https:\/\/www.padreydecano.com\/cms\/","name":"Padre y Decano - El Sitio del Pueblo","description":"Club Atl\u00e9tico Pe\u00f1arol","publisher":{"@id":"https:\/\/www.padreydecano.com\/cms\/#organization"},"potentialAction":[{"@type":"SearchAction","target":{"@type":"EntryPoint","urlTemplate":"https:\/\/www.padreydecano.com\/cms\/?s={search_term_string}"},"query-input":"required name=search_term_string"}],"inLanguage":"es"},{"@type":"Organization","@id":"https:\/\/www.padreydecano.com\/cms\/#organization","name":"Padre y Decano","url":"https:\/\/www.padreydecano.com\/cms\/","logo":{"@type":"ImageObject","inLanguage":"es","@id":"https:\/\/www.padreydecano.com\/cms\/#\/schema\/logo\/image\/","url":"https:\/\/www.padreydecano.com\/cms\/wp-content\/uploads\/2022\/01\/avatar-square.png","contentUrl":"https:\/\/www.padreydecano.com\/cms\/wp-content\/uploads\/2022\/01\/avatar-square.png","width":1500,"height":1500,"caption":"Padre y Decano"},"image":{"@id":"https:\/\/www.padreydecano.com\/cms\/#\/schema\/logo\/image\/"}}]}},"_links":{"self":[{"href":"https:\/\/www.padreydecano.com\/cms\/wp-json\/wp\/v2\/pages\/26134"}],"collection":[{"href":"https:\/\/www.padreydecano.com\/cms\/wp-json\/wp\/v2\/pages"}],"about":[{"href":"https:\/\/www.padreydecano.com\/cms\/wp-json\/wp\/v2\/types\/page"}],"author":[{"embeddable":true,"href":"https:\/\/www.padreydecano.com\/cms\/wp-json\/wp\/v2\/users\/13"}],"replies":[{"embeddable":true,"href":"https:\/\/www.padreydecano.com\/cms\/wp-json\/wp\/v2\/comments?post=26134"}],"version-history":[{"count":0,"href":"https:\/\/www.padreydecano.com\/cms\/wp-json\/wp\/v2\/pages\/26134\/revisions"}],"up":[{"embeddable":true,"href":"https:\/\/www.padreydecano.com\/cms\/wp-json\/wp\/v2\/pages\/69"}],"wp:attachment":[{"href":"https:\/\/www.padreydecano.com\/cms\/wp-json\/wp\/v2\/media?parent=26134"}],"curies":[{"name":"wp","href":"https:\/\/api.w.org\/{rel}","templated":true}]}}