{"id":26127,"date":"2012-07-16T18:56:10","date_gmt":"2012-07-16T21:56:10","guid":{"rendered":"http:\/\/www.padreydecano.com\/cms\/?page_id=26127"},"modified":"2012-07-16T19:09:21","modified_gmt":"2012-07-16T22:09:21","slug":"jose-sasia","status":"publish","type":"page","link":"https:\/\/www.padreydecano.com\/cms\/idolos\/jose-sasia\/","title":{"rendered":"Jos\u00e9 Sas\u00eda"},"content":{"rendered":"<p style=\"text-align: justify;\"><a href=\"https:\/\/www.padreydecano.com\/cms\/wp-content\/uploads\/2012\/07\/jose-pepe-sasia.jpg\" rel=\"shadowbox[sbpost-26127];player=img;\"><img loading=\"lazy\" decoding=\"async\" class=\"alignright  wp-image-26133\" src=\"https:\/\/www.padreydecano.com\/cms\/wp-content\/uploads\/2012\/07\/jose-pepe-sasia-253x300.jpg\" alt=\"\" width=\"202\" height=\"240\" srcset=\"https:\/\/www.padreydecano.com\/cms\/wp-content\/uploads\/2012\/07\/jose-pepe-sasia-253x300.jpg 253w, https:\/\/www.padreydecano.com\/cms\/wp-content\/uploads\/2012\/07\/jose-pepe-sasia.jpg 554w\" sizes=\"(max-width: 202px) 100vw, 202px\" \/><\/a>Naci\u00f3 en Treinta y Tres el 27 de diciembre de 1933, afinc\u00e1ndose prontamente con toda su familia en el coraz\u00f3n del Barrio Aires Puros.\u00a0La ni\u00f1ez le marc\u00f3 c\u00f3digos de guapeza que esgrimi\u00f3 siempre como un escudo a partir de sus comienzos como jugador en el club Ipiranga de la zona donde resid\u00eda.<\/p>\n<p style=\"text-align: justify;\"><strong>\u201cEl Pepe Sas\u00eda\u201d<\/strong> en 1949 se incorpor\u00f3 a las divisiones juveniles de Defensor destac\u00e1ndose r\u00e1pidamente, lo que origin\u00f3 su ascenso al primer equipo. En 1956 fue convocado para jugar por Uruguay la Copa \u201cBar\u00f3n de R\u00edo Branco\u201d ante Brasil, y en 1959 <strong>se consagr\u00f3 Campe\u00f3n de la Copa Am\u00e9rica<\/strong> en el torneo extraordinario de Guayaquil disputado en diciembre.<\/p>\n<p style=\"text-align: justify;\">Sus meritorias actuaciones con la Selecci\u00f3n le valieron su paso a Boca Juniors en 1960 siendo adquirido por Pe\u00f1arol en 1961 para completar, hasta 1965, su ciclo m\u00e1s brillante y glorioso <strong>alcanzando 3 veces el t\u00edtulo de Campe\u00f3n Uruguayo con la aurinegra<\/strong>, as\u00ed como la conquista de <a title=\"Copa Libertadores 1961\" href=\"https:\/\/www.padreydecano.com\/cms\/campanas-historicas\/copa-libertadores-1961\/\" target=\"_blank\">la Copa Libertadores de Am\u00e9rica de 1961<\/a>.\u00a0<strong>La copa del mejor del continente fue conseguida con un gol decisivo que marc\u00f3 a Palmeiras en San Pablo rompiendo la red con su remate<\/strong>. <strong>Tambi\u00e9n marc\u00f3\u00a0los dos goles en el tercer y decisivo encuentro ante Benfica por la final de la <a title=\"Copa Intercontinental 1961\" href=\"https:\/\/www.padreydecano.com\/cms\/campanas-historicas\/copa-intercontinental-1961\/\" target=\"_blank\">Copa Intercontinental<\/a><\/strong>.<\/p>\n<p style=\"text-align: justify;\"><a href=\"https:\/\/www.padreydecano.com\/cms\/wp-content\/uploads\/2011\/12\/Pepe-Sas\u00eda.jpg\" rel=\"shadowbox[sbpost-26127];player=img;\"><img loading=\"lazy\" decoding=\"async\" class=\"alignleft  wp-image-23116\" src=\"https:\/\/www.padreydecano.com\/cms\/wp-content\/uploads\/2011\/12\/Pepe-Sas\u00eda-212x300.jpg\" alt=\"\" width=\"118\" height=\"168\" srcset=\"https:\/\/www.padreydecano.com\/cms\/wp-content\/uploads\/2011\/12\/Pepe-Sas\u00eda-212x300.jpg 212w, https:\/\/www.padreydecano.com\/cms\/wp-content\/uploads\/2011\/12\/Pepe-Sas\u00eda.jpg 424w\" sizes=\"(max-width: 118px) 100vw, 118px\" \/><\/a>Luego de su paso por Pe\u00f1arol, jug\u00f3 en equipos menores como Rosario Central, regres\u00f3 a Defensor Sporting, Nacional, Racing y finalmente volvi\u00f3 a Defensor.\u00a0Fue jugador de la Selecci\u00f3n en Sudamericanos, eliminatorias y Campeonatos del Mundo, adem\u00e1s de Campe\u00f3n Uruguayo, de Am\u00e9rica y del Mundo con Pe\u00f1arol, marcando goles en todos los torneos. <strong>Jugador de clase y temperamento.<\/strong><\/p>\n<p style=\"text-align: justify;\"><strong>Indiscutido \u00eddolo y conductor.<\/strong> Amigo entra\u00f1able que impon\u00eda respeto en cualquier cancha del mundo. Conocedor como pocos del f\u00fatbol por dentro, impulsor natural del \u00a0esfuerzo conjunto. Llev\u00f3 esos atributos a la Selecci\u00f3n de Uruguay que defendi\u00f3 en 44 ocasiones, incluyendo su participaci\u00f3n en la Copa del Mundo de 1962 y 1966.<\/p>\n<p style=\"text-align: justify;\">Tuvo destacada labor como t\u00e9cnico no solo en Uruguay, sino tambi\u00e9n en Venezuela, Ecuador, Colombia, Grecia y\u00a0Paraguay.\u00a0Falleci\u00f3 el 30 de agosto de 1996.<\/p>\n","protected":false},"excerpt":{"rendered":"<p>Naci\u00f3 en Treinta y Tres el 27 de diciembre de 1933, afinc\u00e1ndose prontamente con toda su familia en el coraz\u00f3n del Barrio Aires Puros.\u00a0La ni\u00f1ez le marc\u00f3 c\u00f3digos de guapeza que esgrimi\u00f3 siempre como un escudo a partir de sus comienzos como jugador en el club Ipiranga de la zona donde resid\u00eda. \u201cEl Pepe Sas\u00eda\u201d [&hellip;]<\/p>\n","protected":false},"author":5,"featured_media":0,"parent":69,"menu_order":5,"comment_status":"open","ping_status":"open","template":"","meta":{"footnotes":""},"yoast_head":"<!-- This site is optimized with the Yoast SEO plugin v23.2 - https:\/\/yoast.com\/wordpress\/plugins\/seo\/ -->\n<title>Jos\u00e9 Sas\u00eda - Padre y Decano - El Sitio del Pueblo<\/title>\n<meta name=\"robots\" content=\"index, follow, max-snippet:-1, max-image-preview:large, max-video-preview:-1\" \/>\n<link rel=\"canonical\" href=\"https:\/\/www.padreydecano.com\/cms\/idolos\/jose-sasia\/\" \/>\n<meta property=\"og:locale\" content=\"es_ES\" \/>\n<meta property=\"og:type\" content=\"article\" \/>\n<meta property=\"og:title\" content=\"Jos\u00e9 Sas\u00eda - Padre y Decano - El Sitio del Pueblo\" \/>\n<meta property=\"og:description\" content=\"Naci\u00f3 en Treinta y Tres el 27 de diciembre de 1933, afinc\u00e1ndose prontamente con toda su familia en el coraz\u00f3n del Barrio Aires Puros.\u00a0La ni\u00f1ez le marc\u00f3 c\u00f3digos de guapeza que esgrimi\u00f3 siempre como un escudo a partir de sus comienzos como jugador en el club Ipiranga de la zona donde resid\u00eda. \u201cEl Pepe Sas\u00eda\u201d [&hellip;]\" \/>\n<meta property=\"og:url\" content=\"https:\/\/www.padreydecano.com\/cms\/idolos\/jose-sasia\/\" \/>\n<meta property=\"og:site_name\" content=\"Padre y Decano - El Sitio del Pueblo\" \/>\n<meta property=\"article:modified_time\" content=\"2012-07-16T22:09:21+00:00\" \/>\n<meta property=\"og:image\" content=\"http:\/\/www.padreydecano.com\/cms\/wp-content\/uploads\/2012\/07\/jose-pepe-sasia-253x300.jpg\" \/>\n<meta name=\"twitter:card\" content=\"summary_large_image\" \/>\n<meta name=\"twitter:label1\" content=\"Tiempo de lectura\" \/>\n\t<meta name=\"twitter:data1\" content=\"2 minutos\" \/>\n<script type=\"application\/ld+json\" class=\"yoast-schema-graph\">{\"@context\":\"https:\/\/schema.org\",\"@graph\":[{\"@type\":\"WebPage\",\"@id\":\"https:\/\/www.padreydecano.com\/cms\/idolos\/jose-sasia\/\",\"url\":\"https:\/\/www.padreydecano.com\/cms\/idolos\/jose-sasia\/\",\"name\":\"Jos\u00e9 Sas\u00eda - Padre y Decano - El Sitio del Pueblo\",\"isPartOf\":{\"@id\":\"https:\/\/www.padreydecano.com\/cms\/#website\"},\"primaryImageOfPage\":{\"@id\":\"https:\/\/www.padreydecano.com\/cms\/idolos\/jose-sasia\/#primaryimage\"},\"image\":{\"@id\":\"https:\/\/www.padreydecano.com\/cms\/idolos\/jose-sasia\/#primaryimage\"},\"thumbnailUrl\":\"http:\/\/www.padreydecano.com\/cms\/wp-content\/uploads\/2012\/07\/jose-pepe-sasia-253x300.jpg\",\"datePublished\":\"2012-07-16T21:56:10+00:00\",\"dateModified\":\"2012-07-16T22:09:21+00:00\",\"breadcrumb\":{\"@id\":\"https:\/\/www.padreydecano.com\/cms\/idolos\/jose-sasia\/#breadcrumb\"},\"inLanguage\":\"es\",\"potentialAction\":[{\"@type\":\"ReadAction\",\"target\":[\"https:\/\/www.padreydecano.com\/cms\/idolos\/jose-sasia\/\"]}]},{\"@type\":\"ImageObject\",\"inLanguage\":\"es\",\"@id\":\"https:\/\/www.padreydecano.com\/cms\/idolos\/jose-sasia\/#primaryimage\",\"url\":\"http:\/\/www.padreydecano.com\/cms\/wp-content\/uploads\/2012\/07\/jose-pepe-sasia-253x300.jpg\",\"contentUrl\":\"http:\/\/www.padreydecano.com\/cms\/wp-content\/uploads\/2012\/07\/jose-pepe-sasia-253x300.jpg\"},{\"@type\":\"BreadcrumbList\",\"@id\":\"https:\/\/www.padreydecano.com\/cms\/idolos\/jose-sasia\/#breadcrumb\",\"itemListElement\":[{\"@type\":\"ListItem\",\"position\":1,\"name\":\"Portada\",\"item\":\"https:\/\/www.padreydecano.com\/cms\/\"},{\"@type\":\"ListItem\",\"position\":2,\"name\":\"\u00cddolos\",\"item\":\"https:\/\/www.padreydecano.com\/cms\/idolos\/\"},{\"@type\":\"ListItem\",\"position\":3,\"name\":\"Jos\u00e9 Sas\u00eda\"}]},{\"@type\":\"WebSite\",\"@id\":\"https:\/\/www.padreydecano.com\/cms\/#website\",\"url\":\"https:\/\/www.padreydecano.com\/cms\/\",\"name\":\"Padre y Decano - El Sitio del Pueblo\",\"description\":\"Club Atl\u00e9tico Pe\u00f1arol\",\"publisher\":{\"@id\":\"https:\/\/www.padreydecano.com\/cms\/#organization\"},\"potentialAction\":[{\"@type\":\"SearchAction\",\"target\":{\"@type\":\"EntryPoint\",\"urlTemplate\":\"https:\/\/www.padreydecano.com\/cms\/?s={search_term_string}\"},\"query-input\":\"required name=search_term_string\"}],\"inLanguage\":\"es\"},{\"@type\":\"Organization\",\"@id\":\"https:\/\/www.padreydecano.com\/cms\/#organization\",\"name\":\"Padre y Decano\",\"url\":\"https:\/\/www.padreydecano.com\/cms\/\",\"logo\":{\"@type\":\"ImageObject\",\"inLanguage\":\"es\",\"@id\":\"https:\/\/www.padreydecano.com\/cms\/#\/schema\/logo\/image\/\",\"url\":\"https:\/\/www.padreydecano.com\/cms\/wp-content\/uploads\/2022\/01\/avatar-square.png\",\"contentUrl\":\"https:\/\/www.padreydecano.com\/cms\/wp-content\/uploads\/2022\/01\/avatar-square.png\",\"width\":1500,\"height\":1500,\"caption\":\"Padre y Decano\"},\"image\":{\"@id\":\"https:\/\/www.padreydecano.com\/cms\/#\/schema\/logo\/image\/\"}}]}<\/script>\n<!-- \/ Yoast SEO plugin. -->","yoast_head_json":{"title":"Jos\u00e9 Sas\u00eda - Padre y Decano - El Sitio del Pueblo","robots":{"index":"index","follow":"follow","max-snippet":"max-snippet:-1","max-image-preview":"max-image-preview:large","max-video-preview":"max-video-preview:-1"},"canonical":"https:\/\/www.padreydecano.com\/cms\/idolos\/jose-sasia\/","og_locale":"es_ES","og_type":"article","og_title":"Jos\u00e9 Sas\u00eda - Padre y Decano - El Sitio del Pueblo","og_description":"Naci\u00f3 en Treinta y Tres el 27 de diciembre de 1933, afinc\u00e1ndose prontamente con toda su familia en el coraz\u00f3n del Barrio Aires Puros.\u00a0La ni\u00f1ez le marc\u00f3 c\u00f3digos de guapeza que esgrimi\u00f3 siempre como un escudo a partir de sus comienzos como jugador en el club Ipiranga de la zona donde resid\u00eda. \u201cEl Pepe Sas\u00eda\u201d [&hellip;]","og_url":"https:\/\/www.padreydecano.com\/cms\/idolos\/jose-sasia\/","og_site_name":"Padre y Decano - El Sitio del Pueblo","article_modified_time":"2012-07-16T22:09:21+00:00","og_image":[{"url":"http:\/\/www.padreydecano.com\/cms\/wp-content\/uploads\/2012\/07\/jose-pepe-sasia-253x300.jpg"}],"twitter_card":"summary_large_image","twitter_misc":{"Tiempo de lectura":"2 minutos"},"schema":{"@context":"https:\/\/schema.org","@graph":[{"@type":"WebPage","@id":"https:\/\/www.padreydecano.com\/cms\/idolos\/jose-sasia\/","url":"https:\/\/www.padreydecano.com\/cms\/idolos\/jose-sasia\/","name":"Jos\u00e9 Sas\u00eda - Padre y Decano - El Sitio del Pueblo","isPartOf":{"@id":"https:\/\/www.padreydecano.com\/cms\/#website"},"primaryImageOfPage":{"@id":"https:\/\/www.padreydecano.com\/cms\/idolos\/jose-sasia\/#primaryimage"},"image":{"@id":"https:\/\/www.padreydecano.com\/cms\/idolos\/jose-sasia\/#primaryimage"},"thumbnailUrl":"http:\/\/www.padreydecano.com\/cms\/wp-content\/uploads\/2012\/07\/jose-pepe-sasia-253x300.jpg","datePublished":"2012-07-16T21:56:10+00:00","dateModified":"2012-07-16T22:09:21+00:00","breadcrumb":{"@id":"https:\/\/www.padreydecano.com\/cms\/idolos\/jose-sasia\/#breadcrumb"},"inLanguage":"es","potentialAction":[{"@type":"ReadAction","target":["https:\/\/www.padreydecano.com\/cms\/idolos\/jose-sasia\/"]}]},{"@type":"ImageObject","inLanguage":"es","@id":"https:\/\/www.padreydecano.com\/cms\/idolos\/jose-sasia\/#primaryimage","url":"http:\/\/www.padreydecano.com\/cms\/wp-content\/uploads\/2012\/07\/jose-pepe-sasia-253x300.jpg","contentUrl":"http:\/\/www.padreydecano.com\/cms\/wp-content\/uploads\/2012\/07\/jose-pepe-sasia-253x300.jpg"},{"@type":"BreadcrumbList","@id":"https:\/\/www.padreydecano.com\/cms\/idolos\/jose-sasia\/#breadcrumb","itemListElement":[{"@type":"ListItem","position":1,"name":"Portada","item":"https:\/\/www.padreydecano.com\/cms\/"},{"@type":"ListItem","position":2,"name":"\u00cddolos","item":"https:\/\/www.padreydecano.com\/cms\/idolos\/"},{"@type":"ListItem","position":3,"name":"Jos\u00e9 Sas\u00eda"}]},{"@type":"WebSite","@id":"https:\/\/www.padreydecano.com\/cms\/#website","url":"https:\/\/www.padreydecano.com\/cms\/","name":"Padre y Decano - El Sitio del Pueblo","description":"Club Atl\u00e9tico Pe\u00f1arol","publisher":{"@id":"https:\/\/www.padreydecano.com\/cms\/#organization"},"potentialAction":[{"@type":"SearchAction","target":{"@type":"EntryPoint","urlTemplate":"https:\/\/www.padreydecano.com\/cms\/?s={search_term_string}"},"query-input":"required name=search_term_string"}],"inLanguage":"es"},{"@type":"Organization","@id":"https:\/\/www.padreydecano.com\/cms\/#organization","name":"Padre y Decano","url":"https:\/\/www.padreydecano.com\/cms\/","logo":{"@type":"ImageObject","inLanguage":"es","@id":"https:\/\/www.padreydecano.com\/cms\/#\/schema\/logo\/image\/","url":"https:\/\/www.padreydecano.com\/cms\/wp-content\/uploads\/2022\/01\/avatar-square.png","contentUrl":"https:\/\/www.padreydecano.com\/cms\/wp-content\/uploads\/2022\/01\/avatar-square.png","width":1500,"height":1500,"caption":"Padre y Decano"},"image":{"@id":"https:\/\/www.padreydecano.com\/cms\/#\/schema\/logo\/image\/"}}]}},"_links":{"self":[{"href":"https:\/\/www.padreydecano.com\/cms\/wp-json\/wp\/v2\/pages\/26127"}],"collection":[{"href":"https:\/\/www.padreydecano.com\/cms\/wp-json\/wp\/v2\/pages"}],"about":[{"href":"https:\/\/www.padreydecano.com\/cms\/wp-json\/wp\/v2\/types\/page"}],"author":[{"embeddable":true,"href":"https:\/\/www.padreydecano.com\/cms\/wp-json\/wp\/v2\/users\/5"}],"replies":[{"embeddable":true,"href":"https:\/\/www.padreydecano.com\/cms\/wp-json\/wp\/v2\/comments?post=26127"}],"version-history":[{"count":0,"href":"https:\/\/www.padreydecano.com\/cms\/wp-json\/wp\/v2\/pages\/26127\/revisions"}],"up":[{"embeddable":true,"href":"https:\/\/www.padreydecano.com\/cms\/wp-json\/wp\/v2\/pages\/69"}],"wp:attachment":[{"href":"https:\/\/www.padreydecano.com\/cms\/wp-json\/wp\/v2\/media?parent=26127"}],"curies":[{"name":"wp","href":"https:\/\/api.w.org\/{rel}","templated":true}]}}