{"id":259,"date":"2011-06-27T14:07:57","date_gmt":"2011-06-27T14:07:57","guid":{"rendered":"http:\/\/www.padreydecano.com\/cms\/?page_id=259"},"modified":"2018-07-23T16:12:05","modified_gmt":"2018-07-23T19:12:05","slug":"maxibasket","status":"publish","type":"page","link":"https:\/\/www.padreydecano.com\/cms\/maxibasket\/","title":{"rendered":"Maxibasket"},"content":{"rendered":"<div style=\"text-align: justify;\"><a href=\"https:\/\/www.padreydecano.com\/cms\/wp-content\/uploads\/2011\/06\/maxi-basket-1.jpg\" rel=\"shadowbox[sbpost-259];player=img;\"><img loading=\"lazy\" decoding=\"async\" class=\"aligncenter wp-image-1936 size-full\" src=\"https:\/\/www.padreydecano.com\/cms\/wp-content\/uploads\/2011\/06\/maxi-basket-1.jpg\" alt=\"\" width=\"800\" height=\"600\" srcset=\"https:\/\/www.padreydecano.com\/cms\/wp-content\/uploads\/2011\/06\/maxi-basket-1.jpg 800w, https:\/\/www.padreydecano.com\/cms\/wp-content\/uploads\/2011\/06\/maxi-basket-1-300x225.jpg 300w\" sizes=\"(max-width: 800px) 100vw, 800px\" \/><\/a><\/div>\n<div><\/div>\n<p style=\"text-align: justify;\">Los comienzos del basketball en el Club Atl\u00e9tico Pe\u00f1arol datan de 1931. El debut en competencias oficiales fue en 1940, a\u00f1o en el que ingres\u00f3 a la cuarta divisi\u00f3n de ascenso del basketball uruguayo.<\/p>\n<p style=\"text-align: justify;\">En los a\u00f1os posteriores el club logr\u00f3 ascender de forma consecutiva hasta debutar en primera divisi\u00f3n en 1943, temporada en la que bajo la direcci\u00f3n de Ram\u00f3n Esnal se ubic\u00f3 en la tercera posici\u00f3n. Al a\u00f1o siguiente, Pe\u00f1arol se coron\u00f3 por primera vez campe\u00f3n del Torneo Federal de Primera Divisi\u00f3n, certamen que agrup\u00f3 a los principales clubes de basketball de la ciudad de Montevideo, y que en el a\u00f1o 2003 fue reemplazada por la Liga Uruguaya de Basketball.<\/p>\n<p style=\"text-align: justify;\">En 1952 Pe\u00f1arol se consagr\u00f3 nuevamente campe\u00f3n del Torneo Federal, as\u00ed como del Torneo de Invierno en 1953 y 1955. Despu\u00e9s de atravesar un mal per\u00edodo en el plano deportivo, que incluy\u00f3 un descenso en 1968, en los a\u00f1os 1970 el club logr\u00f3 reverdecer laureles al adjudicarse los campeonatos de 1973, 1978 y 1979, este \u00faltimo fue el primer campeonato profesional del basketball uruguayo. En 1982 la secci\u00f3n de basketball tuvo la mejor temporada de su historia luego de adjudicarse el Torneo Federal, el Torneo de Invierno y el Campeonato Sudamericano de Clubes Campeones.<\/p>\n<p style=\"text-align: justify;\">Se da un caso \u00fanico en los clubes de Sudam\u00e9rica que es queun mismo club se consagre Campe\u00f3n de Am\u00e9rica de f\u00fatbol y basketball el mismo a\u00f1o. Sin embargo, en 1985 el club descendi\u00f3 de categor\u00eda comenzando as\u00ed una serie de malos resultados, los cuales junto a los problemas econ\u00f3micos por lo que atraves\u00f3 la instituci\u00f3n propiciaron la desafiliaci\u00f3n definitiva en 1997.<\/p>\n<p style=\"text-align: justify;\">Despu\u00e9s de 25 o 30 a\u00f1os un grupo de ex jugadores de Pe\u00f1arol se juntaron y de ah\u00ed sali\u00f3 la idea de formar Pe\u00f1arol +45. Se llam\u00f3 a otros ex jugadores de Pe\u00f1arol que estaban jugando el campeonato de Maxi Basket pero en otros equipos y se sumaron al nuevo proyecto.<\/p>\n<p style=\"text-align: justify;\">Todo comenz\u00f3 presentando una nota\u00a0al Consejo Directivo por parte de este grupo de ex jugadores para pedir la autorizaci\u00f3n de usar el nombre de Club Atl\u00e9tico Pe\u00f1arol y fue un\u00e1nime en el Consejo. En este tiempo que Pe\u00f1arol existe en Maxi Basket ya disput\u00f3 2 torneos, obteniendo el segundo puesto en su primer a\u00f1o de presentaci\u00f3n, el tercer puesto en el segundo a\u00f1o. Este a\u00f1o se buscar\u00e1 el t\u00edtulo.Plantel para esta temporada: \u00c1lvaro Tito, Gustavo Tito, Juan Serres, Hector Batalles, \u00d3scar Soto, \u00c1lvaro Belen, \u00c1lvaro Aron, Gabriel Machado, Alejandro Dolinkas, Miguel Guerrero, Milton Castillo, Ricardo Buroni, Daniel Vig\u00f1oly, Dante Dellamea, Carlos Mario Gonz\u00e1lez, \u00c1lvaro Laserre, Pedro Garc\u00eda, Carlos Minola, Daniel Subiran, Widmark Palladino, Eduardo Chiribao.<\/p>\n<table class=\"tabla-sin-formato\" align=\"center\">\n<tbody>\n<tr>\n<td class=\"tabla-sin-formato\"><a href=\"https:\/\/www.padreydecano.com\/cms\/wp-content\/uploads\/2011\/06\/maxi-basket3.jpg\" rel=\"shadowbox[sbpost-259];player=img;\"><img loading=\"lazy\" decoding=\"async\" class=\"alignleft size-medium wp-image-1938\" src=\"https:\/\/www.padreydecano.com\/cms\/wp-content\/uploads\/2011\/06\/maxi-basket3-300x225.jpg\" alt=\"\" width=\"240\" height=\"180\" srcset=\"https:\/\/www.padreydecano.com\/cms\/wp-content\/uploads\/2011\/06\/maxi-basket3-300x225.jpg 300w, https:\/\/www.padreydecano.com\/cms\/wp-content\/uploads\/2011\/06\/maxi-basket3.jpg 800w\" sizes=\"(max-width: 240px) 100vw, 240px\" \/><\/a><\/td>\n<td class=\"tabla-sin-formato\"><a href=\"https:\/\/www.padreydecano.com\/cms\/wp-content\/uploads\/2011\/06\/maxi-basket2.jpg\" rel=\"shadowbox[sbpost-259];player=img;\"><img loading=\"lazy\" decoding=\"async\" class=\"alignleft size-medium wp-image-1937\" src=\"https:\/\/www.padreydecano.com\/cms\/wp-content\/uploads\/2011\/06\/maxi-basket2-300x225.jpg\" alt=\"\" width=\"240\" height=\"180\" srcset=\"https:\/\/www.padreydecano.com\/cms\/wp-content\/uploads\/2011\/06\/maxi-basket2-300x225.jpg 300w, https:\/\/www.padreydecano.com\/cms\/wp-content\/uploads\/2011\/06\/maxi-basket2.jpg 800w\" sizes=\"(max-width: 240px) 100vw, 240px\" \/><\/a><\/td>\n<\/tr>\n<\/tbody>\n<\/table>\n","protected":false},"excerpt":{"rendered":"<p>Los comienzos del basketball en el Club Atl\u00e9tico Pe\u00f1arol datan de 1931. El debut en competencias oficiales fue en 1940, a\u00f1o en el que ingres\u00f3 a la cuarta divisi\u00f3n de ascenso del basketball uruguayo. En los a\u00f1os posteriores el club logr\u00f3 ascender de forma consecutiva hasta debutar en primera divisi\u00f3n en 1943, temporada en la [&hellip;]<\/p>\n","protected":false},"author":1,"featured_media":1936,"parent":0,"menu_order":69,"comment_status":"closed","ping_status":"closed","template":"","meta":{"footnotes":""},"yoast_head":"<!-- This site is optimized with the Yoast SEO plugin v23.2 - https:\/\/yoast.com\/wordpress\/plugins\/seo\/ -->\n<title>Maxibasket - Padre y Decano - El Sitio del Pueblo<\/title>\n<meta name=\"robots\" content=\"index, follow, max-snippet:-1, max-image-preview:large, max-video-preview:-1\" \/>\n<link rel=\"canonical\" href=\"https:\/\/www.padreydecano.com\/cms\/maxibasket\/\" \/>\n<meta property=\"og:locale\" content=\"es_ES\" \/>\n<meta property=\"og:type\" content=\"article\" \/>\n<meta property=\"og:title\" content=\"Maxibasket - Padre y Decano - El Sitio del Pueblo\" \/>\n<meta property=\"og:description\" content=\"Los comienzos del basketball en el Club Atl\u00e9tico Pe\u00f1arol datan de 1931. El debut en competencias oficiales fue en 1940, a\u00f1o en el que ingres\u00f3 a la cuarta divisi\u00f3n de ascenso del basketball uruguayo. En los a\u00f1os posteriores el club logr\u00f3 ascender de forma consecutiva hasta debutar en primera divisi\u00f3n en 1943, temporada en la [&hellip;]\" \/>\n<meta property=\"og:url\" content=\"https:\/\/www.padreydecano.com\/cms\/maxibasket\/\" \/>\n<meta property=\"og:site_name\" content=\"Padre y Decano - El Sitio del Pueblo\" \/>\n<meta property=\"article:modified_time\" content=\"2018-07-23T19:12:05+00:00\" \/>\n<meta property=\"og:image\" content=\"https:\/\/www.padreydecano.com\/cms\/wp-content\/uploads\/2011\/06\/maxi-basket-1.jpg\" \/>\n\t<meta property=\"og:image:width\" content=\"800\" \/>\n\t<meta property=\"og:image:height\" content=\"600\" \/>\n\t<meta property=\"og:image:type\" content=\"image\/jpeg\" \/>\n<meta name=\"twitter:card\" content=\"summary_large_image\" \/>\n<meta name=\"twitter:label1\" content=\"Tiempo de lectura\" \/>\n\t<meta name=\"twitter:data1\" content=\"2 minutos\" \/>\n<script type=\"application\/ld+json\" class=\"yoast-schema-graph\">{\"@context\":\"https:\/\/schema.org\",\"@graph\":[{\"@type\":\"WebPage\",\"@id\":\"https:\/\/www.padreydecano.com\/cms\/maxibasket\/\",\"url\":\"https:\/\/www.padreydecano.com\/cms\/maxibasket\/\",\"name\":\"Maxibasket - Padre y Decano - El Sitio del Pueblo\",\"isPartOf\":{\"@id\":\"https:\/\/www.padreydecano.com\/cms\/#website\"},\"primaryImageOfPage\":{\"@id\":\"https:\/\/www.padreydecano.com\/cms\/maxibasket\/#primaryimage\"},\"image\":{\"@id\":\"https:\/\/www.padreydecano.com\/cms\/maxibasket\/#primaryimage\"},\"thumbnailUrl\":\"https:\/\/www.padreydecano.com\/cms\/wp-content\/uploads\/2011\/06\/maxi-basket-1.jpg\",\"datePublished\":\"2011-06-27T14:07:57+00:00\",\"dateModified\":\"2018-07-23T19:12:05+00:00\",\"breadcrumb\":{\"@id\":\"https:\/\/www.padreydecano.com\/cms\/maxibasket\/#breadcrumb\"},\"inLanguage\":\"es\",\"potentialAction\":[{\"@type\":\"ReadAction\",\"target\":[\"https:\/\/www.padreydecano.com\/cms\/maxibasket\/\"]}]},{\"@type\":\"ImageObject\",\"inLanguage\":\"es\",\"@id\":\"https:\/\/www.padreydecano.com\/cms\/maxibasket\/#primaryimage\",\"url\":\"https:\/\/www.padreydecano.com\/cms\/wp-content\/uploads\/2011\/06\/maxi-basket-1.jpg\",\"contentUrl\":\"https:\/\/www.padreydecano.com\/cms\/wp-content\/uploads\/2011\/06\/maxi-basket-1.jpg\",\"width\":\"800\",\"height\":\"600\"},{\"@type\":\"BreadcrumbList\",\"@id\":\"https:\/\/www.padreydecano.com\/cms\/maxibasket\/#breadcrumb\",\"itemListElement\":[{\"@type\":\"ListItem\",\"position\":1,\"name\":\"Portada\",\"item\":\"https:\/\/www.padreydecano.com\/cms\/\"},{\"@type\":\"ListItem\",\"position\":2,\"name\":\"Maxibasket\"}]},{\"@type\":\"WebSite\",\"@id\":\"https:\/\/www.padreydecano.com\/cms\/#website\",\"url\":\"https:\/\/www.padreydecano.com\/cms\/\",\"name\":\"Padre y Decano - El Sitio del Pueblo\",\"description\":\"Club Atl\u00e9tico Pe\u00f1arol\",\"publisher\":{\"@id\":\"https:\/\/www.padreydecano.com\/cms\/#organization\"},\"potentialAction\":[{\"@type\":\"SearchAction\",\"target\":{\"@type\":\"EntryPoint\",\"urlTemplate\":\"https:\/\/www.padreydecano.com\/cms\/?s={search_term_string}\"},\"query-input\":\"required name=search_term_string\"}],\"inLanguage\":\"es\"},{\"@type\":\"Organization\",\"@id\":\"https:\/\/www.padreydecano.com\/cms\/#organization\",\"name\":\"Padre y Decano\",\"url\":\"https:\/\/www.padreydecano.com\/cms\/\",\"logo\":{\"@type\":\"ImageObject\",\"inLanguage\":\"es\",\"@id\":\"https:\/\/www.padreydecano.com\/cms\/#\/schema\/logo\/image\/\",\"url\":\"https:\/\/www.padreydecano.com\/cms\/wp-content\/uploads\/2022\/01\/avatar-square.png\",\"contentUrl\":\"https:\/\/www.padreydecano.com\/cms\/wp-content\/uploads\/2022\/01\/avatar-square.png\",\"width\":1500,\"height\":1500,\"caption\":\"Padre y Decano\"},\"image\":{\"@id\":\"https:\/\/www.padreydecano.com\/cms\/#\/schema\/logo\/image\/\"}}]}<\/script>\n<!-- \/ Yoast SEO plugin. -->","yoast_head_json":{"title":"Maxibasket - Padre y Decano - El Sitio del Pueblo","robots":{"index":"index","follow":"follow","max-snippet":"max-snippet:-1","max-image-preview":"max-image-preview:large","max-video-preview":"max-video-preview:-1"},"canonical":"https:\/\/www.padreydecano.com\/cms\/maxibasket\/","og_locale":"es_ES","og_type":"article","og_title":"Maxibasket - Padre y Decano - El Sitio del Pueblo","og_description":"Los comienzos del basketball en el Club Atl\u00e9tico Pe\u00f1arol datan de 1931. El debut en competencias oficiales fue en 1940, a\u00f1o en el que ingres\u00f3 a la cuarta divisi\u00f3n de ascenso del basketball uruguayo. En los a\u00f1os posteriores el club logr\u00f3 ascender de forma consecutiva hasta debutar en primera divisi\u00f3n en 1943, temporada en la [&hellip;]","og_url":"https:\/\/www.padreydecano.com\/cms\/maxibasket\/","og_site_name":"Padre y Decano - El Sitio del Pueblo","article_modified_time":"2018-07-23T19:12:05+00:00","og_image":[{"width":800,"height":600,"url":"https:\/\/www.padreydecano.com\/cms\/wp-content\/uploads\/2011\/06\/maxi-basket-1.jpg","type":"image\/jpeg"}],"twitter_card":"summary_large_image","twitter_misc":{"Tiempo de lectura":"2 minutos"},"schema":{"@context":"https:\/\/schema.org","@graph":[{"@type":"WebPage","@id":"https:\/\/www.padreydecano.com\/cms\/maxibasket\/","url":"https:\/\/www.padreydecano.com\/cms\/maxibasket\/","name":"Maxibasket - Padre y Decano - El Sitio del Pueblo","isPartOf":{"@id":"https:\/\/www.padreydecano.com\/cms\/#website"},"primaryImageOfPage":{"@id":"https:\/\/www.padreydecano.com\/cms\/maxibasket\/#primaryimage"},"image":{"@id":"https:\/\/www.padreydecano.com\/cms\/maxibasket\/#primaryimage"},"thumbnailUrl":"https:\/\/www.padreydecano.com\/cms\/wp-content\/uploads\/2011\/06\/maxi-basket-1.jpg","datePublished":"2011-06-27T14:07:57+00:00","dateModified":"2018-07-23T19:12:05+00:00","breadcrumb":{"@id":"https:\/\/www.padreydecano.com\/cms\/maxibasket\/#breadcrumb"},"inLanguage":"es","potentialAction":[{"@type":"ReadAction","target":["https:\/\/www.padreydecano.com\/cms\/maxibasket\/"]}]},{"@type":"ImageObject","inLanguage":"es","@id":"https:\/\/www.padreydecano.com\/cms\/maxibasket\/#primaryimage","url":"https:\/\/www.padreydecano.com\/cms\/wp-content\/uploads\/2011\/06\/maxi-basket-1.jpg","contentUrl":"https:\/\/www.padreydecano.com\/cms\/wp-content\/uploads\/2011\/06\/maxi-basket-1.jpg","width":"800","height":"600"},{"@type":"BreadcrumbList","@id":"https:\/\/www.padreydecano.com\/cms\/maxibasket\/#breadcrumb","itemListElement":[{"@type":"ListItem","position":1,"name":"Portada","item":"https:\/\/www.padreydecano.com\/cms\/"},{"@type":"ListItem","position":2,"name":"Maxibasket"}]},{"@type":"WebSite","@id":"https:\/\/www.padreydecano.com\/cms\/#website","url":"https:\/\/www.padreydecano.com\/cms\/","name":"Padre y Decano - El Sitio del Pueblo","description":"Club Atl\u00e9tico Pe\u00f1arol","publisher":{"@id":"https:\/\/www.padreydecano.com\/cms\/#organization"},"potentialAction":[{"@type":"SearchAction","target":{"@type":"EntryPoint","urlTemplate":"https:\/\/www.padreydecano.com\/cms\/?s={search_term_string}"},"query-input":"required name=search_term_string"}],"inLanguage":"es"},{"@type":"Organization","@id":"https:\/\/www.padreydecano.com\/cms\/#organization","name":"Padre y Decano","url":"https:\/\/www.padreydecano.com\/cms\/","logo":{"@type":"ImageObject","inLanguage":"es","@id":"https:\/\/www.padreydecano.com\/cms\/#\/schema\/logo\/image\/","url":"https:\/\/www.padreydecano.com\/cms\/wp-content\/uploads\/2022\/01\/avatar-square.png","contentUrl":"https:\/\/www.padreydecano.com\/cms\/wp-content\/uploads\/2022\/01\/avatar-square.png","width":1500,"height":1500,"caption":"Padre y Decano"},"image":{"@id":"https:\/\/www.padreydecano.com\/cms\/#\/schema\/logo\/image\/"}}]}},"_links":{"self":[{"href":"https:\/\/www.padreydecano.com\/cms\/wp-json\/wp\/v2\/pages\/259"}],"collection":[{"href":"https:\/\/www.padreydecano.com\/cms\/wp-json\/wp\/v2\/pages"}],"about":[{"href":"https:\/\/www.padreydecano.com\/cms\/wp-json\/wp\/v2\/types\/page"}],"author":[{"embeddable":true,"href":"https:\/\/www.padreydecano.com\/cms\/wp-json\/wp\/v2\/users\/1"}],"replies":[{"embeddable":true,"href":"https:\/\/www.padreydecano.com\/cms\/wp-json\/wp\/v2\/comments?post=259"}],"version-history":[{"count":0,"href":"https:\/\/www.padreydecano.com\/cms\/wp-json\/wp\/v2\/pages\/259\/revisions"}],"wp:featuredmedia":[{"embeddable":true,"href":"https:\/\/www.padreydecano.com\/cms\/wp-json\/wp\/v2\/media\/1936"}],"wp:attachment":[{"href":"https:\/\/www.padreydecano.com\/cms\/wp-json\/wp\/v2\/media?parent=259"}],"curies":[{"name":"wp","href":"https:\/\/api.w.org\/{rel}","templated":true}]}}