{"id":25555,"date":"2012-07-05T13:28:13","date_gmt":"2012-07-05T16:28:13","guid":{"rendered":"http:\/\/www.padreydecano.com\/cms\/?page_id=25555"},"modified":"2012-07-05T13:28:13","modified_gmt":"2012-07-05T16:28:13","slug":"obdulio-varela","status":"publish","type":"page","link":"https:\/\/www.padreydecano.com\/cms\/idolos\/obdulio-varela\/","title":{"rendered":"Obdulio Varela"},"content":{"rendered":"<p style=\"text-align: justify;\"><strong><a href=\"https:\/\/www.padreydecano.com\/cms\/wp-content\/uploads\/2012\/07\/obdulio-varela1.jpg\" rel=\"shadowbox[sbpost-25555];player=img;\"><img loading=\"lazy\" decoding=\"async\" class=\"alignright size-medium wp-image-25585\" src=\"https:\/\/www.padreydecano.com\/cms\/wp-content\/uploads\/2012\/07\/obdulio-varela1-207x300.jpg\" alt=\"\" width=\"207\" height=\"300\" srcset=\"https:\/\/www.padreydecano.com\/cms\/wp-content\/uploads\/2012\/07\/obdulio-varela1-207x300.jpg 207w, https:\/\/www.padreydecano.com\/cms\/wp-content\/uploads\/2012\/07\/obdulio-varela1.jpg 248w\" sizes=\"(max-width: 207px) 100vw, 207px\" \/><\/a>Obdulio Jacinto Mui\u00f1os Varela<\/strong> fue el m\u00e1s carism\u00e1tico futbolista representativo de un Uruguay ganador, valiente y guapo. <strong>Naci\u00f3 el 20 de setiembre de 1917 en La Teja<\/strong>. Diez hermanos, escuela sin terminar, pe\u00f3n de alba\u00f1il, canillita, boxeador aficionado y jugador de f\u00fatbol en el Fortaleza, Dubl\u00edn y Pascual Somma.<\/p>\n<p style=\"text-align: justify;\">Al <strong>\u201cnegro jefe\u201d<\/strong> se lo conoci\u00f3 popularmente con su apellido materno desde muy chico.<\/p>\n<p style=\"text-align: justify;\">Su madre llev\u00f3 la familia al <strong>Barrio Paysand\u00fa<\/strong> y el 30 de agosto de 1936 debut\u00f3 en la Divisi\u00f3n Intermedia de la AUF con el Deportivo Juventud, enfrent\u00e1ndose en dicha ocasi\u00f3n a Intr\u00e9pido Belgrano, gan\u00e1ndole por 1 a 0. Pas\u00f3 a Wanderers en 1938, estuvo prob\u00e1ndose en Banfield de Argentina en 1941 y <strong>lleg\u00f3 a Pe\u00f1arol en 1943<\/strong>, donde jug\u00f3 hasta su retiro ocurrido el 15 de junio de 1955 en el estadio Maracan\u00e1 de R\u00edo de Janeiro en partido ante Am\u00e9rica. Obdulio, junto a <a title=\"Roque Gast\u00f3n M\u00e1spoli\" href=\"https:\/\/www.padreydecano.com\/cms\/idolos\/roque-gaston-maspoli\/\">M\u00e1spoli<\/a>, dirig\u00eda a Pe\u00f1arol que perd\u00eda ante Am\u00e9rica. T\u00e9cnico y jugador, se incluy\u00f3 en el equipo en el segundo tiempo. No jug\u00f3 nunca m\u00e1s.<\/p>\n<p style=\"text-align: justify;\"><strong>En Pe\u00f1arol debut\u00f3 el\u00a017 de abril de 1943 contra Sud Am\u00e9rica<\/strong>, encuentro que Pe\u00f1arol gan\u00f3 por 4 tantos contra 0 por el Torneo Competencia.<\/p>\n<p><img loading=\"lazy\" decoding=\"async\" class=\"alignleft  wp-image-25560\" style=\"text-align: justify;\" title=\"obduliov\" src=\"https:\/\/www.padreydecano.com\/cms\/wp-content\/uploads\/2012\/07\/obduliov-119x300.jpg\" alt=\"\" width=\"95\" height=\"240\" \/><\/p>\n<p style=\"text-align: justify;\"><strong>Capit\u00e1n de intachable profesionalidad<\/strong>, grandiosa persona y magn\u00edfico l\u00edder de grupo. En 1945 luego de la victoria frente a River Plate de Argentina, la dirigencia carbonera decide premiar a todos los jugadores del plantel con 250 pesos, pero a Obdulio con 500 pesos. El en ese entones capit\u00e1n del equipo se quej\u00f3 argumentando <strong>\u00abYo no jugu\u00e9 m\u00e1s ni menos\u00a0<\/strong><strong>que nadie. Si ustedes creen que merec\u00ed 500 pesos, le dan a todos 500 pesos. Si ellos merecieron 250 pesos, yo tambi\u00e9n\u00bb.<\/strong>\u00a0Finalmente la dirigencia premi\u00f3 a todos los jugadores con 500 pesos. Momento que describe de pies a cabeza al gran Obdulio Varela.<\/p>\n<p style=\"text-align: justify;\">Con Pe\u00f1arol <strong>se proclam\u00f3 6 veces Campe\u00f3n Uruguayo<\/strong> (1944, 1945, 1949, <a title=\"Campeonato Uruguayo de 1951\" href=\"https:\/\/www.padreydecano.com\/cms\/campanas-historicas\/campeonato-uruguayo-de-1951\/\" target=\"_blank\">1951<\/a>, 1953 y 1954) y <strong>en otras tantas ocasiones Campe\u00f3n del Torneo Competencia<\/strong>, adem\u00e1s de consagrarse <strong>8 veces Campe\u00f3n del Torneo de Honor.<\/strong><\/p>\n<p style=\"text-align: justify;\"><span style=\"text-align: justify;\"><a href=\"https:\/\/www.padreydecano.com\/cms\/wp-content\/uploads\/2012\/07\/obdulio-varela.jpg\" rel=\"shadowbox[sbpost-25555];player=img;\"><img loading=\"lazy\" decoding=\"async\" class=\"alignright  wp-image-25558\" src=\"https:\/\/www.padreydecano.com\/cms\/wp-content\/uploads\/2012\/07\/obdulio-varela-300x218.jpg\" alt=\"\" width=\"210\" height=\"153\" srcset=\"https:\/\/www.padreydecano.com\/cms\/wp-content\/uploads\/2012\/07\/obdulio-varela-300x218.jpg 300w, https:\/\/www.padreydecano.com\/cms\/wp-content\/uploads\/2012\/07\/obdulio-varela.jpg 500w\" sizes=\"(max-width: 210px) 100vw, 210px\" \/><\/a>Capit\u00e1n, caudillo, ganador, jugador de enorme temperamento, gran remate de larga distancia y enorme presencia f\u00edsica, <strong>se retir\u00f3 invicto de la Copa del Mundo<\/strong>. Jug\u00f3 7 partidos, gan\u00f3 6 y empat\u00f3 1. <strong>Muri\u00f3 el 2 de agosto de 1996<\/strong>.\u00a0<\/span><\/p>\n<p style=\"text-align: justify;\"><span style=\"text-align: justify;\"><strong>Tambi\u00e9n Capit\u00e1n de Uruguay cuya titularidad en el centro del campo ocup\u00f3 durante 12 a\u00f1os<\/strong>, se convirti\u00f3 en el mito y leyenda a partir del 16 de julio de 1950 cuando los celestes comandados por su temperamento y picard\u00eda, alcanzaron la m\u00e1s grande haza\u00f1a del f\u00fatbol del mundo al vencer a Brasil en el \u00faltimo partido en Maracan\u00e1. Tambi\u00e9n fue Campe\u00f3n de Am\u00e9rica (1942), de la Copa \u201cBar\u00f3n de R\u00edo Branco\u201d ante Brasil en tres ocasiones y de la Copa \u201cEscobar-Genora\u201d (1943). Totaliz\u00f3 51 partidos internacionales con Uruguay.<\/span><\/p>\n","protected":false},"excerpt":{"rendered":"<p>Obdulio Jacinto Mui\u00f1os Varela fue el m\u00e1s carism\u00e1tico futbolista representativo de un Uruguay ganador, valiente y guapo. Naci\u00f3 el 20 de setiembre de 1917 en La Teja. Diez hermanos, escuela sin terminar, pe\u00f3n de alba\u00f1il, canillita, boxeador aficionado y jugador de f\u00fatbol en el Fortaleza, Dubl\u00edn y Pascual Somma. Al \u201cnegro jefe\u201d se lo conoci\u00f3 [&hellip;]<\/p>\n","protected":false},"author":5,"featured_media":25558,"parent":69,"menu_order":7,"comment_status":"open","ping_status":"open","template":"","meta":{"footnotes":""},"yoast_head":"<!-- This site is optimized with the Yoast SEO plugin v23.2 - https:\/\/yoast.com\/wordpress\/plugins\/seo\/ -->\n<title>Obdulio Varela - Padre y Decano - El Sitio del Pueblo<\/title>\n<meta name=\"robots\" content=\"index, follow, max-snippet:-1, max-image-preview:large, max-video-preview:-1\" \/>\n<link rel=\"canonical\" href=\"https:\/\/www.padreydecano.com\/cms\/idolos\/obdulio-varela\/\" \/>\n<meta property=\"og:locale\" content=\"es_ES\" \/>\n<meta property=\"og:type\" content=\"article\" \/>\n<meta property=\"og:title\" content=\"Obdulio Varela - Padre y Decano - El Sitio del Pueblo\" \/>\n<meta property=\"og:description\" content=\"Obdulio Jacinto Mui\u00f1os Varela fue el m\u00e1s carism\u00e1tico futbolista representativo de un Uruguay ganador, valiente y guapo. Naci\u00f3 el 20 de setiembre de 1917 en La Teja. Diez hermanos, escuela sin terminar, pe\u00f3n de alba\u00f1il, canillita, boxeador aficionado y jugador de f\u00fatbol en el Fortaleza, Dubl\u00edn y Pascual Somma. Al \u201cnegro jefe\u201d se lo conoci\u00f3 [&hellip;]\" \/>\n<meta property=\"og:url\" content=\"https:\/\/www.padreydecano.com\/cms\/idolos\/obdulio-varela\/\" \/>\n<meta property=\"og:site_name\" content=\"Padre y Decano - El Sitio del Pueblo\" \/>\n<meta property=\"og:image\" content=\"https:\/\/www.padreydecano.com\/cms\/wp-content\/uploads\/2012\/07\/obdulio-varela.jpg\" \/>\n\t<meta property=\"og:image:width\" content=\"500\" \/>\n\t<meta property=\"og:image:height\" content=\"364\" \/>\n\t<meta property=\"og:image:type\" content=\"image\/jpeg\" \/>\n<meta name=\"twitter:card\" content=\"summary_large_image\" \/>\n<meta name=\"twitter:label1\" content=\"Tiempo de lectura\" \/>\n\t<meta name=\"twitter:data1\" content=\"2 minutos\" \/>\n<script type=\"application\/ld+json\" class=\"yoast-schema-graph\">{\"@context\":\"https:\/\/schema.org\",\"@graph\":[{\"@type\":\"WebPage\",\"@id\":\"https:\/\/www.padreydecano.com\/cms\/idolos\/obdulio-varela\/\",\"url\":\"https:\/\/www.padreydecano.com\/cms\/idolos\/obdulio-varela\/\",\"name\":\"Obdulio Varela - Padre y Decano - El Sitio del Pueblo\",\"isPartOf\":{\"@id\":\"https:\/\/www.padreydecano.com\/cms\/#website\"},\"primaryImageOfPage\":{\"@id\":\"https:\/\/www.padreydecano.com\/cms\/idolos\/obdulio-varela\/#primaryimage\"},\"image\":{\"@id\":\"https:\/\/www.padreydecano.com\/cms\/idolos\/obdulio-varela\/#primaryimage\"},\"thumbnailUrl\":\"https:\/\/www.padreydecano.com\/cms\/wp-content\/uploads\/2012\/07\/obdulio-varela.jpg\",\"datePublished\":\"2012-07-05T16:28:13+00:00\",\"dateModified\":\"2012-07-05T16:28:13+00:00\",\"breadcrumb\":{\"@id\":\"https:\/\/www.padreydecano.com\/cms\/idolos\/obdulio-varela\/#breadcrumb\"},\"inLanguage\":\"es\",\"potentialAction\":[{\"@type\":\"ReadAction\",\"target\":[\"https:\/\/www.padreydecano.com\/cms\/idolos\/obdulio-varela\/\"]}]},{\"@type\":\"ImageObject\",\"inLanguage\":\"es\",\"@id\":\"https:\/\/www.padreydecano.com\/cms\/idolos\/obdulio-varela\/#primaryimage\",\"url\":\"https:\/\/www.padreydecano.com\/cms\/wp-content\/uploads\/2012\/07\/obdulio-varela.jpg\",\"contentUrl\":\"https:\/\/www.padreydecano.com\/cms\/wp-content\/uploads\/2012\/07\/obdulio-varela.jpg\",\"width\":\"500\",\"height\":\"364\"},{\"@type\":\"BreadcrumbList\",\"@id\":\"https:\/\/www.padreydecano.com\/cms\/idolos\/obdulio-varela\/#breadcrumb\",\"itemListElement\":[{\"@type\":\"ListItem\",\"position\":1,\"name\":\"Portada\",\"item\":\"https:\/\/www.padreydecano.com\/cms\/\"},{\"@type\":\"ListItem\",\"position\":2,\"name\":\"\u00cddolos\",\"item\":\"https:\/\/www.padreydecano.com\/cms\/idolos\/\"},{\"@type\":\"ListItem\",\"position\":3,\"name\":\"Obdulio Varela\"}]},{\"@type\":\"WebSite\",\"@id\":\"https:\/\/www.padreydecano.com\/cms\/#website\",\"url\":\"https:\/\/www.padreydecano.com\/cms\/\",\"name\":\"Padre y Decano - El Sitio del Pueblo\",\"description\":\"Club Atl\u00e9tico Pe\u00f1arol\",\"publisher\":{\"@id\":\"https:\/\/www.padreydecano.com\/cms\/#organization\"},\"potentialAction\":[{\"@type\":\"SearchAction\",\"target\":{\"@type\":\"EntryPoint\",\"urlTemplate\":\"https:\/\/www.padreydecano.com\/cms\/?s={search_term_string}\"},\"query-input\":\"required name=search_term_string\"}],\"inLanguage\":\"es\"},{\"@type\":\"Organization\",\"@id\":\"https:\/\/www.padreydecano.com\/cms\/#organization\",\"name\":\"Padre y Decano\",\"url\":\"https:\/\/www.padreydecano.com\/cms\/\",\"logo\":{\"@type\":\"ImageObject\",\"inLanguage\":\"es\",\"@id\":\"https:\/\/www.padreydecano.com\/cms\/#\/schema\/logo\/image\/\",\"url\":\"https:\/\/www.padreydecano.com\/cms\/wp-content\/uploads\/2022\/01\/avatar-square.png\",\"contentUrl\":\"https:\/\/www.padreydecano.com\/cms\/wp-content\/uploads\/2022\/01\/avatar-square.png\",\"width\":1500,\"height\":1500,\"caption\":\"Padre y Decano\"},\"image\":{\"@id\":\"https:\/\/www.padreydecano.com\/cms\/#\/schema\/logo\/image\/\"}}]}<\/script>\n<!-- \/ Yoast SEO plugin. -->","yoast_head_json":{"title":"Obdulio Varela - Padre y Decano - El Sitio del Pueblo","robots":{"index":"index","follow":"follow","max-snippet":"max-snippet:-1","max-image-preview":"max-image-preview:large","max-video-preview":"max-video-preview:-1"},"canonical":"https:\/\/www.padreydecano.com\/cms\/idolos\/obdulio-varela\/","og_locale":"es_ES","og_type":"article","og_title":"Obdulio Varela - Padre y Decano - El Sitio del Pueblo","og_description":"Obdulio Jacinto Mui\u00f1os Varela fue el m\u00e1s carism\u00e1tico futbolista representativo de un Uruguay ganador, valiente y guapo. Naci\u00f3 el 20 de setiembre de 1917 en La Teja. Diez hermanos, escuela sin terminar, pe\u00f3n de alba\u00f1il, canillita, boxeador aficionado y jugador de f\u00fatbol en el Fortaleza, Dubl\u00edn y Pascual Somma. Al \u201cnegro jefe\u201d se lo conoci\u00f3 [&hellip;]","og_url":"https:\/\/www.padreydecano.com\/cms\/idolos\/obdulio-varela\/","og_site_name":"Padre y Decano - El Sitio del Pueblo","og_image":[{"width":500,"height":364,"url":"https:\/\/www.padreydecano.com\/cms\/wp-content\/uploads\/2012\/07\/obdulio-varela.jpg","type":"image\/jpeg"}],"twitter_card":"summary_large_image","twitter_misc":{"Tiempo de lectura":"2 minutos"},"schema":{"@context":"https:\/\/schema.org","@graph":[{"@type":"WebPage","@id":"https:\/\/www.padreydecano.com\/cms\/idolos\/obdulio-varela\/","url":"https:\/\/www.padreydecano.com\/cms\/idolos\/obdulio-varela\/","name":"Obdulio Varela - Padre y Decano - El Sitio del Pueblo","isPartOf":{"@id":"https:\/\/www.padreydecano.com\/cms\/#website"},"primaryImageOfPage":{"@id":"https:\/\/www.padreydecano.com\/cms\/idolos\/obdulio-varela\/#primaryimage"},"image":{"@id":"https:\/\/www.padreydecano.com\/cms\/idolos\/obdulio-varela\/#primaryimage"},"thumbnailUrl":"https:\/\/www.padreydecano.com\/cms\/wp-content\/uploads\/2012\/07\/obdulio-varela.jpg","datePublished":"2012-07-05T16:28:13+00:00","dateModified":"2012-07-05T16:28:13+00:00","breadcrumb":{"@id":"https:\/\/www.padreydecano.com\/cms\/idolos\/obdulio-varela\/#breadcrumb"},"inLanguage":"es","potentialAction":[{"@type":"ReadAction","target":["https:\/\/www.padreydecano.com\/cms\/idolos\/obdulio-varela\/"]}]},{"@type":"ImageObject","inLanguage":"es","@id":"https:\/\/www.padreydecano.com\/cms\/idolos\/obdulio-varela\/#primaryimage","url":"https:\/\/www.padreydecano.com\/cms\/wp-content\/uploads\/2012\/07\/obdulio-varela.jpg","contentUrl":"https:\/\/www.padreydecano.com\/cms\/wp-content\/uploads\/2012\/07\/obdulio-varela.jpg","width":"500","height":"364"},{"@type":"BreadcrumbList","@id":"https:\/\/www.padreydecano.com\/cms\/idolos\/obdulio-varela\/#breadcrumb","itemListElement":[{"@type":"ListItem","position":1,"name":"Portada","item":"https:\/\/www.padreydecano.com\/cms\/"},{"@type":"ListItem","position":2,"name":"\u00cddolos","item":"https:\/\/www.padreydecano.com\/cms\/idolos\/"},{"@type":"ListItem","position":3,"name":"Obdulio Varela"}]},{"@type":"WebSite","@id":"https:\/\/www.padreydecano.com\/cms\/#website","url":"https:\/\/www.padreydecano.com\/cms\/","name":"Padre y Decano - El Sitio del Pueblo","description":"Club Atl\u00e9tico Pe\u00f1arol","publisher":{"@id":"https:\/\/www.padreydecano.com\/cms\/#organization"},"potentialAction":[{"@type":"SearchAction","target":{"@type":"EntryPoint","urlTemplate":"https:\/\/www.padreydecano.com\/cms\/?s={search_term_string}"},"query-input":"required name=search_term_string"}],"inLanguage":"es"},{"@type":"Organization","@id":"https:\/\/www.padreydecano.com\/cms\/#organization","name":"Padre y Decano","url":"https:\/\/www.padreydecano.com\/cms\/","logo":{"@type":"ImageObject","inLanguage":"es","@id":"https:\/\/www.padreydecano.com\/cms\/#\/schema\/logo\/image\/","url":"https:\/\/www.padreydecano.com\/cms\/wp-content\/uploads\/2022\/01\/avatar-square.png","contentUrl":"https:\/\/www.padreydecano.com\/cms\/wp-content\/uploads\/2022\/01\/avatar-square.png","width":1500,"height":1500,"caption":"Padre y Decano"},"image":{"@id":"https:\/\/www.padreydecano.com\/cms\/#\/schema\/logo\/image\/"}}]}},"_links":{"self":[{"href":"https:\/\/www.padreydecano.com\/cms\/wp-json\/wp\/v2\/pages\/25555"}],"collection":[{"href":"https:\/\/www.padreydecano.com\/cms\/wp-json\/wp\/v2\/pages"}],"about":[{"href":"https:\/\/www.padreydecano.com\/cms\/wp-json\/wp\/v2\/types\/page"}],"author":[{"embeddable":true,"href":"https:\/\/www.padreydecano.com\/cms\/wp-json\/wp\/v2\/users\/5"}],"replies":[{"embeddable":true,"href":"https:\/\/www.padreydecano.com\/cms\/wp-json\/wp\/v2\/comments?post=25555"}],"version-history":[{"count":0,"href":"https:\/\/www.padreydecano.com\/cms\/wp-json\/wp\/v2\/pages\/25555\/revisions"}],"up":[{"embeddable":true,"href":"https:\/\/www.padreydecano.com\/cms\/wp-json\/wp\/v2\/pages\/69"}],"wp:featuredmedia":[{"embeddable":true,"href":"https:\/\/www.padreydecano.com\/cms\/wp-json\/wp\/v2\/media\/25558"}],"wp:attachment":[{"href":"https:\/\/www.padreydecano.com\/cms\/wp-json\/wp\/v2\/media?parent=25555"}],"curies":[{"name":"wp","href":"https:\/\/api.w.org\/{rel}","templated":true}]}}