{"id":24397,"date":"2012-06-02T00:00:29","date_gmt":"2012-06-02T03:00:29","guid":{"rendered":"http:\/\/www.padreydecano.com\/cms\/?page_id=24397"},"modified":"2020-06-02T04:47:05","modified_gmt":"2020-06-02T07:47:05","slug":"la-inolvidable-noche-de-liniers","status":"publish","type":"page","link":"https:\/\/www.padreydecano.com\/cms\/el-baul-de-los-recuerdos\/la-inolvidable-noche-de-liniers\/","title":{"rendered":"La inolvidable noche de Liniers"},"content":{"rendered":"<p style=\"text-align: justify;\"><a href=\"https:\/\/www.padreydecano.com\/cms\/wp-content\/uploads\/2012\/06\/velez-pe\u00f1arol-liniers.jpg\" rel=\"shadowbox[sbpost-24397];player=img;\"><img loading=\"lazy\" decoding=\"async\" class=\"alignright wp-image-24398\" src=\"https:\/\/www.padreydecano.com\/cms\/wp-content\/uploads\/2012\/06\/velez-pe\u00f1arol-liniers-300x178.jpg\" alt=\"\" width=\"210\" height=\"125\" srcset=\"https:\/\/www.padreydecano.com\/cms\/wp-content\/uploads\/2012\/06\/velez-pe\u00f1arol-liniers-300x178.jpg 300w, https:\/\/www.padreydecano.com\/cms\/wp-content\/uploads\/2012\/06\/velez-pe\u00f1arol-liniers.jpg 640w\" sizes=\"(max-width: 210px) 100vw, 210px\" \/><\/a>El partido m\u00e1s emotivo en lo que va del Siglo XXI para Pe\u00f1arol. Luego de 24 a\u00f1os, ten\u00edamos la posibilidad de volver a una final de Copa Libertadores de Am\u00e9rica, pero ten\u00edamos un duro rival en el camino: el V\u00e9lez Sarsfield de Gareca, al cual hab\u00edamos derrotado 1 a 0 en Montevideo con aquel cabezazo m\u00e1gico de Dar\u00edo Rodr\u00edguez. La hinchada de Pe\u00f1arol fue durante toda la Copa la que m\u00e1s entradas vendi\u00f3, tanto de local como de visitante, y en este viaje a Buenos Aires, no iba a ser la excepci\u00f3n. Cientos de \u00f3mnibus, autos, camionetas y varios viajes en barco y aviones transportaron a los manyas hacia lo que ser\u00eda un partido \u00e9pico.<\/p>\n<p style=\"text-align: justify;\">La previa del 2 de junio de 2011 nuevamente se vivi\u00f3 en el Obelisco aunque tambi\u00e9n varios prefirieron ir directo hacia la cancha. Aquel d\u00eda, Buenos Aires era un caos, y la caravana de bondis carboneros enfilaron lentamente por la avenida rumbo al Amalfitani. Parec\u00eda que no se llegaba m\u00e1s al estadio. La cancha estaba separada del estacionamiento de los veh\u00edculos por una v\u00eda de un tren que estaba en funcionamiento. La gente estaba amontonada como ganado y cada vez que se levantaba la barrera, unos pocos pod\u00edan pasar. La ansiedad mezclada con el nerviosismo y la inoperancia policial hac\u00eda que la hinchada se malhumorara; todo parec\u00eda estar en nuestra contra, por eso era m\u00e1s lindo el partido.<\/p>\n<p style=\"text-align: justify;\"><img loading=\"lazy\" decoding=\"async\" class=\"alignleft wp-image-24401\" src=\"https:\/\/www.padreydecano.com\/cms\/wp-content\/uploads\/2012\/06\/hinchada-pe\u00f1arol-liniers-amalfitani-300x199.jpg\" alt=\"\" width=\"240\" height=\"159\" srcset=\"https:\/\/www.padreydecano.com\/cms\/wp-content\/uploads\/2012\/06\/hinchada-pe\u00f1arol-liniers-amalfitani-300x199.jpg 300w, https:\/\/www.padreydecano.com\/cms\/wp-content\/uploads\/2012\/06\/hinchada-pe\u00f1arol-liniers-amalfitani.jpg 1024w\" sizes=\"(max-width: 240px) 100vw, 240px\" \/>La popular visitante estaba repleta, 10.000 personas coparon el estadio Amalfitani siendo esto un record. Ni los cuadros de la propia Argentina abarcan lo que abarc\u00f3 Pe\u00f1arol aquella noche.<\/p>\n<p style=\"text-align: justify;\">El partido era m\u00e1s que complicado. El 1 a 0 en la ida no garantizaba nada, y era fundamental poder marcar por lo menos un gol de visitante para respirar con aire durante los 90 minutos. De arranque, Martinuccio tuvo un mano a mano con Barovero pero la definici\u00f3n del \u201cporte\u00f1o\u201d no fue la mejor y el golero contuvo el disparo. Minutos despu\u00e9s, tras un centro por izquierda, Martinuccio tiene un cabezazo que se va apenas por encima del travesa\u00f1o. Ah\u00ed se dio un click en el partido, y Vel\u00e9z comenz\u00f3 a tener el bal\u00f3n y llegar a nuestro arco, aunque no con demasiado peligro.<\/p>\n<p style=\"text-align: justify;\"><a href=\"https:\/\/www.padreydecano.com\/cms\/wp-content\/uploads\/2012\/06\/velez-pe\u00f1arol-liniers-2.jpg\" rel=\"shadowbox[sbpost-24397];player=img;\"><img loading=\"lazy\" decoding=\"async\" class=\"alignright wp-image-24399\" src=\"https:\/\/www.padreydecano.com\/cms\/wp-content\/uploads\/2012\/06\/velez-pe\u00f1arol-liniers-2-300x179.jpg\" alt=\"\" width=\"216\" height=\"129\" srcset=\"https:\/\/www.padreydecano.com\/cms\/wp-content\/uploads\/2012\/06\/velez-pe\u00f1arol-liniers-2-300x179.jpg 300w, https:\/\/www.padreydecano.com\/cms\/wp-content\/uploads\/2012\/06\/velez-pe\u00f1arol-liniers-2.jpg 640w\" sizes=\"(max-width: 216px) 100vw, 216px\" \/><\/a>A los 33 minutos lleg\u00f3 lo que todos fuimos a buscar. Olivera baja una pelota de cabeza para Martinuccio, \u00e9ste toma la pelota y se cruza por afuera del \u00e1rea grande y le mete un gran pase a Mat\u00edas Mier que entra por izquierda y tras controlar con dificultad el bal\u00f3n la manda a guardar para el 1 a 0 y el delirio de la hinchada. Un minuto despu\u00e9s, y a la salida de un corner, Olivera cabecea una pelota y Barovero la manda al corner tras gran atajada.<\/p>\n<p style=\"text-align: justify;\">Sobre el final del primer tiempo, V\u00e9lez marca un gol pero el juez anula la jugada por un offside que no fue. Sin embargo, en el cierre de la primera mitad, los argentinos logran un empate a trav\u00e9s de una jugada donde s\u00ed hubo offside.<br \/>\nEn el segundo tiempo la pelota fue de V\u00e9lez pero la m\u00e1s clara la tuvimos nosotros, con un remate de Olivera solo frente al arco que termin\u00f3 y\u00e9ndose desviado. A los 66, el \u201cTanque\u201d Santiago Silva marc\u00f3 el segundo y le daba un tiempo de 25 minutos a V\u00e9lez para lograr el gol de la clasificaci\u00f3n.<\/p>\n<p style=\"text-align: justify;\">El nerviosismo ya estaba instalado en la tribuna y creci\u00f3 a\u00fan m\u00e1s cuando a los 74 minutos Guillermo Rodr\u00edguez toca la pelota con la mano y el juez sanciona penal. Quedar\u00e1 en el recuerdo aquella famosa imagen cuando Juan Manuel Olivera pasa por al lado del ejecutante Santiago Silva, y le dice algo al o\u00eddo. En respuesta, el \u201cTanque\u201d contesta \u201cla c***** de tu madre Juan\u201d. La historia la conocemos todos, Silva patea el penal, se resbala y la pelota se fue por arriba del travesa\u00f1o.<\/p>\n<p style=\"text-align: justify;\">Todos nos abrazamos para llorar de felicidad, para recordar a los que no estaban con nosotros f\u00edsicamente en ese momento, en ese lugar, pero que fueron parte de esos abrazos y ese festejo. Mientras los 10.000 delir\u00e1bamos en Liniers, en Montevideo y en todo el interior las calles se poblaron de manyas como hace muchos a\u00f1os no pasaba.\u00a0\u00a1Pe\u00f1arol a la final de Am\u00e9rica!<\/p>\n<p style=\"text-align: justify;\"><span style=\"color: #ffcc02;\"><strong>Ficha del partido<\/strong><\/span><\/p>\n<p style=\"text-align: justify;\"><strong>V\u00e9lez 2 &#8211; Pe\u00f1arol 1 &#8211; 02\/06\/2011<\/strong><\/p>\n<p style=\"text-align: justify;\">Cancha: Estadio Jos\u00e9 Amalfitani (Buenos Aires). Jueces: Enrique Osses, Francisco Mondr\u00eda y Patricio Basualto (Terna de Chile).<\/p>\n<p style=\"text-align: justify;\">V\u00e9lez Sarsfield: Marcelo Barovero, Fabi\u00e1n Cubero (13&#8242; Fernando Tobio), Sebasti\u00e1n Dom\u00ednguez, Fernando Ortiz, Emiliano Papa; Augusto Fern\u00e1ndez, H\u00e9ctor Canteros, V\u00edctor Zapata (87&#8242; David Zapata); Maximiliano Moralez (60&#8242; Ricardo Alvarez); Juan Manuel Mart\u00ednez y Santiago Silva. Director T\u00e9cnico: Ricardo Gareca. Suplentes: Germ\u00e1n Montoya, Leandro Des\u00e1bato, Iv\u00e1n Bella, y Guillermo Franco.<\/p>\n<p style=\"text-align: justify;\">Pe\u00f1arol: Sebasti\u00e1n Sosa, Alejandro Gonz\u00e1lez, Carlos Valdez, Guillermo Rodr\u00edguez, Dar\u00edo Rodr\u00edguez; Mat\u00edas Corujo, Nicol\u00e1s Freitas, Luis Aguiar, Mat\u00edas Mier (70&#8242; Fabi\u00e1n Estoyanoff); Juan Manuel Olivera y Alejandro Martinuccio (82&#8242; Emiliano Alb\u00edn). Director T\u00e9cnico: Diego Aguirre. Suplentes: Fabi\u00e1n Carini, Emilio Mac Eachen, Nicol\u00e1s Domingo, Antonio Pacheco y Rodrigo Pastorini.<\/p>\n<p style=\"text-align: justify;\">Goles: 34&#8242; Mat\u00edas Mier (P) y 45&#8242; Fernando Tobio (VS), 67&#8242; Santiago Silva (VS).<\/p>\n<p style=\"text-align: justify;\">Tarjeta roja: 69&#8242; Fernando Ortiz (VS).<\/p>\n<p style=\"text-align: justify;\">Tarjetas amarillas: 44&#8242; Fernando Ortiz (VS), 50&#8242; Santiago Silva (VS), 84&#8242; Emiliano Alb\u00edn (P).<\/p>\n","protected":false},"excerpt":{"rendered":"<p>El partido m\u00e1s emotivo en lo que va del Siglo XXI para Pe\u00f1arol. Luego de 24 a\u00f1os, ten\u00edamos la posibilidad de volver a una final de Copa Libertadores de Am\u00e9rica, pero ten\u00edamos un duro rival en el camino: el V\u00e9lez Sarsfield de Gareca, al cual hab\u00edamos derrotado 1 a 0 en Montevideo con aquel cabezazo [&hellip;]<\/p>\n","protected":false},"author":13,"featured_media":0,"parent":13741,"menu_order":7,"comment_status":"open","ping_status":"open","template":"","meta":{"footnotes":""},"yoast_head":"<!-- This site is optimized with the Yoast SEO plugin v23.2 - https:\/\/yoast.com\/wordpress\/plugins\/seo\/ -->\n<title>La inolvidable noche de Liniers - Padre y Decano - El Sitio del Pueblo<\/title>\n<meta name=\"robots\" content=\"index, follow, max-snippet:-1, max-image-preview:large, max-video-preview:-1\" \/>\n<link rel=\"canonical\" href=\"https:\/\/www.padreydecano.com\/cms\/el-baul-de-los-recuerdos\/la-inolvidable-noche-de-liniers\/\" \/>\n<meta property=\"og:locale\" content=\"es_ES\" \/>\n<meta property=\"og:type\" content=\"article\" \/>\n<meta property=\"og:title\" content=\"La inolvidable noche de Liniers - Padre y Decano - El Sitio del Pueblo\" \/>\n<meta property=\"og:description\" content=\"El partido m\u00e1s emotivo en lo que va del Siglo XXI para Pe\u00f1arol. Luego de 24 a\u00f1os, ten\u00edamos la posibilidad de volver a una final de Copa Libertadores de Am\u00e9rica, pero ten\u00edamos un duro rival en el camino: el V\u00e9lez Sarsfield de Gareca, al cual hab\u00edamos derrotado 1 a 0 en Montevideo con aquel cabezazo [&hellip;]\" \/>\n<meta property=\"og:url\" content=\"https:\/\/www.padreydecano.com\/cms\/el-baul-de-los-recuerdos\/la-inolvidable-noche-de-liniers\/\" \/>\n<meta property=\"og:site_name\" content=\"Padre y Decano - El Sitio del Pueblo\" \/>\n<meta property=\"article:modified_time\" content=\"2020-06-02T07:47:05+00:00\" \/>\n<meta property=\"og:image\" content=\"http:\/\/www.padreydecano.com\/cms\/wp-content\/uploads\/2012\/06\/velez-pe\u00f1arol-liniers-300x178.jpg\" \/>\n<meta name=\"twitter:card\" content=\"summary_large_image\" \/>\n<meta name=\"twitter:label1\" content=\"Tiempo de lectura\" \/>\n\t<meta name=\"twitter:data1\" content=\"5 minutos\" \/>\n<script type=\"application\/ld+json\" class=\"yoast-schema-graph\">{\"@context\":\"https:\/\/schema.org\",\"@graph\":[{\"@type\":\"WebPage\",\"@id\":\"https:\/\/www.padreydecano.com\/cms\/el-baul-de-los-recuerdos\/la-inolvidable-noche-de-liniers\/\",\"url\":\"https:\/\/www.padreydecano.com\/cms\/el-baul-de-los-recuerdos\/la-inolvidable-noche-de-liniers\/\",\"name\":\"La inolvidable noche de Liniers - Padre y Decano - El Sitio del Pueblo\",\"isPartOf\":{\"@id\":\"https:\/\/www.padreydecano.com\/cms\/#website\"},\"datePublished\":\"2012-06-02T03:00:29+00:00\",\"dateModified\":\"2020-06-02T07:47:05+00:00\",\"breadcrumb\":{\"@id\":\"https:\/\/www.padreydecano.com\/cms\/el-baul-de-los-recuerdos\/la-inolvidable-noche-de-liniers\/#breadcrumb\"},\"inLanguage\":\"es\",\"potentialAction\":[{\"@type\":\"ReadAction\",\"target\":[\"https:\/\/www.padreydecano.com\/cms\/el-baul-de-los-recuerdos\/la-inolvidable-noche-de-liniers\/\"]}]},{\"@type\":\"BreadcrumbList\",\"@id\":\"https:\/\/www.padreydecano.com\/cms\/el-baul-de-los-recuerdos\/la-inolvidable-noche-de-liniers\/#breadcrumb\",\"itemListElement\":[{\"@type\":\"ListItem\",\"position\":1,\"name\":\"Portada\",\"item\":\"https:\/\/www.padreydecano.com\/cms\/\"},{\"@type\":\"ListItem\",\"position\":2,\"name\":\"El Ba\u00fal de los Recuerdos\",\"item\":\"https:\/\/www.padreydecano.com\/cms\/el-baul-de-los-recuerdos\/\"},{\"@type\":\"ListItem\",\"position\":3,\"name\":\"La inolvidable noche de Liniers\"}]},{\"@type\":\"WebSite\",\"@id\":\"https:\/\/www.padreydecano.com\/cms\/#website\",\"url\":\"https:\/\/www.padreydecano.com\/cms\/\",\"name\":\"Padre y Decano - El Sitio del Pueblo\",\"description\":\"Club Atl\u00e9tico Pe\u00f1arol\",\"publisher\":{\"@id\":\"https:\/\/www.padreydecano.com\/cms\/#organization\"},\"potentialAction\":[{\"@type\":\"SearchAction\",\"target\":{\"@type\":\"EntryPoint\",\"urlTemplate\":\"https:\/\/www.padreydecano.com\/cms\/?s={search_term_string}\"},\"query-input\":\"required name=search_term_string\"}],\"inLanguage\":\"es\"},{\"@type\":\"Organization\",\"@id\":\"https:\/\/www.padreydecano.com\/cms\/#organization\",\"name\":\"Padre y Decano\",\"url\":\"https:\/\/www.padreydecano.com\/cms\/\",\"logo\":{\"@type\":\"ImageObject\",\"inLanguage\":\"es\",\"@id\":\"https:\/\/www.padreydecano.com\/cms\/#\/schema\/logo\/image\/\",\"url\":\"https:\/\/www.padreydecano.com\/cms\/wp-content\/uploads\/2022\/01\/avatar-square.png\",\"contentUrl\":\"https:\/\/www.padreydecano.com\/cms\/wp-content\/uploads\/2022\/01\/avatar-square.png\",\"width\":1500,\"height\":1500,\"caption\":\"Padre y Decano\"},\"image\":{\"@id\":\"https:\/\/www.padreydecano.com\/cms\/#\/schema\/logo\/image\/\"}}]}<\/script>\n<!-- \/ Yoast SEO plugin. -->","yoast_head_json":{"title":"La inolvidable noche de Liniers - Padre y Decano - El Sitio del Pueblo","robots":{"index":"index","follow":"follow","max-snippet":"max-snippet:-1","max-image-preview":"max-image-preview:large","max-video-preview":"max-video-preview:-1"},"canonical":"https:\/\/www.padreydecano.com\/cms\/el-baul-de-los-recuerdos\/la-inolvidable-noche-de-liniers\/","og_locale":"es_ES","og_type":"article","og_title":"La inolvidable noche de Liniers - Padre y Decano - El Sitio del Pueblo","og_description":"El partido m\u00e1s emotivo en lo que va del Siglo XXI para Pe\u00f1arol. Luego de 24 a\u00f1os, ten\u00edamos la posibilidad de volver a una final de Copa Libertadores de Am\u00e9rica, pero ten\u00edamos un duro rival en el camino: el V\u00e9lez Sarsfield de Gareca, al cual hab\u00edamos derrotado 1 a 0 en Montevideo con aquel cabezazo [&hellip;]","og_url":"https:\/\/www.padreydecano.com\/cms\/el-baul-de-los-recuerdos\/la-inolvidable-noche-de-liniers\/","og_site_name":"Padre y Decano - El Sitio del Pueblo","article_modified_time":"2020-06-02T07:47:05+00:00","og_image":[{"url":"http:\/\/www.padreydecano.com\/cms\/wp-content\/uploads\/2012\/06\/velez-pe\u00f1arol-liniers-300x178.jpg"}],"twitter_card":"summary_large_image","twitter_misc":{"Tiempo de lectura":"5 minutos"},"schema":{"@context":"https:\/\/schema.org","@graph":[{"@type":"WebPage","@id":"https:\/\/www.padreydecano.com\/cms\/el-baul-de-los-recuerdos\/la-inolvidable-noche-de-liniers\/","url":"https:\/\/www.padreydecano.com\/cms\/el-baul-de-los-recuerdos\/la-inolvidable-noche-de-liniers\/","name":"La inolvidable noche de Liniers - Padre y Decano - El Sitio del Pueblo","isPartOf":{"@id":"https:\/\/www.padreydecano.com\/cms\/#website"},"datePublished":"2012-06-02T03:00:29+00:00","dateModified":"2020-06-02T07:47:05+00:00","breadcrumb":{"@id":"https:\/\/www.padreydecano.com\/cms\/el-baul-de-los-recuerdos\/la-inolvidable-noche-de-liniers\/#breadcrumb"},"inLanguage":"es","potentialAction":[{"@type":"ReadAction","target":["https:\/\/www.padreydecano.com\/cms\/el-baul-de-los-recuerdos\/la-inolvidable-noche-de-liniers\/"]}]},{"@type":"BreadcrumbList","@id":"https:\/\/www.padreydecano.com\/cms\/el-baul-de-los-recuerdos\/la-inolvidable-noche-de-liniers\/#breadcrumb","itemListElement":[{"@type":"ListItem","position":1,"name":"Portada","item":"https:\/\/www.padreydecano.com\/cms\/"},{"@type":"ListItem","position":2,"name":"El Ba\u00fal de los Recuerdos","item":"https:\/\/www.padreydecano.com\/cms\/el-baul-de-los-recuerdos\/"},{"@type":"ListItem","position":3,"name":"La inolvidable noche de Liniers"}]},{"@type":"WebSite","@id":"https:\/\/www.padreydecano.com\/cms\/#website","url":"https:\/\/www.padreydecano.com\/cms\/","name":"Padre y Decano - El Sitio del Pueblo","description":"Club Atl\u00e9tico Pe\u00f1arol","publisher":{"@id":"https:\/\/www.padreydecano.com\/cms\/#organization"},"potentialAction":[{"@type":"SearchAction","target":{"@type":"EntryPoint","urlTemplate":"https:\/\/www.padreydecano.com\/cms\/?s={search_term_string}"},"query-input":"required name=search_term_string"}],"inLanguage":"es"},{"@type":"Organization","@id":"https:\/\/www.padreydecano.com\/cms\/#organization","name":"Padre y Decano","url":"https:\/\/www.padreydecano.com\/cms\/","logo":{"@type":"ImageObject","inLanguage":"es","@id":"https:\/\/www.padreydecano.com\/cms\/#\/schema\/logo\/image\/","url":"https:\/\/www.padreydecano.com\/cms\/wp-content\/uploads\/2022\/01\/avatar-square.png","contentUrl":"https:\/\/www.padreydecano.com\/cms\/wp-content\/uploads\/2022\/01\/avatar-square.png","width":1500,"height":1500,"caption":"Padre y Decano"},"image":{"@id":"https:\/\/www.padreydecano.com\/cms\/#\/schema\/logo\/image\/"}}]}},"_links":{"self":[{"href":"https:\/\/www.padreydecano.com\/cms\/wp-json\/wp\/v2\/pages\/24397"}],"collection":[{"href":"https:\/\/www.padreydecano.com\/cms\/wp-json\/wp\/v2\/pages"}],"about":[{"href":"https:\/\/www.padreydecano.com\/cms\/wp-json\/wp\/v2\/types\/page"}],"author":[{"embeddable":true,"href":"https:\/\/www.padreydecano.com\/cms\/wp-json\/wp\/v2\/users\/13"}],"replies":[{"embeddable":true,"href":"https:\/\/www.padreydecano.com\/cms\/wp-json\/wp\/v2\/comments?post=24397"}],"version-history":[{"count":0,"href":"https:\/\/www.padreydecano.com\/cms\/wp-json\/wp\/v2\/pages\/24397\/revisions"}],"up":[{"embeddable":true,"href":"https:\/\/www.padreydecano.com\/cms\/wp-json\/wp\/v2\/pages\/13741"}],"wp:attachment":[{"href":"https:\/\/www.padreydecano.com\/cms\/wp-json\/wp\/v2\/media?parent=24397"}],"curies":[{"name":"wp","href":"https:\/\/api.w.org\/{rel}","templated":true}]}}