{"id":24394,"date":"2012-06-07T20:29:58","date_gmt":"2012-06-07T23:29:58","guid":{"rendered":"http:\/\/www.padreydecano.com\/cms\/?page_id=24394"},"modified":"2012-06-08T01:21:53","modified_gmt":"2012-06-08T04:21:53","slug":"walter-olivera","status":"publish","type":"page","link":"https:\/\/www.padreydecano.com\/cms\/idolos\/walter-olivera\/","title":{"rendered":"Walter Olivera"},"content":{"rendered":"<p style=\"text-align: justify;\"><a href=\"https:\/\/www.padreydecano.com\/cms\/wp-content\/uploads\/2011\/11\/1196884248_f.jpg\" rel=\"shadowbox[sbpost-24394];player=img;\"><img loading=\"lazy\" decoding=\"async\" class=\"alignright  wp-image-7840\" src=\"https:\/\/www.padreydecano.com\/cms\/wp-content\/uploads\/2011\/11\/1196884248_f.jpg\" alt=\"\" width=\"100\" height=\"315\" srcset=\"https:\/\/www.padreydecano.com\/cms\/wp-content\/uploads\/2011\/11\/1196884248_f.jpg 159w, https:\/\/www.padreydecano.com\/cms\/wp-content\/uploads\/2011\/11\/1196884248_f-95x300.jpg 95w\" sizes=\"(max-width: 100px) 100vw, 100px\" \/><\/a>Capit\u00e1n del plantel <a title=\"Copa Libertadores 1982\" href=\"https:\/\/www.padreydecano.com\/cms\/campanas-historicas\/copa-libertadores-1982\/\" target=\"_blank\">Campe\u00f3n de Am\u00e9rica<\/a> y del <a title=\"Copa Intercontinental 1982\" href=\"https:\/\/www.padreydecano.com\/cms\/campanas-historicas\/copa-intercontinental-1982\/\" target=\"_blank\">Mundo<\/a> con Pe\u00f1arol en 1982, Walter \u00abIndio\u201d Olivera naci\u00f3 el 16 de agosto de 1952 en el paraje \u201cLa Palmita\u201d. Cosech\u00f3 varios t\u00edtulos con la camiseta aurinegra, lo que lleva a considerarlo como uno de los mejores defensas de nuestra historia.<\/p>\n<p style=\"text-align: justify;\"><a href=\"https:\/\/www.padreydecano.com\/cms\/wp-content\/uploads\/2012\/06\/fotoindiolivera.jpg\" rel=\"shadowbox[sbpost-24394];player=img;\"><img loading=\"lazy\" decoding=\"async\" class=\"alignleft  wp-image-24691\" src=\"https:\/\/www.padreydecano.com\/cms\/wp-content\/uploads\/2012\/06\/fotoindiolivera-237x300.jpg\" alt=\"\" width=\"152\" height=\"192\" srcset=\"https:\/\/www.padreydecano.com\/cms\/wp-content\/uploads\/2012\/06\/fotoindiolivera-237x300.jpg 237w, https:\/\/www.padreydecano.com\/cms\/wp-content\/uploads\/2012\/06\/fotoindiolivera.jpg 298w\" sizes=\"(max-width: 152px) 100vw, 152px\" \/><\/a>En 1972 llega al f\u00fatbol profesional para desempe\u00f1arse en la instituci\u00f3n mirasol. A\u00f1o posterior a su llegada, comienza a alternar en el plantel titular, misma temporada en que obtiene su primer t\u00edtulo de Campe\u00f3n Uruguayo como jugador de Pe\u00f1arol oficiando de zaguero; el cual tambi\u00e9n obtendr\u00eda de forma consecutiva en 1974 y 1975. En estos a\u00f1os fue compa\u00f1ero de equipo de grandes jugadores como <a title=\"Fernando Morena\" href=\"https:\/\/www.padreydecano.com\/cms\/idolos\/fernando-morena\/\" target=\"_blank\">Fernando Morena<\/a>, Nelson Acosta y Jorge Fosatti.<\/p>\n<p style=\"text-align: justify;\">Obtuvo tambi\u00e9n los t\u00edtulos de Campe\u00f3n Uruguayo en los a\u00f1os 1978, 1979, 1981 y 1982. En este \u00faltimo a\u00f1o, levant\u00f3 la Copa Libertadores en Chile y la Copa Intercontinental en Tokio, acompa\u00f1ado de exitosos futbolistas como Mario Saralegui, Venancio Ramos, Victor Diogo y el anteriormente mencionado, Fernando Morena.<\/p>\n<p style=\"text-align: justify;\">En 1983, a\u00f1o en el cual Pe\u00f1arol fue vice campe\u00f3n de la Copa Libertadores, Olivera parte hacia el Atl\u00e9tico Mineiro de Brasil. Luego de dos temporadas en el club albinegro, se retir\u00f3 del f\u00fatbol y ofici\u00f3 de director t\u00e9cnico. En esta tarea no tuvo grandes \u00e9xitos, solamente un campeonato mineiro, ni tampoco una larga trayectoria.<\/p>\n<div id=\"attachment_3721\" style=\"width: 570px\" class=\"wp-caption aligncenter\"><a href=\"https:\/\/www.padreydecano.com\/cms\/wp-content\/uploads\/2011\/10\/Penarol_120-197-Copiar.jpg\" rel=\"shadowbox[sbpost-24394];player=img;\"><img loading=\"lazy\" decoding=\"async\" aria-describedby=\"caption-attachment-3721\" class=\" wp-image-3721\" src=\"https:\/\/www.padreydecano.com\/cms\/wp-content\/uploads\/2011\/10\/Penarol_120-197-Copiar.jpg\" alt=\"\" width=\"560\" height=\"373\" srcset=\"https:\/\/www.padreydecano.com\/cms\/wp-content\/uploads\/2011\/10\/Penarol_120-197-Copiar.jpg 800w, https:\/\/www.padreydecano.com\/cms\/wp-content\/uploads\/2011\/10\/Penarol_120-197-Copiar-300x199.jpg 300w\" sizes=\"(max-width: 560px) 100vw, 560px\" \/><\/a><p id=\"caption-attachment-3721\" class=\"wp-caption-text\">Olivera levantado la Copa Intercontinental junto a Pereyra y Gon\u00e7alves en el festejo de los 120 a\u00f1os<\/p><\/div>\n","protected":false},"excerpt":{"rendered":"<p>Capit\u00e1n del plantel Campe\u00f3n de Am\u00e9rica y del Mundo con Pe\u00f1arol en 1982, Walter \u00abIndio\u201d Olivera naci\u00f3 el 16 de agosto de 1952 en el paraje \u201cLa Palmita\u201d. Cosech\u00f3 varios t\u00edtulos con la camiseta aurinegra, lo que lleva a considerarlo como uno de los mejores defensas de nuestra historia. En 1972 llega al f\u00fatbol profesional [&hellip;]<\/p>\n","protected":false},"author":10,"featured_media":0,"parent":69,"menu_order":20,"comment_status":"open","ping_status":"open","template":"","meta":{"footnotes":""},"yoast_head":"<!-- This site is optimized with the Yoast SEO plugin v23.2 - https:\/\/yoast.com\/wordpress\/plugins\/seo\/ -->\n<title>Walter Olivera - Padre y Decano - El Sitio del Pueblo<\/title>\n<meta name=\"robots\" content=\"index, follow, max-snippet:-1, max-image-preview:large, max-video-preview:-1\" \/>\n<link rel=\"canonical\" href=\"https:\/\/www.padreydecano.com\/cms\/idolos\/walter-olivera\/\" \/>\n<meta property=\"og:locale\" content=\"es_ES\" \/>\n<meta property=\"og:type\" content=\"article\" \/>\n<meta property=\"og:title\" content=\"Walter Olivera - Padre y Decano - El Sitio del Pueblo\" \/>\n<meta property=\"og:description\" content=\"Capit\u00e1n del plantel Campe\u00f3n de Am\u00e9rica y del Mundo con Pe\u00f1arol en 1982, Walter \u00abIndio\u201d Olivera naci\u00f3 el 16 de agosto de 1952 en el paraje \u201cLa Palmita\u201d. Cosech\u00f3 varios t\u00edtulos con la camiseta aurinegra, lo que lleva a considerarlo como uno de los mejores defensas de nuestra historia. En 1972 llega al f\u00fatbol profesional [&hellip;]\" \/>\n<meta property=\"og:url\" content=\"https:\/\/www.padreydecano.com\/cms\/idolos\/walter-olivera\/\" \/>\n<meta property=\"og:site_name\" content=\"Padre y Decano - El Sitio del Pueblo\" \/>\n<meta property=\"article:modified_time\" content=\"2012-06-08T04:21:53+00:00\" \/>\n<meta property=\"og:image\" content=\"http:\/\/www.padreydecano.com\/cms\/wp-content\/uploads\/2011\/11\/1196884248_f.jpg\" \/>\n<meta name=\"twitter:card\" content=\"summary_large_image\" \/>\n<meta name=\"twitter:label1\" content=\"Tiempo de lectura\" \/>\n\t<meta name=\"twitter:data1\" content=\"1 minuto\" \/>\n<script type=\"application\/ld+json\" class=\"yoast-schema-graph\">{\"@context\":\"https:\/\/schema.org\",\"@graph\":[{\"@type\":\"WebPage\",\"@id\":\"https:\/\/www.padreydecano.com\/cms\/idolos\/walter-olivera\/\",\"url\":\"https:\/\/www.padreydecano.com\/cms\/idolos\/walter-olivera\/\",\"name\":\"Walter Olivera - Padre y Decano - El Sitio del Pueblo\",\"isPartOf\":{\"@id\":\"https:\/\/www.padreydecano.com\/cms\/#website\"},\"primaryImageOfPage\":{\"@id\":\"https:\/\/www.padreydecano.com\/cms\/idolos\/walter-olivera\/#primaryimage\"},\"image\":{\"@id\":\"https:\/\/www.padreydecano.com\/cms\/idolos\/walter-olivera\/#primaryimage\"},\"thumbnailUrl\":\"http:\/\/www.padreydecano.com\/cms\/wp-content\/uploads\/2011\/11\/1196884248_f.jpg\",\"datePublished\":\"2012-06-07T23:29:58+00:00\",\"dateModified\":\"2012-06-08T04:21:53+00:00\",\"breadcrumb\":{\"@id\":\"https:\/\/www.padreydecano.com\/cms\/idolos\/walter-olivera\/#breadcrumb\"},\"inLanguage\":\"es\",\"potentialAction\":[{\"@type\":\"ReadAction\",\"target\":[\"https:\/\/www.padreydecano.com\/cms\/idolos\/walter-olivera\/\"]}]},{\"@type\":\"ImageObject\",\"inLanguage\":\"es\",\"@id\":\"https:\/\/www.padreydecano.com\/cms\/idolos\/walter-olivera\/#primaryimage\",\"url\":\"http:\/\/www.padreydecano.com\/cms\/wp-content\/uploads\/2011\/11\/1196884248_f.jpg\",\"contentUrl\":\"http:\/\/www.padreydecano.com\/cms\/wp-content\/uploads\/2011\/11\/1196884248_f.jpg\"},{\"@type\":\"BreadcrumbList\",\"@id\":\"https:\/\/www.padreydecano.com\/cms\/idolos\/walter-olivera\/#breadcrumb\",\"itemListElement\":[{\"@type\":\"ListItem\",\"position\":1,\"name\":\"Portada\",\"item\":\"https:\/\/www.padreydecano.com\/cms\/\"},{\"@type\":\"ListItem\",\"position\":2,\"name\":\"\u00cddolos\",\"item\":\"https:\/\/www.padreydecano.com\/cms\/idolos\/\"},{\"@type\":\"ListItem\",\"position\":3,\"name\":\"Walter Olivera\"}]},{\"@type\":\"WebSite\",\"@id\":\"https:\/\/www.padreydecano.com\/cms\/#website\",\"url\":\"https:\/\/www.padreydecano.com\/cms\/\",\"name\":\"Padre y Decano - El Sitio del Pueblo\",\"description\":\"Club Atl\u00e9tico Pe\u00f1arol\",\"publisher\":{\"@id\":\"https:\/\/www.padreydecano.com\/cms\/#organization\"},\"potentialAction\":[{\"@type\":\"SearchAction\",\"target\":{\"@type\":\"EntryPoint\",\"urlTemplate\":\"https:\/\/www.padreydecano.com\/cms\/?s={search_term_string}\"},\"query-input\":\"required name=search_term_string\"}],\"inLanguage\":\"es\"},{\"@type\":\"Organization\",\"@id\":\"https:\/\/www.padreydecano.com\/cms\/#organization\",\"name\":\"Padre y Decano\",\"url\":\"https:\/\/www.padreydecano.com\/cms\/\",\"logo\":{\"@type\":\"ImageObject\",\"inLanguage\":\"es\",\"@id\":\"https:\/\/www.padreydecano.com\/cms\/#\/schema\/logo\/image\/\",\"url\":\"https:\/\/www.padreydecano.com\/cms\/wp-content\/uploads\/2022\/01\/avatar-square.png\",\"contentUrl\":\"https:\/\/www.padreydecano.com\/cms\/wp-content\/uploads\/2022\/01\/avatar-square.png\",\"width\":1500,\"height\":1500,\"caption\":\"Padre y Decano\"},\"image\":{\"@id\":\"https:\/\/www.padreydecano.com\/cms\/#\/schema\/logo\/image\/\"}}]}<\/script>\n<!-- \/ Yoast SEO plugin. -->","yoast_head_json":{"title":"Walter Olivera - Padre y Decano - El Sitio del Pueblo","robots":{"index":"index","follow":"follow","max-snippet":"max-snippet:-1","max-image-preview":"max-image-preview:large","max-video-preview":"max-video-preview:-1"},"canonical":"https:\/\/www.padreydecano.com\/cms\/idolos\/walter-olivera\/","og_locale":"es_ES","og_type":"article","og_title":"Walter Olivera - Padre y Decano - El Sitio del Pueblo","og_description":"Capit\u00e1n del plantel Campe\u00f3n de Am\u00e9rica y del Mundo con Pe\u00f1arol en 1982, Walter \u00abIndio\u201d Olivera naci\u00f3 el 16 de agosto de 1952 en el paraje \u201cLa Palmita\u201d. Cosech\u00f3 varios t\u00edtulos con la camiseta aurinegra, lo que lleva a considerarlo como uno de los mejores defensas de nuestra historia. En 1972 llega al f\u00fatbol profesional [&hellip;]","og_url":"https:\/\/www.padreydecano.com\/cms\/idolos\/walter-olivera\/","og_site_name":"Padre y Decano - El Sitio del Pueblo","article_modified_time":"2012-06-08T04:21:53+00:00","og_image":[{"url":"http:\/\/www.padreydecano.com\/cms\/wp-content\/uploads\/2011\/11\/1196884248_f.jpg"}],"twitter_card":"summary_large_image","twitter_misc":{"Tiempo de lectura":"1 minuto"},"schema":{"@context":"https:\/\/schema.org","@graph":[{"@type":"WebPage","@id":"https:\/\/www.padreydecano.com\/cms\/idolos\/walter-olivera\/","url":"https:\/\/www.padreydecano.com\/cms\/idolos\/walter-olivera\/","name":"Walter Olivera - Padre y Decano - El Sitio del Pueblo","isPartOf":{"@id":"https:\/\/www.padreydecano.com\/cms\/#website"},"primaryImageOfPage":{"@id":"https:\/\/www.padreydecano.com\/cms\/idolos\/walter-olivera\/#primaryimage"},"image":{"@id":"https:\/\/www.padreydecano.com\/cms\/idolos\/walter-olivera\/#primaryimage"},"thumbnailUrl":"http:\/\/www.padreydecano.com\/cms\/wp-content\/uploads\/2011\/11\/1196884248_f.jpg","datePublished":"2012-06-07T23:29:58+00:00","dateModified":"2012-06-08T04:21:53+00:00","breadcrumb":{"@id":"https:\/\/www.padreydecano.com\/cms\/idolos\/walter-olivera\/#breadcrumb"},"inLanguage":"es","potentialAction":[{"@type":"ReadAction","target":["https:\/\/www.padreydecano.com\/cms\/idolos\/walter-olivera\/"]}]},{"@type":"ImageObject","inLanguage":"es","@id":"https:\/\/www.padreydecano.com\/cms\/idolos\/walter-olivera\/#primaryimage","url":"http:\/\/www.padreydecano.com\/cms\/wp-content\/uploads\/2011\/11\/1196884248_f.jpg","contentUrl":"http:\/\/www.padreydecano.com\/cms\/wp-content\/uploads\/2011\/11\/1196884248_f.jpg"},{"@type":"BreadcrumbList","@id":"https:\/\/www.padreydecano.com\/cms\/idolos\/walter-olivera\/#breadcrumb","itemListElement":[{"@type":"ListItem","position":1,"name":"Portada","item":"https:\/\/www.padreydecano.com\/cms\/"},{"@type":"ListItem","position":2,"name":"\u00cddolos","item":"https:\/\/www.padreydecano.com\/cms\/idolos\/"},{"@type":"ListItem","position":3,"name":"Walter Olivera"}]},{"@type":"WebSite","@id":"https:\/\/www.padreydecano.com\/cms\/#website","url":"https:\/\/www.padreydecano.com\/cms\/","name":"Padre y Decano - El Sitio del Pueblo","description":"Club Atl\u00e9tico Pe\u00f1arol","publisher":{"@id":"https:\/\/www.padreydecano.com\/cms\/#organization"},"potentialAction":[{"@type":"SearchAction","target":{"@type":"EntryPoint","urlTemplate":"https:\/\/www.padreydecano.com\/cms\/?s={search_term_string}"},"query-input":"required name=search_term_string"}],"inLanguage":"es"},{"@type":"Organization","@id":"https:\/\/www.padreydecano.com\/cms\/#organization","name":"Padre y Decano","url":"https:\/\/www.padreydecano.com\/cms\/","logo":{"@type":"ImageObject","inLanguage":"es","@id":"https:\/\/www.padreydecano.com\/cms\/#\/schema\/logo\/image\/","url":"https:\/\/www.padreydecano.com\/cms\/wp-content\/uploads\/2022\/01\/avatar-square.png","contentUrl":"https:\/\/www.padreydecano.com\/cms\/wp-content\/uploads\/2022\/01\/avatar-square.png","width":1500,"height":1500,"caption":"Padre y Decano"},"image":{"@id":"https:\/\/www.padreydecano.com\/cms\/#\/schema\/logo\/image\/"}}]}},"_links":{"self":[{"href":"https:\/\/www.padreydecano.com\/cms\/wp-json\/wp\/v2\/pages\/24394"}],"collection":[{"href":"https:\/\/www.padreydecano.com\/cms\/wp-json\/wp\/v2\/pages"}],"about":[{"href":"https:\/\/www.padreydecano.com\/cms\/wp-json\/wp\/v2\/types\/page"}],"author":[{"embeddable":true,"href":"https:\/\/www.padreydecano.com\/cms\/wp-json\/wp\/v2\/users\/10"}],"replies":[{"embeddable":true,"href":"https:\/\/www.padreydecano.com\/cms\/wp-json\/wp\/v2\/comments?post=24394"}],"version-history":[{"count":0,"href":"https:\/\/www.padreydecano.com\/cms\/wp-json\/wp\/v2\/pages\/24394\/revisions"}],"up":[{"embeddable":true,"href":"https:\/\/www.padreydecano.com\/cms\/wp-json\/wp\/v2\/pages\/69"}],"wp:attachment":[{"href":"https:\/\/www.padreydecano.com\/cms\/wp-json\/wp\/v2\/media?parent=24394"}],"curies":[{"name":"wp","href":"https:\/\/api.w.org\/{rel}","templated":true}]}}