{"id":23656,"date":"2012-05-18T22:40:05","date_gmt":"2012-05-19T01:40:05","guid":{"rendered":"http:\/\/www.padreydecano.com\/cms\/?page_id=23656"},"modified":"2015-02-14T02:24:52","modified_gmt":"2015-02-14T04:24:52","slug":"ladislao-mazurkiewicz","status":"publish","type":"page","link":"https:\/\/www.padreydecano.com\/cms\/idolos\/ladislao-mazurkiewicz\/","title":{"rendered":"Ladislao Mazurkiewicz"},"content":{"rendered":"<p style=\"text-align: justify;\"><a href=\"https:\/\/www.padreydecano.com\/cms\/wp-content\/uploads\/2012\/05\/ladislao-mazurkiewicz.png\" rel=\"shadowbox[sbpost-23656];player=img;\"><img loading=\"lazy\" decoding=\"async\" class=\"alignright  wp-image-24669\" src=\"https:\/\/www.padreydecano.com\/cms\/wp-content\/uploads\/2012\/05\/ladislao-mazurkiewicz.png\" alt=\"\" width=\"153\" height=\"193\" \/><\/a>El 14 de febrero de 1945 naci\u00f3 en Piri\u00e1polis <strong>uno de los mejores goleros que tuvo el arco aurinegro en su historia<\/strong>. Visti\u00f3 camisetas de cuadros brasileros, espa\u00f1oles y otros cuadros de Sudam\u00e9rica, pero fue en Pe\u00f1arol donde obtuvo sus mayores logros. Ostenta el record de valla invicta en el f\u00fatbol profesional uruguayo con 987 minutos.<\/p>\n<p style=\"text-align: justify;\">En 1963 hace su debut en el f\u00fatbol profesional vistiendo la camiseta de Racing Club de Montevideo. Un a\u00f1o despu\u00e9s, obtuvo el t\u00edtulo del Campeonato Sudamerican sub-20 con la selecci\u00f3n uruguaya y Luego de dos temporadas en \u201cla escuelita\u201d, llega a Pe\u00f1arol para ser parte de a\u00f1os gloriosos del club. En 1966, se consagr\u00f3 campe\u00f3n de la <a title=\"Copa Libertadores 1966\" href=\"https:\/\/www.padreydecano.com\/cms\/campanas-historicas\/copa-libertadores-1966\/\" target=\"_blank\">Copa Libertadores<\/a> ante River Plate y la <a title=\"Copa Intercontinental 1966\" href=\"https:\/\/www.padreydecano.com\/cms\/campanas-historicas\/copa-intercontinental-1966\/\" target=\"_blank\">Copa Intercontinental<\/a> ante el poderoso Real Madrid.<\/p>\n<p style=\"text-align: justify;\">En 1967, levant\u00f3 la copa del Campeonato Sudamericano (hoy conocido como Copa Am\u00e9rica) con la selecci\u00f3n uruguaya y tambi\u00e9n la del Campeonato Uruguayo, al igual que en 1968. Un a\u00f1o despu\u00e9s de este \u00faltimo t\u00edtulo, form\u00f3 parte del plantel campe\u00f3n de la <a title=\"Supercopa de Campeones Intercontinentales\" href=\"https:\/\/www.padreydecano.com\/cms\/campanas-historicas\/supercopa-de-campeones-intercontinentales\/\" target=\"_blank\">Supercopa de Campeones Intercontinentales<\/a>, tambi\u00e9n con nuestro club.<\/p>\n<div id=\"attachment_24668\" style=\"width: 220px\" class=\"wp-caption alignleft\"><a href=\"https:\/\/www.padreydecano.com\/cms\/wp-content\/uploads\/2012\/05\/atajada-ladislao-mazurkiewicz.jpg\" rel=\"shadowbox[sbpost-23656];player=img;\"><img loading=\"lazy\" decoding=\"async\" aria-describedby=\"caption-attachment-24668\" class=\" wp-image-24668\" src=\"https:\/\/www.padreydecano.com\/cms\/wp-content\/uploads\/2012\/05\/atajada-ladislao-mazurkiewicz-300x188.jpg\" alt=\"\" width=\"210\" height=\"132\" srcset=\"https:\/\/www.padreydecano.com\/cms\/wp-content\/uploads\/2012\/05\/atajada-ladislao-mazurkiewicz-300x188.jpg 300w, https:\/\/www.padreydecano.com\/cms\/wp-content\/uploads\/2012\/05\/atajada-ladislao-mazurkiewicz.jpg 600w\" sizes=\"(max-width: 210px) 100vw, 210px\" \/><\/a><p id=\"caption-attachment-24668\" class=\"wp-caption-text\">Incidencia ante Real Madrid en la final Intercontinental<\/p><\/div>\n<p style=\"text-align: justify;\">A principios de la d\u00e9cada del 70, parti\u00f3 hacia Brasil para defender los colores del Atl\u00e9tico Mineiro, consagr\u00e1ndose campe\u00f3n en el a\u00f1o en que arrib\u00f3. A mediados de d\u00e9cada se sum\u00f3 a filas del Granada espa\u00f1ol hasta 1978, a\u00f1o en el cual defendi\u00f3 al Cobreloa chileno. Luego de un a\u00f1o en el Cobreloa y otro a\u00f1o en el Am\u00e9rica de Cali, volvi\u00f3 a Pe\u00f1arol en 1981 para obtener su \u00faltimo t\u00edtulo con esta camiseta.\u00a0Luego de consagrarse camp\u00e9on uruguayo en 1981, el \u201cChiquito\u201d Mazurkiewicz (apodado as\u00ed no por su metro ochenta, sino por ser el menor de cinco hermanos) culmin\u00f3 su carrera como futbolista.<\/p>\n<p style=\"text-align: justify;\">\u201cMazurka\u201d era muy respetado tanto por sus compa\u00f1eros como por los rivales. Ten\u00eda una gran estatura para esa \u00e9poca del f\u00fatbol, acompa\u00f1ado de grandes reflejos y una excelente condici\u00f3n f\u00edsica. Fue\u00a0entrenador de arqueros en el aurinegro, debido a su gran temperamento y capacidad de transmitir confianza en ese puesto tan complicado para nuestro club.<\/p>\n<div id=\"attachment_24670\" style=\"width: 220px\" class=\"wp-caption alignright\"><a href=\"https:\/\/www.padreydecano.com\/cms\/wp-content\/uploads\/2012\/05\/ladislao-mazurkiewicz-entrenador-goleros.jpg\" rel=\"shadowbox[sbpost-23656];player=img;\"><img loading=\"lazy\" decoding=\"async\" aria-describedby=\"caption-attachment-24670\" class=\" wp-image-24670\" src=\"https:\/\/www.padreydecano.com\/cms\/wp-content\/uploads\/2012\/05\/ladislao-mazurkiewicz-entrenador-goleros-300x180.jpg\" alt=\"\" width=\"210\" height=\"126\" srcset=\"https:\/\/www.padreydecano.com\/cms\/wp-content\/uploads\/2012\/05\/ladislao-mazurkiewicz-entrenador-goleros-300x180.jpg 300w, https:\/\/www.padreydecano.com\/cms\/wp-content\/uploads\/2012\/05\/ladislao-mazurkiewicz-entrenador-goleros.jpg 500w\" sizes=\"(max-width: 210px) 100vw, 210px\" \/><\/a><p id=\"caption-attachment-24670\" class=\"wp-caption-text\">Entrenador de arqueros en Los Aromos<\/p><\/div>\n<p style=\"text-align: justify;\"><strong><span style=\"color: #ffcc02;\">El record<\/span><\/strong><\/p>\n<p style=\"text-align: justify;\">Ladislao\u00a0Mazurkiewicz ostenta el record de minutos con la valla invicta en el f\u00fatbol profesional uruguayo.\u00a0El 13 de octubre de 1968 cay\u00f3 el invicto y se impuso la marca, cuando River Plate marcara un tanto para el empate 1 a 1 ante Pe\u00f1arol. Los 985 minutos se constituyeron de la siguiente forma:<\/p>\n<ul>\n<li>Pe\u00f1arol 3 &#8211; 1 Danubio \u00a0(Gol de Danubio: Larrosa a los 83 minutos)<\/li>\n<li>Pe\u00f1arol \u00a02-0\u00a0Liverpool<\/li>\n<li>Pe\u00f1arol 1-0 River Plate<\/li>\n<li>Pe\u00f1arol 1-0 Sud Am\u00e9rica<\/li>\n<li>Pe\u00f1arol 1-0 Defensor<\/li>\n<li>Pe\u00f1arol 1-0 Racing (ataj\u00f3 un penal)<\/li>\n<li>Pe\u00f1arol 1-0 Cerro<\/li>\n<li>Pe\u00f1arol 0-0 Nacional<\/li>\n<li>Pe\u00f1arol 1-0 Rampla Jrs.<\/li>\n<li>Pe\u00f1arol 4-0 Danubio<\/li>\n<li>Pe\u00f1arol 1-0 Liverpool<\/li>\n<li>Pe\u00f1arol 1-1 River (Gol de River: Silva a los 78)<\/li>\n<\/ul>\n<p>En el cl\u00e1sico del Apertura 2003, el arquero del tradicional rival Gustavo Mun\u00faa ten\u00eda la chance de batir el record de \u00abMazurka\u00bb pero Pablo Bengoechea anot\u00f3 un gol de penal y de esa forma defendi\u00f3 el invicto del gran arquero de Pe\u00f1arol. Mun\u00faa se qued\u00f3 con un record de 963 minutos.<\/p>\n","protected":false},"excerpt":{"rendered":"<p>El 14 de febrero de 1945 naci\u00f3 en Piri\u00e1polis uno de los mejores goleros que tuvo el arco aurinegro en su historia. Visti\u00f3 camisetas de cuadros brasileros, espa\u00f1oles y otros cuadros de Sudam\u00e9rica, pero fue en Pe\u00f1arol donde obtuvo sus mayores logros. Ostenta el record de valla invicta en el f\u00fatbol profesional uruguayo con 987 [&hellip;]<\/p>\n","protected":false},"author":10,"featured_media":0,"parent":69,"menu_order":24,"comment_status":"open","ping_status":"closed","template":"","meta":{"footnotes":""},"yoast_head":"<!-- This site is optimized with the Yoast SEO plugin v23.2 - https:\/\/yoast.com\/wordpress\/plugins\/seo\/ -->\n<title>Ladislao Mazurkiewicz - Padre y Decano - El Sitio del Pueblo<\/title>\n<meta name=\"robots\" content=\"index, follow, max-snippet:-1, max-image-preview:large, max-video-preview:-1\" \/>\n<link rel=\"canonical\" href=\"https:\/\/www.padreydecano.com\/cms\/idolos\/ladislao-mazurkiewicz\/\" \/>\n<meta property=\"og:locale\" content=\"es_ES\" \/>\n<meta property=\"og:type\" content=\"article\" \/>\n<meta property=\"og:title\" content=\"Ladislao Mazurkiewicz - Padre y Decano - El Sitio del Pueblo\" \/>\n<meta property=\"og:description\" content=\"El 14 de febrero de 1945 naci\u00f3 en Piri\u00e1polis uno de los mejores goleros que tuvo el arco aurinegro en su historia. Visti\u00f3 camisetas de cuadros brasileros, espa\u00f1oles y otros cuadros de Sudam\u00e9rica, pero fue en Pe\u00f1arol donde obtuvo sus mayores logros. Ostenta el record de valla invicta en el f\u00fatbol profesional uruguayo con 987 [&hellip;]\" \/>\n<meta property=\"og:url\" content=\"https:\/\/www.padreydecano.com\/cms\/idolos\/ladislao-mazurkiewicz\/\" \/>\n<meta property=\"og:site_name\" content=\"Padre y Decano - El Sitio del Pueblo\" \/>\n<meta property=\"article:modified_time\" content=\"2015-02-14T04:24:52+00:00\" \/>\n<meta property=\"og:image\" content=\"http:\/\/www.padreydecano.com\/cms\/wp-content\/uploads\/2012\/05\/ladislao-mazurkiewicz.png\" \/>\n<meta name=\"twitter:card\" content=\"summary_large_image\" \/>\n<meta name=\"twitter:label1\" content=\"Tiempo de lectura\" \/>\n\t<meta name=\"twitter:data1\" content=\"3 minutos\" \/>\n<script type=\"application\/ld+json\" class=\"yoast-schema-graph\">{\"@context\":\"https:\/\/schema.org\",\"@graph\":[{\"@type\":\"WebPage\",\"@id\":\"https:\/\/www.padreydecano.com\/cms\/idolos\/ladislao-mazurkiewicz\/\",\"url\":\"https:\/\/www.padreydecano.com\/cms\/idolos\/ladislao-mazurkiewicz\/\",\"name\":\"Ladislao Mazurkiewicz - Padre y Decano - El Sitio del Pueblo\",\"isPartOf\":{\"@id\":\"https:\/\/www.padreydecano.com\/cms\/#website\"},\"primaryImageOfPage\":{\"@id\":\"https:\/\/www.padreydecano.com\/cms\/idolos\/ladislao-mazurkiewicz\/#primaryimage\"},\"image\":{\"@id\":\"https:\/\/www.padreydecano.com\/cms\/idolos\/ladislao-mazurkiewicz\/#primaryimage\"},\"thumbnailUrl\":\"http:\/\/www.padreydecano.com\/cms\/wp-content\/uploads\/2012\/05\/ladislao-mazurkiewicz.png\",\"datePublished\":\"2012-05-19T01:40:05+00:00\",\"dateModified\":\"2015-02-14T04:24:52+00:00\",\"breadcrumb\":{\"@id\":\"https:\/\/www.padreydecano.com\/cms\/idolos\/ladislao-mazurkiewicz\/#breadcrumb\"},\"inLanguage\":\"es\",\"potentialAction\":[{\"@type\":\"ReadAction\",\"target\":[\"https:\/\/www.padreydecano.com\/cms\/idolos\/ladislao-mazurkiewicz\/\"]}]},{\"@type\":\"ImageObject\",\"inLanguage\":\"es\",\"@id\":\"https:\/\/www.padreydecano.com\/cms\/idolos\/ladislao-mazurkiewicz\/#primaryimage\",\"url\":\"http:\/\/www.padreydecano.com\/cms\/wp-content\/uploads\/2012\/05\/ladislao-mazurkiewicz.png\",\"contentUrl\":\"http:\/\/www.padreydecano.com\/cms\/wp-content\/uploads\/2012\/05\/ladislao-mazurkiewicz.png\"},{\"@type\":\"BreadcrumbList\",\"@id\":\"https:\/\/www.padreydecano.com\/cms\/idolos\/ladislao-mazurkiewicz\/#breadcrumb\",\"itemListElement\":[{\"@type\":\"ListItem\",\"position\":1,\"name\":\"Portada\",\"item\":\"https:\/\/www.padreydecano.com\/cms\/\"},{\"@type\":\"ListItem\",\"position\":2,\"name\":\"\u00cddolos\",\"item\":\"https:\/\/www.padreydecano.com\/cms\/idolos\/\"},{\"@type\":\"ListItem\",\"position\":3,\"name\":\"Ladislao Mazurkiewicz\"}]},{\"@type\":\"WebSite\",\"@id\":\"https:\/\/www.padreydecano.com\/cms\/#website\",\"url\":\"https:\/\/www.padreydecano.com\/cms\/\",\"name\":\"Padre y Decano - El Sitio del Pueblo\",\"description\":\"Club Atl\u00e9tico Pe\u00f1arol\",\"publisher\":{\"@id\":\"https:\/\/www.padreydecano.com\/cms\/#organization\"},\"potentialAction\":[{\"@type\":\"SearchAction\",\"target\":{\"@type\":\"EntryPoint\",\"urlTemplate\":\"https:\/\/www.padreydecano.com\/cms\/?s={search_term_string}\"},\"query-input\":\"required name=search_term_string\"}],\"inLanguage\":\"es\"},{\"@type\":\"Organization\",\"@id\":\"https:\/\/www.padreydecano.com\/cms\/#organization\",\"name\":\"Padre y Decano\",\"url\":\"https:\/\/www.padreydecano.com\/cms\/\",\"logo\":{\"@type\":\"ImageObject\",\"inLanguage\":\"es\",\"@id\":\"https:\/\/www.padreydecano.com\/cms\/#\/schema\/logo\/image\/\",\"url\":\"https:\/\/www.padreydecano.com\/cms\/wp-content\/uploads\/2022\/01\/avatar-square.png\",\"contentUrl\":\"https:\/\/www.padreydecano.com\/cms\/wp-content\/uploads\/2022\/01\/avatar-square.png\",\"width\":1500,\"height\":1500,\"caption\":\"Padre y Decano\"},\"image\":{\"@id\":\"https:\/\/www.padreydecano.com\/cms\/#\/schema\/logo\/image\/\"}}]}<\/script>\n<!-- \/ Yoast SEO plugin. -->","yoast_head_json":{"title":"Ladislao Mazurkiewicz - Padre y Decano - El Sitio del Pueblo","robots":{"index":"index","follow":"follow","max-snippet":"max-snippet:-1","max-image-preview":"max-image-preview:large","max-video-preview":"max-video-preview:-1"},"canonical":"https:\/\/www.padreydecano.com\/cms\/idolos\/ladislao-mazurkiewicz\/","og_locale":"es_ES","og_type":"article","og_title":"Ladislao Mazurkiewicz - Padre y Decano - El Sitio del Pueblo","og_description":"El 14 de febrero de 1945 naci\u00f3 en Piri\u00e1polis uno de los mejores goleros que tuvo el arco aurinegro en su historia. Visti\u00f3 camisetas de cuadros brasileros, espa\u00f1oles y otros cuadros de Sudam\u00e9rica, pero fue en Pe\u00f1arol donde obtuvo sus mayores logros. Ostenta el record de valla invicta en el f\u00fatbol profesional uruguayo con 987 [&hellip;]","og_url":"https:\/\/www.padreydecano.com\/cms\/idolos\/ladislao-mazurkiewicz\/","og_site_name":"Padre y Decano - El Sitio del Pueblo","article_modified_time":"2015-02-14T04:24:52+00:00","og_image":[{"url":"http:\/\/www.padreydecano.com\/cms\/wp-content\/uploads\/2012\/05\/ladislao-mazurkiewicz.png"}],"twitter_card":"summary_large_image","twitter_misc":{"Tiempo de lectura":"3 minutos"},"schema":{"@context":"https:\/\/schema.org","@graph":[{"@type":"WebPage","@id":"https:\/\/www.padreydecano.com\/cms\/idolos\/ladislao-mazurkiewicz\/","url":"https:\/\/www.padreydecano.com\/cms\/idolos\/ladislao-mazurkiewicz\/","name":"Ladislao Mazurkiewicz - Padre y Decano - El Sitio del Pueblo","isPartOf":{"@id":"https:\/\/www.padreydecano.com\/cms\/#website"},"primaryImageOfPage":{"@id":"https:\/\/www.padreydecano.com\/cms\/idolos\/ladislao-mazurkiewicz\/#primaryimage"},"image":{"@id":"https:\/\/www.padreydecano.com\/cms\/idolos\/ladislao-mazurkiewicz\/#primaryimage"},"thumbnailUrl":"http:\/\/www.padreydecano.com\/cms\/wp-content\/uploads\/2012\/05\/ladislao-mazurkiewicz.png","datePublished":"2012-05-19T01:40:05+00:00","dateModified":"2015-02-14T04:24:52+00:00","breadcrumb":{"@id":"https:\/\/www.padreydecano.com\/cms\/idolos\/ladislao-mazurkiewicz\/#breadcrumb"},"inLanguage":"es","potentialAction":[{"@type":"ReadAction","target":["https:\/\/www.padreydecano.com\/cms\/idolos\/ladislao-mazurkiewicz\/"]}]},{"@type":"ImageObject","inLanguage":"es","@id":"https:\/\/www.padreydecano.com\/cms\/idolos\/ladislao-mazurkiewicz\/#primaryimage","url":"http:\/\/www.padreydecano.com\/cms\/wp-content\/uploads\/2012\/05\/ladislao-mazurkiewicz.png","contentUrl":"http:\/\/www.padreydecano.com\/cms\/wp-content\/uploads\/2012\/05\/ladislao-mazurkiewicz.png"},{"@type":"BreadcrumbList","@id":"https:\/\/www.padreydecano.com\/cms\/idolos\/ladislao-mazurkiewicz\/#breadcrumb","itemListElement":[{"@type":"ListItem","position":1,"name":"Portada","item":"https:\/\/www.padreydecano.com\/cms\/"},{"@type":"ListItem","position":2,"name":"\u00cddolos","item":"https:\/\/www.padreydecano.com\/cms\/idolos\/"},{"@type":"ListItem","position":3,"name":"Ladislao Mazurkiewicz"}]},{"@type":"WebSite","@id":"https:\/\/www.padreydecano.com\/cms\/#website","url":"https:\/\/www.padreydecano.com\/cms\/","name":"Padre y Decano - El Sitio del Pueblo","description":"Club Atl\u00e9tico Pe\u00f1arol","publisher":{"@id":"https:\/\/www.padreydecano.com\/cms\/#organization"},"potentialAction":[{"@type":"SearchAction","target":{"@type":"EntryPoint","urlTemplate":"https:\/\/www.padreydecano.com\/cms\/?s={search_term_string}"},"query-input":"required name=search_term_string"}],"inLanguage":"es"},{"@type":"Organization","@id":"https:\/\/www.padreydecano.com\/cms\/#organization","name":"Padre y Decano","url":"https:\/\/www.padreydecano.com\/cms\/","logo":{"@type":"ImageObject","inLanguage":"es","@id":"https:\/\/www.padreydecano.com\/cms\/#\/schema\/logo\/image\/","url":"https:\/\/www.padreydecano.com\/cms\/wp-content\/uploads\/2022\/01\/avatar-square.png","contentUrl":"https:\/\/www.padreydecano.com\/cms\/wp-content\/uploads\/2022\/01\/avatar-square.png","width":1500,"height":1500,"caption":"Padre y Decano"},"image":{"@id":"https:\/\/www.padreydecano.com\/cms\/#\/schema\/logo\/image\/"}}]}},"_links":{"self":[{"href":"https:\/\/www.padreydecano.com\/cms\/wp-json\/wp\/v2\/pages\/23656"}],"collection":[{"href":"https:\/\/www.padreydecano.com\/cms\/wp-json\/wp\/v2\/pages"}],"about":[{"href":"https:\/\/www.padreydecano.com\/cms\/wp-json\/wp\/v2\/types\/page"}],"author":[{"embeddable":true,"href":"https:\/\/www.padreydecano.com\/cms\/wp-json\/wp\/v2\/users\/10"}],"replies":[{"embeddable":true,"href":"https:\/\/www.padreydecano.com\/cms\/wp-json\/wp\/v2\/comments?post=23656"}],"version-history":[{"count":0,"href":"https:\/\/www.padreydecano.com\/cms\/wp-json\/wp\/v2\/pages\/23656\/revisions"}],"up":[{"embeddable":true,"href":"https:\/\/www.padreydecano.com\/cms\/wp-json\/wp\/v2\/pages\/69"}],"wp:attachment":[{"href":"https:\/\/www.padreydecano.com\/cms\/wp-json\/wp\/v2\/media?parent=23656"}],"curies":[{"name":"wp","href":"https:\/\/api.w.org\/{rel}","templated":true}]}}