{"id":23646,"date":"2012-06-07T20:29:51","date_gmt":"2012-06-07T23:29:51","guid":{"rendered":"http:\/\/www.padreydecano.com\/cms\/?page_id=23646"},"modified":"2013-09-13T09:55:05","modified_gmt":"2013-09-13T12:55:05","slug":"diego-vicente-aguirre","status":"publish","type":"page","link":"https:\/\/www.padreydecano.com\/cms\/idolos\/diego-vicente-aguirre\/","title":{"rendered":"Diego Vicente Aguirre"},"content":{"rendered":"<p style=\"text-align: justify;\"><a href=\"https:\/\/www.padreydecano.com\/cms\/wp-content\/uploads\/2012\/01\/pe\u00f1arol_campeon_de_america_1987_aguirre.jpg\" rel=\"shadowbox[sbpost-23646];player=img;\"><img loading=\"lazy\" decoding=\"async\" class=\"alignright  wp-image-13752\" alt=\"\" src=\"https:\/\/www.padreydecano.com\/cms\/wp-content\/uploads\/2012\/01\/pe\u00f1arol_campeon_de_america_1987_aguirre-220x300.jpg\" width=\"154\" height=\"210\" srcset=\"https:\/\/www.padreydecano.com\/cms\/wp-content\/uploads\/2012\/01\/pe\u00f1arol_campeon_de_america_1987_aguirre-220x300.jpg 220w, https:\/\/www.padreydecano.com\/cms\/wp-content\/uploads\/2012\/01\/pe\u00f1arol_campeon_de_america_1987_aguirre.jpg 540w\" sizes=\"(max-width: 154px) 100vw, 154px\" \/><\/a>Apodado \u201cla fiera\u201d, Diego Aguirre se meti\u00f3 en el coraz\u00f3n del hincha de Pe\u00f1arol luego de anotar uno de los goles m\u00e1s importantes en la historia del club: en el minuto 120 de la final de la<a title=\"Copa Libertadores 1987\" href=\"https:\/\/www.padreydecano.com\/cms\/campanas-historicas\/copa-libertadores-1987\/\" target=\"_blank\"> Copa Libertadores de Am\u00e9rica en 1987<\/a>, cuando todo parec\u00eda perdido, <a title=\"El gol de Aguirre contado por varios\" href=\"https:\/\/www.padreydecano.com\/cms\/noticias\/el-gol-de-diego-aguirre-final-libertadores-1987\/\" target=\"_blank\">un remate cruzado nos dio el quinto t\u00edtulo continental<\/a>. Naci\u00f3 el 13 de setiembre de\u00a01965 en Montevideo y debut\u00f3 en primera divisi\u00f3n en el conjunto de Liverpool en 1985.<\/p>\n<p style=\"text-align: justify;\">Al a\u00f1o siguiente pas\u00f3 a Pe\u00f1arol donde se consagr\u00f3 Campe\u00f3n Uruguayo. La Copa Libertadores de 1987 fue la que marc\u00f3 su trayectoria como jugador. Adem\u00e1s del gol decisivo en el \u00faltimo instante de la final, marc\u00f3 goles claves en otras instancias. Estuvo presente en el marcador en el debut ante Progreso, anot\u00f3 en la segunda fase ante Independiente, tanto en Montevideo como Avellaneda, y en la primera final ante Am\u00e9rica en Uruguay.<\/p>\n<p style=\"text-align: justify;\">Jug\u00f3 en el f\u00fatbol griego, brasilero, espa\u00f1ol, argentino, chileno y salvadore\u00f1o, y tuvo otro pasaje por Pe\u00f1arol, en el a\u00f1o 1992. En el a\u00f1o 1999 se retir\u00f3 del f\u00fatbol jugando en Rentistas pero continu\u00f3 su v\u00ednculo con el deporte como entrenador. En su primera experiencia, logr\u00f3 una muy buena campa\u00f1a con Plaza Colonia, y tras un pasaje por Ecuador, cumpli\u00f3 uno de sus sue\u00f1os: dirigir a Pe\u00f1arol.<\/p>\n<p style=\"text-align: justify;\"><img loading=\"lazy\" decoding=\"async\" class=\"alignleft  wp-image-24667\" alt=\"\" src=\"https:\/\/www.padreydecano.com\/cms\/wp-content\/uploads\/2012\/06\/aguirre-campeon-pe\u00f1arol-300x208.jpg\" width=\"240\" height=\"166\" srcset=\"https:\/\/www.padreydecano.com\/cms\/wp-content\/uploads\/2012\/06\/aguirre-campeon-pe\u00f1arol-300x208.jpg 300w, https:\/\/www.padreydecano.com\/cms\/wp-content\/uploads\/2012\/06\/aguirre-campeon-pe\u00f1arol.jpg 720w\" sizes=\"(max-width: 240px) 100vw, 240px\" \/>En aquella campa\u00f1a del a\u00f1o 2003, y tras un flojo Apertura, Pe\u00f1arol se consagr\u00f3 campe\u00f3n uruguayo levantando su nivel futbol\u00edstico en el Clausura y derrotando 1 a 0 al tradicional rival en la final, tras un tiro libre de Chilavert que es bien aprovechado en el rebote por Joe Bizera. Al a\u00f1o siguiente, la campa\u00f1a de Aguirre no fue buena, ya que apareci\u00f3 un Danubio superior a todos sus rivales, y el t\u00e9cnico se fue, pero sabiendo que tendr\u00eda una revancha.<\/p>\n<p style=\"text-align: justify;\">Y esa revancha se dio en el 2010, luego de haber dirigido la selecci\u00f3n uruguaya sub 20; conform\u00f3 uno de los mejores equipos de los \u00faltimos tiempos en Pe\u00f1arol y gan\u00f3 el Clausura de forma invicta con 14 triunfos y 1 empate. La arremetida futbol\u00edstica permiti\u00f3 acortar una gran diferencia ante el rival de todas las horas, y poder ganar la Tabla Anual. Tras una derrota 2 a 0 ante el tradicional rival en el primer cruce, Pe\u00f1arol venci\u00f3 1 a 0 a Nacional y empat\u00f3 1 a 1, para llevarse despu\u00e9s de 7 a\u00f1os el t\u00edtulo de monarca a nivel local.<\/p>\n<p style=\"text-align: justify;\"><a href=\"https:\/\/www.padreydecano.com\/cms\/wp-content\/uploads\/2012\/06\/velez-pe\u00f1arol-liniers3.jpg\" rel=\"shadowbox[sbpost-23646];player=img;\"><img loading=\"lazy\" decoding=\"async\" class=\"alignright  wp-image-24400\" alt=\"\" src=\"https:\/\/www.padreydecano.com\/cms\/wp-content\/uploads\/2012\/06\/velez-pe\u00f1arol-liniers3-300x204.jpg\" width=\"240\" height=\"163\" srcset=\"https:\/\/www.padreydecano.com\/cms\/wp-content\/uploads\/2012\/06\/velez-pe\u00f1arol-liniers3-300x204.jpg 300w, https:\/\/www.padreydecano.com\/cms\/wp-content\/uploads\/2012\/06\/velez-pe\u00f1arol-liniers3.jpg 587w\" sizes=\"(max-width: 240px) 100vw, 240px\" \/><\/a>El f\u00fatbol es din\u00e1mico y cambiante y Aguirre volvi\u00f3 a irse, aunque r\u00e1pidamente apareci\u00f3 en el 2011 por Los Aromos para llevar a Pe\u00f1arol a la final de la Copa Libertadores luego de mucho tiempo. Con un f\u00fatbol que fue criticado por varios, el Pe\u00f1arol de Aguirre dej\u00f3 por el camino a grandes equipos como el Inter y <a title=\"La inolvidable noche de Liniers\" href=\"https:\/\/www.padreydecano.com\/cms\/el-baul-de-los-recuerdos\/la-inolvidable-noche-de-liniers\/\" target=\"_blank\">V\u00e9lez<\/a>, y se meti\u00f3 en la final que no pudo ganarle al Santos. Esa gran actuaci\u00f3n dej\u00f3 a Aguirre en los primeros planos, ya que adem\u00e1s de ser el \u00faltimo entrenador campe\u00f3n con Pe\u00f1arol, lo hab\u00eda llevado a la final.<\/p>\n<p style=\"text-align: justify;\">En la temporada siguiente, se dieron una serie de hechos pol\u00e9micos que trajo controversias. En primer lugar, decidi\u00f3 no seguir teniendo en cuenta a<a title=\"Antonio Pacheco\" href=\"https:\/\/www.padreydecano.com\/cms\/idolos\/antonio-pacheco\/\" target=\"_blank\"> Antonio Pacheco<\/a>, y luego, a cuatro fechas de haber comenzado el torneo, <a title=\"\u00a1And\u00e1 a Qatar!\" href=\"https:\/\/www.padreydecano.com\/cms\/noticias\/%c2%a1anda-a-qatar\/\" target=\"_blank\">emigr\u00f3 al f\u00fatbol de Qatar<\/a> para continuar con su carrera de entrenador.<\/p>\n<p style=\"text-align: justify;\">Como jugador, autor de uno de los goles m\u00e1s importantes. Como entrenador, dos veces campe\u00f3n uruguayo y finalista de Am\u00e9rica. Diego Aguirre, la fiera.<\/p>\n<div id=\"attachment_13753\" style=\"width: 463px\" class=\"wp-caption aligncenter\"><a href=\"https:\/\/www.padreydecano.com\/cms\/wp-content\/uploads\/2012\/01\/pe\u00f1arol_campeon_de_america_1987_aguirre_maestro.jpg\" rel=\"shadowbox[sbpost-23646];player=img;\"><img loading=\"lazy\" decoding=\"async\" aria-describedby=\"caption-attachment-13753\" class=\"size-full wp-image-13753\" alt=\"\" src=\"https:\/\/www.padreydecano.com\/cms\/wp-content\/uploads\/2012\/01\/pe\u00f1arol_campeon_de_america_1987_aguirre_maestro.jpg\" width=\"453\" height=\"351\" srcset=\"https:\/\/www.padreydecano.com\/cms\/wp-content\/uploads\/2012\/01\/pe\u00f1arol_campeon_de_america_1987_aguirre_maestro.jpg 453w, https:\/\/www.padreydecano.com\/cms\/wp-content\/uploads\/2012\/01\/pe\u00f1arol_campeon_de_america_1987_aguirre_maestro-300x232.jpg 300w\" sizes=\"(max-width: 453px) 100vw, 453px\" \/><\/a><p id=\"caption-attachment-13753\" class=\"wp-caption-text\">Diego Aguirre y Oscar W. Tab\u00e1rez con la Copa Libertadores<\/p><\/div>\n","protected":false},"excerpt":{"rendered":"<p>Apodado \u201cla fiera\u201d, Diego Aguirre se meti\u00f3 en el coraz\u00f3n del hincha de Pe\u00f1arol luego de anotar uno de los goles m\u00e1s importantes en la historia del club: en el minuto 120 de la final de la Copa Libertadores de Am\u00e9rica en 1987, cuando todo parec\u00eda perdido, un remate cruzado nos dio el quinto t\u00edtulo [&hellip;]<\/p>\n","protected":false},"author":13,"featured_media":0,"parent":69,"menu_order":22,"comment_status":"open","ping_status":"open","template":"","meta":{"footnotes":""},"yoast_head":"<!-- This site is optimized with the Yoast SEO plugin v23.2 - https:\/\/yoast.com\/wordpress\/plugins\/seo\/ -->\n<title>Diego Vicente Aguirre - Padre y Decano - El Sitio del Pueblo<\/title>\n<meta name=\"robots\" content=\"index, follow, max-snippet:-1, max-image-preview:large, max-video-preview:-1\" \/>\n<link rel=\"canonical\" href=\"https:\/\/www.padreydecano.com\/cms\/idolos\/diego-vicente-aguirre\/\" \/>\n<meta property=\"og:locale\" content=\"es_ES\" \/>\n<meta property=\"og:type\" content=\"article\" \/>\n<meta property=\"og:title\" content=\"Diego Vicente Aguirre - Padre y Decano - El Sitio del Pueblo\" \/>\n<meta property=\"og:description\" content=\"Apodado \u201cla fiera\u201d, Diego Aguirre se meti\u00f3 en el coraz\u00f3n del hincha de Pe\u00f1arol luego de anotar uno de los goles m\u00e1s importantes en la historia del club: en el minuto 120 de la final de la Copa Libertadores de Am\u00e9rica en 1987, cuando todo parec\u00eda perdido, un remate cruzado nos dio el quinto t\u00edtulo [&hellip;]\" \/>\n<meta property=\"og:url\" content=\"https:\/\/www.padreydecano.com\/cms\/idolos\/diego-vicente-aguirre\/\" \/>\n<meta property=\"og:site_name\" content=\"Padre y Decano - El Sitio del Pueblo\" \/>\n<meta property=\"article:modified_time\" content=\"2013-09-13T12:55:05+00:00\" \/>\n<meta property=\"og:image\" content=\"http:\/\/www.padreydecano.com\/cms\/wp-content\/uploads\/2012\/01\/pe\u00f1arol_campeon_de_america_1987_aguirre-220x300.jpg\" \/>\n<meta name=\"twitter:card\" content=\"summary_large_image\" \/>\n<meta name=\"twitter:label1\" content=\"Tiempo de lectura\" \/>\n\t<meta name=\"twitter:data1\" content=\"3 minutos\" \/>\n<script type=\"application\/ld+json\" class=\"yoast-schema-graph\">{\"@context\":\"https:\/\/schema.org\",\"@graph\":[{\"@type\":\"WebPage\",\"@id\":\"https:\/\/www.padreydecano.com\/cms\/idolos\/diego-vicente-aguirre\/\",\"url\":\"https:\/\/www.padreydecano.com\/cms\/idolos\/diego-vicente-aguirre\/\",\"name\":\"Diego Vicente Aguirre - Padre y Decano - El Sitio del Pueblo\",\"isPartOf\":{\"@id\":\"https:\/\/www.padreydecano.com\/cms\/#website\"},\"datePublished\":\"2012-06-07T23:29:51+00:00\",\"dateModified\":\"2013-09-13T12:55:05+00:00\",\"breadcrumb\":{\"@id\":\"https:\/\/www.padreydecano.com\/cms\/idolos\/diego-vicente-aguirre\/#breadcrumb\"},\"inLanguage\":\"es\",\"potentialAction\":[{\"@type\":\"ReadAction\",\"target\":[\"https:\/\/www.padreydecano.com\/cms\/idolos\/diego-vicente-aguirre\/\"]}]},{\"@type\":\"BreadcrumbList\",\"@id\":\"https:\/\/www.padreydecano.com\/cms\/idolos\/diego-vicente-aguirre\/#breadcrumb\",\"itemListElement\":[{\"@type\":\"ListItem\",\"position\":1,\"name\":\"Portada\",\"item\":\"https:\/\/www.padreydecano.com\/cms\/\"},{\"@type\":\"ListItem\",\"position\":2,\"name\":\"\u00cddolos\",\"item\":\"https:\/\/www.padreydecano.com\/cms\/idolos\/\"},{\"@type\":\"ListItem\",\"position\":3,\"name\":\"Diego Vicente Aguirre\"}]},{\"@type\":\"WebSite\",\"@id\":\"https:\/\/www.padreydecano.com\/cms\/#website\",\"url\":\"https:\/\/www.padreydecano.com\/cms\/\",\"name\":\"Padre y Decano - El Sitio del Pueblo\",\"description\":\"Club Atl\u00e9tico Pe\u00f1arol\",\"publisher\":{\"@id\":\"https:\/\/www.padreydecano.com\/cms\/#organization\"},\"potentialAction\":[{\"@type\":\"SearchAction\",\"target\":{\"@type\":\"EntryPoint\",\"urlTemplate\":\"https:\/\/www.padreydecano.com\/cms\/?s={search_term_string}\"},\"query-input\":\"required name=search_term_string\"}],\"inLanguage\":\"es\"},{\"@type\":\"Organization\",\"@id\":\"https:\/\/www.padreydecano.com\/cms\/#organization\",\"name\":\"Padre y Decano\",\"url\":\"https:\/\/www.padreydecano.com\/cms\/\",\"logo\":{\"@type\":\"ImageObject\",\"inLanguage\":\"es\",\"@id\":\"https:\/\/www.padreydecano.com\/cms\/#\/schema\/logo\/image\/\",\"url\":\"https:\/\/www.padreydecano.com\/cms\/wp-content\/uploads\/2022\/01\/avatar-square.png\",\"contentUrl\":\"https:\/\/www.padreydecano.com\/cms\/wp-content\/uploads\/2022\/01\/avatar-square.png\",\"width\":1500,\"height\":1500,\"caption\":\"Padre y Decano\"},\"image\":{\"@id\":\"https:\/\/www.padreydecano.com\/cms\/#\/schema\/logo\/image\/\"}}]}<\/script>\n<!-- \/ Yoast SEO plugin. -->","yoast_head_json":{"title":"Diego Vicente Aguirre - Padre y Decano - El Sitio del Pueblo","robots":{"index":"index","follow":"follow","max-snippet":"max-snippet:-1","max-image-preview":"max-image-preview:large","max-video-preview":"max-video-preview:-1"},"canonical":"https:\/\/www.padreydecano.com\/cms\/idolos\/diego-vicente-aguirre\/","og_locale":"es_ES","og_type":"article","og_title":"Diego Vicente Aguirre - Padre y Decano - El Sitio del Pueblo","og_description":"Apodado \u201cla fiera\u201d, Diego Aguirre se meti\u00f3 en el coraz\u00f3n del hincha de Pe\u00f1arol luego de anotar uno de los goles m\u00e1s importantes en la historia del club: en el minuto 120 de la final de la Copa Libertadores de Am\u00e9rica en 1987, cuando todo parec\u00eda perdido, un remate cruzado nos dio el quinto t\u00edtulo [&hellip;]","og_url":"https:\/\/www.padreydecano.com\/cms\/idolos\/diego-vicente-aguirre\/","og_site_name":"Padre y Decano - El Sitio del Pueblo","article_modified_time":"2013-09-13T12:55:05+00:00","og_image":[{"url":"http:\/\/www.padreydecano.com\/cms\/wp-content\/uploads\/2012\/01\/pe\u00f1arol_campeon_de_america_1987_aguirre-220x300.jpg"}],"twitter_card":"summary_large_image","twitter_misc":{"Tiempo de lectura":"3 minutos"},"schema":{"@context":"https:\/\/schema.org","@graph":[{"@type":"WebPage","@id":"https:\/\/www.padreydecano.com\/cms\/idolos\/diego-vicente-aguirre\/","url":"https:\/\/www.padreydecano.com\/cms\/idolos\/diego-vicente-aguirre\/","name":"Diego Vicente Aguirre - Padre y Decano - El Sitio del Pueblo","isPartOf":{"@id":"https:\/\/www.padreydecano.com\/cms\/#website"},"datePublished":"2012-06-07T23:29:51+00:00","dateModified":"2013-09-13T12:55:05+00:00","breadcrumb":{"@id":"https:\/\/www.padreydecano.com\/cms\/idolos\/diego-vicente-aguirre\/#breadcrumb"},"inLanguage":"es","potentialAction":[{"@type":"ReadAction","target":["https:\/\/www.padreydecano.com\/cms\/idolos\/diego-vicente-aguirre\/"]}]},{"@type":"BreadcrumbList","@id":"https:\/\/www.padreydecano.com\/cms\/idolos\/diego-vicente-aguirre\/#breadcrumb","itemListElement":[{"@type":"ListItem","position":1,"name":"Portada","item":"https:\/\/www.padreydecano.com\/cms\/"},{"@type":"ListItem","position":2,"name":"\u00cddolos","item":"https:\/\/www.padreydecano.com\/cms\/idolos\/"},{"@type":"ListItem","position":3,"name":"Diego Vicente Aguirre"}]},{"@type":"WebSite","@id":"https:\/\/www.padreydecano.com\/cms\/#website","url":"https:\/\/www.padreydecano.com\/cms\/","name":"Padre y Decano - El Sitio del Pueblo","description":"Club Atl\u00e9tico Pe\u00f1arol","publisher":{"@id":"https:\/\/www.padreydecano.com\/cms\/#organization"},"potentialAction":[{"@type":"SearchAction","target":{"@type":"EntryPoint","urlTemplate":"https:\/\/www.padreydecano.com\/cms\/?s={search_term_string}"},"query-input":"required name=search_term_string"}],"inLanguage":"es"},{"@type":"Organization","@id":"https:\/\/www.padreydecano.com\/cms\/#organization","name":"Padre y Decano","url":"https:\/\/www.padreydecano.com\/cms\/","logo":{"@type":"ImageObject","inLanguage":"es","@id":"https:\/\/www.padreydecano.com\/cms\/#\/schema\/logo\/image\/","url":"https:\/\/www.padreydecano.com\/cms\/wp-content\/uploads\/2022\/01\/avatar-square.png","contentUrl":"https:\/\/www.padreydecano.com\/cms\/wp-content\/uploads\/2022\/01\/avatar-square.png","width":1500,"height":1500,"caption":"Padre y Decano"},"image":{"@id":"https:\/\/www.padreydecano.com\/cms\/#\/schema\/logo\/image\/"}}]}},"_links":{"self":[{"href":"https:\/\/www.padreydecano.com\/cms\/wp-json\/wp\/v2\/pages\/23646"}],"collection":[{"href":"https:\/\/www.padreydecano.com\/cms\/wp-json\/wp\/v2\/pages"}],"about":[{"href":"https:\/\/www.padreydecano.com\/cms\/wp-json\/wp\/v2\/types\/page"}],"author":[{"embeddable":true,"href":"https:\/\/www.padreydecano.com\/cms\/wp-json\/wp\/v2\/users\/13"}],"replies":[{"embeddable":true,"href":"https:\/\/www.padreydecano.com\/cms\/wp-json\/wp\/v2\/comments?post=23646"}],"version-history":[{"count":0,"href":"https:\/\/www.padreydecano.com\/cms\/wp-json\/wp\/v2\/pages\/23646\/revisions"}],"up":[{"embeddable":true,"href":"https:\/\/www.padreydecano.com\/cms\/wp-json\/wp\/v2\/pages\/69"}],"wp:attachment":[{"href":"https:\/\/www.padreydecano.com\/cms\/wp-json\/wp\/v2\/media?parent=23646"}],"curies":[{"name":"wp","href":"https:\/\/api.w.org\/{rel}","templated":true}]}}