{"id":23598,"date":"2012-06-08T08:12:09","date_gmt":"2012-06-08T11:12:09","guid":{"rendered":"http:\/\/www.padreydecano.com\/cms\/?page_id=23598"},"modified":"2015-12-05T23:29:13","modified_gmt":"2015-12-06T02:29:13","slug":"alberto-spencer","status":"publish","type":"page","link":"https:\/\/www.padreydecano.com\/cms\/idolos\/alberto-spencer\/","title":{"rendered":"Alberto Spencer"},"content":{"rendered":"<p style=\"text-align: justify;\"><img loading=\"lazy\" decoding=\"async\" class=\"alignright wp-image-7631\" src=\"https:\/\/www.padreydecano.com\/cms\/wp-content\/uploads\/2011\/11\/spencer-237x300.jpg\" alt=\"\" width=\"166\" height=\"210\" srcset=\"https:\/\/www.padreydecano.com\/cms\/wp-content\/uploads\/2011\/11\/spencer-237x300.jpg 237w, https:\/\/www.padreydecano.com\/cms\/wp-content\/uploads\/2011\/11\/spencer.jpg 396w\" sizes=\"(max-width: 166px) 100vw, 166px\" \/>Alberto Spencer Herrera fue uno de los jugadores m\u00e1s importantes de la historia de nuestro club. Goleador letal y apodado como <a title=\"\u201cCabeza M\u00e1gica\u201d: la vida de Alberto Spencer\" href=\"https:\/\/www.padreydecano.com\/cms\/noticias\/cabeza-magica-la-vida-de-alberto-spencer\/\" target=\"_blank\">\u201cCabeza M\u00e1gica\u201d<\/a>, naci\u00f3 el 6 de diciembre de 1937 en Ecuador donde se cri\u00f3 y comenz\u00f3 a formarse como futbolista. Debut\u00f3 en primera en el Everest de dicho pa\u00eds en el a\u00f1o 1953, y jug\u00f3 ah\u00ed hasta 1959. Fue su gran actuaci\u00f3n en el Sudamericano del 59 defendiendo a su selecci\u00f3n lo que cautiv\u00f3 a los dirigentes de Pe\u00f1arol, quienes lo trajeron inmediatamente al club.<\/p>\n<p style=\"text-align: justify;\">Como gran rompe redes que fue, debut\u00f3 en nuestro club marcando 3 goles en un amistoso frente al Atlanta argentino, el 8 de marzo de 1960. Su trayectoria en Pe\u00f1arol fue impecable: obtuvo un sinf\u00edn de t\u00edtulos e integr\u00f3 los equipos que en la d\u00e9cada del 60 derrotaron a los m\u00e1s poderosos de Am\u00e9rica y Europa.<\/p>\n<p style=\"text-align: justify;\">Hombre r\u00e9cord por donde se lo mire, <strong>Alberto Spencer es el <a href=\"https:\/\/www.padreydecano.com\/cms\/noticias\/los-goles-de-spencer-en-la-libertadores\/\" target=\"_blank\">m\u00e1ximo goleador en la historia de la Copa Libertadores con 54 tantos<\/a>, 48 de ellos con Pe\u00f1arol<\/strong>, y segundo de la Copa Intercontinental (con 6 tantos, a 1 de Pel\u00e9). A nivel local, fue 4 veces el m\u00e1ximo goleador del Campeonato Uruguayo, en los a\u00f1os 1961, 1962, 1967 y 1968, consumando un total de <strong>326 anotaciones<\/strong>. <strong><em>\u00abFue una figura extraordinaria que llen\u00f3 una \u00e9poca, mostrando una capacidad impresionante para definir. Sus duelos frente a los arqueros rivales terminaban con su triunfo y la pelota iba a parar a la red. Un jugador que daba esa situaci\u00f3n de gol reservada para unos pocos elegidos y que hac\u00eda levantar a los hinchas para cerebrar la mayor emoci\u00f3n del f\u00fatbol\u00bb<\/em><\/strong> (Memorias de la pelota, A. Etchandy).<\/p>\n<p style=\"text-align: justify;\"><a href=\"https:\/\/www.padreydecano.com\/cms\/wp-content\/uploads\/2011\/09\/Spencer.gif\" rel=\"shadowbox[sbpost-23598];player=img;\"><img loading=\"lazy\" decoding=\"async\" class=\"alignleft wp-image-2935\" src=\"https:\/\/www.padreydecano.com\/cms\/wp-content\/uploads\/2011\/09\/Spencer.gif\" alt=\"\" width=\"140\" height=\"177\" \/><\/a><a href=\"https:\/\/www.padreydecano.com\/cms\/wp-content\/uploads\/2011\/12\/Alberto-Spencer.jpg\" rel=\"shadowbox[sbpost-23598];player=img;\"><img loading=\"lazy\" decoding=\"async\" class=\"alignright wp-image-11918\" src=\"https:\/\/www.padreydecano.com\/cms\/wp-content\/uploads\/2011\/12\/Alberto-Spencer-216x300.jpg\" alt=\"\" width=\"151\" height=\"210\" srcset=\"https:\/\/www.padreydecano.com\/cms\/wp-content\/uploads\/2011\/12\/Alberto-Spencer-216x300.jpg 216w, https:\/\/www.padreydecano.com\/cms\/wp-content\/uploads\/2011\/12\/Alberto-Spencer.jpg 432w\" sizes=\"(max-width: 151px) 100vw, 151px\" \/><\/a>Se consagr\u00f3 campe\u00f3n uruguayo en siete oportunidades (parte del <a title=\"El Primer Quinquenio de Oro\" href=\"https:\/\/www.padreydecano.com\/cms\/campanas-historicas\/el-primer-quinquenio-de-oro\/\" target=\"_blank\">primer quinquenio<\/a>), campe\u00f3n de la Libertadores en tres ocasiones (<a title=\"Copa Libertadores 1960\" href=\"https:\/\/www.padreydecano.com\/cms\/campanas-historicas\/copa-libertadores-1960\/\" target=\"_blank\">1960<\/a>, <a title=\"Copa Libertadores 1961\" href=\"https:\/\/www.padreydecano.com\/cms\/campanas-historicas\/copa-libertadores-1961\/\" target=\"_blank\">1961<\/a> y <a title=\"Copa Libertadores de 1966\" href=\"https:\/\/www.padreydecano.com\/cms\/editoriales\/copa-libertadores-de-1966\/\" target=\"_blank\">1966<\/a>) y campe\u00f3n Intercontinental en dos (<a title=\"Copa Intercontinental 1961\" href=\"https:\/\/www.padreydecano.com\/cms\/campanas-historicas\/copa-intercontinental-1961\/\" target=\"_blank\">1961<\/a> y <a title=\"Copa Intercontinental 1966\" href=\"https:\/\/www.padreydecano.com\/cms\/campanas-historicas\/copa-intercontinental-1966\/\" target=\"_blank\">1966<\/a>). Se caracteriz\u00f3 por marcar goles claves y decisivos en todas las competencias: En la primera Libertadores marc\u00f3 los dos tantos de la tercera semifinal ante San Lorenzo y el \u00fanico en la primera final ante Olimpia. Al siguiente a\u00f1o, colabor\u00f3 con dos en la goleada a Universitario por los cuartos de final, y nuevamente marc\u00f3 en el partido decisivo de ida, esta vez ante el Palmeiras. Y en el 66 tambi\u00e9n fue decisivo, anotando entre otros partidos, en la hist\u00f3rica final ante River Plate en Santiago de Chile. La Intercontinental tambi\u00e9n lo tuvo como protagonista ya que le marc\u00f3 dos goles al Benfica en la goleada por 5 a 0 y tres de los cuatro goles al Real Madrid en 1966.<\/p>\n<p style=\"text-align: justify;\">Luego de su pasaje exitoso con la amarilla y negra, volvi\u00f3 a su pa\u00eds natal donde se retir\u00f3 en 1971 jugando para el Barcelona. Fue catalogado por el pueblo ecuatoriano como el mejor jugador de la historia de su pa\u00eds y seg\u00fan la Federaci\u00f3n Internacional de Historia y Estad\u00edstica de F\u00fatbol (IFFHS) es uno de los 20 mejores futbolistas de Am\u00e9rica del Sur del Siglo XX.<\/p>\n<p style=\"text-align: justify;\">Su v\u00ednculo con el f\u00fatbol no termin\u00f3 ya que continu\u00f3 con el camino de entrenador, dirigiendo en Ecuador, Paraguay y Uruguay. Se vino a vivir al Uruguay en 1973 y en 1982 fue designado c\u00f3nsul.<\/p>\n<p style=\"text-align: justify;\"><a href=\"https:\/\/www.padreydecano.com\/cms\/wp-content\/uploads\/2012\/06\/sepelio-spencer.gif\" rel=\"shadowbox[sbpost-23598];player=img;\"><img loading=\"lazy\" decoding=\"async\" class=\"alignright wp-image-24681\" src=\"https:\/\/www.padreydecano.com\/cms\/wp-content\/uploads\/2012\/06\/sepelio-spencer-300x300.gif\" alt=\"\" width=\"240\" height=\"240\" srcset=\"https:\/\/www.padreydecano.com\/cms\/wp-content\/uploads\/2012\/06\/sepelio-spencer-300x300.gif 300w, https:\/\/www.padreydecano.com\/cms\/wp-content\/uploads\/2012\/06\/sepelio-spencer-150x150.gif 150w, https:\/\/www.padreydecano.com\/cms\/wp-content\/uploads\/2012\/06\/sepelio-spencer-36x36.gif 36w, https:\/\/www.padreydecano.com\/cms\/wp-content\/uploads\/2012\/06\/sepelio-spencer-115x115.gif 115w, https:\/\/www.padreydecano.com\/cms\/wp-content\/uploads\/2012\/06\/sepelio-spencer.gif 315w\" sizes=\"(max-width: 240px) 100vw, 240px\" \/><\/a><a href=\"https:\/\/www.padreydecano.com\/cms\/wp-content\/uploads\/2011\/11\/spencer-1.jpg\" rel=\"shadowbox[sbpost-23598];player=img;\"><img loading=\"lazy\" decoding=\"async\" class=\"alignleft wp-image-7632\" src=\"https:\/\/www.padreydecano.com\/cms\/wp-content\/uploads\/2011\/11\/spencer-1-300x170.jpg\" alt=\"\" width=\"210\" height=\"119\" srcset=\"https:\/\/www.padreydecano.com\/cms\/wp-content\/uploads\/2011\/11\/spencer-1-300x170.jpg 300w, https:\/\/www.padreydecano.com\/cms\/wp-content\/uploads\/2011\/11\/spencer-1-195x110.jpg 195w, https:\/\/www.padreydecano.com\/cms\/wp-content\/uploads\/2011\/11\/spencer-1.jpg 720w\" sizes=\"(max-width: 210px) 100vw, 210px\" \/><\/a>En setiembre de 2006 sufri\u00f3 un infarto y falleci\u00f3 en noviembre del mismo a\u00f1o en una cl\u00ednica estadounidense debido a sus problemas card\u00edacos. Sus restos fueron velados primero en Ecuador, y luego vinieron al Uruguay, donde el pueblo carbonero acompa\u00f1\u00f3 el \u00faltimo adi\u00f3s en el Palacio Pe\u00f1arol.<\/p>\n<p style=\"text-align: justify;\">En su sepelio, el ex presidente honorario y ex presidente de la rep\u00fablica Julio Mar\u00eda Sanguinetti, expres\u00f3: \u201c<em><strong>Alberto era poseedor de un estilo y sello irrepetible como futbolista, pero sobre todo fue un caballero del deporte, un grande dentro y fuera de las canchas que tuvo adversarios pero ning\u00fan enemigo en toda su vida (\u2026) Hay personas que dignifican la raza humana. Spencer fue una de ellas (\u2026) Al Pe\u00f1arol se le lleg\u00f3 a conocer en el Mundo como el equipo de Spencer, as\u00ed de grande fue Alberto<\/strong><\/em>\u00bb (EFE).<\/p>\n<p style=\"text-align: justify;\">Como forma de homenajearlo, el Estadio Modelo de la ciudad de Guayaquil fue rebautizado como Estadio Modelo Alberto Spencer, en un partido entre el Pe\u00f1arol de Gregorio P\u00e9rez y Barcelona, que finaliz\u00f3 0 a 0.<\/p>\n","protected":false},"excerpt":{"rendered":"<p>Alberto Spencer Herrera fue uno de los jugadores m\u00e1s importantes de la historia de nuestro club. Goleador letal y apodado como \u201cCabeza M\u00e1gica\u201d, naci\u00f3 el 6 de diciembre de 1937 en Ecuador donde se cri\u00f3 y comenz\u00f3 a formarse como futbolista. Debut\u00f3 en primera en el Everest de dicho pa\u00eds en el a\u00f1o 1953, y [&hellip;]<\/p>\n","protected":false},"author":13,"featured_media":0,"parent":69,"menu_order":21,"comment_status":"open","ping_status":"open","template":"","meta":{"footnotes":""},"yoast_head":"<!-- This site is optimized with the Yoast SEO plugin v23.2 - https:\/\/yoast.com\/wordpress\/plugins\/seo\/ -->\n<title>Alberto Spencer - Padre y Decano - El Sitio del Pueblo<\/title>\n<meta name=\"robots\" content=\"index, follow, max-snippet:-1, max-image-preview:large, max-video-preview:-1\" \/>\n<link rel=\"canonical\" href=\"https:\/\/www.padreydecano.com\/cms\/idolos\/alberto-spencer\/\" \/>\n<meta property=\"og:locale\" content=\"es_ES\" \/>\n<meta property=\"og:type\" content=\"article\" \/>\n<meta property=\"og:title\" content=\"Alberto Spencer - Padre y Decano - El Sitio del Pueblo\" \/>\n<meta property=\"og:description\" content=\"Alberto Spencer Herrera fue uno de los jugadores m\u00e1s importantes de la historia de nuestro club. Goleador letal y apodado como \u201cCabeza M\u00e1gica\u201d, naci\u00f3 el 6 de diciembre de 1937 en Ecuador donde se cri\u00f3 y comenz\u00f3 a formarse como futbolista. Debut\u00f3 en primera en el Everest de dicho pa\u00eds en el a\u00f1o 1953, y [&hellip;]\" \/>\n<meta property=\"og:url\" content=\"https:\/\/www.padreydecano.com\/cms\/idolos\/alberto-spencer\/\" \/>\n<meta property=\"og:site_name\" content=\"Padre y Decano - El Sitio del Pueblo\" \/>\n<meta property=\"article:modified_time\" content=\"2015-12-06T02:29:13+00:00\" \/>\n<meta property=\"og:image\" content=\"http:\/\/www.padreydecano.com\/cms\/wp-content\/uploads\/2011\/11\/spencer-237x300.jpg\" \/>\n<meta name=\"twitter:card\" content=\"summary_large_image\" \/>\n<meta name=\"twitter:label1\" content=\"Tiempo de lectura\" \/>\n\t<meta name=\"twitter:data1\" content=\"4 minutos\" \/>\n<script type=\"application\/ld+json\" class=\"yoast-schema-graph\">{\"@context\":\"https:\/\/schema.org\",\"@graph\":[{\"@type\":\"WebPage\",\"@id\":\"https:\/\/www.padreydecano.com\/cms\/idolos\/alberto-spencer\/\",\"url\":\"https:\/\/www.padreydecano.com\/cms\/idolos\/alberto-spencer\/\",\"name\":\"Alberto Spencer - Padre y Decano - El Sitio del Pueblo\",\"isPartOf\":{\"@id\":\"https:\/\/www.padreydecano.com\/cms\/#website\"},\"primaryImageOfPage\":{\"@id\":\"https:\/\/www.padreydecano.com\/cms\/idolos\/alberto-spencer\/#primaryimage\"},\"image\":{\"@id\":\"https:\/\/www.padreydecano.com\/cms\/idolos\/alberto-spencer\/#primaryimage\"},\"thumbnailUrl\":\"http:\/\/www.padreydecano.com\/cms\/wp-content\/uploads\/2011\/11\/spencer-237x300.jpg\",\"datePublished\":\"2012-06-08T11:12:09+00:00\",\"dateModified\":\"2015-12-06T02:29:13+00:00\",\"breadcrumb\":{\"@id\":\"https:\/\/www.padreydecano.com\/cms\/idolos\/alberto-spencer\/#breadcrumb\"},\"inLanguage\":\"es\",\"potentialAction\":[{\"@type\":\"ReadAction\",\"target\":[\"https:\/\/www.padreydecano.com\/cms\/idolos\/alberto-spencer\/\"]}]},{\"@type\":\"ImageObject\",\"inLanguage\":\"es\",\"@id\":\"https:\/\/www.padreydecano.com\/cms\/idolos\/alberto-spencer\/#primaryimage\",\"url\":\"http:\/\/www.padreydecano.com\/cms\/wp-content\/uploads\/2011\/11\/spencer-237x300.jpg\",\"contentUrl\":\"http:\/\/www.padreydecano.com\/cms\/wp-content\/uploads\/2011\/11\/spencer-237x300.jpg\"},{\"@type\":\"BreadcrumbList\",\"@id\":\"https:\/\/www.padreydecano.com\/cms\/idolos\/alberto-spencer\/#breadcrumb\",\"itemListElement\":[{\"@type\":\"ListItem\",\"position\":1,\"name\":\"Portada\",\"item\":\"https:\/\/www.padreydecano.com\/cms\/\"},{\"@type\":\"ListItem\",\"position\":2,\"name\":\"\u00cddolos\",\"item\":\"https:\/\/www.padreydecano.com\/cms\/idolos\/\"},{\"@type\":\"ListItem\",\"position\":3,\"name\":\"Alberto Spencer\"}]},{\"@type\":\"WebSite\",\"@id\":\"https:\/\/www.padreydecano.com\/cms\/#website\",\"url\":\"https:\/\/www.padreydecano.com\/cms\/\",\"name\":\"Padre y Decano - El Sitio del Pueblo\",\"description\":\"Club Atl\u00e9tico Pe\u00f1arol\",\"publisher\":{\"@id\":\"https:\/\/www.padreydecano.com\/cms\/#organization\"},\"potentialAction\":[{\"@type\":\"SearchAction\",\"target\":{\"@type\":\"EntryPoint\",\"urlTemplate\":\"https:\/\/www.padreydecano.com\/cms\/?s={search_term_string}\"},\"query-input\":\"required name=search_term_string\"}],\"inLanguage\":\"es\"},{\"@type\":\"Organization\",\"@id\":\"https:\/\/www.padreydecano.com\/cms\/#organization\",\"name\":\"Padre y Decano\",\"url\":\"https:\/\/www.padreydecano.com\/cms\/\",\"logo\":{\"@type\":\"ImageObject\",\"inLanguage\":\"es\",\"@id\":\"https:\/\/www.padreydecano.com\/cms\/#\/schema\/logo\/image\/\",\"url\":\"https:\/\/www.padreydecano.com\/cms\/wp-content\/uploads\/2022\/01\/avatar-square.png\",\"contentUrl\":\"https:\/\/www.padreydecano.com\/cms\/wp-content\/uploads\/2022\/01\/avatar-square.png\",\"width\":1500,\"height\":1500,\"caption\":\"Padre y Decano\"},\"image\":{\"@id\":\"https:\/\/www.padreydecano.com\/cms\/#\/schema\/logo\/image\/\"}}]}<\/script>\n<!-- \/ Yoast SEO plugin. -->","yoast_head_json":{"title":"Alberto Spencer - Padre y Decano - El Sitio del Pueblo","robots":{"index":"index","follow":"follow","max-snippet":"max-snippet:-1","max-image-preview":"max-image-preview:large","max-video-preview":"max-video-preview:-1"},"canonical":"https:\/\/www.padreydecano.com\/cms\/idolos\/alberto-spencer\/","og_locale":"es_ES","og_type":"article","og_title":"Alberto Spencer - Padre y Decano - El Sitio del Pueblo","og_description":"Alberto Spencer Herrera fue uno de los jugadores m\u00e1s importantes de la historia de nuestro club. Goleador letal y apodado como \u201cCabeza M\u00e1gica\u201d, naci\u00f3 el 6 de diciembre de 1937 en Ecuador donde se cri\u00f3 y comenz\u00f3 a formarse como futbolista. Debut\u00f3 en primera en el Everest de dicho pa\u00eds en el a\u00f1o 1953, y [&hellip;]","og_url":"https:\/\/www.padreydecano.com\/cms\/idolos\/alberto-spencer\/","og_site_name":"Padre y Decano - El Sitio del Pueblo","article_modified_time":"2015-12-06T02:29:13+00:00","og_image":[{"url":"http:\/\/www.padreydecano.com\/cms\/wp-content\/uploads\/2011\/11\/spencer-237x300.jpg"}],"twitter_card":"summary_large_image","twitter_misc":{"Tiempo de lectura":"4 minutos"},"schema":{"@context":"https:\/\/schema.org","@graph":[{"@type":"WebPage","@id":"https:\/\/www.padreydecano.com\/cms\/idolos\/alberto-spencer\/","url":"https:\/\/www.padreydecano.com\/cms\/idolos\/alberto-spencer\/","name":"Alberto Spencer - Padre y Decano - El Sitio del Pueblo","isPartOf":{"@id":"https:\/\/www.padreydecano.com\/cms\/#website"},"primaryImageOfPage":{"@id":"https:\/\/www.padreydecano.com\/cms\/idolos\/alberto-spencer\/#primaryimage"},"image":{"@id":"https:\/\/www.padreydecano.com\/cms\/idolos\/alberto-spencer\/#primaryimage"},"thumbnailUrl":"http:\/\/www.padreydecano.com\/cms\/wp-content\/uploads\/2011\/11\/spencer-237x300.jpg","datePublished":"2012-06-08T11:12:09+00:00","dateModified":"2015-12-06T02:29:13+00:00","breadcrumb":{"@id":"https:\/\/www.padreydecano.com\/cms\/idolos\/alberto-spencer\/#breadcrumb"},"inLanguage":"es","potentialAction":[{"@type":"ReadAction","target":["https:\/\/www.padreydecano.com\/cms\/idolos\/alberto-spencer\/"]}]},{"@type":"ImageObject","inLanguage":"es","@id":"https:\/\/www.padreydecano.com\/cms\/idolos\/alberto-spencer\/#primaryimage","url":"http:\/\/www.padreydecano.com\/cms\/wp-content\/uploads\/2011\/11\/spencer-237x300.jpg","contentUrl":"http:\/\/www.padreydecano.com\/cms\/wp-content\/uploads\/2011\/11\/spencer-237x300.jpg"},{"@type":"BreadcrumbList","@id":"https:\/\/www.padreydecano.com\/cms\/idolos\/alberto-spencer\/#breadcrumb","itemListElement":[{"@type":"ListItem","position":1,"name":"Portada","item":"https:\/\/www.padreydecano.com\/cms\/"},{"@type":"ListItem","position":2,"name":"\u00cddolos","item":"https:\/\/www.padreydecano.com\/cms\/idolos\/"},{"@type":"ListItem","position":3,"name":"Alberto Spencer"}]},{"@type":"WebSite","@id":"https:\/\/www.padreydecano.com\/cms\/#website","url":"https:\/\/www.padreydecano.com\/cms\/","name":"Padre y Decano - El Sitio del Pueblo","description":"Club Atl\u00e9tico Pe\u00f1arol","publisher":{"@id":"https:\/\/www.padreydecano.com\/cms\/#organization"},"potentialAction":[{"@type":"SearchAction","target":{"@type":"EntryPoint","urlTemplate":"https:\/\/www.padreydecano.com\/cms\/?s={search_term_string}"},"query-input":"required name=search_term_string"}],"inLanguage":"es"},{"@type":"Organization","@id":"https:\/\/www.padreydecano.com\/cms\/#organization","name":"Padre y Decano","url":"https:\/\/www.padreydecano.com\/cms\/","logo":{"@type":"ImageObject","inLanguage":"es","@id":"https:\/\/www.padreydecano.com\/cms\/#\/schema\/logo\/image\/","url":"https:\/\/www.padreydecano.com\/cms\/wp-content\/uploads\/2022\/01\/avatar-square.png","contentUrl":"https:\/\/www.padreydecano.com\/cms\/wp-content\/uploads\/2022\/01\/avatar-square.png","width":1500,"height":1500,"caption":"Padre y Decano"},"image":{"@id":"https:\/\/www.padreydecano.com\/cms\/#\/schema\/logo\/image\/"}}]}},"_links":{"self":[{"href":"https:\/\/www.padreydecano.com\/cms\/wp-json\/wp\/v2\/pages\/23598"}],"collection":[{"href":"https:\/\/www.padreydecano.com\/cms\/wp-json\/wp\/v2\/pages"}],"about":[{"href":"https:\/\/www.padreydecano.com\/cms\/wp-json\/wp\/v2\/types\/page"}],"author":[{"embeddable":true,"href":"https:\/\/www.padreydecano.com\/cms\/wp-json\/wp\/v2\/users\/13"}],"replies":[{"embeddable":true,"href":"https:\/\/www.padreydecano.com\/cms\/wp-json\/wp\/v2\/comments?post=23598"}],"version-history":[{"count":0,"href":"https:\/\/www.padreydecano.com\/cms\/wp-json\/wp\/v2\/pages\/23598\/revisions"}],"up":[{"embeddable":true,"href":"https:\/\/www.padreydecano.com\/cms\/wp-json\/wp\/v2\/pages\/69"}],"wp:attachment":[{"href":"https:\/\/www.padreydecano.com\/cms\/wp-json\/wp\/v2\/media?parent=23598"}],"curies":[{"name":"wp","href":"https:\/\/api.w.org\/{rel}","templated":true}]}}