{"id":20956,"date":"2012-06-20T08:10:59","date_gmt":"2012-06-20T11:10:59","guid":{"rendered":"http:\/\/www.padreydecano.com\/cms\/?page_id=20956"},"modified":"2012-08-12T14:14:23","modified_gmt":"2012-08-12T17:14:23","slug":"roberto-chery","status":"publish","type":"page","link":"https:\/\/www.padreydecano.com\/cms\/idolos\/roberto-chery\/","title":{"rendered":"Roberto Chery"},"content":{"rendered":"<p style=\"text-align: justify;\"><a href=\"https:\/\/www.padreydecano.com\/cms\/wp-content\/uploads\/2012\/06\/Roberto_Chery1.jpg\" rel=\"shadowbox[sbpost-20956];player=img;\"><img loading=\"lazy\" decoding=\"async\" class=\"alignright  wp-image-25014\" src=\"https:\/\/www.padreydecano.com\/cms\/wp-content\/uploads\/2012\/06\/Roberto_Chery1-201x300.jpg\" alt=\"\" width=\"141\" height=\"210\" srcset=\"https:\/\/www.padreydecano.com\/cms\/wp-content\/uploads\/2012\/06\/Roberto_Chery1-201x300.jpg 201w, https:\/\/www.padreydecano.com\/cms\/wp-content\/uploads\/2012\/06\/Roberto_Chery1-688x1024.jpg 688w, https:\/\/www.padreydecano.com\/cms\/wp-content\/uploads\/2012\/06\/Roberto_Chery1.jpg 1063w\" sizes=\"(max-width: 141px) 100vw, 141px\" \/><\/a>Roberto Chery lleg\u00f3 a Pe\u00f1arol en 1916; no necesit\u00f3 del aprendizaje ya que en la final del torneo Competencia de ese a\u00f1o, debut\u00f3 contra Rosario Central, partido que se disput\u00f3 en Argentina. Las cr\u00f3nicas de entonces se limitaban a decir solamente, <strong>\u201cataj\u00f3 muy bien. El joven uruguayo se present\u00f3 como un goalkeeper consumado a qui\u00e9n no se le ha podido se\u00f1alar un solo defecto\u201d.\u00a0<\/strong>Chery debut\u00f3 en el Parque Lugano contra River Plate. Finalizado ese partido, fue levantado en andas por sus compa\u00f1eros tras haber tenido en ese match, una actuaci\u00f3n memorable.<\/p>\n<p style=\"text-align: justify;\"><span style=\"color: #ffcc02;\"><strong>Descubren a Chery<\/strong><\/span><\/p>\n<p style=\"text-align: justify;\">Chery, oriundo del barrio Sur montevideano, fue descubierto por Roberto Catrufo, allegado a Pe\u00f1arol, hombre que no perd\u00eda oportunidad para observar j\u00f3venes que jugaban al futbol en potreros del barrio Sur y zonas aleda\u00f1as.\u00a0Tambi\u00e9n descubri\u00f3 a Cataldo, Grad\u00edn, Campolo, Bernizone y varios m\u00e1s.<\/p>\n<p style=\"text-align: justify;\">Por aquellos a\u00f1os se form\u00f3 un club para practicar el f\u00fatbol. Se llamaba Aniceto Camacho, en honor a ese bravo y querido jugador del antiguo Pe\u00f1arol. Roberto Chery, siendo un ni\u00f1o se alist\u00f3 en esta instituci\u00f3n en car\u00e1cter de goalkeeper. C<strong>hery se destacaba, \u00e1gil, valiente, de vista maravillosa, denot\u00f3 enseguida una predisposici\u00f3n especial y estupenda para el juego.\u00a0<\/strong>Empez\u00f3 a ser popular y sus actuaciones eran comentadas con admiraci\u00f3n y respeto por sus compa\u00f1eros.<\/p>\n<p style=\"text-align: justify;\">Chery comenz\u00f3 as\u00ed en la tercera de Pe\u00f1arol, junto a los recordados Grad\u00edn y Campolo. En el a\u00f1o del debut, 1915, se consagra campe\u00f3n de tercera, demostrando adem\u00e1s sus dotes de buen golero. Lo hab\u00edan apodado \u201cEl Poeta\u201d porque hab\u00eda creado la poes\u00eda que comenzaba diciendo, \u201cOh Pe\u00f1arol, yo te saludo\u2026\u201d.\u00a0Era de talla alta, pero musculoso, ten\u00eda manos grandes y en poco tiempo fue adquiriendo valent\u00eda en el arco, buen golpe de vista y adem\u00e1s ten\u00eda cierta elegancia para resolver jugadas de riesgo.<\/p>\n<p style=\"text-align: justify;\">Se informa en cr\u00f3nicas de esos a\u00f1os que Roberto Chery era un extraordinario guardameta. <strong>\u201cAcaso lo m\u00e1s grande en el puesto que ha tenido Pe\u00f1arol hasta el a\u00f1o de su alejamiento fatal. Vaya si Pe\u00f1arol ha tenido arqueros monumentales, pero Chery fue distinto y merece el mejor elogio. Si la memoria no nos es infiel, si no nos hace una mala jugada, creemos que fue el \u00fanico arquero que durante la campa\u00f1a de H\u00e9ctor Scarone, se dio el lujo de que \u00e9ste no le convirtiera ning\u00fan gol. Si este recuerdo cobrara la autenticidad que no nos animamos a darle, habr\u00eda que convenir que todo juicio laudatorio es poco, ya que sabemos de sobra como dirig\u00eda sus tiros y que potencialidad les daba H\u00e9ctor Scarone\u201d<\/strong>.<\/p>\n<p style=\"text-align: justify;\"><strong><a href=\"https:\/\/www.padreydecano.com\/cms\/wp-content\/uploads\/2012\/06\/chery.jpg\" rel=\"shadowbox[sbpost-20956];player=img;\"><img loading=\"lazy\" decoding=\"async\" class=\"alignleft size-medium wp-image-24688\" src=\"https:\/\/www.padreydecano.com\/cms\/wp-content\/uploads\/2012\/06\/chery-142x300.jpg\" alt=\"\" width=\"142\" height=\"300\" srcset=\"https:\/\/www.padreydecano.com\/cms\/wp-content\/uploads\/2012\/06\/chery-142x300.jpg 142w, https:\/\/www.padreydecano.com\/cms\/wp-content\/uploads\/2012\/06\/chery.jpg 237w\" sizes=\"(max-width: 142px) 100vw, 142px\" \/><\/a><span style=\"color: #ffcc02;\">Un ganador de cl\u00e1sicos<\/span><\/strong><\/p>\n<p style=\"text-align: justify;\">Roberto Chery se constituy\u00f3 como un ganador de partidos cl\u00e1sicos. Jug\u00f3 9 en sus tres temporadas en primera divisi\u00f3n; perdi\u00f3 solo uno, el cual gan\u00f3 Nacional por 1 a 0 con gol de Carlos Scarone de penal.<\/p>\n<p style=\"text-align: justify;\">Roberto Chery naci\u00f3 el 16 de febrero de 1896.\u00a0Era casi un ni\u00f1o y la directiva aurinegra, despu\u00e9s de la final contra Rosario Central, decidi\u00f3 sustituirlo por Antonio Marques Castro que hab\u00eda llegado procedente del Dubl\u00edn en la divisional Intermedia, el cual hab\u00eda recibido en dos cl\u00e1sicos, ocho goles, a raz\u00f3n de cuatro por partido. Un d\u00eda el titular se perdi\u00f3, y llegada la hora del partido, se le confi\u00f3 el arco a R. Chery. <strong>El 29 de junio de 1917, Chery juega su primer partido frente a Nacional por la Copa Albion.<\/strong> Gan\u00f3 Pe\u00f1arol 2 a 1 en el cl\u00e1sico disputado en el Parque Lugano. El primer gol en un cl\u00e1sico se lo convirti\u00f3 Carlos Scarone. De ah\u00ed en m\u00e1s hubo un paso corto a la selecci\u00f3n uruguaya para jugar el Sudamericano de 1919 en R\u00edo de Janeiro (Brasil).<\/p>\n<p style=\"text-align: justify;\"><span style=\"color: #ffcc02;\"><strong>El fatal desenlace final<\/strong><\/span><\/p>\n<p style=\"text-align: justify;\">El arquero titular de Uruguay era Cayetano Saporiti, consagrado guardameta de Wanderers. Era un veterano al que no le cay\u00f3 bien el clima caluroso de R\u00edo; jug\u00f3 su primer partido contra Argentina donde gan\u00f3 Uruguay 3 a 2 y al siguiente compromiso con Chile, dej\u00f3 el lugar a Chery. Fue el 17 de mayo de 1919 en Laranjeiras, la vieja cancha de Fluminense.<\/p>\n<p style=\"text-align: justify;\">Con goles de Ladislao P\u00e9rez y Carlos Scarone, los uruguayos vencieron por 2 a 0. En este encuentro, Chery vol\u00f3 de palo a palo para salvar un gol inminente, sac\u00f3 al c\u00f3rner y cay\u00f3 sintiendo la violencia del impacto.\u00a0En cr\u00f3nicas de la \u00e9poca el hecho se describ\u00eda: <strong>\u201cLa multitud en las tribunas aplaudi\u00f3 la espectacular atajada del meta uruguayo, pero Chery no se pod\u00eda levantar. Fue retirado del field; m\u00e1s las sombras rondan tras el\u2026 una hernia inguinal estrangulada, se dec\u00eda en principio era el problema\u201d<\/strong>.<\/p>\n<p style=\"text-align: justify;\">Chery no se recuperaba y se decidi\u00f3 de inmediato internarlo. Estuvo hospitalizado durante trece d\u00edas y <strong>falleci\u00f3 el 30 de mayo<\/strong> a ra\u00edz de un estrangulamiento en una hernia inguinal como se sospech\u00f3 desde el principio. El violento golpe sufrido origin\u00f3 el fatal desenlace del joven guardameta.<\/p>\n<p style=\"text-align: justify;\"><span style=\"color: #ffcc02;\"><strong>El recuerdo<\/strong><\/span><\/p>\n<p style=\"text-align: justify;\">El Campeonato Sudamericano lo gan\u00f3 Brasil y la Confederaci\u00f3n Sudamericana de F\u00fatbol instituy\u00f3 un trofeo con el nombre de \u201cRoberto Chery\u201d para disputar entre las selecciones de Uruguay y Brasil a beneficio de sus deudos en Montevideo.\u00a0El partido se llev\u00f3 a cabo finalmente el 1\u00ba de junio de 1919, entre Argentina y Brasil, ya que los jugadores uruguayos no estaban de \u00e1nimo para participar de ese encuentro aunque fuera en homenaje al compa\u00f1ero fallecido.<\/p>\n<p style=\"text-align: justify;\">En este partido, <a href=\"https:\/\/www.padreydecano.com\/cms\/el-baul-de-los-recuerdos\/brasil-aurinegro-y-argentina-celeste\/\" target=\"_blank\">la selecci\u00f3n brasile\u00f1a jug\u00f3 con la camiseta de Pe\u00f1arol<\/a> y los argentinos con la celeste en recuerdo a las dos casacas que defendi\u00f3 Chery. El resultado de ese encuentro fue 3 a 3 y <strong>el trofeo fue obsequiado a Pe\u00f1arol.<\/strong><\/p>\n<p style=\"text-align: justify;\">Roberto Chery pese a su corta trayectoria, <strong>fue y es considerado como el mejor arquero hasta el advenimiento del profesionalismo.<\/strong><\/p>\n<p style=\"text-align: justify;\"><span style=\"color: #ffcc02;\"><strong>Cronicas de \u00e9poca<\/strong><\/span><\/p>\n<p style=\"text-align: justify;\">Para conocer y poder apreciar la real dimensi\u00f3n de esos jugadores de anta\u00f1o, vale hurgar, explorar, recurrir a los amarillentos y rele\u00eddos documentos que se transforman en invalorables a la hora de poder realizar una rese\u00f1a; tal es el caso de Roberto Chery.<\/p>\n<p style=\"text-align: justify;\">Margari\u00f1os Pittaluga, autor del libro \u201cEl f\u00fatbol heroico\u201d, escribe: \u201cEl poeta, cuya \u00fanica obra po\u00e9tica ha sido su vida ejemplar, llena de ingenuidad y sencillez, existi\u00f3 para el football y fue muerto por el football. Fue uno de esos seres que surgen al mundo con la imposici\u00f3n de un destino. Naci\u00f3 para el deporte. (\u2026) Cuando lleg\u00f3 el momento en que tuvo que colocarse entre los postes del arco; cuando vio a diez camisetas amarillas y negras, Chery ya era dichoso. <strong>Quiso vivir para Pe\u00f1arol y su deseo fue cumplido. Fue tal su dedicaci\u00f3n, su amor, su admirable identificaci\u00f3n que no se pod\u00eda concebir a Pe\u00f1arol sin su arquero\u201d.<\/strong><\/p>\n<p style=\"text-align: justify;\"><span style=\"color: #ffcc02;\"><strong>Los Se\u00f1ores del Arco (Cesar Groba)<\/strong><\/span><\/p>\n","protected":false},"excerpt":{"rendered":"<p>Roberto Chery lleg\u00f3 a Pe\u00f1arol en 1916; no necesit\u00f3 del aprendizaje ya que en la final del torneo Competencia de ese a\u00f1o, debut\u00f3 contra Rosario Central, partido que se disput\u00f3 en Argentina. Las cr\u00f3nicas de entonces se limitaban a decir solamente, \u201cataj\u00f3 muy bien. El joven uruguayo se present\u00f3 como un goalkeeper consumado a qui\u00e9n [&hellip;]<\/p>\n","protected":false},"author":13,"featured_media":0,"parent":69,"menu_order":17,"comment_status":"open","ping_status":"open","template":"","meta":{"footnotes":""},"yoast_head":"<!-- This site is optimized with the Yoast SEO plugin v23.2 - https:\/\/yoast.com\/wordpress\/plugins\/seo\/ -->\n<title>Roberto Chery - Padre y Decano - El Sitio del Pueblo<\/title>\n<meta name=\"robots\" content=\"index, follow, max-snippet:-1, max-image-preview:large, max-video-preview:-1\" \/>\n<link rel=\"canonical\" href=\"https:\/\/www.padreydecano.com\/cms\/idolos\/roberto-chery\/\" \/>\n<meta property=\"og:locale\" content=\"es_ES\" \/>\n<meta property=\"og:type\" content=\"article\" \/>\n<meta property=\"og:title\" content=\"Roberto Chery - Padre y Decano - El Sitio del Pueblo\" \/>\n<meta property=\"og:description\" content=\"Roberto Chery lleg\u00f3 a Pe\u00f1arol en 1916; no necesit\u00f3 del aprendizaje ya que en la final del torneo Competencia de ese a\u00f1o, debut\u00f3 contra Rosario Central, partido que se disput\u00f3 en Argentina. Las cr\u00f3nicas de entonces se limitaban a decir solamente, \u201cataj\u00f3 muy bien. El joven uruguayo se present\u00f3 como un goalkeeper consumado a qui\u00e9n [&hellip;]\" \/>\n<meta property=\"og:url\" content=\"https:\/\/www.padreydecano.com\/cms\/idolos\/roberto-chery\/\" \/>\n<meta property=\"og:site_name\" content=\"Padre y Decano - El Sitio del Pueblo\" \/>\n<meta property=\"article:modified_time\" content=\"2012-08-12T17:14:23+00:00\" \/>\n<meta property=\"og:image\" content=\"http:\/\/www.padreydecano.com\/cms\/wp-content\/uploads\/2012\/06\/Roberto_Chery1-201x300.jpg\" \/>\n<meta name=\"twitter:card\" content=\"summary_large_image\" \/>\n<meta name=\"twitter:label1\" content=\"Tiempo de lectura\" \/>\n\t<meta name=\"twitter:data1\" content=\"6 minutos\" \/>\n<script type=\"application\/ld+json\" class=\"yoast-schema-graph\">{\"@context\":\"https:\/\/schema.org\",\"@graph\":[{\"@type\":\"WebPage\",\"@id\":\"https:\/\/www.padreydecano.com\/cms\/idolos\/roberto-chery\/\",\"url\":\"https:\/\/www.padreydecano.com\/cms\/idolos\/roberto-chery\/\",\"name\":\"Roberto Chery - Padre y Decano - El Sitio del Pueblo\",\"isPartOf\":{\"@id\":\"https:\/\/www.padreydecano.com\/cms\/#website\"},\"primaryImageOfPage\":{\"@id\":\"https:\/\/www.padreydecano.com\/cms\/idolos\/roberto-chery\/#primaryimage\"},\"image\":{\"@id\":\"https:\/\/www.padreydecano.com\/cms\/idolos\/roberto-chery\/#primaryimage\"},\"thumbnailUrl\":\"http:\/\/www.padreydecano.com\/cms\/wp-content\/uploads\/2012\/06\/Roberto_Chery1-201x300.jpg\",\"datePublished\":\"2012-06-20T11:10:59+00:00\",\"dateModified\":\"2012-08-12T17:14:23+00:00\",\"breadcrumb\":{\"@id\":\"https:\/\/www.padreydecano.com\/cms\/idolos\/roberto-chery\/#breadcrumb\"},\"inLanguage\":\"es\",\"potentialAction\":[{\"@type\":\"ReadAction\",\"target\":[\"https:\/\/www.padreydecano.com\/cms\/idolos\/roberto-chery\/\"]}]},{\"@type\":\"ImageObject\",\"inLanguage\":\"es\",\"@id\":\"https:\/\/www.padreydecano.com\/cms\/idolos\/roberto-chery\/#primaryimage\",\"url\":\"http:\/\/www.padreydecano.com\/cms\/wp-content\/uploads\/2012\/06\/Roberto_Chery1-201x300.jpg\",\"contentUrl\":\"http:\/\/www.padreydecano.com\/cms\/wp-content\/uploads\/2012\/06\/Roberto_Chery1-201x300.jpg\"},{\"@type\":\"BreadcrumbList\",\"@id\":\"https:\/\/www.padreydecano.com\/cms\/idolos\/roberto-chery\/#breadcrumb\",\"itemListElement\":[{\"@type\":\"ListItem\",\"position\":1,\"name\":\"Portada\",\"item\":\"https:\/\/www.padreydecano.com\/cms\/\"},{\"@type\":\"ListItem\",\"position\":2,\"name\":\"\u00cddolos\",\"item\":\"https:\/\/www.padreydecano.com\/cms\/idolos\/\"},{\"@type\":\"ListItem\",\"position\":3,\"name\":\"Roberto Chery\"}]},{\"@type\":\"WebSite\",\"@id\":\"https:\/\/www.padreydecano.com\/cms\/#website\",\"url\":\"https:\/\/www.padreydecano.com\/cms\/\",\"name\":\"Padre y Decano - El Sitio del Pueblo\",\"description\":\"Club Atl\u00e9tico Pe\u00f1arol\",\"publisher\":{\"@id\":\"https:\/\/www.padreydecano.com\/cms\/#organization\"},\"potentialAction\":[{\"@type\":\"SearchAction\",\"target\":{\"@type\":\"EntryPoint\",\"urlTemplate\":\"https:\/\/www.padreydecano.com\/cms\/?s={search_term_string}\"},\"query-input\":\"required name=search_term_string\"}],\"inLanguage\":\"es\"},{\"@type\":\"Organization\",\"@id\":\"https:\/\/www.padreydecano.com\/cms\/#organization\",\"name\":\"Padre y Decano\",\"url\":\"https:\/\/www.padreydecano.com\/cms\/\",\"logo\":{\"@type\":\"ImageObject\",\"inLanguage\":\"es\",\"@id\":\"https:\/\/www.padreydecano.com\/cms\/#\/schema\/logo\/image\/\",\"url\":\"https:\/\/www.padreydecano.com\/cms\/wp-content\/uploads\/2022\/01\/avatar-square.png\",\"contentUrl\":\"https:\/\/www.padreydecano.com\/cms\/wp-content\/uploads\/2022\/01\/avatar-square.png\",\"width\":1500,\"height\":1500,\"caption\":\"Padre y Decano\"},\"image\":{\"@id\":\"https:\/\/www.padreydecano.com\/cms\/#\/schema\/logo\/image\/\"}}]}<\/script>\n<!-- \/ Yoast SEO plugin. -->","yoast_head_json":{"title":"Roberto Chery - Padre y Decano - El Sitio del Pueblo","robots":{"index":"index","follow":"follow","max-snippet":"max-snippet:-1","max-image-preview":"max-image-preview:large","max-video-preview":"max-video-preview:-1"},"canonical":"https:\/\/www.padreydecano.com\/cms\/idolos\/roberto-chery\/","og_locale":"es_ES","og_type":"article","og_title":"Roberto Chery - Padre y Decano - El Sitio del Pueblo","og_description":"Roberto Chery lleg\u00f3 a Pe\u00f1arol en 1916; no necesit\u00f3 del aprendizaje ya que en la final del torneo Competencia de ese a\u00f1o, debut\u00f3 contra Rosario Central, partido que se disput\u00f3 en Argentina. Las cr\u00f3nicas de entonces se limitaban a decir solamente, \u201cataj\u00f3 muy bien. El joven uruguayo se present\u00f3 como un goalkeeper consumado a qui\u00e9n [&hellip;]","og_url":"https:\/\/www.padreydecano.com\/cms\/idolos\/roberto-chery\/","og_site_name":"Padre y Decano - El Sitio del Pueblo","article_modified_time":"2012-08-12T17:14:23+00:00","og_image":[{"url":"http:\/\/www.padreydecano.com\/cms\/wp-content\/uploads\/2012\/06\/Roberto_Chery1-201x300.jpg"}],"twitter_card":"summary_large_image","twitter_misc":{"Tiempo de lectura":"6 minutos"},"schema":{"@context":"https:\/\/schema.org","@graph":[{"@type":"WebPage","@id":"https:\/\/www.padreydecano.com\/cms\/idolos\/roberto-chery\/","url":"https:\/\/www.padreydecano.com\/cms\/idolos\/roberto-chery\/","name":"Roberto Chery - Padre y Decano - El Sitio del Pueblo","isPartOf":{"@id":"https:\/\/www.padreydecano.com\/cms\/#website"},"primaryImageOfPage":{"@id":"https:\/\/www.padreydecano.com\/cms\/idolos\/roberto-chery\/#primaryimage"},"image":{"@id":"https:\/\/www.padreydecano.com\/cms\/idolos\/roberto-chery\/#primaryimage"},"thumbnailUrl":"http:\/\/www.padreydecano.com\/cms\/wp-content\/uploads\/2012\/06\/Roberto_Chery1-201x300.jpg","datePublished":"2012-06-20T11:10:59+00:00","dateModified":"2012-08-12T17:14:23+00:00","breadcrumb":{"@id":"https:\/\/www.padreydecano.com\/cms\/idolos\/roberto-chery\/#breadcrumb"},"inLanguage":"es","potentialAction":[{"@type":"ReadAction","target":["https:\/\/www.padreydecano.com\/cms\/idolos\/roberto-chery\/"]}]},{"@type":"ImageObject","inLanguage":"es","@id":"https:\/\/www.padreydecano.com\/cms\/idolos\/roberto-chery\/#primaryimage","url":"http:\/\/www.padreydecano.com\/cms\/wp-content\/uploads\/2012\/06\/Roberto_Chery1-201x300.jpg","contentUrl":"http:\/\/www.padreydecano.com\/cms\/wp-content\/uploads\/2012\/06\/Roberto_Chery1-201x300.jpg"},{"@type":"BreadcrumbList","@id":"https:\/\/www.padreydecano.com\/cms\/idolos\/roberto-chery\/#breadcrumb","itemListElement":[{"@type":"ListItem","position":1,"name":"Portada","item":"https:\/\/www.padreydecano.com\/cms\/"},{"@type":"ListItem","position":2,"name":"\u00cddolos","item":"https:\/\/www.padreydecano.com\/cms\/idolos\/"},{"@type":"ListItem","position":3,"name":"Roberto Chery"}]},{"@type":"WebSite","@id":"https:\/\/www.padreydecano.com\/cms\/#website","url":"https:\/\/www.padreydecano.com\/cms\/","name":"Padre y Decano - El Sitio del Pueblo","description":"Club Atl\u00e9tico Pe\u00f1arol","publisher":{"@id":"https:\/\/www.padreydecano.com\/cms\/#organization"},"potentialAction":[{"@type":"SearchAction","target":{"@type":"EntryPoint","urlTemplate":"https:\/\/www.padreydecano.com\/cms\/?s={search_term_string}"},"query-input":"required name=search_term_string"}],"inLanguage":"es"},{"@type":"Organization","@id":"https:\/\/www.padreydecano.com\/cms\/#organization","name":"Padre y Decano","url":"https:\/\/www.padreydecano.com\/cms\/","logo":{"@type":"ImageObject","inLanguage":"es","@id":"https:\/\/www.padreydecano.com\/cms\/#\/schema\/logo\/image\/","url":"https:\/\/www.padreydecano.com\/cms\/wp-content\/uploads\/2022\/01\/avatar-square.png","contentUrl":"https:\/\/www.padreydecano.com\/cms\/wp-content\/uploads\/2022\/01\/avatar-square.png","width":1500,"height":1500,"caption":"Padre y Decano"},"image":{"@id":"https:\/\/www.padreydecano.com\/cms\/#\/schema\/logo\/image\/"}}]}},"_links":{"self":[{"href":"https:\/\/www.padreydecano.com\/cms\/wp-json\/wp\/v2\/pages\/20956"}],"collection":[{"href":"https:\/\/www.padreydecano.com\/cms\/wp-json\/wp\/v2\/pages"}],"about":[{"href":"https:\/\/www.padreydecano.com\/cms\/wp-json\/wp\/v2\/types\/page"}],"author":[{"embeddable":true,"href":"https:\/\/www.padreydecano.com\/cms\/wp-json\/wp\/v2\/users\/13"}],"replies":[{"embeddable":true,"href":"https:\/\/www.padreydecano.com\/cms\/wp-json\/wp\/v2\/comments?post=20956"}],"version-history":[{"count":0,"href":"https:\/\/www.padreydecano.com\/cms\/wp-json\/wp\/v2\/pages\/20956\/revisions"}],"up":[{"embeddable":true,"href":"https:\/\/www.padreydecano.com\/cms\/wp-json\/wp\/v2\/pages\/69"}],"wp:attachment":[{"href":"https:\/\/www.padreydecano.com\/cms\/wp-json\/wp\/v2\/media?parent=20956"}],"curies":[{"name":"wp","href":"https:\/\/api.w.org\/{rel}","templated":true}]}}