{"id":20940,"date":"2012-06-25T23:09:06","date_gmt":"2012-06-26T02:09:06","guid":{"rendered":"http:\/\/www.padreydecano.com\/cms\/?page_id=20940"},"modified":"2012-06-25T23:11:35","modified_gmt":"2012-06-26T02:11:35","slug":"leonardo-crossley","status":"publish","type":"page","link":"https:\/\/www.padreydecano.com\/cms\/idolos\/leonardo-crossley\/","title":{"rendered":"Leonardo Crossley"},"content":{"rendered":"<p style=\"text-align: justify;\"><a href=\"https:\/\/www.padreydecano.com\/cms\/wp-content\/uploads\/2012\/06\/crossley.jpg\" rel=\"shadowbox[sbpost-20940];player=img;\"><img loading=\"lazy\" decoding=\"async\" class=\"alignright  wp-image-25074\" src=\"https:\/\/www.padreydecano.com\/cms\/wp-content\/uploads\/2012\/06\/crossley.jpg\" alt=\"\" width=\"200\" height=\"284\" srcset=\"https:\/\/www.padreydecano.com\/cms\/wp-content\/uploads\/2012\/06\/crossley.jpg 250w, https:\/\/www.padreydecano.com\/cms\/wp-content\/uploads\/2012\/06\/crossley-211x300.jpg 211w\" sizes=\"(max-width: 200px) 100vw, 200px\" \/><\/a>Este golero fue considerado como revolucionario en el f\u00fatbol uruguayo; el que<strong> marc\u00f3 un cambio sustancial entre los goleros de principios del siglo XX<\/strong>.\u00a0Leonardo Crossley, arquero del CURCC (Pe\u00f1arol), <strong>lleg\u00f3 a Montevideo en 1908.\u00a0<\/strong>Ciudadano ingl\u00e9s, hab\u00eda jugado al f\u00fatbol en su pa\u00eds y fue contratado por la \u201cCentral Uruguay Railway\u201d (empresa de ferrocarriles) como t\u00e9cnico en administraci\u00f3n.<\/p>\n<p style=\"text-align: justify;\">En Inglaterra hab\u00eda sido jugador en la segunda divisi\u00f3n del Everton londinense pero fue descartado porque consideraban que para jugar en la primera divisi\u00f3n del club, necesitaba diez cent\u00edmetros m\u00e1s en su estatura. Tras el ofrecimiento de venir a Am\u00e9rica a trabajar, concretamente a Buenos Aires, Crossley dej\u00f3 atr\u00e1s sus sue\u00f1os de arquero y emprendi\u00f3 viaje hacia nuestro continente.<\/p>\n<p style=\"text-align: justify;\"><span style=\"color: #ffcc02;\"><strong>En Montevideo comenz\u00f3 todo<\/strong><\/span><\/p>\n<p style=\"text-align: justify;\">Luego de Argentina, es trasladado a Montevideo por la compa\u00f1\u00eda. Aqu\u00ed se encontr\u00f3 con la grata sorpresa que la empresa hab\u00eda creado un equipo de f\u00fatbol, el CURCC.\u00a0Al observar los arqueros, Crossley vio que aquellos colegas solo rechazaban las pelotas con los pu\u00f1os o los pies y pasaban esquivando las duras embestidas de los potentes delanteros que eran capaces de meterlos con pelota y todo dentro del arco.<\/p>\n<p style=\"text-align: justify;\">No bien comenz\u00f3 a jugar, Leonardo Crossley fue llamativo para todos, ya que <strong>mostr\u00f3 una nueva y eficiente t\u00e9cnica, hasta entonces desconocida en estas latitudes.\u00a0<\/strong>Crossley no alejaba casi nunca la pelota como los dem\u00e1s arqueros. El ingl\u00e9s reten\u00eda el bal\u00f3n entre sus manos y como agregado la \u201csacaba jugando\u201d, es decir, pasaba de la defensa a un ataque r\u00e1pido coloc\u00e1ndola con buena direcci\u00f3n hacia alguno de sus compa\u00f1eros. Cambi\u00f3 radicalmente aquel saque violento del arquero que alejaba el bal\u00f3n con destino incierto y que significaba adem\u00e1s pegarle con los pu\u00f1os o los pies hacia donde cayera.<\/p>\n<p style=\"text-align: justify;\"><span style=\"color: #ffcc02;\"><strong>Su t\u00e9cnica<\/strong><\/span><\/p>\n<p style=\"text-align: justify;\">Aquella novedosa t\u00e9cnica de Crossley, ten\u00eda riesgos y complicaciones. Predominaba todav\u00eda el f\u00fatbol ingl\u00e9s de choques y embestidas y aquel golero t\u00e9cnico era una tentaci\u00f3n para todos los delanteros de entonces.\u00a0Al emplear sus manos conteniendo la pelota, \u00e9ste les obligaba a tener mayor habilidad en sus entradas, lo que se fue transformando en un ataque m\u00e1s t\u00e9cnico y no solo de embestida.<\/p>\n<p style=\"text-align: justify;\">Lo cierto es que la evoluci\u00f3n que mostraba Crossley en el arco, se extendi\u00f3 de inmediato hacia otros arqueros que lo comenzaron a imitar en su t\u00e9cnica por resultados en el marcador y tambi\u00e9n por razones de supervivencia.<\/p>\n<p style=\"text-align: justify;\">Una lejana an\u00e9cdota cuenta que en un partido del CURCC (Pe\u00f1arol) contra el Teutonia (ex Deustcher), se lleg\u00f3 a difundir que Crossley luego de un encontronazo con un atacante hab\u00eda fallecido, pero esto no fue as\u00ed, Crossley sigui\u00f3 controlando balones por mucho tiempo m\u00e1s. La cr\u00f3nica de \u00e9poca dec\u00eda textualmente: \u201cel caballeresco arquero brit\u00e1nico Leonardo Crossley del CURCC falleci\u00f3 luego de una embestida de un centrodelantero del Teutonia\u201d.<\/p>\n<p style=\"text-align: justify;\"><span style=\"color: #ffcc02;\"><strong>Por diez centimetros&#8230;<\/strong><\/span><\/p>\n<p style=\"text-align: justify;\">Seg\u00fan lo narrado por Jos\u00e9 L. Buzzetti en su \u201cCr\u00f3nica y comentario del Club A. Pe\u00f1arol\u201d, Crossley dec\u00eda: <strong>\u201cEstoy aqu\u00ed en Uruguay por diez cent\u00edmetros. Yo jugaba en segunda divisi\u00f3n profesional en Londres y un s\u00e1bado despu\u00e9s de un match, se me aperson\u00f3 un caballero de galera de felpa y me expres\u00f3: lo felicito por su juego y lamento que no tenga usted diez cent\u00edmetros m\u00e1s de altura pues debutar\u00eda inmediatamente en la primera divisi\u00f3n del gran Everton\u201d<\/strong>.\u00a0Contin\u00faa diciendo en su cr\u00f3nica Buzzetti: <strong>\u201cCrossley perdi\u00f3 de jugar en el Everton y el Uruguay pudo consagrar a su mejor golero\u201d.<\/strong><\/p>\n<p style=\"text-align: justify;\">En definitiva, Leonardo Crossley, se\u00f1or ingl\u00e9s, t\u00e9cnico en administraci\u00f3n del ferrocarril fue el responsable de transformar la t\u00e9cnica de los goleros de este pa\u00eds.<\/p>\n<p style=\"text-align: justify;\"><span style=\"color: #ffcc02;\"><strong>Los se\u00f1ores del arco (C\u00e9sar Groba)<\/strong><\/span><\/p>\n","protected":false},"excerpt":{"rendered":"<p>Este golero fue considerado como revolucionario en el f\u00fatbol uruguayo; el que marc\u00f3 un cambio sustancial entre los goleros de principios del siglo XX.\u00a0Leonardo Crossley, arquero del CURCC (Pe\u00f1arol), lleg\u00f3 a Montevideo en 1908.\u00a0Ciudadano ingl\u00e9s, hab\u00eda jugado al f\u00fatbol en su pa\u00eds y fue contratado por la \u201cCentral Uruguay Railway\u201d (empresa de ferrocarriles) como t\u00e9cnico [&hellip;]<\/p>\n","protected":false},"author":13,"featured_media":0,"parent":69,"menu_order":30,"comment_status":"open","ping_status":"open","template":"","meta":{"footnotes":""},"yoast_head":"<!-- This site is optimized with the Yoast SEO plugin v23.2 - https:\/\/yoast.com\/wordpress\/plugins\/seo\/ -->\n<title>Leonardo Crossley - Padre y Decano - El Sitio del Pueblo<\/title>\n<meta name=\"robots\" content=\"index, follow, max-snippet:-1, max-image-preview:large, max-video-preview:-1\" \/>\n<link rel=\"canonical\" href=\"https:\/\/www.padreydecano.com\/cms\/idolos\/leonardo-crossley\/\" \/>\n<meta property=\"og:locale\" content=\"es_ES\" \/>\n<meta property=\"og:type\" content=\"article\" \/>\n<meta property=\"og:title\" content=\"Leonardo Crossley - Padre y Decano - El Sitio del Pueblo\" \/>\n<meta property=\"og:description\" content=\"Este golero fue considerado como revolucionario en el f\u00fatbol uruguayo; el que marc\u00f3 un cambio sustancial entre los goleros de principios del siglo XX.\u00a0Leonardo Crossley, arquero del CURCC (Pe\u00f1arol), lleg\u00f3 a Montevideo en 1908.\u00a0Ciudadano ingl\u00e9s, hab\u00eda jugado al f\u00fatbol en su pa\u00eds y fue contratado por la \u201cCentral Uruguay Railway\u201d (empresa de ferrocarriles) como t\u00e9cnico [&hellip;]\" \/>\n<meta property=\"og:url\" content=\"https:\/\/www.padreydecano.com\/cms\/idolos\/leonardo-crossley\/\" \/>\n<meta property=\"og:site_name\" content=\"Padre y Decano - El Sitio del Pueblo\" \/>\n<meta property=\"article:modified_time\" content=\"2012-06-26T02:11:35+00:00\" \/>\n<meta property=\"og:image\" content=\"http:\/\/www.padreydecano.com\/cms\/wp-content\/uploads\/2012\/06\/crossley.jpg\" \/>\n<meta name=\"twitter:card\" content=\"summary_large_image\" \/>\n<meta name=\"twitter:label1\" content=\"Tiempo de lectura\" \/>\n\t<meta name=\"twitter:data1\" content=\"3 minutos\" \/>\n<script type=\"application\/ld+json\" class=\"yoast-schema-graph\">{\"@context\":\"https:\/\/schema.org\",\"@graph\":[{\"@type\":\"WebPage\",\"@id\":\"https:\/\/www.padreydecano.com\/cms\/idolos\/leonardo-crossley\/\",\"url\":\"https:\/\/www.padreydecano.com\/cms\/idolos\/leonardo-crossley\/\",\"name\":\"Leonardo Crossley - Padre y Decano - El Sitio del Pueblo\",\"isPartOf\":{\"@id\":\"https:\/\/www.padreydecano.com\/cms\/#website\"},\"primaryImageOfPage\":{\"@id\":\"https:\/\/www.padreydecano.com\/cms\/idolos\/leonardo-crossley\/#primaryimage\"},\"image\":{\"@id\":\"https:\/\/www.padreydecano.com\/cms\/idolos\/leonardo-crossley\/#primaryimage\"},\"thumbnailUrl\":\"http:\/\/www.padreydecano.com\/cms\/wp-content\/uploads\/2012\/06\/crossley.jpg\",\"datePublished\":\"2012-06-26T02:09:06+00:00\",\"dateModified\":\"2012-06-26T02:11:35+00:00\",\"breadcrumb\":{\"@id\":\"https:\/\/www.padreydecano.com\/cms\/idolos\/leonardo-crossley\/#breadcrumb\"},\"inLanguage\":\"es\",\"potentialAction\":[{\"@type\":\"ReadAction\",\"target\":[\"https:\/\/www.padreydecano.com\/cms\/idolos\/leonardo-crossley\/\"]}]},{\"@type\":\"ImageObject\",\"inLanguage\":\"es\",\"@id\":\"https:\/\/www.padreydecano.com\/cms\/idolos\/leonardo-crossley\/#primaryimage\",\"url\":\"http:\/\/www.padreydecano.com\/cms\/wp-content\/uploads\/2012\/06\/crossley.jpg\",\"contentUrl\":\"http:\/\/www.padreydecano.com\/cms\/wp-content\/uploads\/2012\/06\/crossley.jpg\"},{\"@type\":\"BreadcrumbList\",\"@id\":\"https:\/\/www.padreydecano.com\/cms\/idolos\/leonardo-crossley\/#breadcrumb\",\"itemListElement\":[{\"@type\":\"ListItem\",\"position\":1,\"name\":\"Portada\",\"item\":\"https:\/\/www.padreydecano.com\/cms\/\"},{\"@type\":\"ListItem\",\"position\":2,\"name\":\"\u00cddolos\",\"item\":\"https:\/\/www.padreydecano.com\/cms\/idolos\/\"},{\"@type\":\"ListItem\",\"position\":3,\"name\":\"Leonardo Crossley\"}]},{\"@type\":\"WebSite\",\"@id\":\"https:\/\/www.padreydecano.com\/cms\/#website\",\"url\":\"https:\/\/www.padreydecano.com\/cms\/\",\"name\":\"Padre y Decano - El Sitio del Pueblo\",\"description\":\"Club Atl\u00e9tico Pe\u00f1arol\",\"publisher\":{\"@id\":\"https:\/\/www.padreydecano.com\/cms\/#organization\"},\"potentialAction\":[{\"@type\":\"SearchAction\",\"target\":{\"@type\":\"EntryPoint\",\"urlTemplate\":\"https:\/\/www.padreydecano.com\/cms\/?s={search_term_string}\"},\"query-input\":\"required name=search_term_string\"}],\"inLanguage\":\"es\"},{\"@type\":\"Organization\",\"@id\":\"https:\/\/www.padreydecano.com\/cms\/#organization\",\"name\":\"Padre y Decano\",\"url\":\"https:\/\/www.padreydecano.com\/cms\/\",\"logo\":{\"@type\":\"ImageObject\",\"inLanguage\":\"es\",\"@id\":\"https:\/\/www.padreydecano.com\/cms\/#\/schema\/logo\/image\/\",\"url\":\"https:\/\/www.padreydecano.com\/cms\/wp-content\/uploads\/2022\/01\/avatar-square.png\",\"contentUrl\":\"https:\/\/www.padreydecano.com\/cms\/wp-content\/uploads\/2022\/01\/avatar-square.png\",\"width\":1500,\"height\":1500,\"caption\":\"Padre y Decano\"},\"image\":{\"@id\":\"https:\/\/www.padreydecano.com\/cms\/#\/schema\/logo\/image\/\"}}]}<\/script>\n<!-- \/ Yoast SEO plugin. -->","yoast_head_json":{"title":"Leonardo Crossley - Padre y Decano - El Sitio del Pueblo","robots":{"index":"index","follow":"follow","max-snippet":"max-snippet:-1","max-image-preview":"max-image-preview:large","max-video-preview":"max-video-preview:-1"},"canonical":"https:\/\/www.padreydecano.com\/cms\/idolos\/leonardo-crossley\/","og_locale":"es_ES","og_type":"article","og_title":"Leonardo Crossley - Padre y Decano - El Sitio del Pueblo","og_description":"Este golero fue considerado como revolucionario en el f\u00fatbol uruguayo; el que marc\u00f3 un cambio sustancial entre los goleros de principios del siglo XX.\u00a0Leonardo Crossley, arquero del CURCC (Pe\u00f1arol), lleg\u00f3 a Montevideo en 1908.\u00a0Ciudadano ingl\u00e9s, hab\u00eda jugado al f\u00fatbol en su pa\u00eds y fue contratado por la \u201cCentral Uruguay Railway\u201d (empresa de ferrocarriles) como t\u00e9cnico [&hellip;]","og_url":"https:\/\/www.padreydecano.com\/cms\/idolos\/leonardo-crossley\/","og_site_name":"Padre y Decano - El Sitio del Pueblo","article_modified_time":"2012-06-26T02:11:35+00:00","og_image":[{"url":"http:\/\/www.padreydecano.com\/cms\/wp-content\/uploads\/2012\/06\/crossley.jpg"}],"twitter_card":"summary_large_image","twitter_misc":{"Tiempo de lectura":"3 minutos"},"schema":{"@context":"https:\/\/schema.org","@graph":[{"@type":"WebPage","@id":"https:\/\/www.padreydecano.com\/cms\/idolos\/leonardo-crossley\/","url":"https:\/\/www.padreydecano.com\/cms\/idolos\/leonardo-crossley\/","name":"Leonardo Crossley - Padre y Decano - El Sitio del Pueblo","isPartOf":{"@id":"https:\/\/www.padreydecano.com\/cms\/#website"},"primaryImageOfPage":{"@id":"https:\/\/www.padreydecano.com\/cms\/idolos\/leonardo-crossley\/#primaryimage"},"image":{"@id":"https:\/\/www.padreydecano.com\/cms\/idolos\/leonardo-crossley\/#primaryimage"},"thumbnailUrl":"http:\/\/www.padreydecano.com\/cms\/wp-content\/uploads\/2012\/06\/crossley.jpg","datePublished":"2012-06-26T02:09:06+00:00","dateModified":"2012-06-26T02:11:35+00:00","breadcrumb":{"@id":"https:\/\/www.padreydecano.com\/cms\/idolos\/leonardo-crossley\/#breadcrumb"},"inLanguage":"es","potentialAction":[{"@type":"ReadAction","target":["https:\/\/www.padreydecano.com\/cms\/idolos\/leonardo-crossley\/"]}]},{"@type":"ImageObject","inLanguage":"es","@id":"https:\/\/www.padreydecano.com\/cms\/idolos\/leonardo-crossley\/#primaryimage","url":"http:\/\/www.padreydecano.com\/cms\/wp-content\/uploads\/2012\/06\/crossley.jpg","contentUrl":"http:\/\/www.padreydecano.com\/cms\/wp-content\/uploads\/2012\/06\/crossley.jpg"},{"@type":"BreadcrumbList","@id":"https:\/\/www.padreydecano.com\/cms\/idolos\/leonardo-crossley\/#breadcrumb","itemListElement":[{"@type":"ListItem","position":1,"name":"Portada","item":"https:\/\/www.padreydecano.com\/cms\/"},{"@type":"ListItem","position":2,"name":"\u00cddolos","item":"https:\/\/www.padreydecano.com\/cms\/idolos\/"},{"@type":"ListItem","position":3,"name":"Leonardo Crossley"}]},{"@type":"WebSite","@id":"https:\/\/www.padreydecano.com\/cms\/#website","url":"https:\/\/www.padreydecano.com\/cms\/","name":"Padre y Decano - El Sitio del Pueblo","description":"Club Atl\u00e9tico Pe\u00f1arol","publisher":{"@id":"https:\/\/www.padreydecano.com\/cms\/#organization"},"potentialAction":[{"@type":"SearchAction","target":{"@type":"EntryPoint","urlTemplate":"https:\/\/www.padreydecano.com\/cms\/?s={search_term_string}"},"query-input":"required name=search_term_string"}],"inLanguage":"es"},{"@type":"Organization","@id":"https:\/\/www.padreydecano.com\/cms\/#organization","name":"Padre y Decano","url":"https:\/\/www.padreydecano.com\/cms\/","logo":{"@type":"ImageObject","inLanguage":"es","@id":"https:\/\/www.padreydecano.com\/cms\/#\/schema\/logo\/image\/","url":"https:\/\/www.padreydecano.com\/cms\/wp-content\/uploads\/2022\/01\/avatar-square.png","contentUrl":"https:\/\/www.padreydecano.com\/cms\/wp-content\/uploads\/2022\/01\/avatar-square.png","width":1500,"height":1500,"caption":"Padre y Decano"},"image":{"@id":"https:\/\/www.padreydecano.com\/cms\/#\/schema\/logo\/image\/"}}]}},"_links":{"self":[{"href":"https:\/\/www.padreydecano.com\/cms\/wp-json\/wp\/v2\/pages\/20940"}],"collection":[{"href":"https:\/\/www.padreydecano.com\/cms\/wp-json\/wp\/v2\/pages"}],"about":[{"href":"https:\/\/www.padreydecano.com\/cms\/wp-json\/wp\/v2\/types\/page"}],"author":[{"embeddable":true,"href":"https:\/\/www.padreydecano.com\/cms\/wp-json\/wp\/v2\/users\/13"}],"replies":[{"embeddable":true,"href":"https:\/\/www.padreydecano.com\/cms\/wp-json\/wp\/v2\/comments?post=20940"}],"version-history":[{"count":0,"href":"https:\/\/www.padreydecano.com\/cms\/wp-json\/wp\/v2\/pages\/20940\/revisions"}],"up":[{"embeddable":true,"href":"https:\/\/www.padreydecano.com\/cms\/wp-json\/wp\/v2\/pages\/69"}],"wp:attachment":[{"href":"https:\/\/www.padreydecano.com\/cms\/wp-json\/wp\/v2\/media?parent=20940"}],"curies":[{"name":"wp","href":"https:\/\/api.w.org\/{rel}","templated":true}]}}