{"id":19625,"date":"2012-03-14T23:08:31","date_gmt":"2012-03-15T02:08:31","guid":{"rendered":"http:\/\/www.padreydecano.com\/cms\/?page_id=19625"},"modified":"2012-03-14T23:08:31","modified_gmt":"2012-03-15T02:08:31","slug":"la-mayor-goleada-de-la-copa-libertadores","status":"publish","type":"page","link":"https:\/\/www.padreydecano.com\/cms\/el-baul-de-los-recuerdos\/la-mayor-goleada-de-la-copa-libertadores\/","title":{"rendered":"La mayor goleada de la Copa Libertadores"},"content":{"rendered":"<div id=\"attachment_19683\" style=\"width: 132px\" class=\"wp-caption alignleft\"><img loading=\"lazy\" decoding=\"async\" aria-describedby=\"caption-attachment-19683\" class=\" wp-image-19683 \" src=\"https:\/\/www.padreydecano.com\/cms\/wp-content\/uploads\/2012\/03\/pedro-virgilio-rocha-249x300.jpg\" alt=\"\" width=\"122\" height=\"147\" srcset=\"https:\/\/www.padreydecano.com\/cms\/wp-content\/uploads\/2012\/03\/pedro-virgilio-rocha-249x300.jpg 249w, https:\/\/www.padreydecano.com\/cms\/wp-content\/uploads\/2012\/03\/pedro-virgilio-rocha.jpg 368w\" sizes=\"(max-width: 122px) 100vw, 122px\" \/><p id=\"caption-attachment-19683\" class=\"wp-caption-text\">Pedro Virgilio Rocha<\/p><\/div>\n<p style=\"text-align: justify;\">Pe\u00f1arol es due\u00f1o de varios records a nivel continental. Decir Copa Libertadores es decir Club Atl\u00e9tico Pe\u00f1arol, y desde los or\u00edgenes del torneo, ha habido una estrecha relaci\u00f3n. <strong>El 15 de marzo de 1970<\/strong> Pe\u00f1arol marc\u00f3 un record al apabullar al Valencia de Venezuela con un contundente <strong>11 a 2<\/strong>. En el marco del grupo 2, en el Estadio Centenario, aquella jornada quedar\u00e1 marcada en la historia por haber derrotado a los venezolanos por 9 goles de diferencia, habiendo anotado 11.<\/p>\n<div id=\"attachment_7631\" style=\"width: 152px\" class=\"wp-caption alignright\"><img loading=\"lazy\" decoding=\"async\" aria-describedby=\"caption-attachment-7631\" class=\" wp-image-7631\" src=\"https:\/\/www.padreydecano.com\/cms\/wp-content\/uploads\/2011\/11\/spencer-237x300.jpg\" alt=\"\" width=\"142\" height=\"180\" srcset=\"https:\/\/www.padreydecano.com\/cms\/wp-content\/uploads\/2011\/11\/spencer-237x300.jpg 237w, https:\/\/www.padreydecano.com\/cms\/wp-content\/uploads\/2011\/11\/spencer.jpg 396w\" sizes=\"(max-width: 142px) 100vw, 142px\" \/><p id=\"caption-attachment-7631\" class=\"wp-caption-text\">Alberto Spencer<\/p><\/div>\n<p style=\"text-align: justify;\">Aquel d\u00eda, Pe\u00f1arol form\u00f3 con <strong>Ladislao Mazurkiewicz, Pablo Forl\u00e1n, El\u00edas Ricardo Figueroa, Roberto Matosas, Alberto Mart\u00ednez, Pedro Virgilio Rocha, Alfredo Lamas, Ermindo Onega, Nilo Acu\u00f1a, Alberto Spencer y Julio Losada.<\/strong> Los goles fueron anotados por Rocha en 3 oportunidades, Spencer 2, Losada 2, Onega 2, C\u00e1ceres y Acu\u00f1a.<\/p>\n<p style=\"text-align: justify;\">En El Observador del 18 de setiembre de 2010, se hace referencia de la siguiente manera:<\/p>\n<p style=\"text-align: justify;\">Pablo Forl\u00e1n particip\u00f3 de la goleada hist\u00f3rica de Pe\u00f1arol 11 a 2 a\u00a0Valencia de Venezuela en 1970.\u00a0El ex defensa dijo a El Observador:\u00a0<em>\u201cUno sigue jugando y el ir anotando goles te va llevando. Lo que\u00a0pasa es que para atr\u00e1s no pod\u00e9s\u00a0jugar. No pod\u00e9s tirar la pelota afuera\u201d. Sobre las charlas expres\u00f3: \u201cHay\u00a0partidos donde el rival te dice: \u2018Yo\u00a0creo que ya est\u00e1 bien\u2019, pero cuando te das cuenta de que el rival est\u00e1 vencido (&#8230;) a veces te acerc\u00e1s al arco y\u00a0son tantas las posibilidades que\u00a0no la pod\u00e9s tirar al lateral\u201d.<\/em><\/p>\n<p style=\"text-align: justify;\">La serie en esa copa fue sorteada sin problemas en conjunto con nuestro tradicional rival, y en segunda fase dejamos por el camino a Guaran\u00ed y Liga de Quito para meternos en semifinales. El rival de turno fue Universidad de Chile, el cual pudimos superar luego de 3 partidos. En las finales nos cruzamos con el duro equipo de Estudiantes de La Plata que se consagr\u00f3 campe\u00f3n luego de dos choques dur\u00edsimos donde los equipos se sacaron muy poca diferencia. En la ida triunfaron los pincharratas por 1 a 0 en La Plata, y en la vuelta disputada en Montevideo se dio un 0 a 0.<\/p>\n<p style=\"text-align: justify;\">Al a\u00f1o siguiente, Pe\u00f1arol volver\u00eda a repetir la diferencia de goles, aplastando al The Strongest boliviano por <strong>9 a 0<\/strong>, aunque sin poder alcanzar la cifra de 11 goles a favor.<\/p>\n<p style=\"text-align: center;\"><img loading=\"lazy\" decoding=\"async\" class=\"wp-image-19749 aligncenter\" src=\"https:\/\/www.padreydecano.com\/cms\/wp-content\/uploads\/2012\/03\/wallpaper-11-a-2.jpg\" alt=\"\" width=\"571\" height=\"380\" srcset=\"https:\/\/www.padreydecano.com\/cms\/wp-content\/uploads\/2012\/03\/wallpaper-11-a-2.jpg 900w, https:\/\/www.padreydecano.com\/cms\/wp-content\/uploads\/2012\/03\/wallpaper-11-a-2-300x200.jpg 300w\" sizes=\"(max-width: 571px) 100vw, 571px\" \/><\/p>\n","protected":false},"excerpt":{"rendered":"<p>Pe\u00f1arol es due\u00f1o de varios records a nivel continental. Decir Copa Libertadores es decir Club Atl\u00e9tico Pe\u00f1arol, y desde los or\u00edgenes del torneo, ha habido una estrecha relaci\u00f3n. El 15 de marzo de 1970 Pe\u00f1arol marc\u00f3 un record al apabullar al Valencia de Venezuela con un contundente 11 a 2. En el marco del grupo [&hellip;]<\/p>\n","protected":false},"author":13,"featured_media":0,"parent":13741,"menu_order":8,"comment_status":"open","ping_status":"open","template":"","meta":{"footnotes":""},"yoast_head":"<!-- This site is optimized with the Yoast SEO plugin v23.2 - https:\/\/yoast.com\/wordpress\/plugins\/seo\/ -->\n<title>La mayor goleada de la Copa Libertadores - Padre y Decano - El Sitio del Pueblo<\/title>\n<meta name=\"robots\" content=\"index, follow, max-snippet:-1, max-image-preview:large, max-video-preview:-1\" \/>\n<link rel=\"canonical\" href=\"https:\/\/www.padreydecano.com\/cms\/el-baul-de-los-recuerdos\/la-mayor-goleada-de-la-copa-libertadores\/\" \/>\n<meta property=\"og:locale\" content=\"es_ES\" \/>\n<meta property=\"og:type\" content=\"article\" \/>\n<meta property=\"og:title\" content=\"La mayor goleada de la Copa Libertadores - Padre y Decano - El Sitio del Pueblo\" \/>\n<meta property=\"og:description\" content=\"Pe\u00f1arol es due\u00f1o de varios records a nivel continental. Decir Copa Libertadores es decir Club Atl\u00e9tico Pe\u00f1arol, y desde los or\u00edgenes del torneo, ha habido una estrecha relaci\u00f3n. El 15 de marzo de 1970 Pe\u00f1arol marc\u00f3 un record al apabullar al Valencia de Venezuela con un contundente 11 a 2. En el marco del grupo [&hellip;]\" \/>\n<meta property=\"og:url\" content=\"https:\/\/www.padreydecano.com\/cms\/el-baul-de-los-recuerdos\/la-mayor-goleada-de-la-copa-libertadores\/\" \/>\n<meta property=\"og:site_name\" content=\"Padre y Decano - El Sitio del Pueblo\" \/>\n<meta property=\"og:image\" content=\"http:\/\/www.padreydecano.com\/cms\/wp-content\/uploads\/2012\/03\/pedro-virgilio-rocha-249x300.jpg\" \/>\n<meta name=\"twitter:card\" content=\"summary_large_image\" \/>\n<meta name=\"twitter:label1\" content=\"Tiempo de lectura\" \/>\n\t<meta name=\"twitter:data1\" content=\"2 minutos\" \/>\n<script type=\"application\/ld+json\" class=\"yoast-schema-graph\">{\"@context\":\"https:\/\/schema.org\",\"@graph\":[{\"@type\":\"WebPage\",\"@id\":\"https:\/\/www.padreydecano.com\/cms\/el-baul-de-los-recuerdos\/la-mayor-goleada-de-la-copa-libertadores\/\",\"url\":\"https:\/\/www.padreydecano.com\/cms\/el-baul-de-los-recuerdos\/la-mayor-goleada-de-la-copa-libertadores\/\",\"name\":\"La mayor goleada de la Copa Libertadores - Padre y Decano - El Sitio del Pueblo\",\"isPartOf\":{\"@id\":\"https:\/\/www.padreydecano.com\/cms\/#website\"},\"primaryImageOfPage\":{\"@id\":\"https:\/\/www.padreydecano.com\/cms\/el-baul-de-los-recuerdos\/la-mayor-goleada-de-la-copa-libertadores\/#primaryimage\"},\"image\":{\"@id\":\"https:\/\/www.padreydecano.com\/cms\/el-baul-de-los-recuerdos\/la-mayor-goleada-de-la-copa-libertadores\/#primaryimage\"},\"thumbnailUrl\":\"http:\/\/www.padreydecano.com\/cms\/wp-content\/uploads\/2012\/03\/pedro-virgilio-rocha-249x300.jpg\",\"datePublished\":\"2012-03-15T02:08:31+00:00\",\"dateModified\":\"2012-03-15T02:08:31+00:00\",\"breadcrumb\":{\"@id\":\"https:\/\/www.padreydecano.com\/cms\/el-baul-de-los-recuerdos\/la-mayor-goleada-de-la-copa-libertadores\/#breadcrumb\"},\"inLanguage\":\"es\",\"potentialAction\":[{\"@type\":\"ReadAction\",\"target\":[\"https:\/\/www.padreydecano.com\/cms\/el-baul-de-los-recuerdos\/la-mayor-goleada-de-la-copa-libertadores\/\"]}]},{\"@type\":\"ImageObject\",\"inLanguage\":\"es\",\"@id\":\"https:\/\/www.padreydecano.com\/cms\/el-baul-de-los-recuerdos\/la-mayor-goleada-de-la-copa-libertadores\/#primaryimage\",\"url\":\"http:\/\/www.padreydecano.com\/cms\/wp-content\/uploads\/2012\/03\/pedro-virgilio-rocha-249x300.jpg\",\"contentUrl\":\"http:\/\/www.padreydecano.com\/cms\/wp-content\/uploads\/2012\/03\/pedro-virgilio-rocha-249x300.jpg\"},{\"@type\":\"BreadcrumbList\",\"@id\":\"https:\/\/www.padreydecano.com\/cms\/el-baul-de-los-recuerdos\/la-mayor-goleada-de-la-copa-libertadores\/#breadcrumb\",\"itemListElement\":[{\"@type\":\"ListItem\",\"position\":1,\"name\":\"Portada\",\"item\":\"https:\/\/www.padreydecano.com\/cms\/\"},{\"@type\":\"ListItem\",\"position\":2,\"name\":\"El Ba\u00fal de los Recuerdos\",\"item\":\"https:\/\/www.padreydecano.com\/cms\/el-baul-de-los-recuerdos\/\"},{\"@type\":\"ListItem\",\"position\":3,\"name\":\"La mayor goleada de la Copa Libertadores\"}]},{\"@type\":\"WebSite\",\"@id\":\"https:\/\/www.padreydecano.com\/cms\/#website\",\"url\":\"https:\/\/www.padreydecano.com\/cms\/\",\"name\":\"Padre y Decano - El Sitio del Pueblo\",\"description\":\"Club Atl\u00e9tico Pe\u00f1arol\",\"publisher\":{\"@id\":\"https:\/\/www.padreydecano.com\/cms\/#organization\"},\"potentialAction\":[{\"@type\":\"SearchAction\",\"target\":{\"@type\":\"EntryPoint\",\"urlTemplate\":\"https:\/\/www.padreydecano.com\/cms\/?s={search_term_string}\"},\"query-input\":\"required name=search_term_string\"}],\"inLanguage\":\"es\"},{\"@type\":\"Organization\",\"@id\":\"https:\/\/www.padreydecano.com\/cms\/#organization\",\"name\":\"Padre y Decano\",\"url\":\"https:\/\/www.padreydecano.com\/cms\/\",\"logo\":{\"@type\":\"ImageObject\",\"inLanguage\":\"es\",\"@id\":\"https:\/\/www.padreydecano.com\/cms\/#\/schema\/logo\/image\/\",\"url\":\"https:\/\/www.padreydecano.com\/cms\/wp-content\/uploads\/2022\/01\/avatar-square.png\",\"contentUrl\":\"https:\/\/www.padreydecano.com\/cms\/wp-content\/uploads\/2022\/01\/avatar-square.png\",\"width\":1500,\"height\":1500,\"caption\":\"Padre y Decano\"},\"image\":{\"@id\":\"https:\/\/www.padreydecano.com\/cms\/#\/schema\/logo\/image\/\"}}]}<\/script>\n<!-- \/ Yoast SEO plugin. -->","yoast_head_json":{"title":"La mayor goleada de la Copa Libertadores - Padre y Decano - El Sitio del Pueblo","robots":{"index":"index","follow":"follow","max-snippet":"max-snippet:-1","max-image-preview":"max-image-preview:large","max-video-preview":"max-video-preview:-1"},"canonical":"https:\/\/www.padreydecano.com\/cms\/el-baul-de-los-recuerdos\/la-mayor-goleada-de-la-copa-libertadores\/","og_locale":"es_ES","og_type":"article","og_title":"La mayor goleada de la Copa Libertadores - Padre y Decano - El Sitio del Pueblo","og_description":"Pe\u00f1arol es due\u00f1o de varios records a nivel continental. Decir Copa Libertadores es decir Club Atl\u00e9tico Pe\u00f1arol, y desde los or\u00edgenes del torneo, ha habido una estrecha relaci\u00f3n. El 15 de marzo de 1970 Pe\u00f1arol marc\u00f3 un record al apabullar al Valencia de Venezuela con un contundente 11 a 2. En el marco del grupo [&hellip;]","og_url":"https:\/\/www.padreydecano.com\/cms\/el-baul-de-los-recuerdos\/la-mayor-goleada-de-la-copa-libertadores\/","og_site_name":"Padre y Decano - El Sitio del Pueblo","og_image":[{"url":"http:\/\/www.padreydecano.com\/cms\/wp-content\/uploads\/2012\/03\/pedro-virgilio-rocha-249x300.jpg"}],"twitter_card":"summary_large_image","twitter_misc":{"Tiempo de lectura":"2 minutos"},"schema":{"@context":"https:\/\/schema.org","@graph":[{"@type":"WebPage","@id":"https:\/\/www.padreydecano.com\/cms\/el-baul-de-los-recuerdos\/la-mayor-goleada-de-la-copa-libertadores\/","url":"https:\/\/www.padreydecano.com\/cms\/el-baul-de-los-recuerdos\/la-mayor-goleada-de-la-copa-libertadores\/","name":"La mayor goleada de la Copa Libertadores - Padre y Decano - El Sitio del Pueblo","isPartOf":{"@id":"https:\/\/www.padreydecano.com\/cms\/#website"},"primaryImageOfPage":{"@id":"https:\/\/www.padreydecano.com\/cms\/el-baul-de-los-recuerdos\/la-mayor-goleada-de-la-copa-libertadores\/#primaryimage"},"image":{"@id":"https:\/\/www.padreydecano.com\/cms\/el-baul-de-los-recuerdos\/la-mayor-goleada-de-la-copa-libertadores\/#primaryimage"},"thumbnailUrl":"http:\/\/www.padreydecano.com\/cms\/wp-content\/uploads\/2012\/03\/pedro-virgilio-rocha-249x300.jpg","datePublished":"2012-03-15T02:08:31+00:00","dateModified":"2012-03-15T02:08:31+00:00","breadcrumb":{"@id":"https:\/\/www.padreydecano.com\/cms\/el-baul-de-los-recuerdos\/la-mayor-goleada-de-la-copa-libertadores\/#breadcrumb"},"inLanguage":"es","potentialAction":[{"@type":"ReadAction","target":["https:\/\/www.padreydecano.com\/cms\/el-baul-de-los-recuerdos\/la-mayor-goleada-de-la-copa-libertadores\/"]}]},{"@type":"ImageObject","inLanguage":"es","@id":"https:\/\/www.padreydecano.com\/cms\/el-baul-de-los-recuerdos\/la-mayor-goleada-de-la-copa-libertadores\/#primaryimage","url":"http:\/\/www.padreydecano.com\/cms\/wp-content\/uploads\/2012\/03\/pedro-virgilio-rocha-249x300.jpg","contentUrl":"http:\/\/www.padreydecano.com\/cms\/wp-content\/uploads\/2012\/03\/pedro-virgilio-rocha-249x300.jpg"},{"@type":"BreadcrumbList","@id":"https:\/\/www.padreydecano.com\/cms\/el-baul-de-los-recuerdos\/la-mayor-goleada-de-la-copa-libertadores\/#breadcrumb","itemListElement":[{"@type":"ListItem","position":1,"name":"Portada","item":"https:\/\/www.padreydecano.com\/cms\/"},{"@type":"ListItem","position":2,"name":"El Ba\u00fal de los Recuerdos","item":"https:\/\/www.padreydecano.com\/cms\/el-baul-de-los-recuerdos\/"},{"@type":"ListItem","position":3,"name":"La mayor goleada de la Copa Libertadores"}]},{"@type":"WebSite","@id":"https:\/\/www.padreydecano.com\/cms\/#website","url":"https:\/\/www.padreydecano.com\/cms\/","name":"Padre y Decano - El Sitio del Pueblo","description":"Club Atl\u00e9tico Pe\u00f1arol","publisher":{"@id":"https:\/\/www.padreydecano.com\/cms\/#organization"},"potentialAction":[{"@type":"SearchAction","target":{"@type":"EntryPoint","urlTemplate":"https:\/\/www.padreydecano.com\/cms\/?s={search_term_string}"},"query-input":"required name=search_term_string"}],"inLanguage":"es"},{"@type":"Organization","@id":"https:\/\/www.padreydecano.com\/cms\/#organization","name":"Padre y Decano","url":"https:\/\/www.padreydecano.com\/cms\/","logo":{"@type":"ImageObject","inLanguage":"es","@id":"https:\/\/www.padreydecano.com\/cms\/#\/schema\/logo\/image\/","url":"https:\/\/www.padreydecano.com\/cms\/wp-content\/uploads\/2022\/01\/avatar-square.png","contentUrl":"https:\/\/www.padreydecano.com\/cms\/wp-content\/uploads\/2022\/01\/avatar-square.png","width":1500,"height":1500,"caption":"Padre y Decano"},"image":{"@id":"https:\/\/www.padreydecano.com\/cms\/#\/schema\/logo\/image\/"}}]}},"_links":{"self":[{"href":"https:\/\/www.padreydecano.com\/cms\/wp-json\/wp\/v2\/pages\/19625"}],"collection":[{"href":"https:\/\/www.padreydecano.com\/cms\/wp-json\/wp\/v2\/pages"}],"about":[{"href":"https:\/\/www.padreydecano.com\/cms\/wp-json\/wp\/v2\/types\/page"}],"author":[{"embeddable":true,"href":"https:\/\/www.padreydecano.com\/cms\/wp-json\/wp\/v2\/users\/13"}],"replies":[{"embeddable":true,"href":"https:\/\/www.padreydecano.com\/cms\/wp-json\/wp\/v2\/comments?post=19625"}],"version-history":[{"count":0,"href":"https:\/\/www.padreydecano.com\/cms\/wp-json\/wp\/v2\/pages\/19625\/revisions"}],"up":[{"embeddable":true,"href":"https:\/\/www.padreydecano.com\/cms\/wp-json\/wp\/v2\/pages\/13741"}],"wp:attachment":[{"href":"https:\/\/www.padreydecano.com\/cms\/wp-json\/wp\/v2\/media?parent=19625"}],"curies":[{"name":"wp","href":"https:\/\/api.w.org\/{rel}","templated":true}]}}