{"id":15167,"date":"2012-02-01T20:46:25","date_gmt":"2012-02-01T22:46:25","guid":{"rendered":"http:\/\/www.padreydecano.com\/cms\/?page_id=15167"},"modified":"2012-06-08T01:30:29","modified_gmt":"2012-06-08T04:30:29","slug":"a-morena-lo-traemos-todos","status":"publish","type":"page","link":"https:\/\/www.padreydecano.com\/cms\/el-baul-de-los-recuerdos\/a-morena-lo-traemos-todos\/","title":{"rendered":"\u00abA Morena lo traemos todos\u00bb"},"content":{"rendered":"<p style=\"text-align: justify;\"><a href=\"https:\/\/www.padreydecano.com\/cms\/wp-content\/uploads\/2012\/02\/campa\u00f1a_morena.jpg\" rel=\"shadowbox[sbpost-15167];player=img;\"><img loading=\"lazy\" decoding=\"async\" class=\"aligncenter  wp-image-15175\" src=\"https:\/\/www.padreydecano.com\/cms\/wp-content\/uploads\/2012\/02\/campa\u00f1a_morena.jpg\" alt=\"\" width=\"608\" height=\"348\" srcset=\"https:\/\/www.padreydecano.com\/cms\/wp-content\/uploads\/2012\/02\/campa\u00f1a_morena.jpg 953w, https:\/\/www.padreydecano.com\/cms\/wp-content\/uploads\/2012\/02\/campa\u00f1a_morena-300x171.jpg 300w\" sizes=\"(max-width: 608px) 100vw, 608px\" \/><\/a><br \/>\nLa hinchada de Pe\u00f1arol tiene en su haber haza\u00f1as que la engrandecen frente al resto, y que demuestran que es algo m\u00e1s que una parcialidad que acompa\u00f1a a un equipo a una cancha de f\u00fatbol. Pe\u00f1arol es Pueblo, una cualidad que asegura que cuando se propone algo, lo puede cumplir. Y as\u00ed es como, entre varios ejemplos, se encuentra la confecci\u00f3n de la <a title=\"La Bandera m\u00e1s Grande del Mundo\" href=\"https:\/\/www.padreydecano.com\/cms\/la-bandera-mas-grande-del-mundo\/\" target=\"_blank\">Bandera M\u00e1s Grande del Mundo<\/a> o la colecta para la construcci\u00f3n del <a title=\"Palacio Pe\u00f1arol\" href=\"https:\/\/www.padreydecano.com\/cms\/palacio-penarol\/\" target=\"_blank\">Palacio Pe\u00f1arol<\/a>. Pero deben de haber pocos casos en el mundo, por no decir el \u00fanico, en que una hinchada fue la protagonista al repatriar a un jugador y traerlo nuevamente al club de sus amores.<\/p>\n<p style=\"text-align: justify;\">Bajo el lema \u201cA Morena lo traemos todos\u201d, se organiz\u00f3 una colecta para recaudar fondos y poder pagar el pase de <strong><a href=\"https:\/\/www.padreydecano.com\/cms\/idolos\/fernando-morena\/\">Fernando Morena<\/a><\/strong>, que ten\u00eda un valor de 1 mill\u00f3n de d\u00f3lares:<\/p>\n<p style=\"text-align: center;\"><strong><a href=\"https:\/\/www.padreydecano.com\/cms\/wp-content\/uploads\/2012\/02\/a_morena_lo_traemos_todos.mp3\" rel=\"shadowbox[sbpost-15167];player=flv;width=500;height=0;\">[Escuch\u00e1 la canci\u00f3n]<\/a><\/strong><\/p>\n<p style=\"text-align: center;\"><em>A Morena lo traemos todos,<\/em><\/p>\n<p style=\"text-align: center;\"><em>Porque todos somos Pe\u00f1arol<\/em><\/p>\n<p style=\"text-align: center;\"><em>Una hinchada que se juega entera<\/em><\/p>\n<p style=\"text-align: center;\"><em>Por Morena el gran goleador.<\/em><\/p>\n<p style=\"text-align: center;\"><em>A Morena lo traemos todos,<\/em><\/p>\n<p style=\"text-align: center;\"><em>Porque todos somos Pe\u00f1arol<\/em><\/p>\n<p style=\"text-align: center;\"><em>Y le vamos a mostrar al mundo<\/em><\/p>\n<p style=\"text-align: center;\"><em>Que podemos, podemos,<\/em><\/p>\n<p style=\"text-align: center;\"><em>Podemos traer al Campe\u00f3n.<\/em><\/p>\n<p>La<strong>\u00a0Revista \u00abLa voz Pe\u00f1arolense\u00bb<\/strong> de 1981 hace esta cr\u00f3nica de la vuelta de Morena:<\/p>\n<p style=\"text-align: justify;\">Es bueno que se sepa: Fernando Morena, sin nadie que se lo pidiera, cedi\u00f3 posiciones para facilitar el pase. El extraordinario jugador, temible goleador y mejor persona, comprendi\u00f3 el cari\u00f1o y el sacrificio de su pueblo. Ese mismo pueblo que lo esperaba y acompa\u00f1\u00f3 en una multitudinaria caravana. La alegr\u00eda y la euforia se mezclaron con el llanto de la emoci\u00f3n, de los hinchas de Fernando.<\/p>\n<p style=\"text-align: justify;\">En el aeropuerto de Carrasco, cuando Morena se asom\u00f3 por el Boeing de Cruzeiro, los hinchas mirasoles estallaron en c\u00e1nticos y vivas, coreando sin cesar su nombre. Morena retribuy\u00f3 con su caracter\u00edstico saludo. Las gargantas enronquecieron.<\/p>\n<p style=\"text-align: justify;\">Se inici\u00f3 posteriormente la caravana hacia la AUF y despu\u00e9s al Palacio Pe\u00f1arol. Multitud de gente acompa\u00f1aba el trayecto del \u00eddolo. La gente se sumaba a la caravana. Otros desde las aceras saludaban al genial goleador y Fernando desde el auto que lo llevaba, retribu\u00eda parado, con los brazos en alto y visiblemente emocionado.<\/p>\n<p style=\"text-align: justify;\">Al pasar por el Parque Rivera, la caravana se detuvo. Los jugadores de Pe\u00f1arol estaban practicando ah\u00ed, y todos quer\u00edan saludar al gran Fernando. El primero en llegar fue Manolo Facal, seguido de \u00c1lvez, Paz y todos sin excepci\u00f3n se dirigieron para abrazar al gran compa\u00f1ero.<\/p>\n<p style=\"text-align: justify;\">Al llegar a la AUF se tuvo que cortar el tr\u00e1nsito. Impresionante cantidad de hinchas, se segu\u00edan sumando a la multitudinaria caravana. Pero la explosi\u00f3n mayor fue en el Palacio Pe\u00f1arol. C\u00e1nticos, emoci\u00f3n, alegr\u00eda\u2026PUEBLO. Fernando no pudo contener las l\u00e1grimas, como \u00e9l nos lo dijera:<\/p>\n<div style=\"float: right; margin: 0 0 0 5px;\">[youtubegallery]<br \/>\nJK4BnLNFSWw<br \/>\n[\/youtubegallery]<\/div>\n<p style=\"text-align: justify;\"><strong>\u201cYo s\u00e9 que Uds., la hinchada de Pe\u00f1arol, no me quiere ver llorar, pero la emoci\u00f3n enorme por este cari\u00f1o que me brindan es tan grande, que se me desprenden l\u00e1grimas de los ojos\u201d.<\/strong><\/p>\n<p style=\"text-align: justify;\">Posteriormente se dirigi\u00f3 a la conferencia de prensa, en la nueva sede, por la calle Magallanes. Nuevamente la ovaci\u00f3n. El pueblo gritaba sin cesar su nombre. Primero habl\u00f3 Washington Cataldi, luego Fernando.<\/p>\n<p style=\"text-align: justify;\">Al terminar la conferencia, Morena fue trasladado a otro sector de la Sede. La hinchada segu\u00eda igualmente a \u201cpie firme\u201d agolpada en las inmediaciones, esperando su salida. Hombres, ni\u00f1os, mujeres, todos sin moverse, para tratar aunque tan solo fuera, tocar al gran \u00eddolo del f\u00fatbol oriental. Como dijera el \u201cNando\u201d: <strong>\u201cSi yo hubiera imaginado que tanto me quer\u00edan, jam\u00e1s me hubiera ido de Pe\u00f1arol\u201d.<\/strong><\/p>\n<p style=\"text-align: justify;\"><span style=\"color: #ffcc02;\"><strong>LO QUE DIJO CATALDI<\/strong><\/span><\/p>\n<p style=\"text-align: justify;\">Ha sido la tarea m\u00e1s ardua de mis 25 a\u00f1os de dirigente. Las razones son atendibles: nadie quer\u00eda desprenderse de Fernando Morena (&#8230;) El pago se realizar\u00e1 en tres cuotas: la primera el 20 de mayo en un partido en Montevideo con el Valencia. En ese partido aseguramos 329 mil d\u00f3lares; 350 mil d\u00f3lares el a\u00f1o que viene y el resto, o sea 350 mil d\u00f3lares en 1983.<\/p>\n<p style=\"text-align: justify;\">Ahora tendr\u00e1 que jugar su partido la hinchada y no tengo dudas que lo jugar\u00e1, porque ha demostrado que es \u00fanica en el mundo. Pe\u00f1arol es pueblo. Por historia, por todo esto que est\u00e1 en la calle.<\/p>\n<p style=\"text-align: justify;\"><span style=\"color: #ffcc02;\"><strong>LO QUE DIJO DAMIANI<\/strong><\/span><\/p>\n<p style=\"text-align: justify;\">Esto es pueblo, esto es Pe\u00f1arol, una fiesta que demuestra lo que puede el f\u00fatbol y un hombre de la trascendencia de Morena. \u00a1Qu\u00e9 lindo es ver todo esto!<\/p>\n<p style=\"text-align: justify;\">Todos los pe\u00f1arolenses vamos a tener que ser muy optimistas pensando que vamos a poder concretar definitivamente esta operaci\u00f3n. En manos de la hinchada y en su bolsillo est\u00e1 la posibilidad de la concreci\u00f3n definitiva de la transferencia. El esfuerzo de los dirigentes est\u00e1 hecho. Con lo que consigui\u00f3 el presidente, de ir a Espa\u00f1a y volver con Morena se ha cumplido. Ahora viene lo m\u00e1s importante, lograr que se quede. El acuerdo est\u00e1 hecho, pero falta el consentimiento del Valencia. El mismo lo dar\u00e1n cuando se firme el aval bancario. La financiaci\u00f3n que consigui\u00f3 Cataldi es excelente, pero tenemos que solucionar la garant\u00eda y el pago de la operaci\u00f3n. Pe\u00f1arol tiene un presupuesto de 200 mil d\u00f3lares mensuales, de los cuales se financia s\u00f3lo la mitad. \u00bfPuede entonces Pe\u00f1arol pagar el pase? De ninguna manera. La parcialidad tiene en sus manos la soluci\u00f3n.<\/p>\n<p style=\"text-align: justify;\"><span style=\"color: #ffcc02;\"><strong>LO QUE DIJO FERNANDO<\/strong><\/span><\/p>\n<p style=\"text-align: justify;\"><span style=\"color: #ffcc02;\"><strong>\u00bfContento, Fernando?<\/strong><\/span><\/p>\n<p style=\"text-align: justify;\">No tengo palabras para agradecer todo esto. Lo de Pe\u00f1arol es una religi\u00f3n. Nunca imagin\u00e9 que pod\u00eda tener un recibimiento de esta naturaleza. Te digo honestamente que si me hubiera dado cuenta de que me quer\u00edan tanto, me hubiera quedado.<\/p>\n<p style=\"text-align: justify;\"><span style=\"color: #ffcc02;\"><strong>\u00bfEs cierto que cuando conviertes un gol, gritas PE\u00d1AROL?<\/strong><\/span><\/p>\n<p style=\"text-align: justify;\">En Valencia grito gol, quiero darle lo mejor de m\u00ed, para que guarden el mejor recuerdo de Morena. La confusi\u00f3n puede venir porque aqu\u00ed en Montevideo grito \u00a1PE\u00d1AROL! con todas mis fuerzas, en lugar de gol. Pero en Espa\u00f1a no lo hice, porque quiz\u00e1 ni a Rayo Vallecano ni al Valencia, los quiero como quiero a Pe\u00f1arol.<\/p>\n<p style=\"text-align: justify;\"><span style=\"color: #ffcc02;\"><strong>\u00bfEl contrato, Fernando?<\/strong><\/span><\/p>\n<p style=\"text-align: justify;\">Hay cosas, como este recibimiento que me dieron, que hacen quedar muchas cosas de lado. S\u00e9 del sacrificio de toda la parcialidad. Por la plata no va a haber problemas. Yo con Pe\u00f1arol siempre me puse de acuerdo.<\/p>\n<p style=\"text-align: justify;\"><span style=\"color: #ffcc02;\"><strong>Sabemos de tu gran disposici\u00f3n para volver a Pe\u00f1arol.<\/strong><\/span><\/p>\n<p style=\"text-align: justify;\">A m\u00ed tambi\u00e9n me conven\u00eda. Cuando se plante\u00f3 la posibilidad de volver a Pe\u00f1arol, no dud\u00e9 un instante. Puse lo mejor de mi para hacerlo. \u00a1C\u00f3mo no voy a querer volver a Pe\u00f1arol y estar junto a la m\u00e1s grande hinchada! Mir\u00e1, mi nombre fue coreado muchas veces, pero como \u00e9sta ninguna. Todo el calor, el cari\u00f1o y el apoyo de la maravillosa hinchada, me hizo sentir emociones, sensaciones muy especiales. S\u00f3lo tengo agradecimiento para la querida falange.<\/p>\n<p style=\"text-align: justify;\"><span style=\"color: #ffcc02;\"><strong>\u00bfPodr\u00e1s jugar el cl\u00e1sico?<\/strong><\/span><\/p>\n<p style=\"text-align: justify;\">El acuerdo establece que quedo a las \u00f3rdenes de Pe\u00f1arol el 10 de junio y el partido con Nacional es tres d\u00edas antes. Vamos a ver si podemos arreglar con los dirigentes del Valencia. Me gustar\u00eda much\u00edsimo estar en ese partido. Volver justamente en un cl\u00e1sico. Y si pudiera hacer un gol\u2026<\/p>\n<p style=\"text-align: justify;\"><span style=\"color: #ffcc02;\"><strong>\u00bfEn Pe\u00f1arol ganar\u00edas m\u00e1s o menos que en el Valencia?<\/strong><\/span><\/p>\n<p style=\"text-align: justify;\">Mensualmente es pr\u00e1cticamente lo mismo.<\/p>\n<p style=\"text-align: justify;\"><span style=\"color: #ffcc02;\"><strong>Dicen que Roque M\u00e1spoli te va a convocar para la selecci\u00f3n.<\/strong><\/span><\/p>\n<p style=\"text-align: justify;\">Yo con la selecci\u00f3n tengo que tener la revancha y la voy a buscar.<\/p>\n<p style=\"text-align: justify;\"><span style=\"color: #ffcc02;\"><strong>Fernando, al agradecerte, recibe una vez m\u00e1s el cari\u00f1o de toda la parcialidad.<\/strong><\/span><\/p>\n<p style=\"text-align: justify;\">Gracias a LA VOZ PE\u00d1AROLENSE. Dios permita que pueda festejar junto a todos los hinchas con los brazos en alto en todos los rincones del Estadio.<\/p>\n<p style=\"text-align: justify;\">Te esperamos \u201cNando\u201d.<\/p>\n<p style=\"text-align: justify;\">Y as\u00ed dejamos al gran Fernando, pensativo, emocionado, agradecido. El muchacho que sabe que es \u00eddolo, por su caballerosidad, por su donde de gente, por su excepcional jerarqu\u00eda futbol\u00edstica. Luego de firmar el acuerdo con Pe\u00f1arol marchaba nuevamente hacia Espa\u00f1a. A llevar capacidad, goles y posiblemente el campeonato. Para demostrar al mundo que los genis, son genios en todas las partes del mundo. Para que Europa afirme su convicci\u00f3n, que Morena les mostr\u00f3 con realidades, lo majestuoso del f\u00fatbol oriental y pe\u00f1arolense.<\/p>\n<p style=\"text-align: justify;\">Mientras tanto, la hinchada espera que se le marquen los caminos a seguir, para la gran colecta popular. Queremos demostrar al mundo que <strong>QUEREMOS Y PODEMOS<\/strong>.<\/p>\n<div id=\"attachment_24692\" style=\"width: 593px\" class=\"wp-caption aligncenter\"><a href=\"https:\/\/www.padreydecano.com\/cms\/wp-content\/uploads\/2012\/02\/bono-fernando-a-morena-lo-traemos-todos.jpg\" rel=\"shadowbox[sbpost-15167];player=img;\"><img loading=\"lazy\" decoding=\"async\" aria-describedby=\"caption-attachment-24692\" class=\" wp-image-24692\" src=\"https:\/\/www.padreydecano.com\/cms\/wp-content\/uploads\/2012\/02\/bono-fernando-a-morena-lo-traemos-todos.jpg\" alt=\"\" width=\"583\" height=\"306\" srcset=\"https:\/\/www.padreydecano.com\/cms\/wp-content\/uploads\/2012\/02\/bono-fernando-a-morena-lo-traemos-todos.jpg 1215w, https:\/\/www.padreydecano.com\/cms\/wp-content\/uploads\/2012\/02\/bono-fernando-a-morena-lo-traemos-todos-300x157.jpg 300w, https:\/\/www.padreydecano.com\/cms\/wp-content\/uploads\/2012\/02\/bono-fernando-a-morena-lo-traemos-todos-1024x536.jpg 1024w\" sizes=\"(max-width: 583px) 100vw, 583px\" \/><\/a><p id=\"caption-attachment-24692\" class=\"wp-caption-text\">Bono para la operaci\u00f3n retorno de Morena<\/p><\/div>\n","protected":false},"excerpt":{"rendered":"<p>La hinchada de Pe\u00f1arol tiene en su haber haza\u00f1as que la engrandecen frente al resto, y que demuestran que es algo m\u00e1s que una parcialidad que acompa\u00f1a a un equipo a una cancha de f\u00fatbol. Pe\u00f1arol es Pueblo, una cualidad que asegura que cuando se propone algo, lo puede cumplir. Y as\u00ed es como, entre [&hellip;]<\/p>\n","protected":false},"author":13,"featured_media":0,"parent":13741,"menu_order":10,"comment_status":"open","ping_status":"open","template":"","meta":{"footnotes":""},"yoast_head":"<!-- This site is optimized with the Yoast SEO plugin v23.2 - https:\/\/yoast.com\/wordpress\/plugins\/seo\/ -->\n<title>&quot;A Morena lo traemos todos&quot; - Padre y Decano - El Sitio del Pueblo<\/title>\n<meta name=\"robots\" content=\"index, follow, max-snippet:-1, max-image-preview:large, max-video-preview:-1\" \/>\n<link rel=\"canonical\" href=\"https:\/\/www.padreydecano.com\/cms\/el-baul-de-los-recuerdos\/a-morena-lo-traemos-todos\/\" \/>\n<meta property=\"og:locale\" content=\"es_ES\" \/>\n<meta property=\"og:type\" content=\"article\" \/>\n<meta property=\"og:title\" content=\"&quot;A Morena lo traemos todos&quot; - Padre y Decano - El Sitio del Pueblo\" \/>\n<meta property=\"og:description\" content=\"La hinchada de Pe\u00f1arol tiene en su haber haza\u00f1as que la engrandecen frente al resto, y que demuestran que es algo m\u00e1s que una parcialidad que acompa\u00f1a a un equipo a una cancha de f\u00fatbol. Pe\u00f1arol es Pueblo, una cualidad que asegura que cuando se propone algo, lo puede cumplir. Y as\u00ed es como, entre [&hellip;]\" \/>\n<meta property=\"og:url\" content=\"https:\/\/www.padreydecano.com\/cms\/el-baul-de-los-recuerdos\/a-morena-lo-traemos-todos\/\" \/>\n<meta property=\"og:site_name\" content=\"Padre y Decano - El Sitio del Pueblo\" \/>\n<meta property=\"article:modified_time\" content=\"2012-06-08T04:30:29+00:00\" \/>\n<meta property=\"og:image\" content=\"http:\/\/www.padreydecano.com\/cms\/wp-content\/uploads\/2012\/02\/campa\u00f1a_morena.jpg\" \/>\n<meta name=\"twitter:card\" content=\"summary_large_image\" \/>\n<meta name=\"twitter:label1\" content=\"Tiempo de lectura\" \/>\n\t<meta name=\"twitter:data1\" content=\"7 minutos\" \/>\n<script type=\"application\/ld+json\" class=\"yoast-schema-graph\">{\"@context\":\"https:\/\/schema.org\",\"@graph\":[{\"@type\":\"WebPage\",\"@id\":\"https:\/\/www.padreydecano.com\/cms\/el-baul-de-los-recuerdos\/a-morena-lo-traemos-todos\/\",\"url\":\"https:\/\/www.padreydecano.com\/cms\/el-baul-de-los-recuerdos\/a-morena-lo-traemos-todos\/\",\"name\":\"\\\"A Morena lo traemos todos\\\" - Padre y Decano - El Sitio del Pueblo\",\"isPartOf\":{\"@id\":\"https:\/\/www.padreydecano.com\/cms\/#website\"},\"primaryImageOfPage\":{\"@id\":\"https:\/\/www.padreydecano.com\/cms\/el-baul-de-los-recuerdos\/a-morena-lo-traemos-todos\/#primaryimage\"},\"image\":{\"@id\":\"https:\/\/www.padreydecano.com\/cms\/el-baul-de-los-recuerdos\/a-morena-lo-traemos-todos\/#primaryimage\"},\"thumbnailUrl\":\"http:\/\/www.padreydecano.com\/cms\/wp-content\/uploads\/2012\/02\/bono-fernando-a-morena-lo-traemos-todos.jpg\",\"datePublished\":\"2012-02-01T22:46:25+00:00\",\"dateModified\":\"2012-06-08T04:30:29+00:00\",\"breadcrumb\":{\"@id\":\"https:\/\/www.padreydecano.com\/cms\/el-baul-de-los-recuerdos\/a-morena-lo-traemos-todos\/#breadcrumb\"},\"inLanguage\":\"es\",\"potentialAction\":[{\"@type\":\"ReadAction\",\"target\":[\"https:\/\/www.padreydecano.com\/cms\/el-baul-de-los-recuerdos\/a-morena-lo-traemos-todos\/\"]}]},{\"@type\":\"ImageObject\",\"inLanguage\":\"es\",\"@id\":\"https:\/\/www.padreydecano.com\/cms\/el-baul-de-los-recuerdos\/a-morena-lo-traemos-todos\/#primaryimage\",\"url\":\"http:\/\/www.padreydecano.com\/cms\/wp-content\/uploads\/2012\/02\/bono-fernando-a-morena-lo-traemos-todos.jpg\",\"contentUrl\":\"http:\/\/www.padreydecano.com\/cms\/wp-content\/uploads\/2012\/02\/bono-fernando-a-morena-lo-traemos-todos.jpg\"},{\"@type\":\"BreadcrumbList\",\"@id\":\"https:\/\/www.padreydecano.com\/cms\/el-baul-de-los-recuerdos\/a-morena-lo-traemos-todos\/#breadcrumb\",\"itemListElement\":[{\"@type\":\"ListItem\",\"position\":1,\"name\":\"Portada\",\"item\":\"https:\/\/www.padreydecano.com\/cms\/\"},{\"@type\":\"ListItem\",\"position\":2,\"name\":\"El Ba\u00fal de los Recuerdos\",\"item\":\"https:\/\/www.padreydecano.com\/cms\/el-baul-de-los-recuerdos\/\"},{\"@type\":\"ListItem\",\"position\":3,\"name\":\"\u00abA Morena lo traemos todos\u00bb\"}]},{\"@type\":\"WebSite\",\"@id\":\"https:\/\/www.padreydecano.com\/cms\/#website\",\"url\":\"https:\/\/www.padreydecano.com\/cms\/\",\"name\":\"Padre y Decano - El Sitio del Pueblo\",\"description\":\"Club Atl\u00e9tico Pe\u00f1arol\",\"publisher\":{\"@id\":\"https:\/\/www.padreydecano.com\/cms\/#organization\"},\"potentialAction\":[{\"@type\":\"SearchAction\",\"target\":{\"@type\":\"EntryPoint\",\"urlTemplate\":\"https:\/\/www.padreydecano.com\/cms\/?s={search_term_string}\"},\"query-input\":\"required name=search_term_string\"}],\"inLanguage\":\"es\"},{\"@type\":\"Organization\",\"@id\":\"https:\/\/www.padreydecano.com\/cms\/#organization\",\"name\":\"Padre y Decano\",\"url\":\"https:\/\/www.padreydecano.com\/cms\/\",\"logo\":{\"@type\":\"ImageObject\",\"inLanguage\":\"es\",\"@id\":\"https:\/\/www.padreydecano.com\/cms\/#\/schema\/logo\/image\/\",\"url\":\"https:\/\/www.padreydecano.com\/cms\/wp-content\/uploads\/2022\/01\/avatar-square.png\",\"contentUrl\":\"https:\/\/www.padreydecano.com\/cms\/wp-content\/uploads\/2022\/01\/avatar-square.png\",\"width\":1500,\"height\":1500,\"caption\":\"Padre y Decano\"},\"image\":{\"@id\":\"https:\/\/www.padreydecano.com\/cms\/#\/schema\/logo\/image\/\"}}]}<\/script>\n<!-- \/ Yoast SEO plugin. -->","yoast_head_json":{"title":"\"A Morena lo traemos todos\" - Padre y Decano - El Sitio del Pueblo","robots":{"index":"index","follow":"follow","max-snippet":"max-snippet:-1","max-image-preview":"max-image-preview:large","max-video-preview":"max-video-preview:-1"},"canonical":"https:\/\/www.padreydecano.com\/cms\/el-baul-de-los-recuerdos\/a-morena-lo-traemos-todos\/","og_locale":"es_ES","og_type":"article","og_title":"\"A Morena lo traemos todos\" - Padre y Decano - El Sitio del Pueblo","og_description":"La hinchada de Pe\u00f1arol tiene en su haber haza\u00f1as que la engrandecen frente al resto, y que demuestran que es algo m\u00e1s que una parcialidad que acompa\u00f1a a un equipo a una cancha de f\u00fatbol. Pe\u00f1arol es Pueblo, una cualidad que asegura que cuando se propone algo, lo puede cumplir. Y as\u00ed es como, entre [&hellip;]","og_url":"https:\/\/www.padreydecano.com\/cms\/el-baul-de-los-recuerdos\/a-morena-lo-traemos-todos\/","og_site_name":"Padre y Decano - El Sitio del Pueblo","article_modified_time":"2012-06-08T04:30:29+00:00","og_image":[{"url":"http:\/\/www.padreydecano.com\/cms\/wp-content\/uploads\/2012\/02\/campa\u00f1a_morena.jpg"}],"twitter_card":"summary_large_image","twitter_misc":{"Tiempo de lectura":"7 minutos"},"schema":{"@context":"https:\/\/schema.org","@graph":[{"@type":"WebPage","@id":"https:\/\/www.padreydecano.com\/cms\/el-baul-de-los-recuerdos\/a-morena-lo-traemos-todos\/","url":"https:\/\/www.padreydecano.com\/cms\/el-baul-de-los-recuerdos\/a-morena-lo-traemos-todos\/","name":"\"A Morena lo traemos todos\" - Padre y Decano - El Sitio del Pueblo","isPartOf":{"@id":"https:\/\/www.padreydecano.com\/cms\/#website"},"primaryImageOfPage":{"@id":"https:\/\/www.padreydecano.com\/cms\/el-baul-de-los-recuerdos\/a-morena-lo-traemos-todos\/#primaryimage"},"image":{"@id":"https:\/\/www.padreydecano.com\/cms\/el-baul-de-los-recuerdos\/a-morena-lo-traemos-todos\/#primaryimage"},"thumbnailUrl":"http:\/\/www.padreydecano.com\/cms\/wp-content\/uploads\/2012\/02\/bono-fernando-a-morena-lo-traemos-todos.jpg","datePublished":"2012-02-01T22:46:25+00:00","dateModified":"2012-06-08T04:30:29+00:00","breadcrumb":{"@id":"https:\/\/www.padreydecano.com\/cms\/el-baul-de-los-recuerdos\/a-morena-lo-traemos-todos\/#breadcrumb"},"inLanguage":"es","potentialAction":[{"@type":"ReadAction","target":["https:\/\/www.padreydecano.com\/cms\/el-baul-de-los-recuerdos\/a-morena-lo-traemos-todos\/"]}]},{"@type":"ImageObject","inLanguage":"es","@id":"https:\/\/www.padreydecano.com\/cms\/el-baul-de-los-recuerdos\/a-morena-lo-traemos-todos\/#primaryimage","url":"http:\/\/www.padreydecano.com\/cms\/wp-content\/uploads\/2012\/02\/bono-fernando-a-morena-lo-traemos-todos.jpg","contentUrl":"http:\/\/www.padreydecano.com\/cms\/wp-content\/uploads\/2012\/02\/bono-fernando-a-morena-lo-traemos-todos.jpg"},{"@type":"BreadcrumbList","@id":"https:\/\/www.padreydecano.com\/cms\/el-baul-de-los-recuerdos\/a-morena-lo-traemos-todos\/#breadcrumb","itemListElement":[{"@type":"ListItem","position":1,"name":"Portada","item":"https:\/\/www.padreydecano.com\/cms\/"},{"@type":"ListItem","position":2,"name":"El Ba\u00fal de los Recuerdos","item":"https:\/\/www.padreydecano.com\/cms\/el-baul-de-los-recuerdos\/"},{"@type":"ListItem","position":3,"name":"\u00abA Morena lo traemos todos\u00bb"}]},{"@type":"WebSite","@id":"https:\/\/www.padreydecano.com\/cms\/#website","url":"https:\/\/www.padreydecano.com\/cms\/","name":"Padre y Decano - El Sitio del Pueblo","description":"Club Atl\u00e9tico Pe\u00f1arol","publisher":{"@id":"https:\/\/www.padreydecano.com\/cms\/#organization"},"potentialAction":[{"@type":"SearchAction","target":{"@type":"EntryPoint","urlTemplate":"https:\/\/www.padreydecano.com\/cms\/?s={search_term_string}"},"query-input":"required name=search_term_string"}],"inLanguage":"es"},{"@type":"Organization","@id":"https:\/\/www.padreydecano.com\/cms\/#organization","name":"Padre y Decano","url":"https:\/\/www.padreydecano.com\/cms\/","logo":{"@type":"ImageObject","inLanguage":"es","@id":"https:\/\/www.padreydecano.com\/cms\/#\/schema\/logo\/image\/","url":"https:\/\/www.padreydecano.com\/cms\/wp-content\/uploads\/2022\/01\/avatar-square.png","contentUrl":"https:\/\/www.padreydecano.com\/cms\/wp-content\/uploads\/2022\/01\/avatar-square.png","width":1500,"height":1500,"caption":"Padre y Decano"},"image":{"@id":"https:\/\/www.padreydecano.com\/cms\/#\/schema\/logo\/image\/"}}]}},"_links":{"self":[{"href":"https:\/\/www.padreydecano.com\/cms\/wp-json\/wp\/v2\/pages\/15167"}],"collection":[{"href":"https:\/\/www.padreydecano.com\/cms\/wp-json\/wp\/v2\/pages"}],"about":[{"href":"https:\/\/www.padreydecano.com\/cms\/wp-json\/wp\/v2\/types\/page"}],"author":[{"embeddable":true,"href":"https:\/\/www.padreydecano.com\/cms\/wp-json\/wp\/v2\/users\/13"}],"replies":[{"embeddable":true,"href":"https:\/\/www.padreydecano.com\/cms\/wp-json\/wp\/v2\/comments?post=15167"}],"version-history":[{"count":0,"href":"https:\/\/www.padreydecano.com\/cms\/wp-json\/wp\/v2\/pages\/15167\/revisions"}],"up":[{"embeddable":true,"href":"https:\/\/www.padreydecano.com\/cms\/wp-json\/wp\/v2\/pages\/13741"}],"wp:attachment":[{"href":"https:\/\/www.padreydecano.com\/cms\/wp-json\/wp\/v2\/media?parent=15167"}],"curies":[{"name":"wp","href":"https:\/\/api.w.org\/{rel}","templated":true}]}}