{"id":15124,"date":"2012-02-01T20:46:28","date_gmt":"2012-02-01T22:46:28","guid":{"rendered":"http:\/\/www.padreydecano.com\/cms\/?page_id=15124"},"modified":"2020-10-06T21:38:33","modified_gmt":"2020-10-07T00:38:33","slug":"fernando-morena","status":"publish","type":"page","link":"https:\/\/www.padreydecano.com\/cms\/idolos\/fernando-morena\/","title":{"rendered":"Fernando Morena"},"content":{"rendered":"<p style=\"text-align: justify;\"><a href=\"https:\/\/www.padreydecano.com\/cms\/wp-content\/uploads\/2012\/02\/morena_82_monumental2.jpg\" rel=\"shadowbox[sbpost-15124];player=img;\"><img loading=\"lazy\" decoding=\"async\" class=\"aligncenter size-full wp-image-61639\" src=\"https:\/\/www.padreydecano.com\/cms\/wp-content\/uploads\/2012\/02\/morena_82_monumental2.jpg\" alt=\"\" width=\"925\" height=\"599\" srcset=\"https:\/\/www.padreydecano.com\/cms\/wp-content\/uploads\/2012\/02\/morena_82_monumental2.jpg 925w, https:\/\/www.padreydecano.com\/cms\/wp-content\/uploads\/2012\/02\/morena_82_monumental2-600x389.jpg 600w, https:\/\/www.padreydecano.com\/cms\/wp-content\/uploads\/2012\/02\/morena_82_monumental2-768x497.jpg 768w\" sizes=\"(max-width: 925px) 100vw, 925px\" \/><\/a><br \/>\nFernando Morena, uno de los grandes \u00eddolos del Club Atl\u00e9tico Pe\u00f1arol, es el m\u00e1ximo goleador en la historia del Campeonato Uruguayo y el segundo goleador hist\u00f3rico de la Copa Libertadores de Am\u00e9rica. Nacido el 2 de febrero de 1952, es conocido como el \u201cNando\u201d o el \u201cPotrillo\u201d.<\/p>\n<p style=\"text-align: justify;\">Morena inici\u00f3 su carrera futbol\u00edstica en las divisiones inferiores de Racing Club de Sayago en el a\u00f1o 1967. Luego pas\u00f3 a River Plate donde<strong> debut\u00f3 en primera el 5 de octubre de 1969<\/strong>, cuando solamente ten\u00eda 17 a\u00f1os de edad.<\/p>\n<p style=\"text-align: justify;\">A ra\u00edz de sus buenas participaciones, los dirigentes de Pe\u00f1arol le pusieron el ojo y <strong>lo ficharon en 1973<\/strong>. Sin dudas que su mejor etapa la vivi\u00f3 en el cuadro carbonero donde lograr\u00eda una excelente carrera, siendo el <strong>goleador del Campeonato Uruguayo en 6 a\u00f1os consecutivos (1973, 1974, 1975, 1976, 1977 y 1978). <\/strong>En esos a\u00f1os tambi\u00e9n fue el <strong>goleador de las Copa Libertadores de 1974 y 1975<\/strong>.<\/p>\n<p style=\"text-align: justify;\"><a href=\"https:\/\/www.padreydecano.com\/cms\/wp-content\/uploads\/2012\/02\/morena_600goles-1.jpg\" rel=\"shadowbox[sbpost-15124];player=img;\"><img loading=\"lazy\" decoding=\"async\" class=\"alignleft size-full wp-image-61641\" src=\"https:\/\/www.padreydecano.com\/cms\/wp-content\/uploads\/2012\/02\/morena_600goles-1.jpg\" alt=\"\" width=\"180\" height=\"263\" \/><\/a>En 1978 se consagr\u00f3 como hombre record por partida doble, ya que por un lado super\u00f3 su propia marca de cantidad de anotaciones en un torneo y finaliz\u00f3 marcando <strong>36 goles, <\/strong>y por otro lado,<strong> <a title=\"Los 7 goles de Fernando Morena a Hurac\u00e1n Buceo\" href=\"https:\/\/www.padreydecano.com\/cms\/el-baul-de-los-recuerdos\/los-7-goles-de-fernando-morena-a-huracan-buceo\/\" target=\"_blank\" rel=\"noopener\">le anot\u00f3 7 goles a Huracan Buceo en un partido,<\/a> <\/strong>siendo este tambi\u00e9n otro logro que nadie ha podido igualar o superar. Por si fuera poco, tambi\u00e9n hizo 6 goles en dos oportunidades y 5 en otras dos ocasiones.<\/p>\n<p style=\"text-align: justify;\">En la temporada 1979-1980 emigr\u00f3 a Europa para jugar en el Rayo Vallecano de Espa\u00f1a, en donde anot\u00f3 20 goles en su primera temporada. Tras su paso por el Rayo Vallecano fich\u00f3 por el Valencia de Espa\u00f1a para jugar en el equipo \u201cche\u201d la temporada 1980-1981, obteniendo la Supercopa Europea y anotando el gol que le dio el triunfo a su equipo. Fue el goleador del equipo al anotar 24 goles (16 en liga, 4 en la Copa del Rey y 4 en Copas Europeas).<\/p>\n<div align=\"center\"><strong>En 1981 volvi\u00f3 a Pe\u00f1arol <\/strong>con la recordada campa\u00f1a<strong> <a title=\"\u201cA Morena lo traemos todos\u201d\" href=\"https:\/\/www.padreydecano.com\/cms\/el-baul-de-los-recuerdos\/a-morena-lo-traemos-todos\/\" target=\"_blank\">\u201cA Morena lo traemos todos\u201d<\/a><\/strong>, donde jug\u00f3 hasta el a\u00f1o 1984. <strong>En 1982 fue nuevamente goleador del Campeonato Uruguayo<\/strong> y consigui\u00f3 la <a href=\"https:\/\/www.padreydecano.com\/cms\/campanas-historicas\/copa-libertadores-1982\/\" target=\"_blank\">Copa Libertadores de Am\u00e9rica<\/a> y la <a href=\"https:\/\/www.padreydecano.com\/cms\/campanas-historicas\/copa-intercontinental-1982\/\" target=\"_blank\">Copa Intercontinental<\/a>, siendo tambi\u00e9n <strong>el goleador del torneo continental<\/strong>. Entre su enorme cantidad de goles, se destaca <a href=\"http:\/\/www.youtube.com\/watch?feature=player_embedded&amp;v=P6cQrUS24mE\" rel=\"shadowbox[sbpost-15124];player=swf;width=640;height=385;\" target=\"_blank\">el que le marc\u00f3 a Cobreloa<\/a> en el \u00faltimo minuto de la segunda final de la Copa Libertadores de Am\u00e9rica.<\/div>\n<p style=\"text-align: justify;\">Luego se fue a Boca Juniors donde jug\u00f3 solamente 7 partidos. Tras este fugaz pasaje por el f\u00fatbol argentino <strong>regres\u00f3 a Pe\u00f1arol<\/strong>, donde se retir\u00f3 el 28 de diciembre de 1984, aunque volvi\u00f3 brevemente al f\u00fatbol activo, para jugar por Pe\u00f1arol la Copa Libertadores de Am\u00e9rica de 1986.<\/p>\n\n\t\t<style type=\"text\/css\">\n\t\t\t#gallery-1 {\n\t\t\t\tmargin: auto;\n\t\t\t}\n\t\t\t#gallery-1 .gallery-item {\n\t\t\t\tfloat: left;\n\t\t\t\tmargin-top: 10px;\n\t\t\t\ttext-align: center;\n\t\t\t\twidth: 33%;\n\t\t\t}\n\t\t\t#gallery-1 img {\n\t\t\t\tborder: 2px solid #cfcfcf;\n\t\t\t}\n\t\t\t#gallery-1 .gallery-caption {\n\t\t\t\tmargin-left: 0;\n\t\t\t}\n\t\t\t\/* see gallery_shortcode() in wp-includes\/media.php *\/\n\t\t<\/style>\n\t\t<div id='gallery-1' class='gallery galleryid-15124 gallery-columns-3 gallery-size-thumbnail'><dl class='gallery-item'>\n\t\t\t<dt class='gallery-icon landscape'>\n\t\t\t\t<a href='https:\/\/www.padreydecano.com\/cms\/wp-content\/uploads\/2012\/02\/morena_82_monumental.jpg' rel='shadowbox[sbalbum-15124];player=img;'><img loading=\"lazy\" decoding=\"async\" width=\"150\" height=\"150\" src=\"https:\/\/www.padreydecano.com\/cms\/wp-content\/uploads\/2012\/02\/morena_82_monumental-150x150.jpg\" class=\"attachment-thumbnail size-thumbnail\" alt=\"\" srcset=\"https:\/\/www.padreydecano.com\/cms\/wp-content\/uploads\/2012\/02\/morena_82_monumental-150x150.jpg 150w, https:\/\/www.padreydecano.com\/cms\/wp-content\/uploads\/2012\/02\/morena_82_monumental-36x36.jpg 36w\" sizes=\"(max-width: 150px) 100vw, 150px\" \/><\/a>\n\t\t\t<\/dt><\/dl><dl class='gallery-item'>\n\t\t\t<dt class='gallery-icon portrait'>\n\t\t\t\t<a href='https:\/\/www.padreydecano.com\/cms\/wp-content\/uploads\/2012\/02\/Fernando-Morena.jpg' rel='shadowbox[sbalbum-15124];player=img;'><img loading=\"lazy\" decoding=\"async\" width=\"150\" height=\"150\" src=\"https:\/\/www.padreydecano.com\/cms\/wp-content\/uploads\/2012\/02\/Fernando-Morena-150x150.jpg\" class=\"attachment-thumbnail size-thumbnail\" alt=\"\" srcset=\"https:\/\/www.padreydecano.com\/cms\/wp-content\/uploads\/2012\/02\/Fernando-Morena-150x150.jpg 150w, https:\/\/www.padreydecano.com\/cms\/wp-content\/uploads\/2012\/02\/Fernando-Morena-36x36.jpg 36w\" sizes=\"(max-width: 150px) 100vw, 150px\" \/><\/a>\n\t\t\t<\/dt><\/dl><dl class='gallery-item'>\n\t\t\t<dt class='gallery-icon portrait'>\n\t\t\t\t<a href='https:\/\/www.padreydecano.com\/cms\/wp-content\/uploads\/2012\/02\/Nando-Morena.jpg' rel='shadowbox[sbalbum-15124];player=img;'><img loading=\"lazy\" decoding=\"async\" width=\"150\" height=\"150\" src=\"https:\/\/www.padreydecano.com\/cms\/wp-content\/uploads\/2012\/02\/Nando-Morena-150x150.jpg\" class=\"attachment-thumbnail size-thumbnail\" alt=\"\" srcset=\"https:\/\/www.padreydecano.com\/cms\/wp-content\/uploads\/2012\/02\/Nando-Morena-150x150.jpg 150w, https:\/\/www.padreydecano.com\/cms\/wp-content\/uploads\/2012\/02\/Nando-Morena-36x36.jpg 36w\" sizes=\"(max-width: 150px) 100vw, 150px\" \/><\/a>\n\t\t\t<\/dt><\/dl><br style=\"clear: both\" \/>\n\t\t<\/div>\n\n<p style=\"text-align: justify;\">En total, <strong><a href=\"https:\/\/www.padreydecano.com\/cms\/noticias\/el-goleador-de-toda-la-historia-2\/\" target=\"_blank\" rel=\"noopener\">Fernando Morena anot\u00f3 350 goles oficiales en Pe\u00f1arol<\/a>.<\/strong><\/p>\n<p style=\"text-align: justify;\">Su etapa como entrenador en Pe\u00f1arol no se compara ni por asomo a lo que rindi\u00f3 como jugador, pero de todas formas le aport\u00f3 un t\u00edtulo al club, cuando en el Estadio Franzini empatamos 2 a 2 con Defensor Sporting, y obtuvimos la Liguilla del a\u00f1o 2004, jugada en enero del a\u00f1o siguiente.<\/p>\n<p style=\"text-align: justify;\">Actualmente se desempe\u00f1a como Director de\u00a0Relaciones Institucionales\u00a0y Deportivas del club, siendo la imagen y cabeza de las delegaciones carboneras cuando se viaja al exterior.<\/p>\n\n\t\t<style type=\"text\/css\">\n\t\t\t#gallery-2 {\n\t\t\t\tmargin: auto;\n\t\t\t}\n\t\t\t#gallery-2 .gallery-item {\n\t\t\t\tfloat: left;\n\t\t\t\tmargin-top: 10px;\n\t\t\t\ttext-align: center;\n\t\t\t\twidth: 33%;\n\t\t\t}\n\t\t\t#gallery-2 img {\n\t\t\t\tborder: 2px solid #cfcfcf;\n\t\t\t}\n\t\t\t#gallery-2 .gallery-caption {\n\t\t\t\tmargin-left: 0;\n\t\t\t}\n\t\t\t\/* see gallery_shortcode() in wp-includes\/media.php *\/\n\t\t<\/style>\n\t\t<div id='gallery-2' class='gallery galleryid-15124 gallery-columns-3 gallery-size-thumbnail'><dl class='gallery-item'>\n\t\t\t<dt class='gallery-icon portrait'>\n\t\t\t\t<a href='https:\/\/www.padreydecano.com\/cms\/wp-content\/uploads\/2012\/02\/Penarol_120-345-Copiar.jpg' rel='shadowbox[sbalbum-15124];player=img;'><img loading=\"lazy\" decoding=\"async\" width=\"150\" height=\"150\" src=\"https:\/\/www.padreydecano.com\/cms\/wp-content\/uploads\/2012\/02\/Penarol_120-345-Copiar-150x150.jpg\" class=\"attachment-thumbnail size-thumbnail\" alt=\"\" srcset=\"https:\/\/www.padreydecano.com\/cms\/wp-content\/uploads\/2012\/02\/Penarol_120-345-Copiar-150x150.jpg 150w, https:\/\/www.padreydecano.com\/cms\/wp-content\/uploads\/2012\/02\/Penarol_120-345-Copiar-36x36.jpg 36w\" sizes=\"(max-width: 150px) 100vw, 150px\" \/><\/a>\n\t\t\t<\/dt><\/dl><dl class='gallery-item'>\n\t\t\t<dt class='gallery-icon landscape'>\n\t\t\t\t<a href='https:\/\/www.padreydecano.com\/cms\/wp-content\/uploads\/2012\/02\/estadio-pe\u00f1aro-river-inauguracion-2016-mariano-alvez-21.jpg' rel='shadowbox[sbalbum-15124];player=img;'><img loading=\"lazy\" decoding=\"async\" width=\"150\" height=\"150\" src=\"https:\/\/www.padreydecano.com\/cms\/wp-content\/uploads\/2012\/02\/estadio-pe\u00f1aro-river-inauguracion-2016-mariano-alvez-21-150x150.jpg\" class=\"attachment-thumbnail size-thumbnail\" alt=\"\" srcset=\"https:\/\/www.padreydecano.com\/cms\/wp-content\/uploads\/2012\/02\/estadio-pe\u00f1aro-river-inauguracion-2016-mariano-alvez-21-150x150.jpg 150w, https:\/\/www.padreydecano.com\/cms\/wp-content\/uploads\/2012\/02\/estadio-pe\u00f1aro-river-inauguracion-2016-mariano-alvez-21-36x36.jpg 36w\" sizes=\"(max-width: 150px) 100vw, 150px\" \/><\/a>\n\t\t\t<\/dt><\/dl><dl class='gallery-item'>\n\t\t\t<dt class='gallery-icon landscape'>\n\t\t\t\t<a href='https:\/\/www.padreydecano.com\/cms\/wp-content\/uploads\/2012\/02\/Inauguraci\u00f3n-CDS-Ignacio-Fern\u00e1ndez-Ant\u00eda-36-Copiar.jpg' rel='shadowbox[sbalbum-15124];player=img;'><img loading=\"lazy\" decoding=\"async\" width=\"150\" height=\"150\" src=\"https:\/\/www.padreydecano.com\/cms\/wp-content\/uploads\/2012\/02\/Inauguraci\u00f3n-CDS-Ignacio-Fern\u00e1ndez-Ant\u00eda-36-Copiar-150x150.jpg\" class=\"attachment-thumbnail size-thumbnail\" alt=\"\" srcset=\"https:\/\/www.padreydecano.com\/cms\/wp-content\/uploads\/2012\/02\/Inauguraci\u00f3n-CDS-Ignacio-Fern\u00e1ndez-Ant\u00eda-36-Copiar-150x150.jpg 150w, https:\/\/www.padreydecano.com\/cms\/wp-content\/uploads\/2012\/02\/Inauguraci\u00f3n-CDS-Ignacio-Fern\u00e1ndez-Ant\u00eda-36-Copiar-36x36.jpg 36w\" sizes=\"(max-width: 150px) 100vw, 150px\" \/><\/a>\n\t\t\t<\/dt><\/dl><br style=\"clear: both\" \/>\n\t\t<\/div>\n\n<p>&nbsp;<\/p>\n","protected":false},"excerpt":{"rendered":"<p>Fernando Morena, uno de los grandes \u00eddolos del Club Atl\u00e9tico Pe\u00f1arol, es el m\u00e1ximo goleador en la historia del Campeonato Uruguayo y el segundo goleador hist\u00f3rico de la Copa Libertadores de Am\u00e9rica. Nacido el 2 de febrero de 1952, es conocido como el \u201cNando\u201d o el \u201cPotrillo\u201d. Morena inici\u00f3 su carrera futbol\u00edstica en las divisiones [&hellip;]<\/p>\n","protected":false},"author":13,"featured_media":0,"parent":69,"menu_order":31,"comment_status":"open","ping_status":"open","template":"","meta":{"footnotes":""},"yoast_head":"<!-- This site is optimized with the Yoast SEO plugin v23.2 - https:\/\/yoast.com\/wordpress\/plugins\/seo\/ -->\n<title>Fernando Morena - Padre y Decano - El Sitio del Pueblo<\/title>\n<meta name=\"robots\" content=\"index, follow, max-snippet:-1, max-image-preview:large, max-video-preview:-1\" \/>\n<link rel=\"canonical\" href=\"https:\/\/www.padreydecano.com\/cms\/idolos\/fernando-morena\/\" \/>\n<meta property=\"og:locale\" content=\"es_ES\" \/>\n<meta property=\"og:type\" content=\"article\" \/>\n<meta property=\"og:title\" content=\"Fernando Morena - Padre y Decano - El Sitio del Pueblo\" \/>\n<meta property=\"og:description\" content=\"Fernando Morena, uno de los grandes \u00eddolos del Club Atl\u00e9tico Pe\u00f1arol, es el m\u00e1ximo goleador en la historia del Campeonato Uruguayo y el segundo goleador hist\u00f3rico de la Copa Libertadores de Am\u00e9rica. Nacido el 2 de febrero de 1952, es conocido como el \u201cNando\u201d o el \u201cPotrillo\u201d. Morena inici\u00f3 su carrera futbol\u00edstica en las divisiones [&hellip;]\" \/>\n<meta property=\"og:url\" content=\"https:\/\/www.padreydecano.com\/cms\/idolos\/fernando-morena\/\" \/>\n<meta property=\"og:site_name\" content=\"Padre y Decano - El Sitio del Pueblo\" \/>\n<meta property=\"article:modified_time\" content=\"2020-10-07T00:38:33+00:00\" \/>\n<meta property=\"og:image\" content=\"https:\/\/www.padreydecano.com\/cms\/wp-content\/uploads\/2012\/02\/morena_82_monumental-150x150.jpg\" \/>\n<meta name=\"twitter:card\" content=\"summary_large_image\" \/>\n<meta name=\"twitter:label1\" content=\"Tiempo de lectura\" \/>\n\t<meta name=\"twitter:data1\" content=\"3 minutos\" \/>\n<script type=\"application\/ld+json\" class=\"yoast-schema-graph\">{\"@context\":\"https:\/\/schema.org\",\"@graph\":[{\"@type\":\"WebPage\",\"@id\":\"https:\/\/www.padreydecano.com\/cms\/idolos\/fernando-morena\/\",\"url\":\"https:\/\/www.padreydecano.com\/cms\/idolos\/fernando-morena\/\",\"name\":\"Fernando Morena - Padre y Decano - El Sitio del Pueblo\",\"isPartOf\":{\"@id\":\"https:\/\/www.padreydecano.com\/cms\/#website\"},\"primaryImageOfPage\":{\"@id\":\"https:\/\/www.padreydecano.com\/cms\/idolos\/fernando-morena\/#primaryimage\"},\"image\":{\"@id\":\"https:\/\/www.padreydecano.com\/cms\/idolos\/fernando-morena\/#primaryimage\"},\"thumbnailUrl\":\"http:\/\/www.padreydecano.com\/cms\/wp-content\/uploads\/2012\/02\/morena_82_monumental2.jpg\",\"datePublished\":\"2012-02-01T22:46:28+00:00\",\"dateModified\":\"2020-10-07T00:38:33+00:00\",\"breadcrumb\":{\"@id\":\"https:\/\/www.padreydecano.com\/cms\/idolos\/fernando-morena\/#breadcrumb\"},\"inLanguage\":\"es\",\"potentialAction\":[{\"@type\":\"ReadAction\",\"target\":[\"https:\/\/www.padreydecano.com\/cms\/idolos\/fernando-morena\/\"]}]},{\"@type\":\"ImageObject\",\"inLanguage\":\"es\",\"@id\":\"https:\/\/www.padreydecano.com\/cms\/idolos\/fernando-morena\/#primaryimage\",\"url\":\"http:\/\/www.padreydecano.com\/cms\/wp-content\/uploads\/2012\/02\/morena_82_monumental2.jpg\",\"contentUrl\":\"http:\/\/www.padreydecano.com\/cms\/wp-content\/uploads\/2012\/02\/morena_82_monumental2.jpg\"},{\"@type\":\"BreadcrumbList\",\"@id\":\"https:\/\/www.padreydecano.com\/cms\/idolos\/fernando-morena\/#breadcrumb\",\"itemListElement\":[{\"@type\":\"ListItem\",\"position\":1,\"name\":\"Portada\",\"item\":\"https:\/\/www.padreydecano.com\/cms\/\"},{\"@type\":\"ListItem\",\"position\":2,\"name\":\"\u00cddolos\",\"item\":\"https:\/\/www.padreydecano.com\/cms\/idolos\/\"},{\"@type\":\"ListItem\",\"position\":3,\"name\":\"Fernando Morena\"}]},{\"@type\":\"WebSite\",\"@id\":\"https:\/\/www.padreydecano.com\/cms\/#website\",\"url\":\"https:\/\/www.padreydecano.com\/cms\/\",\"name\":\"Padre y Decano - El Sitio del Pueblo\",\"description\":\"Club Atl\u00e9tico Pe\u00f1arol\",\"publisher\":{\"@id\":\"https:\/\/www.padreydecano.com\/cms\/#organization\"},\"potentialAction\":[{\"@type\":\"SearchAction\",\"target\":{\"@type\":\"EntryPoint\",\"urlTemplate\":\"https:\/\/www.padreydecano.com\/cms\/?s={search_term_string}\"},\"query-input\":\"required name=search_term_string\"}],\"inLanguage\":\"es\"},{\"@type\":\"Organization\",\"@id\":\"https:\/\/www.padreydecano.com\/cms\/#organization\",\"name\":\"Padre y Decano\",\"url\":\"https:\/\/www.padreydecano.com\/cms\/\",\"logo\":{\"@type\":\"ImageObject\",\"inLanguage\":\"es\",\"@id\":\"https:\/\/www.padreydecano.com\/cms\/#\/schema\/logo\/image\/\",\"url\":\"https:\/\/www.padreydecano.com\/cms\/wp-content\/uploads\/2022\/01\/avatar-square.png\",\"contentUrl\":\"https:\/\/www.padreydecano.com\/cms\/wp-content\/uploads\/2022\/01\/avatar-square.png\",\"width\":1500,\"height\":1500,\"caption\":\"Padre y Decano\"},\"image\":{\"@id\":\"https:\/\/www.padreydecano.com\/cms\/#\/schema\/logo\/image\/\"}}]}<\/script>\n<!-- \/ Yoast SEO plugin. -->","yoast_head_json":{"title":"Fernando Morena - Padre y Decano - El Sitio del Pueblo","robots":{"index":"index","follow":"follow","max-snippet":"max-snippet:-1","max-image-preview":"max-image-preview:large","max-video-preview":"max-video-preview:-1"},"canonical":"https:\/\/www.padreydecano.com\/cms\/idolos\/fernando-morena\/","og_locale":"es_ES","og_type":"article","og_title":"Fernando Morena - Padre y Decano - El Sitio del Pueblo","og_description":"Fernando Morena, uno de los grandes \u00eddolos del Club Atl\u00e9tico Pe\u00f1arol, es el m\u00e1ximo goleador en la historia del Campeonato Uruguayo y el segundo goleador hist\u00f3rico de la Copa Libertadores de Am\u00e9rica. Nacido el 2 de febrero de 1952, es conocido como el \u201cNando\u201d o el \u201cPotrillo\u201d. Morena inici\u00f3 su carrera futbol\u00edstica en las divisiones [&hellip;]","og_url":"https:\/\/www.padreydecano.com\/cms\/idolos\/fernando-morena\/","og_site_name":"Padre y Decano - El Sitio del Pueblo","article_modified_time":"2020-10-07T00:38:33+00:00","og_image":[{"url":"https:\/\/www.padreydecano.com\/cms\/wp-content\/uploads\/2012\/02\/morena_82_monumental-150x150.jpg"}],"twitter_card":"summary_large_image","twitter_misc":{"Tiempo de lectura":"3 minutos"},"schema":{"@context":"https:\/\/schema.org","@graph":[{"@type":"WebPage","@id":"https:\/\/www.padreydecano.com\/cms\/idolos\/fernando-morena\/","url":"https:\/\/www.padreydecano.com\/cms\/idolos\/fernando-morena\/","name":"Fernando Morena - Padre y Decano - El Sitio del Pueblo","isPartOf":{"@id":"https:\/\/www.padreydecano.com\/cms\/#website"},"primaryImageOfPage":{"@id":"https:\/\/www.padreydecano.com\/cms\/idolos\/fernando-morena\/#primaryimage"},"image":{"@id":"https:\/\/www.padreydecano.com\/cms\/idolos\/fernando-morena\/#primaryimage"},"thumbnailUrl":"http:\/\/www.padreydecano.com\/cms\/wp-content\/uploads\/2012\/02\/morena_82_monumental2.jpg","datePublished":"2012-02-01T22:46:28+00:00","dateModified":"2020-10-07T00:38:33+00:00","breadcrumb":{"@id":"https:\/\/www.padreydecano.com\/cms\/idolos\/fernando-morena\/#breadcrumb"},"inLanguage":"es","potentialAction":[{"@type":"ReadAction","target":["https:\/\/www.padreydecano.com\/cms\/idolos\/fernando-morena\/"]}]},{"@type":"ImageObject","inLanguage":"es","@id":"https:\/\/www.padreydecano.com\/cms\/idolos\/fernando-morena\/#primaryimage","url":"http:\/\/www.padreydecano.com\/cms\/wp-content\/uploads\/2012\/02\/morena_82_monumental2.jpg","contentUrl":"http:\/\/www.padreydecano.com\/cms\/wp-content\/uploads\/2012\/02\/morena_82_monumental2.jpg"},{"@type":"BreadcrumbList","@id":"https:\/\/www.padreydecano.com\/cms\/idolos\/fernando-morena\/#breadcrumb","itemListElement":[{"@type":"ListItem","position":1,"name":"Portada","item":"https:\/\/www.padreydecano.com\/cms\/"},{"@type":"ListItem","position":2,"name":"\u00cddolos","item":"https:\/\/www.padreydecano.com\/cms\/idolos\/"},{"@type":"ListItem","position":3,"name":"Fernando Morena"}]},{"@type":"WebSite","@id":"https:\/\/www.padreydecano.com\/cms\/#website","url":"https:\/\/www.padreydecano.com\/cms\/","name":"Padre y Decano - El Sitio del Pueblo","description":"Club Atl\u00e9tico Pe\u00f1arol","publisher":{"@id":"https:\/\/www.padreydecano.com\/cms\/#organization"},"potentialAction":[{"@type":"SearchAction","target":{"@type":"EntryPoint","urlTemplate":"https:\/\/www.padreydecano.com\/cms\/?s={search_term_string}"},"query-input":"required name=search_term_string"}],"inLanguage":"es"},{"@type":"Organization","@id":"https:\/\/www.padreydecano.com\/cms\/#organization","name":"Padre y Decano","url":"https:\/\/www.padreydecano.com\/cms\/","logo":{"@type":"ImageObject","inLanguage":"es","@id":"https:\/\/www.padreydecano.com\/cms\/#\/schema\/logo\/image\/","url":"https:\/\/www.padreydecano.com\/cms\/wp-content\/uploads\/2022\/01\/avatar-square.png","contentUrl":"https:\/\/www.padreydecano.com\/cms\/wp-content\/uploads\/2022\/01\/avatar-square.png","width":1500,"height":1500,"caption":"Padre y Decano"},"image":{"@id":"https:\/\/www.padreydecano.com\/cms\/#\/schema\/logo\/image\/"}}]}},"_links":{"self":[{"href":"https:\/\/www.padreydecano.com\/cms\/wp-json\/wp\/v2\/pages\/15124"}],"collection":[{"href":"https:\/\/www.padreydecano.com\/cms\/wp-json\/wp\/v2\/pages"}],"about":[{"href":"https:\/\/www.padreydecano.com\/cms\/wp-json\/wp\/v2\/types\/page"}],"author":[{"embeddable":true,"href":"https:\/\/www.padreydecano.com\/cms\/wp-json\/wp\/v2\/users\/13"}],"replies":[{"embeddable":true,"href":"https:\/\/www.padreydecano.com\/cms\/wp-json\/wp\/v2\/comments?post=15124"}],"version-history":[{"count":0,"href":"https:\/\/www.padreydecano.com\/cms\/wp-json\/wp\/v2\/pages\/15124\/revisions"}],"up":[{"embeddable":true,"href":"https:\/\/www.padreydecano.com\/cms\/wp-json\/wp\/v2\/pages\/69"}],"wp:attachment":[{"href":"https:\/\/www.padreydecano.com\/cms\/wp-json\/wp\/v2\/media?parent=15124"}],"curies":[{"name":"wp","href":"https:\/\/api.w.org\/{rel}","templated":true}]}}