{"id":13662,"date":"2012-01-25T09:36:23","date_gmt":"2012-01-25T11:36:23","guid":{"rendered":"http:\/\/www.padreydecano.com\/cms\/?page_id=13662"},"modified":"2012-01-25T11:50:15","modified_gmt":"2012-01-25T13:50:15","slug":"el-dia-que-venezuela-jugo-con-la-rayada","status":"publish","type":"page","link":"https:\/\/www.padreydecano.com\/cms\/el-baul-de-los-recuerdos\/el-dia-que-venezuela-jugo-con-la-rayada\/","title":{"rendered":"El d\u00eda que Venezuela jug\u00f3 con la rayada"},"content":{"rendered":"<div id=\"attachment_13663\" style=\"width: 250px\" class=\"wp-caption alignright\"><a href=\"https:\/\/www.padreydecano.com\/cms\/wp-content\/uploads\/2012\/01\/Venezuela-Amarillo-y-Negro.jpg\" rel=\"shadowbox[sbpost-13662];player=img;\"><img loading=\"lazy\" decoding=\"async\" aria-describedby=\"caption-attachment-13663\" class=\" wp-image-13663 \" src=\"https:\/\/www.padreydecano.com\/cms\/wp-content\/uploads\/2012\/01\/Venezuela-Amarillo-y-Negro-300x191.jpg\" alt=\"\" width=\"240\" height=\"153\" srcset=\"https:\/\/www.padreydecano.com\/cms\/wp-content\/uploads\/2012\/01\/Venezuela-Amarillo-y-Negro-300x191.jpg 300w, https:\/\/www.padreydecano.com\/cms\/wp-content\/uploads\/2012\/01\/Venezuela-Amarillo-y-Negro.jpg 560w\" sizes=\"(max-width: 240px) 100vw, 240px\" \/><\/a><p id=\"caption-attachment-13663\" class=\"wp-caption-text\">La selecci\u00f3n venezolana con la amarilla y negra<\/p><\/div>\n<p style=\"text-align: justify;\">Queremos compartir esta curiosa historia que sucedi\u00f3 en la Copa Am\u00e9rica de 1967, cuando la selecci\u00f3n vinotinto particip\u00f3 por primera vez en el torneo continental. En aquella \u00e9poca, la indumentaria de la selecci\u00f3n caribe\u00f1a era de color rojo, id\u00e9ntica a la selecci\u00f3n chilena.<\/p>\n<p style=\"text-align: justify;\">En el debut de aquel a\u00f1o, se dio la casualidad que en el primer partido se enfrentaran venezolanos y chilenos. Los equipos no ten\u00edan indumentaria alternativa, por lo que la organizaci\u00f3n del torneo tuvo que buscar en el dep\u00f3sito del Estadio Centenario camisetas para poder diferenciar a los jugadores. Fue ah\u00ed que se encontraron con las camisetas de Pe\u00f1arol, el flamante campe\u00f3n de Am\u00e9rica y el Mundo en el a\u00f1o anterior, y Venezuela tuvo que usar la amarilla y negra.<\/p>\n<p style=\"text-align: justify;\">Los jugadores que salieron a la cancha con la gloriosa amarilla y negra fueron Vito Fasano, David Motta, Freddy Elie, Luis Zarzalejo, Jos\u00e9 Vidal, Antonio Ravelo, Sebasti\u00e1n Gala, Argenis Tortolero, Luis Mendoza, Humberto Scovino y Rafael Santana, dirigidos t\u00e9cnicamente por Rafael Franco. Obviamente, la afici\u00f3n presente en el monumento al f\u00fatbol mundial se inclin\u00f3 por Venezuela, aunque finalmente fue Chile quien gan\u00f3 en aquella jornada, con un c\u00f3modo 2 a 0 con anotaciones de Marcos.<\/p>\n<div id=\"attachment_13673\" style=\"width: 85px\" class=\"wp-caption alignleft\"><a href=\"https:\/\/www.padreydecano.com\/cms\/wp-content\/uploads\/2012\/01\/Freddy-Ellie.jpg\" rel=\"shadowbox[sbpost-13662];player=img;\"><img loading=\"lazy\" decoding=\"async\" aria-describedby=\"caption-attachment-13673\" class=\" wp-image-13673   \" src=\"https:\/\/www.padreydecano.com\/cms\/wp-content\/uploads\/2012\/01\/Freddy-Ellie.jpg\" alt=\"\" width=\"75\" height=\"105\" \/><\/a><p id=\"caption-attachment-13673\" class=\"wp-caption-text\">Freddy Ellie<\/p><\/div>\n<p style=\"text-align: justify;\">En una entrevista, el ex jugador Freddy Ellie recuerda aquel hecho tan particular: \u00ab<em>Hay una an\u00e9cdota puntual, que el primer juego en el Monumental de Montevideo nos tocaba jugar contra Chile, y el \u00e1rbitro nos exigi\u00f3, nos oblig\u00f3 a que ten\u00edamos que jugar con otra camisa porque se confund\u00eda con la \u00abroja Chilena\u00bb, y\u00a0\u00e9sta ten\u00eda m\u00e1s fuerza en el f\u00fatbol suramericano que nosotros,\u00a0pero nosotros no ten\u00edamos m\u00e1s uniformes, y gracias al equipo uruguayo Pe\u00f1arol, nos prest\u00f3 su camiseta, y Venezuela jug\u00f3 su primer partido oficial de Copa Am\u00e9rica, con la franela del Pe\u00f1arol.<br \/>\nCuesti\u00f3n que sin querer nos hicimos muchos adeptos inmediatamente, ya que ese equipo es de tradici\u00f3n en Uruguay\u00bb<\/em>.<\/p>\n<p style=\"text-align: justify;\">Uruguay se consagr\u00f3 campe\u00f3n de ese torneo tras derrotar en el \u00faltimo partido a Argentina por 1 a 0, siendo el gol de la jornada convertido por la gloria carbonera <strong>Pedro Virgilio Rocha<\/strong>. La anotaci\u00f3n se dio en el arco de la Colombes frente al gran arquero argentino Roma.<\/p>\n","protected":false},"excerpt":{"rendered":"<p>Queremos compartir esta curiosa historia que sucedi\u00f3 en la Copa Am\u00e9rica de 1967, cuando la selecci\u00f3n vinotinto particip\u00f3 por primera vez en el torneo continental. En aquella \u00e9poca, la indumentaria de la selecci\u00f3n caribe\u00f1a era de color rojo, id\u00e9ntica a la selecci\u00f3n chilena. En el debut de aquel a\u00f1o, se dio la casualidad que en [&hellip;]<\/p>\n","protected":false},"author":13,"featured_media":0,"parent":13741,"menu_order":11,"comment_status":"open","ping_status":"open","template":"","meta":{"footnotes":""},"yoast_head":"<!-- This site is optimized with the Yoast SEO plugin v23.2 - https:\/\/yoast.com\/wordpress\/plugins\/seo\/ -->\n<title>El d\u00eda que Venezuela jug\u00f3 con la rayada - Padre y Decano - El Sitio del Pueblo<\/title>\n<meta name=\"robots\" content=\"index, follow, max-snippet:-1, max-image-preview:large, max-video-preview:-1\" \/>\n<link rel=\"canonical\" href=\"https:\/\/www.padreydecano.com\/cms\/el-baul-de-los-recuerdos\/el-dia-que-venezuela-jugo-con-la-rayada\/\" \/>\n<meta property=\"og:locale\" content=\"es_ES\" \/>\n<meta property=\"og:type\" content=\"article\" \/>\n<meta property=\"og:title\" content=\"El d\u00eda que Venezuela jug\u00f3 con la rayada - Padre y Decano - El Sitio del Pueblo\" \/>\n<meta property=\"og:description\" content=\"Queremos compartir esta curiosa historia que sucedi\u00f3 en la Copa Am\u00e9rica de 1967, cuando la selecci\u00f3n vinotinto particip\u00f3 por primera vez en el torneo continental. En aquella \u00e9poca, la indumentaria de la selecci\u00f3n caribe\u00f1a era de color rojo, id\u00e9ntica a la selecci\u00f3n chilena. En el debut de aquel a\u00f1o, se dio la casualidad que en [&hellip;]\" \/>\n<meta property=\"og:url\" content=\"https:\/\/www.padreydecano.com\/cms\/el-baul-de-los-recuerdos\/el-dia-que-venezuela-jugo-con-la-rayada\/\" \/>\n<meta property=\"og:site_name\" content=\"Padre y Decano - El Sitio del Pueblo\" \/>\n<meta property=\"article:modified_time\" content=\"2012-01-25T13:50:15+00:00\" \/>\n<meta property=\"og:image\" content=\"http:\/\/www.padreydecano.com\/cms\/wp-content\/uploads\/2012\/01\/Venezuela-Amarillo-y-Negro-300x191.jpg\" \/>\n<meta name=\"twitter:card\" content=\"summary_large_image\" \/>\n<meta name=\"twitter:label1\" content=\"Tiempo de lectura\" \/>\n\t<meta name=\"twitter:data1\" content=\"2 minutos\" \/>\n<script type=\"application\/ld+json\" class=\"yoast-schema-graph\">{\"@context\":\"https:\/\/schema.org\",\"@graph\":[{\"@type\":\"WebPage\",\"@id\":\"https:\/\/www.padreydecano.com\/cms\/el-baul-de-los-recuerdos\/el-dia-que-venezuela-jugo-con-la-rayada\/\",\"url\":\"https:\/\/www.padreydecano.com\/cms\/el-baul-de-los-recuerdos\/el-dia-que-venezuela-jugo-con-la-rayada\/\",\"name\":\"El d\u00eda que Venezuela jug\u00f3 con la rayada - Padre y Decano - El Sitio del Pueblo\",\"isPartOf\":{\"@id\":\"https:\/\/www.padreydecano.com\/cms\/#website\"},\"primaryImageOfPage\":{\"@id\":\"https:\/\/www.padreydecano.com\/cms\/el-baul-de-los-recuerdos\/el-dia-que-venezuela-jugo-con-la-rayada\/#primaryimage\"},\"image\":{\"@id\":\"https:\/\/www.padreydecano.com\/cms\/el-baul-de-los-recuerdos\/el-dia-que-venezuela-jugo-con-la-rayada\/#primaryimage\"},\"thumbnailUrl\":\"http:\/\/www.padreydecano.com\/cms\/wp-content\/uploads\/2012\/01\/Venezuela-Amarillo-y-Negro-300x191.jpg\",\"datePublished\":\"2012-01-25T11:36:23+00:00\",\"dateModified\":\"2012-01-25T13:50:15+00:00\",\"breadcrumb\":{\"@id\":\"https:\/\/www.padreydecano.com\/cms\/el-baul-de-los-recuerdos\/el-dia-que-venezuela-jugo-con-la-rayada\/#breadcrumb\"},\"inLanguage\":\"es\",\"potentialAction\":[{\"@type\":\"ReadAction\",\"target\":[\"https:\/\/www.padreydecano.com\/cms\/el-baul-de-los-recuerdos\/el-dia-que-venezuela-jugo-con-la-rayada\/\"]}]},{\"@type\":\"ImageObject\",\"inLanguage\":\"es\",\"@id\":\"https:\/\/www.padreydecano.com\/cms\/el-baul-de-los-recuerdos\/el-dia-que-venezuela-jugo-con-la-rayada\/#primaryimage\",\"url\":\"http:\/\/www.padreydecano.com\/cms\/wp-content\/uploads\/2012\/01\/Venezuela-Amarillo-y-Negro-300x191.jpg\",\"contentUrl\":\"http:\/\/www.padreydecano.com\/cms\/wp-content\/uploads\/2012\/01\/Venezuela-Amarillo-y-Negro-300x191.jpg\"},{\"@type\":\"BreadcrumbList\",\"@id\":\"https:\/\/www.padreydecano.com\/cms\/el-baul-de-los-recuerdos\/el-dia-que-venezuela-jugo-con-la-rayada\/#breadcrumb\",\"itemListElement\":[{\"@type\":\"ListItem\",\"position\":1,\"name\":\"Portada\",\"item\":\"https:\/\/www.padreydecano.com\/cms\/\"},{\"@type\":\"ListItem\",\"position\":2,\"name\":\"El Ba\u00fal de los Recuerdos\",\"item\":\"https:\/\/www.padreydecano.com\/cms\/el-baul-de-los-recuerdos\/\"},{\"@type\":\"ListItem\",\"position\":3,\"name\":\"El d\u00eda que Venezuela jug\u00f3 con la rayada\"}]},{\"@type\":\"WebSite\",\"@id\":\"https:\/\/www.padreydecano.com\/cms\/#website\",\"url\":\"https:\/\/www.padreydecano.com\/cms\/\",\"name\":\"Padre y Decano - El Sitio del Pueblo\",\"description\":\"Club Atl\u00e9tico Pe\u00f1arol\",\"publisher\":{\"@id\":\"https:\/\/www.padreydecano.com\/cms\/#organization\"},\"potentialAction\":[{\"@type\":\"SearchAction\",\"target\":{\"@type\":\"EntryPoint\",\"urlTemplate\":\"https:\/\/www.padreydecano.com\/cms\/?s={search_term_string}\"},\"query-input\":\"required name=search_term_string\"}],\"inLanguage\":\"es\"},{\"@type\":\"Organization\",\"@id\":\"https:\/\/www.padreydecano.com\/cms\/#organization\",\"name\":\"Padre y Decano\",\"url\":\"https:\/\/www.padreydecano.com\/cms\/\",\"logo\":{\"@type\":\"ImageObject\",\"inLanguage\":\"es\",\"@id\":\"https:\/\/www.padreydecano.com\/cms\/#\/schema\/logo\/image\/\",\"url\":\"https:\/\/www.padreydecano.com\/cms\/wp-content\/uploads\/2022\/01\/avatar-square.png\",\"contentUrl\":\"https:\/\/www.padreydecano.com\/cms\/wp-content\/uploads\/2022\/01\/avatar-square.png\",\"width\":1500,\"height\":1500,\"caption\":\"Padre y Decano\"},\"image\":{\"@id\":\"https:\/\/www.padreydecano.com\/cms\/#\/schema\/logo\/image\/\"}}]}<\/script>\n<!-- \/ Yoast SEO plugin. -->","yoast_head_json":{"title":"El d\u00eda que Venezuela jug\u00f3 con la rayada - Padre y Decano - El Sitio del Pueblo","robots":{"index":"index","follow":"follow","max-snippet":"max-snippet:-1","max-image-preview":"max-image-preview:large","max-video-preview":"max-video-preview:-1"},"canonical":"https:\/\/www.padreydecano.com\/cms\/el-baul-de-los-recuerdos\/el-dia-que-venezuela-jugo-con-la-rayada\/","og_locale":"es_ES","og_type":"article","og_title":"El d\u00eda que Venezuela jug\u00f3 con la rayada - Padre y Decano - El Sitio del Pueblo","og_description":"Queremos compartir esta curiosa historia que sucedi\u00f3 en la Copa Am\u00e9rica de 1967, cuando la selecci\u00f3n vinotinto particip\u00f3 por primera vez en el torneo continental. En aquella \u00e9poca, la indumentaria de la selecci\u00f3n caribe\u00f1a era de color rojo, id\u00e9ntica a la selecci\u00f3n chilena. En el debut de aquel a\u00f1o, se dio la casualidad que en [&hellip;]","og_url":"https:\/\/www.padreydecano.com\/cms\/el-baul-de-los-recuerdos\/el-dia-que-venezuela-jugo-con-la-rayada\/","og_site_name":"Padre y Decano - El Sitio del Pueblo","article_modified_time":"2012-01-25T13:50:15+00:00","og_image":[{"url":"http:\/\/www.padreydecano.com\/cms\/wp-content\/uploads\/2012\/01\/Venezuela-Amarillo-y-Negro-300x191.jpg"}],"twitter_card":"summary_large_image","twitter_misc":{"Tiempo de lectura":"2 minutos"},"schema":{"@context":"https:\/\/schema.org","@graph":[{"@type":"WebPage","@id":"https:\/\/www.padreydecano.com\/cms\/el-baul-de-los-recuerdos\/el-dia-que-venezuela-jugo-con-la-rayada\/","url":"https:\/\/www.padreydecano.com\/cms\/el-baul-de-los-recuerdos\/el-dia-que-venezuela-jugo-con-la-rayada\/","name":"El d\u00eda que Venezuela jug\u00f3 con la rayada - Padre y Decano - El Sitio del Pueblo","isPartOf":{"@id":"https:\/\/www.padreydecano.com\/cms\/#website"},"primaryImageOfPage":{"@id":"https:\/\/www.padreydecano.com\/cms\/el-baul-de-los-recuerdos\/el-dia-que-venezuela-jugo-con-la-rayada\/#primaryimage"},"image":{"@id":"https:\/\/www.padreydecano.com\/cms\/el-baul-de-los-recuerdos\/el-dia-que-venezuela-jugo-con-la-rayada\/#primaryimage"},"thumbnailUrl":"http:\/\/www.padreydecano.com\/cms\/wp-content\/uploads\/2012\/01\/Venezuela-Amarillo-y-Negro-300x191.jpg","datePublished":"2012-01-25T11:36:23+00:00","dateModified":"2012-01-25T13:50:15+00:00","breadcrumb":{"@id":"https:\/\/www.padreydecano.com\/cms\/el-baul-de-los-recuerdos\/el-dia-que-venezuela-jugo-con-la-rayada\/#breadcrumb"},"inLanguage":"es","potentialAction":[{"@type":"ReadAction","target":["https:\/\/www.padreydecano.com\/cms\/el-baul-de-los-recuerdos\/el-dia-que-venezuela-jugo-con-la-rayada\/"]}]},{"@type":"ImageObject","inLanguage":"es","@id":"https:\/\/www.padreydecano.com\/cms\/el-baul-de-los-recuerdos\/el-dia-que-venezuela-jugo-con-la-rayada\/#primaryimage","url":"http:\/\/www.padreydecano.com\/cms\/wp-content\/uploads\/2012\/01\/Venezuela-Amarillo-y-Negro-300x191.jpg","contentUrl":"http:\/\/www.padreydecano.com\/cms\/wp-content\/uploads\/2012\/01\/Venezuela-Amarillo-y-Negro-300x191.jpg"},{"@type":"BreadcrumbList","@id":"https:\/\/www.padreydecano.com\/cms\/el-baul-de-los-recuerdos\/el-dia-que-venezuela-jugo-con-la-rayada\/#breadcrumb","itemListElement":[{"@type":"ListItem","position":1,"name":"Portada","item":"https:\/\/www.padreydecano.com\/cms\/"},{"@type":"ListItem","position":2,"name":"El Ba\u00fal de los Recuerdos","item":"https:\/\/www.padreydecano.com\/cms\/el-baul-de-los-recuerdos\/"},{"@type":"ListItem","position":3,"name":"El d\u00eda que Venezuela jug\u00f3 con la rayada"}]},{"@type":"WebSite","@id":"https:\/\/www.padreydecano.com\/cms\/#website","url":"https:\/\/www.padreydecano.com\/cms\/","name":"Padre y Decano - El Sitio del Pueblo","description":"Club Atl\u00e9tico Pe\u00f1arol","publisher":{"@id":"https:\/\/www.padreydecano.com\/cms\/#organization"},"potentialAction":[{"@type":"SearchAction","target":{"@type":"EntryPoint","urlTemplate":"https:\/\/www.padreydecano.com\/cms\/?s={search_term_string}"},"query-input":"required name=search_term_string"}],"inLanguage":"es"},{"@type":"Organization","@id":"https:\/\/www.padreydecano.com\/cms\/#organization","name":"Padre y Decano","url":"https:\/\/www.padreydecano.com\/cms\/","logo":{"@type":"ImageObject","inLanguage":"es","@id":"https:\/\/www.padreydecano.com\/cms\/#\/schema\/logo\/image\/","url":"https:\/\/www.padreydecano.com\/cms\/wp-content\/uploads\/2022\/01\/avatar-square.png","contentUrl":"https:\/\/www.padreydecano.com\/cms\/wp-content\/uploads\/2022\/01\/avatar-square.png","width":1500,"height":1500,"caption":"Padre y Decano"},"image":{"@id":"https:\/\/www.padreydecano.com\/cms\/#\/schema\/logo\/image\/"}}]}},"_links":{"self":[{"href":"https:\/\/www.padreydecano.com\/cms\/wp-json\/wp\/v2\/pages\/13662"}],"collection":[{"href":"https:\/\/www.padreydecano.com\/cms\/wp-json\/wp\/v2\/pages"}],"about":[{"href":"https:\/\/www.padreydecano.com\/cms\/wp-json\/wp\/v2\/types\/page"}],"author":[{"embeddable":true,"href":"https:\/\/www.padreydecano.com\/cms\/wp-json\/wp\/v2\/users\/13"}],"replies":[{"embeddable":true,"href":"https:\/\/www.padreydecano.com\/cms\/wp-json\/wp\/v2\/comments?post=13662"}],"version-history":[{"count":0,"href":"https:\/\/www.padreydecano.com\/cms\/wp-json\/wp\/v2\/pages\/13662\/revisions"}],"up":[{"embeddable":true,"href":"https:\/\/www.padreydecano.com\/cms\/wp-json\/wp\/v2\/pages\/13741"}],"wp:attachment":[{"href":"https:\/\/www.padreydecano.com\/cms\/wp-json\/wp\/v2\/media?parent=13662"}],"curies":[{"name":"wp","href":"https:\/\/api.w.org\/{rel}","templated":true}]}}