{"id":13023,"date":"2012-01-24T11:00:15","date_gmt":"2012-01-24T13:00:15","guid":{"rendered":"http:\/\/www.padreydecano.com\/cms\/?page_id=13023"},"modified":"2012-04-17T12:11:36","modified_gmt":"2012-04-17T15:11:36","slug":"la-campana-de-1905","status":"publish","type":"page","link":"https:\/\/www.padreydecano.com\/cms\/campanas-historicas\/la-campana-de-1905\/","title":{"rendered":"La Campa\u00f1a de 1905"},"content":{"rendered":"<div id=\"attachment_13024\" style=\"width: 616px\" class=\"wp-caption aligncenter\"><a href=\"https:\/\/www.padreydecano.com\/cms\/wp-content\/uploads\/2012\/01\/1905.jpg\" rel=\"shadowbox[sbpost-13023];player=img;\"><img loading=\"lazy\" decoding=\"async\" aria-describedby=\"caption-attachment-13024\" class=\" wp-image-13024\" src=\"https:\/\/www.padreydecano.com\/cms\/wp-content\/uploads\/2012\/01\/1905.jpg\" alt=\"\" width=\"606\" height=\"398\" srcset=\"https:\/\/www.padreydecano.com\/cms\/wp-content\/uploads\/2012\/01\/1905.jpg 914w, https:\/\/www.padreydecano.com\/cms\/wp-content\/uploads\/2012\/01\/1905-300x196.jpg 300w\" sizes=\"(max-width: 606px) 100vw, 606px\" \/><\/a><p id=\"caption-attachment-13024\" class=\"wp-caption-text\">Arriba: Francisco Carbone, Germ\u00e1n Ar\u00edmalo. Centro: \u00c1ngel Irisarri, Edmundo Acebedo, Luis Carbone, Guillermo Davies, Lorenzo Mazzucco, Ceferino Camacho. Abajo: Juan Pena, Aniceto Camacho, Eugenio Ma\u00f1ana y Pedro Zibecci.<\/p><\/div>\n<p style=\"text-align: justify; margin-top: 15px;\">El plantel de Pe\u00f1arol para el a\u00f1o 1905 era constituido \u00edntegramente por jugadores criollos: <strong>Pancho Carbone en el arco; Davies e Irrisarri de backs; Mazzucco, Luis Carbone y Ceferino Camacho en la l\u00ednea media; Pena, Acebedo, Aniceto Camacho, Ma\u00f1ana y Pedro Carbone en ofensiva<\/strong>. Para ese campeonato de Liga se inscribieron el Teutonia (ex Deustcher), Wanderers, Albion y Nacional, aunque al final el Albion no se presentar\u00eda a jugar.<\/p>\n<p style=\"text-align: justify;\">Si bien se anticipaban partidos emocionantes, tambi\u00e9n se sab\u00eda que el campeonato se definir\u00eda entre los cuadros grandes del f\u00fatbol uruguayo. El 14 de mayo de 1905 se disput\u00f3 el cl\u00e1sico en \u00a0el Parque Central con el arbitraje de Carlos Sturzenegger. Pe\u00f1arol abri\u00f3 el marcador con gol de Juan Pena, y Bol\u00edvar C\u00e9spedes empat\u00f3 en los \u00faltimos 15 minutos del encuentro. \u201c<em>Se protest\u00f3 offside y la exaltaci\u00f3n del p\u00fablico llev\u00f3 a invadir la cancha, de manera que el \u00e1rbitro suspendi\u00f3 el partido y la League lo anul\u00f3<\/em>\u201d (Luciano \u00c1lvarez, La Historia de Pe\u00f1arol).<\/p>\n<p style=\"text-align: justify;\">El 9 de julio se volvi\u00f3 a jugar el partido en el Parque Central, pero otro esc\u00e1ndalo oblig\u00f3 al \u00e1rbitro a suspenderlo; hab\u00eda falta de garant\u00edas y la League volvi\u00f3 a anularlo. El tercer encuentro lo gan\u00f3 Pe\u00f1arol 2 a 0 con goles de Aniceto Camacho y Juan Pena. Este cl\u00e1sico se jug\u00f3 el 6 de agosto.<\/p>\n<p style=\"text-align: justify;\">\u201c<em>El encuentro decisivo se jug\u00f3 en la segunda rueda. Pe\u00f1arol manten\u00eda un invicto perfecto sin ning\u00fan gol en su arco. Desde el mediod\u00eda de aquel 1 de octubre de 1905, una muchedumbre se dirigi\u00f3 hacia el parque central. Desde la Villa Pe\u00f1arol partieron 2 trenes especialmente dispuestos; de todos los rincones de la ciudad tambi\u00e9n llegaba p\u00fablico enfervorizado. Los futbolistas viajaron en su transporte habitual; el Break que desde 1892 se le alquilaba a Santiago Viglietti, el mayor transportista de la zona<\/em>\u201d (Luciano \u00c1lvarez, La Historia de Pe\u00f1arol).<\/p>\n<p style=\"text-align: justify;\">Con gol de Aniceto Camacho, Pe\u00f1arol derrot\u00f3 al tradicional rival por 1 a 0 y obtuvo un triunfo important\u00edsimo que posibilit\u00f3 el tercer titulo de campe\u00f3n uruguayo, y la haza\u00f1a jam\u00e1s igualada de <strong>ganar todos los partidos sin recibir siquiera un gol<\/strong>. Aquella tarde, Pe\u00f1arol form\u00f3 con <strong>Pancho Carbone, Angel Irrisabi y William Davis, Aniceto Camacho, Lorenzo Mazzucco y Luis Carbone; Juan Pena, Edmundo Acebedo, Ceferino Camacho, Eugenio Ma\u00f1ana y Pedro Zibecci.<\/strong><\/p>\n<p style=\"text-align: justify;\">Otros jugadores que integraron el plantel fueron Germ\u00e1n Ar\u00edmalo, Pedro Carbone, Mario Devicenzi, Roberto Matheson, Jorge Lois y Sagunto Espinoza, que escribi\u00f3 un <em>Himno a Pe\u00f1arol<\/em> :<\/p>\n<p style=\"text-align: center;\"><em>Los contrarios footballenses<\/em><\/p>\n<p style=\"text-align: center;\"><em>Excitan nuestro vigor<\/em><\/p>\n<p style=\"text-align: center;\"><em>\u00bfO\u00eds sus gritos triunfales?<\/em><\/p>\n<p style=\"text-align: center;\"><em>Pues hag\u00e1mosles saber <\/em><\/p>\n<p style=\"text-align: center;\"><em>Que en el deporte leales<\/em><\/p>\n<p style=\"text-align: center;\"><em>Nadie nos puede nos puede vencer.<\/em><\/p>\n<p style=\"text-align: center;\"><em>(\u2026)<\/em><\/p>\n<p style=\"text-align: center;\"><em>Altivos, cultos, unidos<\/em><\/p>\n<p style=\"text-align: center;\"><em>Descollemos en la acci\u00f3n<\/em><\/p>\n<p style=\"text-align: center;\"><em>Aclamando a los vencidos.<\/em><\/p>\n<p style=\"text-align: justify;\">Dos semanas despu\u00e9s del cl\u00e1sico decisivo se jug\u00f3 otro por motivo de la muerte de viruela de dos de los hermanos C\u00e9spedes <strong>(sus padres se hab\u00edan negado a vacunarlos).<\/strong> Se propuso un partido homenaje para financiar el costo de la placa que se coloc\u00f3 en la tumba. <strong>Pe\u00f1arol derrot\u00f3 a Nacional 4 a 0<\/strong> con dos goles de Juan Pena y dos de Jorge Lois.<\/p>\n<p style=\"text-align: justify;\">Este campeonato de 1905 fue el \u00faltimo que tuvo a Frank Hudson como presidente de Pe\u00f1arol, ya que al a\u00f1o siguiente llegaba Mr. Charles Baine para sustituirlo en el puesto de administrador general del ferrocarril.<\/p>\n<p style=\"text-align: justify;\">Posteriormente, nos enfrentamos ante el poderoso Alumni para disputar el trofeo Copa Competencia Chevallier Boutell. El 13 de agosto de 1905 en el Parque central derrotamos al equipo argentino con gol de Pedro Zibecci ante el portero Laforia, para de esa manera decretar el 1 a 0.<\/p>\n<p style=\"text-align: center;\"><strong><span style=\"color: #ffcc02;\"><br \/>\nCampa\u00f1a Partido a Partido<\/span><\/strong><\/p>\n<div align=\"center\">\n<table class=\"comun\" style=\"width: 500px; margin-top: 15px; margin-bottom: 20px;\">\n<tbody>\n<tr>\n<td>21\/05\/1905<\/td>\n<td><span style=\"color: #ffcc02;\"><strong>Pe\u00f1arol<\/strong><\/span><\/td>\n<td width=\"30\"><span style=\"color: #ffcc02;\"><strong>2<\/strong><\/span><\/td>\n<td style=\"text-align: left;\" width=\"30\">0<\/td>\n<td>Teutonia<\/td>\n<td>(Parque Central)<\/td>\n<\/tr>\n<tr>\n<td>01\/06\/1905<\/td>\n<td><span style=\"color: #ffcc02;\"><strong>Pe\u00f1arol<\/strong><\/span><\/td>\n<td><span style=\"color: #ffcc02;\"><strong>2<\/strong><\/span><\/td>\n<td style=\"text-align: left;\">0<\/td>\n<td>Albion (w.o.)<\/td>\n<td>(Paso Molino)<\/td>\n<\/tr>\n<tr>\n<td>18\/06\/1905<\/td>\n<td><span style=\"color: #ffcc02;\"><strong>Pe\u00f1arol<\/strong><\/span><\/td>\n<td><span style=\"color: #ffcc02;\"><strong>2<\/strong><\/span><\/td>\n<td style=\"text-align: left;\">0<\/td>\n<td>Wanderers<\/td>\n<td>(Mill\u00e1n)<\/td>\n<\/tr>\n<tr>\n<td>25\/06\/1905<\/td>\n<td><span style=\"color: #ffcc02;\"><strong>Pe\u00f1arol<\/strong><\/span><\/td>\n<td><span style=\"color: #ffcc02;\"><strong>2<\/strong><\/span><\/td>\n<td style=\"text-align: left;\">0<\/td>\n<td>Albion (w.o.)<\/td>\n<td>(Villa Pe\u00f1arol)<\/td>\n<\/tr>\n<tr>\n<td>18\/07\/1905<\/td>\n<td><span style=\"color: #ffcc02;\"><strong>Pe\u00f1arol<\/strong><\/span><\/td>\n<td><span style=\"color: #ffcc02;\"><strong>1<\/strong><\/span><\/td>\n<td style=\"text-align: left;\">0<\/td>\n<td>Wanderers<\/td>\n<td>(Villa Pe\u00f1arol)<\/td>\n<\/tr>\n<tr>\n<td>06\/08\/1905<\/td>\n<td><span style=\"color: #ffcc02;\"><strong>Pe\u00f1arol<\/strong><\/span><\/td>\n<td><span style=\"color: #ffcc02;\"><strong>2<\/strong><\/span><\/td>\n<td style=\"text-align: left;\">0<\/td>\n<td>Nacional<\/td>\n<td>(Villa Pe\u00f1arol)<\/td>\n<\/tr>\n<tr>\n<td>01\/10\/1905<\/td>\n<td>Nacional<\/td>\n<td>0<\/td>\n<td style=\"text-align: left;\"><span style=\"color: #ffcc02;\"><strong>1<\/strong><\/span><\/td>\n<td><span style=\"color: #ffcc02;\"><strong>Pe\u00f1arol<\/strong><\/span><\/td>\n<td>(Parque Central)<\/td>\n<\/tr>\n<tr>\n<td>08\/10\/1905<\/td>\n<td><span style=\"color: #ffcc02;\"><strong>Pe\u00f1arol<\/strong><\/span><\/td>\n<td><span style=\"color: #ffcc02;\"><strong>2<\/strong><\/span><\/td>\n<td style=\"text-align: left;\">0<\/td>\n<td>Teutonia (w.o.)<\/td>\n<td>(Villa Pe\u00f1arol)<\/td>\n<\/tr>\n<\/tbody>\n<\/table>\n<p><span style=\"color: #ffcc02;\"><strong>Tabla de posiciones<\/strong><\/span><\/p>\n<table class=\"comun\" style=\"width: 250px;\">\n<tbody>\n<tr>\n<td><strong>Equipo<\/strong><\/td>\n<td>\n<div align=\"center\"><strong>PJ<\/strong><\/div>\n<\/td>\n<td>\n<div align=\"center\"><strong>PG<\/strong><\/div>\n<\/td>\n<td>\n<div align=\"center\"><strong>PP<\/strong><\/div>\n<\/td>\n<td>\n<div align=\"center\"><strong>PE<\/strong><\/div>\n<\/td>\n<td>\n<div align=\"center\"><strong>GF<\/strong><\/div>\n<\/td>\n<td>\n<div align=\"center\"><strong>GC<\/strong><\/div>\n<\/td>\n<td>\n<div align=\"center\"><strong>PTS<\/strong><\/div>\n<\/td>\n<\/tr>\n<tr>\n<td><span style=\"color: #ffcc02;\"><strong>Pe\u00f1arol<\/strong><\/span><\/td>\n<td>\n<div align=\"center\"><span style=\"color: #ffcc02;\"><strong>8<\/strong><\/span><\/div>\n<\/td>\n<td>\n<div align=\"center\"><span style=\"color: #ffcc02;\"><strong>8<\/strong><\/span><\/div>\n<\/td>\n<td>\n<div align=\"center\"><span style=\"color: #ffcc02;\"><strong>0<\/strong><\/span><\/div>\n<\/td>\n<td>\n<div align=\"center\"><span style=\"color: #ffcc02;\"><strong>0<\/strong><\/span><\/div>\n<\/td>\n<td>\n<div align=\"center\"><span style=\"color: #ffcc02;\"><strong>14<\/strong><\/span><\/div>\n<\/td>\n<td>\n<div align=\"center\"><span style=\"color: #ffcc02;\"><strong>0<\/strong><\/span><\/div>\n<\/td>\n<td>\n<div align=\"center\"><span style=\"color: #ffcc02;\"><strong>16<\/strong><\/span><\/div>\n<\/td>\n<\/tr>\n<tr>\n<td>Nacional<\/td>\n<td>\n<div align=\"center\">8<\/div>\n<\/td>\n<td>\n<div align=\"center\">6<\/div>\n<\/td>\n<td>\n<div align=\"center\">2<\/div>\n<\/td>\n<td>\n<div align=\"center\">0<\/div>\n<\/td>\n<td>\n<div align=\"center\">14<\/div>\n<\/td>\n<td>\n<div align=\"center\">7<\/div>\n<\/td>\n<td>\n<div align=\"center\">12<\/div>\n<\/td>\n<\/tr>\n<tr>\n<td>Wanderers<\/td>\n<td>\n<div align=\"center\">8<\/div>\n<\/td>\n<td>\n<div align=\"center\">3<\/div>\n<\/td>\n<td>\n<div align=\"center\">4<\/div>\n<\/td>\n<td>\n<div align=\"center\">1<\/div>\n<\/td>\n<td>\n<div align=\"center\">7<\/div>\n<\/td>\n<td>\n<div align=\"center\">9<\/div>\n<\/td>\n<td>\n<div align=\"center\">7<\/div>\n<\/td>\n<\/tr>\n<\/tbody>\n<\/table>\n<\/div>\n","protected":false},"excerpt":{"rendered":"<p>El plantel de Pe\u00f1arol para el a\u00f1o 1905 era constituido \u00edntegramente por jugadores criollos: Pancho Carbone en el arco; Davies e Irrisarri de backs; Mazzucco, Luis Carbone y Ceferino Camacho en la l\u00ednea media; Pena, Acebedo, Aniceto Camacho, Ma\u00f1ana y Pedro Carbone en ofensiva. Para ese campeonato de Liga se inscribieron el Teutonia (ex Deustcher), [&hellip;]<\/p>\n","protected":false},"author":13,"featured_media":0,"parent":79,"menu_order":4,"comment_status":"open","ping_status":"open","template":"","meta":{"footnotes":""},"yoast_head":"<!-- This site is optimized with the Yoast SEO plugin v23.2 - https:\/\/yoast.com\/wordpress\/plugins\/seo\/ -->\n<title>La Campa\u00f1a de 1905 - Padre y Decano - El Sitio del Pueblo<\/title>\n<meta name=\"robots\" content=\"index, follow, max-snippet:-1, max-image-preview:large, max-video-preview:-1\" \/>\n<link rel=\"canonical\" href=\"https:\/\/www.padreydecano.com\/cms\/campanas-historicas\/la-campana-de-1905\/\" \/>\n<meta property=\"og:locale\" content=\"es_ES\" \/>\n<meta property=\"og:type\" content=\"article\" \/>\n<meta property=\"og:title\" content=\"La Campa\u00f1a de 1905 - Padre y Decano - El Sitio del Pueblo\" \/>\n<meta property=\"og:description\" content=\"El plantel de Pe\u00f1arol para el a\u00f1o 1905 era constituido \u00edntegramente por jugadores criollos: Pancho Carbone en el arco; Davies e Irrisarri de backs; Mazzucco, Luis Carbone y Ceferino Camacho en la l\u00ednea media; Pena, Acebedo, Aniceto Camacho, Ma\u00f1ana y Pedro Carbone en ofensiva. Para ese campeonato de Liga se inscribieron el Teutonia (ex Deustcher), [&hellip;]\" \/>\n<meta property=\"og:url\" content=\"https:\/\/www.padreydecano.com\/cms\/campanas-historicas\/la-campana-de-1905\/\" \/>\n<meta property=\"og:site_name\" content=\"Padre y Decano - El Sitio del Pueblo\" \/>\n<meta property=\"article:modified_time\" content=\"2012-04-17T15:11:36+00:00\" \/>\n<meta property=\"og:image\" content=\"http:\/\/www.padreydecano.com\/cms\/wp-content\/uploads\/2012\/01\/1905.jpg\" \/>\n<meta name=\"twitter:card\" content=\"summary_large_image\" \/>\n<meta name=\"twitter:label1\" content=\"Tiempo de lectura\" \/>\n\t<meta name=\"twitter:data1\" content=\"4 minutos\" \/>\n<script type=\"application\/ld+json\" class=\"yoast-schema-graph\">{\"@context\":\"https:\/\/schema.org\",\"@graph\":[{\"@type\":\"WebPage\",\"@id\":\"https:\/\/www.padreydecano.com\/cms\/campanas-historicas\/la-campana-de-1905\/\",\"url\":\"https:\/\/www.padreydecano.com\/cms\/campanas-historicas\/la-campana-de-1905\/\",\"name\":\"La Campa\u00f1a de 1905 - Padre y Decano - El Sitio del Pueblo\",\"isPartOf\":{\"@id\":\"https:\/\/www.padreydecano.com\/cms\/#website\"},\"primaryImageOfPage\":{\"@id\":\"https:\/\/www.padreydecano.com\/cms\/campanas-historicas\/la-campana-de-1905\/#primaryimage\"},\"image\":{\"@id\":\"https:\/\/www.padreydecano.com\/cms\/campanas-historicas\/la-campana-de-1905\/#primaryimage\"},\"thumbnailUrl\":\"http:\/\/www.padreydecano.com\/cms\/wp-content\/uploads\/2012\/01\/1905.jpg\",\"datePublished\":\"2012-01-24T13:00:15+00:00\",\"dateModified\":\"2012-04-17T15:11:36+00:00\",\"breadcrumb\":{\"@id\":\"https:\/\/www.padreydecano.com\/cms\/campanas-historicas\/la-campana-de-1905\/#breadcrumb\"},\"inLanguage\":\"es\",\"potentialAction\":[{\"@type\":\"ReadAction\",\"target\":[\"https:\/\/www.padreydecano.com\/cms\/campanas-historicas\/la-campana-de-1905\/\"]}]},{\"@type\":\"ImageObject\",\"inLanguage\":\"es\",\"@id\":\"https:\/\/www.padreydecano.com\/cms\/campanas-historicas\/la-campana-de-1905\/#primaryimage\",\"url\":\"http:\/\/www.padreydecano.com\/cms\/wp-content\/uploads\/2012\/01\/1905.jpg\",\"contentUrl\":\"http:\/\/www.padreydecano.com\/cms\/wp-content\/uploads\/2012\/01\/1905.jpg\"},{\"@type\":\"BreadcrumbList\",\"@id\":\"https:\/\/www.padreydecano.com\/cms\/campanas-historicas\/la-campana-de-1905\/#breadcrumb\",\"itemListElement\":[{\"@type\":\"ListItem\",\"position\":1,\"name\":\"Portada\",\"item\":\"https:\/\/www.padreydecano.com\/cms\/\"},{\"@type\":\"ListItem\",\"position\":2,\"name\":\"Campa\u00f1as Hist\u00f3ricas\",\"item\":\"https:\/\/www.padreydecano.com\/cms\/campanas-historicas\/\"},{\"@type\":\"ListItem\",\"position\":3,\"name\":\"La Campa\u00f1a de 1905\"}]},{\"@type\":\"WebSite\",\"@id\":\"https:\/\/www.padreydecano.com\/cms\/#website\",\"url\":\"https:\/\/www.padreydecano.com\/cms\/\",\"name\":\"Padre y Decano - El Sitio del Pueblo\",\"description\":\"Club Atl\u00e9tico Pe\u00f1arol\",\"publisher\":{\"@id\":\"https:\/\/www.padreydecano.com\/cms\/#organization\"},\"potentialAction\":[{\"@type\":\"SearchAction\",\"target\":{\"@type\":\"EntryPoint\",\"urlTemplate\":\"https:\/\/www.padreydecano.com\/cms\/?s={search_term_string}\"},\"query-input\":\"required name=search_term_string\"}],\"inLanguage\":\"es\"},{\"@type\":\"Organization\",\"@id\":\"https:\/\/www.padreydecano.com\/cms\/#organization\",\"name\":\"Padre y Decano\",\"url\":\"https:\/\/www.padreydecano.com\/cms\/\",\"logo\":{\"@type\":\"ImageObject\",\"inLanguage\":\"es\",\"@id\":\"https:\/\/www.padreydecano.com\/cms\/#\/schema\/logo\/image\/\",\"url\":\"https:\/\/www.padreydecano.com\/cms\/wp-content\/uploads\/2022\/01\/avatar-square.png\",\"contentUrl\":\"https:\/\/www.padreydecano.com\/cms\/wp-content\/uploads\/2022\/01\/avatar-square.png\",\"width\":1500,\"height\":1500,\"caption\":\"Padre y Decano\"},\"image\":{\"@id\":\"https:\/\/www.padreydecano.com\/cms\/#\/schema\/logo\/image\/\"}}]}<\/script>\n<!-- \/ Yoast SEO plugin. -->","yoast_head_json":{"title":"La Campa\u00f1a de 1905 - Padre y Decano - El Sitio del Pueblo","robots":{"index":"index","follow":"follow","max-snippet":"max-snippet:-1","max-image-preview":"max-image-preview:large","max-video-preview":"max-video-preview:-1"},"canonical":"https:\/\/www.padreydecano.com\/cms\/campanas-historicas\/la-campana-de-1905\/","og_locale":"es_ES","og_type":"article","og_title":"La Campa\u00f1a de 1905 - Padre y Decano - El Sitio del Pueblo","og_description":"El plantel de Pe\u00f1arol para el a\u00f1o 1905 era constituido \u00edntegramente por jugadores criollos: Pancho Carbone en el arco; Davies e Irrisarri de backs; Mazzucco, Luis Carbone y Ceferino Camacho en la l\u00ednea media; Pena, Acebedo, Aniceto Camacho, Ma\u00f1ana y Pedro Carbone en ofensiva. Para ese campeonato de Liga se inscribieron el Teutonia (ex Deustcher), [&hellip;]","og_url":"https:\/\/www.padreydecano.com\/cms\/campanas-historicas\/la-campana-de-1905\/","og_site_name":"Padre y Decano - El Sitio del Pueblo","article_modified_time":"2012-04-17T15:11:36+00:00","og_image":[{"url":"http:\/\/www.padreydecano.com\/cms\/wp-content\/uploads\/2012\/01\/1905.jpg"}],"twitter_card":"summary_large_image","twitter_misc":{"Tiempo de lectura":"4 minutos"},"schema":{"@context":"https:\/\/schema.org","@graph":[{"@type":"WebPage","@id":"https:\/\/www.padreydecano.com\/cms\/campanas-historicas\/la-campana-de-1905\/","url":"https:\/\/www.padreydecano.com\/cms\/campanas-historicas\/la-campana-de-1905\/","name":"La Campa\u00f1a de 1905 - Padre y Decano - El Sitio del Pueblo","isPartOf":{"@id":"https:\/\/www.padreydecano.com\/cms\/#website"},"primaryImageOfPage":{"@id":"https:\/\/www.padreydecano.com\/cms\/campanas-historicas\/la-campana-de-1905\/#primaryimage"},"image":{"@id":"https:\/\/www.padreydecano.com\/cms\/campanas-historicas\/la-campana-de-1905\/#primaryimage"},"thumbnailUrl":"http:\/\/www.padreydecano.com\/cms\/wp-content\/uploads\/2012\/01\/1905.jpg","datePublished":"2012-01-24T13:00:15+00:00","dateModified":"2012-04-17T15:11:36+00:00","breadcrumb":{"@id":"https:\/\/www.padreydecano.com\/cms\/campanas-historicas\/la-campana-de-1905\/#breadcrumb"},"inLanguage":"es","potentialAction":[{"@type":"ReadAction","target":["https:\/\/www.padreydecano.com\/cms\/campanas-historicas\/la-campana-de-1905\/"]}]},{"@type":"ImageObject","inLanguage":"es","@id":"https:\/\/www.padreydecano.com\/cms\/campanas-historicas\/la-campana-de-1905\/#primaryimage","url":"http:\/\/www.padreydecano.com\/cms\/wp-content\/uploads\/2012\/01\/1905.jpg","contentUrl":"http:\/\/www.padreydecano.com\/cms\/wp-content\/uploads\/2012\/01\/1905.jpg"},{"@type":"BreadcrumbList","@id":"https:\/\/www.padreydecano.com\/cms\/campanas-historicas\/la-campana-de-1905\/#breadcrumb","itemListElement":[{"@type":"ListItem","position":1,"name":"Portada","item":"https:\/\/www.padreydecano.com\/cms\/"},{"@type":"ListItem","position":2,"name":"Campa\u00f1as Hist\u00f3ricas","item":"https:\/\/www.padreydecano.com\/cms\/campanas-historicas\/"},{"@type":"ListItem","position":3,"name":"La Campa\u00f1a de 1905"}]},{"@type":"WebSite","@id":"https:\/\/www.padreydecano.com\/cms\/#website","url":"https:\/\/www.padreydecano.com\/cms\/","name":"Padre y Decano - El Sitio del Pueblo","description":"Club Atl\u00e9tico Pe\u00f1arol","publisher":{"@id":"https:\/\/www.padreydecano.com\/cms\/#organization"},"potentialAction":[{"@type":"SearchAction","target":{"@type":"EntryPoint","urlTemplate":"https:\/\/www.padreydecano.com\/cms\/?s={search_term_string}"},"query-input":"required name=search_term_string"}],"inLanguage":"es"},{"@type":"Organization","@id":"https:\/\/www.padreydecano.com\/cms\/#organization","name":"Padre y Decano","url":"https:\/\/www.padreydecano.com\/cms\/","logo":{"@type":"ImageObject","inLanguage":"es","@id":"https:\/\/www.padreydecano.com\/cms\/#\/schema\/logo\/image\/","url":"https:\/\/www.padreydecano.com\/cms\/wp-content\/uploads\/2022\/01\/avatar-square.png","contentUrl":"https:\/\/www.padreydecano.com\/cms\/wp-content\/uploads\/2022\/01\/avatar-square.png","width":1500,"height":1500,"caption":"Padre y Decano"},"image":{"@id":"https:\/\/www.padreydecano.com\/cms\/#\/schema\/logo\/image\/"}}]}},"_links":{"self":[{"href":"https:\/\/www.padreydecano.com\/cms\/wp-json\/wp\/v2\/pages\/13023"}],"collection":[{"href":"https:\/\/www.padreydecano.com\/cms\/wp-json\/wp\/v2\/pages"}],"about":[{"href":"https:\/\/www.padreydecano.com\/cms\/wp-json\/wp\/v2\/types\/page"}],"author":[{"embeddable":true,"href":"https:\/\/www.padreydecano.com\/cms\/wp-json\/wp\/v2\/users\/13"}],"replies":[{"embeddable":true,"href":"https:\/\/www.padreydecano.com\/cms\/wp-json\/wp\/v2\/comments?post=13023"}],"version-history":[{"count":0,"href":"https:\/\/www.padreydecano.com\/cms\/wp-json\/wp\/v2\/pages\/13023\/revisions"}],"up":[{"embeddable":true,"href":"https:\/\/www.padreydecano.com\/cms\/wp-json\/wp\/v2\/pages\/79"}],"wp:attachment":[{"href":"https:\/\/www.padreydecano.com\/cms\/wp-json\/wp\/v2\/media?parent=13023"}],"curies":[{"name":"wp","href":"https:\/\/api.w.org\/{rel}","templated":true}]}}