{"id":10887,"date":"2011-12-04T23:07:00","date_gmt":"2011-12-05T01:07:00","guid":{"rendered":"http:\/\/www.padreydecano.com\/cms\/?page_id=10887"},"modified":"2012-04-09T19:03:47","modified_gmt":"2012-04-09T22:03:47","slug":"lorenzo-mazzuco","status":"publish","type":"page","link":"https:\/\/www.padreydecano.com\/cms\/idolos\/lorenzo-mazzuco\/","title":{"rendered":"Lorenzo Mazzuco"},"content":{"rendered":"<p style=\"text-align: justify;\"><img loading=\"lazy\" decoding=\"async\" class=\"alignright size-full wp-image-19918\" src=\"https:\/\/www.padreydecano.com\/cms\/wp-content\/uploads\/2011\/12\/Mazzuco.jpg\" alt=\"\" width=\"130\" height=\"144\" \/>Individuo emotivo y de fuerte personalidad, \u201cera uno de esos jugadores que hablan en los partidos\u201d y sus arengas se hicieron famosas: \u201c\u00a1\u00a1Come on, fellows!!, \u00a1\u00a1Come on, fellows!!\u201d, gritaba para alentar a los suyos.<\/p>\n<p style=\"text-align: justify;\">\u201cMazzuco, que era todo un hombre, cuando volv\u00edamos derrotados a Pe\u00f1arol, en el viejo coche cl\u00e1sico, lloraba como un ni\u00f1o\u2026\u201d, recordar\u00eda a\u00f1os despu\u00e9s otro de los primeros astros criollos, Ceferino Camacho, y agregar\u00eda \u201cYo tambi\u00e9n he llorado muchas veces\u201d.<\/p>\n<p style=\"text-align: justify;\">Lorenzo Mazzuco falleci\u00f3 en plena juventud, el 18 de diciembre de 1909.<\/p>\n","protected":false},"excerpt":{"rendered":"<p>Individuo emotivo y de fuerte personalidad, \u201cera uno de esos jugadores que hablan en los partidos\u201d y sus arengas se hicieron famosas: \u201c\u00a1\u00a1Come on, fellows!!, \u00a1\u00a1Come on, fellows!!\u201d, gritaba para alentar a los suyos. \u201cMazzuco, que era todo un hombre, cuando volv\u00edamos derrotados a Pe\u00f1arol, en el viejo coche cl\u00e1sico, lloraba como un ni\u00f1o\u2026\u201d, recordar\u00eda [&hellip;]<\/p>\n","protected":false},"author":2,"featured_media":0,"parent":69,"menu_order":36,"comment_status":"open","ping_status":"open","template":"","meta":{"footnotes":""},"yoast_head":"<!-- This site is optimized with the Yoast SEO plugin v23.2 - https:\/\/yoast.com\/wordpress\/plugins\/seo\/ -->\n<title>Lorenzo Mazzuco - Padre y Decano - El Sitio del Pueblo<\/title>\n<meta name=\"robots\" content=\"index, follow, max-snippet:-1, max-image-preview:large, max-video-preview:-1\" \/>\n<link rel=\"canonical\" href=\"https:\/\/www.padreydecano.com\/cms\/idolos\/lorenzo-mazzuco\/\" \/>\n<meta property=\"og:locale\" content=\"es_ES\" \/>\n<meta property=\"og:type\" content=\"article\" \/>\n<meta property=\"og:title\" content=\"Lorenzo Mazzuco - Padre y Decano - El Sitio del Pueblo\" \/>\n<meta property=\"og:description\" content=\"Individuo emotivo y de fuerte personalidad, \u201cera uno de esos jugadores que hablan en los partidos\u201d y sus arengas se hicieron famosas: \u201c\u00a1\u00a1Come on, fellows!!, \u00a1\u00a1Come on, fellows!!\u201d, gritaba para alentar a los suyos. \u201cMazzuco, que era todo un hombre, cuando volv\u00edamos derrotados a Pe\u00f1arol, en el viejo coche cl\u00e1sico, lloraba como un ni\u00f1o\u2026\u201d, recordar\u00eda [&hellip;]\" \/>\n<meta property=\"og:url\" content=\"https:\/\/www.padreydecano.com\/cms\/idolos\/lorenzo-mazzuco\/\" \/>\n<meta property=\"og:site_name\" content=\"Padre y Decano - El Sitio del Pueblo\" \/>\n<meta property=\"article:modified_time\" content=\"2012-04-09T22:03:47+00:00\" \/>\n<meta property=\"og:image\" content=\"http:\/\/www.padreydecano.com\/cms\/wp-content\/uploads\/2011\/12\/Mazzuco.jpg\" \/>\n<meta name=\"twitter:card\" content=\"summary_large_image\" \/>\n<script type=\"application\/ld+json\" class=\"yoast-schema-graph\">{\"@context\":\"https:\/\/schema.org\",\"@graph\":[{\"@type\":\"WebPage\",\"@id\":\"https:\/\/www.padreydecano.com\/cms\/idolos\/lorenzo-mazzuco\/\",\"url\":\"https:\/\/www.padreydecano.com\/cms\/idolos\/lorenzo-mazzuco\/\",\"name\":\"Lorenzo Mazzuco - Padre y Decano - El Sitio del Pueblo\",\"isPartOf\":{\"@id\":\"https:\/\/www.padreydecano.com\/cms\/#website\"},\"primaryImageOfPage\":{\"@id\":\"https:\/\/www.padreydecano.com\/cms\/idolos\/lorenzo-mazzuco\/#primaryimage\"},\"image\":{\"@id\":\"https:\/\/www.padreydecano.com\/cms\/idolos\/lorenzo-mazzuco\/#primaryimage\"},\"thumbnailUrl\":\"http:\/\/www.padreydecano.com\/cms\/wp-content\/uploads\/2011\/12\/Mazzuco.jpg\",\"datePublished\":\"2011-12-05T01:07:00+00:00\",\"dateModified\":\"2012-04-09T22:03:47+00:00\",\"breadcrumb\":{\"@id\":\"https:\/\/www.padreydecano.com\/cms\/idolos\/lorenzo-mazzuco\/#breadcrumb\"},\"inLanguage\":\"es\",\"potentialAction\":[{\"@type\":\"ReadAction\",\"target\":[\"https:\/\/www.padreydecano.com\/cms\/idolos\/lorenzo-mazzuco\/\"]}]},{\"@type\":\"ImageObject\",\"inLanguage\":\"es\",\"@id\":\"https:\/\/www.padreydecano.com\/cms\/idolos\/lorenzo-mazzuco\/#primaryimage\",\"url\":\"http:\/\/www.padreydecano.com\/cms\/wp-content\/uploads\/2011\/12\/Mazzuco.jpg\",\"contentUrl\":\"http:\/\/www.padreydecano.com\/cms\/wp-content\/uploads\/2011\/12\/Mazzuco.jpg\"},{\"@type\":\"BreadcrumbList\",\"@id\":\"https:\/\/www.padreydecano.com\/cms\/idolos\/lorenzo-mazzuco\/#breadcrumb\",\"itemListElement\":[{\"@type\":\"ListItem\",\"position\":1,\"name\":\"Portada\",\"item\":\"https:\/\/www.padreydecano.com\/cms\/\"},{\"@type\":\"ListItem\",\"position\":2,\"name\":\"\u00cddolos\",\"item\":\"https:\/\/www.padreydecano.com\/cms\/idolos\/\"},{\"@type\":\"ListItem\",\"position\":3,\"name\":\"Lorenzo Mazzuco\"}]},{\"@type\":\"WebSite\",\"@id\":\"https:\/\/www.padreydecano.com\/cms\/#website\",\"url\":\"https:\/\/www.padreydecano.com\/cms\/\",\"name\":\"Padre y Decano - El Sitio del Pueblo\",\"description\":\"Club Atl\u00e9tico Pe\u00f1arol\",\"publisher\":{\"@id\":\"https:\/\/www.padreydecano.com\/cms\/#organization\"},\"potentialAction\":[{\"@type\":\"SearchAction\",\"target\":{\"@type\":\"EntryPoint\",\"urlTemplate\":\"https:\/\/www.padreydecano.com\/cms\/?s={search_term_string}\"},\"query-input\":\"required name=search_term_string\"}],\"inLanguage\":\"es\"},{\"@type\":\"Organization\",\"@id\":\"https:\/\/www.padreydecano.com\/cms\/#organization\",\"name\":\"Padre y Decano\",\"url\":\"https:\/\/www.padreydecano.com\/cms\/\",\"logo\":{\"@type\":\"ImageObject\",\"inLanguage\":\"es\",\"@id\":\"https:\/\/www.padreydecano.com\/cms\/#\/schema\/logo\/image\/\",\"url\":\"https:\/\/www.padreydecano.com\/cms\/wp-content\/uploads\/2022\/01\/avatar-square.png\",\"contentUrl\":\"https:\/\/www.padreydecano.com\/cms\/wp-content\/uploads\/2022\/01\/avatar-square.png\",\"width\":1500,\"height\":1500,\"caption\":\"Padre y Decano\"},\"image\":{\"@id\":\"https:\/\/www.padreydecano.com\/cms\/#\/schema\/logo\/image\/\"}}]}<\/script>\n<!-- \/ Yoast SEO plugin. -->","yoast_head_json":{"title":"Lorenzo Mazzuco - Padre y Decano - El Sitio del Pueblo","robots":{"index":"index","follow":"follow","max-snippet":"max-snippet:-1","max-image-preview":"max-image-preview:large","max-video-preview":"max-video-preview:-1"},"canonical":"https:\/\/www.padreydecano.com\/cms\/idolos\/lorenzo-mazzuco\/","og_locale":"es_ES","og_type":"article","og_title":"Lorenzo Mazzuco - Padre y Decano - El Sitio del Pueblo","og_description":"Individuo emotivo y de fuerte personalidad, \u201cera uno de esos jugadores que hablan en los partidos\u201d y sus arengas se hicieron famosas: \u201c\u00a1\u00a1Come on, fellows!!, \u00a1\u00a1Come on, fellows!!\u201d, gritaba para alentar a los suyos. \u201cMazzuco, que era todo un hombre, cuando volv\u00edamos derrotados a Pe\u00f1arol, en el viejo coche cl\u00e1sico, lloraba como un ni\u00f1o\u2026\u201d, recordar\u00eda [&hellip;]","og_url":"https:\/\/www.padreydecano.com\/cms\/idolos\/lorenzo-mazzuco\/","og_site_name":"Padre y Decano - El Sitio del Pueblo","article_modified_time":"2012-04-09T22:03:47+00:00","og_image":[{"url":"http:\/\/www.padreydecano.com\/cms\/wp-content\/uploads\/2011\/12\/Mazzuco.jpg"}],"twitter_card":"summary_large_image","schema":{"@context":"https:\/\/schema.org","@graph":[{"@type":"WebPage","@id":"https:\/\/www.padreydecano.com\/cms\/idolos\/lorenzo-mazzuco\/","url":"https:\/\/www.padreydecano.com\/cms\/idolos\/lorenzo-mazzuco\/","name":"Lorenzo Mazzuco - Padre y Decano - El Sitio del Pueblo","isPartOf":{"@id":"https:\/\/www.padreydecano.com\/cms\/#website"},"primaryImageOfPage":{"@id":"https:\/\/www.padreydecano.com\/cms\/idolos\/lorenzo-mazzuco\/#primaryimage"},"image":{"@id":"https:\/\/www.padreydecano.com\/cms\/idolos\/lorenzo-mazzuco\/#primaryimage"},"thumbnailUrl":"http:\/\/www.padreydecano.com\/cms\/wp-content\/uploads\/2011\/12\/Mazzuco.jpg","datePublished":"2011-12-05T01:07:00+00:00","dateModified":"2012-04-09T22:03:47+00:00","breadcrumb":{"@id":"https:\/\/www.padreydecano.com\/cms\/idolos\/lorenzo-mazzuco\/#breadcrumb"},"inLanguage":"es","potentialAction":[{"@type":"ReadAction","target":["https:\/\/www.padreydecano.com\/cms\/idolos\/lorenzo-mazzuco\/"]}]},{"@type":"ImageObject","inLanguage":"es","@id":"https:\/\/www.padreydecano.com\/cms\/idolos\/lorenzo-mazzuco\/#primaryimage","url":"http:\/\/www.padreydecano.com\/cms\/wp-content\/uploads\/2011\/12\/Mazzuco.jpg","contentUrl":"http:\/\/www.padreydecano.com\/cms\/wp-content\/uploads\/2011\/12\/Mazzuco.jpg"},{"@type":"BreadcrumbList","@id":"https:\/\/www.padreydecano.com\/cms\/idolos\/lorenzo-mazzuco\/#breadcrumb","itemListElement":[{"@type":"ListItem","position":1,"name":"Portada","item":"https:\/\/www.padreydecano.com\/cms\/"},{"@type":"ListItem","position":2,"name":"\u00cddolos","item":"https:\/\/www.padreydecano.com\/cms\/idolos\/"},{"@type":"ListItem","position":3,"name":"Lorenzo Mazzuco"}]},{"@type":"WebSite","@id":"https:\/\/www.padreydecano.com\/cms\/#website","url":"https:\/\/www.padreydecano.com\/cms\/","name":"Padre y Decano - El Sitio del Pueblo","description":"Club Atl\u00e9tico Pe\u00f1arol","publisher":{"@id":"https:\/\/www.padreydecano.com\/cms\/#organization"},"potentialAction":[{"@type":"SearchAction","target":{"@type":"EntryPoint","urlTemplate":"https:\/\/www.padreydecano.com\/cms\/?s={search_term_string}"},"query-input":"required name=search_term_string"}],"inLanguage":"es"},{"@type":"Organization","@id":"https:\/\/www.padreydecano.com\/cms\/#organization","name":"Padre y Decano","url":"https:\/\/www.padreydecano.com\/cms\/","logo":{"@type":"ImageObject","inLanguage":"es","@id":"https:\/\/www.padreydecano.com\/cms\/#\/schema\/logo\/image\/","url":"https:\/\/www.padreydecano.com\/cms\/wp-content\/uploads\/2022\/01\/avatar-square.png","contentUrl":"https:\/\/www.padreydecano.com\/cms\/wp-content\/uploads\/2022\/01\/avatar-square.png","width":1500,"height":1500,"caption":"Padre y Decano"},"image":{"@id":"https:\/\/www.padreydecano.com\/cms\/#\/schema\/logo\/image\/"}}]}},"_links":{"self":[{"href":"https:\/\/www.padreydecano.com\/cms\/wp-json\/wp\/v2\/pages\/10887"}],"collection":[{"href":"https:\/\/www.padreydecano.com\/cms\/wp-json\/wp\/v2\/pages"}],"about":[{"href":"https:\/\/www.padreydecano.com\/cms\/wp-json\/wp\/v2\/types\/page"}],"author":[{"embeddable":true,"href":"https:\/\/www.padreydecano.com\/cms\/wp-json\/wp\/v2\/users\/2"}],"replies":[{"embeddable":true,"href":"https:\/\/www.padreydecano.com\/cms\/wp-json\/wp\/v2\/comments?post=10887"}],"version-history":[{"count":0,"href":"https:\/\/www.padreydecano.com\/cms\/wp-json\/wp\/v2\/pages\/10887\/revisions"}],"up":[{"embeddable":true,"href":"https:\/\/www.padreydecano.com\/cms\/wp-json\/wp\/v2\/pages\/69"}],"wp:attachment":[{"href":"https:\/\/www.padreydecano.com\/cms\/wp-json\/wp\/v2\/media?parent=10887"}],"curies":[{"name":"wp","href":"https:\/\/api.w.org\/{rel}","templated":true}]}}