{"id":10792,"date":"2011-12-04T21:14:59","date_gmt":"2011-12-04T23:14:59","guid":{"rendered":"http:\/\/www.padreydecano.com\/cms\/?page_id=10792"},"modified":"2012-04-03T19:48:16","modified_gmt":"2012-04-03T22:48:16","slug":"juan-pena","status":"publish","type":"page","link":"https:\/\/www.padreydecano.com\/cms\/idolos\/juan-pena\/","title":{"rendered":"Juan Pena"},"content":{"rendered":"<p style=\"text-align: justify;\"><a href=\"https:\/\/www.padreydecano.com\/cms\/wp-content\/uploads\/2011\/12\/Juan-Pena.jpg\" rel=\"shadowbox[sbpost-10792];player=img;\"><img loading=\"lazy\" decoding=\"async\" class=\"alignleft size-medium wp-image-10793\" title=\"\" src=\"https:\/\/www.padreydecano.com\/cms\/wp-content\/uploads\/2011\/12\/Juan-Pena-144x300.jpg\" alt=\"\" width=\"144\" height=\"300\" srcset=\"https:\/\/www.padreydecano.com\/cms\/wp-content\/uploads\/2011\/12\/Juan-Pena-144x300.jpg 144w, https:\/\/www.padreydecano.com\/cms\/wp-content\/uploads\/2011\/12\/Juan-Pena.jpg 287w\" sizes=\"(max-width: 144px) 100vw, 144px\" \/><\/a>Hac\u00eda ya siete a\u00f1os que los futbolistas aurinegros trajinaban por las canchas, cuando en 1899 lleg\u00f3 su m\u00e1xima figura del per\u00edodo: <strong>Juan Pena<\/strong>. Su biograf\u00eda constituye en s\u00ed, una s\u00edntesis de la historia del f\u00fatbol uruguayo en sus or\u00edgenes. <strong>Fue un excepcional jugador y tambi\u00e9n dirigente<\/strong>.<\/p>\n<p style=\"text-align: justify;\">Era hijo del administrador del Montevideo Cricket Club. Naci\u00f3 y se desarroll\u00f3 en los campos de cricket y football, y fue un gran se\u00f1or en ambos deportes. <strong>Era criollo, pero de amplia cultura inglesa<\/strong> y, por supuesto, <strong>empleado del Ferrocarril Central.<\/strong><\/p>\n<p style=\"text-align: justify;\">Juan Pena fue n\u00f3mada en un futbol concebido como fiesta del amateurismo. Buzzetti lo define como <strong>\u201cun sembrador del deporte\u201d<\/strong>. Antes de llegar a Pe\u00f1arol hab\u00eda fundado, con los hermanos Camacho (Ceferino y Aniceto), el Platense en 1898. <strong>En Pe\u00f1arol jug\u00f3 hasta 1906<\/strong>. En 1907 se radic\u00f3 en Buenos Aires donde se clasific\u00f3 campe\u00f3n jugando en el Belgrano.<\/p>\n<p style=\"text-align: justify;\"><strong>Fue campe\u00f3n uruguayo con Pe\u00f1arol en <a href=\"https:\/\/www.padreydecano.com\/cms\/campanas-historicas\/la-campana-de-1900\/\" target=\"_blank\">1900<\/a>, 1901 y <a href=\"https:\/\/www.padreydecano.com\/cms\/campanas-historicas\/la-campana-de-1905\/\" target=\"_blank\">1905<\/a>.<\/strong> Luego de un breve retorno a Pe\u00f1arol en la segunda mitad de 1908, malas \u00e9pocas para el club, cre\u00f3 en ese mismo a\u00f1os, junto con otros pe\u00f1arolenses, el Oriental, un ef\u00edmero y quiz\u00e1s primer intento por independizar a la colectividad carbonera de la empresa.<\/p>\n<p style=\"text-align: justify;\">Siempre en la b\u00fasqueda de realizar su ideal, un club de gente amiga, en 1910 Pena fue convencido por Domingo Prat, fundador y primer capit\u00e1n de Nacional, de que all\u00ed podr\u00eda encontrar su ideal. La experiencia dur\u00f3 solo una temporada y Juan Pena sigui\u00f3 buscando su ideal deportivo. En 1914 apareci\u00f3 presidiendo una liga, de las muchas que hab\u00eda en ese momento, llamada curiosamente Asociaci\u00f3n Uruguaya de F\u00fatbol.<\/p>\n<p style=\"text-align: justify;\">Por fin, <strong>en 1916 volvi\u00f3 a jugar algunos partidos en Pe\u00f1arol<\/strong>, <strong>de cuyos registros sociales jam\u00e1s se hab\u00eda dado de baja y siempre se \u201cmantuvo firme vitore\u00e1ndolo\u201d<\/strong>. Designado <strong>socio honorario en 1942<\/strong>,<strong> el 23 de setiembre de 1950 recibi\u00f3 una medalla de oro por sus 50 a\u00f1os en los registros sociales.<\/strong> Su elegante figura era infaltable en todos los homenajes y festejos del club. Quienes lo conocieron no dejaban de se\u00f1alar su <strong>caballerosidad, hombr\u00eda de bien y amor al deporte.<\/strong><\/p>\n<p style=\"text-align: justify;\">Falleci\u00f3 el 6 de abril de 1964.<\/p>\n","protected":false},"excerpt":{"rendered":"<p>Hac\u00eda ya siete a\u00f1os que los futbolistas aurinegros trajinaban por las canchas, cuando en 1899 lleg\u00f3 su m\u00e1xima figura del per\u00edodo: Juan Pena. Su biograf\u00eda constituye en s\u00ed, una s\u00edntesis de la historia del f\u00fatbol uruguayo en sus or\u00edgenes. Fue un excepcional jugador y tambi\u00e9n dirigente. Era hijo del administrador del Montevideo Cricket Club. Naci\u00f3 [&hellip;]<\/p>\n","protected":false},"author":2,"featured_media":10793,"parent":69,"menu_order":35,"comment_status":"open","ping_status":"open","template":"","meta":{"footnotes":""},"yoast_head":"<!-- This site is optimized with the Yoast SEO plugin v23.2 - https:\/\/yoast.com\/wordpress\/plugins\/seo\/ -->\n<title>Juan Pena - Padre y Decano - El Sitio del Pueblo<\/title>\n<meta name=\"robots\" content=\"index, follow, max-snippet:-1, max-image-preview:large, max-video-preview:-1\" \/>\n<link rel=\"canonical\" href=\"https:\/\/www.padreydecano.com\/cms\/idolos\/juan-pena\/\" \/>\n<meta property=\"og:locale\" content=\"es_ES\" \/>\n<meta property=\"og:type\" content=\"article\" \/>\n<meta property=\"og:title\" content=\"Juan Pena - Padre y Decano - El Sitio del Pueblo\" \/>\n<meta property=\"og:description\" content=\"Hac\u00eda ya siete a\u00f1os que los futbolistas aurinegros trajinaban por las canchas, cuando en 1899 lleg\u00f3 su m\u00e1xima figura del per\u00edodo: Juan Pena. Su biograf\u00eda constituye en s\u00ed, una s\u00edntesis de la historia del f\u00fatbol uruguayo en sus or\u00edgenes. Fue un excepcional jugador y tambi\u00e9n dirigente. Era hijo del administrador del Montevideo Cricket Club. Naci\u00f3 [&hellip;]\" \/>\n<meta property=\"og:url\" content=\"https:\/\/www.padreydecano.com\/cms\/idolos\/juan-pena\/\" \/>\n<meta property=\"og:site_name\" content=\"Padre y Decano - El Sitio del Pueblo\" \/>\n<meta property=\"article:modified_time\" content=\"2012-04-03T22:48:16+00:00\" \/>\n<meta property=\"og:image\" content=\"https:\/\/www.padreydecano.com\/cms\/wp-content\/uploads\/2011\/12\/Juan-Pena.jpg\" \/>\n\t<meta property=\"og:image:width\" content=\"287\" \/>\n\t<meta property=\"og:image:height\" content=\"596\" \/>\n\t<meta property=\"og:image:type\" content=\"image\/jpeg\" \/>\n<meta name=\"twitter:card\" content=\"summary_large_image\" \/>\n<meta name=\"twitter:label1\" content=\"Tiempo de lectura\" \/>\n\t<meta name=\"twitter:data1\" content=\"2 minutos\" \/>\n<script type=\"application\/ld+json\" class=\"yoast-schema-graph\">{\"@context\":\"https:\/\/schema.org\",\"@graph\":[{\"@type\":\"WebPage\",\"@id\":\"https:\/\/www.padreydecano.com\/cms\/idolos\/juan-pena\/\",\"url\":\"https:\/\/www.padreydecano.com\/cms\/idolos\/juan-pena\/\",\"name\":\"Juan Pena - Padre y Decano - El Sitio del Pueblo\",\"isPartOf\":{\"@id\":\"https:\/\/www.padreydecano.com\/cms\/#website\"},\"primaryImageOfPage\":{\"@id\":\"https:\/\/www.padreydecano.com\/cms\/idolos\/juan-pena\/#primaryimage\"},\"image\":{\"@id\":\"https:\/\/www.padreydecano.com\/cms\/idolos\/juan-pena\/#primaryimage\"},\"thumbnailUrl\":\"https:\/\/www.padreydecano.com\/cms\/wp-content\/uploads\/2011\/12\/Juan-Pena.jpg\",\"datePublished\":\"2011-12-04T23:14:59+00:00\",\"dateModified\":\"2012-04-03T22:48:16+00:00\",\"breadcrumb\":{\"@id\":\"https:\/\/www.padreydecano.com\/cms\/idolos\/juan-pena\/#breadcrumb\"},\"inLanguage\":\"es\",\"potentialAction\":[{\"@type\":\"ReadAction\",\"target\":[\"https:\/\/www.padreydecano.com\/cms\/idolos\/juan-pena\/\"]}]},{\"@type\":\"ImageObject\",\"inLanguage\":\"es\",\"@id\":\"https:\/\/www.padreydecano.com\/cms\/idolos\/juan-pena\/#primaryimage\",\"url\":\"https:\/\/www.padreydecano.com\/cms\/wp-content\/uploads\/2011\/12\/Juan-Pena.jpg\",\"contentUrl\":\"https:\/\/www.padreydecano.com\/cms\/wp-content\/uploads\/2011\/12\/Juan-Pena.jpg\",\"width\":\"287\",\"height\":\"596\"},{\"@type\":\"BreadcrumbList\",\"@id\":\"https:\/\/www.padreydecano.com\/cms\/idolos\/juan-pena\/#breadcrumb\",\"itemListElement\":[{\"@type\":\"ListItem\",\"position\":1,\"name\":\"Portada\",\"item\":\"https:\/\/www.padreydecano.com\/cms\/\"},{\"@type\":\"ListItem\",\"position\":2,\"name\":\"\u00cddolos\",\"item\":\"https:\/\/www.padreydecano.com\/cms\/idolos\/\"},{\"@type\":\"ListItem\",\"position\":3,\"name\":\"Juan Pena\"}]},{\"@type\":\"WebSite\",\"@id\":\"https:\/\/www.padreydecano.com\/cms\/#website\",\"url\":\"https:\/\/www.padreydecano.com\/cms\/\",\"name\":\"Padre y Decano - El Sitio del Pueblo\",\"description\":\"Club Atl\u00e9tico Pe\u00f1arol\",\"publisher\":{\"@id\":\"https:\/\/www.padreydecano.com\/cms\/#organization\"},\"potentialAction\":[{\"@type\":\"SearchAction\",\"target\":{\"@type\":\"EntryPoint\",\"urlTemplate\":\"https:\/\/www.padreydecano.com\/cms\/?s={search_term_string}\"},\"query-input\":\"required name=search_term_string\"}],\"inLanguage\":\"es\"},{\"@type\":\"Organization\",\"@id\":\"https:\/\/www.padreydecano.com\/cms\/#organization\",\"name\":\"Padre y Decano\",\"url\":\"https:\/\/www.padreydecano.com\/cms\/\",\"logo\":{\"@type\":\"ImageObject\",\"inLanguage\":\"es\",\"@id\":\"https:\/\/www.padreydecano.com\/cms\/#\/schema\/logo\/image\/\",\"url\":\"https:\/\/www.padreydecano.com\/cms\/wp-content\/uploads\/2022\/01\/avatar-square.png\",\"contentUrl\":\"https:\/\/www.padreydecano.com\/cms\/wp-content\/uploads\/2022\/01\/avatar-square.png\",\"width\":1500,\"height\":1500,\"caption\":\"Padre y Decano\"},\"image\":{\"@id\":\"https:\/\/www.padreydecano.com\/cms\/#\/schema\/logo\/image\/\"}}]}<\/script>\n<!-- \/ Yoast SEO plugin. -->","yoast_head_json":{"title":"Juan Pena - Padre y Decano - El Sitio del Pueblo","robots":{"index":"index","follow":"follow","max-snippet":"max-snippet:-1","max-image-preview":"max-image-preview:large","max-video-preview":"max-video-preview:-1"},"canonical":"https:\/\/www.padreydecano.com\/cms\/idolos\/juan-pena\/","og_locale":"es_ES","og_type":"article","og_title":"Juan Pena - Padre y Decano - El Sitio del Pueblo","og_description":"Hac\u00eda ya siete a\u00f1os que los futbolistas aurinegros trajinaban por las canchas, cuando en 1899 lleg\u00f3 su m\u00e1xima figura del per\u00edodo: Juan Pena. Su biograf\u00eda constituye en s\u00ed, una s\u00edntesis de la historia del f\u00fatbol uruguayo en sus or\u00edgenes. Fue un excepcional jugador y tambi\u00e9n dirigente. Era hijo del administrador del Montevideo Cricket Club. Naci\u00f3 [&hellip;]","og_url":"https:\/\/www.padreydecano.com\/cms\/idolos\/juan-pena\/","og_site_name":"Padre y Decano - El Sitio del Pueblo","article_modified_time":"2012-04-03T22:48:16+00:00","og_image":[{"width":287,"height":596,"url":"https:\/\/www.padreydecano.com\/cms\/wp-content\/uploads\/2011\/12\/Juan-Pena.jpg","type":"image\/jpeg"}],"twitter_card":"summary_large_image","twitter_misc":{"Tiempo de lectura":"2 minutos"},"schema":{"@context":"https:\/\/schema.org","@graph":[{"@type":"WebPage","@id":"https:\/\/www.padreydecano.com\/cms\/idolos\/juan-pena\/","url":"https:\/\/www.padreydecano.com\/cms\/idolos\/juan-pena\/","name":"Juan Pena - Padre y Decano - El Sitio del Pueblo","isPartOf":{"@id":"https:\/\/www.padreydecano.com\/cms\/#website"},"primaryImageOfPage":{"@id":"https:\/\/www.padreydecano.com\/cms\/idolos\/juan-pena\/#primaryimage"},"image":{"@id":"https:\/\/www.padreydecano.com\/cms\/idolos\/juan-pena\/#primaryimage"},"thumbnailUrl":"https:\/\/www.padreydecano.com\/cms\/wp-content\/uploads\/2011\/12\/Juan-Pena.jpg","datePublished":"2011-12-04T23:14:59+00:00","dateModified":"2012-04-03T22:48:16+00:00","breadcrumb":{"@id":"https:\/\/www.padreydecano.com\/cms\/idolos\/juan-pena\/#breadcrumb"},"inLanguage":"es","potentialAction":[{"@type":"ReadAction","target":["https:\/\/www.padreydecano.com\/cms\/idolos\/juan-pena\/"]}]},{"@type":"ImageObject","inLanguage":"es","@id":"https:\/\/www.padreydecano.com\/cms\/idolos\/juan-pena\/#primaryimage","url":"https:\/\/www.padreydecano.com\/cms\/wp-content\/uploads\/2011\/12\/Juan-Pena.jpg","contentUrl":"https:\/\/www.padreydecano.com\/cms\/wp-content\/uploads\/2011\/12\/Juan-Pena.jpg","width":"287","height":"596"},{"@type":"BreadcrumbList","@id":"https:\/\/www.padreydecano.com\/cms\/idolos\/juan-pena\/#breadcrumb","itemListElement":[{"@type":"ListItem","position":1,"name":"Portada","item":"https:\/\/www.padreydecano.com\/cms\/"},{"@type":"ListItem","position":2,"name":"\u00cddolos","item":"https:\/\/www.padreydecano.com\/cms\/idolos\/"},{"@type":"ListItem","position":3,"name":"Juan Pena"}]},{"@type":"WebSite","@id":"https:\/\/www.padreydecano.com\/cms\/#website","url":"https:\/\/www.padreydecano.com\/cms\/","name":"Padre y Decano - El Sitio del Pueblo","description":"Club Atl\u00e9tico Pe\u00f1arol","publisher":{"@id":"https:\/\/www.padreydecano.com\/cms\/#organization"},"potentialAction":[{"@type":"SearchAction","target":{"@type":"EntryPoint","urlTemplate":"https:\/\/www.padreydecano.com\/cms\/?s={search_term_string}"},"query-input":"required name=search_term_string"}],"inLanguage":"es"},{"@type":"Organization","@id":"https:\/\/www.padreydecano.com\/cms\/#organization","name":"Padre y Decano","url":"https:\/\/www.padreydecano.com\/cms\/","logo":{"@type":"ImageObject","inLanguage":"es","@id":"https:\/\/www.padreydecano.com\/cms\/#\/schema\/logo\/image\/","url":"https:\/\/www.padreydecano.com\/cms\/wp-content\/uploads\/2022\/01\/avatar-square.png","contentUrl":"https:\/\/www.padreydecano.com\/cms\/wp-content\/uploads\/2022\/01\/avatar-square.png","width":1500,"height":1500,"caption":"Padre y Decano"},"image":{"@id":"https:\/\/www.padreydecano.com\/cms\/#\/schema\/logo\/image\/"}}]}},"_links":{"self":[{"href":"https:\/\/www.padreydecano.com\/cms\/wp-json\/wp\/v2\/pages\/10792"}],"collection":[{"href":"https:\/\/www.padreydecano.com\/cms\/wp-json\/wp\/v2\/pages"}],"about":[{"href":"https:\/\/www.padreydecano.com\/cms\/wp-json\/wp\/v2\/types\/page"}],"author":[{"embeddable":true,"href":"https:\/\/www.padreydecano.com\/cms\/wp-json\/wp\/v2\/users\/2"}],"replies":[{"embeddable":true,"href":"https:\/\/www.padreydecano.com\/cms\/wp-json\/wp\/v2\/comments?post=10792"}],"version-history":[{"count":0,"href":"https:\/\/www.padreydecano.com\/cms\/wp-json\/wp\/v2\/pages\/10792\/revisions"}],"up":[{"embeddable":true,"href":"https:\/\/www.padreydecano.com\/cms\/wp-json\/wp\/v2\/pages\/69"}],"wp:featuredmedia":[{"embeddable":true,"href":"https:\/\/www.padreydecano.com\/cms\/wp-json\/wp\/v2\/media\/10793"}],"wp:attachment":[{"href":"https:\/\/www.padreydecano.com\/cms\/wp-json\/wp\/v2\/media?parent=10792"}],"curies":[{"name":"wp","href":"https:\/\/api.w.org\/{rel}","templated":true}]}}