{"id":10780,"date":"2011-12-04T23:02:07","date_gmt":"2011-12-05T01:02:07","guid":{"rendered":"http:\/\/www.padreydecano.com\/cms\/?page_id=10780"},"modified":"2012-04-17T12:08:59","modified_gmt":"2012-04-17T15:08:59","slug":"edmundo-acebedo","status":"publish","type":"page","link":"https:\/\/www.padreydecano.com\/cms\/idolos\/edmundo-acebedo\/","title":{"rendered":"Edmundo Acebedo"},"content":{"rendered":"<p style=\"text-align: justify;\"><a href=\"https:\/\/www.padreydecano.com\/cms\/wp-content\/uploads\/2011\/12\/Acebedo.jpg\" rel=\"shadowbox[sbpost-10780];player=img;\"><img loading=\"lazy\" decoding=\"async\" class=\"wp-image-19892 alignright\" src=\"https:\/\/www.padreydecano.com\/cms\/wp-content\/uploads\/2011\/12\/Acebedo-214x300.jpg\" alt=\"\" width=\"150\" height=\"210\" srcset=\"https:\/\/www.padreydecano.com\/cms\/wp-content\/uploads\/2011\/12\/Acebedo-214x300.jpg 214w, https:\/\/www.padreydecano.com\/cms\/wp-content\/uploads\/2011\/12\/Acebedo.jpg 240w\" sizes=\"(max-width: 150px) 100vw, 150px\" \/><\/a>Llegado en 1894, tuvo una vida breve y mereci\u00f3 una memoria larga. Fue <a title=\"La Campa\u00f1a de 1900 \u2013 Primer Campeonato Uruguayo\" href=\"https:\/\/www.padreydecano.com\/cms\/campanas-historicas\/la-campana-de-1900\/\" target=\"_blank\">campe\u00f3n de la primera Copa Uruguaya en 1900<\/a>, as\u00ed como en 1901, y 1905 (Pe\u00f1arol sali\u00f3 campe\u00f3n invicto y sin goles en contra).<\/p>\n<p style=\"text-align: justify;\">Acebedo jugaba de delantero. Hombre de cultura, secretario de los Talleres, fue elegido <strong>capit\u00e1n del equipo en <a href=\"https:\/\/www.padreydecano.com\/cms\/campanas-historicas\/la-campana-de-1900\/\" target=\"_blank\">1900<\/a>, 1902, 1904 y <a href=\"https:\/\/www.padreydecano.com\/cms\/campanas-historicas\/la-campana-de-1905\/\" target=\"_blank\">1905<\/a><\/strong>. Con intermitencias, su carrera se extendi\u00f3 hasta 1909.<strong> Integrante de la directiva<\/strong> durante varios a\u00f1os, como capit\u00e1n del club, vocal y tesorero, Acebedo ser\u00eda una<strong> figura clave en el proceso de independencia del club en 1913.<\/strong><\/p>\n<p style=\"text-align: justify;\">El nombre de Edmundo Acebedo figura, junto a los de Roland Moor, Frank Hudson e Isabelino P\u00e9rez, en una placa colocada por Pe\u00f1arol en el Centro Artesano en 1941 en homenaje a sus pioneros, en el marco de los festejos del cincuentenario.<\/p>\n<p style=\"text-align: justify;\">Falleci\u00f3 tempranamente, en 1925.<\/p>\n","protected":false},"excerpt":{"rendered":"<p>Llegado en 1894, tuvo una vida breve y mereci\u00f3 una memoria larga. Fue campe\u00f3n de la primera Copa Uruguaya en 1900, as\u00ed como en 1901, y 1905 (Pe\u00f1arol sali\u00f3 campe\u00f3n invicto y sin goles en contra). Acebedo jugaba de delantero. Hombre de cultura, secretario de los Talleres, fue elegido capit\u00e1n del equipo en 1900, 1902, [&hellip;]<\/p>\n","protected":false},"author":2,"featured_media":0,"parent":69,"menu_order":33,"comment_status":"open","ping_status":"open","template":"","meta":{"footnotes":""},"yoast_head":"<!-- This site is optimized with the Yoast SEO plugin v23.2 - https:\/\/yoast.com\/wordpress\/plugins\/seo\/ -->\n<title>Edmundo Acebedo - Padre y Decano - El Sitio del Pueblo<\/title>\n<meta name=\"robots\" content=\"index, follow, max-snippet:-1, max-image-preview:large, max-video-preview:-1\" \/>\n<link rel=\"canonical\" href=\"https:\/\/www.padreydecano.com\/cms\/idolos\/edmundo-acebedo\/\" \/>\n<meta property=\"og:locale\" content=\"es_ES\" \/>\n<meta property=\"og:type\" content=\"article\" \/>\n<meta property=\"og:title\" content=\"Edmundo Acebedo - Padre y Decano - El Sitio del Pueblo\" \/>\n<meta property=\"og:description\" content=\"Llegado en 1894, tuvo una vida breve y mereci\u00f3 una memoria larga. Fue campe\u00f3n de la primera Copa Uruguaya en 1900, as\u00ed como en 1901, y 1905 (Pe\u00f1arol sali\u00f3 campe\u00f3n invicto y sin goles en contra). Acebedo jugaba de delantero. Hombre de cultura, secretario de los Talleres, fue elegido capit\u00e1n del equipo en 1900, 1902, [&hellip;]\" \/>\n<meta property=\"og:url\" content=\"https:\/\/www.padreydecano.com\/cms\/idolos\/edmundo-acebedo\/\" \/>\n<meta property=\"og:site_name\" content=\"Padre y Decano - El Sitio del Pueblo\" \/>\n<meta property=\"article:modified_time\" content=\"2012-04-17T15:08:59+00:00\" \/>\n<meta property=\"og:image\" content=\"http:\/\/www.padreydecano.com\/cms\/wp-content\/uploads\/2011\/12\/Acebedo-214x300.jpg\" \/>\n<meta name=\"twitter:card\" content=\"summary_large_image\" \/>\n<meta name=\"twitter:label1\" content=\"Tiempo de lectura\" \/>\n\t<meta name=\"twitter:data1\" content=\"1 minuto\" \/>\n<script type=\"application\/ld+json\" class=\"yoast-schema-graph\">{\"@context\":\"https:\/\/schema.org\",\"@graph\":[{\"@type\":\"WebPage\",\"@id\":\"https:\/\/www.padreydecano.com\/cms\/idolos\/edmundo-acebedo\/\",\"url\":\"https:\/\/www.padreydecano.com\/cms\/idolos\/edmundo-acebedo\/\",\"name\":\"Edmundo Acebedo - Padre y Decano - El Sitio del Pueblo\",\"isPartOf\":{\"@id\":\"https:\/\/www.padreydecano.com\/cms\/#website\"},\"primaryImageOfPage\":{\"@id\":\"https:\/\/www.padreydecano.com\/cms\/idolos\/edmundo-acebedo\/#primaryimage\"},\"image\":{\"@id\":\"https:\/\/www.padreydecano.com\/cms\/idolos\/edmundo-acebedo\/#primaryimage\"},\"thumbnailUrl\":\"http:\/\/www.padreydecano.com\/cms\/wp-content\/uploads\/2011\/12\/Acebedo-214x300.jpg\",\"datePublished\":\"2011-12-05T01:02:07+00:00\",\"dateModified\":\"2012-04-17T15:08:59+00:00\",\"breadcrumb\":{\"@id\":\"https:\/\/www.padreydecano.com\/cms\/idolos\/edmundo-acebedo\/#breadcrumb\"},\"inLanguage\":\"es\",\"potentialAction\":[{\"@type\":\"ReadAction\",\"target\":[\"https:\/\/www.padreydecano.com\/cms\/idolos\/edmundo-acebedo\/\"]}]},{\"@type\":\"ImageObject\",\"inLanguage\":\"es\",\"@id\":\"https:\/\/www.padreydecano.com\/cms\/idolos\/edmundo-acebedo\/#primaryimage\",\"url\":\"http:\/\/www.padreydecano.com\/cms\/wp-content\/uploads\/2011\/12\/Acebedo-214x300.jpg\",\"contentUrl\":\"http:\/\/www.padreydecano.com\/cms\/wp-content\/uploads\/2011\/12\/Acebedo-214x300.jpg\"},{\"@type\":\"BreadcrumbList\",\"@id\":\"https:\/\/www.padreydecano.com\/cms\/idolos\/edmundo-acebedo\/#breadcrumb\",\"itemListElement\":[{\"@type\":\"ListItem\",\"position\":1,\"name\":\"Portada\",\"item\":\"https:\/\/www.padreydecano.com\/cms\/\"},{\"@type\":\"ListItem\",\"position\":2,\"name\":\"\u00cddolos\",\"item\":\"https:\/\/www.padreydecano.com\/cms\/idolos\/\"},{\"@type\":\"ListItem\",\"position\":3,\"name\":\"Edmundo Acebedo\"}]},{\"@type\":\"WebSite\",\"@id\":\"https:\/\/www.padreydecano.com\/cms\/#website\",\"url\":\"https:\/\/www.padreydecano.com\/cms\/\",\"name\":\"Padre y Decano - El Sitio del Pueblo\",\"description\":\"Club Atl\u00e9tico Pe\u00f1arol\",\"publisher\":{\"@id\":\"https:\/\/www.padreydecano.com\/cms\/#organization\"},\"potentialAction\":[{\"@type\":\"SearchAction\",\"target\":{\"@type\":\"EntryPoint\",\"urlTemplate\":\"https:\/\/www.padreydecano.com\/cms\/?s={search_term_string}\"},\"query-input\":\"required name=search_term_string\"}],\"inLanguage\":\"es\"},{\"@type\":\"Organization\",\"@id\":\"https:\/\/www.padreydecano.com\/cms\/#organization\",\"name\":\"Padre y Decano\",\"url\":\"https:\/\/www.padreydecano.com\/cms\/\",\"logo\":{\"@type\":\"ImageObject\",\"inLanguage\":\"es\",\"@id\":\"https:\/\/www.padreydecano.com\/cms\/#\/schema\/logo\/image\/\",\"url\":\"https:\/\/www.padreydecano.com\/cms\/wp-content\/uploads\/2022\/01\/avatar-square.png\",\"contentUrl\":\"https:\/\/www.padreydecano.com\/cms\/wp-content\/uploads\/2022\/01\/avatar-square.png\",\"width\":1500,\"height\":1500,\"caption\":\"Padre y Decano\"},\"image\":{\"@id\":\"https:\/\/www.padreydecano.com\/cms\/#\/schema\/logo\/image\/\"}}]}<\/script>\n<!-- \/ Yoast SEO plugin. -->","yoast_head_json":{"title":"Edmundo Acebedo - Padre y Decano - El Sitio del Pueblo","robots":{"index":"index","follow":"follow","max-snippet":"max-snippet:-1","max-image-preview":"max-image-preview:large","max-video-preview":"max-video-preview:-1"},"canonical":"https:\/\/www.padreydecano.com\/cms\/idolos\/edmundo-acebedo\/","og_locale":"es_ES","og_type":"article","og_title":"Edmundo Acebedo - Padre y Decano - El Sitio del Pueblo","og_description":"Llegado en 1894, tuvo una vida breve y mereci\u00f3 una memoria larga. Fue campe\u00f3n de la primera Copa Uruguaya en 1900, as\u00ed como en 1901, y 1905 (Pe\u00f1arol sali\u00f3 campe\u00f3n invicto y sin goles en contra). Acebedo jugaba de delantero. Hombre de cultura, secretario de los Talleres, fue elegido capit\u00e1n del equipo en 1900, 1902, [&hellip;]","og_url":"https:\/\/www.padreydecano.com\/cms\/idolos\/edmundo-acebedo\/","og_site_name":"Padre y Decano - El Sitio del Pueblo","article_modified_time":"2012-04-17T15:08:59+00:00","og_image":[{"url":"http:\/\/www.padreydecano.com\/cms\/wp-content\/uploads\/2011\/12\/Acebedo-214x300.jpg"}],"twitter_card":"summary_large_image","twitter_misc":{"Tiempo de lectura":"1 minuto"},"schema":{"@context":"https:\/\/schema.org","@graph":[{"@type":"WebPage","@id":"https:\/\/www.padreydecano.com\/cms\/idolos\/edmundo-acebedo\/","url":"https:\/\/www.padreydecano.com\/cms\/idolos\/edmundo-acebedo\/","name":"Edmundo Acebedo - Padre y Decano - El Sitio del Pueblo","isPartOf":{"@id":"https:\/\/www.padreydecano.com\/cms\/#website"},"primaryImageOfPage":{"@id":"https:\/\/www.padreydecano.com\/cms\/idolos\/edmundo-acebedo\/#primaryimage"},"image":{"@id":"https:\/\/www.padreydecano.com\/cms\/idolos\/edmundo-acebedo\/#primaryimage"},"thumbnailUrl":"http:\/\/www.padreydecano.com\/cms\/wp-content\/uploads\/2011\/12\/Acebedo-214x300.jpg","datePublished":"2011-12-05T01:02:07+00:00","dateModified":"2012-04-17T15:08:59+00:00","breadcrumb":{"@id":"https:\/\/www.padreydecano.com\/cms\/idolos\/edmundo-acebedo\/#breadcrumb"},"inLanguage":"es","potentialAction":[{"@type":"ReadAction","target":["https:\/\/www.padreydecano.com\/cms\/idolos\/edmundo-acebedo\/"]}]},{"@type":"ImageObject","inLanguage":"es","@id":"https:\/\/www.padreydecano.com\/cms\/idolos\/edmundo-acebedo\/#primaryimage","url":"http:\/\/www.padreydecano.com\/cms\/wp-content\/uploads\/2011\/12\/Acebedo-214x300.jpg","contentUrl":"http:\/\/www.padreydecano.com\/cms\/wp-content\/uploads\/2011\/12\/Acebedo-214x300.jpg"},{"@type":"BreadcrumbList","@id":"https:\/\/www.padreydecano.com\/cms\/idolos\/edmundo-acebedo\/#breadcrumb","itemListElement":[{"@type":"ListItem","position":1,"name":"Portada","item":"https:\/\/www.padreydecano.com\/cms\/"},{"@type":"ListItem","position":2,"name":"\u00cddolos","item":"https:\/\/www.padreydecano.com\/cms\/idolos\/"},{"@type":"ListItem","position":3,"name":"Edmundo Acebedo"}]},{"@type":"WebSite","@id":"https:\/\/www.padreydecano.com\/cms\/#website","url":"https:\/\/www.padreydecano.com\/cms\/","name":"Padre y Decano - El Sitio del Pueblo","description":"Club Atl\u00e9tico Pe\u00f1arol","publisher":{"@id":"https:\/\/www.padreydecano.com\/cms\/#organization"},"potentialAction":[{"@type":"SearchAction","target":{"@type":"EntryPoint","urlTemplate":"https:\/\/www.padreydecano.com\/cms\/?s={search_term_string}"},"query-input":"required name=search_term_string"}],"inLanguage":"es"},{"@type":"Organization","@id":"https:\/\/www.padreydecano.com\/cms\/#organization","name":"Padre y Decano","url":"https:\/\/www.padreydecano.com\/cms\/","logo":{"@type":"ImageObject","inLanguage":"es","@id":"https:\/\/www.padreydecano.com\/cms\/#\/schema\/logo\/image\/","url":"https:\/\/www.padreydecano.com\/cms\/wp-content\/uploads\/2022\/01\/avatar-square.png","contentUrl":"https:\/\/www.padreydecano.com\/cms\/wp-content\/uploads\/2022\/01\/avatar-square.png","width":1500,"height":1500,"caption":"Padre y Decano"},"image":{"@id":"https:\/\/www.padreydecano.com\/cms\/#\/schema\/logo\/image\/"}}]}},"_links":{"self":[{"href":"https:\/\/www.padreydecano.com\/cms\/wp-json\/wp\/v2\/pages\/10780"}],"collection":[{"href":"https:\/\/www.padreydecano.com\/cms\/wp-json\/wp\/v2\/pages"}],"about":[{"href":"https:\/\/www.padreydecano.com\/cms\/wp-json\/wp\/v2\/types\/page"}],"author":[{"embeddable":true,"href":"https:\/\/www.padreydecano.com\/cms\/wp-json\/wp\/v2\/users\/2"}],"replies":[{"embeddable":true,"href":"https:\/\/www.padreydecano.com\/cms\/wp-json\/wp\/v2\/comments?post=10780"}],"version-history":[{"count":0,"href":"https:\/\/www.padreydecano.com\/cms\/wp-json\/wp\/v2\/pages\/10780\/revisions"}],"up":[{"embeddable":true,"href":"https:\/\/www.padreydecano.com\/cms\/wp-json\/wp\/v2\/pages\/69"}],"wp:attachment":[{"href":"https:\/\/www.padreydecano.com\/cms\/wp-json\/wp\/v2\/media?parent=10780"}],"curies":[{"name":"wp","href":"https:\/\/api.w.org\/{rel}","templated":true}]}}