{"id":10120,"date":"2011-12-04T01:35:09","date_gmt":"2011-12-04T03:35:09","guid":{"rendered":"http:\/\/www.padreydecano.com\/cms\/?page_id=10120"},"modified":"2020-06-04T23:27:59","modified_gmt":"2020-06-05T02:27:59","slug":"copa-de-oro-de-los-grandes","status":"publish","type":"page","link":"https:\/\/www.padreydecano.com\/cms\/historias-clasicas\/copa-de-oro-de-los-grandes\/","title":{"rendered":"Copa de Oro de los Grandes"},"content":{"rendered":"<p style=\"text-align: justify;\"><img loading=\"lazy\" decoding=\"async\" class=\"alignleft size-full wp-image-10796\" src=\"https:\/\/www.padreydecano.com\/cms\/wp-content\/uploads\/2011\/12\/super8.jpg\" alt=\"\" width=\"256\" height=\"163\" \/><strong>La Copa de Oro de los Grandes fue un torneo jugado mano a mano entre los dos grandes del Uruguay para saber cu\u00e1l era el m\u00e1s grande entre ellos. Se jugaron dos ediciones, en los a\u00f1os 1985 y 1986. El primer certamen se disput\u00f3 al mejor de 6 partidos, y el segundo al mejor de 2, jug\u00e1ndose uno por mes. Los dos equipos, adem\u00e1s pod\u00edan, reforzarse con jugadores invitados para cada partido.<\/strong><\/p>\n<p><strong><span style=\"color: #ffcc00;\">Primera edici\u00f3n (1985)<\/span><\/strong><\/p>\n<p style=\"text-align: justify;\">En los distintos partidos Pe\u00f1arol cont\u00f3 con el aporte de Santiago Ostolazza, Julio C. Jim\u00e9nez, Ruben Paz y el peruano Juan Carlos Cabanilas, entre otros futbolistas.<\/p>\n<p style=\"text-align: justify;\"><strong>El 18 de julio arranc\u00f3 la Copa de Oro de los Grandes.<\/strong> En ese partido no hubo refuerzos y Pe\u00f1arol incluy\u00f3 a varios de los jugadores que habr\u00edan de formar, en poco tiempo, la base del equipo (Jos\u00e9 Perdomo, Daniel Vidal, Ricardo Viera, Marcelo Rotti) ganador de la Copa Libertadores en Santiago de Chile en 1987.<\/p>\n<p style=\"text-align: justify;\">Al principio del segundo tiempo Pe\u00f1arol perd\u00eda 2 a 0 con goles de Alzugaray a los 35\u2019 y Alexis Noble a los 57\u2019. Apenas un minuto despu\u00e9s del segundo gol, descont\u00f3 Jos\u00e9 Luis Zalazar y \u00e9l mismo empat\u00f3 a los 67\u2019. En la definici\u00f3n por penales se volvi\u00f3 a ver la diferencia an\u00edmica entre los dos equipos: <strong>Pe\u00f1arol convirti\u00f3 todos los penales tirados<\/strong> (el quinto no hizo falta) y Nacional s\u00f3lo dos; <strong>Fernando \u00c1lvez ataj\u00f3 los otros dos<\/strong>.<\/p>\n<p style=\"text-align: justify;\">El 10 de agosto se jug\u00f3 el segundo cl\u00e1sico. En esta ocasi\u00f3n, Nacional trajo un jugador de gran cartel, el peruano Jos\u00e9 Vel\u00e1zquez. <strong>Pe\u00f1arol gole\u00f3 4 a 0 a Nacional con goles de Herrera, Oddine, Hurtado y Zalazar<\/strong>.<\/p>\n<p style=\"text-align: justify;\">Para el tercer partido, disputado el 11 de setiembre, Nacional tom\u00f3 la delantera con gol de Berrueta a los 12\u2019. <strong>Faltando menos de 20\u2019 Eduardo da Silva, en su debut, anota el empate. Sin dar respiro, en las dos jugadas siguientes Pe\u00f1arol hizo otros dos goles (Marcelo Rotti y Ricardo Viera): tres en tres minutos (71\u2019, 73\u2019 y 74\u2019), algo dif\u00edcil de empardar<\/strong>. Faltando un minuto Ferreira anota el 3 a 2 final.<\/p>\n<p style=\"text-align: justify;\"><strong>Iban 3 partidos de la Copa de Oro de los Grandes y Pe\u00f1arol ya mostraba lo que marca la historia contra el tradicional rival: <a href=\"https:\/\/www.padreydecano.com\/cms\/paternidad\/\" target=\"_blank\" rel=\"noopener\"><span style=\"color: #ffcc02;\">son hijos nuestros<\/span><\/a><\/strong>. Uno por penales, otro por goleada y el restante remontando un resultado adverso haciendo 3 goles en 3 minutos.<br \/>\n<strong><img loading=\"lazy\" decoding=\"async\" class=\"size-thumbnail wp-image-10806 alignright\" src=\"https:\/\/www.padreydecano.com\/cms\/wp-content\/uploads\/2011\/12\/copadeoro-150x150.jpg\" alt=\"\" width=\"135\" height=\"135\" srcset=\"https:\/\/www.padreydecano.com\/cms\/wp-content\/uploads\/2011\/12\/copadeoro-150x150.jpg 150w, https:\/\/www.padreydecano.com\/cms\/wp-content\/uploads\/2011\/12\/copadeoro-36x36.jpg 36w, https:\/\/www.padreydecano.com\/cms\/wp-content\/uploads\/2011\/12\/copadeoro-115x115.jpg 115w\" sizes=\"(max-width: 135px) 100vw, 135px\" \/><\/strong><br \/>\nEl cuarto partido de la Copa de Oro se jug\u00f3 el 30 de octubre. <strong>Fue un partido memorable porque Julio C\u00e9s<\/strong><strong>a<\/strong><strong>r Jim\u00e9nez volvi\u00f3 a vestir la camiseta aurinegra<\/strong>. <strong>Como si el tiempo hubiera vuelto atr\u00e1s, el Pibe de Oro, a<\/strong><strong>hora con 30 a\u00f1os, actu\u00f3 en forma magistral e hizo el golazo que defini\u00f3 el partido.<\/strong> Por \u00fanica vez se puso la camiseta de Pe\u00f1arol el volante Santiago Ostolaza, por entonces jugador de Bella Vista e hincha de Pe\u00f1arol. Se dio el gusto de vestir la gloriosa, jugar un cl\u00e1sico y ganarlo.<\/p>\n<p style=\"text-align: justify;\">El 27 de noviembre se jug\u00f3 el \u00fanico cl\u00e1sico que luego del empate fue ganado por penales por Nacional. Perdimos en la definici\u00f3n por 5 a 3, luego que el partido terminara empatado 0 a 0.<\/p>\n<p style=\"text-align: justify;\">El 18 de dic<a href=\"https:\/\/www.padreydecano.com\/cms\/wp-content\/uploads\/2011\/12\/Paz-Copiar.jpg\" rel=\"shadowbox[sbpost-10120];player=img;\"><img loading=\"lazy\" decoding=\"async\" class=\"size-thumbnail wp-image-10795 alignleft\" title=\"\" src=\"https:\/\/www.padreydecano.com\/cms\/wp-content\/uploads\/2011\/12\/Paz-Copiar-150x150.jpg\" alt=\"\" width=\"150\" height=\"150\" srcset=\"https:\/\/www.padreydecano.com\/cms\/wp-content\/uploads\/2011\/12\/Paz-Copiar-150x150.jpg 150w, https:\/\/www.padreydecano.com\/cms\/wp-content\/uploads\/2011\/12\/Paz-Copiar-36x36.jpg 36w, https:\/\/www.padreydecano.com\/cms\/wp-content\/uploads\/2011\/12\/Paz-Copiar-115x115.jpg 115w\" sizes=\"(max-width: 150px) 100vw, 150px\" \/><\/a>iembre de 1985, la hinchada de Pe\u00f1arol disfrutaba un nuevo triunfo y una magn\u00edfica exhibici\u00f3n de otro hijo pr\u00f3digo. <strong>Rub<\/strong><strong>en Paz volv\u00eda por una noche a ponerse la gloriosa camiseta de Pe\u00f1arol. Para mayor deleite del hincha, el C<\/strong><strong>abeza hizo el decisivo segundo gol \u2013 golazo \u2013 que nos dio el triunfo por 2 a 1<\/strong>. Tambi\u00e9n en ese partido jug\u00f3 Hugo de Le\u00f3n, como refuerzo de Nacional. El primer gol de Pe\u00f1arol lo hizo Walkir Silva con un gran cabezazo, mientras que hab\u00eda empatado transitoriamente Carlos Berrueta con gol de penal.<\/p>\n<p style=\"text-align: justify;\">Hab\u00eda finalizado el sexto partido de la Copa de Oro de los Grandes, y Pe\u00f1arol se consagraba campe\u00f3n con una diferencia aplastante de 5 a 1.<\/p>\n<p>Todos los partidos:<\/p>\n<p style=\"text-align: justify;\"><span style=\"color: #ffcc02;\"><strong>1) PE\u00d1AROL 2 (6) Nacional 2 (4)<\/strong><\/span><strong><br \/>\n<\/strong><strong>Fecha:<\/strong>\u00a018 de Julio 1985.<br \/>\n<strong>Jueces:<\/strong>\u00a0Barreto, Cambeiro y \u00c1lvarez<br \/>\n<strong>Pe\u00f1arol:<\/strong>\u00a0Alvez, Rodr\u00edguez, Rotti, Perdomo, Rivero; Saralegui, Bossio, Zalazar, Vidal (W. Silva), Revetria y R. Viera.<strong><br \/>\nNacional<\/strong>:\u00a0Velichco, Montelongo, Graniolatti, Ferrari, Saldanha; R. Perdomo, Tolosa, De La Pe\u00f1a (Guerendiain), Castagnero, Villarreal y Alzugaray (Noble)<\/p>\n<p style=\"text-align: justify;\"><strong>Goles:<\/strong> Alzugaray y Nobles (N) Zalazar (P)<\/p>\n<p style=\"text-align: justify;\"><strong>Tarjetas rojas:<\/strong>\u00a0Bossio (P) Pintos Saldanha (N)<\/p>\n<p style=\"text-align: justify;\"><strong>Penales:<\/strong>\u00a0Zalazar, Rivero, Viera y Revetria (Pe\u00f1arol),<\/p>\n<p style=\"text-align: justify;\">Noble y Castagnero (Nacional), Alvez le atajo a Velichco y a Guerendiain.<\/p>\n<p style=\"text-align: justify;\"><span style=\"color: #ffcc02;\"><strong>2) PE\u00d1AROL 4 Nacional 0<\/strong><\/span><strong><br \/>\n<\/strong><strong>Fecha:<\/strong>\u00a010 de Agosto 1985.<br \/>\n<strong>Jueces:<\/strong>\u00a0Cardellino, Risso y Aleksiunas.<br \/>\n<strong>Pe\u00f1arol:<\/strong> Alvez, Herrera, Rotti, Trasante, Rivero; Saralegui, Bossio, Zalazar, Walkir Silva (Vidal), Oddine (Hurtado) y R. Viera.<br \/>\n<strong>Nacional:<\/strong>\u00a0Sosa, Montelongo, Aguirregaray, Taborda, Opertti; Berrueta, Velazquez (Perdomo), De La Pe\u00f1a, Castagnero (Cabrera), Villarreal y Alzugaray (Noble).<\/p>\n<p style=\"text-align: justify;\"><strong>Goles:<\/strong>\u00a0Herrera, Oddine, Hurtado, Zalazar de penal (Pe\u00f1arol).<\/p>\n<div style=\"float: right; margin: 0 0 0 10px;\">[youtubegallery]<br \/>\nq9i7dDH4reQ<br \/>\n[\/youtubegallery]<\/div>\n<p style=\"text-align: justify;\"><span style=\"color: #ffcc02;\"><strong>3) PE\u00d1AROL 3 Nacional 2<\/strong><\/span><strong><br \/>\n<\/strong><strong>Fecha:<\/strong> 11 de Setiembre de 1985.<br \/>\n<strong>Jueces:<\/strong>\u00a0Filippi, Gonz\u00e1lez y Cardellino.<br \/>\n<strong>Pe\u00f1arol:<\/strong>\u00a0Alvez, Herrera, Rotti, Perdomo, Rivero, Da Silva, Bossio, Zalazar; W. Silva, Oddine (D. Rodr\u00edguez) y Hurtado (Viera).<br \/>\n<strong>Nacional:<\/strong>\u00a0Velichco, Montelongo, Aguirregaray, Barrios, Graniolatti, Berrueta, Ferrari, De La Pe\u00f1a, Alonso (Perdomo), Ferreira y Noble (Tolosa), (Villarreal).<\/p>\n<p style=\"text-align: justify;\"><strong>Goles:<\/strong>\u00a0Da Silva, Rotti y Viera (Pe\u00f1arol), Berrueta y Ferreira (Nacional)<\/p>\n<p style=\"text-align: justify;\"><strong>Expulsados:<\/strong>\u00a0Berrueta, R. Perdomo y Ferreira (Nacional), Herrera, J. Perdomo y Viera (Pe\u00f1arol)<\/p>\n<p style=\"text-align: justify;\"><span style=\"color: #ffcc02;\"><strong>4) PE\u00d1AROL 1 Nacional 0<\/strong><strong>\u00a0<\/strong><\/span><strong><br \/>\n<\/strong><strong>Fecha:<\/strong>\u00a030 de Octubre de 1985.<br \/>\n<strong>Jueces:<\/strong>\u00a0Da Rosa, Mu\u00f1oz y Bello.<br \/>\n<strong>Pe\u00f1arol:<\/strong>\u00a0Alvez, Dom\u00ednguez, Rotti, Herrera, Rivero, Ostolazza, Bossio; Zalazar, Alzamendi (Vidal), Jim\u00e9nez, W. Silva (G. Rodr\u00edguez).<br \/>\n<strong>Nacional:<\/strong>\u00a0Velichco, Montelongo, Barrios, Graniolatti, Pintos Saldanha, Tolosa ( Aguirregaray), Ferrari; Acosta (Perdomo), Berrueta, Villarreal y Olivera (Noble).<\/p>\n<p style=\"text-align: justify;\"><strong>Gol:<\/strong>\u00a0Julio C. Jim\u00e9nez (Pe\u00f1arol)<\/p>\n<p style=\"text-align: justify;\"><strong>Expulsados:<\/strong>\u00a0Montelongo (Nacional) y Rivero (Pe\u00f1arol)<\/p>\n<p style=\"text-align: justify;\"><span style=\"color: #ffcc02;\"><strong>5) PE\u00d1AROL 0 (3) Nacional 0 (5) <\/strong><\/span><strong><br \/>\n<\/strong><strong>Fecha:<\/strong>\u00a027 de Noviembre de 1985.<br \/>\n<strong>Jueces:<\/strong>\u00a0Nieves, Pi\u00f1eiro y Dom\u00ednguez.<br \/>\n<strong>Pe\u00f1arol:<\/strong>\u00a0Alvez, Dom\u00ednguez, Rotti, Herrera y Rivero, Da Silva, Perdomo; Cabanillas (R. Viera), Alzamendi, Oddine (Zalazar) y Hurtado.<br \/>\n<strong>Nacional:<\/strong>\u00a0Velichco, Montelongo, Barrios, Graniolatti, Pintos Saldanha, Acosta; Lancieri, Berrueta (Heimen), Castagnero, Hicks y Acosta (Olivera).<\/p>\n<p style=\"text-align: justify;\"><strong>Penales:<\/strong>\u00a0Barrios, Graniolatti, Acosta, Hicks y Heimen (Nacional),\u00a0Zalazar, Rivero, Herrera (Pe\u00f1arol) ,\u00a0Velichco ataja el penal de J. Perdomo<\/p>\n<p style=\"text-align: justify;\"><span style=\"color: #ffcc02;\"><strong>6) PE\u00d1AROL 2 Nacional 1<\/strong><\/span><strong><br \/>\n<\/strong><strong>Fecha:<\/strong>\u00a018 de Diciembre 1985.<br \/>\n<strong>Jueces:<\/strong>\u00a0Barreto, Iguini y Pe\u00f1a.<br \/>\n<strong>Pe\u00f1arol:<\/strong>\u00a0Alvez, Dom\u00ednguez, Herrera, Trasante, Rivero, Perdomo, Bossio;\u00a0Paz, W. Silva, Oddine (Da Silva) y Hurtado (R. Viera).<br \/>\n<strong>Nacional:<\/strong>\u00a0Velichco, Montelongo, Graniolatti, De Le\u00f3n, Pintos Saldanha, Acosta;T. G\u00f3mez, Berrueta, Castagnero (Mirandinha), Favaro (Guerendiain) y Olivera.<\/p>\n<p style=\"text-align: justify;\"><strong>Goles:<\/strong>\u00a0W. Silva y Paz (Pe\u00f1arol), Berrueta, de penal (Nacional).<\/p>\n<div id=\"attachment_10816\" style=\"width: 591px\" class=\"wp-caption aligncenter\"><a href=\"https:\/\/www.padreydecano.com\/cms\/wp-content\/uploads\/2011\/12\/plantel1985.png\" rel=\"shadowbox[sbpost-10120];player=img;\"><img loading=\"lazy\" decoding=\"async\" aria-describedby=\"caption-attachment-10816\" class=\"size-full wp-image-10816 \" src=\"https:\/\/www.padreydecano.com\/cms\/wp-content\/uploads\/2011\/12\/plantel1985.png\" alt=\"\" width=\"581\" height=\"387\" srcset=\"https:\/\/www.padreydecano.com\/cms\/wp-content\/uploads\/2011\/12\/plantel1985.png 922w, https:\/\/www.padreydecano.com\/cms\/wp-content\/uploads\/2011\/12\/plantel1985-300x199.png 300w\" sizes=\"(max-width: 581px) 100vw, 581px\" \/><\/a><p id=\"caption-attachment-10816\" class=\"wp-caption-text\">Pe\u00f1arol 4 &#8211; 0 Nacional, 10\/8\/1985. Fernando \u00c1lvez, Carlos Rotti, Miguel Bossio, Jos\u00e9 Herrera, Obdulio Trasante, Eliseo Rivero, Walkir Silva, Mario Saralegui, Daniel Oddine, Jos\u00e9 L. Salazar y Ricardo Viera<\/p><\/div>\n<p><span style=\"color: #ffcc00;\"><strong>Segunda edici\u00f3n (1986)<\/strong><\/span><\/p>\n<p style=\"text-align: justify;\">En el a\u00f1o 1986, los d\u00edas 19 de noviembre y 17 de diciembre, se jug\u00f3 la segunda Copa de Oro de los Grandes, la cual tambi\u00e9n gan\u00f3 Pe\u00f1arol. El resultado del primer encuentro fue 2 a 1 con tantos de \u00abCoquito\u00bb Rodr\u00edguez y Villar; y el segundo empate a 1 con gol de Gustavo Matosas.<\/p>\n<p style=\"text-align: justify;\"><strong> <span style=\"color: #ffcc02;\"> 7) PE\u00d1AROL 2 Nacional 1<\/span><\/strong><strong><br \/>\n<\/strong><strong>Fecha:<\/strong>\u00a019 de Noviembre de 1986.<br \/>\n<strong>Jueces:<\/strong>\u00a0Filippi, Iguini y M\u00e1rquez.<br \/>\n<strong>Pe\u00f1arol:<\/strong>\u00a0Pereira, Dom\u00ednguez, Russo, Trasante, M. Santos, Matosas, Goncalvez, R. Viera (Vidal), W. Silva (Villar), Gonz\u00e1lez y D. Rodr\u00edguez.<br \/>\n<strong>Nacional:<\/strong>\u00a0Alles, Pinto Saldanha, Torales, Ostolazza, Romero, Beninca, Lemos;Saavedra, Silvera, Artime (h) (Silva) y Olivera (Rinaldi).<\/p>\n<p style=\"text-align: justify;\"><strong>Goles:<\/strong>\u00a0\u201cCoquito\u201d Rodr\u00edguez y Villar (Pe\u00f1arol), Beninca (Nacional).<\/p>\n<p><span style=\"color: #ffcc00;\"><strong>8) PE\u00d1AROL 1 Nacional 1<\/strong><\/span><\/p>\n<p><strong>Fecha:<\/strong> Mi\u00e9rcoles 17 de Diciembre de 1986.<br \/>\n<strong>Jueces:<\/strong> J. Nieves, S. Feldman y P. Risso.<br \/>\n<strong>Pe\u00f1arol:<\/strong> E. Pereira , J. Gon\u00e7alves, O. Trasante, J. Herrera, M. Anzorena, A. Dom\u00ednguez (67&#8242; M. Santos), E. Vargas (55&#8242; J. Villar), G. Matosas, W. Aires, R. Viera y W. Silva. D.T: R. M\u00e1spoli.<br \/>\n<strong>Nacional:<\/strong> M. Alles, P. Barrios (Cap), H. Olivar, M. Hern\u00e1ndez, R. V. Castro (73&#8242; J. Pintos Saldanha), L. Romero, J. Yanes (46&#8242; E. C\u00f3ccaro), Y. Lemos (46&#8242; W. Oliver), J. C. De Lima, N. Saavedra y A. Noble. D.T: W. Roque.<br \/>\n<strong>Goles:<\/strong> Pedro Barrios (N) 21&#8242; y Gustavo Matosas (P) 77&#8242;.<\/p>\n<p>A diferencia de la primera edici\u00f3n, los empates no se defin\u00edan por penales. Al ganar el primer encuentro y empatar el segundo, Pe\u00f1arol se consagr\u00f3 bicampe\u00f3n de la Copa de Oro de los Grandes.<\/p>\n<div id=\"attachment_73955\" style=\"width: 460px\" class=\"wp-caption aligncenter\"><img loading=\"lazy\" decoding=\"async\" aria-describedby=\"caption-attachment-73955\" class=\"size-full wp-image-73955\" src=\"https:\/\/www.padreydecano.com\/cms\/wp-content\/uploads\/2020\/06\/1986.jpg\" alt=\"\" width=\"450\" height=\"439\" srcset=\"https:\/\/www.padreydecano.com\/cms\/wp-content\/uploads\/2020\/06\/1986.jpg 450w, https:\/\/www.padreydecano.com\/cms\/wp-content\/uploads\/2020\/06\/1986-36x36.jpg 36w\" sizes=\"(max-width: 450px) 100vw, 450px\" \/><p id=\"caption-attachment-73955\" class=\"wp-caption-text\">Matosas celebrando la conquista de la segunda Copa de Oro. Gracias a William Medina por la foto.<\/p><\/div>\n<p><strong>\u00bfPor qu\u00e9 ser\u00e1, que somos lo m\u00e1s grande que hay?<\/strong><\/p>\n<p style=\"text-align: justify;\">\n","protected":false},"excerpt":{"rendered":"<p>La Copa de Oro de los Grandes fue un torneo jugado mano a mano entre los dos grandes del Uruguay para saber cu\u00e1l era el m\u00e1s grande entre ellos. Se jugaron dos ediciones, en los a\u00f1os 1985 y 1986. El primer certamen se disput\u00f3 al mejor de 6 partidos, y el segundo al mejor de [&hellip;]<\/p>\n","protected":false},"author":2,"featured_media":0,"parent":5170,"menu_order":4,"comment_status":"open","ping_status":"open","template":"","meta":{"footnotes":""},"yoast_head":"<!-- This site is optimized with the Yoast SEO plugin v23.2 - https:\/\/yoast.com\/wordpress\/plugins\/seo\/ -->\n<title>Copa de Oro de los Grandes - Padre y Decano - El Sitio del Pueblo<\/title>\n<meta name=\"robots\" content=\"index, follow, max-snippet:-1, max-image-preview:large, max-video-preview:-1\" \/>\n<link rel=\"canonical\" href=\"https:\/\/www.padreydecano.com\/cms\/historias-clasicas\/copa-de-oro-de-los-grandes\/\" \/>\n<meta property=\"og:locale\" content=\"es_ES\" \/>\n<meta property=\"og:type\" content=\"article\" \/>\n<meta property=\"og:title\" content=\"Copa de Oro de los Grandes - Padre y Decano - El Sitio del Pueblo\" \/>\n<meta property=\"og:description\" content=\"La Copa de Oro de los Grandes fue un torneo jugado mano a mano entre los dos grandes del Uruguay para saber cu\u00e1l era el m\u00e1s grande entre ellos. Se jugaron dos ediciones, en los a\u00f1os 1985 y 1986. El primer certamen se disput\u00f3 al mejor de 6 partidos, y el segundo al mejor de [&hellip;]\" \/>\n<meta property=\"og:url\" content=\"https:\/\/www.padreydecano.com\/cms\/historias-clasicas\/copa-de-oro-de-los-grandes\/\" \/>\n<meta property=\"og:site_name\" content=\"Padre y Decano - El Sitio del Pueblo\" \/>\n<meta property=\"article:modified_time\" content=\"2020-06-05T02:27:59+00:00\" \/>\n<meta property=\"og:image\" content=\"http:\/\/www.padreydecano.com\/cms\/wp-content\/uploads\/2011\/12\/super8.jpg\" \/>\n<meta name=\"twitter:card\" content=\"summary_large_image\" \/>\n<meta name=\"twitter:label1\" content=\"Tiempo de lectura\" \/>\n\t<meta name=\"twitter:data1\" content=\"7 minutos\" \/>\n<script type=\"application\/ld+json\" class=\"yoast-schema-graph\">{\"@context\":\"https:\/\/schema.org\",\"@graph\":[{\"@type\":\"WebPage\",\"@id\":\"https:\/\/www.padreydecano.com\/cms\/historias-clasicas\/copa-de-oro-de-los-grandes\/\",\"url\":\"https:\/\/www.padreydecano.com\/cms\/historias-clasicas\/copa-de-oro-de-los-grandes\/\",\"name\":\"Copa de Oro de los Grandes - Padre y Decano - El Sitio del Pueblo\",\"isPartOf\":{\"@id\":\"https:\/\/www.padreydecano.com\/cms\/#website\"},\"primaryImageOfPage\":{\"@id\":\"https:\/\/www.padreydecano.com\/cms\/historias-clasicas\/copa-de-oro-de-los-grandes\/#primaryimage\"},\"image\":{\"@id\":\"https:\/\/www.padreydecano.com\/cms\/historias-clasicas\/copa-de-oro-de-los-grandes\/#primaryimage\"},\"thumbnailUrl\":\"http:\/\/www.padreydecano.com\/cms\/wp-content\/uploads\/2011\/12\/super8.jpg\",\"datePublished\":\"2011-12-04T03:35:09+00:00\",\"dateModified\":\"2020-06-05T02:27:59+00:00\",\"breadcrumb\":{\"@id\":\"https:\/\/www.padreydecano.com\/cms\/historias-clasicas\/copa-de-oro-de-los-grandes\/#breadcrumb\"},\"inLanguage\":\"es\",\"potentialAction\":[{\"@type\":\"ReadAction\",\"target\":[\"https:\/\/www.padreydecano.com\/cms\/historias-clasicas\/copa-de-oro-de-los-grandes\/\"]}]},{\"@type\":\"ImageObject\",\"inLanguage\":\"es\",\"@id\":\"https:\/\/www.padreydecano.com\/cms\/historias-clasicas\/copa-de-oro-de-los-grandes\/#primaryimage\",\"url\":\"http:\/\/www.padreydecano.com\/cms\/wp-content\/uploads\/2011\/12\/super8.jpg\",\"contentUrl\":\"http:\/\/www.padreydecano.com\/cms\/wp-content\/uploads\/2011\/12\/super8.jpg\"},{\"@type\":\"BreadcrumbList\",\"@id\":\"https:\/\/www.padreydecano.com\/cms\/historias-clasicas\/copa-de-oro-de-los-grandes\/#breadcrumb\",\"itemListElement\":[{\"@type\":\"ListItem\",\"position\":1,\"name\":\"Portada\",\"item\":\"https:\/\/www.padreydecano.com\/cms\/\"},{\"@type\":\"ListItem\",\"position\":2,\"name\":\"Historias Cl\u00e1sicas\",\"item\":\"https:\/\/www.padreydecano.com\/cms\/historias-clasicas\/\"},{\"@type\":\"ListItem\",\"position\":3,\"name\":\"Copa de Oro de los Grandes\"}]},{\"@type\":\"WebSite\",\"@id\":\"https:\/\/www.padreydecano.com\/cms\/#website\",\"url\":\"https:\/\/www.padreydecano.com\/cms\/\",\"name\":\"Padre y Decano - El Sitio del Pueblo\",\"description\":\"Club Atl\u00e9tico Pe\u00f1arol\",\"publisher\":{\"@id\":\"https:\/\/www.padreydecano.com\/cms\/#organization\"},\"potentialAction\":[{\"@type\":\"SearchAction\",\"target\":{\"@type\":\"EntryPoint\",\"urlTemplate\":\"https:\/\/www.padreydecano.com\/cms\/?s={search_term_string}\"},\"query-input\":\"required name=search_term_string\"}],\"inLanguage\":\"es\"},{\"@type\":\"Organization\",\"@id\":\"https:\/\/www.padreydecano.com\/cms\/#organization\",\"name\":\"Padre y Decano\",\"url\":\"https:\/\/www.padreydecano.com\/cms\/\",\"logo\":{\"@type\":\"ImageObject\",\"inLanguage\":\"es\",\"@id\":\"https:\/\/www.padreydecano.com\/cms\/#\/schema\/logo\/image\/\",\"url\":\"https:\/\/www.padreydecano.com\/cms\/wp-content\/uploads\/2022\/01\/avatar-square.png\",\"contentUrl\":\"https:\/\/www.padreydecano.com\/cms\/wp-content\/uploads\/2022\/01\/avatar-square.png\",\"width\":1500,\"height\":1500,\"caption\":\"Padre y Decano\"},\"image\":{\"@id\":\"https:\/\/www.padreydecano.com\/cms\/#\/schema\/logo\/image\/\"}}]}<\/script>\n<!-- \/ Yoast SEO plugin. -->","yoast_head_json":{"title":"Copa de Oro de los Grandes - Padre y Decano - El Sitio del Pueblo","robots":{"index":"index","follow":"follow","max-snippet":"max-snippet:-1","max-image-preview":"max-image-preview:large","max-video-preview":"max-video-preview:-1"},"canonical":"https:\/\/www.padreydecano.com\/cms\/historias-clasicas\/copa-de-oro-de-los-grandes\/","og_locale":"es_ES","og_type":"article","og_title":"Copa de Oro de los Grandes - Padre y Decano - El Sitio del Pueblo","og_description":"La Copa de Oro de los Grandes fue un torneo jugado mano a mano entre los dos grandes del Uruguay para saber cu\u00e1l era el m\u00e1s grande entre ellos. Se jugaron dos ediciones, en los a\u00f1os 1985 y 1986. El primer certamen se disput\u00f3 al mejor de 6 partidos, y el segundo al mejor de [&hellip;]","og_url":"https:\/\/www.padreydecano.com\/cms\/historias-clasicas\/copa-de-oro-de-los-grandes\/","og_site_name":"Padre y Decano - El Sitio del Pueblo","article_modified_time":"2020-06-05T02:27:59+00:00","og_image":[{"url":"http:\/\/www.padreydecano.com\/cms\/wp-content\/uploads\/2011\/12\/super8.jpg"}],"twitter_card":"summary_large_image","twitter_misc":{"Tiempo de lectura":"7 minutos"},"schema":{"@context":"https:\/\/schema.org","@graph":[{"@type":"WebPage","@id":"https:\/\/www.padreydecano.com\/cms\/historias-clasicas\/copa-de-oro-de-los-grandes\/","url":"https:\/\/www.padreydecano.com\/cms\/historias-clasicas\/copa-de-oro-de-los-grandes\/","name":"Copa de Oro de los Grandes - Padre y Decano - El Sitio del Pueblo","isPartOf":{"@id":"https:\/\/www.padreydecano.com\/cms\/#website"},"primaryImageOfPage":{"@id":"https:\/\/www.padreydecano.com\/cms\/historias-clasicas\/copa-de-oro-de-los-grandes\/#primaryimage"},"image":{"@id":"https:\/\/www.padreydecano.com\/cms\/historias-clasicas\/copa-de-oro-de-los-grandes\/#primaryimage"},"thumbnailUrl":"http:\/\/www.padreydecano.com\/cms\/wp-content\/uploads\/2011\/12\/super8.jpg","datePublished":"2011-12-04T03:35:09+00:00","dateModified":"2020-06-05T02:27:59+00:00","breadcrumb":{"@id":"https:\/\/www.padreydecano.com\/cms\/historias-clasicas\/copa-de-oro-de-los-grandes\/#breadcrumb"},"inLanguage":"es","potentialAction":[{"@type":"ReadAction","target":["https:\/\/www.padreydecano.com\/cms\/historias-clasicas\/copa-de-oro-de-los-grandes\/"]}]},{"@type":"ImageObject","inLanguage":"es","@id":"https:\/\/www.padreydecano.com\/cms\/historias-clasicas\/copa-de-oro-de-los-grandes\/#primaryimage","url":"http:\/\/www.padreydecano.com\/cms\/wp-content\/uploads\/2011\/12\/super8.jpg","contentUrl":"http:\/\/www.padreydecano.com\/cms\/wp-content\/uploads\/2011\/12\/super8.jpg"},{"@type":"BreadcrumbList","@id":"https:\/\/www.padreydecano.com\/cms\/historias-clasicas\/copa-de-oro-de-los-grandes\/#breadcrumb","itemListElement":[{"@type":"ListItem","position":1,"name":"Portada","item":"https:\/\/www.padreydecano.com\/cms\/"},{"@type":"ListItem","position":2,"name":"Historias Cl\u00e1sicas","item":"https:\/\/www.padreydecano.com\/cms\/historias-clasicas\/"},{"@type":"ListItem","position":3,"name":"Copa de Oro de los Grandes"}]},{"@type":"WebSite","@id":"https:\/\/www.padreydecano.com\/cms\/#website","url":"https:\/\/www.padreydecano.com\/cms\/","name":"Padre y Decano - El Sitio del Pueblo","description":"Club Atl\u00e9tico Pe\u00f1arol","publisher":{"@id":"https:\/\/www.padreydecano.com\/cms\/#organization"},"potentialAction":[{"@type":"SearchAction","target":{"@type":"EntryPoint","urlTemplate":"https:\/\/www.padreydecano.com\/cms\/?s={search_term_string}"},"query-input":"required name=search_term_string"}],"inLanguage":"es"},{"@type":"Organization","@id":"https:\/\/www.padreydecano.com\/cms\/#organization","name":"Padre y Decano","url":"https:\/\/www.padreydecano.com\/cms\/","logo":{"@type":"ImageObject","inLanguage":"es","@id":"https:\/\/www.padreydecano.com\/cms\/#\/schema\/logo\/image\/","url":"https:\/\/www.padreydecano.com\/cms\/wp-content\/uploads\/2022\/01\/avatar-square.png","contentUrl":"https:\/\/www.padreydecano.com\/cms\/wp-content\/uploads\/2022\/01\/avatar-square.png","width":1500,"height":1500,"caption":"Padre y Decano"},"image":{"@id":"https:\/\/www.padreydecano.com\/cms\/#\/schema\/logo\/image\/"}}]}},"_links":{"self":[{"href":"https:\/\/www.padreydecano.com\/cms\/wp-json\/wp\/v2\/pages\/10120"}],"collection":[{"href":"https:\/\/www.padreydecano.com\/cms\/wp-json\/wp\/v2\/pages"}],"about":[{"href":"https:\/\/www.padreydecano.com\/cms\/wp-json\/wp\/v2\/types\/page"}],"author":[{"embeddable":true,"href":"https:\/\/www.padreydecano.com\/cms\/wp-json\/wp\/v2\/users\/2"}],"replies":[{"embeddable":true,"href":"https:\/\/www.padreydecano.com\/cms\/wp-json\/wp\/v2\/comments?post=10120"}],"version-history":[{"count":0,"href":"https:\/\/www.padreydecano.com\/cms\/wp-json\/wp\/v2\/pages\/10120\/revisions"}],"up":[{"embeddable":true,"href":"https:\/\/www.padreydecano.com\/cms\/wp-json\/wp\/v2\/pages\/5170"}],"wp:attachment":[{"href":"https:\/\/www.padreydecano.com\/cms\/wp-json\/wp\/v2\/media?parent=10120"}],"curies":[{"name":"wp","href":"https:\/\/api.w.org\/{rel}","templated":true}]}}